{"id":1021,"date":"2020-01-21T07:38:32","date_gmt":"2020-01-21T05:38:32","guid":{"rendered":"https:\/\/popjazz.fi\/PJKits\/basso\/?page_id=1021"},"modified":"2021-11-29T15:48:52","modified_gmt":"2021-11-29T13:48:52","slug":"tahtilajit-3-8-6-8-9-8-12-8","status":"publish","type":"page","link":"https:\/\/popjazz.fi\/PJKits\/basso\/basso-oppimistavoitevideot\/rytmi-ja-muotorakenteet\/tahtilajit-3-8-6-8-9-8-12-8\/","title":{"rendered":"Tahtilajit 3\/8, 6\/8 (6\/4), 9\/8 (9\/4), 12\/8"},"content":{"rendered":"<p><\/p>\n<p><!--StartFragment--><\/p>\n<p><!--StartFragment--><\/p>\n<p><!--StartFragment--><\/p>\n\n\n<p>Tahti on jaettu tahtilajiosoituksen mukaiseen m\u00e4\u00e4r\u00e4\u00e4n iskuja.<\/p>\n\n\n\n<p>Perinteisin iskun mitta on nelj\u00e4sosanuotti, mutta isku voi olla my\u00f6s tihe\u00e4mpi. Tahtilajimerkinn\u00f6iss\u00e4 3\/8, 6\/8 (6\/4), 9\/8 (9\/4) ja 12\/8  j\u00e4lkimm\u00e4inen luku ilmoittaa, ett\u00e4 tahdin iskuala on kahdeksasosan mittainen, ja tahtiin mahtuu tahtilajimerkinn\u00e4n ensimm\u00e4isen luvun ilmoittama m\u00e4\u00e4r\u00e4 kahdeksasosia. <\/p>\n\n\n\n<p>Kyseisiss\u00e4 tahtilajimerkinn\u00f6iss\u00e4 kahdeksasosanuotti on siis yhden iskun mittainen nuotti. Jokaiselle nuotille on olemassa my\u00f6s saman mittainen tauko, eli aika jolloin nuotin tilalla on saman mittainen hiljaisuus<\/p>\n\n\n\n<h4 class=\"wp-block-heading\">Video<\/h4>\n\n\n\n<figure class=\"wp-block-embed-vimeo wp-block-embed is-type-video is-provider-vimeo wp-embed-aspect-16-9 wp-has-aspect-ratio\"><div class=\"wp-block-embed__wrapper\">\n<iframe loading=\"lazy\" src=\"https:\/\/player.vimeo.com\/video\/521790142?dnt=1&amp;app_id=122963\" width=\"840\" height=\"473\" frameborder=\"0\" allow=\"autoplay; fullscreen; picture-in-picture\" allowfullscreen><\/iframe>\n<\/div><figcaption>Tahtilajit: 3\/8, 6\/8, 9\/8 ja 12\/8<\/figcaption><\/figure>\n\n\n\n<figure class=\"wp-block-image size-large\"><img loading=\"lazy\" decoding=\"async\" width=\"1024\" height=\"809\" src=\"https:\/\/popjazz.fi\/PJKits\/basso\/wp-content\/uploads\/sites\/4\/2021\/03\/3-6-9-12_8-osat-1-1024x809.png\" alt=\"\" class=\"wp-image-3056\" srcset=\"https:\/\/popjazz.fi\/PJKits\/basso\/wp-content\/uploads\/sites\/4\/2021\/03\/3-6-9-12_8-osat-1-1024x809.png 1024w, https:\/\/popjazz.fi\/PJKits\/basso\/wp-content\/uploads\/sites\/4\/2021\/03\/3-6-9-12_8-osat-1-300x237.png 300w, https:\/\/popjazz.fi\/PJKits\/basso\/wp-content\/uploads\/sites\/4\/2021\/03\/3-6-9-12_8-osat-1-150x119.png 150w, https:\/\/popjazz.fi\/PJKits\/basso\/wp-content\/uploads\/sites\/4\/2021\/03\/3-6-9-12_8-osat-1-768x607.png 768w, https:\/\/popjazz.fi\/PJKits\/basso\/wp-content\/uploads\/sites\/4\/2021\/03\/3-6-9-12_8-osat-1-1536x1214.png 1536w, https:\/\/popjazz.fi\/PJKits\/basso\/wp-content\/uploads\/sites\/4\/2021\/03\/3-6-9-12_8-osat-1-2048x1619.png 2048w, https:\/\/popjazz.fi\/PJKits\/basso\/wp-content\/uploads\/sites\/4\/2021\/03\/3-6-9-12_8-osat-1-1200x949.png 1200w\" sizes=\"auto, (max-width: 709px) 85vw, (max-width: 909px) 67vw, (max-width: 1362px) 62vw, 840px\" \/><\/figure>\n\n\n\n<hr class=\"wp-block-separator\"\/>\n\n\n\n<p class=\"has-medium-font-size\">Katso my\u00f6s:<\/p>\n\n\n<style><\/style><div class=\"wplp_outside wplp_widget_1886\" style=\"max-width:100%;\"><span class=\"wpcu_block_title\">Tahtilajit 3-8, 6-8, 9-8, 12-8<\/span><div id=\"wplp_widget_1886\" class=\"wplp_widget_default wplp_container vertical swiper wplp-swiper default cols3\" data-theme=\"default\" data-post=\"1886\" style=\"\" data-max-elts=\"4\" data-per-page=\"10\"><div class=\"wplp_listposts swiper-wrapper\" id=\"default_1886\" style=\"width: 100%;\" ><div class=\"swiper-slide\" style=\"\"><div class=\"insideframe\"><div id=\"wplp_box_top_1886_1023\" class=\"wpcu-front-box top equalHeightImg\" ><div class=\"wplp-box-item\"><a href=\"https:\/\/popjazz.fi\/PJKits\/basso\/basso-oppimistavoitevideot\/rytmi-ja-muotorakenteet\/tahtilajit-5-4-7-4\/\"  class=\"thumbnail\"><span class=\"img_cropper\" style=\"width:150px;height:150px;margin-right:4px;margin-bottom:4px;max-width:100%;\"><img decoding=\"async\" src=\"https:\/\/popjazz.fi\/PJKits\/basso\/wp-content\/uploads\/sites\/4\/2020\/02\/bs_ic_material_product_icon_192pxxxhdpi-150x150.png\" style=\"position: absolute;top: 50%;margin-top: -75px;aspect-ratio:4\/3;\" srcset=\"\" alt=\"Tahtilajit 5\/4, 7\/4\" class=\"wplp_thumb\" \/><\/span><\/a><a href=\"https:\/\/popjazz.fi\/PJKits\/basso\/basso-oppimistavoitevideot\/rytmi-ja-muotorakenteet\/tahtilajit-5-4-7-4\/\"  class=\"title\">Tahtilajit 5\/4, 7\/4<\/a><\/div><\/div><div id=\"wplp_box_left_1886_1023\" class=\"wpcu-front-box left wpcu-custom-position\" ><div class=\"wplp-box-item\"><\/div><\/div><div id=\"wplp_box_right_1886_1023\" class=\"wpcu-front-box right wpcu-custom-position\" ><div class=\"wplp-box-item\"><\/div><\/div><div id=\"wplp_box_bottom_1886_1023\" class=\"wpcu-front-box bottom \" ><div class=\"wplp-box-item\"><span class=\"date\">21.1.2020<\/span><span class=\"text\"><span style=\"max-height:2.8em\" class=\"line_limit\">Tahti on jaettu tahtilajiosoituksen mukaiseen m\u00e4\u00e4r\u00e4\u00e4n iskuja, joille puolestaan on m\u00e4\u00e4ritelty tempo, eli nopeus\n\n\n\nTahtilajimerkinn\u00e4ss\u00e4 j\u00e4lkimm\u00e4inen luku ilmoittaa iskum\u00e4\u00e4reen\u00e4 k\u00e4ytett\u00e4v\u00e4n nuottiarvon. Ensimm\u00e4inen luku ilmoittaa kuinka monta iskua yhdess\u00e4 tahdissa on. \n\n\n\nYleisimm\u00e4t tahtilajit ovat 4\/4 ja 3\/4. Molemmissa tahtilajeissa iskuna k\u00e4ytett\u00e4\u00e4n nelj\u00e4sosanuottia joita on tahtilajiosoituksen ensimm\u00e4isen numeron mukainen m\u00e4\u00e4r\u00e4 per tahti. \n\n\n\nTahdissa voi olla my\u00f6s parittomia m\u00e4\u00e4ri\u00e4 iskuja ja iskun mitta voi olla my\u00f6s muu kuin nelj\u00e4sosanuotti. L\u00e4nsimaisessa populaarimusiikissa n\u00e4it\u00e4 kutsutaan mm. poikkeustahtilajeiksi tai sekatahtilajeiksi. Kyseiset tahtilajit ovat kuitenkin yleisi\u00e4 esimerkiksi arabialaisessa musiikissa.\n\n\n\nVideo\n\n\n\n\n\n\n\n\n\n\n\nKatso my\u00f6s:<\/span><span style=\"margin-left:3px; max-height:2.8em\" class=\"line_limit\"> [...]<\/span><\/span><span class=\"custom_fields\">\n<!-- WPLP Unknown field: Custom_Fields -->\n<\/span><\/div><\/div><\/div><\/div><div class=\"swiper-slide\" style=\"\"><div class=\"insideframe\"><div id=\"wplp_box_top_1886_1017\" class=\"wpcu-front-box top equalHeightImg\" ><div class=\"wplp-box-item\"><a href=\"https:\/\/popjazz.fi\/PJKits\/basso\/basso-oppimistavoitevideot\/rytmi-ja-muotorakenteet\/tahtilajit-2-4\/\"  class=\"thumbnail\"><span class=\"img_cropper\" style=\"width:150px;height:150px;margin-right:4px;margin-bottom:4px;max-width:100%;\"><img decoding=\"async\" src=\"https:\/\/popjazz.fi\/PJKits\/basso\/wp-content\/uploads\/sites\/4\/2020\/02\/bs_ic_material_product_icon_192pxxxhdpi-150x150.png\" style=\"position: absolute;top: 50%;margin-top: -75px;aspect-ratio:4\/3;\" srcset=\"\" alt=\"Tahtilajit 2\/4 (2\/2)\" class=\"wplp_thumb\" \/><\/span><\/a><a href=\"https:\/\/popjazz.fi\/PJKits\/basso\/basso-oppimistavoitevideot\/rytmi-ja-muotorakenteet\/tahtilajit-2-4\/\"  class=\"title\">Tahtilajit 2\/4 (2\/2)<\/a><\/div><\/div><div id=\"wplp_box_left_1886_1017\" class=\"wpcu-front-box left wpcu-custom-position\" ><div class=\"wplp-box-item\"><\/div><\/div><div id=\"wplp_box_right_1886_1017\" class=\"wpcu-front-box right wpcu-custom-position\" ><div class=\"wplp-box-item\"><\/div><\/div><div id=\"wplp_box_bottom_1886_1017\" class=\"wpcu-front-box bottom \" ><div class=\"wplp-box-item\"><span class=\"date\">21.1.2020<\/span><span class=\"text\"><span style=\"max-height:2.8em\" class=\"line_limit\">Tahti on jaettu tahtilajiosoituksen mukaiseen m\u00e4\u00e4r\u00e4\u00e4n iskuja.\n\n\n\nNelj\u00e4sosanuotti on yhden iskun mittainen nuotti. Jokaiselle nuotille on olemassa my\u00f6s saman mittainen tauko, eli aika jolloin nuotin tilalla on saman mittainen hiljaisuus.  2\/4 osa tahtilajissa kulkevan kappaleen jokaisessa tahdissa l\u00f6ytyy siis 2 kappaletta iskuja. \n\n\n\nKappaleen tyylilajista ja temposta riippuen Iskun mitta voi olla my\u00f6s puolinuotti. 2\/2 tahtilajissa kulkevassa kappaleessa jokaisessa tahdissa l\u00f6ytyy my\u00f6s 2 kappaletta iskuja, yhden iskun mitan ollessa puolinuotti. \n\n\n\n2\/2 tahtilajimerkinn\u00e4st\u00e4 k\u00e4ytet\u00e4\u00e4n usein my\u00f6s nimityst\u00e4 alla breve (puolinuotein). 2\/2-tahtilajissa tahti koostuu kahdesta puolinuotin mittaisesta iskusta, mutta  tahti kirjoitetaan nelj\u00e4n nelj\u00e4sosanuotti -sykkeell\u00e4. \n\n\n\nAlla breve tahtilajia 2\/2 k\u00e4ytet\u00e4\u00e4n yleisesti esimerkiksi latinalaisamerikkalaisen musiikin nuottimerkinn\u00f6iss\u00e4, sek\u00e4 vanhemmassa musiikissa. \n\n\n\nJokainen tahdin sis\u00e4ll\u00e4 oleva isku voidaan jakaa my\u00f6s pienempiin aika-arvoihin (8-osa, 16-osa jne.), tai iskuja voidaan liitt\u00e4\u00e4 yhteen (puolinuotti, kokonuotti jne.).\n\n\n\nVideo\n\n\n\n\n\n2\/4-tahtilaji\n\n\n\n\n\n\n\n\n\n\n\nKatso my\u00f6s:<\/span><span style=\"margin-left:3px; max-height:2.8em\" class=\"line_limit\"> [...]<\/span><\/span><span class=\"custom_fields\">\n<!-- WPLP Unknown field: Custom_Fields -->\n<\/span><\/div><\/div><\/div><\/div><div class=\"swiper-slide\" style=\"\"><div class=\"insideframe\"><div id=\"wplp_box_top_1886_1015\" class=\"wpcu-front-box top equalHeightImg\" ><div class=\"wplp-box-item\"><a href=\"https:\/\/popjazz.fi\/PJKits\/basso\/basso-oppimistavoitevideot\/rytmi-ja-muotorakenteet\/tahtilajit-3-4\/\"  class=\"thumbnail\"><span class=\"img_cropper\" style=\"width:150px;height:150px;margin-right:4px;margin-bottom:4px;max-width:100%;\"><img decoding=\"async\" src=\"https:\/\/popjazz.fi\/PJKits\/basso\/wp-content\/uploads\/sites\/4\/2020\/02\/bs_ic_material_product_icon_192pxxxhdpi-150x150.png\" style=\"position: absolute;top: 50%;margin-top: -75px;aspect-ratio:4\/3;\" srcset=\"\" alt=\"Tahtilajit 3\/4 (3\/2)\" class=\"wplp_thumb\" \/><\/span><\/a><a href=\"https:\/\/popjazz.fi\/PJKits\/basso\/basso-oppimistavoitevideot\/rytmi-ja-muotorakenteet\/tahtilajit-3-4\/\"  class=\"title\">Tahtilajit 3\/4 (3\/2)<\/a><\/div><\/div><div id=\"wplp_box_left_1886_1015\" class=\"wpcu-front-box left wpcu-custom-position\" ><div class=\"wplp-box-item\"><\/div><\/div><div id=\"wplp_box_right_1886_1015\" class=\"wpcu-front-box right wpcu-custom-position\" ><div class=\"wplp-box-item\"><\/div><\/div><div id=\"wplp_box_bottom_1886_1015\" class=\"wpcu-front-box bottom \" ><div class=\"wplp-box-item\"><span class=\"date\">21.1.2020<\/span><span class=\"text\"><span style=\"max-height:2.8em\" class=\"line_limit\">Tahti on jaettu tahtilajiosoituksen mukaiseen m\u00e4\u00e4r\u00e4\u00e4n iskuja.\n\n\n\nNelj\u00e4sosanuotti on yhden iskun mittainen nuotti. Jokaiselle nuotille on olemassa my\u00f6s saman mittainen tauko, eli aika jolloin nuotin tilalla on saman mittainen hiljaisuus.  3\/4  tahtilajissa kulkevan kappaleen jokaisessa tahdissa l\u00f6ytyy siis 3 kappaletta iskuja. \n\n\n\nKappaleen tyylilajista ja temposta riippuen Iskun mitta voi olla my\u00f6s puolinuotti. 3\/2 tahtilajissa kulkevassa kappaleessa jokaisessa tahdissa l\u00f6ytyy my\u00f6s 3 kappaletta iskuja, yhden iskun mitan ollessa puolinuotti. K\u00e4yt\u00e4nn\u00f6ss\u00e4 3\/4 ja 3\/2 voidaan tulkita olevan sama asia, jossa erona on kappaleen tyylilajiin ja tempoon liittyv\u00e4t painotukset.\n\n\n\nJokainen tahdin sis\u00e4ll\u00e4 oleva isku voidaan jakaa my\u00f6s pienempiin aika-arvoihin (8-osa, 16-osa jne.), tai iskuja voidaan liitt\u00e4\u00e4 yhteen (puolinuotti, kokonuotti jne.).\n\n\n\nVideo\n\n\n\n\n\n3\/4-tahtilaji\n\n\n\n\n\n\n\n\n\n\n\nKatso my\u00f6s:<\/span><span style=\"margin-left:3px; max-height:2.8em\" class=\"line_limit\"> [...]<\/span><\/span><span class=\"custom_fields\">\n<!-- WPLP Unknown field: Custom_Fields -->\n<\/span><\/div><\/div><\/div><\/div><div class=\"swiper-slide\" style=\"\"><div class=\"insideframe\"><div id=\"wplp_box_top_1886_1013\" class=\"wpcu-front-box top equalHeightImg\" ><div class=\"wplp-box-item\"><a href=\"https:\/\/popjazz.fi\/PJKits\/basso\/basso-oppimistavoitevideot\/rytmi-ja-muotorakenteet\/tahtilajit-4-4\/\"  class=\"thumbnail\"><span class=\"img_cropper\" style=\"width:150px;height:150px;margin-right:4px;margin-bottom:4px;max-width:100%;\"><img decoding=\"async\" src=\"https:\/\/popjazz.fi\/PJKits\/basso\/wp-content\/uploads\/sites\/4\/2020\/02\/bs_ic_material_product_icon_192pxxxhdpi-150x150.png\" style=\"position: absolute;top: 50%;margin-top: -75px;aspect-ratio:4\/3;\" srcset=\"\" alt=\"Tahtilajit 4\/4\" class=\"wplp_thumb\" \/><\/span><\/a><a href=\"https:\/\/popjazz.fi\/PJKits\/basso\/basso-oppimistavoitevideot\/rytmi-ja-muotorakenteet\/tahtilajit-4-4\/\"  class=\"title\">Tahtilajit 4\/4<\/a><\/div><\/div><div id=\"wplp_box_left_1886_1013\" class=\"wpcu-front-box left wpcu-custom-position\" ><div class=\"wplp-box-item\"><\/div><\/div><div id=\"wplp_box_right_1886_1013\" class=\"wpcu-front-box right wpcu-custom-position\" ><div class=\"wplp-box-item\"><\/div><\/div><div id=\"wplp_box_bottom_1886_1013\" class=\"wpcu-front-box bottom \" ><div class=\"wplp-box-item\"><span class=\"date\">21.1.2020<\/span><span class=\"text\"><span style=\"max-height:2.8em\" class=\"line_limit\">Tahti on jaettu tahtilajiosoituksen mukaiseen m\u00e4\u00e4r\u00e4\u00e4n iskuja \n\n\n\nNelj\u00e4sosanuotti on yhden iskun mittainen nuotti. Jokaiselle nuotille on olemassa my\u00f6s saman mittainen tauko, eli aika jolloin nuotin tilalla on saman mittainen hiljaisuus.  4\/4 osa tahtilajissa kulkevan kappaleen jokaisessa tahdissa l\u00f6ytyy siis 4 kappaletta iskuja. \n\n\n\nJokainen tahdin sis\u00e4ll\u00e4 oleva isku voidaan jakaa my\u00f6s pienempiin aika-arvoihin (8-osa, 16-osa jne.), tai iskuja voidaan liitt\u00e4\u00e4 yhteen (puolinuotti, kokonuotti jne.).\n\n\n\nVideo\n\n\n\n\n\n4\/4-tahtilaji\n\n\n\n\n\n\n\n\n\n\n\nKatso my\u00f6s:<\/span><span style=\"margin-left:3px; max-height:2.8em\" class=\"line_limit\"> [...]<\/span><\/span><span class=\"custom_fields\">\n<!-- WPLP Unknown field: Custom_Fields -->\n<\/span><\/div><\/div><\/div><\/div><\/div><div class=\"swiper-button-next\"><\/div><div class=\"swiper-button-prev\"><\/div><div class=\"swiper-pagination\"><\/div><\/div><\/div>\n","protected":false},"excerpt":{"rendered":"<p>Tahti on jaettu tahtilajiosoituksen mukaiseen m\u00e4\u00e4r\u00e4\u00e4n iskuja. Perinteisin iskun mitta on nelj\u00e4sosanuotti, mutta isku voi olla my\u00f6s tihe\u00e4mpi. Tahtilajimerkinn\u00f6iss\u00e4 3\/8, 6\/8 (6\/4), 9\/8 (9\/4) ja 12\/8 j\u00e4lkimm\u00e4inen luku ilmoittaa, ett\u00e4 tahdin iskuala on kahdeksasosan mittainen, ja tahtiin mahtuu tahtilajimerkinn\u00e4n ensimm\u00e4isen luvun ilmoittama m\u00e4\u00e4r\u00e4 kahdeksasosia. Kyseisiss\u00e4 tahtilajimerkinn\u00f6iss\u00e4 kahdeksasosanuotti on siis yhden iskun mittainen nuotti. Jokaiselle nuotille &hellip; <a href=\"https:\/\/popjazz.fi\/PJKits\/basso\/basso-oppimistavoitevideot\/rytmi-ja-muotorakenteet\/tahtilajit-4-4\/\" class=\"more-link\">Jatka lukemista<span class=\"screen-reader-text\"> &#8221;Tahtilajit 4\/4&#8221;<\/span><\/a><\/p>\n","protected":false},"author":1,"featured_media":1282,"parent":55,"menu_order":9,"comment_status":"closed","ping_status":"closed","template":"","meta":{"footnotes":""},"tags":[],"class_list":["post-1021","page","type-page","status-publish","has-post-thumbnail","hentry"],"_links":{"self":[{"href":"https:\/\/popjazz.fi\/PJKits\/basso\/wp-json\/wp\/v2\/pages\/1021","targetHints":{"allow":["GET"]}}],"collection":[{"href":"https:\/\/popjazz.fi\/PJKits\/basso\/wp-json\/wp\/v2\/pages"}],"about":[{"href":"https:\/\/popjazz.fi\/PJKits\/basso\/wp-json\/wp\/v2\/types\/page"}],"author":[{"embeddable":true,"href":"https:\/\/popjazz.fi\/PJKits\/basso\/wp-json\/wp\/v2\/users\/1"}],"replies":[{"embeddable":true,"href":"https:\/\/popjazz.fi\/PJKits\/basso\/wp-json\/wp\/v2\/comments?post=1021"}],"version-history":[{"count":11,"href":"https:\/\/popjazz.fi\/PJKits\/basso\/wp-json\/wp\/v2\/pages\/1021\/revisions"}],"predecessor-version":[{"id":3465,"href":"https:\/\/popjazz.fi\/PJKits\/basso\/wp-json\/wp\/v2\/pages\/1021\/revisions\/3465"}],"up":[{"embeddable":true,"href":"https:\/\/popjazz.fi\/PJKits\/basso\/wp-json\/wp\/v2\/pages\/55"}],"wp:featuredmedia":[{"embeddable":true,"href":"https:\/\/popjazz.fi\/PJKits\/basso\/wp-json\/wp\/v2\/media\/1282"}],"wp:attachment":[{"href":"https:\/\/popjazz.fi\/PJKits\/basso\/wp-json\/wp\/v2\/media?parent=1021"}],"wp:term":[{"taxonomy":"post_tag","embeddable":true,"href":"https:\/\/popjazz.fi\/PJKits\/basso\/wp-json\/wp\/v2\/tags?post=1021"}],"curies":[{"name":"wp","href":"https:\/\/api.w.org\/{rel}","templated":true}]}}