{"id":1025,"date":"2020-01-21T07:39:17","date_gmt":"2020-01-21T05:39:17","guid":{"rendered":"https:\/\/popjazz.fi\/PJKits\/basso\/?page_id=1025"},"modified":"2021-03-10T13:01:19","modified_gmt":"2021-03-10T11:01:19","slug":"kuudestoistaosanuotti-ja-tauko","status":"publish","type":"page","link":"https:\/\/popjazz.fi\/PJKits\/basso\/basso-oppimistavoitevideot\/rytmi-ja-muotorakenteet\/kuudestoistaosanuotti-ja-tauko\/","title":{"rendered":"Kuudestoistaosanuotti ja -tauko"},"content":{"rendered":"\n<p>Tahti on jaettu tahtilajiosoituksen mukaiseen m\u00e4\u00e4r\u00e4\u00e4n iskuja, joille puolestaan on m\u00e4\u00e4ritelty tempo, eli nopeus. Esimerkiksi 4\/4 tempoon 100 tarkoittaa, ett\u00e4 yhteen tahtiin mahtuu 4 kappaletta nelj\u00e4sosanuotteja tempoon 100 (100 iskua per minutti)<\/p>\n\n\n\n<p>Kuudestoistaosanuotin ja tauon kesto on nelj\u00e4sosa nelj\u00e4sosanuotista. Yhteen nelj\u00e4sosaan mahtuu siis 4 kappalette 16 -osanuottia. Tahtilajin ollessa 4\/4 tahtiin mahtuu 16\u00a0 kappaletta 16 -osanuotti ja taukoja.<\/p>\n\n\n\n<div class=\"wp-block-image\"><figure class=\"aligncenter size-large is-resized\"><img loading=\"lazy\" decoding=\"async\" src=\"https:\/\/popjazz.fi\/PJKits\/basso\/wp-content\/uploads\/sites\/4\/2021\/03\/1-16-nuot-tauko.png\" alt=\"\" class=\"wp-image-2825\" width=\"141\" height=\"166\" srcset=\"https:\/\/popjazz.fi\/PJKits\/basso\/wp-content\/uploads\/sites\/4\/2021\/03\/1-16-nuot-tauko.png 800w, https:\/\/popjazz.fi\/PJKits\/basso\/wp-content\/uploads\/sites\/4\/2021\/03\/1-16-nuot-tauko-255x300.png 255w, https:\/\/popjazz.fi\/PJKits\/basso\/wp-content\/uploads\/sites\/4\/2021\/03\/1-16-nuot-tauko-127x150.png 127w, https:\/\/popjazz.fi\/PJKits\/basso\/wp-content\/uploads\/sites\/4\/2021\/03\/1-16-nuot-tauko-768x905.png 768w\" sizes=\"auto, (max-width: 141px) 85vw, 141px\" \/><figcaption>1\/16-nuotti ja 1\/16-tauko<\/figcaption><\/figure><\/div>\n\n\n\n<p><\/p>\n\n\n\n<h4 class=\"wp-block-heading\">Video<\/h4>\n\n\n\n<figure class=\"wp-block-embed-vimeo wp-block-embed is-type-video is-provider-vimeo wp-embed-aspect-16-9 wp-has-aspect-ratio\"><div class=\"wp-block-embed__wrapper\">\n<iframe loading=\"lazy\" src=\"https:\/\/player.vimeo.com\/video\/521790493?dnt=1&amp;app_id=122963\" width=\"840\" height=\"473\" frameborder=\"0\" allow=\"autoplay; fullscreen; picture-in-picture\" allowfullscreen><\/iframe>\n<\/div><figcaption>1\/16-nuotti ja 1\/16-tauko esimerkki<\/figcaption><\/figure>\n\n\n\n<hr class=\"wp-block-separator\" \/>\n\n\n\n<p class=\"has-medium-font-size\">Katso my\u00f6s:<\/p>\n\n\n<style><\/style><div class=\"wplp_outside wplp_widget_1893\" style=\"max-width:100%;\"><span class=\"wpcu_block_title\">Kuudestoistaosanuotti ja -tauko<\/span><div id=\"wplp_widget_1893\" class=\"wplp_widget_default wplp_container vertical swiper wplp-swiper default cols3\" data-theme=\"default\" data-post=\"1893\" style=\"\" data-max-elts=\"4\" data-per-page=\"10\"><div class=\"wplp_listposts swiper-wrapper\" id=\"default_1893\" style=\"width: 100%;\" ><div class=\"swiper-slide\" style=\"\"><div class=\"insideframe\"><div id=\"wplp_box_top_1893_265\" class=\"wpcu-front-box top equalHeightImg\" ><div class=\"wplp-box-item\"><a href=\"https:\/\/popjazz.fi\/PJKits\/basso\/basso-oppimistavoitevideot\/instrumentin-hallinta\/kielelta-toiselle-siirtyminen\/\"  class=\"thumbnail\"><span class=\"img_cropper\" style=\"width:150px;height:150px;margin-right:4px;margin-bottom:4px;max-width:100%;\"><img decoding=\"async\" src=\"https:\/\/popjazz.fi\/PJKits\/basso\/wp-content\/uploads\/sites\/4\/2020\/02\/bs_ic_material_product_icon_192pxxxhdpi-150x150.png\" style=\"position: absolute;top: 50%;margin-top: -75px;aspect-ratio:4\/3;\" srcset=\"\" alt=\"Kielelt\u00e4 toiselle siirtyminen\" class=\"wplp_thumb\" \/><\/span><\/a><a href=\"https:\/\/popjazz.fi\/PJKits\/basso\/basso-oppimistavoitevideot\/instrumentin-hallinta\/kielelta-toiselle-siirtyminen\/\"  class=\"title\">Kielelt\u00e4 toiselle siirtyminen<\/a><\/div><\/div><div id=\"wplp_box_left_1893_265\" class=\"wpcu-front-box left wpcu-custom-position\" ><div class=\"wplp-box-item\"><\/div><\/div><div id=\"wplp_box_right_1893_265\" class=\"wpcu-front-box right wpcu-custom-position\" ><div class=\"wplp-box-item\"><\/div><\/div><div id=\"wplp_box_bottom_1893_265\" class=\"wpcu-front-box bottom \" ><div class=\"wplp-box-item\"><span class=\"date\">5.10.2019<\/span><span class=\"text\"><span style=\"max-height:2.8em\" class=\"line_limit\">N\u00e4pp\u00e4\u00e4v\u00e4n k\u00e4den vuorosormitekniikalla soitettaessa kielelt\u00e4 toiselle siirtyminen vaatii hyv\u00e4\u00e4 molempien k\u00e4sien yhteisty\u00f6t\u00e4, eli koordinaatiota. N\u00e4pp\u00e4\u00e4v\u00e4n k\u00e4den asento tulisi s\u00e4ilytt\u00e4\u00e4 niin, ett\u00e4 sormen kosketus kieleen s\u00e4ilyisi mahdollisimman samana ja hallittuna riippumatta mit\u00e4 kielt\u00e4 n\u00e4pp\u00e4\u00e4 ja tarvittaessa koko k\u00e4sivarren liikkua mukana. K\u00e4den liikkeess\u00e4 tulee kuitekin s\u00e4ilytt\u00e4\u00e4 kontrolli basson bodyyn esim. tukemalla peukaloa koko ajan toisen mikrofonin p\u00e4\u00e4lle\n\n\n\nYksi hyv\u00e4 tapa harjoitella koordinaatiota ja kielelt\u00e4 toiselle siirtymist\u00e4 on tehd\u00e4 &#8221;vuorosormi -k\u00e4velyharjoituksia&#8221; kielelt\u00e4 toiselle. Harjoittelu on hyv\u00e4 tehd\u00e4 esim. metronomin avulla.\n\n\n\nVideo\n\n\n\n\n\n\n\n\n\n\n\n\n\nKatso my\u00f6s:<\/span><span style=\"margin-left:3px; max-height:2.8em\" class=\"line_limit\"> [...]<\/span><\/span><span class=\"custom_fields\">\n<!-- WPLP Unknown field: Custom_Fields -->\n<\/span><\/div><\/div><\/div><\/div><div class=\"swiper-slide\" style=\"\"><div class=\"insideframe\"><div id=\"wplp_box_top_1893_41\" class=\"wpcu-front-box top equalHeightImg\" ><div class=\"wplp-box-item\"><a href=\"https:\/\/popjazz.fi\/PJKits\/basso\/basso-oppimistavoitevideot\/instrumentin-hallinta\/nappaavan-kaden-vuorosormitekniikka\/\"  class=\"thumbnail\"><span class=\"img_cropper\" style=\"width:150px;height:150px;margin-right:4px;margin-bottom:4px;max-width:100%;\"><img decoding=\"async\" src=\"https:\/\/popjazz.fi\/PJKits\/basso\/wp-content\/uploads\/sites\/4\/2020\/02\/bs_ic_material_product_icon_192pxxxhdpi-150x150.png\" style=\"position: absolute;top: 50%;margin-top: -75px;aspect-ratio:4\/3;\" srcset=\"\" alt=\"N\u00e4pp\u00e4\u00e4v\u00e4n k\u00e4den vuorosormitekniikka\" class=\"wplp_thumb\" \/><\/span><\/a><a href=\"https:\/\/popjazz.fi\/PJKits\/basso\/basso-oppimistavoitevideot\/instrumentin-hallinta\/nappaavan-kaden-vuorosormitekniikka\/\"  class=\"title\">N\u00e4pp\u00e4\u00e4v\u00e4n k\u00e4den vuorosormitekniikka<\/a><\/div><\/div><div id=\"wplp_box_left_1893_41\" class=\"wpcu-front-box left wpcu-custom-position\" ><div class=\"wplp-box-item\"><\/div><\/div><div id=\"wplp_box_right_1893_41\" class=\"wpcu-front-box right wpcu-custom-position\" ><div class=\"wplp-box-item\"><\/div><\/div><div id=\"wplp_box_bottom_1893_41\" class=\"wpcu-front-box bottom \" ><div class=\"wplp-box-item\"><span class=\"date\">22.9.2019<\/span><span class=\"text\"><span style=\"max-height:2.8em\" class=\"line_limit\">Perinteisin tapa soittaa s\u00e4hk\u00f6bassoa on k\u00e4ytt\u00e4\u00e4 kielen n\u00e4pp\u00e4\u00e4miseen etu- ja keskisormea, peukalon ollessa samaan aikaan tuettuna mikrofonin tai erillisen peukalotuen p\u00e4\u00e4lle.\n\n\n\nNs. vuorosormitekniikka tarkoittaa sit\u00e4, ett\u00e4 etu- ja keskisormi n\u00e4pp\u00e4\u00e4v\u00e4t kielt\u00e4 vuorotellen.\n\n\n\nVideo \n\n\n\n\n\n\n\n\n\n\n\n\n\nKatso my\u00f6s:<\/span><span style=\"margin-left:3px; max-height:2.8em\" class=\"line_limit\"> [...]<\/span><\/span><span class=\"custom_fields\">\n<!-- WPLP Unknown field: Custom_Fields -->\n<\/span><\/div><\/div><\/div><\/div><div class=\"swiper-slide\" style=\"\"><div class=\"insideframe\"><div id=\"wplp_box_top_1893_37\" class=\"wpcu-front-box top equalHeightImg\" ><div class=\"wplp-box-item\"><a href=\"https:\/\/popjazz.fi\/PJKits\/basso\/basso-oppimistavoitevideot\/instrumentin-hallinta\/sykkeen-itsenainen-yllapitaminen-soittaessa\/\"  class=\"thumbnail\"><span class=\"img_cropper\" style=\"width:150px;height:150px;margin-right:4px;margin-bottom:4px;max-width:100%;\"><img decoding=\"async\" src=\"https:\/\/popjazz.fi\/PJKits\/basso\/wp-content\/uploads\/sites\/4\/2020\/02\/bs_ic_material_product_icon_192pxxxhdpi-150x150.png\" style=\"position: absolute;top: 50%;margin-top: -75px;aspect-ratio:4\/3;\" srcset=\"\" alt=\"Sykkeen itsen\u00e4inen yll\u00e4pit\u00e4minen soittaessa\" class=\"wplp_thumb\" \/><\/span><\/a><a href=\"https:\/\/popjazz.fi\/PJKits\/basso\/basso-oppimistavoitevideot\/instrumentin-hallinta\/sykkeen-itsenainen-yllapitaminen-soittaessa\/\"  class=\"title\">Sykkeen itsen\u00e4inen yll\u00e4pit\u00e4minen soittaessa<\/a><\/div><\/div><div id=\"wplp_box_left_1893_37\" class=\"wpcu-front-box left wpcu-custom-position\" ><div class=\"wplp-box-item\"><\/div><\/div><div id=\"wplp_box_right_1893_37\" class=\"wpcu-front-box right wpcu-custom-position\" ><div class=\"wplp-box-item\"><\/div><\/div><div id=\"wplp_box_bottom_1893_37\" class=\"wpcu-front-box bottom \" ><div class=\"wplp-box-item\"><span class=\"date\">22.9.2019<\/span><span class=\"text\"><span style=\"max-height:2.8em\" class=\"line_limit\">Basson p\u00e4\u00e4roolit b\u00e4ndiss\u00e4 on luoda harmoninen pohja ja yll\u00e4pit\u00e4\u00e4 sykett\u00e4. \n\n\n\nSykkeen itsen\u00e4inen yll\u00e4pit\u00e4minen soittaessa tarkoittaa taitoa soittaa valitussa tempossa niin, ett\u00e4 tempo ei kiihdy eik\u00e4 hidastu, ja kappale etenee my\u00f6s yksin soittaessa samoin &#8221;kuten b\u00e4ndin kanssa soittaessa&#8221;.  \n\n\n\nParas tapa &#8221;lukita&#8221; syke on kiinnitt\u00e4\u00e4 se kehoon, esim. jalkaan, tai muuhun kehon rytmiseen liikkeeseen. N\u00e4in keho toimii rytmipohjana omalle soitolle mit\u00e4 &#8221;vasten voi peilata&#8221; soitton rytmit.\n\n\n\nKehon ja soittimen yht\u00e4aikainen hallinta vaatii harjoittelua ja on osa bassonsoitossa tarvittavia koordinaatiotaitoja.\n\n\n\nSykkeen yll\u00e4pit\u00e4minen kehossa\n\n\n\n\n\n\n\n\n\nSykkeen yll\u00e4pit\u00e4minen soittaen\n\n\n\n\n\n\n\n\n\nSoittoesimerkki\n\n\n\n\n\n\n\n\n\n\n\nKatso my\u00f6s:<\/span><span style=\"margin-left:3px; max-height:2.8em\" class=\"line_limit\"> [...]<\/span><\/span><span class=\"custom_fields\">\n<!-- WPLP Unknown field: Custom_Fields -->\n<\/span><\/div><\/div><\/div><\/div><div class=\"swiper-slide\" style=\"\"><div class=\"insideframe\"><div id=\"wplp_box_top_1893_1003\" class=\"wpcu-front-box top equalHeightImg\" ><div class=\"wplp-box-item\"><a href=\"https:\/\/popjazz.fi\/PJKits\/basso\/basso-oppimistavoitevideot\/rytmi-ja-muotorakenteet\/koko-puoli-neljasosa-ja-kahdeksasosanuotit-seka-tauot\/\"  class=\"thumbnail\"><span class=\"img_cropper\" style=\"width:150px;height:150px;margin-right:4px;margin-bottom:4px;max-width:100%;\"><img decoding=\"async\" src=\"https:\/\/popjazz.fi\/PJKits\/basso\/wp-content\/uploads\/sites\/4\/2020\/02\/bs_ic_material_product_icon_192pxxxhdpi-150x150.png\" style=\"position: absolute;top: 50%;margin-top: -75px;aspect-ratio:4\/3;\" srcset=\"\" alt=\"Koko-, puoli-, nelj\u00e4sosa- ja kahdeksasosanuotit sek\u00e4 -tauot\" class=\"wplp_thumb\" \/><\/span><\/a><a href=\"https:\/\/popjazz.fi\/PJKits\/basso\/basso-oppimistavoitevideot\/rytmi-ja-muotorakenteet\/koko-puoli-neljasosa-ja-kahdeksasosanuotit-seka-tauot\/\"  class=\"title\">Koko-, puoli-, nelj\u00e4sosa- ja kahdeksasosanuotit sek\u00e4 -tauot<\/a><\/div><\/div><div id=\"wplp_box_left_1893_1003\" class=\"wpcu-front-box left wpcu-custom-position\" ><div class=\"wplp-box-item\"><\/div><\/div><div id=\"wplp_box_right_1893_1003\" class=\"wpcu-front-box right wpcu-custom-position\" ><div class=\"wplp-box-item\"><\/div><\/div><div id=\"wplp_box_bottom_1893_1003\" class=\"wpcu-front-box bottom \" ><div class=\"wplp-box-item\"><span class=\"date\">21.1.2020<\/span><span class=\"text\"><span style=\"max-height:2.8em\" class=\"line_limit\">Tahti on jaettu tahtilajiosoituksen mukaiseen m\u00e4\u00e4r\u00e4\u00e4n iskuja, joille puolestaan on m\u00e4\u00e4ritelty tempo, eli nopeus. Esimerkiksi 4\/4 tempoon 100 tarkoittaa, ett\u00e4 yhteen tahtiin mahtuu 4 kappaletta nelj\u00e4sosanuotteja tempoon 100 (100 iskua per minutti) \n\n\n\nJokaiselle nuotille on olemassa my\u00f6s saman mittainen tauko, eli aika jolloin  nuotin tilalla on saman mittainen hiljaisuus.\n\n\n\nKokonuottin ja tauon kesto on  nelj\u00e4 nelj\u00e4sosanuottia. Kokonuottissa soitetaan siis yksi \u00e4\u00e4ni, joka kest\u00e4\u00e4 yhteens\u00e4 nelj\u00e4 nelj\u00e4sosanuottia. Tahtilajin ollessa 4\/4  kokonuotin ja tauon kesto on yksi kokonainen tahti.\n\n\n\nPuolinuotin ja tauon kesto on kaksi nelj\u00e4sosanuottia. Puolinuotissa soitetaan siis yksi \u00e4\u00e4ni, joka kest\u00e4\u00e4 yhteens\u00e4 kaksi nelj\u00e4sosaiskua. Tahtilajin ollessa 4\/4 yhteen tahtiin mahtuu kaksi kappaletta puolinuotteja ja taukoja.\n\n\n\nNelj\u00e4sosanuotti ja tauko kest\u00e4\u00e4 siis yhden iskun tahtilajin ollessa 4\/4. Yhteen tahtiin mahtuu nelj\u00e4 kappaletta nelj\u00e4sosanuotteja ja taukoja, yksi per isku.\n\n\n\nKahdeksasosanuotin ja tauon kesto on puolet nelj\u00e4sosasta. Tahtilajin ollessa 4\/4 tahtiin mahtuu kahdeksan kappaletta kahdeksasosanuotteja ja taukoja, kaksi per isku. \n\n\n\nAika-arvot taukoineen\n\n\n\nVideo\n\n\n\n\n\nKoko-, puoli-, 1\/4- ja 1\/8-osanuotit taukoineen\n\n\n\n\n\n\n\nKatso my\u00f6s:<\/span><span style=\"margin-left:3px; max-height:2.8em\" class=\"line_limit\"> [...]<\/span><\/span><span class=\"custom_fields\">\n<!-- WPLP Unknown field: Custom_Fields -->\n<\/span><\/div><\/div><\/div><\/div><\/div><div class=\"swiper-button-next\"><\/div><div class=\"swiper-button-prev\"><\/div><div class=\"swiper-pagination\"><\/div><\/div><\/div>\n","protected":false},"excerpt":{"rendered":"<p>Tahti on jaettu tahtilajiosoituksen mukaiseen m\u00e4\u00e4r\u00e4\u00e4n iskuja, joille puolestaan on m\u00e4\u00e4ritelty tempo, eli nopeus. Esimerkiksi 4\/4 tempoon 100 tarkoittaa, ett\u00e4 yhteen tahtiin mahtuu 4 kappaletta nelj\u00e4sosanuotteja tempoon 100 (100 iskua per minutti) Kuudestoistaosanuotin ja tauon kesto on nelj\u00e4sosa nelj\u00e4sosanuotista. Yhteen nelj\u00e4sosaan mahtuu siis 4 kappalette 16 -osanuottia. Tahtilajin ollessa 4\/4 tahtiin mahtuu 16\u00a0 kappaletta 16 &hellip; <a href=\"https:\/\/popjazz.fi\/PJKits\/basso\/basso-oppimistavoitevideot\/rytmi-ja-muotorakenteet\/koko-puoli-neljasosa-ja-kahdeksasosanuotit-seka-tauot\/\" class=\"more-link\">Jatka lukemista<span class=\"screen-reader-text\"> &#8221;Koko-, puoli-, nelj\u00e4sosa- ja kahdeksasosanuotit sek\u00e4 -tauot&#8221;<\/span><\/a><\/p>\n","protected":false},"author":1,"featured_media":1282,"parent":55,"menu_order":11,"comment_status":"closed","ping_status":"closed","template":"","meta":{"footnotes":""},"tags":[],"class_list":["post-1025","page","type-page","status-publish","has-post-thumbnail","hentry"],"_links":{"self":[{"href":"https:\/\/popjazz.fi\/PJKits\/basso\/wp-json\/wp\/v2\/pages\/1025","targetHints":{"allow":["GET"]}}],"collection":[{"href":"https:\/\/popjazz.fi\/PJKits\/basso\/wp-json\/wp\/v2\/pages"}],"about":[{"href":"https:\/\/popjazz.fi\/PJKits\/basso\/wp-json\/wp\/v2\/types\/page"}],"author":[{"embeddable":true,"href":"https:\/\/popjazz.fi\/PJKits\/basso\/wp-json\/wp\/v2\/users\/1"}],"replies":[{"embeddable":true,"href":"https:\/\/popjazz.fi\/PJKits\/basso\/wp-json\/wp\/v2\/comments?post=1025"}],"version-history":[{"count":7,"href":"https:\/\/popjazz.fi\/PJKits\/basso\/wp-json\/wp\/v2\/pages\/1025\/revisions"}],"predecessor-version":[{"id":2829,"href":"https:\/\/popjazz.fi\/PJKits\/basso\/wp-json\/wp\/v2\/pages\/1025\/revisions\/2829"}],"up":[{"embeddable":true,"href":"https:\/\/popjazz.fi\/PJKits\/basso\/wp-json\/wp\/v2\/pages\/55"}],"wp:featuredmedia":[{"embeddable":true,"href":"https:\/\/popjazz.fi\/PJKits\/basso\/wp-json\/wp\/v2\/media\/1282"}],"wp:attachment":[{"href":"https:\/\/popjazz.fi\/PJKits\/basso\/wp-json\/wp\/v2\/media?parent=1025"}],"wp:term":[{"taxonomy":"post_tag","embeddable":true,"href":"https:\/\/popjazz.fi\/PJKits\/basso\/wp-json\/wp\/v2\/tags?post=1025"}],"curies":[{"name":"wp","href":"https:\/\/api.w.org\/{rel}","templated":true}]}}