{"id":1029,"date":"2020-01-21T07:39:55","date_gmt":"2020-01-21T05:39:55","guid":{"rendered":"https:\/\/popjazz.fi\/PJKits\/basso\/?page_id=1029"},"modified":"2021-03-30T11:40:45","modified_gmt":"2021-03-30T08:40:45","slug":"kvintolit-sekstolit-ja-septolit","status":"publish","type":"page","link":"https:\/\/popjazz.fi\/PJKits\/basso\/basso-oppimistavoitevideot\/rytmi-ja-muotorakenteet\/kvintolit-sekstolit-ja-septolit\/","title":{"rendered":"Kvintolit, sekstolit ja septolit"},"content":{"rendered":"<p><\/p>\n<p><!--StartFragment--><\/p>\n<p><!--StartFragment--><\/p>\n<p><!--StartFragment--><\/p>\n\n\n<p>Nuottiarvo, tahti tai tahdin osa voi jakautua normaalista poikkeavaan m\u00e4\u00e4r\u00e4\u00e4n aika-arvoja. Esim. nelj\u00e4sosanuotti voi jakautua kolmeen, viiteen, kuuteen tai seitsem\u00e4\u00e4n osaa. N\u00e4ist\u00e4 k\u00e4ytet\u00e4\u00e4n yhteist\u00e4 nimityst\u00e4 poikkeusellinenalajako, eli tupletti. <\/p>\n\n\n\n<p><strong>Kvintoli <\/strong>(5) tarkoittaa kokonaisen nuotin tai kaksijakoisen tahdin, kuten puolinuotin tai kaksiosaisen aika-arvon, kuten nelj\u00e4sosan jakamista kahden sijasta viiteen yht\u00e4 suureen osaan<\/p>\n\n\n\n<figure class=\"wp-block-image size-large is-resized\"><img loading=\"lazy\" decoding=\"async\" src=\"https:\/\/popjazz.fi\/PJKits\/basso\/wp-content\/uploads\/sites\/4\/2021\/03\/kvintoli-1024x277.png\" alt=\"\" class=\"wp-image-3063\" width=\"630\" height=\"170\" srcset=\"https:\/\/popjazz.fi\/PJKits\/basso\/wp-content\/uploads\/sites\/4\/2021\/03\/kvintoli-1024x277.png 1024w, https:\/\/popjazz.fi\/PJKits\/basso\/wp-content\/uploads\/sites\/4\/2021\/03\/kvintoli-300x81.png 300w, https:\/\/popjazz.fi\/PJKits\/basso\/wp-content\/uploads\/sites\/4\/2021\/03\/kvintoli-150x41.png 150w, https:\/\/popjazz.fi\/PJKits\/basso\/wp-content\/uploads\/sites\/4\/2021\/03\/kvintoli-768x208.png 768w, https:\/\/popjazz.fi\/PJKits\/basso\/wp-content\/uploads\/sites\/4\/2021\/03\/kvintoli-1536x415.png 1536w, https:\/\/popjazz.fi\/PJKits\/basso\/wp-content\/uploads\/sites\/4\/2021\/03\/kvintoli-2048x554.png 2048w, https:\/\/popjazz.fi\/PJKits\/basso\/wp-content\/uploads\/sites\/4\/2021\/03\/kvintoli-1200x324.png 1200w\" sizes=\"auto, (max-width: 630px) 85vw, 630px\" \/><\/figure>\n\n\n\n<p><strong>Sekstoli<\/strong> (6) tarkoittaa kokonaisen nuotin, kaksijakoisen tahdin, kuten puolinuotin tai kaksiosaisen aika-arvon, kuten nelj\u00e4sosan jakamista kahden sijasta kuuteen yht\u00e4 suureen osaan<\/p>\n\n\n\n<figure class=\"wp-block-image size-large\"><img loading=\"lazy\" decoding=\"async\" width=\"1024\" height=\"280\" src=\"https:\/\/popjazz.fi\/PJKits\/basso\/wp-content\/uploads\/sites\/4\/2021\/03\/sekstoli-1024x280.png\" alt=\"\" class=\"wp-image-3064\" srcset=\"https:\/\/popjazz.fi\/PJKits\/basso\/wp-content\/uploads\/sites\/4\/2021\/03\/sekstoli-1024x280.png 1024w, https:\/\/popjazz.fi\/PJKits\/basso\/wp-content\/uploads\/sites\/4\/2021\/03\/sekstoli-300x82.png 300w, https:\/\/popjazz.fi\/PJKits\/basso\/wp-content\/uploads\/sites\/4\/2021\/03\/sekstoli-150x41.png 150w, https:\/\/popjazz.fi\/PJKits\/basso\/wp-content\/uploads\/sites\/4\/2021\/03\/sekstoli-768x210.png 768w, https:\/\/popjazz.fi\/PJKits\/basso\/wp-content\/uploads\/sites\/4\/2021\/03\/sekstoli-1536x420.png 1536w, https:\/\/popjazz.fi\/PJKits\/basso\/wp-content\/uploads\/sites\/4\/2021\/03\/sekstoli-2048x560.png 2048w, https:\/\/popjazz.fi\/PJKits\/basso\/wp-content\/uploads\/sites\/4\/2021\/03\/sekstoli-1200x328.png 1200w\" sizes=\"auto, (max-width: 709px) 85vw, (max-width: 909px) 67vw, (max-width: 1362px) 62vw, 840px\" \/><\/figure>\n\n\n\n<p><strong>Septoli<\/strong> (7) tarkoittaa kokonaisen nuotin, kaksijakoisen tahdin, kuten puolinuotin tai kaksiosaisen aika-arvon, kuten nelj\u00e4sosan jakamista kahden sijasta seits\u00e4m\u00e4\u00e4n yht\u00e4 suureen osaan<\/p>\n\n\n\n<figure class=\"wp-block-image size-large\"><img loading=\"lazy\" decoding=\"async\" width=\"1024\" height=\"241\" src=\"https:\/\/popjazz.fi\/PJKits\/basso\/wp-content\/uploads\/sites\/4\/2021\/03\/septoli-1024x241.png\" alt=\"\" class=\"wp-image-3065\" srcset=\"https:\/\/popjazz.fi\/PJKits\/basso\/wp-content\/uploads\/sites\/4\/2021\/03\/septoli-1024x241.png 1024w, https:\/\/popjazz.fi\/PJKits\/basso\/wp-content\/uploads\/sites\/4\/2021\/03\/septoli-300x71.png 300w, https:\/\/popjazz.fi\/PJKits\/basso\/wp-content\/uploads\/sites\/4\/2021\/03\/septoli-150x35.png 150w, https:\/\/popjazz.fi\/PJKits\/basso\/wp-content\/uploads\/sites\/4\/2021\/03\/septoli-768x181.png 768w, https:\/\/popjazz.fi\/PJKits\/basso\/wp-content\/uploads\/sites\/4\/2021\/03\/septoli-1536x362.png 1536w, https:\/\/popjazz.fi\/PJKits\/basso\/wp-content\/uploads\/sites\/4\/2021\/03\/septoli-2048x483.png 2048w, https:\/\/popjazz.fi\/PJKits\/basso\/wp-content\/uploads\/sites\/4\/2021\/03\/septoli-1200x283.png 1200w\" sizes=\"auto, (max-width: 709px) 85vw, (max-width: 909px) 67vw, (max-width: 1362px) 62vw, 840px\" \/><\/figure>\n\n\n\n<p>Muita tupletteja ovat<\/p>\n\n\n\n<ul class=\"wp-block-list\"><li>duoli (2 eli kaksijako)<\/li><li>trioli (3 eli kolmijako)<\/li><li>kvartoli (4)<\/li><li>kvintoli (5)<\/li><li>sekstoli (6)<\/li><li>septoli (7)<\/li><li>oktoli (8)<\/li><li>novemoli (9)<\/li><li>desimoli (10)<\/li><li>undesimoli (11)<\/li><\/ul>\n\n\n\n<h4 class=\"wp-block-heading\">Video<\/h4>\n\n\n\n<figure class=\"wp-block-embed-vimeo wp-block-embed is-type-video is-provider-vimeo wp-embed-aspect-16-9 wp-has-aspect-ratio\"><div class=\"wp-block-embed__wrapper\">\n<iframe loading=\"lazy\" src=\"https:\/\/player.vimeo.com\/video\/521790867?dnt=1&amp;app_id=122963\" width=\"840\" height=\"473\" frameborder=\"0\" allow=\"autoplay; fullscreen; picture-in-picture\" allowfullscreen><\/iframe>\n<\/div><figcaption>Kvintolit, sekstolit ja septolit<\/figcaption><\/figure>\n\n\n\n<hr class=\"wp-block-separator\"\/>\n\n\n\n<p class=\"has-medium-font-size\">Katso my\u00f6s:<\/p>\n\n\n<style><\/style><div class=\"wplp_outside wplp_widget_1900\" style=\"max-width:100%;\"><span class=\"wpcu_block_title\">Kvintolit, sekstolit ja septolit<\/span><div id=\"wplp_widget_1900\" class=\"wplp_widget_default wplp_container vertical swiper wplp-swiper default cols3\" data-theme=\"default\" data-post=\"1900\" style=\"\" data-max-elts=\"5\" data-per-page=\"10\"><div class=\"wplp_listposts swiper-wrapper\" id=\"default_1900\" style=\"width: 100%;\" ><div class=\"swiper-slide\" style=\"\"><div class=\"insideframe\"><div id=\"wplp_box_top_1900_1033\" class=\"wpcu-front-box top equalHeightImg\" ><div class=\"wplp-box-item\"><a href=\"https:\/\/popjazz.fi\/PJKits\/basso\/basso-oppimistavoitevideot\/rytmi-ja-muotorakenteet\/polyrytmiikka\/\"  class=\"thumbnail\"><span class=\"img_cropper\" style=\"width:150px;height:150px;margin-right:4px;margin-bottom:4px;max-width:100%;\"><img decoding=\"async\" src=\"https:\/\/popjazz.fi\/PJKits\/basso\/wp-content\/uploads\/sites\/4\/2020\/02\/bs_ic_material_product_icon_192pxxxhdpi-150x150.png\" style=\"position: absolute;top: 50%;margin-top: -75px;aspect-ratio:4\/3;\" srcset=\"\" alt=\"Polyrytmiikka\" class=\"wplp_thumb\" \/><\/span><\/a><a href=\"https:\/\/popjazz.fi\/PJKits\/basso\/basso-oppimistavoitevideot\/rytmi-ja-muotorakenteet\/polyrytmiikka\/\"  class=\"title\">Polyrytmiikka<\/a><\/div><\/div><div id=\"wplp_box_left_1900_1033\" class=\"wpcu-front-box left wpcu-custom-position\" ><div class=\"wplp-box-item\"><\/div><\/div><div id=\"wplp_box_right_1900_1033\" class=\"wpcu-front-box right wpcu-custom-position\" ><div class=\"wplp-box-item\"><\/div><\/div><div id=\"wplp_box_bottom_1900_1033\" class=\"wpcu-front-box bottom \" ><div class=\"wplp-box-item\"><span class=\"date\">21.1.2020<\/span><span class=\"text\"><span style=\"max-height:2.8em\" class=\"line_limit\">Polyrytmill\u00e4 tarkoitetaan yhdistelm\u00e4\u00e4, jossa aikayksikk\u00f6 jaetaan eri \u00e4\u00e4niss\u00e4 (kahdessa tai useammassa) eri suuruisiin osiin, niin ett\u00e4 n\u00e4m\u00e4 osat eiv\u00e4t ole kesken\u00e4\u00e4n jaollisia, esimerkiksi niin ett\u00e4 tahti jaetaan yht\u00e4aikaa kolmen ja nelj\u00e4n mittaisiin osiin.\n\n\n\nVideo\n\n\n\n\n\nPolyrytmiikka\n\n\n\n\n\n\n\n\n\n\n\nKatso my\u00f6s:<\/span><span style=\"margin-left:3px; max-height:2.8em\" class=\"line_limit\"> [...]<\/span><\/span><span class=\"custom_fields\">\n<!-- WPLP Unknown field: Custom_Fields -->\n<\/span><\/div><\/div><\/div><\/div><div class=\"swiper-slide\" style=\"\"><div class=\"insideframe\"><div id=\"wplp_box_top_1900_384\" class=\"wpcu-front-box top equalHeightImg\" ><div class=\"wplp-box-item\"><a href=\"https:\/\/popjazz.fi\/PJKits\/basso\/basso-oppimistavoitevideot\/rytmi-ja-muotorakenteet\/synkopointi\/\"  class=\"thumbnail\"><span class=\"img_cropper\" style=\"width:150px;height:150px;margin-right:4px;margin-bottom:4px;max-width:100%;\"><img decoding=\"async\" src=\"https:\/\/popjazz.fi\/PJKits\/basso\/wp-content\/uploads\/sites\/4\/2020\/02\/bs_ic_material_product_icon_192pxxxhdpi-150x150.png\" style=\"position: absolute;top: 50%;margin-top: -75px;aspect-ratio:4\/3;\" srcset=\"\" alt=\"Synkopointi\" class=\"wplp_thumb\" \/><\/span><\/a><a href=\"https:\/\/popjazz.fi\/PJKits\/basso\/basso-oppimistavoitevideot\/rytmi-ja-muotorakenteet\/synkopointi\/\"  class=\"title\">Synkopointi<\/a><\/div><\/div><div id=\"wplp_box_left_1900_384\" class=\"wpcu-front-box left wpcu-custom-position\" ><div class=\"wplp-box-item\"><\/div><\/div><div id=\"wplp_box_right_1900_384\" class=\"wpcu-front-box right wpcu-custom-position\" ><div class=\"wplp-box-item\"><\/div><\/div><div id=\"wplp_box_bottom_1900_384\" class=\"wpcu-front-box bottom \" ><div class=\"wplp-box-item\"><span class=\"date\">6.10.2019<\/span><span class=\"text\"><span style=\"max-height:2.8em\" class=\"line_limit\">Synkopointi tarkoittaa siirretty\u00e4 vahvaa tahdinosaa. Perinteisesti vahvin tahdinosa sijaitsee tahdin ykk\u00f6sell\u00e4, mutta se voidaan esimerkiksi aikaistaa edelt\u00e4v\u00e4n tahdin viimeiselle kahdeksasosalle, jolloin muodostuu synkooppi. Synkooppi ei ole tyylilajiin liittyv\u00e4 ilmi\u00f6, vaan mink\u00e4 tahansa tyylilajin, mik\u00e4 tahansa vahva tahdinosa voi siirty\u00e4 synkoopiksi\n\n\n\nVideo\n\n\n\n\n\n\n\n\n\nSynkopointi beat\n\n\n\n\n\n\n\nSynkopointi Rock\u00b4n\u00b4roll\n\n\n\n\n\n\n\n\n\n\n\nKatso my\u00f6s:<\/span><span style=\"margin-left:3px; max-height:2.8em\" class=\"line_limit\"> [...]<\/span><\/span><span class=\"custom_fields\">\n<!-- WPLP Unknown field: Custom_Fields -->\n<\/span><\/div><\/div><\/div><\/div><div class=\"swiper-slide\" style=\"\"><div class=\"insideframe\"><div id=\"wplp_box_top_1900_1162\" class=\"wpcu-front-box top equalHeightImg\" ><div class=\"wplp-box-item\"><a href=\"https:\/\/popjazz.fi\/PJKits\/basso\/basso-oppimistavoitevideot\/nuotinluku\/triolit\/\"  class=\"thumbnail\"><span class=\"img_cropper\" style=\"width:150px;height:150px;margin-right:4px;margin-bottom:4px;max-width:100%;\"><img decoding=\"async\" src=\"https:\/\/popjazz.fi\/PJKits\/basso\/wp-content\/uploads\/sites\/4\/2020\/02\/bs_ic_material_product_icon_192pxxxhdpi-150x150.png\" style=\"position: absolute;top: 50%;margin-top: -75px;aspect-ratio:4\/3;\" srcset=\"\" alt=\"Triolit\" class=\"wplp_thumb\" \/><\/span><\/a><a href=\"https:\/\/popjazz.fi\/PJKits\/basso\/basso-oppimistavoitevideot\/nuotinluku\/triolit\/\"  class=\"title\">Triolit<\/a><\/div><\/div><div id=\"wplp_box_left_1900_1162\" class=\"wpcu-front-box left wpcu-custom-position\" ><div class=\"wplp-box-item\"><\/div><\/div><div id=\"wplp_box_right_1900_1162\" class=\"wpcu-front-box right wpcu-custom-position\" ><div class=\"wplp-box-item\"><\/div><\/div><div id=\"wplp_box_bottom_1900_1162\" class=\"wpcu-front-box bottom \" ><div class=\"wplp-box-item\"><span class=\"date\">21.1.2020<\/span><span class=\"text\"><span style=\"max-height:2.8em\" class=\"line_limit\">Trioli (englanniksi triplet) kuuluu tupletteihin, ja tarkoittaa kaksijakoisen tahdin tai kaksiosaisen aika-arvon, kuten nelj\u00e4sosan jakamista kahden sijasta kolmeen yht\u00e4 suureen osaan.&nbsp;\n\n\n\nKolmeen osaan jaettu kokonuotti on nimelt\u00e4\u00e4n puolinuottitrioli. Se merkit\u00e4\u00e4n nuottikirjoituksessa kolmen puolinuotin p\u00e4\u00e4lle merkityll\u00e4 numerolla 3 ja lis\u00e4ksi hakasilla tai kaarella.\n\n\n\npuolinuottitrioli\n\n\n\n\n\n\n\nKolmeen osaan jaettu puolinuotti on nimelt\u00e4\u00e4n nelj\u00e4sosatrioli. Se merkit\u00e4\u00e4n nuottikirjoituksessa kolmen nelj\u00e4sosanuotin p\u00e4\u00e4lle merkityll\u00e4 numerolla 3 ja lis\u00e4ksi hakasilla tai kaarella.\n\n\n\nnelj\u00e4sosatrioli\n\n\n\n\n\n\n\nKolmeen osaan jaettu nelj\u00e4sosanuotti on nimelt\u00e4\u00e4n kahdeksasosatrioli. Se merkit\u00e4\u00e4n nuottikirjoituksessa kolmen palkitetun 8-osanuotin p\u00e4\u00e4lle merkityll\u00e4 numerolla kolme.\n\n\n\nkahdeksasosatrioli\n\n\n\n\n\n\n\nKatso my\u00f6s:<\/span><span style=\"margin-left:3px; max-height:2.8em\" class=\"line_limit\"> [...]<\/span><\/span><span class=\"custom_fields\">\n<!-- WPLP Unknown field: Custom_Fields -->\n<\/span><\/div><\/div><\/div><\/div><div class=\"swiper-slide\" style=\"\"><div class=\"insideframe\"><div id=\"wplp_box_top_1900_1031\" class=\"wpcu-front-box top equalHeightImg\" ><div class=\"wplp-box-item\"><a href=\"https:\/\/popjazz.fi\/PJKits\/basso\/basso-oppimistavoitevideot\/rytmi-ja-muotorakenteet\/pisteelliset-aika-arvot-ja-yhdyskaaret\/\"  class=\"thumbnail\"><span class=\"img_cropper\" style=\"width:150px;height:150px;margin-right:4px;margin-bottom:4px;max-width:100%;\"><img decoding=\"async\" src=\"https:\/\/popjazz.fi\/PJKits\/basso\/wp-content\/uploads\/sites\/4\/2020\/02\/bs_ic_material_product_icon_192pxxxhdpi-150x150.png\" style=\"position: absolute;top: 50%;margin-top: -75px;aspect-ratio:4\/3;\" srcset=\"\" alt=\"Pisteelliset aika-arvot ja yhdyskaaret\" class=\"wplp_thumb\" \/><\/span><\/a><a href=\"https:\/\/popjazz.fi\/PJKits\/basso\/basso-oppimistavoitevideot\/rytmi-ja-muotorakenteet\/pisteelliset-aika-arvot-ja-yhdyskaaret\/\"  class=\"title\">Pisteelliset aika-arvot ja yhdyskaaret<\/a><\/div><\/div><div id=\"wplp_box_left_1900_1031\" class=\"wpcu-front-box left wpcu-custom-position\" ><div class=\"wplp-box-item\"><\/div><\/div><div id=\"wplp_box_right_1900_1031\" class=\"wpcu-front-box right wpcu-custom-position\" ><div class=\"wplp-box-item\"><\/div><\/div><div id=\"wplp_box_bottom_1900_1031\" class=\"wpcu-front-box bottom \" ><div class=\"wplp-box-item\"><span class=\"date\">21.1.2020<\/span><span class=\"text\"><span style=\"max-height:2.8em\" class=\"line_limit\">Nuotin yhteydess\u00e4 oleva piste jatkaa nuotin omaa aika-arvoa puolella sen omasta aika-arvosta. Esimerkiksi nelj\u00e4sosanuotin yhteydess\u00e4 oleva piste pident\u00e4\u00e4 ko. nelj\u00e4sosanuottia kahdeksasosan verran ja nuotin oikea aika-arvo on siis 1\/4 + 1\/8.\n\n\n\n= kokonuotti + puolinuotti\n\n\n\n= puolinuotti + nelj\u00e4sosanuotti\n\n\n\n= nelj\u00e4sosa + kahdeksasosanuotti\n\n\n\n= kahdeksasosanuotti + kuudestoistaosanuotti\n\n\n\n= kuudestoisaosanuotti + kolmaskymmeneskahdesosanuotti\n\n\n\nYhdyskaarta  k\u00e4ytet\u00e4\u00e4n, kun soivan \u00e4\u00e4nen kesto jatkuu&nbsp;\n\n\n\niskujen rajan yli\n\n\n\niskualojen rajan yli\n\n\n\ntai tahtiviivan yli.\n\n\n\nVideo\n\n\n\n\n\nPisteelliset aika-arvot ja yhdyskaaret\n\n\n\n\n\n\n\nKatso my\u00f6s:<\/span><span style=\"margin-left:3px; max-height:2.8em\" class=\"line_limit\"> [...]<\/span><\/span><span class=\"custom_fields\">\n<!-- WPLP Unknown field: Custom_Fields -->\n<\/span><\/div><\/div><\/div><\/div><div class=\"swiper-slide\" style=\"\"><div class=\"insideframe\"><div id=\"wplp_box_top_1900_1027\" class=\"wpcu-front-box top equalHeightImg\" ><div class=\"wplp-box-item\"><a href=\"https:\/\/popjazz.fi\/PJKits\/basso\/basso-oppimistavoitevideot\/rytmi-ja-muotorakenteet\/4-ja-8-osatrioli\/\"  class=\"thumbnail\"><span class=\"img_cropper\" style=\"width:150px;height:150px;margin-right:4px;margin-bottom:4px;max-width:100%;\"><img decoding=\"async\" src=\"https:\/\/popjazz.fi\/PJKits\/basso\/wp-content\/uploads\/sites\/4\/2020\/02\/bs_ic_material_product_icon_192pxxxhdpi-150x150.png\" style=\"position: absolute;top: 50%;margin-top: -75px;aspect-ratio:4\/3;\" srcset=\"\" alt=\"4- ja 8-osatrioli\" class=\"wplp_thumb\" \/><\/span><\/a><a href=\"https:\/\/popjazz.fi\/PJKits\/basso\/basso-oppimistavoitevideot\/rytmi-ja-muotorakenteet\/4-ja-8-osatrioli\/\"  class=\"title\">4- ja 8-osatrioli<\/a><\/div><\/div><div id=\"wplp_box_left_1900_1027\" class=\"wpcu-front-box left wpcu-custom-position\" ><div class=\"wplp-box-item\"><\/div><\/div><div id=\"wplp_box_right_1900_1027\" class=\"wpcu-front-box right wpcu-custom-position\" ><div class=\"wplp-box-item\"><\/div><\/div><div id=\"wplp_box_bottom_1900_1027\" class=\"wpcu-front-box bottom \" ><div class=\"wplp-box-item\"><span class=\"date\">21.1.2020<\/span><span class=\"text\"><span style=\"max-height:2.8em\" class=\"line_limit\">Trioli (englanniksi triplet) tarkoittaa kaksijakoisen tahdin tai kaksiosaisen aika-arvon, kuten nelj\u00e4sosan jakamista kahden sijasta kolmeen yht\u00e4 suureen osaan.&nbsp;\n\n\n\nKolmeen osaan jaettu puolinuotti on nimelt\u00e4\u00e4n nelj\u00e4sosatrioli. Se merkit\u00e4\u00e4n nuottikirjoituksessa kolmen nelj\u00e4sosanuotin p\u00e4\u00e4lle merkityll\u00e4 numerolla 3 ja lis\u00e4ksi hakasilla tai kaarella.\n\n\n\n\n\n\n\nKolmeen osaan jaettu nelj\u00e4sosanuotti on nimelt\u00e4\u00e4n kahdeksasosatrioli. Se merkit\u00e4\u00e4n nuottikirjoituksessa kolmen palkitetun 8-osanuotin p\u00e4\u00e4lle merkityll\u00e4 numerolla kolme.\n\n\n\n\n\n\n\nVideo\n\n\n\n\n\n1\/4- 1\/8-triolit\n\n\n\n\n\n\n\nKatso my\u00f6s:<\/span><span style=\"margin-left:3px; max-height:2.8em\" class=\"line_limit\"> [...]<\/span><\/span><span class=\"custom_fields\">\n<!-- WPLP Unknown field: Custom_Fields -->\n<\/span><\/div><\/div><\/div><\/div><\/div><div class=\"swiper-button-next\"><\/div><div class=\"swiper-button-prev\"><\/div><div class=\"swiper-pagination\"><\/div><\/div><\/div>\n","protected":false},"excerpt":{"rendered":"<p>Nuottiarvo, tahti tai tahdin osa voi jakautua normaalista poikkeavaan m\u00e4\u00e4r\u00e4\u00e4n aika-arvoja. Esim. nelj\u00e4sosanuotti voi jakautua kolmeen, viiteen, kuuteen tai seitsem\u00e4\u00e4n osaa. N\u00e4ist\u00e4 k\u00e4ytet\u00e4\u00e4n yhteist\u00e4 nimityst\u00e4 poikkeusellinenalajako, eli tupletti. Kvintoli (5) tarkoittaa kokonaisen nuotin tai kaksijakoisen tahdin, kuten puolinuotin tai kaksiosaisen aika-arvon, kuten nelj\u00e4sosan jakamista kahden sijasta viiteen yht\u00e4 suureen osaan Sekstoli (6) tarkoittaa kokonaisen nuotin, &hellip; <a href=\"https:\/\/popjazz.fi\/PJKits\/basso\/basso-oppimistavoitevideot\/rytmi-ja-muotorakenteet\/4-ja-8-osatrioli\/\" class=\"more-link\">Jatka lukemista<span class=\"screen-reader-text\"> &#8221;4- ja 8-osatrioli&#8221;<\/span><\/a><\/p>\n","protected":false},"author":1,"featured_media":1282,"parent":55,"menu_order":13,"comment_status":"closed","ping_status":"closed","template":"","meta":{"footnotes":""},"tags":[],"class_list":["post-1029","page","type-page","status-publish","has-post-thumbnail","hentry"],"_links":{"self":[{"href":"https:\/\/popjazz.fi\/PJKits\/basso\/wp-json\/wp\/v2\/pages\/1029","targetHints":{"allow":["GET"]}}],"collection":[{"href":"https:\/\/popjazz.fi\/PJKits\/basso\/wp-json\/wp\/v2\/pages"}],"about":[{"href":"https:\/\/popjazz.fi\/PJKits\/basso\/wp-json\/wp\/v2\/types\/page"}],"author":[{"embeddable":true,"href":"https:\/\/popjazz.fi\/PJKits\/basso\/wp-json\/wp\/v2\/users\/1"}],"replies":[{"embeddable":true,"href":"https:\/\/popjazz.fi\/PJKits\/basso\/wp-json\/wp\/v2\/comments?post=1029"}],"version-history":[{"count":6,"href":"https:\/\/popjazz.fi\/PJKits\/basso\/wp-json\/wp\/v2\/pages\/1029\/revisions"}],"predecessor-version":[{"id":3067,"href":"https:\/\/popjazz.fi\/PJKits\/basso\/wp-json\/wp\/v2\/pages\/1029\/revisions\/3067"}],"up":[{"embeddable":true,"href":"https:\/\/popjazz.fi\/PJKits\/basso\/wp-json\/wp\/v2\/pages\/55"}],"wp:featuredmedia":[{"embeddable":true,"href":"https:\/\/popjazz.fi\/PJKits\/basso\/wp-json\/wp\/v2\/media\/1282"}],"wp:attachment":[{"href":"https:\/\/popjazz.fi\/PJKits\/basso\/wp-json\/wp\/v2\/media?parent=1029"}],"wp:term":[{"taxonomy":"post_tag","embeddable":true,"href":"https:\/\/popjazz.fi\/PJKits\/basso\/wp-json\/wp\/v2\/tags?post=1029"}],"curies":[{"name":"wp","href":"https:\/\/api.w.org\/{rel}","templated":true}]}}