{"id":1037,"date":"2020-01-21T07:43:32","date_gmt":"2020-01-21T05:43:32","guid":{"rendered":"https:\/\/popjazz.fi\/PJKits\/basso\/?page_id=1037"},"modified":"2021-04-15T10:45:27","modified_gmt":"2021-04-15T07:45:27","slug":"muotorakenne-a-a-b-a","status":"publish","type":"page","link":"https:\/\/popjazz.fi\/PJKits\/basso\/basso-oppimistavoitevideot\/rytmi-ja-muotorakenteet\/muotorakenne-a-a-b-a\/","title":{"rendered":"Muotorakenne a-a-b-a"},"content":{"rendered":"\n<p>Muotrakenteella&nbsp;musiikissa&nbsp;tarkoitetaan musiikkiteoksen tai sen osan musiikillisten elementtien j\u00e4rjestyst\u00e4 ja koostumusta. Musiikillisist\u00e4 elementeist\u00e4 tavallisin,&nbsp;melodia, rakentuu&nbsp;s\u00e4velist\u00e4&nbsp;ja&nbsp;rytmeist\u00e4. Tavallisesti musiikillinen teos koostuu yhdest\u00e4 tai useammasta l\u00e4ht\u00f6kohtana toimivasta rakenneosasta, ja niist\u00e4 muokatuista uusista rakenneosasista, eli&nbsp;variaatioista. Kappaleen l\u00e4ht\u00f6kohtana toimiva musiikin rakenneosa on nimelt\u00e4\u00e4n&nbsp;teema.<\/p>\n\n\n\n<p>Yksi yleisimmist\u00e4 populaarimusiikin muotorakenteista on A &#8211; A &#8211; B &#8211; A, jossa s\u00e4keist\u00f6 toistuu kaksi kertaa, jonka j\u00e4lkeen tulee kertos\u00e4e ja lopuksi viel\u00e4 s\u00e4keist\u00f6. T\u00e4m\u00e4n j\u00e4lkeen kappale saattaa kertaantua alusta ja sama rakenne toistua useita kertoja<\/p>\n\n\n\n<figure class=\"wp-block-image size-large\"><img loading=\"lazy\" decoding=\"async\" width=\"1024\" height=\"667\" src=\"https:\/\/popjazz.fi\/PJKits\/basso\/wp-content\/uploads\/sites\/4\/2021\/04\/A-A-B-A-1024x667.png\" alt=\"\" class=\"wp-image-3356\" srcset=\"https:\/\/popjazz.fi\/PJKits\/basso\/wp-content\/uploads\/sites\/4\/2021\/04\/A-A-B-A-1024x667.png 1024w, https:\/\/popjazz.fi\/PJKits\/basso\/wp-content\/uploads\/sites\/4\/2021\/04\/A-A-B-A-300x195.png 300w, https:\/\/popjazz.fi\/PJKits\/basso\/wp-content\/uploads\/sites\/4\/2021\/04\/A-A-B-A-150x98.png 150w, https:\/\/popjazz.fi\/PJKits\/basso\/wp-content\/uploads\/sites\/4\/2021\/04\/A-A-B-A-768x500.png 768w, https:\/\/popjazz.fi\/PJKits\/basso\/wp-content\/uploads\/sites\/4\/2021\/04\/A-A-B-A-1536x1000.png 1536w, https:\/\/popjazz.fi\/PJKits\/basso\/wp-content\/uploads\/sites\/4\/2021\/04\/A-A-B-A-2048x1334.png 2048w, https:\/\/popjazz.fi\/PJKits\/basso\/wp-content\/uploads\/sites\/4\/2021\/04\/A-A-B-A-1200x781.png 1200w\" sizes=\"auto, (max-width: 709px) 85vw, (max-width: 909px) 67vw, (max-width: 1362px) 62vw, 840px\" \/><\/figure>\n\n\n\n<p>Kappaleessa voi olla my\u00f6s <\/p>\n\n\n\n<ul class=\"wp-block-list\"><li>aluke, eli <strong>intro<\/strong><\/li><li>v\u00e4liosia, jotka yleens\u00e4 merkit\u00e4\u00e4n eri kirjaimilla, esim  <strong>C<\/strong> ja <strong>D<\/strong> -osat<\/li><li>soolo-osa, joka yleens\u00e4 merkit\u00e4\u00e4n nimens\u00e4 mukaisesti <strong>soolo<\/strong> -osaksi<\/li><li>A -osan ja B -osan v\u00e4liss\u00e4 voi olla muutaman tahdin erillinen v\u00e4like, joka yleens\u00e4 merkit\u00e4\u00e4n <strong>Pre -chorukseksi<\/strong> tai joissakin tapauksissa<\/li><li>Kappaleessa saattaa olla my\u00f6s erillinen lopuke, eli <strong>outro<\/strong> tai <strong>coda.<\/strong> <\/li><\/ul>\n\n\n\n<p><\/p>\n\n\n\n<hr class=\"wp-block-separator\"\/>\n\n\n\n<p class=\"has-medium-font-size\">Katso my\u00f6s:<\/p>\n\n\n<style><\/style><div class=\"wplp_outside wplp_widget_1926\" style=\"max-width:100%;\"><span class=\"wpcu_block_title\">Muotorakenne a-a-b-a<\/span><div id=\"wplp_widget_1926\" class=\"wplp_widget_default wplp_container vertical swiper wplp-swiper default cols3\" data-theme=\"default\" data-post=\"1926\" style=\"\" data-max-elts=\"2\" data-per-page=\"10\"><div class=\"wplp_listposts swiper-wrapper\" id=\"default_1926\" style=\"width: 100%;\" ><div class=\"swiper-slide\" style=\"\"><div class=\"insideframe\"><div id=\"wplp_box_top_1926_208\" class=\"wpcu-front-box top equalHeightImg\" ><div class=\"wplp-box-item\"><a href=\"https:\/\/popjazz.fi\/PJKits\/basso\/basso-oppimistavoitevideot\/rytmi-ja-muotorakenteet\/12-tahdin-blues-muotorakenne\/\"  class=\"thumbnail\"><span class=\"img_cropper\" style=\"width:150px;height:150px;margin-right:4px;margin-bottom:4px;max-width:100%;\"><img decoding=\"async\" src=\"https:\/\/popjazz.fi\/PJKits\/basso\/wp-content\/uploads\/sites\/4\/2020\/02\/bs_ic_material_product_icon_192pxxxhdpi-150x150.png\" style=\"position: absolute;top: 50%;margin-top: -75px;aspect-ratio:4\/3;\" srcset=\"\" alt=\"12 tahdin blues muotorakenne\" class=\"wplp_thumb\" \/><\/span><\/a><a href=\"https:\/\/popjazz.fi\/PJKits\/basso\/basso-oppimistavoitevideot\/rytmi-ja-muotorakenteet\/12-tahdin-blues-muotorakenne\/\"  class=\"title\">12 tahdin blues muotorakenne<\/a><\/div><\/div><div id=\"wplp_box_left_1926_208\" class=\"wpcu-front-box left wpcu-custom-position\" ><div class=\"wplp-box-item\"><\/div><\/div><div id=\"wplp_box_right_1926_208\" class=\"wpcu-front-box right wpcu-custom-position\" ><div class=\"wplp-box-item\"><\/div><\/div><div id=\"wplp_box_bottom_1926_208\" class=\"wpcu-front-box bottom \" ><div class=\"wplp-box-item\"><span class=\"date\">4.10.2019<\/span><span class=\"text\"><span style=\"max-height:2.8em\" class=\"line_limit\">Yleinen muotorakenne rytmimusiikissa on 12 tahdin blues. Perinteisess\u00e4 muodossaan bluesin harmonia muodostuu s\u00e4vellajin ensimm\u00e4isen, nelj\u00e4nnen ja viidennen asteen dominanttiseptimisoinnuista.\n\n\n\nVideo\n\n\n\n\n\n\n\n\n\nBluesrakenne, two beat\n\n\n\n\n\n\n\nBluesrakenne, four beat\n\n\n\n\n\n\n\nBluesrakenne, blues suffle<\/span><span style=\"margin-left:3px; max-height:2.8em\" class=\"line_limit\"> [...]<\/span><\/span><span class=\"custom_fields\">\n<!-- WPLP Unknown field: Custom_Fields -->\n<\/span><\/div><\/div><\/div><\/div><div class=\"swiper-slide\" style=\"\"><div class=\"insideframe\"><div id=\"wplp_box_top_1926_1005\" class=\"wpcu-front-box top equalHeightImg\" ><div class=\"wplp-box-item\"><a href=\"https:\/\/popjazz.fi\/PJKits\/basso\/basso-oppimistavoitevideot\/rytmi-ja-muotorakenteet\/2-4-tahdin-saestysrakenteita-vapailla-kielilla-koko-puoli-neljasosanuotein\/\"  class=\"thumbnail\"><span class=\"img_cropper\" style=\"width:150px;height:150px;margin-right:4px;margin-bottom:4px;max-width:100%;\"><img decoding=\"async\" src=\"https:\/\/popjazz.fi\/PJKits\/basso\/wp-content\/uploads\/sites\/4\/2020\/02\/bs_ic_material_product_icon_192pxxxhdpi-150x150.png\" style=\"position: absolute;top: 50%;margin-top: -75px;aspect-ratio:4\/3;\" srcset=\"\" alt=\"2-4 tahdin s\u00e4estysrakenteita vapailla kielill\u00e4 koko- puoli- &#038; nelj\u00e4sosanuotein\" class=\"wplp_thumb\" \/><\/span><\/a><a href=\"https:\/\/popjazz.fi\/PJKits\/basso\/basso-oppimistavoitevideot\/rytmi-ja-muotorakenteet\/2-4-tahdin-saestysrakenteita-vapailla-kielilla-koko-puoli-neljasosanuotein\/\"  class=\"title\">2-4 tahdin s\u00e4estysrakenteita vapailla kielill\u00e4 koko- puoli- &#038; nelj\u00e4sosanuotein<\/a><\/div><\/div><div id=\"wplp_box_left_1926_1005\" class=\"wpcu-front-box left wpcu-custom-position\" ><div class=\"wplp-box-item\"><\/div><\/div><div id=\"wplp_box_right_1926_1005\" class=\"wpcu-front-box right wpcu-custom-position\" ><div class=\"wplp-box-item\"><\/div><\/div><div id=\"wplp_box_bottom_1926_1005\" class=\"wpcu-front-box bottom \" ><div class=\"wplp-box-item\"><span class=\"date\">21.1.2020<\/span><span class=\"text\"><span style=\"max-height:2.8em\" class=\"line_limit\">Rytmimusiikin ja yhdess\u00e4 soittamisen t\u00e4rkein elementti on rytmi. My\u00f6s kappaleen muodon ja tahtien s\u00e4\u00e4nn\u00f6llisyys ovat taitoja jotka harjaantuvat l\u00e4hes automaattiseksi harjoittelun my\u00f6t\u00e4.\n\n\n\nHarjoittelun aloittaminen vapailla kielill\u00e4 ja perusrytmeill\u00e4 auttaa keskittym\u00e4\u00e4n rytmin ja muodon hallintaan, sek\u00e4 n\u00e4pp\u00e4\u00e4v\u00e4n k\u00e4den motoriikkaan. \n\n\n\n\n\n\n\nKatso my\u00f6s:<\/span><span style=\"margin-left:3px; max-height:2.8em\" class=\"line_limit\"> [...]<\/span><\/span><span class=\"custom_fields\">\n<!-- WPLP Unknown field: Custom_Fields -->\n<\/span><\/div><\/div><\/div><\/div><\/div><div class=\"swiper-button-next\"><\/div><div class=\"swiper-button-prev\"><\/div><div class=\"swiper-pagination\"><\/div><\/div><\/div>\n","protected":false},"excerpt":{"rendered":"<p>Muotrakenteella&nbsp;musiikissa&nbsp;tarkoitetaan musiikkiteoksen tai sen osan musiikillisten elementtien j\u00e4rjestyst\u00e4 ja koostumusta. Musiikillisist\u00e4 elementeist\u00e4 tavallisin,&nbsp;melodia, rakentuu&nbsp;s\u00e4velist\u00e4&nbsp;ja&nbsp;rytmeist\u00e4. Tavallisesti musiikillinen teos koostuu yhdest\u00e4 tai useammasta l\u00e4ht\u00f6kohtana toimivasta rakenneosasta, ja niist\u00e4 muokatuista uusista rakenneosasista, eli&nbsp;variaatioista. Kappaleen l\u00e4ht\u00f6kohtana toimiva musiikin rakenneosa on nimelt\u00e4\u00e4n&nbsp;teema. Yksi yleisimmist\u00e4 populaarimusiikin muotorakenteista on A &#8211; A &#8211; B &#8211; A, jossa s\u00e4keist\u00f6 toistuu kaksi kertaa, jonka &hellip; <a href=\"https:\/\/popjazz.fi\/PJKits\/basso\/basso-oppimistavoitevideot\/rytmi-ja-muotorakenteet\/2-4-tahdin-saestysrakenteita-vapailla-kielilla-koko-puoli-neljasosanuotein\/\" class=\"more-link\">Jatka lukemista<span class=\"screen-reader-text\"> &#8221;2-4 tahdin s\u00e4estysrakenteita vapailla kielill\u00e4 koko- puoli- &#038; nelj\u00e4sosanuotein&#8221;<\/span><\/a><\/p>\n","protected":false},"author":1,"featured_media":1282,"parent":55,"menu_order":21,"comment_status":"closed","ping_status":"closed","template":"","meta":{"footnotes":""},"tags":[],"class_list":["post-1037","page","type-page","status-publish","has-post-thumbnail","hentry"],"_links":{"self":[{"href":"https:\/\/popjazz.fi\/PJKits\/basso\/wp-json\/wp\/v2\/pages\/1037","targetHints":{"allow":["GET"]}}],"collection":[{"href":"https:\/\/popjazz.fi\/PJKits\/basso\/wp-json\/wp\/v2\/pages"}],"about":[{"href":"https:\/\/popjazz.fi\/PJKits\/basso\/wp-json\/wp\/v2\/types\/page"}],"author":[{"embeddable":true,"href":"https:\/\/popjazz.fi\/PJKits\/basso\/wp-json\/wp\/v2\/users\/1"}],"replies":[{"embeddable":true,"href":"https:\/\/popjazz.fi\/PJKits\/basso\/wp-json\/wp\/v2\/comments?post=1037"}],"version-history":[{"count":6,"href":"https:\/\/popjazz.fi\/PJKits\/basso\/wp-json\/wp\/v2\/pages\/1037\/revisions"}],"predecessor-version":[{"id":3358,"href":"https:\/\/popjazz.fi\/PJKits\/basso\/wp-json\/wp\/v2\/pages\/1037\/revisions\/3358"}],"up":[{"embeddable":true,"href":"https:\/\/popjazz.fi\/PJKits\/basso\/wp-json\/wp\/v2\/pages\/55"}],"wp:featuredmedia":[{"embeddable":true,"href":"https:\/\/popjazz.fi\/PJKits\/basso\/wp-json\/wp\/v2\/media\/1282"}],"wp:attachment":[{"href":"https:\/\/popjazz.fi\/PJKits\/basso\/wp-json\/wp\/v2\/media?parent=1037"}],"wp:term":[{"taxonomy":"post_tag","embeddable":true,"href":"https:\/\/popjazz.fi\/PJKits\/basso\/wp-json\/wp\/v2\/tags?post=1037"}],"curies":[{"name":"wp","href":"https:\/\/api.w.org\/{rel}","templated":true}]}}