{"id":1068,"date":"2020-01-21T08:18:00","date_gmt":"2020-01-21T06:18:00","guid":{"rendered":"https:\/\/popjazz.fi\/PJKits\/basso\/?page_id=1068"},"modified":"2021-11-29T16:28:00","modified_gmt":"2021-11-29T14:28:00","slug":"improvisointia-c-duurin-ja-a-mollin-savelilla","status":"publish","type":"page","link":"https:\/\/popjazz.fi\/PJKits\/basso\/basso-oppimistavoitevideot\/melodia-ja-improvisointi\/improvisointia-c-duurin-ja-a-mollin-savelilla\/","title":{"rendered":"Improvisointia C-duurin ja A-mollin s\u00e4velill\u00e4"},"content":{"rendered":"\n<p><strong>Improvisointi<\/strong>&nbsp;tarkoittaa esityksen luomista esitt\u00e4mishetkell\u00e4. Musiikissa improvisoinnin melodiat muodostuvat l\u00e4hestulkoon kokonaan melodisista fraaseista, eli s\u00e4keist\u00e4. Melodiafraasien muodostuminen taasen perustuu lukuisiin skaaloihin, eli asteikoihin. <\/p>\n\n\n\n<p>Kun monta muusikkoa improvisoi samanaikaisesti, he pyrkiv\u00e4t my\u00f6s tarkkailemaan toisiaan ja saamaan vihjeit\u00e4 siit\u00e4, mihin suuntaan esitys on etenem\u00e4ss\u00e4. Opettajan kanssa improvisoiminen harjoittaa kommunikointi- ja kuuntelutaitoja.<\/p>\n\n\n\n<p><strong>C-duuri asteikon s\u00e4velet ovat<\/strong><\/p>\n\n\n\n<figure class=\"wp-block-image size-large\"><img loading=\"lazy\" decoding=\"async\" width=\"1000\" height=\"215\" src=\"https:\/\/popjazz.fi\/PJKits\/basso\/wp-content\/uploads\/sites\/4\/2021\/03\/I-ion.png\" alt=\"\" class=\"wp-image-2867\" srcset=\"https:\/\/popjazz.fi\/PJKits\/basso\/wp-content\/uploads\/sites\/4\/2021\/03\/I-ion.png 1000w, https:\/\/popjazz.fi\/PJKits\/basso\/wp-content\/uploads\/sites\/4\/2021\/03\/I-ion-300x65.png 300w, https:\/\/popjazz.fi\/PJKits\/basso\/wp-content\/uploads\/sites\/4\/2021\/03\/I-ion-150x32.png 150w, https:\/\/popjazz.fi\/PJKits\/basso\/wp-content\/uploads\/sites\/4\/2021\/03\/I-ion-768x165.png 768w\" sizes=\"auto, (max-width: 709px) 85vw, (max-width: 909px) 67vw, (max-width: 1362px) 62vw, 840px\" \/><\/figure>\n\n\n\n<p><strong>A- luonnollisen molliasteikon s\u00e4velet ovat<\/strong><\/p>\n\n\n\n<figure class=\"wp-block-image size-large\"><img loading=\"lazy\" decoding=\"async\" width=\"1000\" height=\"253\" src=\"https:\/\/popjazz.fi\/PJKits\/basso\/wp-content\/uploads\/sites\/4\/2021\/03\/VI-aeo.png\" alt=\"\" class=\"wp-image-2874\" srcset=\"https:\/\/popjazz.fi\/PJKits\/basso\/wp-content\/uploads\/sites\/4\/2021\/03\/VI-aeo.png 1000w, https:\/\/popjazz.fi\/PJKits\/basso\/wp-content\/uploads\/sites\/4\/2021\/03\/VI-aeo-300x76.png 300w, https:\/\/popjazz.fi\/PJKits\/basso\/wp-content\/uploads\/sites\/4\/2021\/03\/VI-aeo-150x38.png 150w, https:\/\/popjazz.fi\/PJKits\/basso\/wp-content\/uploads\/sites\/4\/2021\/03\/VI-aeo-768x194.png 768w\" sizes=\"auto, (max-width: 709px) 85vw, (max-width: 909px) 67vw, (max-width: 1362px) 62vw, 840px\" \/><\/figure>\n\n\n\n<h4 class=\"wp-block-heading\">Video<\/h4>\n\n\n\n<figure class=\"wp-block-image size-large is-resized\"><img loading=\"lazy\" decoding=\"async\" src=\"https:\/\/popjazz.fi\/PJKits\/basso\/wp-content\/uploads\/sites\/4\/2020\/09\/tulossa5-908x1024.png\" alt=\"\" class=\"wp-image-2524\" width=\"200\" height=\"225\" srcset=\"https:\/\/popjazz.fi\/PJKits\/basso\/wp-content\/uploads\/sites\/4\/2020\/09\/tulossa5-908x1024.png 908w, https:\/\/popjazz.fi\/PJKits\/basso\/wp-content\/uploads\/sites\/4\/2020\/09\/tulossa5-266x300.png 266w, https:\/\/popjazz.fi\/PJKits\/basso\/wp-content\/uploads\/sites\/4\/2020\/09\/tulossa5-133x150.png 133w, https:\/\/popjazz.fi\/PJKits\/basso\/wp-content\/uploads\/sites\/4\/2020\/09\/tulossa5-768x866.png 768w, https:\/\/popjazz.fi\/PJKits\/basso\/wp-content\/uploads\/sites\/4\/2020\/09\/tulossa5.png 1000w\" sizes=\"auto, (max-width: 200px) 85vw, 200px\" \/><\/figure>\n\n\n\n<p><br><\/p>\n\n\n\n<hr class=\"wp-block-separator\"\/>\n\n\n\n<p class=\"has-medium-font-size\">Katso my\u00f6s:<\/p>\n\n\n<style><\/style><div class=\"wplp_outside wplp_widget_1959\" style=\"max-width:100%;\"><span class=\"wpcu_block_title\">Improvisointia C-duurin ja A-mollin s\u00e4velill\u00e4 opettajan kanssa<\/span><div id=\"wplp_widget_1959\" class=\"wplp_widget_default wplp_container vertical swiper wplp-swiper default cols3\" data-theme=\"default\" data-post=\"1959\" style=\"\" data-max-elts=\"7\" data-per-page=\"10\"><div class=\"wplp_listposts swiper-wrapper\" id=\"default_1959\" style=\"width: 100%;\" ><div class=\"swiper-slide\" style=\"\"><div class=\"insideframe\"><div id=\"wplp_box_top_1959_351\" class=\"wpcu-front-box top equalHeightImg\" ><div class=\"wplp-box-item\"><a href=\"https:\/\/popjazz.fi\/PJKits\/basso\/basso-oppimistavoitevideot\/harmonia\/aiolinen\/\"  class=\"thumbnail\"><span class=\"img_cropper\" style=\"width:150px;height:150px;margin-right:4px;margin-bottom:4px;max-width:100%;\"><img decoding=\"async\" src=\"https:\/\/popjazz.fi\/PJKits\/basso\/wp-content\/uploads\/sites\/4\/2020\/02\/bs_ic_material_product_icon_192pxxxhdpi-150x150.png\" style=\"position: absolute;top: 50%;margin-top: -75px;aspect-ratio:4\/3;\" srcset=\"\" alt=\"Aiolinen\" class=\"wplp_thumb\" \/><\/span><\/a><a href=\"https:\/\/popjazz.fi\/PJKits\/basso\/basso-oppimistavoitevideot\/harmonia\/aiolinen\/\"  class=\"title\">Aiolinen<\/a><\/div><\/div><div id=\"wplp_box_left_1959_351\" class=\"wpcu-front-box left wpcu-custom-position\" ><div class=\"wplp-box-item\"><\/div><\/div><div id=\"wplp_box_right_1959_351\" class=\"wpcu-front-box right wpcu-custom-position\" ><div class=\"wplp-box-item\"><\/div><\/div><div id=\"wplp_box_bottom_1959_351\" class=\"wpcu-front-box bottom \" ><div class=\"wplp-box-item\"><span class=\"date\">5.10.2019<\/span><span class=\"text\"><span style=\"max-height:2.8em\" class=\"line_limit\">Moodit, eli kirkkos\u00e4vellajit ovat duuriasteikon eri s\u00e4velilt\u00e4 alkavia itsen\u00e4isi\u00e4 7 s\u00e4velisi\u00e4 asteikkoja. Kuudennelta s\u00e4velelt\u00e4 alkava asteikko on nimelt\u00e4\u00e4n aiolinen, joka on mollis\u00e4vytteinen. Esimerkiksi A aiolinen jakaa s\u00e4velet C duuriasteikon kanssa. Aiolisen asteikon s\u00e4velet ovat 1, 2, alennettu 3, 4, 5, alennettu 6 ja alennettu 7. Aiolisen karakt\u00e4\u00e4ris\u00e4vel on alennettu kolme ja seiska ja ominainen sointu on molliseits\u00e4m\u00e4n, esimerkiksi Am7\n\n\n\n\n\n\n\nVideo\n\n\n\n\n\n\n\n\n\n\n\n\n\nKatso my\u00f6s:<\/span><span style=\"margin-left:3px; max-height:2.8em\" class=\"line_limit\"> [...]<\/span><\/span><span class=\"custom_fields\">\n<!-- WPLP Unknown field: Custom_Fields -->\n<\/span><\/div><\/div><\/div><\/div><div class=\"swiper-slide\" style=\"\"><div class=\"insideframe\"><div id=\"wplp_box_top_1959_341\" class=\"wpcu-front-box top equalHeightImg\" ><div class=\"wplp-box-item\"><a href=\"https:\/\/popjazz.fi\/PJKits\/basso\/basso-oppimistavoitevideot\/harmonia\/jooninen\/\"  class=\"thumbnail\"><span class=\"img_cropper\" style=\"width:150px;height:150px;margin-right:4px;margin-bottom:4px;max-width:100%;\"><img decoding=\"async\" src=\"https:\/\/popjazz.fi\/PJKits\/basso\/wp-content\/uploads\/sites\/4\/2020\/02\/bs_ic_material_product_icon_192pxxxhdpi-150x150.png\" style=\"position: absolute;top: 50%;margin-top: -75px;aspect-ratio:4\/3;\" srcset=\"\" alt=\"Jooninen\" class=\"wplp_thumb\" \/><\/span><\/a><a href=\"https:\/\/popjazz.fi\/PJKits\/basso\/basso-oppimistavoitevideot\/harmonia\/jooninen\/\"  class=\"title\">Jooninen<\/a><\/div><\/div><div id=\"wplp_box_left_1959_341\" class=\"wpcu-front-box left wpcu-custom-position\" ><div class=\"wplp-box-item\"><\/div><\/div><div id=\"wplp_box_right_1959_341\" class=\"wpcu-front-box right wpcu-custom-position\" ><div class=\"wplp-box-item\"><\/div><\/div><div id=\"wplp_box_bottom_1959_341\" class=\"wpcu-front-box bottom \" ><div class=\"wplp-box-item\"><span class=\"date\">5.10.2019<\/span><span class=\"text\"><span style=\"max-height:2.8em\" class=\"line_limit\">Moodit, eli kirkkos\u00e4vellajit ovat duuriasteikon eri s\u00e4velilt\u00e4 alkavia itsen\u00e4isi\u00e4 seitsens\u00e4velisi\u00e4 asteikkoja. Ensimm\u00e4iselt\u00e4 s\u00e4velelt\u00e4 alkava moodi on nimelt\u00e4\u00e4n jooninen, eli duuriasteikko. \n\n\n\nJoonisen asteikon s\u00e4velet ovat 1, 2, 3, 4, 5, 6 ja 7. Jooniselle ominainen sointu on duuri maij seiska, esimerkiksi Cmaj7.\n\n\n\n\n\n\n\nVideo\n\n\n\n\n\n\n\n\n\n\n\n\n\nKatso my\u00f6s:<\/span><span style=\"margin-left:3px; max-height:2.8em\" class=\"line_limit\"> [...]<\/span><\/span><span class=\"custom_fields\">\n<!-- WPLP Unknown field: Custom_Fields -->\n<\/span><\/div><\/div><\/div><\/div><div class=\"swiper-slide\" style=\"\"><div class=\"insideframe\"><div id=\"wplp_box_top_1959_397\" class=\"wpcu-front-box top equalHeightImg\" ><div class=\"wplp-box-item\"><a href=\"https:\/\/popjazz.fi\/PJKits\/basso\/basso-oppimistavoitevideot\/melodia-ja-improvisointi\/saestysrytmien-variointi\/\"  class=\"thumbnail\"><span class=\"img_cropper\" style=\"width:150px;height:150px;margin-right:4px;margin-bottom:4px;max-width:100%;\"><img decoding=\"async\" src=\"https:\/\/popjazz.fi\/PJKits\/basso\/wp-content\/uploads\/sites\/4\/2020\/02\/bs_ic_material_product_icon_192pxxxhdpi-150x150.png\" style=\"position: absolute;top: 50%;margin-top: -75px;aspect-ratio:4\/3;\" srcset=\"\" alt=\"S\u00e4estysrytmien variointi\" class=\"wplp_thumb\" \/><\/span><\/a><a href=\"https:\/\/popjazz.fi\/PJKits\/basso\/basso-oppimistavoitevideot\/melodia-ja-improvisointi\/saestysrytmien-variointi\/\"  class=\"title\">S\u00e4estysrytmien variointi<\/a><\/div><\/div><div id=\"wplp_box_left_1959_397\" class=\"wpcu-front-box left wpcu-custom-position\" ><div class=\"wplp-box-item\"><\/div><\/div><div id=\"wplp_box_right_1959_397\" class=\"wpcu-front-box right wpcu-custom-position\" ><div class=\"wplp-box-item\"><\/div><\/div><div id=\"wplp_box_bottom_1959_397\" class=\"wpcu-front-box bottom \" ><div class=\"wplp-box-item\"><span class=\"date\">6.10.2019<\/span><span class=\"text\"><span style=\"max-height:2.8em\" class=\"line_limit\">Yleisimpi\u00e4 improvisoinnin muotoja bassolla on s\u00e4estysrytmien variointi, eli vaihtoehtoisten rytmien luominen soittohetkell\u00e4. Rytmin varioinnin mukana voi olla my\u00f6s harmonista muuntelua sointus\u00e4velien mukaan. \n\n\n\nVideo\n\n\n\n\n\nVariointiesimerkkej\u00e4 beat-, four beat- ja cha-cha -s\u00e4estysrytmeill\u00e4\n\n\n\n\n\n\n\nKatso my\u00f6s:<\/span><span style=\"margin-left:3px; max-height:2.8em\" class=\"line_limit\"> [...]<\/span><\/span><span class=\"custom_fields\">\n<!-- WPLP Unknown field: Custom_Fields -->\n<\/span><\/div><\/div><\/div><\/div><div class=\"swiper-slide\" style=\"\"><div class=\"insideframe\"><div id=\"wplp_box_top_1959_871\" class=\"wpcu-front-box top equalHeightImg\" ><div class=\"wplp-box-item\"><a href=\"https:\/\/popjazz.fi\/PJKits\/basso\/basso-oppimistavoitevideot\/harmonia\/a-luonnollinen-molli-i-asemasta\/\"  class=\"thumbnail\"><span class=\"img_cropper\" style=\"width:150px;height:150px;margin-right:4px;margin-bottom:4px;max-width:100%;\"><img decoding=\"async\" src=\"https:\/\/popjazz.fi\/PJKits\/basso\/wp-content\/uploads\/sites\/4\/2020\/02\/bs_ic_material_product_icon_192pxxxhdpi-150x150.png\" style=\"position: absolute;top: 50%;margin-top: -75px;aspect-ratio:4\/3;\" srcset=\"\" alt=\"A-luonnollinen molli I-asemasta\" class=\"wplp_thumb\" \/><\/span><\/a><a href=\"https:\/\/popjazz.fi\/PJKits\/basso\/basso-oppimistavoitevideot\/harmonia\/a-luonnollinen-molli-i-asemasta\/\"  class=\"title\">A-luonnollinen molli I-asemasta<\/a><\/div><\/div><div id=\"wplp_box_left_1959_871\" class=\"wpcu-front-box left wpcu-custom-position\" ><div class=\"wplp-box-item\"><\/div><\/div><div id=\"wplp_box_right_1959_871\" class=\"wpcu-front-box right wpcu-custom-position\" ><div class=\"wplp-box-item\"><\/div><\/div><div id=\"wplp_box_bottom_1959_871\" class=\"wpcu-front-box bottom \" ><div class=\"wplp-box-item\"><span class=\"date\">20.1.2020<\/span><span class=\"text\"><span style=\"max-height:2.8em\" class=\"line_limit\">A- luonnollisen molliasteikon s\u00e4velet ovat A, B, C, D, E, F ja G\n\n\n\n\n\n\n\nI- asemasta soittaessa otelautak\u00e4den etusormi on 1. nauhavaliss\u00e4, keskisormi 2. nauhav\u00e4liss\u00e4 jne. N\u00e4in ollen osa asteikon \u00e4\u00e4nist\u00e4 tulee soitettavaksi vapailta kielilt\u00e4.\n\n\n\nVideo\n\n\n\n\n\nLuonnollinen A-molli\n\n\n\n\n\n\n\nKatso my\u00f6s:<\/span><span style=\"margin-left:3px; max-height:2.8em\" class=\"line_limit\"> [...]<\/span><\/span><span class=\"custom_fields\">\n<!-- WPLP Unknown field: Custom_Fields -->\n<\/span><\/div><\/div><\/div><\/div><div class=\"swiper-slide\" style=\"\"><div class=\"insideframe\"><div id=\"wplp_box_top_1959_53\" class=\"wpcu-front-box top equalHeightImg\" ><div class=\"wplp-box-item\"><a href=\"https:\/\/popjazz.fi\/PJKits\/basso\/basso-oppimistavoitevideot\/harmonia\/c-duuriasteikko-i-asemasta\/\"  class=\"thumbnail\"><span class=\"img_cropper\" style=\"width:150px;height:150px;margin-right:4px;margin-bottom:4px;max-width:100%;\"><img decoding=\"async\" src=\"https:\/\/popjazz.fi\/PJKits\/basso\/wp-content\/uploads\/sites\/4\/2020\/02\/bs_ic_material_product_icon_192pxxxhdpi-150x150.png\" style=\"position: absolute;top: 50%;margin-top: -75px;aspect-ratio:4\/3;\" srcset=\"\" alt=\"C-duuriasteikko I-asemasta\" class=\"wplp_thumb\" \/><\/span><\/a><a href=\"https:\/\/popjazz.fi\/PJKits\/basso\/basso-oppimistavoitevideot\/harmonia\/c-duuriasteikko-i-asemasta\/\"  class=\"title\">C-duuriasteikko I-asemasta<\/a><\/div><\/div><div id=\"wplp_box_left_1959_53\" class=\"wpcu-front-box left wpcu-custom-position\" ><div class=\"wplp-box-item\"><\/div><\/div><div id=\"wplp_box_right_1959_53\" class=\"wpcu-front-box right wpcu-custom-position\" ><div class=\"wplp-box-item\"><\/div><\/div><div id=\"wplp_box_bottom_1959_53\" class=\"wpcu-front-box bottom \" ><div class=\"wplp-box-item\"><span class=\"date\">22.9.2019<\/span><span class=\"text\"><span style=\"max-height:2.8em\" class=\"line_limit\">C-duuri asteikon s\u00e4velet ovat C, D, E, F, G, A ja B\n\n\n\n\n\n\n\nI- asemasta soittaessa otelautak\u00e4den etusormi on 1. nauhavaliss\u00e4, keskisormi 2. nauhav\u00e4liss\u00e4 jne. N\u00e4in ollen osa asteikon \u00e4\u00e4nist\u00e4 tulee soitettavaksi vapailta kielilt\u00e4.\n\n\n\nVideo\n\n\n\n\n\n\n\n\n\n\n\n\n\nKatso my\u00f6s:<\/span><span style=\"margin-left:3px; max-height:2.8em\" class=\"line_limit\"> [...]<\/span><\/span><span class=\"custom_fields\">\n<!-- WPLP Unknown field: Custom_Fields -->\n<\/span><\/div><\/div><\/div><\/div><div class=\"swiper-slide\" style=\"\"><div class=\"insideframe\"><div id=\"wplp_box_top_1959_37\" class=\"wpcu-front-box top equalHeightImg\" ><div class=\"wplp-box-item\"><a href=\"https:\/\/popjazz.fi\/PJKits\/basso\/basso-oppimistavoitevideot\/instrumentin-hallinta\/sykkeen-itsenainen-yllapitaminen-soittaessa\/\"  class=\"thumbnail\"><span class=\"img_cropper\" style=\"width:150px;height:150px;margin-right:4px;margin-bottom:4px;max-width:100%;\"><img decoding=\"async\" src=\"https:\/\/popjazz.fi\/PJKits\/basso\/wp-content\/uploads\/sites\/4\/2020\/02\/bs_ic_material_product_icon_192pxxxhdpi-150x150.png\" style=\"position: absolute;top: 50%;margin-top: -75px;aspect-ratio:4\/3;\" srcset=\"\" alt=\"Sykkeen itsen\u00e4inen yll\u00e4pit\u00e4minen soittaessa\" class=\"wplp_thumb\" \/><\/span><\/a><a href=\"https:\/\/popjazz.fi\/PJKits\/basso\/basso-oppimistavoitevideot\/instrumentin-hallinta\/sykkeen-itsenainen-yllapitaminen-soittaessa\/\"  class=\"title\">Sykkeen itsen\u00e4inen yll\u00e4pit\u00e4minen soittaessa<\/a><\/div><\/div><div id=\"wplp_box_left_1959_37\" class=\"wpcu-front-box left wpcu-custom-position\" ><div class=\"wplp-box-item\"><\/div><\/div><div id=\"wplp_box_right_1959_37\" class=\"wpcu-front-box right wpcu-custom-position\" ><div class=\"wplp-box-item\"><\/div><\/div><div id=\"wplp_box_bottom_1959_37\" class=\"wpcu-front-box bottom \" ><div class=\"wplp-box-item\"><span class=\"date\">22.9.2019<\/span><span class=\"text\"><span style=\"max-height:2.8em\" class=\"line_limit\">Basson p\u00e4\u00e4roolit b\u00e4ndiss\u00e4 on luoda harmoninen pohja ja yll\u00e4pit\u00e4\u00e4 sykett\u00e4. \n\n\n\nSykkeen itsen\u00e4inen yll\u00e4pit\u00e4minen soittaessa tarkoittaa taitoa soittaa valitussa tempossa niin, ett\u00e4 tempo ei kiihdy eik\u00e4 hidastu, ja kappale etenee my\u00f6s yksin soittaessa samoin &#8221;kuten b\u00e4ndin kanssa soittaessa&#8221;.  \n\n\n\nParas tapa &#8221;lukita&#8221; syke on kiinnitt\u00e4\u00e4 se kehoon, esim. jalkaan, tai muuhun kehon rytmiseen liikkeeseen. N\u00e4in keho toimii rytmipohjana omalle soitolle mit\u00e4 &#8221;vasten voi peilata&#8221; soitton rytmit.\n\n\n\nKehon ja soittimen yht\u00e4aikainen hallinta vaatii harjoittelua ja on osa bassonsoitossa tarvittavia koordinaatiotaitoja.\n\n\n\nSykkeen yll\u00e4pit\u00e4minen kehossa\n\n\n\n\n\n\n\n\n\nSykkeen yll\u00e4pit\u00e4minen soittaen\n\n\n\n\n\n\n\n\n\nSoittoesimerkki\n\n\n\n\n\n\n\n\n\n\n\nKatso my\u00f6s:<\/span><span style=\"margin-left:3px; max-height:2.8em\" class=\"line_limit\"> [...]<\/span><\/span><span class=\"custom_fields\">\n<!-- WPLP Unknown field: Custom_Fields -->\n<\/span><\/div><\/div><\/div><\/div><div class=\"swiper-slide\" style=\"\"><div class=\"insideframe\"><div id=\"wplp_box_top_1959_858\" class=\"wpcu-front-box top equalHeightImg\" ><div class=\"wplp-box-item\"><a href=\"https:\/\/popjazz.fi\/PJKits\/basso\/basso-oppimistavoitevideot\/harmonia\/a-b-c-d-e-f-g\/\"  class=\"thumbnail\"><span class=\"img_cropper\" style=\"width:150px;height:150px;margin-right:4px;margin-bottom:4px;max-width:100%;\"><img decoding=\"async\" src=\"https:\/\/popjazz.fi\/PJKits\/basso\/wp-content\/uploads\/sites\/4\/2020\/02\/bs_ic_material_product_icon_192pxxxhdpi-150x150.png\" style=\"position: absolute;top: 50%;margin-top: -75px;aspect-ratio:4\/3;\" srcset=\"\" alt=\"a, b, c, d, e, f, g\" class=\"wplp_thumb\" \/><\/span><\/a><a href=\"https:\/\/popjazz.fi\/PJKits\/basso\/basso-oppimistavoitevideot\/harmonia\/a-b-c-d-e-f-g\/\"  class=\"title\">a, b, c, d, e, f, g<\/a><\/div><\/div><div id=\"wplp_box_left_1959_858\" class=\"wpcu-front-box left wpcu-custom-position\" ><div class=\"wplp-box-item\"><\/div><\/div><div id=\"wplp_box_right_1959_858\" class=\"wpcu-front-box right wpcu-custom-position\" ><div class=\"wplp-box-item\"><\/div><\/div><div id=\"wplp_box_bottom_1959_858\" class=\"wpcu-front-box bottom \" ><div class=\"wplp-box-item\"><span class=\"date\">20.1.2020<\/span><span class=\"text\"><span style=\"max-height:2.8em\" class=\"line_limit\">Nuottiaakkoset ovat  musiikissa k\u00e4ytett\u00e4v\u00e4t aakkoset joilla kirjoitetaan musiikki \u00e4\u00e4net luettavaan muotoon. Jokaiselle nuotille on oma kirjaimensa, jotka ilmaisevat s\u00e4velkorkeuden. S\u00e4velkorkeudet voivat olla my\u00f6s ylennettyj\u00e4 tai alennettuja. Normaalivireisen basson kaulalla kaikki kaikki muut nuottiaakkoset l\u00f6ytyv\u00e4t vapailta kielilt\u00e4, paitsi B,C ja F\n\n\n\n\n\n\n\nAlennetut nuottiaakkosetAlennetun nuottiaakkosen per\u00e4\u00e4n lis\u00e4t\u00e4\u00e4n alennusmerkki b, esim Ab (alennettu A) tai Gb (alennettu G).  \n\n\n\nAlennettua nuottia voidaan kuvata my\u00f6s lis\u00e4\u00e4m\u00e4ll\u00e4 per\u00e4\u00e4n &#8221;es&#8221; tai pelkk\u00e4 &#8221;s&#8221;,  esim As (alennettu A) tai Ges (alennettu G). \n\n\n\nPoikkeuksen  B, joka alennettuna on Bb. B voi olla my\u00f6s monesti korvattu kirjaimella H alennetun H:n ollessa kuitenkin edelleen Bb. \n\n\n\n\n\n\n\nYlennetyt nuottiaaksetYlennetyn nuottiaakkosen per\u00e4\u00e4n lis\u00e4t\u00e4\u00e4n ylennysmerkki #, esim. A# (ylennetty A) tai G# ( ylennetty G). \n\n\n\nYlennetty\u00e4 nuottia voidaan kuvata my\u00f6s lis\u00e4\u00e4m\u00e4ss\u00e4 per\u00e4\u00e4n &#8221;is&#8221; esim. Cis (ylennetty C) tai Fis (ylennetty F)\n\n\n\n\n\n\n\nVideo\n\n\n\n\n\nNuottiaakkoset\n\n\n\n\n\n\n\nKatso my\u00f6s:<\/span><span style=\"margin-left:3px; max-height:2.8em\" class=\"line_limit\"> [...]<\/span><\/span><span class=\"custom_fields\">\n<!-- WPLP Unknown field: Custom_Fields -->\n<\/span><\/div><\/div><\/div><\/div><\/div><div class=\"swiper-button-next\"><\/div><div class=\"swiper-button-prev\"><\/div><div class=\"swiper-pagination\"><\/div><\/div><\/div>\n\n\n\n<p><\/p>\n","protected":false},"excerpt":{"rendered":"<p>Improvisointi&nbsp;tarkoittaa esityksen luomista esitt\u00e4mishetkell\u00e4. Musiikissa improvisoinnin melodiat muodostuvat l\u00e4hestulkoon kokonaan melodisista fraaseista, eli s\u00e4keist\u00e4. Melodiafraasien muodostuminen taasen perustuu lukuisiin skaaloihin, eli asteikoihin. Kun monta muusikkoa improvisoi samanaikaisesti, he pyrkiv\u00e4t my\u00f6s tarkkailemaan toisiaan ja saamaan vihjeit\u00e4 siit\u00e4, mihin suuntaan esitys on etenem\u00e4ss\u00e4. Opettajan kanssa improvisoiminen harjoittaa kommunikointi- ja kuuntelutaitoja. C-duuri asteikon s\u00e4velet ovat A- luonnollisen molliasteikon &hellip; <a href=\"https:\/\/popjazz.fi\/PJKits\/basso\/basso-oppimistavoitevideot\/harmonia\/a-b-c-d-e-f-g\/\" class=\"more-link\">Jatka lukemista<span class=\"screen-reader-text\"> &#8221;a, b, c, d, e, f, g&#8221;<\/span><\/a><\/p>\n","protected":false},"author":1,"featured_media":1282,"parent":67,"menu_order":7,"comment_status":"closed","ping_status":"closed","template":"","meta":{"footnotes":""},"tags":[],"class_list":["post-1068","page","type-page","status-publish","has-post-thumbnail","hentry"],"_links":{"self":[{"href":"https:\/\/popjazz.fi\/PJKits\/basso\/wp-json\/wp\/v2\/pages\/1068","targetHints":{"allow":["GET"]}}],"collection":[{"href":"https:\/\/popjazz.fi\/PJKits\/basso\/wp-json\/wp\/v2\/pages"}],"about":[{"href":"https:\/\/popjazz.fi\/PJKits\/basso\/wp-json\/wp\/v2\/types\/page"}],"author":[{"embeddable":true,"href":"https:\/\/popjazz.fi\/PJKits\/basso\/wp-json\/wp\/v2\/users\/1"}],"replies":[{"embeddable":true,"href":"https:\/\/popjazz.fi\/PJKits\/basso\/wp-json\/wp\/v2\/comments?post=1068"}],"version-history":[{"count":6,"href":"https:\/\/popjazz.fi\/PJKits\/basso\/wp-json\/wp\/v2\/pages\/1068\/revisions"}],"predecessor-version":[{"id":3468,"href":"https:\/\/popjazz.fi\/PJKits\/basso\/wp-json\/wp\/v2\/pages\/1068\/revisions\/3468"}],"up":[{"embeddable":true,"href":"https:\/\/popjazz.fi\/PJKits\/basso\/wp-json\/wp\/v2\/pages\/67"}],"wp:featuredmedia":[{"embeddable":true,"href":"https:\/\/popjazz.fi\/PJKits\/basso\/wp-json\/wp\/v2\/media\/1282"}],"wp:attachment":[{"href":"https:\/\/popjazz.fi\/PJKits\/basso\/wp-json\/wp\/v2\/media?parent=1068"}],"wp:term":[{"taxonomy":"post_tag","embeddable":true,"href":"https:\/\/popjazz.fi\/PJKits\/basso\/wp-json\/wp\/v2\/tags?post=1068"}],"curies":[{"name":"wp","href":"https:\/\/api.w.org\/{rel}","templated":true}]}}