{"id":1070,"date":"2020-01-21T08:18:19","date_gmt":"2020-01-21T06:18:19","guid":{"rendered":"https:\/\/popjazz.fi\/PJKits\/basso\/?page_id=1070"},"modified":"2021-03-30T17:45:58","modified_gmt":"2021-03-30T14:45:58","slug":"improvisointia-duuri-ja-luonnollisella-molliasteikolla-sovitun-muotorakenteen-mukaan","status":"publish","type":"page","link":"https:\/\/popjazz.fi\/PJKits\/basso\/basso-oppimistavoitevideot\/melodia-ja-improvisointi\/improvisointia-duuri-ja-luonnollisella-molliasteikolla-sovitun-muotorakenteen-mukaan\/","title":{"rendered":"Improvisointia duuri- ja luonnollisella molliasteikolla sovitun muotorakenteen mukaan"},"content":{"rendered":"\n<p><strong>Improvisointi<\/strong>&nbsp;tarkoittaa esityksen luomista esitt\u00e4mishetkell\u00e4. Musiikissa improvisoinnin melodiat muodostuvat l\u00e4hestulkoon kokonaan melodisista fraaseista, eli s\u00e4keist\u00e4. Melodiafraasien muodostuminen taasen perustuu lukuisiin skaaloihin, eli asteikoihin. <\/p>\n\n\n\n<p>Tonaalisen musiikin perusta on duuriasteikko. Jokaiselle duuriasteikolle on olemassa my\u00f6s rinnakkaismolli, jossa molliasteikko k\u00e4ytt\u00e4\u00e4 samoja s\u00e4veli\u00e4 kuin rinnakkaisduuri, molliasteikon toonikas\u00e4velen ollessa sama kuin duuriasteikon kuudes. T\u00e4st\u00e4 molliasteikosta k\u00e4ytet\u00e4\u00e4n nimityst\u00e4 luonnollinen molli.<\/p>\n\n\n\n<p>Melodiarytmien lis\u00e4ksi improvisoinnissa noudatetaan yleens\u00e4 my\u00f6s kappaleen muotorakennetta. T\u00e4st\u00e4 poikkeuksena esimerkiksi free-jazz, jossa saatetaan jopa tarkoituksellisesti rikkoa muotorakennetta. <\/p>\n\n\n\n<h4 class=\"wp-block-heading\">Duuriasteikolla improvisointi<\/h4>\n\n\n\n<figure class=\"wp-block-embed-vimeo wp-block-embed is-type-video is-provider-vimeo wp-embed-aspect-16-9 wp-has-aspect-ratio\"><div class=\"wp-block-embed__wrapper\">\n<iframe loading=\"lazy\" src=\"https:\/\/player.vimeo.com\/video\/521923644?dnt=1&amp;app_id=122963\" width=\"840\" height=\"473\" frameborder=\"0\" allow=\"autoplay; fullscreen; picture-in-picture\" allowfullscreen><\/iframe>\n<\/div><figcaption>Duuriasteikolla improvisointi muotorakenteessa<\/figcaption><\/figure>\n\n\n\n<h4 class=\"wp-block-heading\">Luonnollisella molliasteikolla improvisointi<\/h4>\n\n\n\n<figure class=\"wp-block-embed-vimeo wp-block-embed is-type-video is-provider-vimeo wp-embed-aspect-16-9 wp-has-aspect-ratio\"><div class=\"wp-block-embed__wrapper\">\n<iframe loading=\"lazy\" src=\"https:\/\/player.vimeo.com\/video\/521923692?dnt=1&amp;app_id=122963\" width=\"840\" height=\"473\" frameborder=\"0\" allow=\"autoplay; fullscreen; picture-in-picture\" allowfullscreen><\/iframe>\n<\/div><figcaption>Luonnollisella molliasteikolla improvisointi muotorakenteessa<\/figcaption><\/figure>\n\n\n\n<hr class=\"wp-block-separator\"\/>\n\n\n\n<p class=\"has-medium-font-size\">Katso my\u00f6s:<\/p>\n\n\n<style><\/style><div class=\"wplp_outside wplp_widget_1962\" style=\"max-width:100%;\"><span class=\"wpcu_block_title\">Improvisointia duuri- ja luonnollisella molliasteikolla sovitun muotorakenteen mukaan<\/span><div id=\"wplp_widget_1962\" class=\"wplp_widget_default wplp_container vertical swiper wplp-swiper default cols3\" data-theme=\"default\" data-post=\"1962\" style=\"\" data-max-elts=\"6\" data-per-page=\"10\"><div class=\"wplp_listposts swiper-wrapper\" id=\"default_1962\" style=\"width: 100%;\" ><div class=\"swiper-slide\" style=\"\"><div class=\"insideframe\"><div id=\"wplp_box_top_1962_351\" class=\"wpcu-front-box top equalHeightImg\" ><div class=\"wplp-box-item\"><a href=\"https:\/\/popjazz.fi\/PJKits\/basso\/basso-oppimistavoitevideot\/harmonia\/aiolinen\/\"  class=\"thumbnail\"><span class=\"img_cropper\" style=\"width:150px;height:150px;margin-right:4px;margin-bottom:4px;max-width:100%;\"><img decoding=\"async\" src=\"https:\/\/popjazz.fi\/PJKits\/basso\/wp-content\/uploads\/sites\/4\/2020\/02\/bs_ic_material_product_icon_192pxxxhdpi-150x150.png\" style=\"position: absolute;top: 50%;margin-top: -75px;aspect-ratio:4\/3;\" srcset=\"\" alt=\"Aiolinen\" class=\"wplp_thumb\" \/><\/span><\/a><a href=\"https:\/\/popjazz.fi\/PJKits\/basso\/basso-oppimistavoitevideot\/harmonia\/aiolinen\/\"  class=\"title\">Aiolinen<\/a><\/div><\/div><div id=\"wplp_box_left_1962_351\" class=\"wpcu-front-box left wpcu-custom-position\" ><div class=\"wplp-box-item\"><\/div><\/div><div id=\"wplp_box_right_1962_351\" class=\"wpcu-front-box right wpcu-custom-position\" ><div class=\"wplp-box-item\"><\/div><\/div><div id=\"wplp_box_bottom_1962_351\" class=\"wpcu-front-box bottom \" ><div class=\"wplp-box-item\"><span class=\"date\">5.10.2019<\/span><span class=\"text\"><span style=\"max-height:2.8em\" class=\"line_limit\">Moodit, eli kirkkos\u00e4vellajit ovat duuriasteikon eri s\u00e4velilt\u00e4 alkavia itsen\u00e4isi\u00e4 7 s\u00e4velisi\u00e4 asteikkoja. Kuudennelta s\u00e4velelt\u00e4 alkava asteikko on nimelt\u00e4\u00e4n aiolinen, joka on mollis\u00e4vytteinen. Esimerkiksi A aiolinen jakaa s\u00e4velet C duuriasteikon kanssa. Aiolisen asteikon s\u00e4velet ovat 1, 2, alennettu 3, 4, 5, alennettu 6 ja alennettu 7. Aiolisen karakt\u00e4\u00e4ris\u00e4vel on alennettu kolme ja seiska ja ominainen sointu on molliseits\u00e4m\u00e4n, esimerkiksi Am7\n\n\n\n\n\n\n\nVideo\n\n\n\n\n\n\n\n\n\n\n\n\n\nKatso my\u00f6s:<\/span><span style=\"margin-left:3px; max-height:2.8em\" class=\"line_limit\"> [...]<\/span><\/span><span class=\"custom_fields\">\n<!-- WPLP Unknown field: Custom_Fields -->\n<\/span><\/div><\/div><\/div><\/div><div class=\"swiper-slide\" style=\"\"><div class=\"insideframe\"><div id=\"wplp_box_top_1962_341\" class=\"wpcu-front-box top equalHeightImg\" ><div class=\"wplp-box-item\"><a href=\"https:\/\/popjazz.fi\/PJKits\/basso\/basso-oppimistavoitevideot\/harmonia\/jooninen\/\"  class=\"thumbnail\"><span class=\"img_cropper\" style=\"width:150px;height:150px;margin-right:4px;margin-bottom:4px;max-width:100%;\"><img decoding=\"async\" src=\"https:\/\/popjazz.fi\/PJKits\/basso\/wp-content\/uploads\/sites\/4\/2020\/02\/bs_ic_material_product_icon_192pxxxhdpi-150x150.png\" style=\"position: absolute;top: 50%;margin-top: -75px;aspect-ratio:4\/3;\" srcset=\"\" alt=\"Jooninen\" class=\"wplp_thumb\" \/><\/span><\/a><a href=\"https:\/\/popjazz.fi\/PJKits\/basso\/basso-oppimistavoitevideot\/harmonia\/jooninen\/\"  class=\"title\">Jooninen<\/a><\/div><\/div><div id=\"wplp_box_left_1962_341\" class=\"wpcu-front-box left wpcu-custom-position\" ><div class=\"wplp-box-item\"><\/div><\/div><div id=\"wplp_box_right_1962_341\" class=\"wpcu-front-box right wpcu-custom-position\" ><div class=\"wplp-box-item\"><\/div><\/div><div id=\"wplp_box_bottom_1962_341\" class=\"wpcu-front-box bottom \" ><div class=\"wplp-box-item\"><span class=\"date\">5.10.2019<\/span><span class=\"text\"><span style=\"max-height:2.8em\" class=\"line_limit\">Moodit, eli kirkkos\u00e4vellajit ovat duuriasteikon eri s\u00e4velilt\u00e4 alkavia itsen\u00e4isi\u00e4 seitsens\u00e4velisi\u00e4 asteikkoja. Ensimm\u00e4iselt\u00e4 s\u00e4velelt\u00e4 alkava moodi on nimelt\u00e4\u00e4n jooninen, eli duuriasteikko. \n\n\n\nJoonisen asteikon s\u00e4velet ovat 1, 2, 3, 4, 5, 6 ja 7. Jooniselle ominainen sointu on duuri maij seiska, esimerkiksi Cmaj7.\n\n\n\n\n\n\n\nVideo\n\n\n\n\n\n\n\n\n\n\n\n\n\nKatso my\u00f6s:<\/span><span style=\"margin-left:3px; max-height:2.8em\" class=\"line_limit\"> [...]<\/span><\/span><span class=\"custom_fields\">\n<!-- WPLP Unknown field: Custom_Fields -->\n<\/span><\/div><\/div><\/div><\/div><div class=\"swiper-slide\" style=\"\"><div class=\"insideframe\"><div id=\"wplp_box_top_1962_309\" class=\"wpcu-front-box top equalHeightImg\" ><div class=\"wplp-box-item\"><a href=\"https:\/\/popjazz.fi\/PJKits\/basso\/basso-oppimistavoitevideot\/harmonia\/luonnollinen-molliasteikko\/\"  class=\"thumbnail\"><span class=\"img_cropper\" style=\"width:150px;height:150px;margin-right:4px;margin-bottom:4px;max-width:100%;\"><img decoding=\"async\" src=\"https:\/\/popjazz.fi\/PJKits\/basso\/wp-content\/uploads\/sites\/4\/2020\/02\/bs_ic_material_product_icon_192pxxxhdpi-150x150.png\" style=\"position: absolute;top: 50%;margin-top: -75px;aspect-ratio:4\/3;\" srcset=\"\" alt=\"Luonnollinen molliasteikko\" class=\"wplp_thumb\" \/><\/span><\/a><a href=\"https:\/\/popjazz.fi\/PJKits\/basso\/basso-oppimistavoitevideot\/harmonia\/luonnollinen-molliasteikko\/\"  class=\"title\">Luonnollinen molliasteikko<\/a><\/div><\/div><div id=\"wplp_box_left_1962_309\" class=\"wpcu-front-box left wpcu-custom-position\" ><div class=\"wplp-box-item\"><\/div><\/div><div id=\"wplp_box_right_1962_309\" class=\"wpcu-front-box right wpcu-custom-position\" ><div class=\"wplp-box-item\"><\/div><\/div><div id=\"wplp_box_bottom_1962_309\" class=\"wpcu-front-box bottom \" ><div class=\"wplp-box-item\"><span class=\"date\">5.10.2019<\/span><span class=\"text\"><span style=\"max-height:2.8em\" class=\"line_limit\">Jokaisella duurilla on my\u00f6s oma rinnakkaismollinsa. T\u00e4m\u00e4 tarkoittaa sit\u00e4, ett\u00e4 kyseiset asteikot jakavat samat s\u00e4velet. Duurin rinnakkaismollin ensimm\u00e4inen s\u00e4vel on sama kuin duuriasteikon kuudes s\u00e4vel. Vastaavasti molliasteikon kolmannen s\u00e4velen kohdalta l\u00f6ytyy rinnakkaisduurin peruss\u00e4vel. \n\n\n\nEsimerkiksi luonnollisen A-molliasteikon s\u00e4velet ovat: a, b, c, d, e, f ja g.\n\n\n\n\n\n\n\n\n\n\n\nKoska jokaisen luonnollisen molliasteikon s\u00e4velten v\u00e4liset intervallit ovat identtiset, asteikoille kannattaa opetella yksi sormitus, joka toistuu kaikissa luonnollisissa molliasteikoissa samanlaisena. N\u00e4in asteikon voi toistaa k\u00e4ytt\u00e4m\u00e4ll\u00e4 samaa sormitusta vain vaihtamalla asemaa kaulalla. \n\n\n\nJos A -luonnollinen molliasteikko soitetaan 1. asemasta, t\u00e4ll\u00f6in etusormi on 1. nauhavalill\u00e4, keskisormi 2. nauhav\u00e4lill\u00e4 jne ja ensimm\u00e4inen a -s\u00e4vel soitetaan vapaalta a -kielelt\u00e4.\n\n\n\nVideo\n\n\n\n\n\n\n\n\n\n\n\n\n\nKatso my\u00f6s:<\/span><span style=\"margin-left:3px; max-height:2.8em\" class=\"line_limit\"> [...]<\/span><\/span><span class=\"custom_fields\">\n<!-- WPLP Unknown field: Custom_Fields -->\n<\/span><\/div><\/div><\/div><\/div><div class=\"swiper-slide\" style=\"\"><div class=\"insideframe\"><div id=\"wplp_box_top_1962_307\" class=\"wpcu-front-box top equalHeightImg\" ><div class=\"wplp-box-item\"><a href=\"https:\/\/popjazz.fi\/PJKits\/basso\/basso-oppimistavoitevideot\/harmonia\/duuriasteikko\/\"  class=\"thumbnail\"><span class=\"img_cropper\" style=\"width:150px;height:150px;margin-right:4px;margin-bottom:4px;max-width:100%;\"><img decoding=\"async\" src=\"https:\/\/popjazz.fi\/PJKits\/basso\/wp-content\/uploads\/sites\/4\/2020\/02\/bs_ic_material_product_icon_192pxxxhdpi-150x150.png\" style=\"position: absolute;top: 50%;margin-top: -75px;aspect-ratio:4\/3;\" srcset=\"\" alt=\"Duuriasteikko\" class=\"wplp_thumb\" \/><\/span><\/a><a href=\"https:\/\/popjazz.fi\/PJKits\/basso\/basso-oppimistavoitevideot\/harmonia\/duuriasteikko\/\"  class=\"title\">Duuriasteikko<\/a><\/div><\/div><div id=\"wplp_box_left_1962_307\" class=\"wpcu-front-box left wpcu-custom-position\" ><div class=\"wplp-box-item\"><\/div><\/div><div id=\"wplp_box_right_1962_307\" class=\"wpcu-front-box right wpcu-custom-position\" ><div class=\"wplp-box-item\"><\/div><\/div><div id=\"wplp_box_bottom_1962_307\" class=\"wpcu-front-box bottom \" ><div class=\"wplp-box-item\"><span class=\"date\">5.10.2019<\/span><span class=\"text\"><span style=\"max-height:2.8em\" class=\"line_limit\">Duuriasteikko muodostuu kun asteikon s\u00e4velten v\u00e4liset intervallit ovat kokos\u00e4vel-, kokos\u00e4vel-, puolis\u00e4vel-, kokos\u00e4vel-, kokos\u00e4vel-, kokos\u00e4vel- ja puolis\u00e4velaskel. \n\n\n\nEsimerkiksi C-duuriasteikon s\u00e4velet ovat: c, d, e, f, g, a ja b.\n\n\n\n\n\n\n\n\n\n\n\nKoska jokaisen duuriasteikon s\u00e4velten v\u00e4liset intervallit ovat identtiset, asteikoille kannattaa opetella yksi sormitus, joka toistuu kaikissa duuriasteikoissa samanlaisena. N\u00e4in duuriasteikon voi toistaa samanlaisena vaihtamalla asemaa kaulalla. \n\n\n\nTyypillisesti c -duuriasteikko soitetaan 2. asemasta, jolloin etusormi on 2. nauhavalill\u00e4, keskisormi 3. nauhav\u00e4lill\u00e4 jne.\n\n\n\nVideo\n\n\n\n\n\n\n\n\n\n\n\n\n\nKatso my\u00f6s:<\/span><span style=\"margin-left:3px; max-height:2.8em\" class=\"line_limit\"> [...]<\/span><\/span><span class=\"custom_fields\">\n<!-- WPLP Unknown field: Custom_Fields -->\n<\/span><\/div><\/div><\/div><\/div><div class=\"swiper-slide\" style=\"\"><div class=\"insideframe\"><div id=\"wplp_box_top_1962_1068\" class=\"wpcu-front-box top equalHeightImg\" ><div class=\"wplp-box-item\"><a href=\"https:\/\/popjazz.fi\/PJKits\/basso\/basso-oppimistavoitevideot\/melodia-ja-improvisointi\/improvisointia-c-duurin-ja-a-mollin-savelilla\/\"  class=\"thumbnail\"><span class=\"img_cropper\" style=\"width:150px;height:150px;margin-right:4px;margin-bottom:4px;max-width:100%;\"><img decoding=\"async\" src=\"https:\/\/popjazz.fi\/PJKits\/basso\/wp-content\/uploads\/sites\/4\/2020\/02\/bs_ic_material_product_icon_192pxxxhdpi-150x150.png\" style=\"position: absolute;top: 50%;margin-top: -75px;aspect-ratio:4\/3;\" srcset=\"\" alt=\"Improvisointia C-duurin ja A-mollin s\u00e4velill\u00e4\" class=\"wplp_thumb\" \/><\/span><\/a><a href=\"https:\/\/popjazz.fi\/PJKits\/basso\/basso-oppimistavoitevideot\/melodia-ja-improvisointi\/improvisointia-c-duurin-ja-a-mollin-savelilla\/\"  class=\"title\">Improvisointia C-duurin ja A-mollin s\u00e4velill\u00e4<\/a><\/div><\/div><div id=\"wplp_box_left_1962_1068\" class=\"wpcu-front-box left wpcu-custom-position\" ><div class=\"wplp-box-item\"><\/div><\/div><div id=\"wplp_box_right_1962_1068\" class=\"wpcu-front-box right wpcu-custom-position\" ><div class=\"wplp-box-item\"><\/div><\/div><div id=\"wplp_box_bottom_1962_1068\" class=\"wpcu-front-box bottom \" ><div class=\"wplp-box-item\"><span class=\"date\">21.1.2020<\/span><span class=\"text\"><span style=\"max-height:2.8em\" class=\"line_limit\">Improvisointi&nbsp;tarkoittaa esityksen luomista esitt\u00e4mishetkell\u00e4. Musiikissa improvisoinnin melodiat muodostuvat l\u00e4hestulkoon kokonaan melodisista fraaseista, eli s\u00e4keist\u00e4. Melodiafraasien muodostuminen taasen perustuu lukuisiin skaaloihin, eli asteikoihin. \n\n\n\nKun monta muusikkoa improvisoi samanaikaisesti, he pyrkiv\u00e4t my\u00f6s tarkkailemaan toisiaan ja saamaan vihjeit\u00e4 siit\u00e4, mihin suuntaan esitys on etenem\u00e4ss\u00e4. Opettajan kanssa improvisoiminen harjoittaa kommunikointi- ja kuuntelutaitoja.\n\n\n\nC-duuri asteikon s\u00e4velet ovat\n\n\n\n\n\n\n\nA- luonnollisen molliasteikon s\u00e4velet ovat\n\n\n\n\n\n\n\nVideo\n\n\n\n\n\n\n\n\n\n\n\n\n\n\n\nKatso my\u00f6s:<\/span><span style=\"margin-left:3px; max-height:2.8em\" class=\"line_limit\"> [...]<\/span><\/span><span class=\"custom_fields\">\n<!-- WPLP Unknown field: Custom_Fields -->\n<\/span><\/div><\/div><\/div><\/div><div class=\"swiper-slide\" style=\"\"><div class=\"insideframe\"><div id=\"wplp_box_top_1962_858\" class=\"wpcu-front-box top equalHeightImg\" ><div class=\"wplp-box-item\"><a href=\"https:\/\/popjazz.fi\/PJKits\/basso\/basso-oppimistavoitevideot\/harmonia\/a-b-c-d-e-f-g\/\"  class=\"thumbnail\"><span class=\"img_cropper\" style=\"width:150px;height:150px;margin-right:4px;margin-bottom:4px;max-width:100%;\"><img decoding=\"async\" src=\"https:\/\/popjazz.fi\/PJKits\/basso\/wp-content\/uploads\/sites\/4\/2020\/02\/bs_ic_material_product_icon_192pxxxhdpi-150x150.png\" style=\"position: absolute;top: 50%;margin-top: -75px;aspect-ratio:4\/3;\" srcset=\"\" alt=\"a, b, c, d, e, f, g\" class=\"wplp_thumb\" \/><\/span><\/a><a href=\"https:\/\/popjazz.fi\/PJKits\/basso\/basso-oppimistavoitevideot\/harmonia\/a-b-c-d-e-f-g\/\"  class=\"title\">a, b, c, d, e, f, g<\/a><\/div><\/div><div id=\"wplp_box_left_1962_858\" class=\"wpcu-front-box left wpcu-custom-position\" ><div class=\"wplp-box-item\"><\/div><\/div><div id=\"wplp_box_right_1962_858\" class=\"wpcu-front-box right wpcu-custom-position\" ><div class=\"wplp-box-item\"><\/div><\/div><div id=\"wplp_box_bottom_1962_858\" class=\"wpcu-front-box bottom \" ><div class=\"wplp-box-item\"><span class=\"date\">20.1.2020<\/span><span class=\"text\"><span style=\"max-height:2.8em\" class=\"line_limit\">Nuottiaakkoset ovat  musiikissa k\u00e4ytett\u00e4v\u00e4t aakkoset joilla kirjoitetaan musiikki \u00e4\u00e4net luettavaan muotoon. Jokaiselle nuotille on oma kirjaimensa, jotka ilmaisevat s\u00e4velkorkeuden. S\u00e4velkorkeudet voivat olla my\u00f6s ylennettyj\u00e4 tai alennettuja. Normaalivireisen basson kaulalla kaikki kaikki muut nuottiaakkoset l\u00f6ytyv\u00e4t vapailta kielilt\u00e4, paitsi B,C ja F\n\n\n\n\n\n\n\nAlennetut nuottiaakkosetAlennetun nuottiaakkosen per\u00e4\u00e4n lis\u00e4t\u00e4\u00e4n alennusmerkki b, esim Ab (alennettu A) tai Gb (alennettu G).  \n\n\n\nAlennettua nuottia voidaan kuvata my\u00f6s lis\u00e4\u00e4m\u00e4ll\u00e4 per\u00e4\u00e4n &#8221;es&#8221; tai pelkk\u00e4 &#8221;s&#8221;,  esim As (alennettu A) tai Ges (alennettu G). \n\n\n\nPoikkeuksen  B, joka alennettuna on Bb. B voi olla my\u00f6s monesti korvattu kirjaimella H alennetun H:n ollessa kuitenkin edelleen Bb. \n\n\n\n\n\n\n\nYlennetyt nuottiaaksetYlennetyn nuottiaakkosen per\u00e4\u00e4n lis\u00e4t\u00e4\u00e4n ylennysmerkki #, esim. A# (ylennetty A) tai G# ( ylennetty G). \n\n\n\nYlennetty\u00e4 nuottia voidaan kuvata my\u00f6s lis\u00e4\u00e4m\u00e4ss\u00e4 per\u00e4\u00e4n &#8221;is&#8221; esim. Cis (ylennetty C) tai Fis (ylennetty F)\n\n\n\n\n\n\n\nVideo\n\n\n\n\n\nNuottiaakkoset\n\n\n\n\n\n\n\nKatso my\u00f6s:<\/span><span style=\"margin-left:3px; max-height:2.8em\" class=\"line_limit\"> [...]<\/span><\/span><span class=\"custom_fields\">\n<!-- WPLP Unknown field: Custom_Fields -->\n<\/span><\/div><\/div><\/div><\/div><\/div><div class=\"swiper-button-next\"><\/div><div class=\"swiper-button-prev\"><\/div><div class=\"swiper-pagination\"><\/div><\/div><\/div>\n","protected":false},"excerpt":{"rendered":"<p>Improvisointi&nbsp;tarkoittaa esityksen luomista esitt\u00e4mishetkell\u00e4. Musiikissa improvisoinnin melodiat muodostuvat l\u00e4hestulkoon kokonaan melodisista fraaseista, eli s\u00e4keist\u00e4. Melodiafraasien muodostuminen taasen perustuu lukuisiin skaaloihin, eli asteikoihin. Tonaalisen musiikin perusta on duuriasteikko. Jokaiselle duuriasteikolle on olemassa my\u00f6s rinnakkaismolli, jossa molliasteikko k\u00e4ytt\u00e4\u00e4 samoja s\u00e4veli\u00e4 kuin rinnakkaisduuri, molliasteikon toonikas\u00e4velen ollessa sama kuin duuriasteikon kuudes. T\u00e4st\u00e4 molliasteikosta k\u00e4ytet\u00e4\u00e4n nimityst\u00e4 luonnollinen molli. Melodiarytmien lis\u00e4ksi &hellip; <a href=\"https:\/\/popjazz.fi\/PJKits\/basso\/basso-oppimistavoitevideot\/harmonia\/a-b-c-d-e-f-g\/\" class=\"more-link\">Jatka lukemista<span class=\"screen-reader-text\"> &#8221;a, b, c, d, e, f, g&#8221;<\/span><\/a><\/p>\n","protected":false},"author":1,"featured_media":1282,"parent":67,"menu_order":8,"comment_status":"closed","ping_status":"closed","template":"","meta":{"footnotes":""},"tags":[],"class_list":["post-1070","page","type-page","status-publish","has-post-thumbnail","hentry"],"_links":{"self":[{"href":"https:\/\/popjazz.fi\/PJKits\/basso\/wp-json\/wp\/v2\/pages\/1070","targetHints":{"allow":["GET"]}}],"collection":[{"href":"https:\/\/popjazz.fi\/PJKits\/basso\/wp-json\/wp\/v2\/pages"}],"about":[{"href":"https:\/\/popjazz.fi\/PJKits\/basso\/wp-json\/wp\/v2\/types\/page"}],"author":[{"embeddable":true,"href":"https:\/\/popjazz.fi\/PJKits\/basso\/wp-json\/wp\/v2\/users\/1"}],"replies":[{"embeddable":true,"href":"https:\/\/popjazz.fi\/PJKits\/basso\/wp-json\/wp\/v2\/comments?post=1070"}],"version-history":[{"count":5,"href":"https:\/\/popjazz.fi\/PJKits\/basso\/wp-json\/wp\/v2\/pages\/1070\/revisions"}],"predecessor-version":[{"id":3106,"href":"https:\/\/popjazz.fi\/PJKits\/basso\/wp-json\/wp\/v2\/pages\/1070\/revisions\/3106"}],"up":[{"embeddable":true,"href":"https:\/\/popjazz.fi\/PJKits\/basso\/wp-json\/wp\/v2\/pages\/67"}],"wp:featuredmedia":[{"embeddable":true,"href":"https:\/\/popjazz.fi\/PJKits\/basso\/wp-json\/wp\/v2\/media\/1282"}],"wp:attachment":[{"href":"https:\/\/popjazz.fi\/PJKits\/basso\/wp-json\/wp\/v2\/media?parent=1070"}],"wp:term":[{"taxonomy":"post_tag","embeddable":true,"href":"https:\/\/popjazz.fi\/PJKits\/basso\/wp-json\/wp\/v2\/tags?post=1070"}],"curies":[{"name":"wp","href":"https:\/\/api.w.org\/{rel}","templated":true}]}}