{"id":1082,"date":"2020-01-21T08:20:40","date_gmt":"2020-01-21T06:20:40","guid":{"rendered":"https:\/\/popjazz.fi\/PJKits\/basso\/?page_id=1082"},"modified":"2021-03-11T12:24:10","modified_gmt":"2021-03-11T10:24:10","slug":"improvisointia-3-4-tahtilajeissa","status":"publish","type":"page","link":"https:\/\/popjazz.fi\/PJKits\/basso\/basso-oppimistavoitevideot\/melodia-ja-improvisointi\/improvisointia-3-4-tahtilajeissa\/","title":{"rendered":"Improvisointia 3\/4 tahtilajeissa"},"content":{"rendered":"\n<p>Tahti on jaettu tahtilajiosoituksen mukaiseen m\u00e4\u00e4r\u00e4\u00e4n iskuja, joille puolestaan on m\u00e4\u00e4ritelty tempo, eli nopeus. Esimerkiksi 3\/4 tempoon 100 tarkoittaa, ett\u00e4 yhteen tahtiin mahtuu 3 kappaletta nelj\u00e4sosanuotteja tempoon 100 (100 iskua per minutti)<\/p>\n\n\n\n<p><strong>Improvisointi<\/strong>&nbsp;tarkoittaa esityksen luomista esitt\u00e4mishetkell\u00e4. Improvisointi musiikissa tapahtuu yhdistelem\u00e4ll\u00e4 asteikoista muodostuvia melodioita sek\u00e4 rytmisi\u00e4 fraaseja. Yleisimpi\u00e4 l\u00e4nsimaisessa musiikissa olevia tahtilajeja on on 3\/4.<\/p>\n\n\n\n<h4 class=\"wp-block-heading\">Video<\/h4>\n\n\n\n<figure class=\"wp-block-embed-vimeo wp-block-embed is-type-video is-provider-vimeo wp-embed-aspect-16-9 wp-has-aspect-ratio\"><div class=\"wp-block-embed__wrapper\">\n<iframe loading=\"lazy\" src=\"https:\/\/player.vimeo.com\/video\/521924921?dnt=1&amp;app_id=122963\" width=\"840\" height=\"473\" frameborder=\"0\" allow=\"autoplay; fullscreen; picture-in-picture\" allowfullscreen><\/iframe>\n<\/div><figcaption>3\/4-tahtilajissa improvisointia<\/figcaption><\/figure>\n\n\n\n<hr class=\"wp-block-separator\" \/>\n\n\n\n<p class=\"has-medium-font-size\">Katso my\u00f6s:<\/p>\n\n\n<style><\/style><div class=\"wplp_outside wplp_widget_1977\" style=\"max-width:100%;\"><span class=\"wpcu_block_title\">Improvisointia 3-4 tahtilajeissa<\/span><div id=\"wplp_widget_1977\" class=\"wplp_widget_default wplp_container vertical swiper wplp-swiper default cols3\" data-theme=\"default\" data-post=\"1977\" style=\"\" data-max-elts=\"2\" data-per-page=\"10\"><div class=\"wplp_listposts swiper-wrapper\" id=\"default_1977\" style=\"width: 100%;\" ><div class=\"swiper-slide\" style=\"\"><div class=\"insideframe\"><div id=\"wplp_box_top_1977_1080\" class=\"wpcu-front-box top equalHeightImg\" ><div class=\"wplp-box-item\"><a href=\"https:\/\/popjazz.fi\/PJKits\/basso\/basso-oppimistavoitevideot\/melodia-ja-improvisointi\/improvisointia-4-4-tahtilajeissa\/\"  class=\"thumbnail\"><span class=\"img_cropper\" style=\"width:150px;height:150px;margin-right:4px;margin-bottom:4px;max-width:100%;\"><img decoding=\"async\" src=\"https:\/\/popjazz.fi\/PJKits\/basso\/wp-content\/uploads\/sites\/4\/2020\/02\/bs_ic_material_product_icon_192pxxxhdpi-150x150.png\" style=\"position: absolute;top: 50%;margin-top: -75px;aspect-ratio:4\/3;\" srcset=\"\" alt=\"Improvisointia 4\/4 tahtilajeissa\" class=\"wplp_thumb\" \/><\/span><\/a><a href=\"https:\/\/popjazz.fi\/PJKits\/basso\/basso-oppimistavoitevideot\/melodia-ja-improvisointi\/improvisointia-4-4-tahtilajeissa\/\"  class=\"title\">Improvisointia 4\/4 tahtilajeissa<\/a><\/div><\/div><div id=\"wplp_box_left_1977_1080\" class=\"wpcu-front-box left wpcu-custom-position\" ><div class=\"wplp-box-item\"><\/div><\/div><div id=\"wplp_box_right_1977_1080\" class=\"wpcu-front-box right wpcu-custom-position\" ><div class=\"wplp-box-item\"><\/div><\/div><div id=\"wplp_box_bottom_1977_1080\" class=\"wpcu-front-box bottom \" ><div class=\"wplp-box-item\"><span class=\"date\">21.1.2020<\/span><span class=\"text\"><span style=\"max-height:2.8em\" class=\"line_limit\">Tahti on jaettu tahtilajiosoituksen mukaiseen m\u00e4\u00e4r\u00e4\u00e4n iskuja, joille puolestaan on m\u00e4\u00e4ritelty tempo, eli nopeus. Esimerkiksi 4\/4 tempoon 100 tarkoittaa, ett\u00e4 yhteen tahtiin mahtuu 4 kappaletta nelj\u00e4sosanuotteja tempoon 100 (100 iskua per minutti)\n\n\n\nImprovisointi&nbsp;tarkoittaa esityksen luomista esitt\u00e4mishetkell\u00e4. Improvisointi musiikissa tapahtuu yhdistelem\u00e4ll\u00e4 asteikoista muodostuvia melodioita sek\u00e4 rytmisi\u00e4 fraaseja. Yleisimpi\u00e4 l\u00e4nsimaisessa musiikissa olevia tahtilajeja on on 4\/4\n\n\n\nVideo\n\n\n\n\n\n4\/4-tahtiljaissa improvisointia\n\n\n\n\n\n\n\nKatso my\u00f6s:<\/span><span style=\"margin-left:3px; max-height:2.8em\" class=\"line_limit\"> [...]<\/span><\/span><span class=\"custom_fields\">\n<!-- WPLP Unknown field: Custom_Fields -->\n<\/span><\/div><\/div><\/div><\/div><div class=\"swiper-slide\" style=\"\"><div class=\"insideframe\"><div id=\"wplp_box_top_1977_37\" class=\"wpcu-front-box top equalHeightImg\" ><div class=\"wplp-box-item\"><a href=\"https:\/\/popjazz.fi\/PJKits\/basso\/basso-oppimistavoitevideot\/instrumentin-hallinta\/sykkeen-itsenainen-yllapitaminen-soittaessa\/\"  class=\"thumbnail\"><span class=\"img_cropper\" style=\"width:150px;height:150px;margin-right:4px;margin-bottom:4px;max-width:100%;\"><img decoding=\"async\" src=\"https:\/\/popjazz.fi\/PJKits\/basso\/wp-content\/uploads\/sites\/4\/2020\/02\/bs_ic_material_product_icon_192pxxxhdpi-150x150.png\" style=\"position: absolute;top: 50%;margin-top: -75px;aspect-ratio:4\/3;\" srcset=\"\" alt=\"Sykkeen itsen\u00e4inen yll\u00e4pit\u00e4minen soittaessa\" class=\"wplp_thumb\" \/><\/span><\/a><a href=\"https:\/\/popjazz.fi\/PJKits\/basso\/basso-oppimistavoitevideot\/instrumentin-hallinta\/sykkeen-itsenainen-yllapitaminen-soittaessa\/\"  class=\"title\">Sykkeen itsen\u00e4inen yll\u00e4pit\u00e4minen soittaessa<\/a><\/div><\/div><div id=\"wplp_box_left_1977_37\" class=\"wpcu-front-box left wpcu-custom-position\" ><div class=\"wplp-box-item\"><\/div><\/div><div id=\"wplp_box_right_1977_37\" class=\"wpcu-front-box right wpcu-custom-position\" ><div class=\"wplp-box-item\"><\/div><\/div><div id=\"wplp_box_bottom_1977_37\" class=\"wpcu-front-box bottom \" ><div class=\"wplp-box-item\"><span class=\"date\">22.9.2019<\/span><span class=\"text\"><span style=\"max-height:2.8em\" class=\"line_limit\">Basson p\u00e4\u00e4roolit b\u00e4ndiss\u00e4 on luoda harmoninen pohja ja yll\u00e4pit\u00e4\u00e4 sykett\u00e4. \n\n\n\nSykkeen itsen\u00e4inen yll\u00e4pit\u00e4minen soittaessa tarkoittaa taitoa soittaa valitussa tempossa niin, ett\u00e4 tempo ei kiihdy eik\u00e4 hidastu, ja kappale etenee my\u00f6s yksin soittaessa samoin &#8221;kuten b\u00e4ndin kanssa soittaessa&#8221;.  \n\n\n\nParas tapa &#8221;lukita&#8221; syke on kiinnitt\u00e4\u00e4 se kehoon, esim. jalkaan, tai muuhun kehon rytmiseen liikkeeseen. N\u00e4in keho toimii rytmipohjana omalle soitolle mit\u00e4 &#8221;vasten voi peilata&#8221; soitton rytmit.\n\n\n\nKehon ja soittimen yht\u00e4aikainen hallinta vaatii harjoittelua ja on osa bassonsoitossa tarvittavia koordinaatiotaitoja.\n\n\n\nSykkeen yll\u00e4pit\u00e4minen kehossa\n\n\n\n\n\n\n\n\n\nSykkeen yll\u00e4pit\u00e4minen soittaen\n\n\n\n\n\n\n\n\n\nSoittoesimerkki\n\n\n\n\n\n\n\n\n\n\n\nKatso my\u00f6s:<\/span><span style=\"margin-left:3px; max-height:2.8em\" class=\"line_limit\"> [...]<\/span><\/span><span class=\"custom_fields\">\n<!-- WPLP Unknown field: Custom_Fields -->\n<\/span><\/div><\/div><\/div><\/div><\/div><div class=\"swiper-button-next\"><\/div><div class=\"swiper-button-prev\"><\/div><div class=\"swiper-pagination\"><\/div><\/div><\/div>\n","protected":false},"excerpt":{"rendered":"<p>Tahti on jaettu tahtilajiosoituksen mukaiseen m\u00e4\u00e4r\u00e4\u00e4n iskuja, joille puolestaan on m\u00e4\u00e4ritelty tempo, eli nopeus. Esimerkiksi 3\/4 tempoon 100 tarkoittaa, ett\u00e4 yhteen tahtiin mahtuu 3 kappaletta nelj\u00e4sosanuotteja tempoon 100 (100 iskua per minutti) Improvisointi&nbsp;tarkoittaa esityksen luomista esitt\u00e4mishetkell\u00e4. Improvisointi musiikissa tapahtuu yhdistelem\u00e4ll\u00e4 asteikoista muodostuvia melodioita sek\u00e4 rytmisi\u00e4 fraaseja. Yleisimpi\u00e4 l\u00e4nsimaisessa musiikissa olevia tahtilajeja on on 3\/4. Video &hellip; <a href=\"https:\/\/popjazz.fi\/PJKits\/basso\/basso-oppimistavoitevideot\/instrumentin-hallinta\/sykkeen-itsenainen-yllapitaminen-soittaessa\/\" class=\"more-link\">Jatka lukemista<span class=\"screen-reader-text\"> &#8221;Sykkeen itsen\u00e4inen yll\u00e4pit\u00e4minen soittaessa&#8221;<\/span><\/a><\/p>\n","protected":false},"author":1,"featured_media":1282,"parent":67,"menu_order":16,"comment_status":"closed","ping_status":"closed","template":"","meta":{"footnotes":""},"tags":[],"class_list":["post-1082","page","type-page","status-publish","has-post-thumbnail","hentry"],"_links":{"self":[{"href":"https:\/\/popjazz.fi\/PJKits\/basso\/wp-json\/wp\/v2\/pages\/1082","targetHints":{"allow":["GET"]}}],"collection":[{"href":"https:\/\/popjazz.fi\/PJKits\/basso\/wp-json\/wp\/v2\/pages"}],"about":[{"href":"https:\/\/popjazz.fi\/PJKits\/basso\/wp-json\/wp\/v2\/types\/page"}],"author":[{"embeddable":true,"href":"https:\/\/popjazz.fi\/PJKits\/basso\/wp-json\/wp\/v2\/users\/1"}],"replies":[{"embeddable":true,"href":"https:\/\/popjazz.fi\/PJKits\/basso\/wp-json\/wp\/v2\/comments?post=1082"}],"version-history":[{"count":3,"href":"https:\/\/popjazz.fi\/PJKits\/basso\/wp-json\/wp\/v2\/pages\/1082\/revisions"}],"predecessor-version":[{"id":2856,"href":"https:\/\/popjazz.fi\/PJKits\/basso\/wp-json\/wp\/v2\/pages\/1082\/revisions\/2856"}],"up":[{"embeddable":true,"href":"https:\/\/popjazz.fi\/PJKits\/basso\/wp-json\/wp\/v2\/pages\/67"}],"wp:featuredmedia":[{"embeddable":true,"href":"https:\/\/popjazz.fi\/PJKits\/basso\/wp-json\/wp\/v2\/media\/1282"}],"wp:attachment":[{"href":"https:\/\/popjazz.fi\/PJKits\/basso\/wp-json\/wp\/v2\/media?parent=1082"}],"wp:term":[{"taxonomy":"post_tag","embeddable":true,"href":"https:\/\/popjazz.fi\/PJKits\/basso\/wp-json\/wp\/v2\/tags?post=1082"}],"curies":[{"name":"wp","href":"https:\/\/api.w.org\/{rel}","templated":true}]}}