{"id":1090,"date":"2020-01-21T08:21:52","date_gmt":"2020-01-21T06:21:52","guid":{"rendered":"https:\/\/popjazz.fi\/PJKits\/basso\/?page_id=1090"},"modified":"2021-04-06T09:54:05","modified_gmt":"2021-04-06T06:54:05","slug":"improvisointia-harm-molliasteikolla","status":"publish","type":"page","link":"https:\/\/popjazz.fi\/PJKits\/basso\/basso-oppimistavoitevideot\/melodia-ja-improvisointi\/improvisointia-harm-molliasteikolla\/","title":{"rendered":"Improvisointia harm. molliasteikolla"},"content":{"rendered":"\n<p><strong>Improvisointi<\/strong>&nbsp;tarkoittaa esityksen luomista esitt\u00e4mishetkell\u00e4. Musiikissa improvisoinnin melodiat muodostuvat l\u00e4hestulkoon kokonaan melodisista fraaseista, eli s\u00e4keist\u00e4. Melodiafraasien muodostuminen taasen perustuu lukuisiin skaaloihin, eli asteikoihin.<\/p>\n\n\n\n<p>Harmoninen molli eroaa luonnollisesta mollista sen seitsem\u00e4nnen s\u00e4velen kohdalla, joka on korotettu suhteessa luonnolliseen molliin. Esimerkiksi C- harmonisen mollin s\u00e4velet ovat C, D, Eb, F, G, Ab ja B<\/p>\n\n\n\n<figure class=\"wp-block-image size-large\"><img loading=\"lazy\" decoding=\"async\" width=\"1024\" height=\"98\" src=\"https:\/\/popjazz.fi\/PJKits\/basso\/wp-content\/uploads\/sites\/4\/2021\/04\/impro-harm.molli_-1024x98.png\" alt=\"\" class=\"wp-image-3129\" srcset=\"https:\/\/popjazz.fi\/PJKits\/basso\/wp-content\/uploads\/sites\/4\/2021\/04\/impro-harm.molli_-1024x98.png 1024w, https:\/\/popjazz.fi\/PJKits\/basso\/wp-content\/uploads\/sites\/4\/2021\/04\/impro-harm.molli_-300x29.png 300w, https:\/\/popjazz.fi\/PJKits\/basso\/wp-content\/uploads\/sites\/4\/2021\/04\/impro-harm.molli_-150x14.png 150w, https:\/\/popjazz.fi\/PJKits\/basso\/wp-content\/uploads\/sites\/4\/2021\/04\/impro-harm.molli_-768x74.png 768w, https:\/\/popjazz.fi\/PJKits\/basso\/wp-content\/uploads\/sites\/4\/2021\/04\/impro-harm.molli_-1536x148.png 1536w, https:\/\/popjazz.fi\/PJKits\/basso\/wp-content\/uploads\/sites\/4\/2021\/04\/impro-harm.molli_-2048x197.png 2048w, https:\/\/popjazz.fi\/PJKits\/basso\/wp-content\/uploads\/sites\/4\/2021\/04\/impro-harm.molli_-1200x115.png 1200w\" sizes=\"auto, (max-width: 709px) 85vw, (max-width: 909px) 67vw, (max-width: 1362px) 62vw, 840px\" \/><\/figure>\n\n\n\n<h4 class=\"wp-block-heading\">Video<\/h4>\n\n\n\n<figure class=\"wp-block-embed-vimeo wp-block-embed is-type-video is-provider-vimeo wp-embed-aspect-16-9 wp-has-aspect-ratio\"><div class=\"wp-block-embed__wrapper\">\n<iframe loading=\"lazy\" src=\"https:\/\/player.vimeo.com\/video\/522273320?dnt=1&amp;app_id=122963\" width=\"840\" height=\"473\" frameborder=\"0\" allow=\"autoplay; fullscreen; picture-in-picture\" allowfullscreen><\/iframe>\n<\/div><figcaption>Improvisointia harmonisella molliasteikolla<\/figcaption><\/figure>\n\n\n\n<hr class=\"wp-block-separator\"\/>\n\n\n\n<p class=\"has-medium-font-size\">Katso my\u00f6s:<\/p>\n\n\n<style><\/style><div class=\"wplp_outside wplp_widget_1990\" style=\"max-width:100%;\"><span class=\"wpcu_block_title\">Improvisointia harm. molliasteikolla<\/span><div id=\"wplp_widget_1990\" class=\"wplp_widget_default wplp_container vertical swiper wplp-swiper default cols3\" data-theme=\"default\" data-post=\"1990\" style=\"\" data-max-elts=\"5\" data-per-page=\"10\"><div class=\"wplp_listposts swiper-wrapper\" id=\"default_1990\" style=\"width: 100%;\" ><div class=\"swiper-slide\" style=\"\"><div class=\"insideframe\"><div id=\"wplp_box_top_1990_1094\" class=\"wpcu-front-box top equalHeightImg\" ><div class=\"wplp-box-item\"><a href=\"https:\/\/popjazz.fi\/PJKits\/basso\/basso-oppimistavoitevideot\/melodia-ja-improvisointi\/improvisointia-jazz-molliasteikolla\/\"  class=\"thumbnail\"><span class=\"img_cropper\" style=\"width:150px;height:150px;margin-right:4px;margin-bottom:4px;max-width:100%;\"><img decoding=\"async\" src=\"https:\/\/popjazz.fi\/PJKits\/basso\/wp-content\/uploads\/sites\/4\/2020\/02\/bs_ic_material_product_icon_192pxxxhdpi-150x150.png\" style=\"position: absolute;top: 50%;margin-top: -75px;aspect-ratio:4\/3;\" srcset=\"\" alt=\"Improvisointia jazz-molliasteikolla\" class=\"wplp_thumb\" \/><\/span><\/a><a href=\"https:\/\/popjazz.fi\/PJKits\/basso\/basso-oppimistavoitevideot\/melodia-ja-improvisointi\/improvisointia-jazz-molliasteikolla\/\"  class=\"title\">Improvisointia jazz-molliasteikolla<\/a><\/div><\/div><div id=\"wplp_box_left_1990_1094\" class=\"wpcu-front-box left wpcu-custom-position\" ><div class=\"wplp-box-item\"><\/div><\/div><div id=\"wplp_box_right_1990_1094\" class=\"wpcu-front-box right wpcu-custom-position\" ><div class=\"wplp-box-item\"><\/div><\/div><div id=\"wplp_box_bottom_1990_1094\" class=\"wpcu-front-box bottom \" ><div class=\"wplp-box-item\"><span class=\"date\">21.1.2020<\/span><span class=\"text\"><span style=\"max-height:2.8em\" class=\"line_limit\">Improvisointi&nbsp;tarkoittaa esityksen luomista esitt\u00e4mishetkell\u00e4. Musiikissa improvisoinnin melodiat muodostuvat l\u00e4hestulkoon kokonaan melodisista fraaseista, eli s\u00e4keist\u00e4. Melodiafraasien muodostuminen taasen perustuu lukuisiin skaaloihin, eli asteikoihin.\n\n\n\nJazz -molli eroaa luonnollisesta mollista sen kuudennen ja seitsem\u00e4nnen s\u00e4velen kohdalla, jotka ovat palautettuja suhteessa luonnolliseen molliin. Esimerkiksi C- jazz mollin s\u00e4velet ovat C, D, Eb, F, G, A ja B\n\n\n\n\n\n\n\nVideo\n\n\n\n\n\n\n\n\n\n\n\nKatso my\u00f6s:<\/span><span style=\"margin-left:3px; max-height:2.8em\" class=\"line_limit\"> [...]<\/span><\/span><span class=\"custom_fields\">\n<!-- WPLP Unknown field: Custom_Fields -->\n<\/span><\/div><\/div><\/div><\/div><div class=\"swiper-slide\" style=\"\"><div class=\"insideframe\"><div id=\"wplp_box_top_1990_1070\" class=\"wpcu-front-box top equalHeightImg\" ><div class=\"wplp-box-item\"><a href=\"https:\/\/popjazz.fi\/PJKits\/basso\/basso-oppimistavoitevideot\/melodia-ja-improvisointi\/improvisointia-duuri-ja-luonnollisella-molliasteikolla-sovitun-muotorakenteen-mukaan\/\"  class=\"thumbnail\"><span class=\"img_cropper\" style=\"width:150px;height:150px;margin-right:4px;margin-bottom:4px;max-width:100%;\"><img decoding=\"async\" src=\"https:\/\/popjazz.fi\/PJKits\/basso\/wp-content\/uploads\/sites\/4\/2020\/02\/bs_ic_material_product_icon_192pxxxhdpi-150x150.png\" style=\"position: absolute;top: 50%;margin-top: -75px;aspect-ratio:4\/3;\" srcset=\"\" alt=\"Improvisointia duuri- ja luonnollisella molliasteikolla sovitun muotorakenteen mukaan\" class=\"wplp_thumb\" \/><\/span><\/a><a href=\"https:\/\/popjazz.fi\/PJKits\/basso\/basso-oppimistavoitevideot\/melodia-ja-improvisointi\/improvisointia-duuri-ja-luonnollisella-molliasteikolla-sovitun-muotorakenteen-mukaan\/\"  class=\"title\">Improvisointia duuri- ja luonnollisella molliasteikolla sovitun muotorakenteen mukaan<\/a><\/div><\/div><div id=\"wplp_box_left_1990_1070\" class=\"wpcu-front-box left wpcu-custom-position\" ><div class=\"wplp-box-item\"><\/div><\/div><div id=\"wplp_box_right_1990_1070\" class=\"wpcu-front-box right wpcu-custom-position\" ><div class=\"wplp-box-item\"><\/div><\/div><div id=\"wplp_box_bottom_1990_1070\" class=\"wpcu-front-box bottom \" ><div class=\"wplp-box-item\"><span class=\"date\">21.1.2020<\/span><span class=\"text\"><span style=\"max-height:2.8em\" class=\"line_limit\">Improvisointi&nbsp;tarkoittaa esityksen luomista esitt\u00e4mishetkell\u00e4. Musiikissa improvisoinnin melodiat muodostuvat l\u00e4hestulkoon kokonaan melodisista fraaseista, eli s\u00e4keist\u00e4. Melodiafraasien muodostuminen taasen perustuu lukuisiin skaaloihin, eli asteikoihin. \n\n\n\nTonaalisen musiikin perusta on duuriasteikko. Jokaiselle duuriasteikolle on olemassa my\u00f6s rinnakkaismolli, jossa molliasteikko k\u00e4ytt\u00e4\u00e4 samoja s\u00e4veli\u00e4 kuin rinnakkaisduuri, molliasteikon toonikas\u00e4velen ollessa sama kuin duuriasteikon kuudes. T\u00e4st\u00e4 molliasteikosta k\u00e4ytet\u00e4\u00e4n nimityst\u00e4 luonnollinen molli.\n\n\n\nMelodiarytmien lis\u00e4ksi improvisoinnissa noudatetaan yleens\u00e4 my\u00f6s kappaleen muotorakennetta. T\u00e4st\u00e4 poikkeuksena esimerkiksi free-jazz, jossa saatetaan jopa tarkoituksellisesti rikkoa muotorakennetta. \n\n\n\nDuuriasteikolla improvisointi\n\n\n\n\n\nDuuriasteikolla improvisointi muotorakenteessa\n\n\n\nLuonnollisella molliasteikolla improvisointi\n\n\n\n\n\nLuonnollisella molliasteikolla improvisointi muotorakenteessa\n\n\n\n\n\n\n\nKatso my\u00f6s:<\/span><span style=\"margin-left:3px; max-height:2.8em\" class=\"line_limit\"> [...]<\/span><\/span><span class=\"custom_fields\">\n<!-- WPLP Unknown field: Custom_Fields -->\n<\/span><\/div><\/div><\/div><\/div><div class=\"swiper-slide\" style=\"\"><div class=\"insideframe\"><div id=\"wplp_box_top_1990_394\" class=\"wpcu-front-box top equalHeightImg\" ><div class=\"wplp-box-item\"><a href=\"https:\/\/popjazz.fi\/PJKits\/basso\/basso-oppimistavoitevideot\/melodia-ja-improvisointi\/improvisointi-blues-asteikolla\/\"  class=\"thumbnail\"><span class=\"img_cropper\" style=\"width:150px;height:150px;margin-right:4px;margin-bottom:4px;max-width:100%;\"><img decoding=\"async\" src=\"https:\/\/popjazz.fi\/PJKits\/basso\/wp-content\/uploads\/sites\/4\/2020\/02\/bs_ic_material_product_icon_192pxxxhdpi-150x150.png\" style=\"position: absolute;top: 50%;margin-top: -75px;aspect-ratio:4\/3;\" srcset=\"\" alt=\"Improvisointi bluesasteikolla\" class=\"wplp_thumb\" \/><\/span><\/a><a href=\"https:\/\/popjazz.fi\/PJKits\/basso\/basso-oppimistavoitevideot\/melodia-ja-improvisointi\/improvisointi-blues-asteikolla\/\"  class=\"title\">Improvisointi bluesasteikolla<\/a><\/div><\/div><div id=\"wplp_box_left_1990_394\" class=\"wpcu-front-box left wpcu-custom-position\" ><div class=\"wplp-box-item\"><\/div><\/div><div id=\"wplp_box_right_1990_394\" class=\"wpcu-front-box right wpcu-custom-position\" ><div class=\"wplp-box-item\"><\/div><\/div><div id=\"wplp_box_bottom_1990_394\" class=\"wpcu-front-box bottom \" ><div class=\"wplp-box-item\"><span class=\"date\">6.10.2019<\/span><span class=\"text\"><span style=\"max-height:2.8em\" class=\"line_limit\">Improvisointi&nbsp;tarkoittaa esityksen luomista esitt\u00e4mishetkell\u00e4. Musiikissa improvisoinnin melodiat muodostuvat l\u00e4hestulkoon kokonaan melodisista fraaseista, eli s\u00e4keist\u00e4. Melodiafraasien muodostuminen taasen perustuu lukuisiin skaaloihin, eli asteikoihin. \n\n\n\nBluesasteikko on s\u00e4velasteikko, jossa on kuusi s\u00e4velt\u00e4 oktaavia kohden, toisin kuin pentatonissa asteikoissa, joissa on viisi s\u00e4velt\u00e4, ja diatonisissa duuri- ja molliasteikoissa, joissa s\u00e4veli\u00e4 on seitsem\u00e4n. Bluesasteikko muodostetaan lis\u00e4\u00e4m\u00e4ll\u00e4 mollipentatoniseen asteikkoon alennettu kvintti.Esimerkiksi C-bluesasteikon s\u00e4velet ovat C, Eb, F, Fis, G ja Bb\n\n\n\n\n\n\n\nVideo\n\n\n\n\n\n\n\n\n\n\n\n\n\nKatso my\u00f6s:<\/span><span style=\"margin-left:3px; max-height:2.8em\" class=\"line_limit\"> [...]<\/span><\/span><span class=\"custom_fields\">\n<!-- WPLP Unknown field: Custom_Fields -->\n<\/span><\/div><\/div><\/div><\/div><div class=\"swiper-slide\" style=\"\"><div class=\"insideframe\"><div id=\"wplp_box_top_1990_391\" class=\"wpcu-front-box top equalHeightImg\" ><div class=\"wplp-box-item\"><a href=\"https:\/\/popjazz.fi\/PJKits\/basso\/basso-oppimistavoitevideot\/melodia-ja-improvisointi\/improvisointi-mollipentatonisella-asteikolla\/\"  class=\"thumbnail\"><span class=\"img_cropper\" style=\"width:150px;height:150px;margin-right:4px;margin-bottom:4px;max-width:100%;\"><img decoding=\"async\" src=\"https:\/\/popjazz.fi\/PJKits\/basso\/wp-content\/uploads\/sites\/4\/2020\/02\/bs_ic_material_product_icon_192pxxxhdpi-150x150.png\" style=\"position: absolute;top: 50%;margin-top: -75px;aspect-ratio:4\/3;\" srcset=\"\" alt=\"Improvisointi mollipentatonisella asteikolla\" class=\"wplp_thumb\" \/><\/span><\/a><a href=\"https:\/\/popjazz.fi\/PJKits\/basso\/basso-oppimistavoitevideot\/melodia-ja-improvisointi\/improvisointi-mollipentatonisella-asteikolla\/\"  class=\"title\">Improvisointi mollipentatonisella asteikolla<\/a><\/div><\/div><div id=\"wplp_box_left_1990_391\" class=\"wpcu-front-box left wpcu-custom-position\" ><div class=\"wplp-box-item\"><\/div><\/div><div id=\"wplp_box_right_1990_391\" class=\"wpcu-front-box right wpcu-custom-position\" ><div class=\"wplp-box-item\"><\/div><\/div><div id=\"wplp_box_bottom_1990_391\" class=\"wpcu-front-box bottom \" ><div class=\"wplp-box-item\"><span class=\"date\">6.10.2019<\/span><span class=\"text\"><span style=\"max-height:2.8em\" class=\"line_limit\">Improvisointi&nbsp;tarkoittaa esityksen luomista esitt\u00e4mishetkell\u00e4. Musiikissa improvisoinnin melodiat muodostuvat l\u00e4hestulkoon kokonaan melodisista fraaseista, eli s\u00e4keist\u00e4. Melodiafraasien muodostuminen taasen perustuu lukuisiin skaaloihin, eli asteikoihin. \n\n\n\nPentatoninen asteikko on s\u00e4velasteikko, jossa on viisi s\u00e4velt\u00e4 oktaavia kohden, toisin kuin diatonisissa duuri- ja molliasteikoissa, joissa s\u00e4veli\u00e4 on seitsem\u00e4n. Mollipentatoninen on yksi yleisimmist\u00e4 improvisoinnissa k\u00e4ytetyist\u00e4 asteikoista.  Mollipentatoninen asteikko muodostetaan j\u00e4tt\u00e4m\u00e4ll\u00e4 luonnollisesta molliasteikosta sen toinen ja kuudes s\u00e4vel pois.Esimerkiksi C- mollipentatonisen asteikon s\u00e4velet ovat C, Es, F, G ja Bb, eli 1, b3, 4, 5, ja b7.\n\n\n\n\n\n\n\nVideo\n\n\n\n\n\nImprovisointia mollipentatonisella asteikolla\n\n\n\n\n\n\n\nKatso my\u00f6s:<\/span><span style=\"margin-left:3px; max-height:2.8em\" class=\"line_limit\"> [...]<\/span><\/span><span class=\"custom_fields\">\n<!-- WPLP Unknown field: Custom_Fields -->\n<\/span><\/div><\/div><\/div><\/div><div class=\"swiper-slide\" style=\"\"><div class=\"insideframe\"><div id=\"wplp_box_top_1990_77\" class=\"wpcu-front-box top equalHeightImg\" ><div class=\"wplp-box-item\"><a href=\"https:\/\/popjazz.fi\/PJKits\/basso\/basso-oppimistavoitevideot\/melodia-ja-improvisointi\/improvisointia-duuripentatonisella\/\"  class=\"thumbnail\"><span class=\"img_cropper\" style=\"width:150px;height:150px;margin-right:4px;margin-bottom:4px;max-width:100%;\"><img decoding=\"async\" src=\"https:\/\/popjazz.fi\/PJKits\/basso\/wp-content\/uploads\/sites\/4\/2020\/02\/bs_ic_material_product_icon_192pxxxhdpi-150x150.png\" style=\"position: absolute;top: 50%;margin-top: -75px;aspect-ratio:4\/3;\" srcset=\"\" alt=\"Improvisointi duuripentatonisella\" class=\"wplp_thumb\" \/><\/span><\/a><a href=\"https:\/\/popjazz.fi\/PJKits\/basso\/basso-oppimistavoitevideot\/melodia-ja-improvisointi\/improvisointia-duuripentatonisella\/\"  class=\"title\">Improvisointi duuripentatonisella<\/a><\/div><\/div><div id=\"wplp_box_left_1990_77\" class=\"wpcu-front-box left wpcu-custom-position\" ><div class=\"wplp-box-item\"><\/div><\/div><div id=\"wplp_box_right_1990_77\" class=\"wpcu-front-box right wpcu-custom-position\" ><div class=\"wplp-box-item\"><\/div><\/div><div id=\"wplp_box_bottom_1990_77\" class=\"wpcu-front-box bottom \" ><div class=\"wplp-box-item\"><span class=\"date\">22.9.2019<\/span><span class=\"text\"><span style=\"max-height:2.8em\" class=\"line_limit\">Improvisointi&nbsp;tarkoittaa esityksen luomista esitt\u00e4mishetkell\u00e4. Musiikissa improvisoinnin melodiat muodostuvat l\u00e4hestulkoon kokonaan melodisista fraaseista, eli s\u00e4keist\u00e4. Melodiafraasien muodostuminen taasen perustuu lukuisiin skaaloihin, eli asteikoihin. \n\n\n\nPentatoninen asteikko on s\u00e4velasteikko, jossa on viisi s\u00e4velt\u00e4 oktaavia kohden, toisin kuin diatonisissa duuri- ja molliasteikoissa, joissa s\u00e4veli\u00e4 on seitsem\u00e4n. Duuripetatoninen on yksi yleisimmist\u00e4 improvisoinnissa k\u00e4ytetyist\u00e4 asteikoista. Duuripentatonisen asteikon voi ajatella muodostuvan duuriasteikosta, josta j\u00e4tet\u00e4\u00e4n pois nelj\u00e4s ja seitsem\u00e4s s\u00e4vel.Esimerkiksi C-duuripentatonisen asteikon s\u00e4velet ovat C, D, E, G ja A, eli 1, 2, 3, 5 ja 6.\n\n\n\n\n\n\n\nVideo\n\n\n\n\n\nImprovisointia duuripentatonisella\n\n\n\n\n\n\n\nKatso my\u00f6s:<\/span><span style=\"margin-left:3px; max-height:2.8em\" class=\"line_limit\"> [...]<\/span><\/span><span class=\"custom_fields\">\n<!-- WPLP Unknown field: Custom_Fields -->\n<\/span><\/div><\/div><\/div><\/div><\/div><div class=\"swiper-button-next\"><\/div><div class=\"swiper-button-prev\"><\/div><div class=\"swiper-pagination\"><\/div><\/div><\/div>\n\n\n\n<p><\/p>\n","protected":false},"excerpt":{"rendered":"<p>Improvisointi&nbsp;tarkoittaa esityksen luomista esitt\u00e4mishetkell\u00e4. Musiikissa improvisoinnin melodiat muodostuvat l\u00e4hestulkoon kokonaan melodisista fraaseista, eli s\u00e4keist\u00e4. Melodiafraasien muodostuminen taasen perustuu lukuisiin skaaloihin, eli asteikoihin. Harmoninen molli eroaa luonnollisesta mollista sen seitsem\u00e4nnen s\u00e4velen kohdalla, joka on korotettu suhteessa luonnolliseen molliin. Esimerkiksi C- harmonisen mollin s\u00e4velet ovat C, D, Eb, F, G, Ab ja B Video Katso my\u00f6s:<\/p>\n","protected":false},"author":1,"featured_media":1282,"parent":67,"menu_order":20,"comment_status":"closed","ping_status":"closed","template":"","meta":{"footnotes":""},"tags":[],"class_list":["post-1090","page","type-page","status-publish","has-post-thumbnail","hentry"],"_links":{"self":[{"href":"https:\/\/popjazz.fi\/PJKits\/basso\/wp-json\/wp\/v2\/pages\/1090","targetHints":{"allow":["GET"]}}],"collection":[{"href":"https:\/\/popjazz.fi\/PJKits\/basso\/wp-json\/wp\/v2\/pages"}],"about":[{"href":"https:\/\/popjazz.fi\/PJKits\/basso\/wp-json\/wp\/v2\/types\/page"}],"author":[{"embeddable":true,"href":"https:\/\/popjazz.fi\/PJKits\/basso\/wp-json\/wp\/v2\/users\/1"}],"replies":[{"embeddable":true,"href":"https:\/\/popjazz.fi\/PJKits\/basso\/wp-json\/wp\/v2\/comments?post=1090"}],"version-history":[{"count":5,"href":"https:\/\/popjazz.fi\/PJKits\/basso\/wp-json\/wp\/v2\/pages\/1090\/revisions"}],"predecessor-version":[{"id":3130,"href":"https:\/\/popjazz.fi\/PJKits\/basso\/wp-json\/wp\/v2\/pages\/1090\/revisions\/3130"}],"up":[{"embeddable":true,"href":"https:\/\/popjazz.fi\/PJKits\/basso\/wp-json\/wp\/v2\/pages\/67"}],"wp:featuredmedia":[{"embeddable":true,"href":"https:\/\/popjazz.fi\/PJKits\/basso\/wp-json\/wp\/v2\/media\/1282"}],"wp:attachment":[{"href":"https:\/\/popjazz.fi\/PJKits\/basso\/wp-json\/wp\/v2\/media?parent=1090"}],"wp:term":[{"taxonomy":"post_tag","embeddable":true,"href":"https:\/\/popjazz.fi\/PJKits\/basso\/wp-json\/wp\/v2\/tags?post=1090"}],"curies":[{"name":"wp","href":"https:\/\/api.w.org\/{rel}","templated":true}]}}