{"id":11,"date":"2019-09-21T14:32:36","date_gmt":"2019-09-21T11:32:36","guid":{"rendered":"https:\/\/popjazz.fi\/PJKits\/basso\/?page_id=11"},"modified":"2021-10-13T10:49:50","modified_gmt":"2021-10-13T07:49:50","slug":"omat-opintosi","status":"publish","type":"page","link":"https:\/\/popjazz.fi\/PJKits\/basso\/","title":{"rendered":"Omat basso-opintosi"},"content":{"rendered":"\n<div class=\"wp-block-columns are-vertically-aligned-center is-layout-flex wp-container-core-columns-is-layout-9d6595d7 wp-block-columns-is-layout-flex\">\n<div class=\"wp-block-column is-vertically-aligned-center is-layout-flow wp-block-column-is-layout-flow\" style=\"flex-basis:15%\">\n<div class=\"wp-block-image\"><figure class=\"alignleft size-large is-resized\"><img loading=\"lazy\" decoding=\"async\" src=\"https:\/\/popjazz.fi\/PJKits\/basso\/wp-content\/uploads\/sites\/4\/2020\/04\/nuolivasen.png\" alt=\"\" class=\"wp-image-1481\" width=\"65\" height=\"65\" srcset=\"https:\/\/popjazz.fi\/PJKits\/basso\/wp-content\/uploads\/sites\/4\/2020\/04\/nuolivasen.png 300w, https:\/\/popjazz.fi\/PJKits\/basso\/wp-content\/uploads\/sites\/4\/2020\/04\/nuolivasen-150x150.png 150w\" sizes=\"auto, (max-width: 65px) 85vw, 65px\" \/><\/figure><\/div>\n\n\n\n<p><\/p>\n<\/div>\n\n\n\n<div class=\"wp-block-column is-vertically-aligned-center is-layout-flow wp-block-column-is-layout-flow\" style=\"flex-basis:85%\">\n<p class=\"has-dark-gray-color has-text-color has-background\" style=\"background-color:#e1a2c6\"><strong>Vasemmalla puolella olevasta valikosta <\/strong>n\u00e4et valitsemasi kurssin edistymisen ja oppimistavoitteet. Oppimistavoitteet avautuvat klikkaamalla otsikoita.  <br><br>Valikko tulee n\u00e4kyville viem\u00e4ll\u00e4 hiiri sivun vasempaan reunaan. <\/p>\n<\/div>\n<\/div>\n\n\n\n<div class=\"wp-block-columns is-layout-flex wp-container-core-columns-is-layout-9d6595d7 wp-block-columns-is-layout-flex\">\n<div class=\"wp-block-column is-layout-flow wp-block-column-is-layout-flow\" style=\"flex-basis:43%\">\n<p class=\"has-text-align-right has-dark-gray-color has-text-color has-background\" style=\"background-color:#e1a2c6\"><strong><em>Oppimistavoitteiden<\/em> <\/strong>valikosta p\u00e4\u00e4set suoraan oman instrumenttisi oppimistavoitteiden materiaaleihin<br><br>Oppimistavoitteiden sivuilla ollessasi navigointiv\u00e4ri on pinkki.<\/p>\n<\/div>\n\n\n\n<div class=\"wp-block-column is-layout-flow wp-block-column-is-layout-flow\" style=\"flex-basis:42%\">\n<p class=\"has-text-align-right has-dark-gray-color has-text-color has-background\" style=\"background-color:#bfa961\"><strong><em><strong><em>Oppimateriaali<\/em> <\/strong><\/em><\/strong><em>valikosta <\/em>p\u00e4\u00e4set suoraan oman instrumenttisi oppimateriaaleihin.<br><br>Oppimateriaalisivuilla olessasi navigointiv\u00e4ri on kulta.<\/p>\n\n\n\n<p><\/p>\n<\/div>\n\n\n\n<div class=\"wp-block-column is-vertically-aligned-center is-layout-flow wp-block-column-is-layout-flow\" style=\"flex-basis:15%\">\n<div class=\"wp-block-image\"><figure class=\"alignright size-large is-resized\"><img loading=\"lazy\" decoding=\"async\" src=\"https:\/\/popjazz.fi\/PJKits\/basso\/wp-content\/uploads\/sites\/4\/2020\/04\/nuolioikea.png\" alt=\"\" class=\"wp-image-1503\" width=\"65\" height=\"65\" srcset=\"https:\/\/popjazz.fi\/PJKits\/basso\/wp-content\/uploads\/sites\/4\/2020\/04\/nuolioikea.png 300w, https:\/\/popjazz.fi\/PJKits\/basso\/wp-content\/uploads\/sites\/4\/2020\/04\/nuolioikea-150x150.png 150w\" sizes=\"auto, (max-width: 65px) 85vw, 65px\" \/><\/figure><\/div>\n\n\n\n<p><\/p>\n<\/div>\n<\/div>\n\n\n\n<p class=\"has-dark-gray-color has-text-color has-background\" style=\"font-size:22px;background-color:#e1a2c6\"><strong>OPPIMISTAVOITTEET<\/strong><\/p>\n\n\n\n<p class=\"has-dark-gray-color has-text-color has-background\" style=\"background-color:#e1a2c6\"><em> <\/em>Oppimistavoitteet ovat sek\u00e4 instrumentin hallintaan liittyvi\u00e4 asioita, ett\u00e4 rytmimusiikin tyypillisi\u00e4 ilmi\u00f6it\u00e4, jotka ovat hyvin samankaltaisia instrumentista riippumatta. <br><br><strong>Oppimistavoitteiden navigointi <\/strong><br><br>+ oppimistavoitesivujen vasemmalla puolella olevasta valikosta (desktop n\u00e4kym\u00e4)<br>+ mobiilimenu sivujen oikeasta yl\u00e4reunasta (kaikki n\u00e4yt\u00f6t)<br>+ avautuvista valikosta p\u00e4\u00e4set kyseisen oppimistavoitteen kuvaukseen klikkaamalla nimen vieress\u00e4 olevaa <strong>i<\/strong> &#8211; merkki\u00e4<br>+<em> &#8221;katso my\u00f6s<\/em>&#8221; -karusellien kautta<\/p>\n\n\n\n<p class=\"has-dark-gray-color has-text-color has-background\" style=\"font-size:22px;background-color:#bfa961\"><strong>OPPIMATERIAALI <\/strong><\/p>\n\n\n\n<p class=\"has-dark-gray-color has-text-color has-background\" style=\"background-color:#bfa961\"><strong>Oppimateriaalit<\/strong> ovat nimens\u00e4 mukaisesti oppituntimateriaalia. Jokainen oppitunti liittyy johonkin oppimistavoitteeseen, joihin l\u00f6yd\u00e4t linkin sivujen alareunassa olevasta &#8221;<em>katso my\u00f6s<\/em>&#8221; -karusellista<br><br><strong>Oppituntivideoiden navigointi<\/strong> <br><br>+ <em>Oikeassa reunassa olevasta menuvalikosta (desktop) sek\u00e4 oikeassa yl\u00e4reunassa olevasta mobiilimenuvalikosta (kaikki n\u00e4yt\u00f6t)<\/em><br>+ hakukoneen tulosten kautta<br>+<em> &#8221;katso my\u00f6s<\/em>&#8221; -karusellien kautta <\/p>\n","protected":false},"excerpt":{"rendered":"<p>Vasemmalla puolella olevasta valikosta n\u00e4et valitsemasi kurssin edistymisen ja oppimistavoitteet. Oppimistavoitteet avautuvat klikkaamalla otsikoita. Valikko tulee n\u00e4kyville viem\u00e4ll\u00e4 hiiri sivun vasempaan reunaan. Oppimistavoitteiden valikosta p\u00e4\u00e4set suoraan oman instrumenttisi oppimistavoitteiden materiaaleihin Oppimistavoitteiden sivuilla ollessasi navigointiv\u00e4ri on pinkki. Oppimateriaali valikosta p\u00e4\u00e4set suoraan oman instrumenttisi oppimateriaaleihin. Oppimateriaalisivuilla olessasi navigointiv\u00e4ri on kulta. OPPIMISTAVOITTEET Oppimistavoitteet ovat sek\u00e4 instrumentin hallintaan liittyvi\u00e4 &hellip; <a href=\"https:\/\/popjazz.fi\/PJKits\/basso\/\" class=\"more-link\">Jatka lukemista<span class=\"screen-reader-text\"> &#8221;Omat basso-opintosi&#8221;<\/span><\/a><\/p>\n","protected":false},"author":1,"featured_media":1282,"parent":0,"menu_order":1,"comment_status":"closed","ping_status":"closed","template":"","meta":{"footnotes":""},"tags":[],"class_list":["post-11","page","type-page","status-publish","has-post-thumbnail","hentry"],"_links":{"self":[{"href":"https:\/\/popjazz.fi\/PJKits\/basso\/wp-json\/wp\/v2\/pages\/11","targetHints":{"allow":["GET"]}}],"collection":[{"href":"https:\/\/popjazz.fi\/PJKits\/basso\/wp-json\/wp\/v2\/pages"}],"about":[{"href":"https:\/\/popjazz.fi\/PJKits\/basso\/wp-json\/wp\/v2\/types\/page"}],"author":[{"embeddable":true,"href":"https:\/\/popjazz.fi\/PJKits\/basso\/wp-json\/wp\/v2\/users\/1"}],"replies":[{"embeddable":true,"href":"https:\/\/popjazz.fi\/PJKits\/basso\/wp-json\/wp\/v2\/comments?post=11"}],"version-history":[{"count":135,"href":"https:\/\/popjazz.fi\/PJKits\/basso\/wp-json\/wp\/v2\/pages\/11\/revisions"}],"predecessor-version":[{"id":3433,"href":"https:\/\/popjazz.fi\/PJKits\/basso\/wp-json\/wp\/v2\/pages\/11\/revisions\/3433"}],"wp:featuredmedia":[{"embeddable":true,"href":"https:\/\/popjazz.fi\/PJKits\/basso\/wp-json\/wp\/v2\/media\/1282"}],"wp:attachment":[{"href":"https:\/\/popjazz.fi\/PJKits\/basso\/wp-json\/wp\/v2\/media?parent=11"}],"wp:term":[{"taxonomy":"post_tag","embeddable":true,"href":"https:\/\/popjazz.fi\/PJKits\/basso\/wp-json\/wp\/v2\/tags?post=11"}],"curies":[{"name":"wp","href":"https:\/\/api.w.org\/{rel}","templated":true}]}}