{"id":1142,"date":"2020-01-21T09:47:35","date_gmt":"2020-01-21T07:47:35","guid":{"rendered":"https:\/\/popjazz.fi\/PJKits\/basso\/?page_id=1142"},"modified":"2021-11-29T17:09:05","modified_gmt":"2021-11-29T15:09:05","slug":"tilapaiset-etumerkit-yli-1-oktaavin-alueella","status":"publish","type":"page","link":"https:\/\/popjazz.fi\/PJKits\/basso\/basso-oppimistavoitevideot\/nuotinluku\/tilapaiset-etumerkit-yli-1-oktaavin-alueella\/","title":{"rendered":"Tilap\u00e4iset ylennys, alennus ja palautusmerkit (yli 1 oktaavin alueella)"},"content":{"rendered":"\n<p>Etumerkit m\u00e4\u00e4rittelev\u00e4t kappaleen s\u00e4vellajin sek\u00e4 yksitt\u00e4isen s\u00e4velen s\u00e4velkorkeuden. <\/p>\n\n\n\n<p>Tilap\u00e4iset etumerkit muuttavat yksitt\u00e4isen nuotin \u00e4\u00e4nen korkeutta tilap\u00e4isesti ja ovat voimassa kyseiselle \u00e4\u00e4nelle vain samassa oktaavialassa yhden tahdin ajan. Saman \u00e4\u00e4nen s\u00e4velkorkeuden tilap\u00e4inen muuttaminen yli oktaavin alueella vaatii siis etumerkin lis\u00e4\u00e4misen jokaiseen oktaavialaan erikseen.<\/p>\n\n\n\n<p>Tilap\u00e4inen etumerkki kirjoitetaan muutettavan nuotin eteen.<\/p>\n\n\n\n<p><strong>Tilap\u00e4iset etumerkit: <\/strong><\/p>\n\n\n\n<figure class=\"wp-block-image size-large\"><img loading=\"lazy\" decoding=\"async\" width=\"21\" height=\"57\" src=\"https:\/\/popjazz.fi\/PJKits\/basso\/wp-content\/uploads\/sites\/4\/2020\/04\/ylennysmerkki.png\" alt=\"\" class=\"wp-image-2037\"\/><figcaption>ylennysmerkki nostaa per\u00e4ss\u00e4\u00e4n olevan nuotin s\u00e4velkorkeutta puolis\u00e4velaskeleen verran<\/figcaption><\/figure>\n\n\n\n<figure class=\"wp-block-image size-large\"><img loading=\"lazy\" decoding=\"async\" width=\"32\" height=\"27\" src=\"https:\/\/popjazz.fi\/PJKits\/basso\/wp-content\/uploads\/sites\/4\/2020\/04\/tuplaylennys.png\" alt=\"\" class=\"wp-image-2052\"\/><figcaption>tuplaylennys nostaa per\u00e4ss\u00e4\u00e4n olevan nuotin s\u00e4velkorkeutta kokos\u00e4velaskeleen verran<\/figcaption><\/figure>\n\n\n\n<figure class=\"wp-block-image size-large\"><img loading=\"lazy\" decoding=\"async\" width=\"426\" height=\"180\" src=\"https:\/\/popjazz.fi\/PJKits\/basso\/wp-content\/uploads\/sites\/4\/2020\/04\/ylioktylennys.png\" alt=\"\" class=\"wp-image-2062\" srcset=\"https:\/\/popjazz.fi\/PJKits\/basso\/wp-content\/uploads\/sites\/4\/2020\/04\/ylioktylennys.png 426w, https:\/\/popjazz.fi\/PJKits\/basso\/wp-content\/uploads\/sites\/4\/2020\/04\/ylioktylennys-300x127.png 300w, https:\/\/popjazz.fi\/PJKits\/basso\/wp-content\/uploads\/sites\/4\/2020\/04\/ylioktylennys-150x63.png 150w\" sizes=\"auto, (max-width: 426px) 85vw, 426px\" \/><figcaption>etumerkit yli oktaavin alueella<\/figcaption><\/figure>\n\n\n\n<figure class=\"wp-block-image size-large\"><img loading=\"lazy\" decoding=\"async\" width=\"20\" height=\"50\" src=\"https:\/\/popjazz.fi\/PJKits\/basso\/wp-content\/uploads\/sites\/4\/2020\/04\/alennusmerkki.png\" alt=\"\" class=\"wp-image-2039\"\/><figcaption><em>alennusmerkki pudottaa per\u00e4ss\u00e4\u00e4n olevan nuotin s\u00e4velkorkeutta puolis\u00e4velaskeleen verran<\/em><\/figcaption><\/figure>\n\n\n\n<figure class=\"wp-block-image size-large\"><img loading=\"lazy\" decoding=\"async\" width=\"49\" height=\"58\" src=\"https:\/\/popjazz.fi\/PJKits\/basso\/wp-content\/uploads\/sites\/4\/2020\/04\/tuplaalennus.png\" alt=\"\" class=\"wp-image-2053\"\/><figcaption>tupla-alennus  pudottaa per\u00e4ss\u00e4\u00e4n olevan nuotin s\u00e4velkorkeutta kokos\u00e4velaskeleen verran<\/figcaption><\/figure>\n\n\n\n<figure class=\"wp-block-image size-large\"><img loading=\"lazy\" decoding=\"async\" width=\"433\" height=\"186\" src=\"https:\/\/popjazz.fi\/PJKits\/basso\/wp-content\/uploads\/sites\/4\/2020\/04\/ylioktalennus.png\" alt=\"\" class=\"wp-image-2063\" srcset=\"https:\/\/popjazz.fi\/PJKits\/basso\/wp-content\/uploads\/sites\/4\/2020\/04\/ylioktalennus.png 433w, https:\/\/popjazz.fi\/PJKits\/basso\/wp-content\/uploads\/sites\/4\/2020\/04\/ylioktalennus-300x129.png 300w, https:\/\/popjazz.fi\/PJKits\/basso\/wp-content\/uploads\/sites\/4\/2020\/04\/ylioktalennus-150x64.png 150w\" sizes=\"auto, (max-width: 433px) 85vw, 433px\" \/><figcaption>alennusmerkit yli oktaavin alueella<\/figcaption><\/figure>\n\n\n\n<figure class=\"wp-block-image size-large\"><img loading=\"lazy\" decoding=\"async\" width=\"16\" height=\"58\" src=\"https:\/\/popjazz.fi\/PJKits\/basso\/wp-content\/uploads\/sites\/4\/2020\/04\/palautusmerkki.png\" alt=\"\" class=\"wp-image-2040\"\/><figcaption>palautusmerkki palauttaa nuotin alkuper\u00e4isen s\u00e4velkorkeuden ja k\u00e4ytt\u00e4ytyy yli oktaavin alueella samoin kuin ylennys- ja alennusmerkki<\/figcaption><\/figure>\n\n\n\n<hr class=\"wp-block-separator\"\/>\n\n\n\n<p class=\"has-medium-font-size\">Katso my\u00f6s:<\/p>\n\n\n<style><\/style><div class=\"wplp_outside wplp_widget_2042\" style=\"max-width:100%;\"><span class=\"wpcu_block_title\">Tilap\u00e4iset etumerkit<\/span><div id=\"wplp_widget_2042\" class=\"wplp_widget_default wplp_container vertical swiper wplp-swiper default cols3\" data-theme=\"default\" data-post=\"2042\" style=\"\" data-max-elts=\"3\" data-per-page=\"10\"><div class=\"wplp_listposts swiper-wrapper\" id=\"default_2042\" style=\"width: 100%;\" ><div class=\"swiper-slide\" style=\"\"><div class=\"insideframe\"><div id=\"wplp_box_top_2042_900\" class=\"wpcu-front-box top equalHeightImg\" ><div class=\"wplp-box-item\"><a href=\"https:\/\/popjazz.fi\/PJKits\/basso\/basso-oppimistavoitevideot\/harmonia\/kaikki-duuri-ja-molliasteikot-luonn-harm-melod-jazz-i-asemasta\/\"  class=\"thumbnail\"><span class=\"img_cropper\" style=\"width:150px;height:150px;margin-right:4px;margin-bottom:4px;max-width:100%;\"><img decoding=\"async\" src=\"https:\/\/popjazz.fi\/PJKits\/basso\/wp-content\/uploads\/sites\/4\/2020\/02\/bs_ic_material_product_icon_192pxxxhdpi-150x150.png\" style=\"position: absolute;top: 50%;margin-top: -75px;aspect-ratio:4\/3;\" srcset=\"\" alt=\"Kaikki duuri- ja molliasteikot (luonn. harm. melod. jazz- molli)  I- asemasta\" class=\"wplp_thumb\" \/><\/span><\/a><a href=\"https:\/\/popjazz.fi\/PJKits\/basso\/basso-oppimistavoitevideot\/harmonia\/kaikki-duuri-ja-molliasteikot-luonn-harm-melod-jazz-i-asemasta\/\"  class=\"title\">Kaikki duuri- ja molliasteikot (luonn. harm. melod. jazz- molli)  I- asemasta<\/a><\/div><\/div><div id=\"wplp_box_left_2042_900\" class=\"wpcu-front-box left wpcu-custom-position\" ><div class=\"wplp-box-item\"><\/div><\/div><div id=\"wplp_box_right_2042_900\" class=\"wpcu-front-box right wpcu-custom-position\" ><div class=\"wplp-box-item\"><\/div><\/div><div id=\"wplp_box_bottom_2042_900\" class=\"wpcu-front-box bottom \" ><div class=\"wplp-box-item\"><span class=\"date\">20.1.2020<\/span><span class=\"text\"><span style=\"max-height:2.8em\" class=\"line_limit\">Asteikkosoitossa oppii sormij\u00e4rjestyksen perusteet, jotka auttavat melodiasoitossa sek\u00e4 improvisoinnissa. Asteikoita harjoitellessa oppii siis \u201dreitit\u201d s\u00e4velist\u00e4 toisiin.\n\n\n\nL\u00f6yd\u00e4t alla olevasta karusellista linkit ja oppaat jokaiseen asteikkoon.\n\n\n\nVideo\n\n\n\n\n\n\n\n\n\n\n\n\n\nKatso my\u00f6s:<\/span><span style=\"margin-left:3px; max-height:2.8em\" class=\"line_limit\"> [...]<\/span><\/span><span class=\"custom_fields\">\n<!-- WPLP Unknown field: Custom_Fields -->\n<\/span><\/div><\/div><\/div><\/div><div class=\"swiper-slide\" style=\"\"><div class=\"insideframe\"><div id=\"wplp_box_top_2042_1144\" class=\"wpcu-front-box top equalHeightImg\" ><div class=\"wplp-box-item\"><a href=\"https:\/\/popjazz.fi\/PJKits\/basso\/basso-oppimistavoitevideot\/nuotinluku\/savellajietumerkit\/\"  class=\"thumbnail\"><span class=\"img_cropper\" style=\"width:150px;height:150px;margin-right:4px;margin-bottom:4px;max-width:100%;\"><img decoding=\"async\" src=\"https:\/\/popjazz.fi\/PJKits\/basso\/wp-content\/uploads\/sites\/4\/2020\/02\/bs_ic_material_product_icon_192pxxxhdpi-150x150.png\" style=\"position: absolute;top: 50%;margin-top: -75px;aspect-ratio:4\/3;\" srcset=\"\" alt=\"S\u00e4vellajietumerkit\" class=\"wplp_thumb\" \/><\/span><\/a><a href=\"https:\/\/popjazz.fi\/PJKits\/basso\/basso-oppimistavoitevideot\/nuotinluku\/savellajietumerkit\/\"  class=\"title\">S\u00e4vellajietumerkit<\/a><\/div><\/div><div id=\"wplp_box_left_2042_1144\" class=\"wpcu-front-box left wpcu-custom-position\" ><div class=\"wplp-box-item\"><\/div><\/div><div id=\"wplp_box_right_2042_1144\" class=\"wpcu-front-box right wpcu-custom-position\" ><div class=\"wplp-box-item\"><\/div><\/div><div id=\"wplp_box_bottom_2042_1144\" class=\"wpcu-front-box bottom \" ><div class=\"wplp-box-item\"><span class=\"date\">21.1.2020<\/span><span class=\"text\"><span style=\"max-height:2.8em\" class=\"line_limit\">Etumerkit m\u00e4\u00e4rittelev\u00e4t kappaleen s\u00e4vellajin sek\u00e4 yksitt\u00e4isen s\u00e4velen s\u00e4velkorkeuden.\n\n\n\nKoko kappaleen s\u00e4vellajin m\u00e4\u00e4rittelev\u00e4t kiinte\u00e4t etumerkit kirjoitetaan kappaleen alkuun heti nuottiavaimen j\u00e4lkeen ja ne voivat olla n\u00e4kyvill\u00e4 samalla tavoin my\u00f6s jokaisen nuottirivin alussa. N\u00e4ist\u00e4 kiinteist\u00e4 etumerkeist\u00e4 k\u00e4ytet\u00e4\u00e4n yleisesti nimityst\u00e4\u00a0s\u00e4vellajietumerkki.\n\n\n\nKiinteill\u00e4 etumerkeill\u00e4 saadaan k\u00e4ytett\u00e4v\u00e4t \u00e4\u00e4net soimaan &#8221;automaattisesti&#8221; halutussa s\u00e4velajissa ilman, ett\u00e4 niit\u00e4 t\u00e4ytyy jokaisen tahdin kohdalla erikseen ylent\u00e4\u00e4 tai tai alentaa. Ts. Jos A- duurin etumerkit (kolme kiinte\u00e4\u00e4 ylennysmerkki\u00e4) omavalle nuottiviivastolle kirjoittaa A- duuri asteikon, \u00e4\u00e4net soivat A- duurissa ilman erillisi\u00e4 tilap\u00e4isi\u00e4 etumerkkej\u00e4. \n\n\n\nRinnakkaiss\u00e4vellajeiksi&nbsp;sanotaan&nbsp;musiikissa&nbsp;duuri- ja&nbsp;mollis\u00e4vellajeja, joilla on sama&nbsp;etumerkint\u00e4&nbsp;ja joissa esiintyv\u00e4t samat s\u00e4velet (kun molliasteikkona k\u00e4ytet\u00e4\u00e4n ns. luonnollista mollia, jossa asteikon seitsem\u00e4tt\u00e4 s\u00e4velt\u00e4 ei ole korotettu). Duurin rinnakkaiss\u00e4vellaji on molli, jonka&nbsp;peruss\u00e4velen\u00e4&nbsp;on duuriasteikon kuudes s\u00e4vel, ja mollin rinnakkaiss\u00e4vellaji on duuri, jonka peruss\u00e4velen\u00e4 on molliasteikon kolmas s\u00e4vel. Esimerkiksi G-duuri ja e-molli ovat toistensa rinnakkaiss\u00e4vellajeja, samoin C-duuri ja a-molli\n\n\n\nYlennysmerkiset s\u00e4vellajit (duuri \/ rinnakkaismolli)\n\n\n\n\n\n\n\nAlennusmerkkiset s\u00e4vellajit  (duuri \/ rinnakkaismolli)\n\n\n\n\n\n\n\nHuomaa, ett\u00e4 7 ylennyst\u00e4 ja alennusta omaavat s\u00e4vellajit ovat k\u00e4yt\u00e4nn\u00f6ss\u00e4  sama s\u00e4vellaji\n\n\n\nKiinte\u00e4t etumerkit ovat yleens\u00e4 voimassa koko s\u00e4vellyksen ajan ja koskevat kaikkia saman nimisi\u00e4 s\u00e4veli\u00e4 kaikissa\u00a0oktaavialoissa, ellei niiden vaikutusta kumota tilap\u00e4isell\u00e4 etumerkill\u00e4, esimerkiksi palautusmerkill\u00e4, tai kappaleen p\u00e4\u00e4s\u00e4vellaji muutu (moduloi) kappaleen aikana. Modulaatio ilmoitetaan  nuotissa selke\u00e4sti uusilla kiinteill\u00e4 etumerkeill\u00e4 ja uusi p\u00e4\u00e4s\u00e4vellaji korvaa vanhan s\u00e4vellajin s\u00e4\u00e4nn\u00f6t kaikilta osin. \n\n\n\n\n\n\n\nKatso my\u00f6s:<\/span><span style=\"margin-left:3px; max-height:2.8em\" class=\"line_limit\"> [...]<\/span><\/span><span class=\"custom_fields\">\n<!-- WPLP Unknown field: Custom_Fields -->\n<\/span><\/div><\/div><\/div><\/div><div class=\"swiper-slide\" style=\"\"><div class=\"insideframe\"><div id=\"wplp_box_top_2042_53\" class=\"wpcu-front-box top equalHeightImg\" ><div class=\"wplp-box-item\"><a href=\"https:\/\/popjazz.fi\/PJKits\/basso\/basso-oppimistavoitevideot\/harmonia\/c-duuriasteikko-i-asemasta\/\"  class=\"thumbnail\"><span class=\"img_cropper\" style=\"width:150px;height:150px;margin-right:4px;margin-bottom:4px;max-width:100%;\"><img decoding=\"async\" src=\"https:\/\/popjazz.fi\/PJKits\/basso\/wp-content\/uploads\/sites\/4\/2020\/02\/bs_ic_material_product_icon_192pxxxhdpi-150x150.png\" style=\"position: absolute;top: 50%;margin-top: -75px;aspect-ratio:4\/3;\" srcset=\"\" alt=\"C-duuriasteikko I-asemasta\" class=\"wplp_thumb\" \/><\/span><\/a><a href=\"https:\/\/popjazz.fi\/PJKits\/basso\/basso-oppimistavoitevideot\/harmonia\/c-duuriasteikko-i-asemasta\/\"  class=\"title\">C-duuriasteikko I-asemasta<\/a><\/div><\/div><div id=\"wplp_box_left_2042_53\" class=\"wpcu-front-box left wpcu-custom-position\" ><div class=\"wplp-box-item\"><\/div><\/div><div id=\"wplp_box_right_2042_53\" class=\"wpcu-front-box right wpcu-custom-position\" ><div class=\"wplp-box-item\"><\/div><\/div><div id=\"wplp_box_bottom_2042_53\" class=\"wpcu-front-box bottom \" ><div class=\"wplp-box-item\"><span class=\"date\">22.9.2019<\/span><span class=\"text\"><span style=\"max-height:2.8em\" class=\"line_limit\">C-duuri asteikon s\u00e4velet ovat C, D, E, F, G, A ja B\n\n\n\n\n\n\n\nI- asemasta soittaessa otelautak\u00e4den etusormi on 1. nauhavaliss\u00e4, keskisormi 2. nauhav\u00e4liss\u00e4 jne. N\u00e4in ollen osa asteikon \u00e4\u00e4nist\u00e4 tulee soitettavaksi vapailta kielilt\u00e4.\n\n\n\nVideo\n\n\n\n\n\n\n\n\n\n\n\n\n\nKatso my\u00f6s:<\/span><span style=\"margin-left:3px; max-height:2.8em\" class=\"line_limit\"> [...]<\/span><\/span><span class=\"custom_fields\">\n<!-- WPLP Unknown field: Custom_Fields -->\n<\/span><\/div><\/div><\/div><\/div><\/div><div class=\"swiper-button-next\"><\/div><div class=\"swiper-button-prev\"><\/div><div class=\"swiper-pagination\"><\/div><\/div><\/div>\n","protected":false},"excerpt":{"rendered":"<p>Etumerkit m\u00e4\u00e4rittelev\u00e4t kappaleen s\u00e4vellajin sek\u00e4 yksitt\u00e4isen s\u00e4velen s\u00e4velkorkeuden. Tilap\u00e4iset etumerkit muuttavat yksitt\u00e4isen nuotin \u00e4\u00e4nen korkeutta tilap\u00e4isesti ja ovat voimassa kyseiselle \u00e4\u00e4nelle vain samassa oktaavialassa yhden tahdin ajan. Saman \u00e4\u00e4nen s\u00e4velkorkeuden tilap\u00e4inen muuttaminen yli oktaavin alueella vaatii siis etumerkin lis\u00e4\u00e4misen jokaiseen oktaavialaan erikseen. Tilap\u00e4inen etumerkki kirjoitetaan muutettavan nuotin eteen. Tilap\u00e4iset etumerkit: Katso my\u00f6s:<\/p>\n","protected":false},"author":1,"featured_media":1282,"parent":79,"menu_order":7,"comment_status":"closed","ping_status":"closed","template":"","meta":{"footnotes":""},"tags":[],"class_list":["post-1142","page","type-page","status-publish","has-post-thumbnail","hentry"],"_links":{"self":[{"href":"https:\/\/popjazz.fi\/PJKits\/basso\/wp-json\/wp\/v2\/pages\/1142","targetHints":{"allow":["GET"]}}],"collection":[{"href":"https:\/\/popjazz.fi\/PJKits\/basso\/wp-json\/wp\/v2\/pages"}],"about":[{"href":"https:\/\/popjazz.fi\/PJKits\/basso\/wp-json\/wp\/v2\/types\/page"}],"author":[{"embeddable":true,"href":"https:\/\/popjazz.fi\/PJKits\/basso\/wp-json\/wp\/v2\/users\/1"}],"replies":[{"embeddable":true,"href":"https:\/\/popjazz.fi\/PJKits\/basso\/wp-json\/wp\/v2\/comments?post=1142"}],"version-history":[{"count":4,"href":"https:\/\/popjazz.fi\/PJKits\/basso\/wp-json\/wp\/v2\/pages\/1142\/revisions"}],"predecessor-version":[{"id":3471,"href":"https:\/\/popjazz.fi\/PJKits\/basso\/wp-json\/wp\/v2\/pages\/1142\/revisions\/3471"}],"up":[{"embeddable":true,"href":"https:\/\/popjazz.fi\/PJKits\/basso\/wp-json\/wp\/v2\/pages\/79"}],"wp:featuredmedia":[{"embeddable":true,"href":"https:\/\/popjazz.fi\/PJKits\/basso\/wp-json\/wp\/v2\/media\/1282"}],"wp:attachment":[{"href":"https:\/\/popjazz.fi\/PJKits\/basso\/wp-json\/wp\/v2\/media?parent=1142"}],"wp:term":[{"taxonomy":"post_tag","embeddable":true,"href":"https:\/\/popjazz.fi\/PJKits\/basso\/wp-json\/wp\/v2\/tags?post=1142"}],"curies":[{"name":"wp","href":"https:\/\/api.w.org\/{rel}","templated":true}]}}