{"id":1144,"date":"2020-01-21T09:48:04","date_gmt":"2020-01-21T07:48:04","guid":{"rendered":"https:\/\/popjazz.fi\/PJKits\/basso\/?page_id=1144"},"modified":"2021-04-06T12:05:54","modified_gmt":"2021-04-06T09:05:54","slug":"savellajietumerkit","status":"publish","type":"page","link":"https:\/\/popjazz.fi\/PJKits\/basso\/basso-oppimistavoitevideot\/nuotinluku\/savellajietumerkit\/","title":{"rendered":"S\u00e4vellajietumerkit"},"content":{"rendered":"<p><!--StartFragment--><\/p>\n<p><!--StartFragment--><\/p>\n<p><!--StartFragment--><\/p>\n\n\n<p>Etumerkit m\u00e4\u00e4rittelev\u00e4t kappaleen s\u00e4vellajin sek\u00e4 yksitt\u00e4isen s\u00e4velen s\u00e4velkorkeuden.<\/p>\n\n\n\n<p>Koko kappaleen s\u00e4vellajin m\u00e4\u00e4rittelev\u00e4t <strong>kiinte\u00e4t etumerkit<\/strong> kirjoitetaan kappaleen alkuun heti nuottiavaimen j\u00e4lkeen ja ne voivat olla n\u00e4kyvill\u00e4 samalla tavoin my\u00f6s jokaisen nuottirivin alussa. N\u00e4ist\u00e4 kiinteist\u00e4 etumerkeist\u00e4 k\u00e4ytet\u00e4\u00e4n yleisesti nimityst\u00e4\u00a0<strong><em>s\u00e4vellajietumerkki<\/em><\/strong>.<\/p>\n\n\n\n<p><strong>Kiinteill\u00e4 etumerkeill\u00e4<\/strong> saadaan k\u00e4ytett\u00e4v\u00e4t \u00e4\u00e4net soimaan &#8221;automaattisesti&#8221; halutussa s\u00e4velajissa ilman, ett\u00e4 niit\u00e4 t\u00e4ytyy jokaisen tahdin kohdalla erikseen ylent\u00e4\u00e4 tai tai alentaa. Ts. Jos A- duurin etumerkit (kolme kiinte\u00e4\u00e4 ylennysmerkki\u00e4) omavalle nuottiviivastolle kirjoittaa A- duuri asteikon, \u00e4\u00e4net soivat A- duurissa ilman erillisi\u00e4 tilap\u00e4isi\u00e4 etumerkkej\u00e4. <\/p>\n\n\n\n<p><strong>Rinnakkaiss\u00e4vellajeiksi<\/strong>&nbsp;sanotaan&nbsp;musiikissa&nbsp;duuri- ja&nbsp;mollis\u00e4vellajeja, joilla on sama&nbsp;etumerkint\u00e4&nbsp;ja joissa esiintyv\u00e4t samat s\u00e4velet (kun molliasteikkona k\u00e4ytet\u00e4\u00e4n ns. luonnollista mollia, jossa asteikon seitsem\u00e4tt\u00e4 s\u00e4velt\u00e4 ei ole korotettu). Duurin rinnakkaiss\u00e4vellaji on molli, jonka&nbsp;peruss\u00e4velen\u00e4&nbsp;on duuriasteikon kuudes s\u00e4vel, ja mollin rinnakkaiss\u00e4vellaji on duuri, jonka peruss\u00e4velen\u00e4 on molliasteikon kolmas s\u00e4vel. Esimerkiksi G-duuri ja e-molli ovat toistensa rinnakkaiss\u00e4vellajeja, samoin C-duuri ja a-molli<\/p>\n\n\n\n<p><strong>Ylennysmerkiset s\u00e4vellajit<\/strong> (duuri \/ rinnakkaismolli)<\/p>\n\n\n\n<figure class=\"wp-block-image size-large\"><img loading=\"lazy\" decoding=\"async\" width=\"1024\" height=\"233\" src=\"https:\/\/popjazz.fi\/PJKits\/basso\/wp-content\/uploads\/sites\/4\/2020\/04\/savellajit-ylennys-1024x233.png\" alt=\"\" class=\"wp-image-2066\" srcset=\"https:\/\/popjazz.fi\/PJKits\/basso\/wp-content\/uploads\/sites\/4\/2020\/04\/savellajit-ylennys-1024x233.png 1024w, https:\/\/popjazz.fi\/PJKits\/basso\/wp-content\/uploads\/sites\/4\/2020\/04\/savellajit-ylennys-300x68.png 300w, https:\/\/popjazz.fi\/PJKits\/basso\/wp-content\/uploads\/sites\/4\/2020\/04\/savellajit-ylennys-150x34.png 150w, https:\/\/popjazz.fi\/PJKits\/basso\/wp-content\/uploads\/sites\/4\/2020\/04\/savellajit-ylennys-768x175.png 768w, https:\/\/popjazz.fi\/PJKits\/basso\/wp-content\/uploads\/sites\/4\/2020\/04\/savellajit-ylennys-1536x349.png 1536w, https:\/\/popjazz.fi\/PJKits\/basso\/wp-content\/uploads\/sites\/4\/2020\/04\/savellajit-ylennys-2048x465.png 2048w, https:\/\/popjazz.fi\/PJKits\/basso\/wp-content\/uploads\/sites\/4\/2020\/04\/savellajit-ylennys-1200x273.png 1200w\" sizes=\"auto, (max-width: 709px) 85vw, (max-width: 909px) 67vw, (max-width: 1362px) 62vw, 840px\" \/><\/figure>\n\n\n\n<p>Alennusmerkkiset s\u00e4vellajit  (duuri \/ rinnakkaismolli)<\/p>\n\n\n\n<figure class=\"wp-block-image size-large\"><img loading=\"lazy\" decoding=\"async\" width=\"1024\" height=\"366\" src=\"https:\/\/popjazz.fi\/PJKits\/basso\/wp-content\/uploads\/sites\/4\/2020\/04\/savellajiet-alennus-1024x366.png\" alt=\"\" class=\"wp-image-2067\" srcset=\"https:\/\/popjazz.fi\/PJKits\/basso\/wp-content\/uploads\/sites\/4\/2020\/04\/savellajiet-alennus-1024x366.png 1024w, https:\/\/popjazz.fi\/PJKits\/basso\/wp-content\/uploads\/sites\/4\/2020\/04\/savellajiet-alennus-300x107.png 300w, https:\/\/popjazz.fi\/PJKits\/basso\/wp-content\/uploads\/sites\/4\/2020\/04\/savellajiet-alennus-150x54.png 150w, https:\/\/popjazz.fi\/PJKits\/basso\/wp-content\/uploads\/sites\/4\/2020\/04\/savellajiet-alennus-768x275.png 768w, https:\/\/popjazz.fi\/PJKits\/basso\/wp-content\/uploads\/sites\/4\/2020\/04\/savellajiet-alennus-1536x549.png 1536w, https:\/\/popjazz.fi\/PJKits\/basso\/wp-content\/uploads\/sites\/4\/2020\/04\/savellajiet-alennus-1200x429.png 1200w, https:\/\/popjazz.fi\/PJKits\/basso\/wp-content\/uploads\/sites\/4\/2020\/04\/savellajiet-alennus.png 1957w\" sizes=\"auto, (max-width: 709px) 85vw, (max-width: 909px) 67vw, (max-width: 1362px) 62vw, 840px\" \/><\/figure>\n\n\n\n<p>Huomaa, ett\u00e4 7 ylennyst\u00e4 ja alennusta omaavat s\u00e4vellajit ovat k\u00e4yt\u00e4nn\u00f6ss\u00e4  sama s\u00e4vellaji<\/p>\n\n\n\n<p>Kiinte\u00e4t etumerkit ovat yleens\u00e4 voimassa koko s\u00e4vellyksen ajan ja koskevat kaikkia saman nimisi\u00e4 s\u00e4veli\u00e4 kaikissa\u00a0oktaavialoissa, ellei niiden vaikutusta kumota tilap\u00e4isell\u00e4 etumerkill\u00e4, esimerkiksi palautusmerkill\u00e4, tai kappaleen p\u00e4\u00e4s\u00e4vellaji muutu (moduloi) kappaleen aikana. Modulaatio ilmoitetaan  nuotissa selke\u00e4sti uusilla kiinteill\u00e4 etumerkeill\u00e4 ja uusi p\u00e4\u00e4s\u00e4vellaji korvaa vanhan s\u00e4vellajin s\u00e4\u00e4nn\u00f6t kaikilta osin. <\/p>\n\n\n\n<hr class=\"wp-block-separator\"\/>\n\n\n\n<p class=\"has-medium-font-size\">Katso my\u00f6s:<\/p>\n\n\n<style><\/style><div class=\"wplp_outside wplp_widget_2068\" style=\"max-width:100%;\"><span class=\"wpcu_block_title\">S\u00e4vellajietumerkit<\/span><div id=\"wplp_widget_2068\" class=\"wplp_widget_default wplp_container vertical swiper wplp-swiper default cols3\" data-theme=\"default\" data-post=\"2068\" style=\"\" data-max-elts=\"2\" data-per-page=\"10\"><div class=\"wplp_listposts swiper-wrapper\" id=\"default_2068\" style=\"width: 100%;\" ><div class=\"swiper-slide\" style=\"\"><div class=\"insideframe\"><div id=\"wplp_box_top_2068_904\" class=\"wpcu-front-box top equalHeightImg\" ><div class=\"wplp-box-item\"><a href=\"https:\/\/popjazz.fi\/PJKits\/basso\/basso-oppimistavoitevideot\/harmonia\/kaikki-duuri-ja-molliasteikot-luonn-harm-melod-jazz-molli-vah-kaksi-oktaavia\/\"  class=\"thumbnail\"><span class=\"img_cropper\" style=\"width:150px;height:150px;margin-right:4px;margin-bottom:4px;max-width:100%;\"><img decoding=\"async\" src=\"https:\/\/popjazz.fi\/PJKits\/basso\/wp-content\/uploads\/sites\/4\/2020\/02\/bs_ic_material_product_icon_192pxxxhdpi-150x150.png\" style=\"position: absolute;top: 50%;margin-top: -75px;aspect-ratio:4\/3;\" srcset=\"\" alt=\"Kaikki duuri- ja molliasteikot (luonn., harm. melod. jazz- molli) v\u00e4h. kaksi oktaavia\" class=\"wplp_thumb\" \/><\/span><\/a><a href=\"https:\/\/popjazz.fi\/PJKits\/basso\/basso-oppimistavoitevideot\/harmonia\/kaikki-duuri-ja-molliasteikot-luonn-harm-melod-jazz-molli-vah-kaksi-oktaavia\/\"  class=\"title\">Kaikki duuri- ja molliasteikot (luonn., harm. melod. jazz- molli) v\u00e4h. kaksi oktaavia<\/a><\/div><\/div><div id=\"wplp_box_left_2068_904\" class=\"wpcu-front-box left wpcu-custom-position\" ><div class=\"wplp-box-item\"><\/div><\/div><div id=\"wplp_box_right_2068_904\" class=\"wpcu-front-box right wpcu-custom-position\" ><div class=\"wplp-box-item\"><\/div><\/div><div id=\"wplp_box_bottom_2068_904\" class=\"wpcu-front-box bottom \" ><div class=\"wplp-box-item\"><span class=\"date\">20.1.2020<\/span><span class=\"text\"><span style=\"max-height:2.8em\" class=\"line_limit\">Asteikkosoitossa oppii sormij\u00e4rjestyksen perusteet, jotka auttavat melodiasoitossa sek\u00e4 improvisoinnissa. Asteikoita harjoitellessa oppii siis \u201dreitit\u201d s\u00e4velist\u00e4 toisiin.\n\n\n\nL\u00f6yd\u00e4t alla olevasta karusellista linkit ja oppaat jokaiseen asteikkoon.\n\n\n\nVideo\n\n\n\n\n\nKaikki duuri- ja molliasteikot\n\n\n\n\n\n\n\nKatso my\u00f6s:<\/span><span style=\"margin-left:3px; max-height:2.8em\" class=\"line_limit\"> [...]<\/span><\/span><span class=\"custom_fields\">\n<!-- WPLP Unknown field: Custom_Fields -->\n<\/span><\/div><\/div><\/div><\/div><div class=\"swiper-slide\" style=\"\"><div class=\"insideframe\"><div id=\"wplp_box_top_2068_858\" class=\"wpcu-front-box top equalHeightImg\" ><div class=\"wplp-box-item\"><a href=\"https:\/\/popjazz.fi\/PJKits\/basso\/basso-oppimistavoitevideot\/harmonia\/a-b-c-d-e-f-g\/\"  class=\"thumbnail\"><span class=\"img_cropper\" style=\"width:150px;height:150px;margin-right:4px;margin-bottom:4px;max-width:100%;\"><img decoding=\"async\" src=\"https:\/\/popjazz.fi\/PJKits\/basso\/wp-content\/uploads\/sites\/4\/2020\/02\/bs_ic_material_product_icon_192pxxxhdpi-150x150.png\" style=\"position: absolute;top: 50%;margin-top: -75px;aspect-ratio:4\/3;\" srcset=\"\" alt=\"a, b, c, d, e, f, g\" class=\"wplp_thumb\" \/><\/span><\/a><a href=\"https:\/\/popjazz.fi\/PJKits\/basso\/basso-oppimistavoitevideot\/harmonia\/a-b-c-d-e-f-g\/\"  class=\"title\">a, b, c, d, e, f, g<\/a><\/div><\/div><div id=\"wplp_box_left_2068_858\" class=\"wpcu-front-box left wpcu-custom-position\" ><div class=\"wplp-box-item\"><\/div><\/div><div id=\"wplp_box_right_2068_858\" class=\"wpcu-front-box right wpcu-custom-position\" ><div class=\"wplp-box-item\"><\/div><\/div><div id=\"wplp_box_bottom_2068_858\" class=\"wpcu-front-box bottom \" ><div class=\"wplp-box-item\"><span class=\"date\">20.1.2020<\/span><span class=\"text\"><span style=\"max-height:2.8em\" class=\"line_limit\">Nuottiaakkoset ovat  musiikissa k\u00e4ytett\u00e4v\u00e4t aakkoset joilla kirjoitetaan musiikki \u00e4\u00e4net luettavaan muotoon. Jokaiselle nuotille on oma kirjaimensa, jotka ilmaisevat s\u00e4velkorkeuden. S\u00e4velkorkeudet voivat olla my\u00f6s ylennettyj\u00e4 tai alennettuja. Normaalivireisen basson kaulalla kaikki kaikki muut nuottiaakkoset l\u00f6ytyv\u00e4t vapailta kielilt\u00e4, paitsi B,C ja F\n\n\n\n\n\n\n\nAlennetut nuottiaakkosetAlennetun nuottiaakkosen per\u00e4\u00e4n lis\u00e4t\u00e4\u00e4n alennusmerkki b, esim Ab (alennettu A) tai Gb (alennettu G).  \n\n\n\nAlennettua nuottia voidaan kuvata my\u00f6s lis\u00e4\u00e4m\u00e4ll\u00e4 per\u00e4\u00e4n &#8221;es&#8221; tai pelkk\u00e4 &#8221;s&#8221;,  esim As (alennettu A) tai Ges (alennettu G). \n\n\n\nPoikkeuksen  B, joka alennettuna on Bb. B voi olla my\u00f6s monesti korvattu kirjaimella H alennetun H:n ollessa kuitenkin edelleen Bb. \n\n\n\n\n\n\n\nYlennetyt nuottiaaksetYlennetyn nuottiaakkosen per\u00e4\u00e4n lis\u00e4t\u00e4\u00e4n ylennysmerkki #, esim. A# (ylennetty A) tai G# ( ylennetty G). \n\n\n\nYlennetty\u00e4 nuottia voidaan kuvata my\u00f6s lis\u00e4\u00e4m\u00e4ss\u00e4 per\u00e4\u00e4n &#8221;is&#8221; esim. Cis (ylennetty C) tai Fis (ylennetty F)\n\n\n\n\n\n\n\nVideo\n\n\n\n\n\nNuottiaakkoset\n\n\n\n\n\n\n\nKatso my\u00f6s:<\/span><span style=\"margin-left:3px; max-height:2.8em\" class=\"line_limit\"> [...]<\/span><\/span><span class=\"custom_fields\">\n<!-- WPLP Unknown field: Custom_Fields -->\n<\/span><\/div><\/div><\/div><\/div><\/div><div class=\"swiper-button-next\"><\/div><div class=\"swiper-button-prev\"><\/div><div class=\"swiper-pagination\"><\/div><\/div><\/div>\n","protected":false},"excerpt":{"rendered":"<p>Etumerkit m\u00e4\u00e4rittelev\u00e4t kappaleen s\u00e4vellajin sek\u00e4 yksitt\u00e4isen s\u00e4velen s\u00e4velkorkeuden. Koko kappaleen s\u00e4vellajin m\u00e4\u00e4rittelev\u00e4t kiinte\u00e4t etumerkit kirjoitetaan kappaleen alkuun heti nuottiavaimen j\u00e4lkeen ja ne voivat olla n\u00e4kyvill\u00e4 samalla tavoin my\u00f6s jokaisen nuottirivin alussa. N\u00e4ist\u00e4 kiinteist\u00e4 etumerkeist\u00e4 k\u00e4ytet\u00e4\u00e4n yleisesti nimityst\u00e4\u00a0s\u00e4vellajietumerkki. Kiinteill\u00e4 etumerkeill\u00e4 saadaan k\u00e4ytett\u00e4v\u00e4t \u00e4\u00e4net soimaan &#8221;automaattisesti&#8221; halutussa s\u00e4velajissa ilman, ett\u00e4 niit\u00e4 t\u00e4ytyy jokaisen tahdin kohdalla erikseen ylent\u00e4\u00e4 &hellip; <a href=\"https:\/\/popjazz.fi\/PJKits\/basso\/basso-oppimistavoitevideot\/harmonia\/a-b-c-d-e-f-g\/\" class=\"more-link\">Jatka lukemista<span class=\"screen-reader-text\"> &#8221;a, b, c, d, e, f, g&#8221;<\/span><\/a><\/p>\n","protected":false},"author":1,"featured_media":1282,"parent":79,"menu_order":8,"comment_status":"closed","ping_status":"closed","template":"","meta":{"footnotes":""},"tags":[],"class_list":["post-1144","page","type-page","status-publish","has-post-thumbnail","hentry"],"_links":{"self":[{"href":"https:\/\/popjazz.fi\/PJKits\/basso\/wp-json\/wp\/v2\/pages\/1144","targetHints":{"allow":["GET"]}}],"collection":[{"href":"https:\/\/popjazz.fi\/PJKits\/basso\/wp-json\/wp\/v2\/pages"}],"about":[{"href":"https:\/\/popjazz.fi\/PJKits\/basso\/wp-json\/wp\/v2\/types\/page"}],"author":[{"embeddable":true,"href":"https:\/\/popjazz.fi\/PJKits\/basso\/wp-json\/wp\/v2\/users\/1"}],"replies":[{"embeddable":true,"href":"https:\/\/popjazz.fi\/PJKits\/basso\/wp-json\/wp\/v2\/comments?post=1144"}],"version-history":[{"count":5,"href":"https:\/\/popjazz.fi\/PJKits\/basso\/wp-json\/wp\/v2\/pages\/1144\/revisions"}],"predecessor-version":[{"id":3167,"href":"https:\/\/popjazz.fi\/PJKits\/basso\/wp-json\/wp\/v2\/pages\/1144\/revisions\/3167"}],"up":[{"embeddable":true,"href":"https:\/\/popjazz.fi\/PJKits\/basso\/wp-json\/wp\/v2\/pages\/79"}],"wp:featuredmedia":[{"embeddable":true,"href":"https:\/\/popjazz.fi\/PJKits\/basso\/wp-json\/wp\/v2\/media\/1282"}],"wp:attachment":[{"href":"https:\/\/popjazz.fi\/PJKits\/basso\/wp-json\/wp\/v2\/media?parent=1144"}],"wp:term":[{"taxonomy":"post_tag","embeddable":true,"href":"https:\/\/popjazz.fi\/PJKits\/basso\/wp-json\/wp\/v2\/tags?post=1144"}],"curies":[{"name":"wp","href":"https:\/\/api.w.org\/{rel}","templated":true}]}}