{"id":1152,"date":"2020-01-21T09:49:38","date_gmt":"2020-01-21T07:49:38","guid":{"rendered":"https:\/\/popjazz.fi\/PJKits\/basso\/?page_id=1152"},"modified":"2021-04-06T14:34:15","modified_gmt":"2021-04-06T11:34:15","slug":"con-senza-rep-fermaatti-accel-rit-dynamiikkamerkinnat","status":"publish","type":"page","link":"https:\/\/popjazz.fi\/PJKits\/basso\/basso-oppimistavoitevideot\/nuotinluku\/con-senza-rep-fermaatti-accel-rit-dynamiikkamerkinnat\/","title":{"rendered":"con\/senza rep., fermaatti, accel.\/rit., dynamiikkamerkinn\u00e4t"},"content":{"rendered":"\n<p>Perinteisten nuottien, sointumerkkien ja rakenteen lis\u00e4ksi kirjoitetut nuotit sis\u00e4lt\u00e4v\u00e4t my\u00f6s muota esitysmerkkej\u00e4 joilla s\u00e4velt\u00e4j\u00e4 ja\/tai sovittaja ovat ilmaiseet kuinka haluavat kappaleen esitett\u00e4v\u00e4t.<\/p>\n\n\n\n<p><strong>Con repeat \/ Senza repeat<\/strong><\/p>\n\n\n\n<ul class=\"wp-block-list\"><li><strong>Con rep. <\/strong> = kerraten <\/li><li><strong>Senza rep.<\/strong> = kertaamatta<\/li><\/ul>\n\n\n\n<p>Merkint\u00f6j\u00e4 k\u00e4ytet\u00e4\u00e4n yleisesti segnon yhteydess\u00e4 kun halutaan ilmoittaa menn\u00e4\u00e4nk\u00f6 kappaleessa eteenp\u00e4in normaalisti kertausmerkkien mukaisesti vai ilman kertauksia. Merkint\u00e4 on yleinen segnon yhteydess\u00e4 (Dal Segno al Coda. Senza rep. = palaa edelt\u00e4v\u00e4\u00e4n segno -merkkiin ja etene ilman kertauksia) <\/p>\n\n\n\n<hr class=\"wp-block-separator\"\/>\n\n\n\n<p><strong>Fermaatti<\/strong><\/p>\n\n\n\n<figure class=\"wp-block-image size-large is-resized\"><img loading=\"lazy\" decoding=\"async\" src=\"https:\/\/popjazz.fi\/PJKits\/basso\/wp-content\/uploads\/sites\/4\/2020\/04\/fermaatti.png\" alt=\"\" class=\"wp-image-2095\" width=\"31\" height=\"20\"\/><\/figure>\n\n\n\n<p>eli \u00e4\u00e4nen pid\u00e4tys. Fermaatissa \u00e4\u00e4ni pidenet\u00e4\u00e4n nuotin aika-arvoa pidemm\u00e4ksi ajaksi. Pident\u00e4misen mitta riippu muusta kappaleen soivasta ymp\u00e4rist\u00f6st\u00e4 ja on osa soittajan tai kapelimestarin tulkintaa.<\/p>\n\n\n\n<hr class=\"wp-block-separator\"\/>\n\n\n\n<p><strong>Accelerando \/ ritardando<\/strong><\/p>\n\n\n\n<ul class=\"wp-block-list\"><li><strong>Accelerando<\/strong><em> (accel.) = kiihdytt\u00e4en <\/em><\/li><li><strong>Ritardando<\/strong><em> ( rit.)  = hidastaen<\/em><\/li><\/ul>\n\n\n\n<p>Merkint\u00f6j\u00e4 k\u00e4ytet\u00e4\u00e4n yleisesti esim. modulaatiossa (s\u00e4vellajin muutos) tai vastaavassa yhteydess\u00e4,  jossa halutaan korostaa muutoksen vaikutusta kappaleen tunnelmaan.<\/p>\n\n\n\n<hr class=\"wp-block-separator\"\/>\n\n\n\n<p><strong>Dynamiikkamerkinn\u00e4t<\/strong><\/p>\n\n\n\n<p>Musiikissa dynamiikalla tarkoitetaan \u00e4\u00e4nenvoimakkuuden vaihtelua.<\/p>\n\n\n\n<figure class=\"wp-block-image size-large is-resized\"><img loading=\"lazy\" decoding=\"async\" src=\"https:\/\/popjazz.fi\/PJKits\/basso\/wp-content\/uploads\/sites\/4\/2020\/04\/cresdim.png\" alt=\"\" class=\"wp-image-2097\" width=\"244\" height=\"20\" srcset=\"https:\/\/popjazz.fi\/PJKits\/basso\/wp-content\/uploads\/sites\/4\/2020\/04\/cresdim.png 366w, https:\/\/popjazz.fi\/PJKits\/basso\/wp-content\/uploads\/sites\/4\/2020\/04\/cresdim-300x25.png 300w, https:\/\/popjazz.fi\/PJKits\/basso\/wp-content\/uploads\/sites\/4\/2020\/04\/cresdim-150x12.png 150w\" sizes=\"auto, (max-width: 244px) 85vw, 244px\" \/><\/figure>\n\n\n\n<ul class=\"wp-block-list\"><li><strong>Cresendo (cres..)<\/strong><em> = voimistuen<\/em>, merkit\u00e4\u00e4n yleisesti kahdella avautuvalla viivalla<\/li><li><strong>Diminuendo (dim..)<\/strong><em> = hiljentyen<\/em>, merkit\u00e4\u00e4n yleisesti kahdella sulkeutuvalla viivalla<\/li><\/ul>\n\n\n\n<hr class=\"wp-block-separator\"\/>\n\n\n\n<p class=\"has-medium-font-size\">Katso my\u00f6s:<\/p>\n\n\n<style><\/style><div class=\"wplp_outside wplp_widget_2098\" style=\"max-width:100%;\"><span class=\"wpcu_block_title\">con\/senza rep., fermaatti, accel.\/rit., dynamiikkamerkinn\u00e4t<\/span><div id=\"wplp_widget_2098\" class=\"wplp_widget_default wplp_container vertical swiper wplp-swiper default cols3\" data-theme=\"default\" data-post=\"2098\" style=\"\" data-max-elts=\"2\" data-per-page=\"10\"><div class=\"wplp_listposts swiper-wrapper\" id=\"default_2098\" style=\"width: 100%;\" ><div class=\"swiper-slide\" style=\"\"><div class=\"insideframe\"><div id=\"wplp_box_top_2098_1172\" class=\"wpcu-front-box top equalHeightImg\" ><div class=\"wplp-box-item\"><a href=\"https:\/\/popjazz.fi\/PJKits\/basso\/basso-oppimistavoitevideot\/nuotinluku\/nuotinlukua-sointumerkeista-ja-nuoteista-kaikista-savellajeista-annetuin-ohjein-ja-esitysmerkein\/\"  class=\"thumbnail\"><span class=\"img_cropper\" style=\"width:150px;height:150px;margin-right:4px;margin-bottom:4px;max-width:100%;\"><img decoding=\"async\" src=\"https:\/\/popjazz.fi\/PJKits\/basso\/wp-content\/uploads\/sites\/4\/2020\/02\/bs_ic_material_product_icon_192pxxxhdpi-150x150.png\" style=\"position: absolute;top: 50%;margin-top: -75px;aspect-ratio:4\/3;\" srcset=\"\" alt=\"Nuotinlukua sointumerkeist\u00e4 ja nuoteista kaikista s\u00e4vellajeista annetuin ohjein ja esitysmerkein\" class=\"wplp_thumb\" \/><\/span><\/a><a href=\"https:\/\/popjazz.fi\/PJKits\/basso\/basso-oppimistavoitevideot\/nuotinluku\/nuotinlukua-sointumerkeista-ja-nuoteista-kaikista-savellajeista-annetuin-ohjein-ja-esitysmerkein\/\"  class=\"title\">Nuotinlukua sointumerkeist\u00e4 ja nuoteista kaikista s\u00e4vellajeista annetuin ohjein ja esitysmerkein<\/a><\/div><\/div><div id=\"wplp_box_left_2098_1172\" class=\"wpcu-front-box left wpcu-custom-position\" ><div class=\"wplp-box-item\"><\/div><\/div><div id=\"wplp_box_right_2098_1172\" class=\"wpcu-front-box right wpcu-custom-position\" ><div class=\"wplp-box-item\"><\/div><\/div><div id=\"wplp_box_bottom_2098_1172\" class=\"wpcu-front-box bottom \" ><div class=\"wplp-box-item\"><span class=\"date\">21.1.2020<\/span><span class=\"text\"><span style=\"max-height:2.8em\" class=\"line_limit\">Tyypillinen nuottikuva popularimusiikissa sis\u00e4lt\u00e4\u00e4 rakenteen ja sointujen lis\u00e4ksi my\u00f6s muuta informaatiota, jotka auttavat soittajaa tulkitsemaan kappaletta s\u00e4velt\u00e4j\u00e4n ja\/tai sovittajan haluamalla tavalla. N\u00e4it\u00e4 lis\u00e4merkint\u00f6j\u00e4 ovat esimerkiksi riffien, unisonojen yms. s\u00e4vellykseen kuuluvien \u00e4\u00e4nien nuotintaminen, tempo ja tyylijalimerkinn\u00e4t, sek\u00e4 dynamiikkaan liittyv\u00e4t merkinn\u00e4t. \n\n\n\n Esimerkki nuotinluvusta sointumerkeist\u00e4 annetuin ohjein ja esitysmerkein \n\n\n\n\n\n\n\n\n\n\n\nKatso my\u00f6s:<\/span><span style=\"margin-left:3px; max-height:2.8em\" class=\"line_limit\"> [...]<\/span><\/span><span class=\"custom_fields\">\n<!-- WPLP Unknown field: Custom_Fields -->\n<\/span><\/div><\/div><\/div><\/div><div class=\"swiper-slide\" style=\"\"><div class=\"insideframe\"><div id=\"wplp_box_top_2098_1150\" class=\"wpcu-front-box top equalHeightImg\" ><div class=\"wplp-box-item\"><a href=\"https:\/\/popjazz.fi\/PJKits\/basso\/basso-oppimistavoitevideot\/nuotinluku\/maalit-ja-kertaukset-segno-coda-intro-valike\/\"  class=\"thumbnail\"><span class=\"img_cropper\" style=\"width:150px;height:150px;margin-right:4px;margin-bottom:4px;max-width:100%;\"><img decoding=\"async\" src=\"https:\/\/popjazz.fi\/PJKits\/basso\/wp-content\/uploads\/sites\/4\/2020\/02\/bs_ic_material_product_icon_192pxxxhdpi-150x150.png\" style=\"position: absolute;top: 50%;margin-top: -75px;aspect-ratio:4\/3;\" srcset=\"\" alt=\"maalit ja kertaukset, segno, coda, intro, v\u00e4like\" class=\"wplp_thumb\" \/><\/span><\/a><a href=\"https:\/\/popjazz.fi\/PJKits\/basso\/basso-oppimistavoitevideot\/nuotinluku\/maalit-ja-kertaukset-segno-coda-intro-valike\/\"  class=\"title\">maalit ja kertaukset, segno, coda, intro, v\u00e4like<\/a><\/div><\/div><div id=\"wplp_box_left_2098_1150\" class=\"wpcu-front-box left wpcu-custom-position\" ><div class=\"wplp-box-item\"><\/div><\/div><div id=\"wplp_box_right_2098_1150\" class=\"wpcu-front-box right wpcu-custom-position\" ><div class=\"wplp-box-item\"><\/div><\/div><div id=\"wplp_box_bottom_2098_1150\" class=\"wpcu-front-box bottom \" ><div class=\"wplp-box-item\"><span class=\"date\">21.1.2020<\/span><span class=\"text\"><span style=\"max-height:2.8em\" class=\"line_limit\">Perinteisten nuottien, sointumerkkien ja rakenteen lis\u00e4ksi kirjoitetut nuotit sis\u00e4lt\u00e4v\u00e4t my\u00f6s muota esitysmerkkej\u00e4 joilla s\u00e4velt\u00e4j\u00e4 ja\/tai sovittaja ovat ilmaiseet kuinka haluavat kappaleen esitett\u00e4v\u00e4t. \n\n\n\nMaalit ja kertaukset\n\n\n\n\n\n\n\nKertausmerkit  ilmoittavat kerrattavan tahtim\u00e4\u00e4r\u00e4n.Maalit ilmoittavat kertauksessa mit\u00e4 kertauksen eri kerroilla soitetaan. Ensimm\u00e4isell\u00e4 kerralla 1. maaliin, kertauksen j\u00e4lkeen 2. maaliin, joka korvaa ensimm\u00e4isen maalin.\n\n\n\n\n\n\n\nSegno\n\n\n\n\n\n\n\nDal segno: &#8211;merkki on my\u00f6s er\u00e4\u00e4nlainen kertausmerkki, jossa j\u00e4lkimm\u00e4isest\u00e4 segnosta hyp\u00e4t\u00e4\u00e4n ensimm\u00e4iseen.  Segnoja voi olla kappaleessa useita jolloin niiden j\u00e4rjestys ilmoitetaan numerolla segno -merkin yhteydess\u00e4. Jos segnojen j\u00e4rjestyst\u00e4 ja\/tai lukum\u00e4\u00e4r\u00e4\u00e4 ei ole ilmoitettu segnon yhteydess\u00e4 segno soitetaan j\u00e4lkimm\u00e4isest\u00e4 ensimm\u00e4iseen ja toisetetaan vain yhden kerran.\n\n\n\nDal segnosta on kaksi yleist\u00e4 variaatiota:\n\n\n\nDal segno al fine (D.S. al fine) = toistetaan segno-merkist\u00e4\u00a0fine-merkkiin astiDal segno al coda (D.S. al Coda) = toistetaan segno-merkist\u00e4 \u201dpomppa\u201d-merkkiin asti, josta siirryt\u00e4\u00e4n\u00a0koodaan\u00a0eli loppusoittoon.\n\n\n\n\n\n\n\nCoda\n\n\n\n \n\n\n\nCoda: on yleisesti lopuke\/loppusoitto, jonne kappale ohjautuu aivan lopuksi. Coda voi kuitenkin joissakin tapauksissa olla segnon kaltainen rakenteen merkitsemistapa jossa siirryt\u00e4\u00e4n paikasta a paikkaa b. T\u00e4ll\u00f6in kuten segnoja, my\u00f6s coda -merkkej\u00e4 voi olla kappaleessa useita ja niiden j\u00e4rjestys ilmoitetaan numerolla coda -merkin yhteydess\u00e4. \n\n\n\nLukemisj\u00e4rjestyksess\u00e4 segnot tulevat ensin ja codat viimeisen\u00e4.\n\n\n\n\n\n\n\nIntro\n\n\n\n\n\n\n\nIntro on kappaleen aloitus\/alkusoitto. Introon voidaan my\u00f6s palata kappaleen aikana jolloin yleisin merkint\u00e4tapa on D.C. (Da Capo, suomeksi alusta). \n\n\n\n\n\n\n\nV\u00e4like (v\u00e4liosa)\n\n\n\n\n\n\n\nV\u00e4like: on tyypillisesti merkitty kirjaimella (C -osa tms) tai Bridge -sanalla. V\u00e4like poikkeaa s\u00e4keist\u00f6st\u00e4 ja kertos\u00e4keest\u00e4.\n\n\n\n\n\n\n\nKatso my\u00f6s:<\/span><span style=\"margin-left:3px; max-height:2.8em\" class=\"line_limit\"> [...]<\/span><\/span><span class=\"custom_fields\">\n<!-- WPLP Unknown field: Custom_Fields -->\n<\/span><\/div><\/div><\/div><\/div><\/div><div class=\"swiper-button-next\"><\/div><div class=\"swiper-button-prev\"><\/div><div class=\"swiper-pagination\"><\/div><\/div><\/div>\n","protected":false},"excerpt":{"rendered":"<p>Perinteisten nuottien, sointumerkkien ja rakenteen lis\u00e4ksi kirjoitetut nuotit sis\u00e4lt\u00e4v\u00e4t my\u00f6s muota esitysmerkkej\u00e4 joilla s\u00e4velt\u00e4j\u00e4 ja\/tai sovittaja ovat ilmaiseet kuinka haluavat kappaleen esitett\u00e4v\u00e4t. Con repeat \/ Senza repeat Con rep. = kerraten Senza rep. = kertaamatta Merkint\u00f6j\u00e4 k\u00e4ytet\u00e4\u00e4n yleisesti segnon yhteydess\u00e4 kun halutaan ilmoittaa menn\u00e4\u00e4nk\u00f6 kappaleessa eteenp\u00e4in normaalisti kertausmerkkien mukaisesti vai ilman kertauksia. Merkint\u00e4 on yleinen &hellip; <a href=\"https:\/\/popjazz.fi\/PJKits\/basso\/basso-oppimistavoitevideot\/nuotinluku\/maalit-ja-kertaukset-segno-coda-intro-valike\/\" class=\"more-link\">Jatka lukemista<span class=\"screen-reader-text\"> &#8221;maalit ja kertaukset, segno, coda, intro, v\u00e4like&#8221;<\/span><\/a><\/p>\n","protected":false},"author":1,"featured_media":1282,"parent":79,"menu_order":12,"comment_status":"closed","ping_status":"closed","template":"","meta":{"footnotes":""},"tags":[],"class_list":["post-1152","page","type-page","status-publish","has-post-thumbnail","hentry"],"_links":{"self":[{"href":"https:\/\/popjazz.fi\/PJKits\/basso\/wp-json\/wp\/v2\/pages\/1152","targetHints":{"allow":["GET"]}}],"collection":[{"href":"https:\/\/popjazz.fi\/PJKits\/basso\/wp-json\/wp\/v2\/pages"}],"about":[{"href":"https:\/\/popjazz.fi\/PJKits\/basso\/wp-json\/wp\/v2\/types\/page"}],"author":[{"embeddable":true,"href":"https:\/\/popjazz.fi\/PJKits\/basso\/wp-json\/wp\/v2\/users\/1"}],"replies":[{"embeddable":true,"href":"https:\/\/popjazz.fi\/PJKits\/basso\/wp-json\/wp\/v2\/comments?post=1152"}],"version-history":[{"count":12,"href":"https:\/\/popjazz.fi\/PJKits\/basso\/wp-json\/wp\/v2\/pages\/1152\/revisions"}],"predecessor-version":[{"id":3188,"href":"https:\/\/popjazz.fi\/PJKits\/basso\/wp-json\/wp\/v2\/pages\/1152\/revisions\/3188"}],"up":[{"embeddable":true,"href":"https:\/\/popjazz.fi\/PJKits\/basso\/wp-json\/wp\/v2\/pages\/79"}],"wp:featuredmedia":[{"embeddable":true,"href":"https:\/\/popjazz.fi\/PJKits\/basso\/wp-json\/wp\/v2\/media\/1282"}],"wp:attachment":[{"href":"https:\/\/popjazz.fi\/PJKits\/basso\/wp-json\/wp\/v2\/media?parent=1152"}],"wp:term":[{"taxonomy":"post_tag","embeddable":true,"href":"https:\/\/popjazz.fi\/PJKits\/basso\/wp-json\/wp\/v2\/tags?post=1152"}],"curies":[{"name":"wp","href":"https:\/\/api.w.org\/{rel}","templated":true}]}}