{"id":1154,"date":"2020-01-21T09:49:59","date_gmt":"2020-01-21T07:49:59","guid":{"rendered":"https:\/\/popjazz.fi\/PJKits\/basso\/?page_id=1154"},"modified":"2021-04-06T14:35:13","modified_gmt":"2021-04-06T11:35:13","slug":"nuotinlukua-3-4-tahtilajissa","status":"publish","type":"page","link":"https:\/\/popjazz.fi\/PJKits\/basso\/basso-oppimistavoitevideot\/nuotinluku\/nuotinlukua-3-4-tahtilajissa\/","title":{"rendered":"Nuotinlukua 3\/4-tahtilajissa"},"content":{"rendered":"\n<p>Tahti on jaettu tahtilajiosoituksen mukaiseen m\u00e4\u00e4r\u00e4\u00e4n iskuja, joille puolestaan on m\u00e4\u00e4ritelty tempo, eli nopeus. Esimerkiksi 3\/4 tempoon 100 tarkoittaa, ett\u00e4 yhteen tahtiin mahtuu 3 kappaletta nelj\u00e4sosanuotteja tempoon 100 (100 iskua per minutti)<\/p>\n\n\n\n<p>3\/4 kuuluu kolmijakoisiin tahtilajeihin yhdess\u00e4 3\/8, 6\/8, 9\/8 ja 12\/8 ja muiden hieman harvinaisempien kolmijakoisten tahtilajien kanssa. <\/p>\n\n\n\n<figure class=\"wp-block-image size-large\"><img loading=\"lazy\" decoding=\"async\" width=\"1024\" height=\"109\" src=\"https:\/\/popjazz.fi\/PJKits\/basso\/wp-content\/uploads\/sites\/4\/2020\/04\/3-4-1024x109.png\" alt=\"\" class=\"wp-image-2103\" srcset=\"https:\/\/popjazz.fi\/PJKits\/basso\/wp-content\/uploads\/sites\/4\/2020\/04\/3-4-1024x109.png 1024w, https:\/\/popjazz.fi\/PJKits\/basso\/wp-content\/uploads\/sites\/4\/2020\/04\/3-4-300x32.png 300w, https:\/\/popjazz.fi\/PJKits\/basso\/wp-content\/uploads\/sites\/4\/2020\/04\/3-4-150x16.png 150w, https:\/\/popjazz.fi\/PJKits\/basso\/wp-content\/uploads\/sites\/4\/2020\/04\/3-4-768x82.png 768w, https:\/\/popjazz.fi\/PJKits\/basso\/wp-content\/uploads\/sites\/4\/2020\/04\/3-4-1536x163.png 1536w, https:\/\/popjazz.fi\/PJKits\/basso\/wp-content\/uploads\/sites\/4\/2020\/04\/3-4-2048x218.png 2048w, https:\/\/popjazz.fi\/PJKits\/basso\/wp-content\/uploads\/sites\/4\/2020\/04\/3-4-1200x128.png 1200w\" sizes=\"auto, (max-width: 709px) 85vw, (max-width: 909px) 67vw, (max-width: 1362px) 62vw, 840px\" \/><\/figure>\n\n\n\n<hr class=\"wp-block-separator\"\/>\n\n\n\n<p class=\"has-medium-font-size\">Katso my\u00f6s:<\/p>\n\n\n<style><\/style><div class=\"wplp_outside wplp_widget_2104\" style=\"max-width:100%;\"><span class=\"wpcu_block_title\">Nuotinlukua 3\/4-tahtilajissa<\/span><div id=\"wplp_widget_2104\" class=\"wplp_widget_default wplp_container vertical swiper wplp-swiper default cols3\" data-theme=\"default\" data-post=\"2104\" style=\"\" data-max-elts=\"3\" data-per-page=\"10\"><div class=\"wplp_listposts swiper-wrapper\" id=\"default_2104\" style=\"width: 100%;\" ><div class=\"swiper-slide\" style=\"\"><div class=\"insideframe\"><div id=\"wplp_box_top_2104_1156\" class=\"wpcu-front-box top equalHeightImg\" ><div class=\"wplp-box-item\"><a href=\"https:\/\/popjazz.fi\/PJKits\/basso\/basso-oppimistavoitevideot\/nuotinluku\/nuotinlukua-vaihtuvin-tahtilajein\/\"  class=\"thumbnail\"><span class=\"img_cropper\" style=\"width:150px;height:150px;margin-right:4px;margin-bottom:4px;max-width:100%;\"><img decoding=\"async\" src=\"https:\/\/popjazz.fi\/PJKits\/basso\/wp-content\/uploads\/sites\/4\/2020\/02\/bs_ic_material_product_icon_192pxxxhdpi-150x150.png\" style=\"position: absolute;top: 50%;margin-top: -75px;aspect-ratio:4\/3;\" srcset=\"\" alt=\"Nuotinlukua vaihtuvin tahtilajein\" class=\"wplp_thumb\" \/><\/span><\/a><a href=\"https:\/\/popjazz.fi\/PJKits\/basso\/basso-oppimistavoitevideot\/nuotinluku\/nuotinlukua-vaihtuvin-tahtilajein\/\"  class=\"title\">Nuotinlukua vaihtuvin tahtilajein<\/a><\/div><\/div><div id=\"wplp_box_left_2104_1156\" class=\"wpcu-front-box left wpcu-custom-position\" ><div class=\"wplp-box-item\"><\/div><\/div><div id=\"wplp_box_right_2104_1156\" class=\"wpcu-front-box right wpcu-custom-position\" ><div class=\"wplp-box-item\"><\/div><\/div><div id=\"wplp_box_bottom_2104_1156\" class=\"wpcu-front-box bottom \" ><div class=\"wplp-box-item\"><span class=\"date\">21.1.2020<\/span><span class=\"text\"><span style=\"max-height:2.8em\" class=\"line_limit\">Perinteinen tapa on luokitella aika-arvot  tasajakoisiin (esim. 4\/4 = 2\/4 + 2\/4), kolmijakoisiin (esim. 3\/8 ja 3\/4), sek\u00e4 niiden yhdistelmiin, eli vaihtojakoisiin. Niist\u00e4 tasajakoisen ja kolmijakoisen  rytmin iskualat pysyv\u00e4t koko ajan yht\u00e4 pitkin\u00e4. Vaihtojakoisessa rytmiss\u00e4 on v\u00e4hint\u00e4\u00e4n kaksi eripituista, s\u00e4\u00e4nn\u00f6llisesti toistuvaa iskualaa. Esim. \n\n\n\n5\/4 = 2\/4 + 3\/4 tai 3\/4 + 2\/4. 7\/4 = 2\/4 + 2\/4 + 3\/4 tai 3\/4 + 4\/4 \n\n\n\nRytmiset jaot m\u00e4\u00e4rittyv\u00e4t melodia rytmityksen mukaan.\n\n\n\nTahtilajit voivat my\u00f6s vaihdella kappaleen aikana. T\u00e4m\u00e4 johtuu yleisesti melodian rakenteesta, mutta tahtilajin vaihdos voi olla my\u00f6s puhtaasti kappaleen luonteeseen sopiva rytminen elementti tai tehokeino. \n\n\n\nesimerkki kappaleen sis\u00e4ll\u00e4 vaihtuvasta tahtilajista rytmisen\u00e4 (riffi):\n\n\n\nPink Floyd: Money\n\n\n\n\n\n\n\nKatso my\u00f6s:<\/span><span style=\"margin-left:3px; max-height:2.8em\" class=\"line_limit\"> [...]<\/span><\/span><span class=\"custom_fields\">\n<!-- WPLP Unknown field: Custom_Fields -->\n<\/span><\/div><\/div><\/div><\/div><div class=\"swiper-slide\" style=\"\"><div class=\"insideframe\"><div id=\"wplp_box_top_2104_87\" class=\"wpcu-front-box top equalHeightImg\" ><div class=\"wplp-box-item\"><a href=\"https:\/\/popjazz.fi\/PJKits\/basso\/basso-oppimistavoitevideot\/nuotinluku\/soittaminen-yksinkertaisesta-saestysnuotista-sointumerkein\/\"  class=\"thumbnail\"><span class=\"img_cropper\" style=\"width:150px;height:150px;margin-right:4px;margin-bottom:4px;max-width:100%;\"><img decoding=\"async\" src=\"https:\/\/popjazz.fi\/PJKits\/basso\/wp-content\/uploads\/sites\/4\/2020\/02\/bs_ic_material_product_icon_192pxxxhdpi-150x150.png\" style=\"position: absolute;top: 50%;margin-top: -75px;aspect-ratio:4\/3;\" srcset=\"\" alt=\"Soittaminen yksinkertaisesta s\u00e4estysnuotista sointumerkein\" class=\"wplp_thumb\" \/><\/span><\/a><a href=\"https:\/\/popjazz.fi\/PJKits\/basso\/basso-oppimistavoitevideot\/nuotinluku\/soittaminen-yksinkertaisesta-saestysnuotista-sointumerkein\/\"  class=\"title\">Soittaminen yksinkertaisesta s\u00e4estysnuotista sointumerkein<\/a><\/div><\/div><div id=\"wplp_box_left_2104_87\" class=\"wpcu-front-box left wpcu-custom-position\" ><div class=\"wplp-box-item\"><\/div><\/div><div id=\"wplp_box_right_2104_87\" class=\"wpcu-front-box right wpcu-custom-position\" ><div class=\"wplp-box-item\"><\/div><\/div><div id=\"wplp_box_bottom_2104_87\" class=\"wpcu-front-box bottom \" ><div class=\"wplp-box-item\"><span class=\"date\">22.9.2019<\/span><span class=\"text\"><span style=\"max-height:2.8em\" class=\"line_limit\">Yksinkertainen s\u00e4estysnuotti, eli ns. komppilappu, sis\u00e4lt\u00e4\u00e4 tarvittavan informaation kappaleen soittamiseen alusta loppuun, mutta j\u00e4tt\u00e4\u00e4 yksityiskohdat soittajan itsens\u00e4 harkittavaksi tai opeteltavaksi erikseen. Komppilapusta tulee kuitenkin k\u00e4yd\u00e4 ilmi v\u00e4hint\u00e4\u00e4n kappaleen rakenne ja sointumerkit.\n\n\n\nEsimerkki yksinkertaisesta s\u00e4estysnuotista\n\n\n\n\n\n\n\n\n\n\n\nKatso my\u00f6s:<\/span><span style=\"margin-left:3px; max-height:2.8em\" class=\"line_limit\"> [...]<\/span><\/span><span class=\"custom_fields\">\n<!-- WPLP Unknown field: Custom_Fields -->\n<\/span><\/div><\/div><\/div><\/div><div class=\"swiper-slide\" style=\"\"><div class=\"insideframe\"><div id=\"wplp_box_top_2104_81\" class=\"wpcu-front-box top equalHeightImg\" ><div class=\"wplp-box-item\"><a href=\"https:\/\/popjazz.fi\/PJKits\/basso\/basso-oppimistavoitevideot\/nuotinluku\/tahdin-perussykkeen-hahmottaminen-nuottikuvasta\/\"  class=\"thumbnail\"><span class=\"img_cropper\" style=\"width:150px;height:150px;margin-right:4px;margin-bottom:4px;max-width:100%;\"><img decoding=\"async\" src=\"https:\/\/popjazz.fi\/PJKits\/basso\/wp-content\/uploads\/sites\/4\/2020\/02\/bs_ic_material_product_icon_192pxxxhdpi-150x150.png\" style=\"position: absolute;top: 50%;margin-top: -75px;aspect-ratio:4\/3;\" srcset=\"\" alt=\"Tahdin perussykkeen hahmottaminen nuottikuvasta\" class=\"wplp_thumb\" \/><\/span><\/a><a href=\"https:\/\/popjazz.fi\/PJKits\/basso\/basso-oppimistavoitevideot\/nuotinluku\/tahdin-perussykkeen-hahmottaminen-nuottikuvasta\/\"  class=\"title\">Tahdin perussykkeen hahmottaminen nuottikuvasta<\/a><\/div><\/div><div id=\"wplp_box_left_2104_81\" class=\"wpcu-front-box left wpcu-custom-position\" ><div class=\"wplp-box-item\"><\/div><\/div><div id=\"wplp_box_right_2104_81\" class=\"wpcu-front-box right wpcu-custom-position\" ><div class=\"wplp-box-item\"><\/div><\/div><div id=\"wplp_box_bottom_2104_81\" class=\"wpcu-front-box bottom \" ><div class=\"wplp-box-item\"><span class=\"date\">22.9.2019<\/span><span class=\"text\"><span style=\"max-height:2.8em\" class=\"line_limit\">Tahdin perussykkeen hahmottaminen tarkoittaa tahtilajimerkinn\u00e4n ja kappaleen yleiseen sykkeeseen liittyvien asioiden, kuten tempomerkint\u00e4\u00e4n liittyvien merkint\u00f6jen hahmottamiseen nuottikuvasta.\n\n\n\n\n\n\n\n\n\n\n\nKatso my\u00f6s:<\/span><span style=\"margin-left:3px; max-height:2.8em\" class=\"line_limit\"> [...]<\/span><\/span><span class=\"custom_fields\">\n<!-- WPLP Unknown field: Custom_Fields -->\n<\/span><\/div><\/div><\/div><\/div><\/div><div class=\"swiper-button-next\"><\/div><div class=\"swiper-button-prev\"><\/div><div class=\"swiper-pagination\"><\/div><\/div><\/div>\n","protected":false},"excerpt":{"rendered":"<p>Tahti on jaettu tahtilajiosoituksen mukaiseen m\u00e4\u00e4r\u00e4\u00e4n iskuja, joille puolestaan on m\u00e4\u00e4ritelty tempo, eli nopeus. Esimerkiksi 3\/4 tempoon 100 tarkoittaa, ett\u00e4 yhteen tahtiin mahtuu 3 kappaletta nelj\u00e4sosanuotteja tempoon 100 (100 iskua per minutti) 3\/4 kuuluu kolmijakoisiin tahtilajeihin yhdess\u00e4 3\/8, 6\/8, 9\/8 ja 12\/8 ja muiden hieman harvinaisempien kolmijakoisten tahtilajien kanssa. Katso my\u00f6s:<\/p>\n","protected":false},"author":1,"featured_media":1282,"parent":79,"menu_order":13,"comment_status":"closed","ping_status":"closed","template":"","meta":{"footnotes":""},"tags":[],"class_list":["post-1154","page","type-page","status-publish","has-post-thumbnail","hentry"],"_links":{"self":[{"href":"https:\/\/popjazz.fi\/PJKits\/basso\/wp-json\/wp\/v2\/pages\/1154","targetHints":{"allow":["GET"]}}],"collection":[{"href":"https:\/\/popjazz.fi\/PJKits\/basso\/wp-json\/wp\/v2\/pages"}],"about":[{"href":"https:\/\/popjazz.fi\/PJKits\/basso\/wp-json\/wp\/v2\/types\/page"}],"author":[{"embeddable":true,"href":"https:\/\/popjazz.fi\/PJKits\/basso\/wp-json\/wp\/v2\/users\/1"}],"replies":[{"embeddable":true,"href":"https:\/\/popjazz.fi\/PJKits\/basso\/wp-json\/wp\/v2\/comments?post=1154"}],"version-history":[{"count":3,"href":"https:\/\/popjazz.fi\/PJKits\/basso\/wp-json\/wp\/v2\/pages\/1154\/revisions"}],"predecessor-version":[{"id":3189,"href":"https:\/\/popjazz.fi\/PJKits\/basso\/wp-json\/wp\/v2\/pages\/1154\/revisions\/3189"}],"up":[{"embeddable":true,"href":"https:\/\/popjazz.fi\/PJKits\/basso\/wp-json\/wp\/v2\/pages\/79"}],"wp:featuredmedia":[{"embeddable":true,"href":"https:\/\/popjazz.fi\/PJKits\/basso\/wp-json\/wp\/v2\/media\/1282"}],"wp:attachment":[{"href":"https:\/\/popjazz.fi\/PJKits\/basso\/wp-json\/wp\/v2\/media?parent=1154"}],"wp:term":[{"taxonomy":"post_tag","embeddable":true,"href":"https:\/\/popjazz.fi\/PJKits\/basso\/wp-json\/wp\/v2\/tags?post=1154"}],"curies":[{"name":"wp","href":"https:\/\/api.w.org\/{rel}","templated":true}]}}