{"id":1158,"date":"2020-01-21T09:50:42","date_gmt":"2020-01-21T07:50:42","guid":{"rendered":"https:\/\/popjazz.fi\/PJKits\/basso\/?page_id=1158"},"modified":"2021-04-06T14:53:32","modified_gmt":"2021-04-06T11:53:32","slug":"pisteelliset-aika-arvot-ja-yhdyskaaret","status":"publish","type":"page","link":"https:\/\/popjazz.fi\/PJKits\/basso\/basso-oppimistavoitevideot\/nuotinluku\/pisteelliset-aika-arvot-ja-yhdyskaaret\/","title":{"rendered":"Pisteelliset aika-arvot ja yhdyskaaret"},"content":{"rendered":"\n<p><strong>Pisteelliset aika-arvot<\/strong><\/p>\n\n\n\n<p>Nuotin yhteydess\u00e4 oleva piste jatkaa nuotin omaa aika-arvoa puolella sen omasta aika-arvosta. Esimerkiksi nelj\u00e4sosanuotin yhteydess\u00e4 oleva piste pident\u00e4\u00e4 ko. nelj\u00e4sosanuottia kahdeksasosan verran ja nuotin oikea aika-arvo on siis 1\/4 + 1\/8.<\/p>\n\n\n\n<figure class=\"wp-block-image size-large\"><img loading=\"lazy\" decoding=\"async\" width=\"68\" height=\"26\" src=\"https:\/\/popjazz.fi\/PJKits\/basso\/wp-content\/uploads\/sites\/4\/2020\/04\/pist.kokon_.png\" alt=\"\" class=\"wp-image-1903\"\/><figcaption>= kokonuotti + puolinuotti<\/figcaption><\/figure>\n\n\n\n<figure class=\"wp-block-image size-large\"><img loading=\"lazy\" decoding=\"async\" width=\"56\" height=\"69\" src=\"https:\/\/popjazz.fi\/PJKits\/basso\/wp-content\/uploads\/sites\/4\/2020\/04\/pist.puolin.png\" alt=\"\" class=\"wp-image-1904\"\/><figcaption>= puolinuotti + nelj\u00e4sosanuotti<\/figcaption><\/figure>\n\n\n\n<figure class=\"wp-block-image size-large\"><img loading=\"lazy\" decoding=\"async\" width=\"55\" height=\"69\" src=\"https:\/\/popjazz.fi\/PJKits\/basso\/wp-content\/uploads\/sites\/4\/2020\/04\/pist.neljasosa.png\" alt=\"\" class=\"wp-image-1905\"\/><figcaption>= nelj\u00e4sosa + kahdeksasosanuotti<\/figcaption><\/figure>\n\n\n\n<figure class=\"wp-block-image size-large\"><img loading=\"lazy\" decoding=\"async\" width=\"57\" height=\"69\" src=\"https:\/\/popjazz.fi\/PJKits\/basso\/wp-content\/uploads\/sites\/4\/2020\/04\/pist.kahdeks.png\" alt=\"\" class=\"wp-image-1906\"\/><figcaption>= kahdeksasosanuotti + kuudestoistaosanuotti<\/figcaption><\/figure>\n\n\n\n<hr class=\"wp-block-separator\"\/>\n\n\n\n<p><strong>Yhdyskaari <\/strong> <\/p>\n\n\n\n<p>yhdyskaarta k\u00e4ytet\u00e4\u00e4n, kun soivan \u00e4\u00e4nen kesto jatkuu\u00a0<\/p>\n\n\n\n<figure class=\"wp-block-image size-large is-resized\"><img loading=\"lazy\" decoding=\"async\" src=\"https:\/\/popjazz.fi\/PJKits\/basso\/wp-content\/uploads\/sites\/4\/2020\/04\/kaari-isku.png\" alt=\"\" class=\"wp-image-1915\" width=\"202\" height=\"39\" srcset=\"https:\/\/popjazz.fi\/PJKits\/basso\/wp-content\/uploads\/sites\/4\/2020\/04\/kaari-isku.png 546w, https:\/\/popjazz.fi\/PJKits\/basso\/wp-content\/uploads\/sites\/4\/2020\/04\/kaari-isku-300x58.png 300w, https:\/\/popjazz.fi\/PJKits\/basso\/wp-content\/uploads\/sites\/4\/2020\/04\/kaari-isku-150x29.png 150w\" sizes=\"auto, (max-width: 202px) 85vw, 202px\" \/><figcaption>iskujen rajan yli<\/figcaption><\/figure>\n\n\n\n<figure class=\"wp-block-image size-large is-resized\"><img loading=\"lazy\" decoding=\"async\" src=\"https:\/\/popjazz.fi\/PJKits\/basso\/wp-content\/uploads\/sites\/4\/2020\/04\/kaari-iskuala.png\" alt=\"\" class=\"wp-image-1909\" width=\"195\" height=\"34\" srcset=\"https:\/\/popjazz.fi\/PJKits\/basso\/wp-content\/uploads\/sites\/4\/2020\/04\/kaari-iskuala.png 597w, https:\/\/popjazz.fi\/PJKits\/basso\/wp-content\/uploads\/sites\/4\/2020\/04\/kaari-iskuala-300x53.png 300w, https:\/\/popjazz.fi\/PJKits\/basso\/wp-content\/uploads\/sites\/4\/2020\/04\/kaari-iskuala-150x27.png 150w\" sizes=\"auto, (max-width: 195px) 85vw, 195px\" \/><figcaption>iskualojen rajan yli<\/figcaption><\/figure>\n\n\n\n<figure class=\"wp-block-image size-large is-resized\"><img loading=\"lazy\" decoding=\"async\" src=\"https:\/\/popjazz.fi\/PJKits\/basso\/wp-content\/uploads\/sites\/4\/2020\/04\/kaari-tahti-1024x106.png\" alt=\"\" class=\"wp-image-1910\" width=\"332\" height=\"34\" srcset=\"https:\/\/popjazz.fi\/PJKits\/basso\/wp-content\/uploads\/sites\/4\/2020\/04\/kaari-tahti-1024x106.png 1024w, https:\/\/popjazz.fi\/PJKits\/basso\/wp-content\/uploads\/sites\/4\/2020\/04\/kaari-tahti-300x31.png 300w, https:\/\/popjazz.fi\/PJKits\/basso\/wp-content\/uploads\/sites\/4\/2020\/04\/kaari-tahti-150x15.png 150w, https:\/\/popjazz.fi\/PJKits\/basso\/wp-content\/uploads\/sites\/4\/2020\/04\/kaari-tahti-768x79.png 768w, https:\/\/popjazz.fi\/PJKits\/basso\/wp-content\/uploads\/sites\/4\/2020\/04\/kaari-tahti.png 1026w\" sizes=\"auto, (max-width: 332px) 85vw, 332px\" \/><figcaption>tai tahtiviivan yli.<\/figcaption><\/figure>\n\n\n\n<hr class=\"wp-block-separator\"\/>\n\n\n\n<p class=\"has-medium-font-size\">Katso my\u00f6s:<\/p>\n\n\n<style><\/style><div class=\"wplp_outside wplp_widget_1911\" style=\"max-width:100%;\"><span class=\"wpcu_block_title\">Pisteelliset aika-arvot ja yhdyskaaret<\/span><div id=\"wplp_widget_1911\" class=\"wplp_widget_default wplp_container vertical swiper wplp-swiper default cols3\" data-theme=\"default\" data-post=\"1911\" style=\"\" data-max-elts=\"4\" data-per-page=\"10\"><div class=\"wplp_listposts swiper-wrapper\" id=\"default_1911\" style=\"width: 100%;\" ><div class=\"swiper-slide\" style=\"\"><div class=\"insideframe\"><div id=\"wplp_box_top_1911_1033\" class=\"wpcu-front-box top equalHeightImg\" ><div class=\"wplp-box-item\"><a href=\"https:\/\/popjazz.fi\/PJKits\/basso\/basso-oppimistavoitevideot\/rytmi-ja-muotorakenteet\/polyrytmiikka\/\"  class=\"thumbnail\"><span class=\"img_cropper\" style=\"width:150px;height:150px;margin-right:4px;margin-bottom:4px;max-width:100%;\"><img decoding=\"async\" src=\"https:\/\/popjazz.fi\/PJKits\/basso\/wp-content\/uploads\/sites\/4\/2020\/02\/bs_ic_material_product_icon_192pxxxhdpi-150x150.png\" style=\"position: absolute;top: 50%;margin-top: -75px;aspect-ratio:4\/3;\" srcset=\"\" alt=\"Polyrytmiikka\" class=\"wplp_thumb\" \/><\/span><\/a><a href=\"https:\/\/popjazz.fi\/PJKits\/basso\/basso-oppimistavoitevideot\/rytmi-ja-muotorakenteet\/polyrytmiikka\/\"  class=\"title\">Polyrytmiikka<\/a><\/div><\/div><div id=\"wplp_box_left_1911_1033\" class=\"wpcu-front-box left wpcu-custom-position\" ><div class=\"wplp-box-item\"><\/div><\/div><div id=\"wplp_box_right_1911_1033\" class=\"wpcu-front-box right wpcu-custom-position\" ><div class=\"wplp-box-item\"><\/div><\/div><div id=\"wplp_box_bottom_1911_1033\" class=\"wpcu-front-box bottom \" ><div class=\"wplp-box-item\"><span class=\"date\">21.1.2020<\/span><span class=\"text\"><span style=\"max-height:2.8em\" class=\"line_limit\">Polyrytmill\u00e4 tarkoitetaan yhdistelm\u00e4\u00e4, jossa aikayksikk\u00f6 jaetaan eri \u00e4\u00e4niss\u00e4 (kahdessa tai useammassa) eri suuruisiin osiin, niin ett\u00e4 n\u00e4m\u00e4 osat eiv\u00e4t ole kesken\u00e4\u00e4n jaollisia, esimerkiksi niin ett\u00e4 tahti jaetaan yht\u00e4aikaa kolmen ja nelj\u00e4n mittaisiin osiin.\n\n\n\nVideo\n\n\n\n\n\nPolyrytmiikka\n\n\n\n\n\n\n\n\n\n\n\nKatso my\u00f6s:<\/span><span style=\"margin-left:3px; max-height:2.8em\" class=\"line_limit\"> [...]<\/span><\/span><span class=\"custom_fields\">\n<!-- WPLP Unknown field: Custom_Fields -->\n<\/span><\/div><\/div><\/div><\/div><div class=\"swiper-slide\" style=\"\"><div class=\"insideframe\"><div id=\"wplp_box_top_1911_384\" class=\"wpcu-front-box top equalHeightImg\" ><div class=\"wplp-box-item\"><a href=\"https:\/\/popjazz.fi\/PJKits\/basso\/basso-oppimistavoitevideot\/rytmi-ja-muotorakenteet\/synkopointi\/\"  class=\"thumbnail\"><span class=\"img_cropper\" style=\"width:150px;height:150px;margin-right:4px;margin-bottom:4px;max-width:100%;\"><img decoding=\"async\" src=\"https:\/\/popjazz.fi\/PJKits\/basso\/wp-content\/uploads\/sites\/4\/2020\/02\/bs_ic_material_product_icon_192pxxxhdpi-150x150.png\" style=\"position: absolute;top: 50%;margin-top: -75px;aspect-ratio:4\/3;\" srcset=\"\" alt=\"Synkopointi\" class=\"wplp_thumb\" \/><\/span><\/a><a href=\"https:\/\/popjazz.fi\/PJKits\/basso\/basso-oppimistavoitevideot\/rytmi-ja-muotorakenteet\/synkopointi\/\"  class=\"title\">Synkopointi<\/a><\/div><\/div><div id=\"wplp_box_left_1911_384\" class=\"wpcu-front-box left wpcu-custom-position\" ><div class=\"wplp-box-item\"><\/div><\/div><div id=\"wplp_box_right_1911_384\" class=\"wpcu-front-box right wpcu-custom-position\" ><div class=\"wplp-box-item\"><\/div><\/div><div id=\"wplp_box_bottom_1911_384\" class=\"wpcu-front-box bottom \" ><div class=\"wplp-box-item\"><span class=\"date\">6.10.2019<\/span><span class=\"text\"><span style=\"max-height:2.8em\" class=\"line_limit\">Synkopointi tarkoittaa siirretty\u00e4 vahvaa tahdinosaa. Perinteisesti vahvin tahdinosa sijaitsee tahdin ykk\u00f6sell\u00e4, mutta se voidaan esimerkiksi aikaistaa edelt\u00e4v\u00e4n tahdin viimeiselle kahdeksasosalle, jolloin muodostuu synkooppi. Synkooppi ei ole tyylilajiin liittyv\u00e4 ilmi\u00f6, vaan mink\u00e4 tahansa tyylilajin, mik\u00e4 tahansa vahva tahdinosa voi siirty\u00e4 synkoopiksi\n\n\n\nVideo\n\n\n\n\n\n\n\n\n\nSynkopointi beat\n\n\n\n\n\n\n\nSynkopointi Rock\u00b4n\u00b4roll\n\n\n\n\n\n\n\n\n\n\n\nKatso my\u00f6s:<\/span><span style=\"margin-left:3px; max-height:2.8em\" class=\"line_limit\"> [...]<\/span><\/span><span class=\"custom_fields\">\n<!-- WPLP Unknown field: Custom_Fields -->\n<\/span><\/div><\/div><\/div><\/div><div class=\"swiper-slide\" style=\"\"><div class=\"insideframe\"><div id=\"wplp_box_top_1911_1158\" class=\"wpcu-front-box top equalHeightImg\" ><div class=\"wplp-box-item\"><a href=\"https:\/\/popjazz.fi\/PJKits\/basso\/basso-oppimistavoitevideot\/nuotinluku\/pisteelliset-aika-arvot-ja-yhdyskaaret\/\"  class=\"thumbnail\"><span class=\"img_cropper\" style=\"width:150px;height:150px;margin-right:4px;margin-bottom:4px;max-width:100%;\"><img decoding=\"async\" src=\"https:\/\/popjazz.fi\/PJKits\/basso\/wp-content\/uploads\/sites\/4\/2020\/02\/bs_ic_material_product_icon_192pxxxhdpi-150x150.png\" style=\"position: absolute;top: 50%;margin-top: -75px;aspect-ratio:4\/3;\" srcset=\"\" alt=\"Pisteelliset aika-arvot ja yhdyskaaret\" class=\"wplp_thumb\" \/><\/span><\/a><a href=\"https:\/\/popjazz.fi\/PJKits\/basso\/basso-oppimistavoitevideot\/nuotinluku\/pisteelliset-aika-arvot-ja-yhdyskaaret\/\"  class=\"title\">Pisteelliset aika-arvot ja yhdyskaaret<\/a><\/div><\/div><div id=\"wplp_box_left_1911_1158\" class=\"wpcu-front-box left wpcu-custom-position\" ><div class=\"wplp-box-item\"><\/div><\/div><div id=\"wplp_box_right_1911_1158\" class=\"wpcu-front-box right wpcu-custom-position\" ><div class=\"wplp-box-item\"><\/div><\/div><div id=\"wplp_box_bottom_1911_1158\" class=\"wpcu-front-box bottom \" ><div class=\"wplp-box-item\"><span class=\"date\">21.1.2020<\/span><span class=\"text\"><span style=\"max-height:2.8em\" class=\"line_limit\">Pisteelliset aika-arvot\n\n\n\nNuotin yhteydess\u00e4 oleva piste jatkaa nuotin omaa aika-arvoa puolella sen omasta aika-arvosta. Esimerkiksi nelj\u00e4sosanuotin yhteydess\u00e4 oleva piste pident\u00e4\u00e4 ko. nelj\u00e4sosanuottia kahdeksasosan verran ja nuotin oikea aika-arvo on siis 1\/4 + 1\/8.\n\n\n\n= kokonuotti + puolinuotti\n\n\n\n= puolinuotti + nelj\u00e4sosanuotti\n\n\n\n= nelj\u00e4sosa + kahdeksasosanuotti\n\n\n\n= kahdeksasosanuotti + kuudestoistaosanuotti\n\n\n\n\n\n\n\nYhdyskaari  \n\n\n\nyhdyskaarta k\u00e4ytet\u00e4\u00e4n, kun soivan \u00e4\u00e4nen kesto jatkuu\u00a0\n\n\n\niskujen rajan yli\n\n\n\niskualojen rajan yli\n\n\n\ntai tahtiviivan yli.\n\n\n\n\n\n\n\nKatso my\u00f6s:<\/span><span style=\"margin-left:3px; max-height:2.8em\" class=\"line_limit\"> [...]<\/span><\/span><span class=\"custom_fields\">\n<!-- WPLP Unknown field: Custom_Fields -->\n<\/span><\/div><\/div><\/div><\/div><div class=\"swiper-slide\" style=\"\"><div class=\"insideframe\"><div id=\"wplp_box_top_1911_81\" class=\"wpcu-front-box top equalHeightImg\" ><div class=\"wplp-box-item\"><a href=\"https:\/\/popjazz.fi\/PJKits\/basso\/basso-oppimistavoitevideot\/nuotinluku\/tahdin-perussykkeen-hahmottaminen-nuottikuvasta\/\"  class=\"thumbnail\"><span class=\"img_cropper\" style=\"width:150px;height:150px;margin-right:4px;margin-bottom:4px;max-width:100%;\"><img decoding=\"async\" src=\"https:\/\/popjazz.fi\/PJKits\/basso\/wp-content\/uploads\/sites\/4\/2020\/02\/bs_ic_material_product_icon_192pxxxhdpi-150x150.png\" style=\"position: absolute;top: 50%;margin-top: -75px;aspect-ratio:4\/3;\" srcset=\"\" alt=\"Tahdin perussykkeen hahmottaminen nuottikuvasta\" class=\"wplp_thumb\" \/><\/span><\/a><a href=\"https:\/\/popjazz.fi\/PJKits\/basso\/basso-oppimistavoitevideot\/nuotinluku\/tahdin-perussykkeen-hahmottaminen-nuottikuvasta\/\"  class=\"title\">Tahdin perussykkeen hahmottaminen nuottikuvasta<\/a><\/div><\/div><div id=\"wplp_box_left_1911_81\" class=\"wpcu-front-box left wpcu-custom-position\" ><div class=\"wplp-box-item\"><\/div><\/div><div id=\"wplp_box_right_1911_81\" class=\"wpcu-front-box right wpcu-custom-position\" ><div class=\"wplp-box-item\"><\/div><\/div><div id=\"wplp_box_bottom_1911_81\" class=\"wpcu-front-box bottom \" ><div class=\"wplp-box-item\"><span class=\"date\">22.9.2019<\/span><span class=\"text\"><span style=\"max-height:2.8em\" class=\"line_limit\">Tahdin perussykkeen hahmottaminen tarkoittaa tahtilajimerkinn\u00e4n ja kappaleen yleiseen sykkeeseen liittyvien asioiden, kuten tempomerkint\u00e4\u00e4n liittyvien merkint\u00f6jen hahmottamiseen nuottikuvasta.\n\n\n\n\n\n\n\n\n\n\n\nKatso my\u00f6s:<\/span><span style=\"margin-left:3px; max-height:2.8em\" class=\"line_limit\"> [...]<\/span><\/span><span class=\"custom_fields\">\n<!-- WPLP Unknown field: Custom_Fields -->\n<\/span><\/div><\/div><\/div><\/div><\/div><div class=\"swiper-button-next\"><\/div><div class=\"swiper-button-prev\"><\/div><div class=\"swiper-pagination\"><\/div><\/div><\/div>\n","protected":false},"excerpt":{"rendered":"<p>Pisteelliset aika-arvot Nuotin yhteydess\u00e4 oleva piste jatkaa nuotin omaa aika-arvoa puolella sen omasta aika-arvosta. Esimerkiksi nelj\u00e4sosanuotin yhteydess\u00e4 oleva piste pident\u00e4\u00e4 ko. nelj\u00e4sosanuottia kahdeksasosan verran ja nuotin oikea aika-arvo on siis 1\/4 + 1\/8. Yhdyskaari yhdyskaarta k\u00e4ytet\u00e4\u00e4n, kun soivan \u00e4\u00e4nen kesto jatkuu\u00a0 Katso my\u00f6s:<\/p>\n","protected":false},"author":1,"featured_media":1282,"parent":79,"menu_order":15,"comment_status":"closed","ping_status":"closed","template":"","meta":{"footnotes":""},"tags":[],"class_list":["post-1158","page","type-page","status-publish","has-post-thumbnail","hentry"],"_links":{"self":[{"href":"https:\/\/popjazz.fi\/PJKits\/basso\/wp-json\/wp\/v2\/pages\/1158","targetHints":{"allow":["GET"]}}],"collection":[{"href":"https:\/\/popjazz.fi\/PJKits\/basso\/wp-json\/wp\/v2\/pages"}],"about":[{"href":"https:\/\/popjazz.fi\/PJKits\/basso\/wp-json\/wp\/v2\/types\/page"}],"author":[{"embeddable":true,"href":"https:\/\/popjazz.fi\/PJKits\/basso\/wp-json\/wp\/v2\/users\/1"}],"replies":[{"embeddable":true,"href":"https:\/\/popjazz.fi\/PJKits\/basso\/wp-json\/wp\/v2\/comments?post=1158"}],"version-history":[{"count":6,"href":"https:\/\/popjazz.fi\/PJKits\/basso\/wp-json\/wp\/v2\/pages\/1158\/revisions"}],"predecessor-version":[{"id":3197,"href":"https:\/\/popjazz.fi\/PJKits\/basso\/wp-json\/wp\/v2\/pages\/1158\/revisions\/3197"}],"up":[{"embeddable":true,"href":"https:\/\/popjazz.fi\/PJKits\/basso\/wp-json\/wp\/v2\/pages\/79"}],"wp:featuredmedia":[{"embeddable":true,"href":"https:\/\/popjazz.fi\/PJKits\/basso\/wp-json\/wp\/v2\/media\/1282"}],"wp:attachment":[{"href":"https:\/\/popjazz.fi\/PJKits\/basso\/wp-json\/wp\/v2\/media?parent=1158"}],"wp:term":[{"taxonomy":"post_tag","embeddable":true,"href":"https:\/\/popjazz.fi\/PJKits\/basso\/wp-json\/wp\/v2\/tags?post=1158"}],"curies":[{"name":"wp","href":"https:\/\/api.w.org\/{rel}","templated":true}]}}