{"id":1160,"date":"2020-01-21T09:51:01","date_gmt":"2020-01-21T07:51:01","guid":{"rendered":"https:\/\/popjazz.fi\/PJKits\/basso\/?page_id=1160"},"modified":"2021-04-06T14:55:32","modified_gmt":"2021-04-06T11:55:32","slug":"duoli","status":"publish","type":"page","link":"https:\/\/popjazz.fi\/PJKits\/basso\/basso-oppimistavoitevideot\/nuotinluku\/duoli\/","title":{"rendered":"Duoli"},"content":{"rendered":"\n<p>Nuottiarvo, tahti tai tahdin osa voi jakautua normaalista poikkeavaan m\u00e4\u00e4r\u00e4\u00e4n aika-arvoja. Esim. nelj\u00e4sosanuotti voi jakautua kolmeen, viiteen, kuuteen tai seitsem\u00e4\u00e4n osaa. N\u00e4ist\u00e4 k\u00e4ytet\u00e4\u00e4n yhteist\u00e4 nimityst\u00e4 poikkeusellinenalajako, eli tupletti. <\/p>\n\n\n\n<p>Duoli (2) tarkoittaa kokonaisen nuotin tai kaksijakoisen tahdin, kuten puolinuotin tai kaksiosaisen aika-arvon, kuten nelj\u00e4sosan jakamista kahden sijasta kahteen yht\u00e4 suureen osaan. Yleisimpi\u00e4 duoleita on 3\/4 tahdin, eli kolmen nelj\u00e4sosanuotin jakamista kahteen yht\u00e4 suureen osaan, eli kahteen pisteelliseen nelj\u00e4sosanuottiin<\/p>\n\n\n\n<figure class=\"wp-block-image size-large\"><img loading=\"lazy\" decoding=\"async\" width=\"1024\" height=\"73\" src=\"https:\/\/popjazz.fi\/PJKits\/basso\/wp-content\/uploads\/sites\/4\/2020\/04\/duoli-1024x73.png\" alt=\"\" class=\"wp-image-2119\" srcset=\"https:\/\/popjazz.fi\/PJKits\/basso\/wp-content\/uploads\/sites\/4\/2020\/04\/duoli-1024x73.png 1024w, https:\/\/popjazz.fi\/PJKits\/basso\/wp-content\/uploads\/sites\/4\/2020\/04\/duoli-300x21.png 300w, https:\/\/popjazz.fi\/PJKits\/basso\/wp-content\/uploads\/sites\/4\/2020\/04\/duoli-150x11.png 150w, https:\/\/popjazz.fi\/PJKits\/basso\/wp-content\/uploads\/sites\/4\/2020\/04\/duoli-768x55.png 768w, https:\/\/popjazz.fi\/PJKits\/basso\/wp-content\/uploads\/sites\/4\/2020\/04\/duoli-1536x110.png 1536w, https:\/\/popjazz.fi\/PJKits\/basso\/wp-content\/uploads\/sites\/4\/2020\/04\/duoli-1200x86.png 1200w, https:\/\/popjazz.fi\/PJKits\/basso\/wp-content\/uploads\/sites\/4\/2020\/04\/duoli.png 1543w\" sizes=\"auto, (max-width: 709px) 85vw, (max-width: 909px) 67vw, (max-width: 1362px) 62vw, 840px\" \/><\/figure>\n\n\n\n<hr class=\"wp-block-separator\"\/>\n\n\n\n<p class=\"has-medium-font-size\">Katso my\u00f6s:<\/p>\n\n\n<style><\/style><div class=\"wplp_outside wplp_widget_2121\" style=\"max-width:100%;\"><span class=\"wpcu_block_title\">Duoli<\/span><div id=\"wplp_widget_2121\" class=\"wplp_widget_default wplp_container vertical swiper wplp-swiper default cols3\" data-theme=\"default\" data-post=\"2121\" style=\"\" data-max-elts=\"4\" data-per-page=\"10\"><div class=\"wplp_listposts swiper-wrapper\" id=\"default_2121\" style=\"width: 100%;\" ><div class=\"swiper-slide\" style=\"\"><div class=\"insideframe\"><div id=\"wplp_box_top_2121_1033\" class=\"wpcu-front-box top equalHeightImg\" ><div class=\"wplp-box-item\"><a href=\"https:\/\/popjazz.fi\/PJKits\/basso\/basso-oppimistavoitevideot\/rytmi-ja-muotorakenteet\/polyrytmiikka\/\"  class=\"thumbnail\"><span class=\"img_cropper\" style=\"width:150px;height:150px;margin-right:4px;margin-bottom:4px;max-width:100%;\"><img decoding=\"async\" src=\"https:\/\/popjazz.fi\/PJKits\/basso\/wp-content\/uploads\/sites\/4\/2020\/02\/bs_ic_material_product_icon_192pxxxhdpi-150x150.png\" style=\"position: absolute;top: 50%;margin-top: -75px;aspect-ratio:4\/3;\" srcset=\"\" alt=\"Polyrytmiikka\" class=\"wplp_thumb\" \/><\/span><\/a><a href=\"https:\/\/popjazz.fi\/PJKits\/basso\/basso-oppimistavoitevideot\/rytmi-ja-muotorakenteet\/polyrytmiikka\/\"  class=\"title\">Polyrytmiikka<\/a><\/div><\/div><div id=\"wplp_box_left_2121_1033\" class=\"wpcu-front-box left wpcu-custom-position\" ><div class=\"wplp-box-item\"><\/div><\/div><div id=\"wplp_box_right_2121_1033\" class=\"wpcu-front-box right wpcu-custom-position\" ><div class=\"wplp-box-item\"><\/div><\/div><div id=\"wplp_box_bottom_2121_1033\" class=\"wpcu-front-box bottom \" ><div class=\"wplp-box-item\"><span class=\"date\">21.1.2020<\/span><span class=\"text\"><span style=\"max-height:2.8em\" class=\"line_limit\">Polyrytmill\u00e4 tarkoitetaan yhdistelm\u00e4\u00e4, jossa aikayksikk\u00f6 jaetaan eri \u00e4\u00e4niss\u00e4 (kahdessa tai useammassa) eri suuruisiin osiin, niin ett\u00e4 n\u00e4m\u00e4 osat eiv\u00e4t ole kesken\u00e4\u00e4n jaollisia, esimerkiksi niin ett\u00e4 tahti jaetaan yht\u00e4aikaa kolmen ja nelj\u00e4n mittaisiin osiin.\n\n\n\nVideo\n\n\n\n\n\nPolyrytmiikka\n\n\n\n\n\n\n\n\n\n\n\nKatso my\u00f6s:<\/span><span style=\"margin-left:3px; max-height:2.8em\" class=\"line_limit\"> [...]<\/span><\/span><span class=\"custom_fields\">\n<!-- WPLP Unknown field: Custom_Fields -->\n<\/span><\/div><\/div><\/div><\/div><div class=\"swiper-slide\" style=\"\"><div class=\"insideframe\"><div id=\"wplp_box_top_2121_384\" class=\"wpcu-front-box top equalHeightImg\" ><div class=\"wplp-box-item\"><a href=\"https:\/\/popjazz.fi\/PJKits\/basso\/basso-oppimistavoitevideot\/rytmi-ja-muotorakenteet\/synkopointi\/\"  class=\"thumbnail\"><span class=\"img_cropper\" style=\"width:150px;height:150px;margin-right:4px;margin-bottom:4px;max-width:100%;\"><img decoding=\"async\" src=\"https:\/\/popjazz.fi\/PJKits\/basso\/wp-content\/uploads\/sites\/4\/2020\/02\/bs_ic_material_product_icon_192pxxxhdpi-150x150.png\" style=\"position: absolute;top: 50%;margin-top: -75px;aspect-ratio:4\/3;\" srcset=\"\" alt=\"Synkopointi\" class=\"wplp_thumb\" \/><\/span><\/a><a href=\"https:\/\/popjazz.fi\/PJKits\/basso\/basso-oppimistavoitevideot\/rytmi-ja-muotorakenteet\/synkopointi\/\"  class=\"title\">Synkopointi<\/a><\/div><\/div><div id=\"wplp_box_left_2121_384\" class=\"wpcu-front-box left wpcu-custom-position\" ><div class=\"wplp-box-item\"><\/div><\/div><div id=\"wplp_box_right_2121_384\" class=\"wpcu-front-box right wpcu-custom-position\" ><div class=\"wplp-box-item\"><\/div><\/div><div id=\"wplp_box_bottom_2121_384\" class=\"wpcu-front-box bottom \" ><div class=\"wplp-box-item\"><span class=\"date\">6.10.2019<\/span><span class=\"text\"><span style=\"max-height:2.8em\" class=\"line_limit\">Synkopointi tarkoittaa siirretty\u00e4 vahvaa tahdinosaa. Perinteisesti vahvin tahdinosa sijaitsee tahdin ykk\u00f6sell\u00e4, mutta se voidaan esimerkiksi aikaistaa edelt\u00e4v\u00e4n tahdin viimeiselle kahdeksasosalle, jolloin muodostuu synkooppi. Synkooppi ei ole tyylilajiin liittyv\u00e4 ilmi\u00f6, vaan mink\u00e4 tahansa tyylilajin, mik\u00e4 tahansa vahva tahdinosa voi siirty\u00e4 synkoopiksi\n\n\n\nVideo\n\n\n\n\n\n\n\n\n\nSynkopointi beat\n\n\n\n\n\n\n\nSynkopointi Rock\u00b4n\u00b4roll\n\n\n\n\n\n\n\n\n\n\n\nKatso my\u00f6s:<\/span><span style=\"margin-left:3px; max-height:2.8em\" class=\"line_limit\"> [...]<\/span><\/span><span class=\"custom_fields\">\n<!-- WPLP Unknown field: Custom_Fields -->\n<\/span><\/div><\/div><\/div><\/div><div class=\"swiper-slide\" style=\"\"><div class=\"insideframe\"><div id=\"wplp_box_top_2121_1031\" class=\"wpcu-front-box top equalHeightImg\" ><div class=\"wplp-box-item\"><a href=\"https:\/\/popjazz.fi\/PJKits\/basso\/basso-oppimistavoitevideot\/rytmi-ja-muotorakenteet\/pisteelliset-aika-arvot-ja-yhdyskaaret\/\"  class=\"thumbnail\"><span class=\"img_cropper\" style=\"width:150px;height:150px;margin-right:4px;margin-bottom:4px;max-width:100%;\"><img decoding=\"async\" src=\"https:\/\/popjazz.fi\/PJKits\/basso\/wp-content\/uploads\/sites\/4\/2020\/02\/bs_ic_material_product_icon_192pxxxhdpi-150x150.png\" style=\"position: absolute;top: 50%;margin-top: -75px;aspect-ratio:4\/3;\" srcset=\"\" alt=\"Pisteelliset aika-arvot ja yhdyskaaret\" class=\"wplp_thumb\" \/><\/span><\/a><a href=\"https:\/\/popjazz.fi\/PJKits\/basso\/basso-oppimistavoitevideot\/rytmi-ja-muotorakenteet\/pisteelliset-aika-arvot-ja-yhdyskaaret\/\"  class=\"title\">Pisteelliset aika-arvot ja yhdyskaaret<\/a><\/div><\/div><div id=\"wplp_box_left_2121_1031\" class=\"wpcu-front-box left wpcu-custom-position\" ><div class=\"wplp-box-item\"><\/div><\/div><div id=\"wplp_box_right_2121_1031\" class=\"wpcu-front-box right wpcu-custom-position\" ><div class=\"wplp-box-item\"><\/div><\/div><div id=\"wplp_box_bottom_2121_1031\" class=\"wpcu-front-box bottom \" ><div class=\"wplp-box-item\"><span class=\"date\">21.1.2020<\/span><span class=\"text\"><span style=\"max-height:2.8em\" class=\"line_limit\">Nuotin yhteydess\u00e4 oleva piste jatkaa nuotin omaa aika-arvoa puolella sen omasta aika-arvosta. Esimerkiksi nelj\u00e4sosanuotin yhteydess\u00e4 oleva piste pident\u00e4\u00e4 ko. nelj\u00e4sosanuottia kahdeksasosan verran ja nuotin oikea aika-arvo on siis 1\/4 + 1\/8.\n\n\n\n= kokonuotti + puolinuotti\n\n\n\n= puolinuotti + nelj\u00e4sosanuotti\n\n\n\n= nelj\u00e4sosa + kahdeksasosanuotti\n\n\n\n= kahdeksasosanuotti + kuudestoistaosanuotti\n\n\n\n= kuudestoisaosanuotti + kolmaskymmeneskahdesosanuotti\n\n\n\nYhdyskaarta  k\u00e4ytet\u00e4\u00e4n, kun soivan \u00e4\u00e4nen kesto jatkuu&nbsp;\n\n\n\niskujen rajan yli\n\n\n\niskualojen rajan yli\n\n\n\ntai tahtiviivan yli.\n\n\n\nVideo\n\n\n\n\n\nPisteelliset aika-arvot ja yhdyskaaret\n\n\n\n\n\n\n\nKatso my\u00f6s:<\/span><span style=\"margin-left:3px; max-height:2.8em\" class=\"line_limit\"> [...]<\/span><\/span><span class=\"custom_fields\">\n<!-- WPLP Unknown field: Custom_Fields -->\n<\/span><\/div><\/div><\/div><\/div><div class=\"swiper-slide\" style=\"\"><div class=\"insideframe\"><div id=\"wplp_box_top_2121_1029\" class=\"wpcu-front-box top equalHeightImg\" ><div class=\"wplp-box-item\"><a href=\"https:\/\/popjazz.fi\/PJKits\/basso\/basso-oppimistavoitevideot\/rytmi-ja-muotorakenteet\/kvintolit-sekstolit-ja-septolit\/\"  class=\"thumbnail\"><span class=\"img_cropper\" style=\"width:150px;height:150px;margin-right:4px;margin-bottom:4px;max-width:100%;\"><img decoding=\"async\" src=\"https:\/\/popjazz.fi\/PJKits\/basso\/wp-content\/uploads\/sites\/4\/2020\/02\/bs_ic_material_product_icon_192pxxxhdpi-150x150.png\" style=\"position: absolute;top: 50%;margin-top: -75px;aspect-ratio:4\/3;\" srcset=\"\" alt=\"Kvintolit, sekstolit ja septolit\" class=\"wplp_thumb\" \/><\/span><\/a><a href=\"https:\/\/popjazz.fi\/PJKits\/basso\/basso-oppimistavoitevideot\/rytmi-ja-muotorakenteet\/kvintolit-sekstolit-ja-septolit\/\"  class=\"title\">Kvintolit, sekstolit ja septolit<\/a><\/div><\/div><div id=\"wplp_box_left_2121_1029\" class=\"wpcu-front-box left wpcu-custom-position\" ><div class=\"wplp-box-item\"><\/div><\/div><div id=\"wplp_box_right_2121_1029\" class=\"wpcu-front-box right wpcu-custom-position\" ><div class=\"wplp-box-item\"><\/div><\/div><div id=\"wplp_box_bottom_2121_1029\" class=\"wpcu-front-box bottom \" ><div class=\"wplp-box-item\"><span class=\"date\">21.1.2020<\/span><span class=\"text\"><span style=\"max-height:2.8em\" class=\"line_limit\">Nuottiarvo, tahti tai tahdin osa voi jakautua normaalista poikkeavaan m\u00e4\u00e4r\u00e4\u00e4n aika-arvoja. Esim. nelj\u00e4sosanuotti voi jakautua kolmeen, viiteen, kuuteen tai seitsem\u00e4\u00e4n osaa. N\u00e4ist\u00e4 k\u00e4ytet\u00e4\u00e4n yhteist\u00e4 nimityst\u00e4 poikkeusellinenalajako, eli tupletti. \n\n\n\nKvintoli (5) tarkoittaa kokonaisen nuotin tai kaksijakoisen tahdin, kuten puolinuotin tai kaksiosaisen aika-arvon, kuten nelj\u00e4sosan jakamista kahden sijasta viiteen yht\u00e4 suureen osaan\n\n\n\n\n\n\n\nSekstoli (6) tarkoittaa kokonaisen nuotin, kaksijakoisen tahdin, kuten puolinuotin tai kaksiosaisen aika-arvon, kuten nelj\u00e4sosan jakamista kahden sijasta kuuteen yht\u00e4 suureen osaan\n\n\n\n\n\n\n\nSeptoli (7) tarkoittaa kokonaisen nuotin, kaksijakoisen tahdin, kuten puolinuotin tai kaksiosaisen aika-arvon, kuten nelj\u00e4sosan jakamista kahden sijasta seits\u00e4m\u00e4\u00e4n yht\u00e4 suureen osaan\n\n\n\n\n\n\n\nMuita tupletteja ovat\n\n\n\nduoli (2 eli kaksijako)trioli (3 eli kolmijako)kvartoli (4)kvintoli (5)sekstoli (6)septoli (7)oktoli (8)novemoli (9)desimoli (10)undesimoli (11)\n\n\n\nVideo\n\n\n\n\n\nKvintolit, sekstolit ja septolit\n\n\n\n\n\n\n\nKatso my\u00f6s:<\/span><span style=\"margin-left:3px; max-height:2.8em\" class=\"line_limit\"> [...]<\/span><\/span><span class=\"custom_fields\">\n<!-- WPLP Unknown field: Custom_Fields -->\n<\/span><\/div><\/div><\/div><\/div><\/div><div class=\"swiper-button-next\"><\/div><div class=\"swiper-button-prev\"><\/div><div class=\"swiper-pagination\"><\/div><\/div><\/div>\n","protected":false},"excerpt":{"rendered":"<p>Nuottiarvo, tahti tai tahdin osa voi jakautua normaalista poikkeavaan m\u00e4\u00e4r\u00e4\u00e4n aika-arvoja. Esim. nelj\u00e4sosanuotti voi jakautua kolmeen, viiteen, kuuteen tai seitsem\u00e4\u00e4n osaa. N\u00e4ist\u00e4 k\u00e4ytet\u00e4\u00e4n yhteist\u00e4 nimityst\u00e4 poikkeusellinenalajako, eli tupletti. Duoli (2) tarkoittaa kokonaisen nuotin tai kaksijakoisen tahdin, kuten puolinuotin tai kaksiosaisen aika-arvon, kuten nelj\u00e4sosan jakamista kahden sijasta kahteen yht\u00e4 suureen osaan. Yleisimpi\u00e4 duoleita on 3\/4 tahdin, &hellip; <a href=\"https:\/\/popjazz.fi\/PJKits\/basso\/basso-oppimistavoitevideot\/rytmi-ja-muotorakenteet\/kvintolit-sekstolit-ja-septolit\/\" class=\"more-link\">Jatka lukemista<span class=\"screen-reader-text\"> &#8221;Kvintolit, sekstolit ja septolit&#8221;<\/span><\/a><\/p>\n","protected":false},"author":1,"featured_media":1282,"parent":79,"menu_order":16,"comment_status":"closed","ping_status":"closed","template":"","meta":{"footnotes":""},"tags":[],"class_list":["post-1160","page","type-page","status-publish","has-post-thumbnail","hentry"],"_links":{"self":[{"href":"https:\/\/popjazz.fi\/PJKits\/basso\/wp-json\/wp\/v2\/pages\/1160","targetHints":{"allow":["GET"]}}],"collection":[{"href":"https:\/\/popjazz.fi\/PJKits\/basso\/wp-json\/wp\/v2\/pages"}],"about":[{"href":"https:\/\/popjazz.fi\/PJKits\/basso\/wp-json\/wp\/v2\/types\/page"}],"author":[{"embeddable":true,"href":"https:\/\/popjazz.fi\/PJKits\/basso\/wp-json\/wp\/v2\/users\/1"}],"replies":[{"embeddable":true,"href":"https:\/\/popjazz.fi\/PJKits\/basso\/wp-json\/wp\/v2\/comments?post=1160"}],"version-history":[{"count":4,"href":"https:\/\/popjazz.fi\/PJKits\/basso\/wp-json\/wp\/v2\/pages\/1160\/revisions"}],"predecessor-version":[{"id":3198,"href":"https:\/\/popjazz.fi\/PJKits\/basso\/wp-json\/wp\/v2\/pages\/1160\/revisions\/3198"}],"up":[{"embeddable":true,"href":"https:\/\/popjazz.fi\/PJKits\/basso\/wp-json\/wp\/v2\/pages\/79"}],"wp:featuredmedia":[{"embeddable":true,"href":"https:\/\/popjazz.fi\/PJKits\/basso\/wp-json\/wp\/v2\/media\/1282"}],"wp:attachment":[{"href":"https:\/\/popjazz.fi\/PJKits\/basso\/wp-json\/wp\/v2\/media?parent=1160"}],"wp:term":[{"taxonomy":"post_tag","embeddable":true,"href":"https:\/\/popjazz.fi\/PJKits\/basso\/wp-json\/wp\/v2\/tags?post=1160"}],"curies":[{"name":"wp","href":"https:\/\/api.w.org\/{rel}","templated":true}]}}