{"id":1162,"date":"2020-01-21T09:51:22","date_gmt":"2020-01-21T07:51:22","guid":{"rendered":"https:\/\/popjazz.fi\/PJKits\/basso\/?page_id=1162"},"modified":"2021-04-06T14:59:34","modified_gmt":"2021-04-06T11:59:34","slug":"triolit","status":"publish","type":"page","link":"https:\/\/popjazz.fi\/PJKits\/basso\/basso-oppimistavoitevideot\/nuotinluku\/triolit\/","title":{"rendered":"Triolit"},"content":{"rendered":"<p><\/p>\n<p><!--StartFragment--><\/p>\n<p><!--StartFragment--><\/p>\n<p><!--StartFragment--><\/p>\n\n\n<p>Trioli (englanniksi triplet) kuuluu tupletteihin, ja tarkoittaa kaksijakoisen tahdin tai kaksiosaisen aika-arvon, kuten nelj\u00e4sosan jakamista kahden sijasta kolmeen yht\u00e4 suureen osaan.&nbsp;<\/p>\n\n\n\n<p><strong>Kolmeen osaan jaettu kokonuotti on nimelt\u00e4\u00e4n puolinuottitrioli. <\/strong>Se merkit\u00e4\u00e4n nuottikirjoituksessa kolmen puolinuotin p\u00e4\u00e4lle merkityll\u00e4 numerolla 3 ja lis\u00e4ksi hakasilla tai kaarella.<\/p>\n\n\n\n<figure class=\"wp-block-image size-large is-resized\"><img loading=\"lazy\" decoding=\"async\" src=\"https:\/\/popjazz.fi\/PJKits\/basso\/wp-content\/uploads\/sites\/4\/2020\/04\/trioli-kokotahti.png\" alt=\"\" class=\"wp-image-2124\" width=\"296\" height=\"63\" srcset=\"https:\/\/popjazz.fi\/PJKits\/basso\/wp-content\/uploads\/sites\/4\/2020\/04\/trioli-kokotahti.png 673w, https:\/\/popjazz.fi\/PJKits\/basso\/wp-content\/uploads\/sites\/4\/2020\/04\/trioli-kokotahti-300x64.png 300w, https:\/\/popjazz.fi\/PJKits\/basso\/wp-content\/uploads\/sites\/4\/2020\/04\/trioli-kokotahti-150x32.png 150w\" sizes=\"auto, (max-width: 296px) 85vw, 296px\" \/><figcaption>puolinuottitrioli<\/figcaption><\/figure>\n\n\n\n<hr class=\"wp-block-separator\"\/>\n\n\n\n<p><strong>Kolmeen osaan jaettu puolinuotti<\/strong> on nimelt\u00e4\u00e4n <strong>nelj\u00e4sosatrioli<\/strong>. Se merkit\u00e4\u00e4n nuottikirjoituksessa kolmen nelj\u00e4sosanuotin p\u00e4\u00e4lle merkityll\u00e4 numerolla 3 ja lis\u00e4ksi hakasilla tai kaarella.<\/p>\n\n\n\n<figure class=\"wp-block-image size-large is-resized\"><img loading=\"lazy\" decoding=\"async\" src=\"https:\/\/popjazz.fi\/PJKits\/basso\/wp-content\/uploads\/sites\/4\/2020\/04\/trioli-puolinuotti.png\" alt=\"\" class=\"wp-image-2125\" width=\"424\" height=\"74\" srcset=\"https:\/\/popjazz.fi\/PJKits\/basso\/wp-content\/uploads\/sites\/4\/2020\/04\/trioli-puolinuotti.png 941w, https:\/\/popjazz.fi\/PJKits\/basso\/wp-content\/uploads\/sites\/4\/2020\/04\/trioli-puolinuotti-300x53.png 300w, https:\/\/popjazz.fi\/PJKits\/basso\/wp-content\/uploads\/sites\/4\/2020\/04\/trioli-puolinuotti-150x26.png 150w, https:\/\/popjazz.fi\/PJKits\/basso\/wp-content\/uploads\/sites\/4\/2020\/04\/trioli-puolinuotti-768x135.png 768w\" sizes=\"auto, (max-width: 424px) 85vw, 424px\" \/><figcaption>nelj\u00e4sosatrioli<\/figcaption><\/figure>\n\n\n\n<hr class=\"wp-block-separator\"\/>\n\n\n\n<p><strong>Kolmeen osaan jaettu nelj\u00e4sosanuotti<\/strong> on nimelt\u00e4\u00e4n <strong>kahdeksasosatrioli<\/strong>. Se merkit\u00e4\u00e4n nuottikirjoituksessa kolmen palkitetun 8-osanuotin p\u00e4\u00e4lle merkityll\u00e4 numerolla kolme.<\/p>\n\n\n\n<figure class=\"wp-block-image size-large is-resized\"><img loading=\"lazy\" decoding=\"async\" src=\"https:\/\/popjazz.fi\/PJKits\/basso\/wp-content\/uploads\/sites\/4\/2020\/04\/trioli-neljasosa-1024x134.png\" alt=\"\" class=\"wp-image-2126\" width=\"589\" height=\"77\" srcset=\"https:\/\/popjazz.fi\/PJKits\/basso\/wp-content\/uploads\/sites\/4\/2020\/04\/trioli-neljasosa-1024x134.png 1024w, https:\/\/popjazz.fi\/PJKits\/basso\/wp-content\/uploads\/sites\/4\/2020\/04\/trioli-neljasosa-300x39.png 300w, https:\/\/popjazz.fi\/PJKits\/basso\/wp-content\/uploads\/sites\/4\/2020\/04\/trioli-neljasosa-150x20.png 150w, https:\/\/popjazz.fi\/PJKits\/basso\/wp-content\/uploads\/sites\/4\/2020\/04\/trioli-neljasosa-768x100.png 768w, https:\/\/popjazz.fi\/PJKits\/basso\/wp-content\/uploads\/sites\/4\/2020\/04\/trioli-neljasosa-1200x157.png 1200w, https:\/\/popjazz.fi\/PJKits\/basso\/wp-content\/uploads\/sites\/4\/2020\/04\/trioli-neljasosa.png 1272w\" sizes=\"auto, (max-width: 589px) 85vw, 589px\" \/><figcaption>kahdeksasosatrioli<\/figcaption><\/figure>\n\n\n\n<hr class=\"wp-block-separator\"\/>\n\n\n\n<p class=\"has-medium-font-size\">Katso my\u00f6s:<\/p>\n\n\n<style><\/style><div class=\"wplp_outside wplp_widget_1896\" style=\"max-width:100%;\"><span class=\"wpcu_block_title\">4- ja 8-osatrioli<\/span><div id=\"wplp_widget_1896\" class=\"wplp_widget_default wplp_container vertical swiper wplp-swiper default cols3\" data-theme=\"default\" data-post=\"1896\" style=\"\" data-max-elts=\"4\" data-per-page=\"10\"><div class=\"wplp_listposts swiper-wrapper\" id=\"default_1896\" style=\"width: 100%;\" ><div class=\"swiper-slide\" style=\"\"><div class=\"insideframe\"><div id=\"wplp_box_top_1896_1033\" class=\"wpcu-front-box top equalHeightImg\" ><div class=\"wplp-box-item\"><a href=\"https:\/\/popjazz.fi\/PJKits\/basso\/basso-oppimistavoitevideot\/rytmi-ja-muotorakenteet\/polyrytmiikka\/\"  class=\"thumbnail\"><span class=\"img_cropper\" style=\"width:150px;height:150px;margin-right:4px;margin-bottom:4px;max-width:100%;\"><img decoding=\"async\" src=\"https:\/\/popjazz.fi\/PJKits\/basso\/wp-content\/uploads\/sites\/4\/2020\/02\/bs_ic_material_product_icon_192pxxxhdpi-150x150.png\" style=\"position: absolute;top: 50%;margin-top: -75px;aspect-ratio:4\/3;\" srcset=\"\" alt=\"Polyrytmiikka\" class=\"wplp_thumb\" \/><\/span><\/a><a href=\"https:\/\/popjazz.fi\/PJKits\/basso\/basso-oppimistavoitevideot\/rytmi-ja-muotorakenteet\/polyrytmiikka\/\"  class=\"title\">Polyrytmiikka<\/a><\/div><\/div><div id=\"wplp_box_left_1896_1033\" class=\"wpcu-front-box left wpcu-custom-position\" ><div class=\"wplp-box-item\"><\/div><\/div><div id=\"wplp_box_right_1896_1033\" class=\"wpcu-front-box right wpcu-custom-position\" ><div class=\"wplp-box-item\"><\/div><\/div><div id=\"wplp_box_bottom_1896_1033\" class=\"wpcu-front-box bottom \" ><div class=\"wplp-box-item\"><span class=\"date\">21.1.2020<\/span><span class=\"text\"><span style=\"max-height:2.8em\" class=\"line_limit\">Polyrytmill\u00e4 tarkoitetaan yhdistelm\u00e4\u00e4, jossa aikayksikk\u00f6 jaetaan eri \u00e4\u00e4niss\u00e4 (kahdessa tai useammassa) eri suuruisiin osiin, niin ett\u00e4 n\u00e4m\u00e4 osat eiv\u00e4t ole kesken\u00e4\u00e4n jaollisia, esimerkiksi niin ett\u00e4 tahti jaetaan yht\u00e4aikaa kolmen ja nelj\u00e4n mittaisiin osiin.\n\n\n\nVideo\n\n\n\n\n\nPolyrytmiikka\n\n\n\n\n\n\n\n\n\n\n\nKatso my\u00f6s:<\/span><span style=\"margin-left:3px; max-height:2.8em\" class=\"line_limit\"> [...]<\/span><\/span><span class=\"custom_fields\">\n<!-- WPLP Unknown field: Custom_Fields -->\n<\/span><\/div><\/div><\/div><\/div><div class=\"swiper-slide\" style=\"\"><div class=\"insideframe\"><div id=\"wplp_box_top_1896_1162\" class=\"wpcu-front-box top equalHeightImg\" ><div class=\"wplp-box-item\"><a href=\"https:\/\/popjazz.fi\/PJKits\/basso\/basso-oppimistavoitevideot\/nuotinluku\/triolit\/\"  class=\"thumbnail\"><span class=\"img_cropper\" style=\"width:150px;height:150px;margin-right:4px;margin-bottom:4px;max-width:100%;\"><img decoding=\"async\" src=\"https:\/\/popjazz.fi\/PJKits\/basso\/wp-content\/uploads\/sites\/4\/2020\/02\/bs_ic_material_product_icon_192pxxxhdpi-150x150.png\" style=\"position: absolute;top: 50%;margin-top: -75px;aspect-ratio:4\/3;\" srcset=\"\" alt=\"Triolit\" class=\"wplp_thumb\" \/><\/span><\/a><a href=\"https:\/\/popjazz.fi\/PJKits\/basso\/basso-oppimistavoitevideot\/nuotinluku\/triolit\/\"  class=\"title\">Triolit<\/a><\/div><\/div><div id=\"wplp_box_left_1896_1162\" class=\"wpcu-front-box left wpcu-custom-position\" ><div class=\"wplp-box-item\"><\/div><\/div><div id=\"wplp_box_right_1896_1162\" class=\"wpcu-front-box right wpcu-custom-position\" ><div class=\"wplp-box-item\"><\/div><\/div><div id=\"wplp_box_bottom_1896_1162\" class=\"wpcu-front-box bottom \" ><div class=\"wplp-box-item\"><span class=\"date\">21.1.2020<\/span><span class=\"text\"><span style=\"max-height:2.8em\" class=\"line_limit\">Trioli (englanniksi triplet) kuuluu tupletteihin, ja tarkoittaa kaksijakoisen tahdin tai kaksiosaisen aika-arvon, kuten nelj\u00e4sosan jakamista kahden sijasta kolmeen yht\u00e4 suureen osaan.&nbsp;\n\n\n\nKolmeen osaan jaettu kokonuotti on nimelt\u00e4\u00e4n puolinuottitrioli. Se merkit\u00e4\u00e4n nuottikirjoituksessa kolmen puolinuotin p\u00e4\u00e4lle merkityll\u00e4 numerolla 3 ja lis\u00e4ksi hakasilla tai kaarella.\n\n\n\npuolinuottitrioli\n\n\n\n\n\n\n\nKolmeen osaan jaettu puolinuotti on nimelt\u00e4\u00e4n nelj\u00e4sosatrioli. Se merkit\u00e4\u00e4n nuottikirjoituksessa kolmen nelj\u00e4sosanuotin p\u00e4\u00e4lle merkityll\u00e4 numerolla 3 ja lis\u00e4ksi hakasilla tai kaarella.\n\n\n\nnelj\u00e4sosatrioli\n\n\n\n\n\n\n\nKolmeen osaan jaettu nelj\u00e4sosanuotti on nimelt\u00e4\u00e4n kahdeksasosatrioli. Se merkit\u00e4\u00e4n nuottikirjoituksessa kolmen palkitetun 8-osanuotin p\u00e4\u00e4lle merkityll\u00e4 numerolla kolme.\n\n\n\nkahdeksasosatrioli\n\n\n\n\n\n\n\nKatso my\u00f6s:<\/span><span style=\"margin-left:3px; max-height:2.8em\" class=\"line_limit\"> [...]<\/span><\/span><span class=\"custom_fields\">\n<!-- WPLP Unknown field: Custom_Fields -->\n<\/span><\/div><\/div><\/div><\/div><div class=\"swiper-slide\" style=\"\"><div class=\"insideframe\"><div id=\"wplp_box_top_1896_380\" class=\"wpcu-front-box top equalHeightImg\" ><div class=\"wplp-box-item\"><a href=\"https:\/\/popjazz.fi\/PJKits\/basso\/basso-oppimistavoitevideot\/rytmi-ja-muotorakenteet\/kolmimuunteisuus\/\"  class=\"thumbnail\"><span class=\"img_cropper\" style=\"width:150px;height:150px;margin-right:4px;margin-bottom:4px;max-width:100%;\"><img decoding=\"async\" src=\"https:\/\/popjazz.fi\/PJKits\/basso\/wp-content\/uploads\/sites\/4\/2020\/02\/bs_ic_material_product_icon_192pxxxhdpi-150x150.png\" style=\"position: absolute;top: 50%;margin-top: -75px;aspect-ratio:4\/3;\" srcset=\"\" alt=\"Kolmimuunteisuus\" class=\"wplp_thumb\" \/><\/span><\/a><a href=\"https:\/\/popjazz.fi\/PJKits\/basso\/basso-oppimistavoitevideot\/rytmi-ja-muotorakenteet\/kolmimuunteisuus\/\"  class=\"title\">Kolmimuunteisuus<\/a><\/div><\/div><div id=\"wplp_box_left_1896_380\" class=\"wpcu-front-box left wpcu-custom-position\" ><div class=\"wplp-box-item\"><\/div><\/div><div id=\"wplp_box_right_1896_380\" class=\"wpcu-front-box right wpcu-custom-position\" ><div class=\"wplp-box-item\"><\/div><\/div><div id=\"wplp_box_bottom_1896_380\" class=\"wpcu-front-box bottom \" ><div class=\"wplp-box-item\"><span class=\"date\">6.10.2019<\/span><span class=\"text\"><span style=\"max-height:2.8em\" class=\"line_limit\">Kolmimuunteisuus on soittotapa, jossa iskuala, esimerkiksi nelj\u00e4sosa, jaetaan kolmeen yht\u00e4 suureen osaan, trioliin. Trioli jaetaan kolmimuunteisille kahdeksasosille suhteessa kahden suhde yhteen, eli iskullinen kahdeksasosa kest\u00e4\u00e4 kaksi triolin kahdeksasosaa ja iskuton yhden. Soitettaessa nelj\u00e4sosia kolmimuunteisesti triolin viimeinen kahdeksasosa on tyypillisesti taukoa.\n\n\n\nKolmimuunteisuuden m\u00e4\u00e4r\u00e4 ei kuitenkaan ole vakio vaan se vaihtelee esimerkiksi tyylilajin ja tempon mukaan. My\u00f6s soittajien kesken voi olla eri n\u00e4kemyksi\u00e4 kolmimuunteisuuden m\u00e4\u00e4r\u00e4st\u00e4, joten yhteisen swengin l\u00f6ytyminen vaatii tarkkaavaista kuuntelua.\n\n\n\nVideo\n\n\n\n\n\n\n\n\n\n\n\n\n\n\n\n\n\nKatso my\u00f6s:<\/span><span style=\"margin-left:3px; max-height:2.8em\" class=\"line_limit\"> [...]<\/span><\/span><span class=\"custom_fields\">\n<!-- WPLP Unknown field: Custom_Fields -->\n<\/span><\/div><\/div><\/div><\/div><div class=\"swiper-slide\" style=\"\"><div class=\"insideframe\"><div id=\"wplp_box_top_1896_1029\" class=\"wpcu-front-box top equalHeightImg\" ><div class=\"wplp-box-item\"><a href=\"https:\/\/popjazz.fi\/PJKits\/basso\/basso-oppimistavoitevideot\/rytmi-ja-muotorakenteet\/kvintolit-sekstolit-ja-septolit\/\"  class=\"thumbnail\"><span class=\"img_cropper\" style=\"width:150px;height:150px;margin-right:4px;margin-bottom:4px;max-width:100%;\"><img decoding=\"async\" src=\"https:\/\/popjazz.fi\/PJKits\/basso\/wp-content\/uploads\/sites\/4\/2020\/02\/bs_ic_material_product_icon_192pxxxhdpi-150x150.png\" style=\"position: absolute;top: 50%;margin-top: -75px;aspect-ratio:4\/3;\" srcset=\"\" alt=\"Kvintolit, sekstolit ja septolit\" class=\"wplp_thumb\" \/><\/span><\/a><a href=\"https:\/\/popjazz.fi\/PJKits\/basso\/basso-oppimistavoitevideot\/rytmi-ja-muotorakenteet\/kvintolit-sekstolit-ja-septolit\/\"  class=\"title\">Kvintolit, sekstolit ja septolit<\/a><\/div><\/div><div id=\"wplp_box_left_1896_1029\" class=\"wpcu-front-box left wpcu-custom-position\" ><div class=\"wplp-box-item\"><\/div><\/div><div id=\"wplp_box_right_1896_1029\" class=\"wpcu-front-box right wpcu-custom-position\" ><div class=\"wplp-box-item\"><\/div><\/div><div id=\"wplp_box_bottom_1896_1029\" class=\"wpcu-front-box bottom \" ><div class=\"wplp-box-item\"><span class=\"date\">21.1.2020<\/span><span class=\"text\"><span style=\"max-height:2.8em\" class=\"line_limit\">Nuottiarvo, tahti tai tahdin osa voi jakautua normaalista poikkeavaan m\u00e4\u00e4r\u00e4\u00e4n aika-arvoja. Esim. nelj\u00e4sosanuotti voi jakautua kolmeen, viiteen, kuuteen tai seitsem\u00e4\u00e4n osaa. N\u00e4ist\u00e4 k\u00e4ytet\u00e4\u00e4n yhteist\u00e4 nimityst\u00e4 poikkeusellinenalajako, eli tupletti. \n\n\n\nKvintoli (5) tarkoittaa kokonaisen nuotin tai kaksijakoisen tahdin, kuten puolinuotin tai kaksiosaisen aika-arvon, kuten nelj\u00e4sosan jakamista kahden sijasta viiteen yht\u00e4 suureen osaan\n\n\n\n\n\n\n\nSekstoli (6) tarkoittaa kokonaisen nuotin, kaksijakoisen tahdin, kuten puolinuotin tai kaksiosaisen aika-arvon, kuten nelj\u00e4sosan jakamista kahden sijasta kuuteen yht\u00e4 suureen osaan\n\n\n\n\n\n\n\nSeptoli (7) tarkoittaa kokonaisen nuotin, kaksijakoisen tahdin, kuten puolinuotin tai kaksiosaisen aika-arvon, kuten nelj\u00e4sosan jakamista kahden sijasta seits\u00e4m\u00e4\u00e4n yht\u00e4 suureen osaan\n\n\n\n\n\n\n\nMuita tupletteja ovat\n\n\n\nduoli (2 eli kaksijako)trioli (3 eli kolmijako)kvartoli (4)kvintoli (5)sekstoli (6)septoli (7)oktoli (8)novemoli (9)desimoli (10)undesimoli (11)\n\n\n\nVideo\n\n\n\n\n\nKvintolit, sekstolit ja septolit\n\n\n\n\n\n\n\nKatso my\u00f6s:<\/span><span style=\"margin-left:3px; max-height:2.8em\" class=\"line_limit\"> [...]<\/span><\/span><span class=\"custom_fields\">\n<!-- WPLP Unknown field: Custom_Fields -->\n<\/span><\/div><\/div><\/div><\/div><\/div><div class=\"swiper-button-next\"><\/div><div class=\"swiper-button-prev\"><\/div><div class=\"swiper-pagination\"><\/div><\/div><\/div>\n","protected":false},"excerpt":{"rendered":"<p>Trioli (englanniksi triplet) kuuluu tupletteihin, ja tarkoittaa kaksijakoisen tahdin tai kaksiosaisen aika-arvon, kuten nelj\u00e4sosan jakamista kahden sijasta kolmeen yht\u00e4 suureen osaan.&nbsp; Kolmeen osaan jaettu kokonuotti on nimelt\u00e4\u00e4n puolinuottitrioli. Se merkit\u00e4\u00e4n nuottikirjoituksessa kolmen puolinuotin p\u00e4\u00e4lle merkityll\u00e4 numerolla 3 ja lis\u00e4ksi hakasilla tai kaarella. Kolmeen osaan jaettu puolinuotti on nimelt\u00e4\u00e4n nelj\u00e4sosatrioli. Se merkit\u00e4\u00e4n nuottikirjoituksessa kolmen nelj\u00e4sosanuotin p\u00e4\u00e4lle &hellip; <a href=\"https:\/\/popjazz.fi\/PJKits\/basso\/basso-oppimistavoitevideot\/rytmi-ja-muotorakenteet\/kvintolit-sekstolit-ja-septolit\/\" class=\"more-link\">Jatka lukemista<span class=\"screen-reader-text\"> &#8221;Kvintolit, sekstolit ja septolit&#8221;<\/span><\/a><\/p>\n","protected":false},"author":1,"featured_media":1282,"parent":79,"menu_order":17,"comment_status":"closed","ping_status":"closed","template":"","meta":{"footnotes":""},"tags":[],"class_list":["post-1162","page","type-page","status-publish","has-post-thumbnail","hentry"],"_links":{"self":[{"href":"https:\/\/popjazz.fi\/PJKits\/basso\/wp-json\/wp\/v2\/pages\/1162","targetHints":{"allow":["GET"]}}],"collection":[{"href":"https:\/\/popjazz.fi\/PJKits\/basso\/wp-json\/wp\/v2\/pages"}],"about":[{"href":"https:\/\/popjazz.fi\/PJKits\/basso\/wp-json\/wp\/v2\/types\/page"}],"author":[{"embeddable":true,"href":"https:\/\/popjazz.fi\/PJKits\/basso\/wp-json\/wp\/v2\/users\/1"}],"replies":[{"embeddable":true,"href":"https:\/\/popjazz.fi\/PJKits\/basso\/wp-json\/wp\/v2\/comments?post=1162"}],"version-history":[{"count":6,"href":"https:\/\/popjazz.fi\/PJKits\/basso\/wp-json\/wp\/v2\/pages\/1162\/revisions"}],"predecessor-version":[{"id":3202,"href":"https:\/\/popjazz.fi\/PJKits\/basso\/wp-json\/wp\/v2\/pages\/1162\/revisions\/3202"}],"up":[{"embeddable":true,"href":"https:\/\/popjazz.fi\/PJKits\/basso\/wp-json\/wp\/v2\/pages\/79"}],"wp:featuredmedia":[{"embeddable":true,"href":"https:\/\/popjazz.fi\/PJKits\/basso\/wp-json\/wp\/v2\/media\/1282"}],"wp:attachment":[{"href":"https:\/\/popjazz.fi\/PJKits\/basso\/wp-json\/wp\/v2\/media?parent=1162"}],"wp:term":[{"taxonomy":"post_tag","embeddable":true,"href":"https:\/\/popjazz.fi\/PJKits\/basso\/wp-json\/wp\/v2\/tags?post=1162"}],"curies":[{"name":"wp","href":"https:\/\/api.w.org\/{rel}","templated":true}]}}