{"id":1170,"date":"2020-01-21T09:52:51","date_gmt":"2020-01-21T07:52:51","guid":{"rendered":"https:\/\/popjazz.fi\/PJKits\/basso\/?page_id=1170"},"modified":"2021-04-06T17:21:54","modified_gmt":"2021-04-06T14:21:54","slug":"8va-nuotinluku","status":"publish","type":"page","link":"https:\/\/popjazz.fi\/PJKits\/basso\/basso-oppimistavoitevideot\/nuotinluku\/8va-nuotinluku\/","title":{"rendered":"8va-nuotinluku"},"content":{"rendered":"<p><!--StartFragment--><\/p>\n<p><!--StartFragment--><\/p>\n<p><!--StartFragment--><\/p>\n\n\n<p><strong>Merkint\u00e4 8va nuotissa ilmoittaa, ett\u00e4 kyseinen kohta soitetaan oktaavia ylemp\u00e4\u00e4 kuin se on merkitty<\/strong>. <\/p>\n\n\n\n<p>Merkint\u00e4 on hy\u00f6dyllinen ja lukemista helpottava, kun luettavat nuotit sijoittuvat tilap\u00e4isesti yl\u00e4apuviivoille. Mik\u00e4li luettavat nuotit sijoittuvat valtaosiltaan tai pysyv\u00e4sti yl\u00e4apuviivoille, voidaan nuotit kirjoittaa my\u00f6s suoraan G-avaimelle. <\/p>\n\n\n\n<figure class=\"wp-block-image size-large\"><img loading=\"lazy\" decoding=\"async\" width=\"1024\" height=\"157\" src=\"https:\/\/popjazz.fi\/PJKits\/basso\/wp-content\/uploads\/sites\/4\/2021\/04\/8va-1024x157.png\" alt=\"\" class=\"wp-image-3223\" srcset=\"https:\/\/popjazz.fi\/PJKits\/basso\/wp-content\/uploads\/sites\/4\/2021\/04\/8va-1024x157.png 1024w, https:\/\/popjazz.fi\/PJKits\/basso\/wp-content\/uploads\/sites\/4\/2021\/04\/8va-300x46.png 300w, https:\/\/popjazz.fi\/PJKits\/basso\/wp-content\/uploads\/sites\/4\/2021\/04\/8va-150x23.png 150w, https:\/\/popjazz.fi\/PJKits\/basso\/wp-content\/uploads\/sites\/4\/2021\/04\/8va-768x118.png 768w, https:\/\/popjazz.fi\/PJKits\/basso\/wp-content\/uploads\/sites\/4\/2021\/04\/8va-1536x236.png 1536w, https:\/\/popjazz.fi\/PJKits\/basso\/wp-content\/uploads\/sites\/4\/2021\/04\/8va-2048x314.png 2048w, https:\/\/popjazz.fi\/PJKits\/basso\/wp-content\/uploads\/sites\/4\/2021\/04\/8va-1200x184.png 1200w\" sizes=\"auto, (max-width: 709px) 85vw, (max-width: 909px) 67vw, (max-width: 1362px) 62vw, 840px\" \/><figcaption>Jesu Meine Freude &#8211; J.S.Bach<\/figcaption><\/figure>\n\n\n\n<p>8va -merkinn\u00e4n vastakohta on 8vb, joka ilmoittaa, ett\u00e4 kyseinen kohta soitetaan oktaavia alempaa kuin se on merkitty. <\/p>\n\n\n\n<hr class=\"wp-block-separator\"\/>\n\n\n\n<p class=\"has-medium-font-size\">Katso my\u00f6s:<\/p>\n\n\n<style><\/style><div class=\"wplp_outside wplp_widget_2138\" style=\"max-width:100%;\"><span class=\"wpcu_block_title\">8va-nuotinluku<\/span><div id=\"wplp_widget_2138\" class=\"wplp_widget_default wplp_container vertical swiper wplp-swiper default cols3\" data-theme=\"default\" data-post=\"2138\" style=\"\" data-max-elts=\"3\" data-per-page=\"10\"><div class=\"wplp_listposts swiper-wrapper\" id=\"default_2138\" style=\"width: 100%;\" ><div class=\"swiper-slide\" style=\"\"><div class=\"insideframe\"><div id=\"wplp_box_top_2138_1168\" class=\"wpcu-front-box top equalHeightImg\" ><div class=\"wplp-box-item\"><a href=\"https:\/\/popjazz.fi\/PJKits\/basso\/basso-oppimistavoitevideot\/nuotinluku\/nuotinlukua-g-avaimella\/\"  class=\"thumbnail\"><span class=\"img_cropper\" style=\"width:150px;height:150px;margin-right:4px;margin-bottom:4px;max-width:100%;\"><img decoding=\"async\" src=\"https:\/\/popjazz.fi\/PJKits\/basso\/wp-content\/uploads\/sites\/4\/2020\/02\/bs_ic_material_product_icon_192pxxxhdpi-150x150.png\" style=\"position: absolute;top: 50%;margin-top: -75px;aspect-ratio:4\/3;\" srcset=\"\" alt=\"Nuotinlukua G-avaimella\" class=\"wplp_thumb\" \/><\/span><\/a><a href=\"https:\/\/popjazz.fi\/PJKits\/basso\/basso-oppimistavoitevideot\/nuotinluku\/nuotinlukua-g-avaimella\/\"  class=\"title\">Nuotinlukua G-avaimella<\/a><\/div><\/div><div id=\"wplp_box_left_2138_1168\" class=\"wpcu-front-box left wpcu-custom-position\" ><div class=\"wplp-box-item\"><\/div><\/div><div id=\"wplp_box_right_2138_1168\" class=\"wpcu-front-box right wpcu-custom-position\" ><div class=\"wplp-box-item\"><\/div><\/div><div id=\"wplp_box_bottom_2138_1168\" class=\"wpcu-front-box bottom \" ><div class=\"wplp-box-item\"><span class=\"date\">21.1.2020<\/span><span class=\"text\"><span style=\"max-height:2.8em\" class=\"line_limit\">G-avaimelle kirjoitetut nuotit sijoittuvat F-avaimen yl\u00e4puolelle, jatkaen sen \u00e4\u00e4ni\u00e4 ensimm\u00e4iselt\u00e4 yl\u00e4apuviivalta (c1) l\u00e4htien omana nuottiviivastona, jonka avaimena toimii G-avain.\n\n\n\n\n\n\n\nNuotinluku G-avaimella on teknisesti samanlaista kuin bassolle tavanomaisemmalla F- avaimella. G- avaimella c1 \u00e4\u00e4ni sijoittuu ensimm\u00e4iselle ala-apuviivalle, muiden \u00e4\u00e4nien noudattaessa samaa kaavaa kuin f-avaimellakin lukiessa. \n\n\n\n\n\n\n\nKatso my\u00f6s:<\/span><span style=\"margin-left:3px; max-height:2.8em\" class=\"line_limit\"> [...]<\/span><\/span><span class=\"custom_fields\">\n<!-- WPLP Unknown field: Custom_Fields -->\n<\/span><\/div><\/div><\/div><\/div><div class=\"swiper-slide\" style=\"\"><div class=\"insideframe\"><div id=\"wplp_box_top_2138_1142\" class=\"wpcu-front-box top equalHeightImg\" ><div class=\"wplp-box-item\"><a href=\"https:\/\/popjazz.fi\/PJKits\/basso\/basso-oppimistavoitevideot\/nuotinluku\/tilapaiset-etumerkit-yli-1-oktaavin-alueella\/\"  class=\"thumbnail\"><span class=\"img_cropper\" style=\"width:150px;height:150px;margin-right:4px;margin-bottom:4px;max-width:100%;\"><img decoding=\"async\" src=\"https:\/\/popjazz.fi\/PJKits\/basso\/wp-content\/uploads\/sites\/4\/2020\/02\/bs_ic_material_product_icon_192pxxxhdpi-150x150.png\" style=\"position: absolute;top: 50%;margin-top: -75px;aspect-ratio:4\/3;\" srcset=\"\" alt=\"Tilap\u00e4iset ylennys, alennus ja palautusmerkit (yli 1 oktaavin alueella)\" class=\"wplp_thumb\" \/><\/span><\/a><a href=\"https:\/\/popjazz.fi\/PJKits\/basso\/basso-oppimistavoitevideot\/nuotinluku\/tilapaiset-etumerkit-yli-1-oktaavin-alueella\/\"  class=\"title\">Tilap\u00e4iset ylennys, alennus ja palautusmerkit (yli 1 oktaavin alueella)<\/a><\/div><\/div><div id=\"wplp_box_left_2138_1142\" class=\"wpcu-front-box left wpcu-custom-position\" ><div class=\"wplp-box-item\"><\/div><\/div><div id=\"wplp_box_right_2138_1142\" class=\"wpcu-front-box right wpcu-custom-position\" ><div class=\"wplp-box-item\"><\/div><\/div><div id=\"wplp_box_bottom_2138_1142\" class=\"wpcu-front-box bottom \" ><div class=\"wplp-box-item\"><span class=\"date\">21.1.2020<\/span><span class=\"text\"><span style=\"max-height:2.8em\" class=\"line_limit\">Etumerkit m\u00e4\u00e4rittelev\u00e4t kappaleen s\u00e4vellajin sek\u00e4 yksitt\u00e4isen s\u00e4velen s\u00e4velkorkeuden. \n\n\n\nTilap\u00e4iset etumerkit muuttavat yksitt\u00e4isen nuotin \u00e4\u00e4nen korkeutta tilap\u00e4isesti ja ovat voimassa kyseiselle \u00e4\u00e4nelle vain samassa oktaavialassa yhden tahdin ajan. Saman \u00e4\u00e4nen s\u00e4velkorkeuden tilap\u00e4inen muuttaminen yli oktaavin alueella vaatii siis etumerkin lis\u00e4\u00e4misen jokaiseen oktaavialaan erikseen.\n\n\n\nTilap\u00e4inen etumerkki kirjoitetaan muutettavan nuotin eteen.\n\n\n\nTilap\u00e4iset etumerkit: \n\n\n\nylennysmerkki nostaa per\u00e4ss\u00e4\u00e4n olevan nuotin s\u00e4velkorkeutta puolis\u00e4velaskeleen verran\n\n\n\ntuplaylennys nostaa per\u00e4ss\u00e4\u00e4n olevan nuotin s\u00e4velkorkeutta kokos\u00e4velaskeleen verran\n\n\n\netumerkit yli oktaavin alueella\n\n\n\nalennusmerkki pudottaa per\u00e4ss\u00e4\u00e4n olevan nuotin s\u00e4velkorkeutta puolis\u00e4velaskeleen verran\n\n\n\ntupla-alennus  pudottaa per\u00e4ss\u00e4\u00e4n olevan nuotin s\u00e4velkorkeutta kokos\u00e4velaskeleen verran\n\n\n\nalennusmerkit yli oktaavin alueella\n\n\n\npalautusmerkki palauttaa nuotin alkuper\u00e4isen s\u00e4velkorkeuden ja k\u00e4ytt\u00e4ytyy yli oktaavin alueella samoin kuin ylennys- ja alennusmerkki\n\n\n\n\n\n\n\nKatso my\u00f6s:<\/span><span style=\"margin-left:3px; max-height:2.8em\" class=\"line_limit\"> [...]<\/span><\/span><span class=\"custom_fields\">\n<!-- WPLP Unknown field: Custom_Fields -->\n<\/span><\/div><\/div><\/div><\/div><div class=\"swiper-slide\" style=\"\"><div class=\"insideframe\"><div id=\"wplp_box_top_2138_1140\" class=\"wpcu-front-box top equalHeightImg\" ><div class=\"wplp-box-item\"><a href=\"https:\/\/popjazz.fi\/PJKits\/basso\/basso-oppimistavoitevideot\/nuotinluku\/tilapaiset-etumerkit-1-oktaavin-alueella\/\"  class=\"thumbnail\"><span class=\"img_cropper\" style=\"width:150px;height:150px;margin-right:4px;margin-bottom:4px;max-width:100%;\"><img decoding=\"async\" src=\"https:\/\/popjazz.fi\/PJKits\/basso\/wp-content\/uploads\/sites\/4\/2020\/02\/bs_ic_material_product_icon_192pxxxhdpi-150x150.png\" style=\"position: absolute;top: 50%;margin-top: -75px;aspect-ratio:4\/3;\" srcset=\"\" alt=\"Tilap\u00e4iset ylennys, alennus ja palautusmerkit (1 oktaavin alueella)\" class=\"wplp_thumb\" \/><\/span><\/a><a href=\"https:\/\/popjazz.fi\/PJKits\/basso\/basso-oppimistavoitevideot\/nuotinluku\/tilapaiset-etumerkit-1-oktaavin-alueella\/\"  class=\"title\">Tilap\u00e4iset ylennys, alennus ja palautusmerkit (1 oktaavin alueella)<\/a><\/div><\/div><div id=\"wplp_box_left_2138_1140\" class=\"wpcu-front-box left wpcu-custom-position\" ><div class=\"wplp-box-item\"><\/div><\/div><div id=\"wplp_box_right_2138_1140\" class=\"wpcu-front-box right wpcu-custom-position\" ><div class=\"wplp-box-item\"><\/div><\/div><div id=\"wplp_box_bottom_2138_1140\" class=\"wpcu-front-box bottom \" ><div class=\"wplp-box-item\"><span class=\"date\">21.1.2020<\/span><span class=\"text\"><span style=\"max-height:2.8em\" class=\"line_limit\">Etumerkit m\u00e4\u00e4rittelev\u00e4t kappaleen s\u00e4vellajin sek\u00e4 yksitt\u00e4isen s\u00e4velen s\u00e4velkorkeuden. \n\n\n\nKoko kappaleen s\u00e4vellajin m\u00e4\u00e4rittelev\u00e4t pysyv\u00e4t etumerkit kirjoitetaan kappaleen alkuun heti nuottiavaimen j\u00e4lkeen ja ne voivat olla n\u00e4kyvill\u00e4 samalla tavoin my\u00f6s jokaisen nuottirivin alussa. N\u00e4ist\u00e4 pysyvist\u00e4 etumerkeist\u00e4 k\u00e4ytet\u00e4\u00e4n yleisesti nimityst\u00e4 etumerkint\u00e4\n\n\n\nTilap\u00e4iset etumerkit muuttavat yksitt\u00e4isen nuotin \u00e4\u00e4nen korkeutta tilap\u00e4isesti ja ovat voimassa kyseiselle \u00e4\u00e4nelle vain samassa oktaavialassa yhden tahdin ajan. Tilap\u00e4inen etumerkki kirjoitetaan muutettavan nuotin eteen.\n\n\n\nTilap\u00e4iset etumerkit: \n\n\n\nylennysmerkki nostaa per\u00e4ss\u00e4\u00e4n olevan nuotin s\u00e4velkorkeutta puolis\u00e4velaskeleen verran\n\n\n\ntuplaylennys nostaa per\u00e4ss\u00e4\u00e4n olevan nuotin s\u00e4velkorkeutta kokos\u00e4velaskeleen verran\n\n\n\nylennysmerkkien k\u00e4ytt\u00f6\n\n\n\nalennusmerkki pudottaa per\u00e4ss\u00e4\u00e4n olevan nuotin s\u00e4velkorkeutta puolis\u00e4velaskeleen verran\n\n\n\ntupla-alennus  pudottaa per\u00e4ss\u00e4\u00e4n olevan nuotin s\u00e4velkorkeutta kokos\u00e4velaskeleen verran\n\n\n\nalennusmerkkien k\u00e4ytt\u00f6\n\n\n\npalautusmerkki palauttaa nuotin alkuper\u00e4isen s\u00e4velkorkeuden\n\n\n\n\n\n\n\n\n\n\n\nKatso my\u00f6s:<\/span><span style=\"margin-left:3px; max-height:2.8em\" class=\"line_limit\"> [...]<\/span><\/span><span class=\"custom_fields\">\n<!-- WPLP Unknown field: Custom_Fields -->\n<\/span><\/div><\/div><\/div><\/div><\/div><div class=\"swiper-button-next\"><\/div><div class=\"swiper-button-prev\"><\/div><div class=\"swiper-pagination\"><\/div><\/div><\/div>\n","protected":false},"excerpt":{"rendered":"<p>Merkint\u00e4 8va nuotissa ilmoittaa, ett\u00e4 kyseinen kohta soitetaan oktaavia ylemp\u00e4\u00e4 kuin se on merkitty. Merkint\u00e4 on hy\u00f6dyllinen ja lukemista helpottava, kun luettavat nuotit sijoittuvat tilap\u00e4isesti yl\u00e4apuviivoille. Mik\u00e4li luettavat nuotit sijoittuvat valtaosiltaan tai pysyv\u00e4sti yl\u00e4apuviivoille, voidaan nuotit kirjoittaa my\u00f6s suoraan G-avaimelle. 8va -merkinn\u00e4n vastakohta on 8vb, joka ilmoittaa, ett\u00e4 kyseinen kohta soitetaan oktaavia alempaa kuin se &hellip; <a href=\"https:\/\/popjazz.fi\/PJKits\/basso\/basso-oppimistavoitevideot\/nuotinluku\/tilapaiset-etumerkit-1-oktaavin-alueella\/\" class=\"more-link\">Jatka lukemista<span class=\"screen-reader-text\"> &#8221;Tilap\u00e4iset ylennys, alennus ja palautusmerkit (1 oktaavin alueella)&#8221;<\/span><\/a><\/p>\n","protected":false},"author":1,"featured_media":1282,"parent":79,"menu_order":21,"comment_status":"closed","ping_status":"closed","template":"","meta":{"footnotes":""},"tags":[],"class_list":["post-1170","page","type-page","status-publish","has-post-thumbnail","hentry"],"_links":{"self":[{"href":"https:\/\/popjazz.fi\/PJKits\/basso\/wp-json\/wp\/v2\/pages\/1170","targetHints":{"allow":["GET"]}}],"collection":[{"href":"https:\/\/popjazz.fi\/PJKits\/basso\/wp-json\/wp\/v2\/pages"}],"about":[{"href":"https:\/\/popjazz.fi\/PJKits\/basso\/wp-json\/wp\/v2\/types\/page"}],"author":[{"embeddable":true,"href":"https:\/\/popjazz.fi\/PJKits\/basso\/wp-json\/wp\/v2\/users\/1"}],"replies":[{"embeddable":true,"href":"https:\/\/popjazz.fi\/PJKits\/basso\/wp-json\/wp\/v2\/comments?post=1170"}],"version-history":[{"count":5,"href":"https:\/\/popjazz.fi\/PJKits\/basso\/wp-json\/wp\/v2\/pages\/1170\/revisions"}],"predecessor-version":[{"id":3226,"href":"https:\/\/popjazz.fi\/PJKits\/basso\/wp-json\/wp\/v2\/pages\/1170\/revisions\/3226"}],"up":[{"embeddable":true,"href":"https:\/\/popjazz.fi\/PJKits\/basso\/wp-json\/wp\/v2\/pages\/79"}],"wp:featuredmedia":[{"embeddable":true,"href":"https:\/\/popjazz.fi\/PJKits\/basso\/wp-json\/wp\/v2\/media\/1282"}],"wp:attachment":[{"href":"https:\/\/popjazz.fi\/PJKits\/basso\/wp-json\/wp\/v2\/media?parent=1170"}],"wp:term":[{"taxonomy":"post_tag","embeddable":true,"href":"https:\/\/popjazz.fi\/PJKits\/basso\/wp-json\/wp\/v2\/tags?post=1170"}],"curies":[{"name":"wp","href":"https:\/\/api.w.org\/{rel}","templated":true}]}}