{"id":1176,"date":"2020-01-21T09:54:01","date_gmt":"2020-01-21T07:54:01","guid":{"rendered":"https:\/\/popjazz.fi\/PJKits\/basso\/?page_id=1176"},"modified":"2021-04-06T17:39:05","modified_gmt":"2021-04-06T14:39:05","slug":"moniaanien-soitto-sointusoitto-melodiasaestysaani-net","status":"publish","type":"page","link":"https:\/\/popjazz.fi\/PJKits\/basso\/basso-oppimistavoitevideot\/nuotinluku\/moniaanien-soitto-sointusoitto-melodiasaestysaani-net\/","title":{"rendered":"Moni\u00e4\u00e4nien soitto (sointusoitto, melodia+s\u00e4estys\u00e4\u00e4ni\/net)"},"content":{"rendered":"<p><!--StartFragment--><\/p>\n<p><!--StartFragment--><\/p>\n<p><!--StartFragment--><\/p>\n\n\n<p>Moni\u00e4\u00e4nist\u00e4 sointu\u00e4\u00e4ni + melodia soittoa tapaa yleens\u00e4 kun basso toimii kappaleen solistisessa teht\u00e4v\u00e4ss\u00e4. Muualla kuin klassisen musiikin puolella t\u00e4m\u00e4 on harvinaisempaa, mutta ei kuitenkaan tavatonta. <\/p>\n\n\n\n<p>Basson \u00e4\u00e4nialasta ja soundin luonteesta johtuen s\u00e4estys\u00e4\u00e4nten ja melodia\u00e4\u00e4nten olisi hyv\u00e4 olla v\u00e4hint\u00e4\u00e4n oktaavin p\u00e4\u00e4ss\u00e4 toisistaan soundin &#8221;mutaisuuden&#8221; v\u00e4ltt\u00e4miseksi. Aina t\u00e4m\u00e4 ei ole mahdollista ja t\u00e4ll\u00f6in soundin &#8221;avoimuus&#8221; j\u00e4\u00e4 soittajan harkittavaksi mm. otelautak\u00e4den aseman valinnalla, sek\u00e4 kuinka l\u00e4hell\u00e4 talaa n\u00e4pp\u00e4\u00e4v\u00e4n k\u00e4si sijaitsee. <\/p>\n\n\n\n<p>Esimerkki moni\u00e4\u00e4nisest\u00e4 nuotissa, jossa ala\u00e4\u00e4net toimivat s\u00e4estys\u00e4\u00e4nin\u00e4 ylemmille melodia\u00e4\u00e4nille.<\/p>\n\n\n\n<figure class=\"wp-block-image size-large\"><img loading=\"lazy\" decoding=\"async\" width=\"834\" height=\"1024\" src=\"https:\/\/popjazz.fi\/PJKits\/basso\/wp-content\/uploads\/sites\/4\/2021\/04\/Dune-Tune-remix-834x1024.png\" alt=\"\" class=\"wp-image-3231\" srcset=\"https:\/\/popjazz.fi\/PJKits\/basso\/wp-content\/uploads\/sites\/4\/2021\/04\/Dune-Tune-remix-834x1024.png 834w, https:\/\/popjazz.fi\/PJKits\/basso\/wp-content\/uploads\/sites\/4\/2021\/04\/Dune-Tune-remix-244x300.png 244w, https:\/\/popjazz.fi\/PJKits\/basso\/wp-content\/uploads\/sites\/4\/2021\/04\/Dune-Tune-remix-122x150.png 122w, https:\/\/popjazz.fi\/PJKits\/basso\/wp-content\/uploads\/sites\/4\/2021\/04\/Dune-Tune-remix-768x943.png 768w, https:\/\/popjazz.fi\/PJKits\/basso\/wp-content\/uploads\/sites\/4\/2021\/04\/Dune-Tune-remix-1251x1536.png 1251w, https:\/\/popjazz.fi\/PJKits\/basso\/wp-content\/uploads\/sites\/4\/2021\/04\/Dune-Tune-remix-1668x2048.png 1668w, https:\/\/popjazz.fi\/PJKits\/basso\/wp-content\/uploads\/sites\/4\/2021\/04\/Dune-Tune-remix-1200x1473.png 1200w\" sizes=\"auto, (max-width: 834px) 85vw, 834px\" \/><figcaption>Dune Tune intro  by Mark King\/Level 42<\/figcaption><\/figure>\n\n\n\n<hr class=\"wp-block-separator\"\/>\n\n\n\n<p class=\"has-medium-font-size\">Katso my\u00f6s:<\/p>\n\n\n<style><\/style><div class=\"wplp_outside wplp_widget_2146\" style=\"max-width:100%;\"><span class=\"wpcu_block_title\">Moni\u00e4\u00e4nien soitto (sointusoitto, melodia+s\u00e4estys\u00e4\u00e4ni\/net)<\/span><div id=\"wplp_widget_2146\" class=\"wplp_widget_default wplp_container vertical swiper wplp-swiper default cols3\" data-theme=\"default\" data-post=\"2146\" style=\"\" data-max-elts=\"6\" data-per-page=\"10\"><div class=\"wplp_listposts swiper-wrapper\" id=\"default_2146\" style=\"width: 100%;\" ><div class=\"swiper-slide\" style=\"\"><div class=\"insideframe\"><div id=\"wplp_box_top_2146_831\" class=\"wpcu-front-box top equalHeightImg\" ><div class=\"wplp-box-item\"><a href=\"https:\/\/popjazz.fi\/PJKits\/basso\/basso-oppimistavoitevideot\/instrumentin-hallinta\/sointusoitto-arpeggio-double-triple-stops\/\"  class=\"thumbnail\"><span class=\"img_cropper\" style=\"width:150px;height:150px;margin-right:4px;margin-bottom:4px;max-width:100%;\"><img decoding=\"async\" src=\"https:\/\/popjazz.fi\/PJKits\/basso\/wp-content\/uploads\/sites\/4\/2020\/02\/bs_ic_material_product_icon_192pxxxhdpi-150x150.png\" style=\"position: absolute;top: 50%;margin-top: -75px;aspect-ratio:4\/3;\" srcset=\"\" alt=\"Sointusoitto arpeggio &#038; double\/ triple stops\" class=\"wplp_thumb\" \/><\/span><\/a><a href=\"https:\/\/popjazz.fi\/PJKits\/basso\/basso-oppimistavoitevideot\/instrumentin-hallinta\/sointusoitto-arpeggio-double-triple-stops\/\"  class=\"title\">Sointusoitto arpeggio &#038; double\/ triple stops<\/a><\/div><\/div><div id=\"wplp_box_left_2146_831\" class=\"wpcu-front-box left wpcu-custom-position\" ><div class=\"wplp-box-item\"><\/div><\/div><div id=\"wplp_box_right_2146_831\" class=\"wpcu-front-box right wpcu-custom-position\" ><div class=\"wplp-box-item\"><\/div><\/div><div id=\"wplp_box_bottom_2146_831\" class=\"wpcu-front-box bottom \" ><div class=\"wplp-box-item\"><span class=\"date\">20.1.2020<\/span><span class=\"text\"><span style=\"max-height:2.8em\" class=\"line_limit\">Sointu on v\u00e4hint\u00e4\u00e4n kahden, tavallisesti kolmen tai useamma eri korkuisen \u00e4\u00e4nen yhdess\u00e4 muodostama \u00e4\u00e4ni. Soinnun laatu m\u00e4\u00e4ritell\u00e4\u00e4n sen intervallien mukaan.\n\n\n\nBassolla sointujen muodostaminen on yhtyesoitossa harvinaisempaa johtuen soivan \u00e4\u00e4nialan mataluudesta ja sointiv\u00e4rin tummuudesta; useampi yht\u00e4aikainen \u00e4\u00e4ni &#8221;puuroutuu&#8221; ja saattaa tehd\u00e4 yhtyyeen soundista &#8221;tukkoisen&#8221;. Jos \u00e4\u00e4nikuvassa l\u00f6ytyy tilaa on sointusoitto joskus hyv\u00e4 tehokeino erilaisten soundien saavuttamiseksi.\n\n\n\nArpeggio\n\n\n\neli murtosointu on musiikillinen termi, jolla tarkoitetaan, ett\u00e4 jonkin soinnun \u00e4\u00e4net soitetaan erikseen toinen toisensa j\u00e4lkeen (usein matalammasta korkeampaan) sen sijaan, ett\u00e4 ne soitettaisiin yht\u00e4 aikaa\n\n\n\nDouble\/triple stops\n\n\n\non Arpeggion vastakohta, eli \u00e4\u00e4net soitettaan yht\u00e4aikaa. Double stopissa yht\u00e4aikaa soivat \u00e4\u00e4net ovat yleens\u00e4 jo soinnun terssi (3) ja septimi (7), mutta voivat olla my\u00f6s soinnun perus\u00e4\u00e4ni (1) ja septimi. Triple stopissa \u00e4\u00e4ni\u00e4 on vastaavasti kolme ja soivat \u00e4\u00e4net muodostuvat yleens\u00e4 perus\u00e4\u00e4nest\u00e4 (1), terssist\u00e4 (3) ja septimist\u00e4 (7). My\u00f6s muut soinnun \u00e4\u00e4net ovat mahdollisia. Kumpaankaan tapaan soittaa sointuja ei ole olemassa yht\u00e4 oikeaa tekniikkaa ja valittuun tapaan vaikuttaa sen vahvasti hetkinen  soittotilanne ja soittajan oman kokemuksen mukana tuoma harkinta. \n\n\n\nVideo\n\n\n\n\n\n\n\n\n\nSoittoesimerkki nuotein\n\n\n\n\n\n\n\n\n\n\n\nKatso my\u00f6s:<\/span><span style=\"margin-left:3px; max-height:2.8em\" class=\"line_limit\"> [...]<\/span><\/span><span class=\"custom_fields\">\n<!-- WPLP Unknown field: Custom_Fields -->\n<\/span><\/div><\/div><\/div><\/div><div class=\"swiper-slide\" style=\"\"><div class=\"insideframe\"><div id=\"wplp_box_top_2146_284\" class=\"wpcu-front-box top equalHeightImg\" ><div class=\"wplp-box-item\"><a href=\"https:\/\/popjazz.fi\/PJKits\/basso\/basso-oppimistavoitevideot\/instrumentin-hallinta\/ylimaaraisten-aanten-demppaaminen-oikealla-ja-vasemmalla-kadella\/\"  class=\"thumbnail\"><span class=\"img_cropper\" style=\"width:150px;height:150px;margin-right:4px;margin-bottom:4px;max-width:100%;\"><img decoding=\"async\" src=\"https:\/\/popjazz.fi\/PJKits\/basso\/wp-content\/uploads\/sites\/4\/2020\/02\/bs_ic_material_product_icon_192pxxxhdpi-150x150.png\" style=\"position: absolute;top: 50%;margin-top: -75px;aspect-ratio:4\/3;\" srcset=\"\" alt=\"Ylim\u00e4\u00e4r\u00e4isten \u00e4\u00e4nten demppaaminen oikealla ja vasemmalla k\u00e4dell\u00e4\" class=\"wplp_thumb\" \/><\/span><\/a><a href=\"https:\/\/popjazz.fi\/PJKits\/basso\/basso-oppimistavoitevideot\/instrumentin-hallinta\/ylimaaraisten-aanten-demppaaminen-oikealla-ja-vasemmalla-kadella\/\"  class=\"title\">Ylim\u00e4\u00e4r\u00e4isten \u00e4\u00e4nten demppaaminen oikealla ja vasemmalla k\u00e4dell\u00e4<\/a><\/div><\/div><div id=\"wplp_box_left_2146_284\" class=\"wpcu-front-box left wpcu-custom-position\" ><div class=\"wplp-box-item\"><\/div><\/div><div id=\"wplp_box_right_2146_284\" class=\"wpcu-front-box right wpcu-custom-position\" ><div class=\"wplp-box-item\"><\/div><\/div><div id=\"wplp_box_bottom_2146_284\" class=\"wpcu-front-box bottom \" ><div class=\"wplp-box-item\"><span class=\"date\">5.10.2019<\/span><span class=\"text\"><span style=\"max-height:2.8em\" class=\"line_limit\">Valtaosassa populaarimusiikkia bassolla soitetaan vain yht\u00e4 \u00e4\u00e4nt\u00e4 kerrallaan, jolloin ylim\u00e4\u00e4r\u00e4isten \u00e4\u00e4nten sammuttaminen, eli demppaaminen, on olennainen taito. \u00c4\u00e4nten demppaamiseen on useita eri tapoja ja hyv\u00e4\u00e4 lopputulokseen p\u00e4\u00e4semiseen vaikuttaa mm. jokaisen henkil\u00f6kohtaiset motoriset valmiudet. \n\n\n\nYhten\u00e4 l\u00e4ht\u00f6kohtana ylim\u00e4\u00e4r\u00e4isten \u00e4\u00e4nten sammuttamiselle voi olla periaate, jossa n\u00e4pp\u00e4\u00e4v\u00e4n k\u00e4den sormet sammuttavat soivaa kielt\u00e4 paksummat kielet, ja otek\u00e4si soivaa kielt\u00e4 ohuemmat kielet.\n\n\n\nVideo\n\n\n\n\n\n\n\n\n\n\n\n\n\nKatso my\u00f6s:<\/span><span style=\"margin-left:3px; max-height:2.8em\" class=\"line_limit\"> [...]<\/span><\/span><span class=\"custom_fields\">\n<!-- WPLP Unknown field: Custom_Fields -->\n<\/span><\/div><\/div><\/div><\/div><div class=\"swiper-slide\" style=\"\"><div class=\"insideframe\"><div id=\"wplp_box_top_2146_282\" class=\"wpcu-front-box top equalHeightImg\" ><div class=\"wplp-box-item\"><a href=\"https:\/\/popjazz.fi\/PJKits\/basso\/basso-oppimistavoitevideot\/instrumentin-hallinta\/oikean-ja-vasemman-kaden-koordinaatio\/\"  class=\"thumbnail\"><span class=\"img_cropper\" style=\"width:150px;height:150px;margin-right:4px;margin-bottom:4px;max-width:100%;\"><img decoding=\"async\" src=\"https:\/\/popjazz.fi\/PJKits\/basso\/wp-content\/uploads\/sites\/4\/2020\/02\/bs_ic_material_product_icon_192pxxxhdpi-150x150.png\" style=\"position: absolute;top: 50%;margin-top: -75px;aspect-ratio:4\/3;\" srcset=\"\" alt=\"Oikean ja vasemman k\u00e4den koordinaatio\" class=\"wplp_thumb\" \/><\/span><\/a><a href=\"https:\/\/popjazz.fi\/PJKits\/basso\/basso-oppimistavoitevideot\/instrumentin-hallinta\/oikean-ja-vasemman-kaden-koordinaatio\/\"  class=\"title\">Oikean ja vasemman k\u00e4den koordinaatio<\/a><\/div><\/div><div id=\"wplp_box_left_2146_282\" class=\"wpcu-front-box left wpcu-custom-position\" ><div class=\"wplp-box-item\"><\/div><\/div><div id=\"wplp_box_right_2146_282\" class=\"wpcu-front-box right wpcu-custom-position\" ><div class=\"wplp-box-item\"><\/div><\/div><div id=\"wplp_box_bottom_2146_282\" class=\"wpcu-front-box bottom \" ><div class=\"wplp-box-item\"><span class=\"date\">5.10.2019<\/span><span class=\"text\"><span style=\"max-height:2.8em\" class=\"line_limit\">Koordinaatio tarkoittaa sujuvaa ja tarkoituksenmukaista yhteistoimintaa. Bassonsoitossa t\u00e4m\u00e4 tarkoittaa vasemman ja oikean k\u00e4den yhteisty\u00f6t\u00e4.\n\n\n\nVideo\n\n\n\n\n\n\n\n\n\n\n\n\n\nKatso my\u00f6s:<\/span><span style=\"margin-left:3px; max-height:2.8em\" class=\"line_limit\"> [...]<\/span><\/span><span class=\"custom_fields\">\n<!-- WPLP Unknown field: Custom_Fields -->\n<\/span><\/div><\/div><\/div><\/div><div class=\"swiper-slide\" style=\"\"><div class=\"insideframe\"><div id=\"wplp_box_top_2146_278\" class=\"wpcu-front-box top equalHeightImg\" ><div class=\"wplp-box-item\"><a href=\"https:\/\/popjazz.fi\/PJKits\/basso\/basso-oppimistavoitevideot\/instrumentin-hallinta\/kielen-painaminen-sormenpaalla\/\"  class=\"thumbnail\"><span class=\"img_cropper\" style=\"width:150px;height:150px;margin-right:4px;margin-bottom:4px;max-width:100%;\"><img decoding=\"async\" src=\"https:\/\/popjazz.fi\/PJKits\/basso\/wp-content\/uploads\/sites\/4\/2020\/02\/bs_ic_material_product_icon_192pxxxhdpi-150x150.png\" style=\"position: absolute;top: 50%;margin-top: -75px;aspect-ratio:4\/3;\" srcset=\"\" alt=\"Kielen painaminen sormenp\u00e4\u00e4ll\u00e4\" class=\"wplp_thumb\" \/><\/span><\/a><a href=\"https:\/\/popjazz.fi\/PJKits\/basso\/basso-oppimistavoitevideot\/instrumentin-hallinta\/kielen-painaminen-sormenpaalla\/\"  class=\"title\">Kielen painaminen sormenp\u00e4\u00e4ll\u00e4<\/a><\/div><\/div><div id=\"wplp_box_left_2146_278\" class=\"wpcu-front-box left wpcu-custom-position\" ><div class=\"wplp-box-item\"><\/div><\/div><div id=\"wplp_box_right_2146_278\" class=\"wpcu-front-box right wpcu-custom-position\" ><div class=\"wplp-box-item\"><\/div><\/div><div id=\"wplp_box_bottom_2146_278\" class=\"wpcu-front-box bottom \" ><div class=\"wplp-box-item\"><span class=\"date\">5.10.2019<\/span><span class=\"text\"><span style=\"max-height:2.8em\" class=\"line_limit\">\u00c4\u00e4nen sointiin ja soiton ergonomisuuteen vaikuttavat monet asia, joista yksi on se, kuinka kieli painetaan otelautaa vasten.  Kun kieli painetaan otelautaan sormenp\u00e4\u00e4ll\u00e4, on k\u00e4den asento luonnollisesti auki, soundi kirkkaampi ja vire t\u00e4sm\u00e4llisempi. \n\n\n\nVideo\n\n\n\n\n\n\n\n\n\n\n\n\n\nKatso my\u00f6s:<\/span><span style=\"margin-left:3px; max-height:2.8em\" class=\"line_limit\"> [...]<\/span><\/span><span class=\"custom_fields\">\n<!-- WPLP Unknown field: Custom_Fields -->\n<\/span><\/div><\/div><\/div><\/div><div class=\"swiper-slide\" style=\"\"><div class=\"insideframe\"><div id=\"wplp_box_top_2146_274\" class=\"wpcu-front-box top equalHeightImg\" ><div class=\"wplp-box-item\"><a href=\"https:\/\/popjazz.fi\/PJKits\/basso\/basso-oppimistavoitevideot\/instrumentin-hallinta\/eri-aanenvarien-tuottaminen-nappaavalla-kadella-esim-otelaudan-paalta-tallan-vieresta\/\"  class=\"thumbnail\"><span class=\"img_cropper\" style=\"width:150px;height:150px;margin-right:4px;margin-bottom:4px;max-width:100%;\"><img decoding=\"async\" src=\"https:\/\/popjazz.fi\/PJKits\/basso\/wp-content\/uploads\/sites\/4\/2020\/02\/bs_ic_material_product_icon_192pxxxhdpi-150x150.png\" style=\"position: absolute;top: 50%;margin-top: -75px;aspect-ratio:4\/3;\" srcset=\"\" alt=\"Eri \u00e4\u00e4nenv\u00e4rien tuottaminen n\u00e4pp\u00e4\u00e4v\u00e4ll\u00e4 k\u00e4dell\u00e4 (esim. otelaudan p\u00e4\u00e4lt\u00e4\/tallan vierest\u00e4)\" class=\"wplp_thumb\" \/><\/span><\/a><a href=\"https:\/\/popjazz.fi\/PJKits\/basso\/basso-oppimistavoitevideot\/instrumentin-hallinta\/eri-aanenvarien-tuottaminen-nappaavalla-kadella-esim-otelaudan-paalta-tallan-vieresta\/\"  class=\"title\">Eri \u00e4\u00e4nenv\u00e4rien tuottaminen n\u00e4pp\u00e4\u00e4v\u00e4ll\u00e4 k\u00e4dell\u00e4 (esim. otelaudan p\u00e4\u00e4lt\u00e4\/tallan vierest\u00e4)<\/a><\/div><\/div><div id=\"wplp_box_left_2146_274\" class=\"wpcu-front-box left wpcu-custom-position\" ><div class=\"wplp-box-item\"><\/div><\/div><div id=\"wplp_box_right_2146_274\" class=\"wpcu-front-box right wpcu-custom-position\" ><div class=\"wplp-box-item\"><\/div><\/div><div id=\"wplp_box_bottom_2146_274\" class=\"wpcu-front-box bottom \" ><div class=\"wplp-box-item\"><span class=\"date\">5.10.2019<\/span><span class=\"text\"><span style=\"max-height:2.8em\" class=\"line_limit\">N\u00e4pp\u00e4ilyk\u00e4den kosketuksella kieleen on suuri merkitys basson \u00e4\u00e4nenv\u00e4rille, eli soundille. T\u00e4rkeimpi\u00e4 \u00e4\u00e4nenv\u00e4rin muodamisen tapoja ovat n\u00e4pp\u00e4\u00e4v\u00e4n sormen kohta kielell\u00e4, kosketuksen voimakkuus ja sormen kulma kieleen\n\n\n\nN\u00e4pp\u00e4\u00e4v\u00e4n sormen kohta kielell\u00e4 l\u00e4hem\u00e4p\u00e4n\u00e4 kaulaa\/tallaa\n\n\n\nL\u00e4hemp\u00e4n\u00e4 kaulaa kielen j\u00e4nnite on pehme\u00e4mpi. \u00c4\u00e4nen sointi muuttuu pehme\u00e4mm\u00e4ksi ja py\u00f6re\u00e4mm\u00e4ksi mit\u00e4 l\u00e4hemp\u00e4n\u00e4 kaulaa kielen n\u00e4pp\u00e4\u00e4minen tapahtuu. Vastaavasti \u00e4\u00e4nen ter\u00e4vyytt\u00e4 ja soinnin niin sanottua &#8221;atakkia&#8221; saa lis\u00e4\u00e4 n\u00e4pp\u00e4\u00e4m\u00e4ll\u00e4 kielt\u00e4 l\u00e4hemp\u00e4n\u00e4 tallaa, jossa kielen j\u00e4nnite on my\u00f6s kire\u00e4mpi. \n\n\n\nKosketuksen voimakkuus\n\n\n\nMit\u00e4 voimakkaampi n\u00e4pp\u00e4yksen voimakkuus kieleen on, sit\u00e4 kovempaa ja agressiivisemmi kieli soi. Soundin lis\u00e4ksi kosketuksen voimakkuus vaikuttaa siis my\u00f6s soinnin tehoon. Liian voimakas n\u00e4pp\u00e4ys saattaa jopa rikkoa soinnin ja \u00e4\u00e4ni muistuttaa slap &#8211; tekniikalla tuotettua \u00e4\u00e4nt\u00e4. T\u00e4m\u00e4kin toimii tehokeinona monessa tyylilajissa, mutta sen tarkoituksenmukainen k\u00e4ytt\u00f6 vaatii hyv\u00e4\u00e4 soittimen hallintaa. \n\n\n\nSormen kulma kieleen\n\n\n\nMit\u00e4 isommalta alalta sormen pinta kosketaa kieleen, sit\u00e4 paksumpi ja t\u00e4ytel\u00e4isempi soundi on. Vastaavasti soittamalla vain sormen k\u00e4rjell\u00e4 saadaa tarkempi ja ohuempi \u00e4\u00e4nikuva. \n\n\n\nVideo\n\n\n\n\n\n\n\n\n\n\n\n\n\nKatso my\u00f6s:<\/span><span style=\"margin-left:3px; max-height:2.8em\" class=\"line_limit\"> [...]<\/span><\/span><span class=\"custom_fields\">\n<!-- WPLP Unknown field: Custom_Fields -->\n<\/span><\/div><\/div><\/div><\/div><div class=\"swiper-slide\" style=\"\"><div class=\"insideframe\"><div id=\"wplp_box_top_2146_825\" class=\"wpcu-front-box top equalHeightImg\" ><div class=\"wplp-box-item\"><a href=\"https:\/\/popjazz.fi\/PJKits\/basso\/basso-oppimistavoitevideot\/instrumentin-hallinta\/koko-kaulan-hallinta\/\"  class=\"thumbnail\"><span class=\"img_cropper\" style=\"width:150px;height:150px;margin-right:4px;margin-bottom:4px;max-width:100%;\"><img decoding=\"async\" src=\"https:\/\/popjazz.fi\/PJKits\/basso\/wp-content\/uploads\/sites\/4\/2020\/02\/bs_ic_material_product_icon_192pxxxhdpi-150x150.png\" style=\"position: absolute;top: 50%;margin-top: -75px;aspect-ratio:4\/3;\" srcset=\"\" alt=\"Koko kaulan hallinta\" class=\"wplp_thumb\" \/><\/span><\/a><a href=\"https:\/\/popjazz.fi\/PJKits\/basso\/basso-oppimistavoitevideot\/instrumentin-hallinta\/koko-kaulan-hallinta\/\"  class=\"title\">Koko kaulan hallinta<\/a><\/div><\/div><div id=\"wplp_box_left_2146_825\" class=\"wpcu-front-box left wpcu-custom-position\" ><div class=\"wplp-box-item\"><\/div><\/div><div id=\"wplp_box_right_2146_825\" class=\"wpcu-front-box right wpcu-custom-position\" ><div class=\"wplp-box-item\"><\/div><\/div><div id=\"wplp_box_bottom_2146_825\" class=\"wpcu-front-box bottom \" ><div class=\"wplp-box-item\"><span class=\"date\">20.1.2020<\/span><span class=\"text\"><span style=\"max-height:2.8em\" class=\"line_limit\">Koko kaulan hallinta vaatii otelaudan \u00e4\u00e4nten tuntemisen lis\u00e4ksi my\u00f6s molempien k\u00e4sien hyv\u00e4\u00e4 yhteisty\u00f6t\u00e4, eli koordinaatiota. \n\n\n\nKoko kaulan hallintaan kuuluu n\u00e4iden lis\u00e4ksi my\u00f6s kappaleen ja sen rytmiikkaan sopivien \u00e4\u00e4nten ja sormitusten valitseminen niin, ett\u00e4 ne palvelevat kappaleen tyylillisi\u00e4 seikkoja. N\u00e4it\u00e4 ovat mm. soundi ja rytmiikka. \n\n\n\nVideo\n\n\n\n\n\n\n\n\n\n\n\n\n\nKatso my\u00f6s:<\/span><span style=\"margin-left:3px; max-height:2.8em\" class=\"line_limit\"> [...]<\/span><\/span><span class=\"custom_fields\">\n<!-- WPLP Unknown field: Custom_Fields -->\n<\/span><\/div><\/div><\/div><\/div><\/div><div class=\"swiper-button-next\"><\/div><div class=\"swiper-button-prev\"><\/div><div class=\"swiper-pagination\"><\/div><\/div><\/div>\n","protected":false},"excerpt":{"rendered":"<p>Moni\u00e4\u00e4nist\u00e4 sointu\u00e4\u00e4ni + melodia soittoa tapaa yleens\u00e4 kun basso toimii kappaleen solistisessa teht\u00e4v\u00e4ss\u00e4. Muualla kuin klassisen musiikin puolella t\u00e4m\u00e4 on harvinaisempaa, mutta ei kuitenkaan tavatonta. Basson \u00e4\u00e4nialasta ja soundin luonteesta johtuen s\u00e4estys\u00e4\u00e4nten ja melodia\u00e4\u00e4nten olisi hyv\u00e4 olla v\u00e4hint\u00e4\u00e4n oktaavin p\u00e4\u00e4ss\u00e4 toisistaan soundin &#8221;mutaisuuden&#8221; v\u00e4ltt\u00e4miseksi. Aina t\u00e4m\u00e4 ei ole mahdollista ja t\u00e4ll\u00f6in soundin &#8221;avoimuus&#8221; j\u00e4\u00e4 soittajan &hellip; <a href=\"https:\/\/popjazz.fi\/PJKits\/basso\/basso-oppimistavoitevideot\/instrumentin-hallinta\/koko-kaulan-hallinta\/\" class=\"more-link\">Jatka lukemista<span class=\"screen-reader-text\"> &#8221;Koko kaulan hallinta&#8221;<\/span><\/a><\/p>\n","protected":false},"author":1,"featured_media":1282,"parent":79,"menu_order":24,"comment_status":"closed","ping_status":"closed","template":"","meta":{"footnotes":""},"tags":[],"class_list":["post-1176","page","type-page","status-publish","has-post-thumbnail","hentry"],"_links":{"self":[{"href":"https:\/\/popjazz.fi\/PJKits\/basso\/wp-json\/wp\/v2\/pages\/1176","targetHints":{"allow":["GET"]}}],"collection":[{"href":"https:\/\/popjazz.fi\/PJKits\/basso\/wp-json\/wp\/v2\/pages"}],"about":[{"href":"https:\/\/popjazz.fi\/PJKits\/basso\/wp-json\/wp\/v2\/types\/page"}],"author":[{"embeddable":true,"href":"https:\/\/popjazz.fi\/PJKits\/basso\/wp-json\/wp\/v2\/users\/1"}],"replies":[{"embeddable":true,"href":"https:\/\/popjazz.fi\/PJKits\/basso\/wp-json\/wp\/v2\/comments?post=1176"}],"version-history":[{"count":6,"href":"https:\/\/popjazz.fi\/PJKits\/basso\/wp-json\/wp\/v2\/pages\/1176\/revisions"}],"predecessor-version":[{"id":3232,"href":"https:\/\/popjazz.fi\/PJKits\/basso\/wp-json\/wp\/v2\/pages\/1176\/revisions\/3232"}],"up":[{"embeddable":true,"href":"https:\/\/popjazz.fi\/PJKits\/basso\/wp-json\/wp\/v2\/pages\/79"}],"wp:featuredmedia":[{"embeddable":true,"href":"https:\/\/popjazz.fi\/PJKits\/basso\/wp-json\/wp\/v2\/media\/1282"}],"wp:attachment":[{"href":"https:\/\/popjazz.fi\/PJKits\/basso\/wp-json\/wp\/v2\/media?parent=1176"}],"wp:term":[{"taxonomy":"post_tag","embeddable":true,"href":"https:\/\/popjazz.fi\/PJKits\/basso\/wp-json\/wp\/v2\/tags?post=1176"}],"curies":[{"name":"wp","href":"https:\/\/api.w.org\/{rel}","templated":true}]}}