{"id":208,"date":"2019-10-04T05:34:13","date_gmt":"2019-10-04T02:34:13","guid":{"rendered":"https:\/\/popjazz.fi\/PJKits\/basso\/?page_id=208"},"modified":"2021-03-30T15:03:20","modified_gmt":"2021-03-30T12:03:20","slug":"12-tahdin-blues-muotorakenne","status":"publish","type":"page","link":"https:\/\/popjazz.fi\/PJKits\/basso\/basso-oppimistavoitevideot\/rytmi-ja-muotorakenteet\/12-tahdin-blues-muotorakenne\/","title":{"rendered":"12 tahdin blues muotorakenne"},"content":{"rendered":"<p><!--StartFragment--><\/p>\n<p><!--StartFragment--><\/p>\n<p><!--StartFragment--><\/p>\n\n\n<p>Yleinen muotorakenne rytmimusiikissa on 12 tahdin blues. Perinteisess\u00e4 muodossaan bluesin harmonia muodostuu s\u00e4vellajin ensimm\u00e4isen, nelj\u00e4nnen ja viidennen asteen dominanttiseptimisoinnuista.<\/p>\n\n\n\n<h4 class=\"wp-block-heading\">Video<\/h4>\n\n\n\n<figure class=\"wp-block-embed-vimeo wp-block-embed is-type-video is-provider-vimeo wp-embed-aspect-16-9 wp-has-aspect-ratio\"><div class=\"wp-block-embed__wrapper\">\n<iframe loading=\"lazy\" src=\"https:\/\/player.vimeo.com\/video\/444839032?dnt=1&amp;app_id=122963\" width=\"840\" height=\"473\" frameborder=\"0\" allow=\"autoplay; fullscreen\" allowfullscreen><\/iframe>\n<\/div><\/figure>\n\n\n\n<p><strong>Bluesrakenne, two beat<\/strong><\/p>\n\n\n\n<figure class=\"wp-block-image size-large\"><img loading=\"lazy\" decoding=\"async\" width=\"1024\" height=\"583\" src=\"https:\/\/popjazz.fi\/PJKits\/basso\/wp-content\/uploads\/sites\/4\/2021\/03\/12-tahdin-blues-twobeat-1024x583.png\" alt=\"\" class=\"wp-image-3078\" srcset=\"https:\/\/popjazz.fi\/PJKits\/basso\/wp-content\/uploads\/sites\/4\/2021\/03\/12-tahdin-blues-twobeat-1024x583.png 1024w, https:\/\/popjazz.fi\/PJKits\/basso\/wp-content\/uploads\/sites\/4\/2021\/03\/12-tahdin-blues-twobeat-300x171.png 300w, https:\/\/popjazz.fi\/PJKits\/basso\/wp-content\/uploads\/sites\/4\/2021\/03\/12-tahdin-blues-twobeat-150x85.png 150w, https:\/\/popjazz.fi\/PJKits\/basso\/wp-content\/uploads\/sites\/4\/2021\/03\/12-tahdin-blues-twobeat-768x437.png 768w, https:\/\/popjazz.fi\/PJKits\/basso\/wp-content\/uploads\/sites\/4\/2021\/03\/12-tahdin-blues-twobeat-1536x874.png 1536w, https:\/\/popjazz.fi\/PJKits\/basso\/wp-content\/uploads\/sites\/4\/2021\/03\/12-tahdin-blues-twobeat-2048x1166.png 2048w, https:\/\/popjazz.fi\/PJKits\/basso\/wp-content\/uploads\/sites\/4\/2021\/03\/12-tahdin-blues-twobeat-1200x683.png 1200w\" sizes=\"auto, (max-width: 709px) 85vw, (max-width: 909px) 67vw, (max-width: 1362px) 62vw, 840px\" \/><\/figure>\n\n\n\n<p><strong>Bluesrakenne, four beat<\/strong><\/p>\n\n\n\n<figure class=\"wp-block-image size-large\"><img loading=\"lazy\" decoding=\"async\" width=\"1024\" height=\"406\" src=\"https:\/\/popjazz.fi\/PJKits\/basso\/wp-content\/uploads\/sites\/4\/2021\/03\/12-tahdin-blues-fourbeat-1024x406.png\" alt=\"\" class=\"wp-image-3079\" srcset=\"https:\/\/popjazz.fi\/PJKits\/basso\/wp-content\/uploads\/sites\/4\/2021\/03\/12-tahdin-blues-fourbeat-1024x406.png 1024w, https:\/\/popjazz.fi\/PJKits\/basso\/wp-content\/uploads\/sites\/4\/2021\/03\/12-tahdin-blues-fourbeat-300x119.png 300w, https:\/\/popjazz.fi\/PJKits\/basso\/wp-content\/uploads\/sites\/4\/2021\/03\/12-tahdin-blues-fourbeat-150x59.png 150w, https:\/\/popjazz.fi\/PJKits\/basso\/wp-content\/uploads\/sites\/4\/2021\/03\/12-tahdin-blues-fourbeat-768x304.png 768w, https:\/\/popjazz.fi\/PJKits\/basso\/wp-content\/uploads\/sites\/4\/2021\/03\/12-tahdin-blues-fourbeat-1536x608.png 1536w, https:\/\/popjazz.fi\/PJKits\/basso\/wp-content\/uploads\/sites\/4\/2021\/03\/12-tahdin-blues-fourbeat-2048x811.png 2048w, https:\/\/popjazz.fi\/PJKits\/basso\/wp-content\/uploads\/sites\/4\/2021\/03\/12-tahdin-blues-fourbeat-1200x475.png 1200w\" sizes=\"auto, (max-width: 709px) 85vw, (max-width: 909px) 67vw, (max-width: 1362px) 62vw, 840px\" \/><\/figure>\n\n\n\n<p><strong>Bluesrakenne, blues suffle<\/strong><\/p>\n\n\n\n<figure class=\"wp-block-image size-large\"><img loading=\"lazy\" decoding=\"async\" width=\"1024\" height=\"477\" src=\"https:\/\/popjazz.fi\/PJKits\/basso\/wp-content\/uploads\/sites\/4\/2021\/03\/12-tahdin-blues-suffle-1024x477.png\" alt=\"\" class=\"wp-image-3080\" srcset=\"https:\/\/popjazz.fi\/PJKits\/basso\/wp-content\/uploads\/sites\/4\/2021\/03\/12-tahdin-blues-suffle-1024x477.png 1024w, https:\/\/popjazz.fi\/PJKits\/basso\/wp-content\/uploads\/sites\/4\/2021\/03\/12-tahdin-blues-suffle-300x140.png 300w, https:\/\/popjazz.fi\/PJKits\/basso\/wp-content\/uploads\/sites\/4\/2021\/03\/12-tahdin-blues-suffle-150x70.png 150w, https:\/\/popjazz.fi\/PJKits\/basso\/wp-content\/uploads\/sites\/4\/2021\/03\/12-tahdin-blues-suffle-768x358.png 768w, https:\/\/popjazz.fi\/PJKits\/basso\/wp-content\/uploads\/sites\/4\/2021\/03\/12-tahdin-blues-suffle-1536x716.png 1536w, https:\/\/popjazz.fi\/PJKits\/basso\/wp-content\/uploads\/sites\/4\/2021\/03\/12-tahdin-blues-suffle-2048x954.png 2048w, https:\/\/popjazz.fi\/PJKits\/basso\/wp-content\/uploads\/sites\/4\/2021\/03\/12-tahdin-blues-suffle-1200x559.png 1200w\" sizes=\"auto, (max-width: 709px) 85vw, (max-width: 909px) 67vw, (max-width: 1362px) 62vw, 840px\" \/><\/figure>\n\n\n\n<hr class=\"wp-block-separator\"\/>\n\n\n<style><\/style><div class=\"wplp_outside wplp_widget_1430\" style=\"max-width:100%;\"><span class=\"wpcu_block_title\">12 tahdin blues muotorakenne<\/span><div id=\"wplp_widget_1430\" class=\"wplp_widget_default wplp_container vertical swiper wplp-swiper default cols3\" data-theme=\"default\" data-post=\"1430\" style=\"\" data-max-elts=\"4\" data-per-page=\"10\"><div class=\"wplp_listposts swiper-wrapper\" id=\"default_1430\" style=\"width: 100%;\" ><div class=\"swiper-slide\" style=\"\"><div class=\"insideframe\"><div id=\"wplp_box_top_1430_1037\" class=\"wpcu-front-box top equalHeightImg\" ><div class=\"wplp-box-item\"><a href=\"https:\/\/popjazz.fi\/PJKits\/basso\/basso-oppimistavoitevideot\/rytmi-ja-muotorakenteet\/muotorakenne-a-a-b-a\/\"  class=\"thumbnail\"><span class=\"img_cropper\" style=\"width:150px;height:150px;margin-right:4px;margin-bottom:4px;max-width:100%;\"><img decoding=\"async\" src=\"https:\/\/popjazz.fi\/PJKits\/basso\/wp-content\/uploads\/sites\/4\/2020\/02\/bs_ic_material_product_icon_192pxxxhdpi-150x150.png\" style=\"position: absolute;top: 50%;margin-top: -75px;aspect-ratio:4\/3;\" srcset=\"\" alt=\"Muotorakenne a-a-b-a\" class=\"wplp_thumb\" \/><\/span><\/a><a href=\"https:\/\/popjazz.fi\/PJKits\/basso\/basso-oppimistavoitevideot\/rytmi-ja-muotorakenteet\/muotorakenne-a-a-b-a\/\"  class=\"title\">Muotorakenne a-a-b-a<\/a><\/div><\/div><div id=\"wplp_box_left_1430_1037\" class=\"wpcu-front-box left wpcu-custom-position\" ><div class=\"wplp-box-item\"><\/div><\/div><div id=\"wplp_box_right_1430_1037\" class=\"wpcu-front-box right wpcu-custom-position\" ><div class=\"wplp-box-item\"><\/div><\/div><div id=\"wplp_box_bottom_1430_1037\" class=\"wpcu-front-box bottom \" ><div class=\"wplp-box-item\"><span class=\"date\">21.1.2020<\/span><span class=\"text\"><span style=\"max-height:2.8em\" class=\"line_limit\">Muotrakenteella&nbsp;musiikissa&nbsp;tarkoitetaan musiikkiteoksen tai sen osan musiikillisten elementtien j\u00e4rjestyst\u00e4 ja koostumusta. Musiikillisist\u00e4 elementeist\u00e4 tavallisin,&nbsp;melodia, rakentuu&nbsp;s\u00e4velist\u00e4&nbsp;ja&nbsp;rytmeist\u00e4. Tavallisesti musiikillinen teos koostuu yhdest\u00e4 tai useammasta l\u00e4ht\u00f6kohtana toimivasta rakenneosasta, ja niist\u00e4 muokatuista uusista rakenneosasista, eli&nbsp;variaatioista. Kappaleen l\u00e4ht\u00f6kohtana toimiva musiikin rakenneosa on nimelt\u00e4\u00e4n&nbsp;teema.\n\n\n\nYksi yleisimmist\u00e4 populaarimusiikin muotorakenteista on A &#8211; A &#8211; B &#8211; A, jossa s\u00e4keist\u00f6 toistuu kaksi kertaa, jonka j\u00e4lkeen tulee kertos\u00e4e ja lopuksi viel\u00e4 s\u00e4keist\u00f6. T\u00e4m\u00e4n j\u00e4lkeen kappale saattaa kertaantua alusta ja sama rakenne toistua useita kertoja\n\n\n\n\n\n\n\nKappaleessa voi olla my\u00f6s \n\n\n\naluke, eli introv\u00e4liosia, jotka yleens\u00e4 merkit\u00e4\u00e4n eri kirjaimilla, esim  C ja D -osatsoolo-osa, joka yleens\u00e4 merkit\u00e4\u00e4n nimens\u00e4 mukaisesti soolo -osaksiA -osan ja B -osan v\u00e4liss\u00e4 voi olla muutaman tahdin erillinen v\u00e4like, joka yleens\u00e4 merkit\u00e4\u00e4n Pre -chorukseksi tai joissakin tapauksissaKappaleessa saattaa olla my\u00f6s erillinen lopuke, eli outro tai coda. \n\n\n\n\n\n\n\n\n\n\n\nKatso my\u00f6s:<\/span><span style=\"margin-left:3px; max-height:2.8em\" class=\"line_limit\"> [...]<\/span><\/span><span class=\"custom_fields\">\n<!-- WPLP Unknown field: Custom_Fields -->\n<\/span><\/div><\/div><\/div><\/div><div class=\"swiper-slide\" style=\"\"><div class=\"insideframe\"><div id=\"wplp_box_top_1430_380\" class=\"wpcu-front-box top equalHeightImg\" ><div class=\"wplp-box-item\"><a href=\"https:\/\/popjazz.fi\/PJKits\/basso\/basso-oppimistavoitevideot\/rytmi-ja-muotorakenteet\/kolmimuunteisuus\/\"  class=\"thumbnail\"><span class=\"img_cropper\" style=\"width:150px;height:150px;margin-right:4px;margin-bottom:4px;max-width:100%;\"><img decoding=\"async\" src=\"https:\/\/popjazz.fi\/PJKits\/basso\/wp-content\/uploads\/sites\/4\/2020\/02\/bs_ic_material_product_icon_192pxxxhdpi-150x150.png\" style=\"position: absolute;top: 50%;margin-top: -75px;aspect-ratio:4\/3;\" srcset=\"\" alt=\"Kolmimuunteisuus\" class=\"wplp_thumb\" \/><\/span><\/a><a href=\"https:\/\/popjazz.fi\/PJKits\/basso\/basso-oppimistavoitevideot\/rytmi-ja-muotorakenteet\/kolmimuunteisuus\/\"  class=\"title\">Kolmimuunteisuus<\/a><\/div><\/div><div id=\"wplp_box_left_1430_380\" class=\"wpcu-front-box left wpcu-custom-position\" ><div class=\"wplp-box-item\"><\/div><\/div><div id=\"wplp_box_right_1430_380\" class=\"wpcu-front-box right wpcu-custom-position\" ><div class=\"wplp-box-item\"><\/div><\/div><div id=\"wplp_box_bottom_1430_380\" class=\"wpcu-front-box bottom \" ><div class=\"wplp-box-item\"><span class=\"date\">6.10.2019<\/span><span class=\"text\"><span style=\"max-height:2.8em\" class=\"line_limit\">Kolmimuunteisuus on soittotapa, jossa iskuala, esimerkiksi nelj\u00e4sosa, jaetaan kolmeen yht\u00e4 suureen osaan, trioliin. Trioli jaetaan kolmimuunteisille kahdeksasosille suhteessa kahden suhde yhteen, eli iskullinen kahdeksasosa kest\u00e4\u00e4 kaksi triolin kahdeksasosaa ja iskuton yhden. Soitettaessa nelj\u00e4sosia kolmimuunteisesti triolin viimeinen kahdeksasosa on tyypillisesti taukoa.\n\n\n\nKolmimuunteisuuden m\u00e4\u00e4r\u00e4 ei kuitenkaan ole vakio vaan se vaihtelee esimerkiksi tyylilajin ja tempon mukaan. My\u00f6s soittajien kesken voi olla eri n\u00e4kemyksi\u00e4 kolmimuunteisuuden m\u00e4\u00e4r\u00e4st\u00e4, joten yhteisen swengin l\u00f6ytyminen vaatii tarkkaavaista kuuntelua.\n\n\n\nVideo\n\n\n\n\n\n\n\n\n\n\n\n\n\n\n\n\n\nKatso my\u00f6s:<\/span><span style=\"margin-left:3px; max-height:2.8em\" class=\"line_limit\"> [...]<\/span><\/span><span class=\"custom_fields\">\n<!-- WPLP Unknown field: Custom_Fields -->\n<\/span><\/div><\/div><\/div><\/div><div class=\"swiper-slide\" style=\"\"><div class=\"insideframe\"><div id=\"wplp_box_top_1430_378\" class=\"wpcu-front-box top equalHeightImg\" ><div class=\"wplp-box-item\"><a href=\"https:\/\/popjazz.fi\/PJKits\/basso\/basso-oppimistavoitevideot\/rytmi-ja-muotorakenteet\/four-beat-saestysrytmi\/\"  class=\"thumbnail\"><span class=\"img_cropper\" style=\"width:150px;height:150px;margin-right:4px;margin-bottom:4px;max-width:100%;\"><img decoding=\"async\" src=\"https:\/\/popjazz.fi\/PJKits\/basso\/wp-content\/uploads\/sites\/4\/2020\/02\/bs_ic_material_product_icon_192pxxxhdpi-150x150.png\" style=\"position: absolute;top: 50%;margin-top: -75px;aspect-ratio:4\/3;\" srcset=\"\" alt=\"Four\u00a0beat -s\u00e4estysrytmi\" class=\"wplp_thumb\" \/><\/span><\/a><a href=\"https:\/\/popjazz.fi\/PJKits\/basso\/basso-oppimistavoitevideot\/rytmi-ja-muotorakenteet\/four-beat-saestysrytmi\/\"  class=\"title\">Four\u00a0beat -s\u00e4estysrytmi<\/a><\/div><\/div><div id=\"wplp_box_left_1430_378\" class=\"wpcu-front-box left wpcu-custom-position\" ><div class=\"wplp-box-item\"><\/div><\/div><div id=\"wplp_box_right_1430_378\" class=\"wpcu-front-box right wpcu-custom-position\" ><div class=\"wplp-box-item\"><\/div><\/div><div id=\"wplp_box_bottom_1430_378\" class=\"wpcu-front-box bottom \" ><div class=\"wplp-box-item\"><span class=\"date\">6.10.2019<\/span><span class=\"text\"><span style=\"max-height:2.8em\" class=\"line_limit\">Four beat s\u00e4estysrytmiss\u00e4 soitetaan nelj\u00e4sosia kappaleen perussykkeen mukaan. Four beat kompin fraseeraus m\u00e4\u00e4rittyy soitettavan kappaleen tyylilajin, tempon ja sovituksen mukaisesti.\n\n\n\nVideo\n\n\n\n\n\n\n\n\n\nFour beat esimerkki 1\n\n\n\n\n\n\n\nFour beat esimerkki 2\n\n\n\n\n\n\n\n\n\n\n\nKatso my\u00f6s:<\/span><span style=\"margin-left:3px; max-height:2.8em\" class=\"line_limit\"> [...]<\/span><\/span><span class=\"custom_fields\">\n<!-- WPLP Unknown field: Custom_Fields -->\n<\/span><\/div><\/div><\/div><\/div><div class=\"swiper-slide\" style=\"\"><div class=\"insideframe\"><div id=\"wplp_box_top_1430_65\" class=\"wpcu-front-box top equalHeightImg\" ><div class=\"wplp-box-item\"><a href=\"https:\/\/popjazz.fi\/PJKits\/basso\/basso-oppimistavoitevideot\/rytmi-ja-muotorakenteet\/beat-ja-two-beat-saestysrytmi\/\"  class=\"thumbnail\"><span class=\"img_cropper\" style=\"width:150px;height:150px;margin-right:4px;margin-bottom:4px;max-width:100%;\"><img decoding=\"async\" src=\"https:\/\/popjazz.fi\/PJKits\/basso\/wp-content\/uploads\/sites\/4\/2020\/02\/bs_ic_material_product_icon_192pxxxhdpi-150x150.png\" style=\"position: absolute;top: 50%;margin-top: -75px;aspect-ratio:4\/3;\" srcset=\"\" alt=\"Beat- ja two beat -s\u00e4estysrytmi\" class=\"wplp_thumb\" \/><\/span><\/a><a href=\"https:\/\/popjazz.fi\/PJKits\/basso\/basso-oppimistavoitevideot\/rytmi-ja-muotorakenteet\/beat-ja-two-beat-saestysrytmi\/\"  class=\"title\">Beat- ja two beat -s\u00e4estysrytmi<\/a><\/div><\/div><div id=\"wplp_box_left_1430_65\" class=\"wpcu-front-box left wpcu-custom-position\" ><div class=\"wplp-box-item\"><\/div><\/div><div id=\"wplp_box_right_1430_65\" class=\"wpcu-front-box right wpcu-custom-position\" ><div class=\"wplp-box-item\"><\/div><\/div><div id=\"wplp_box_bottom_1430_65\" class=\"wpcu-front-box bottom \" ><div class=\"wplp-box-item\"><span class=\"date\">22.9.2019<\/span><span class=\"text\"><span style=\"max-height:2.8em\" class=\"line_limit\">Basson s\u00e4estysrytmeist\u00e4 k\u00e4ytetyimpi\u00e4 ovat beat ja two beat. N\u00e4iden fraseeraus riippuu soitettavan kappaleen ja sovituksen tyylilajista. Tyypillinen beat s\u00e4estys koostuu pisteellisen nelj\u00e4sosan ja kahdeksasosan yhdistelm\u00e4st\u00e4.\n\n\n\nVideo\n\n\n\n\n\nrytmikka\n\n\n\nBeat rytmi\n\n\n\n\n\n\n\nTwo beat rytmi\n\n\n\n\n\n\n\n\n\n\n\nKatso my\u00f6s:<\/span><span style=\"margin-left:3px; max-height:2.8em\" class=\"line_limit\"> [...]<\/span><\/span><span class=\"custom_fields\">\n<!-- WPLP Unknown field: Custom_Fields -->\n<\/span><\/div><\/div><\/div><\/div><\/div><div class=\"swiper-button-next\"><\/div><div class=\"swiper-button-prev\"><\/div><div class=\"swiper-pagination\"><\/div><\/div><\/div>\n","protected":false},"excerpt":{"rendered":"<p>Yleinen muotorakenne rytmimusiikissa on 12 tahdin blues. Perinteisess\u00e4 muodossaan bluesin harmonia muodostuu s\u00e4vellajin ensimm\u00e4isen, nelj\u00e4nnen ja viidennen asteen dominanttiseptimisoinnuista. Video Bluesrakenne, two beat Bluesrakenne, four beat Bluesrakenne, blues suffle<\/p>\n","protected":false},"author":1,"featured_media":1282,"parent":55,"menu_order":19,"comment_status":"closed","ping_status":"closed","template":"","meta":{"footnotes":""},"tags":[],"class_list":["post-208","page","type-page","status-publish","has-post-thumbnail","hentry"],"_links":{"self":[{"href":"https:\/\/popjazz.fi\/PJKits\/basso\/wp-json\/wp\/v2\/pages\/208","targetHints":{"allow":["GET"]}}],"collection":[{"href":"https:\/\/popjazz.fi\/PJKits\/basso\/wp-json\/wp\/v2\/pages"}],"about":[{"href":"https:\/\/popjazz.fi\/PJKits\/basso\/wp-json\/wp\/v2\/types\/page"}],"author":[{"embeddable":true,"href":"https:\/\/popjazz.fi\/PJKits\/basso\/wp-json\/wp\/v2\/users\/1"}],"replies":[{"embeddable":true,"href":"https:\/\/popjazz.fi\/PJKits\/basso\/wp-json\/wp\/v2\/comments?post=208"}],"version-history":[{"count":19,"href":"https:\/\/popjazz.fi\/PJKits\/basso\/wp-json\/wp\/v2\/pages\/208\/revisions"}],"predecessor-version":[{"id":3081,"href":"https:\/\/popjazz.fi\/PJKits\/basso\/wp-json\/wp\/v2\/pages\/208\/revisions\/3081"}],"up":[{"embeddable":true,"href":"https:\/\/popjazz.fi\/PJKits\/basso\/wp-json\/wp\/v2\/pages\/55"}],"wp:featuredmedia":[{"embeddable":true,"href":"https:\/\/popjazz.fi\/PJKits\/basso\/wp-json\/wp\/v2\/media\/1282"}],"wp:attachment":[{"href":"https:\/\/popjazz.fi\/PJKits\/basso\/wp-json\/wp\/v2\/media?parent=208"}],"wp:term":[{"taxonomy":"post_tag","embeddable":true,"href":"https:\/\/popjazz.fi\/PJKits\/basso\/wp-json\/wp\/v2\/tags?post=208"}],"curies":[{"name":"wp","href":"https:\/\/api.w.org\/{rel}","templated":true}]}}