{"id":270,"date":"2019-10-05T06:49:28","date_gmt":"2019-10-05T03:49:28","guid":{"rendered":"https:\/\/popjazz.fi\/PJKits\/basso\/?page_id=270"},"modified":"2021-04-13T13:12:54","modified_gmt":"2021-04-13T10:12:54","slug":"huiluaanet-12-7-ja-5-nauhalta","status":"publish","type":"page","link":"https:\/\/popjazz.fi\/PJKits\/basso\/basso-oppimistavoitevideot\/instrumentin-hallinta\/huiluaanet-12-7-ja-5-nauhalta\/","title":{"rendered":"Huilu\u00e4\u00e4net 12., 7. ja 5. nauhalta"},"content":{"rendered":"\n<p>Kielisoittimilla voidaan tuottaa huilu\u00e4\u00e4ni\u00e4 useilla eri tavoilla. Helpoin ja k\u00e4ytetyin tapa on ns. luonnollinen huilu\u00e4\u00e4ni eli englanniksi natural harmonic. <\/p>\n\n\n\n<p>Huilu\u00e4\u00e4ni saadaan asettamalla sormi kielen p\u00e4\u00e4lle tiettyyn kohtaan kaulalla ja n\u00e4p\u00e4t\u00e4 kielt\u00e4. Sormea ei kuitenkaan paineta otelautaan saakka vaan annetaan sen vain koskettaa kielt\u00e4 ja n\u00e4pp\u00e4yksen j\u00e4lkeen se nostetaan kielelt\u00e4 pois.<\/p>\n\n\n\n<p>Huilu\u00e4\u00e4ni soi vapaana olevaan kielen \u00e4\u00e4neen verrattuna nauhan kohdasta riippuen:<\/p>\n\n\n\n<ul class=\"wp-block-list\"><li>Oktaavia korkeammalta kuin vapaa kieli, 12.nauhalta<\/li><li>Oktaavi + kvintti korkeammalta kuin vapaa kieli, 7.nauhalta<\/li><li>kaksi oktaavia korkeammalta kuin vapaa kieli,  5.nauhalta<\/li><\/ul>\n\n\n\n<h4 class=\"wp-block-heading\">Video<\/h4>\n\n\n\n<figure class=\"wp-block-embed-vimeo wp-block-embed is-type-video is-provider-vimeo wp-embed-aspect-16-9 wp-has-aspect-ratio\"><div class=\"wp-block-embed__wrapper\">\n<iframe loading=\"lazy\" src=\"https:\/\/player.vimeo.com\/video\/504776932?dnt=1&amp;app_id=122963\" width=\"840\" height=\"473\" frameborder=\"0\" allow=\"autoplay; fullscreen; picture-in-picture\" allowfullscreen><\/iframe>\n<\/div><figcaption>Huilu\u00e4\u00e4net<\/figcaption><\/figure>\n\n\n\n<hr class=\"wp-block-separator\"\/>\n\n\n\n<p class=\"has-medium-font-size\">Katso my\u00f6s:<\/p>\n\n\n<style><\/style><div class=\"wplp_outside wplp_widget_1611\" style=\"max-width:100%;\"><span class=\"wpcu_block_title\">Huilu\u00e4\u00e4net 12., 7. ja 5. nauhalta<\/span><div id=\"wplp_widget_1611\" class=\"wplp_widget_default wplp_container vertical swiper wplp-swiper default cols3\" data-theme=\"default\" data-post=\"1611\" style=\"\" data-max-elts=\"3\" data-per-page=\"10\"><div class=\"wplp_listposts swiper-wrapper\" id=\"default_1611\" style=\"width: 100%;\" ><div class=\"swiper-slide\" style=\"\"><div class=\"insideframe\"><div id=\"wplp_box_top_1611_282\" class=\"wpcu-front-box top equalHeightImg\" ><div class=\"wplp-box-item\"><a href=\"https:\/\/popjazz.fi\/PJKits\/basso\/basso-oppimistavoitevideot\/instrumentin-hallinta\/oikean-ja-vasemman-kaden-koordinaatio\/\"  class=\"thumbnail\"><span class=\"img_cropper\" style=\"width:150px;height:150px;margin-right:4px;margin-bottom:4px;max-width:100%;\"><img decoding=\"async\" src=\"https:\/\/popjazz.fi\/PJKits\/basso\/wp-content\/uploads\/sites\/4\/2020\/02\/bs_ic_material_product_icon_192pxxxhdpi-150x150.png\" style=\"position: absolute;top: 50%;margin-top: -75px;aspect-ratio:4\/3;\" srcset=\"\" alt=\"Oikean ja vasemman k\u00e4den koordinaatio\" class=\"wplp_thumb\" \/><\/span><\/a><a href=\"https:\/\/popjazz.fi\/PJKits\/basso\/basso-oppimistavoitevideot\/instrumentin-hallinta\/oikean-ja-vasemman-kaden-koordinaatio\/\"  class=\"title\">Oikean ja vasemman k\u00e4den koordinaatio<\/a><\/div><\/div><div id=\"wplp_box_left_1611_282\" class=\"wpcu-front-box left wpcu-custom-position\" ><div class=\"wplp-box-item\"><\/div><\/div><div id=\"wplp_box_right_1611_282\" class=\"wpcu-front-box right wpcu-custom-position\" ><div class=\"wplp-box-item\"><\/div><\/div><div id=\"wplp_box_bottom_1611_282\" class=\"wpcu-front-box bottom \" ><div class=\"wplp-box-item\"><span class=\"date\">5.10.2019<\/span><span class=\"text\"><span style=\"max-height:2.8em\" class=\"line_limit\">Koordinaatio tarkoittaa sujuvaa ja tarkoituksenmukaista yhteistoimintaa. Bassonsoitossa t\u00e4m\u00e4 tarkoittaa vasemman ja oikean k\u00e4den yhteisty\u00f6t\u00e4.\n\n\n\nVideo\n\n\n\n\n\n\n\n\n\n\n\n\n\nKatso my\u00f6s:<\/span><span style=\"margin-left:3px; max-height:2.8em\" class=\"line_limit\"> [...]<\/span><\/span><span class=\"custom_fields\">\n<!-- WPLP Unknown field: Custom_Fields -->\n<\/span><\/div><\/div><\/div><\/div><div class=\"swiper-slide\" style=\"\"><div class=\"insideframe\"><div id=\"wplp_box_top_1611_268\" class=\"wpcu-front-box top equalHeightImg\" ><div class=\"wplp-box-item\"><a href=\"https:\/\/popjazz.fi\/PJKits\/basso\/basso-oppimistavoitevideot\/instrumentin-hallinta\/oikean-ja-vasemman-kaden-asento\/\"  class=\"thumbnail\"><span class=\"img_cropper\" style=\"width:150px;height:150px;margin-right:4px;margin-bottom:4px;max-width:100%;\"><img decoding=\"async\" src=\"https:\/\/popjazz.fi\/PJKits\/basso\/wp-content\/uploads\/sites\/4\/2020\/02\/bs_ic_material_product_icon_192pxxxhdpi-150x150.png\" style=\"position: absolute;top: 50%;margin-top: -75px;aspect-ratio:4\/3;\" srcset=\"\" alt=\"Oikean ja vasemman k\u00e4den asento\" class=\"wplp_thumb\" \/><\/span><\/a><a href=\"https:\/\/popjazz.fi\/PJKits\/basso\/basso-oppimistavoitevideot\/instrumentin-hallinta\/oikean-ja-vasemman-kaden-asento\/\"  class=\"title\">Oikean ja vasemman k\u00e4den asento<\/a><\/div><\/div><div id=\"wplp_box_left_1611_268\" class=\"wpcu-front-box left wpcu-custom-position\" ><div class=\"wplp-box-item\"><\/div><\/div><div id=\"wplp_box_right_1611_268\" class=\"wpcu-front-box right wpcu-custom-position\" ><div class=\"wplp-box-item\"><\/div><\/div><div id=\"wplp_box_bottom_1611_268\" class=\"wpcu-front-box bottom \" ><div class=\"wplp-box-item\"><span class=\"date\">5.10.2019<\/span><span class=\"text\"><span style=\"max-height:2.8em\" class=\"line_limit\">L\u00e4ht\u00f6kohta on hyville k\u00e4sien asennoille on ergonomisesti luontevat ja mahdollisimman v\u00e4h\u00e4n ylim\u00e4\u00e4r\u00e4ist\u00e4 rasitusta aiheuttavat asennot. Ep\u00e4luontevia taivutuksia ja ylim\u00e4\u00e4r\u00e4isi\u00e4 pisterasituksia ranteisiin ja olkap\u00e4ihin tulisi pyrki\u00e4 v\u00e4ltt\u00e4m\u00e4\u00e4n. Tukevalla ja riitt\u00e4v\u00e4n leve\u00e4ll\u00e4 olkahihnalla ja sen oikeaan korkeuteen s\u00e4\u00e4t\u00e4misell\u00e4 pyrit\u00e4\u00e4n hakemaan optimaalinen asento, joka huomioi soittomukavuuden ja ergonomian.\n\n\n\nT\u00e4ydellist\u00e4 ja kaikille sopivaa ja yhteist\u00e4 k\u00e4sien asentoa ei kuitenkaan ole, vaan kaikki meist\u00e4 ovat yksil\u00f6it\u00e4. Juuri itselle sopivien soittoasentojen l\u00f6yt\u00e4minen vaatii k\u00e4rsiv\u00e4llisyytt\u00e4 ja paneutumista asiaan. Hyvi\u00e4 apuv\u00e4lineit\u00e4 ovat esimerkiksi pelin k\u00e4ytt\u00e4minen apuna harjoittelun aikana, sek\u00e4 opettajan tekem\u00e4t havainnot ja opastaminen.\n\n\n\nVideo \n\n\n\n\n\n\n\n\n\n\n\n\n\nKatso my\u00f6s:<\/span><span style=\"margin-left:3px; max-height:2.8em\" class=\"line_limit\"> [...]<\/span><\/span><span class=\"custom_fields\">\n<!-- WPLP Unknown field: Custom_Fields -->\n<\/span><\/div><\/div><\/div><\/div><div class=\"swiper-slide\" style=\"\"><div class=\"insideframe\"><div id=\"wplp_box_top_1611_41\" class=\"wpcu-front-box top equalHeightImg\" ><div class=\"wplp-box-item\"><a href=\"https:\/\/popjazz.fi\/PJKits\/basso\/basso-oppimistavoitevideot\/instrumentin-hallinta\/nappaavan-kaden-vuorosormitekniikka\/\"  class=\"thumbnail\"><span class=\"img_cropper\" style=\"width:150px;height:150px;margin-right:4px;margin-bottom:4px;max-width:100%;\"><img decoding=\"async\" src=\"https:\/\/popjazz.fi\/PJKits\/basso\/wp-content\/uploads\/sites\/4\/2020\/02\/bs_ic_material_product_icon_192pxxxhdpi-150x150.png\" style=\"position: absolute;top: 50%;margin-top: -75px;aspect-ratio:4\/3;\" srcset=\"\" alt=\"N\u00e4pp\u00e4\u00e4v\u00e4n k\u00e4den vuorosormitekniikka\" class=\"wplp_thumb\" \/><\/span><\/a><a href=\"https:\/\/popjazz.fi\/PJKits\/basso\/basso-oppimistavoitevideot\/instrumentin-hallinta\/nappaavan-kaden-vuorosormitekniikka\/\"  class=\"title\">N\u00e4pp\u00e4\u00e4v\u00e4n k\u00e4den vuorosormitekniikka<\/a><\/div><\/div><div id=\"wplp_box_left_1611_41\" class=\"wpcu-front-box left wpcu-custom-position\" ><div class=\"wplp-box-item\"><\/div><\/div><div id=\"wplp_box_right_1611_41\" class=\"wpcu-front-box right wpcu-custom-position\" ><div class=\"wplp-box-item\"><\/div><\/div><div id=\"wplp_box_bottom_1611_41\" class=\"wpcu-front-box bottom \" ><div class=\"wplp-box-item\"><span class=\"date\">22.9.2019<\/span><span class=\"text\"><span style=\"max-height:2.8em\" class=\"line_limit\">Perinteisin tapa soittaa s\u00e4hk\u00f6bassoa on k\u00e4ytt\u00e4\u00e4 kielen n\u00e4pp\u00e4\u00e4miseen etu- ja keskisormea, peukalon ollessa samaan aikaan tuettuna mikrofonin tai erillisen peukalotuen p\u00e4\u00e4lle.\n\n\n\nNs. vuorosormitekniikka tarkoittaa sit\u00e4, ett\u00e4 etu- ja keskisormi n\u00e4pp\u00e4\u00e4v\u00e4t kielt\u00e4 vuorotellen.\n\n\n\nVideo \n\n\n\n\n\n\n\n\n\n\n\n\n\nKatso my\u00f6s:<\/span><span style=\"margin-left:3px; max-height:2.8em\" class=\"line_limit\"> [...]<\/span><\/span><span class=\"custom_fields\">\n<!-- WPLP Unknown field: Custom_Fields -->\n<\/span><\/div><\/div><\/div><\/div><\/div><div class=\"swiper-button-next\"><\/div><div class=\"swiper-button-prev\"><\/div><div class=\"swiper-pagination\"><\/div><\/div><\/div>\n","protected":false},"excerpt":{"rendered":"<p>Kielisoittimilla voidaan tuottaa huilu\u00e4\u00e4ni\u00e4 useilla eri tavoilla. Helpoin ja k\u00e4ytetyin tapa on ns. luonnollinen huilu\u00e4\u00e4ni eli englanniksi natural harmonic. Huilu\u00e4\u00e4ni saadaan asettamalla sormi kielen p\u00e4\u00e4lle tiettyyn kohtaan kaulalla ja n\u00e4p\u00e4t\u00e4 kielt\u00e4. Sormea ei kuitenkaan paineta otelautaan saakka vaan annetaan sen vain koskettaa kielt\u00e4 ja n\u00e4pp\u00e4yksen j\u00e4lkeen se nostetaan kielelt\u00e4 pois. Huilu\u00e4\u00e4ni soi vapaana olevaan kielen &hellip; <a href=\"https:\/\/popjazz.fi\/PJKits\/basso\/basso-oppimistavoitevideot\/instrumentin-hallinta\/nappaavan-kaden-vuorosormitekniikka\/\" class=\"more-link\">Jatka lukemista<span class=\"screen-reader-text\"> &#8221;N\u00e4pp\u00e4\u00e4v\u00e4n k\u00e4den vuorosormitekniikka&#8221;<\/span><\/a><\/p>\n","protected":false},"author":1,"featured_media":1282,"parent":29,"menu_order":15,"comment_status":"closed","ping_status":"closed","template":"","meta":{"footnotes":""},"tags":[],"class_list":["post-270","page","type-page","status-publish","has-post-thumbnail","hentry"],"_links":{"self":[{"href":"https:\/\/popjazz.fi\/PJKits\/basso\/wp-json\/wp\/v2\/pages\/270","targetHints":{"allow":["GET"]}}],"collection":[{"href":"https:\/\/popjazz.fi\/PJKits\/basso\/wp-json\/wp\/v2\/pages"}],"about":[{"href":"https:\/\/popjazz.fi\/PJKits\/basso\/wp-json\/wp\/v2\/types\/page"}],"author":[{"embeddable":true,"href":"https:\/\/popjazz.fi\/PJKits\/basso\/wp-json\/wp\/v2\/users\/1"}],"replies":[{"embeddable":true,"href":"https:\/\/popjazz.fi\/PJKits\/basso\/wp-json\/wp\/v2\/comments?post=270"}],"version-history":[{"count":9,"href":"https:\/\/popjazz.fi\/PJKits\/basso\/wp-json\/wp\/v2\/pages\/270\/revisions"}],"predecessor-version":[{"id":3273,"href":"https:\/\/popjazz.fi\/PJKits\/basso\/wp-json\/wp\/v2\/pages\/270\/revisions\/3273"}],"up":[{"embeddable":true,"href":"https:\/\/popjazz.fi\/PJKits\/basso\/wp-json\/wp\/v2\/pages\/29"}],"wp:featuredmedia":[{"embeddable":true,"href":"https:\/\/popjazz.fi\/PJKits\/basso\/wp-json\/wp\/v2\/media\/1282"}],"wp:attachment":[{"href":"https:\/\/popjazz.fi\/PJKits\/basso\/wp-json\/wp\/v2\/media?parent=270"}],"wp:term":[{"taxonomy":"post_tag","embeddable":true,"href":"https:\/\/popjazz.fi\/PJKits\/basso\/wp-json\/wp\/v2\/tags?post=270"}],"curies":[{"name":"wp","href":"https:\/\/api.w.org\/{rel}","templated":true}]}}