{"id":29,"date":"2019-09-22T08:11:14","date_gmt":"2019-09-22T05:11:14","guid":{"rendered":"https:\/\/popjazz.fi\/PJKits\/basso\/?page_id=29"},"modified":"2020-10-19T15:30:40","modified_gmt":"2020-10-19T12:30:40","slug":"instrumentin-hallinta","status":"publish","type":"page","link":"https:\/\/popjazz.fi\/PJKits\/basso\/basso-oppimistavoitevideot\/instrumentin-hallinta\/","title":{"rendered":"Instrumentin hallinta"},"content":{"rendered":"\n<blockquote class=\"wp-block-quote is-layout-flow wp-block-quote-is-layout-flow\"><p><strong>Hyv\u00e4 instrumentin hallinta on olennainen osa ilmaisua. Sill\u00e4 on suora vaikutus mm. rytmien hallintaan soitettaessa sek\u00e4 instrumentin soundiin.<\/strong> <\/p><\/blockquote>\n","protected":false},"excerpt":{"rendered":"<p>Hyv\u00e4 instrumentin hallinta on olennainen osa ilmaisua. Sill\u00e4 on suora vaikutus mm. rytmien hallintaan soitettaessa sek\u00e4 instrumentin soundiin.<\/p>\n","protected":false},"author":1,"featured_media":1282,"parent":410,"menu_order":0,"comment_status":"closed","ping_status":"closed","template":"","meta":{"footnotes":""},"tags":[],"class_list":["post-29","page","type-page","status-publish","has-post-thumbnail","hentry"],"_links":{"self":[{"href":"https:\/\/popjazz.fi\/PJKits\/basso\/wp-json\/wp\/v2\/pages\/29","targetHints":{"allow":["GET"]}}],"collection":[{"href":"https:\/\/popjazz.fi\/PJKits\/basso\/wp-json\/wp\/v2\/pages"}],"about":[{"href":"https:\/\/popjazz.fi\/PJKits\/basso\/wp-json\/wp\/v2\/types\/page"}],"author":[{"embeddable":true,"href":"https:\/\/popjazz.fi\/PJKits\/basso\/wp-json\/wp\/v2\/users\/1"}],"replies":[{"embeddable":true,"href":"https:\/\/popjazz.fi\/PJKits\/basso\/wp-json\/wp\/v2\/comments?post=29"}],"version-history":[{"count":8,"href":"https:\/\/popjazz.fi\/PJKits\/basso\/wp-json\/wp\/v2\/pages\/29\/revisions"}],"predecessor-version":[{"id":1479,"href":"https:\/\/popjazz.fi\/PJKits\/basso\/wp-json\/wp\/v2\/pages\/29\/revisions\/1479"}],"up":[{"embeddable":true,"href":"https:\/\/popjazz.fi\/PJKits\/basso\/wp-json\/wp\/v2\/pages\/410"}],"wp:featuredmedia":[{"embeddable":true,"href":"https:\/\/popjazz.fi\/PJKits\/basso\/wp-json\/wp\/v2\/media\/1282"}],"wp:attachment":[{"href":"https:\/\/popjazz.fi\/PJKits\/basso\/wp-json\/wp\/v2\/media?parent=29"}],"wp:term":[{"taxonomy":"post_tag","embeddable":true,"href":"https:\/\/popjazz.fi\/PJKits\/basso\/wp-json\/wp\/v2\/tags?post=29"}],"curies":[{"name":"wp","href":"https:\/\/api.w.org\/{rel}","templated":true}]}}