{"id":31,"date":"2019-09-22T08:12:17","date_gmt":"2019-09-22T05:12:17","guid":{"rendered":"https:\/\/popjazz.fi\/PJKits\/basso\/?page_id=31"},"modified":"2021-09-28T08:57:10","modified_gmt":"2021-09-28T05:57:10","slug":"otekaden-perussormitus","status":"publish","type":"page","link":"https:\/\/popjazz.fi\/PJKits\/basso\/basso-oppimistavoitevideot\/instrumentin-hallinta\/otekaden-perussormitus\/","title":{"rendered":"Otek\u00e4den perussormitus"},"content":{"rendered":"\n<p>S\u00e4hk\u00f6basson kaula on jaettu nauhoilla eri s\u00e4veliin. Haluttu s\u00e4vele soitetaan painamalla kielt\u00e4 otelautaa vasten n\u00e4iden nauhojen v\u00e4leist\u00e4. Kielen painamista voidaan helpottaa painamalla kielt\u00e4 mahdollisimman l\u00e4helt\u00e4 nauhaa. Lis\u00e4ksi otetta tuetaan painamalla peukalolla kaulan vastakkaiselta puolelta. <\/p>\n\n\n\n<h4 class=\"wp-block-heading\">Video<\/h4>\n\n\n\n<figure class=\"wp-block-embed-vimeo wp-block-embed is-type-video is-provider-vimeo wp-embed-aspect-16-9 wp-has-aspect-ratio\"><div class=\"wp-block-embed__wrapper\">\n<iframe loading=\"lazy\" src=\"https:\/\/player.vimeo.com\/video\/444851066?dnt=1&amp;app_id=122963\" width=\"840\" height=\"473\" frameborder=\"0\" allow=\"autoplay; fullscreen\" allowfullscreen><\/iframe>\n<\/div><\/figure>\n\n\n\n<hr class=\"wp-block-separator\"\/>\n\n\n\n<p class=\"has-medium-font-size\">Katso my\u00f6s:<\/p>\n\n\n<style><\/style><div class=\"wplp_outside wplp_widget_1312\" style=\"max-width:100%;\"><span class=\"wpcu_block_title\">Otek\u00e4den perussormitus<\/span><div id=\"wplp_widget_1312\" class=\"wplp_widget_default wplp_container vertical swiper wplp-swiper default cols3\" data-theme=\"default\" data-post=\"1312\" style=\"\" data-max-elts=\"5\" data-per-page=\"10\"><div class=\"wplp_listposts swiper-wrapper\" id=\"default_1312\" style=\"width: 100%;\" ><div class=\"swiper-slide\" style=\"\"><div class=\"insideframe\"><div id=\"wplp_box_top_1312_284\" class=\"wpcu-front-box top equalHeightImg\" ><div class=\"wplp-box-item\"><a href=\"https:\/\/popjazz.fi\/PJKits\/basso\/basso-oppimistavoitevideot\/instrumentin-hallinta\/ylimaaraisten-aanten-demppaaminen-oikealla-ja-vasemmalla-kadella\/\"  class=\"thumbnail\"><span class=\"img_cropper\" style=\"width:150px;height:150px;margin-right:4px;margin-bottom:4px;max-width:100%;\"><img decoding=\"async\" src=\"https:\/\/popjazz.fi\/PJKits\/basso\/wp-content\/uploads\/sites\/4\/2020\/02\/bs_ic_material_product_icon_192pxxxhdpi-150x150.png\" style=\"position: absolute;top: 50%;margin-top: -75px;aspect-ratio:4\/3;\" srcset=\"\" alt=\"Ylim\u00e4\u00e4r\u00e4isten \u00e4\u00e4nten demppaaminen oikealla ja vasemmalla k\u00e4dell\u00e4\" class=\"wplp_thumb\" \/><\/span><\/a><a href=\"https:\/\/popjazz.fi\/PJKits\/basso\/basso-oppimistavoitevideot\/instrumentin-hallinta\/ylimaaraisten-aanten-demppaaminen-oikealla-ja-vasemmalla-kadella\/\"  class=\"title\">Ylim\u00e4\u00e4r\u00e4isten \u00e4\u00e4nten demppaaminen oikealla ja vasemmalla k\u00e4dell\u00e4<\/a><\/div><\/div><div id=\"wplp_box_left_1312_284\" class=\"wpcu-front-box left wpcu-custom-position\" ><div class=\"wplp-box-item\"><\/div><\/div><div id=\"wplp_box_right_1312_284\" class=\"wpcu-front-box right wpcu-custom-position\" ><div class=\"wplp-box-item\"><\/div><\/div><div id=\"wplp_box_bottom_1312_284\" class=\"wpcu-front-box bottom \" ><div class=\"wplp-box-item\"><span class=\"date\">5.10.2019<\/span><span class=\"text\"><span style=\"max-height:2.8em\" class=\"line_limit\">Valtaosassa populaarimusiikkia bassolla soitetaan vain yht\u00e4 \u00e4\u00e4nt\u00e4 kerrallaan, jolloin ylim\u00e4\u00e4r\u00e4isten \u00e4\u00e4nten sammuttaminen, eli demppaaminen, on olennainen taito. \u00c4\u00e4nten demppaamiseen on useita eri tapoja ja hyv\u00e4\u00e4 lopputulokseen p\u00e4\u00e4semiseen vaikuttaa mm. jokaisen henkil\u00f6kohtaiset motoriset valmiudet. \n\n\n\nYhten\u00e4 l\u00e4ht\u00f6kohtana ylim\u00e4\u00e4r\u00e4isten \u00e4\u00e4nten sammuttamiselle voi olla periaate, jossa n\u00e4pp\u00e4\u00e4v\u00e4n k\u00e4den sormet sammuttavat soivaa kielt\u00e4 paksummat kielet, ja otek\u00e4si soivaa kielt\u00e4 ohuemmat kielet.\n\n\n\nVideo\n\n\n\n\n\n\n\n\n\n\n\n\n\nKatso my\u00f6s:<\/span><span style=\"margin-left:3px; max-height:2.8em\" class=\"line_limit\"> [...]<\/span><\/span><span class=\"custom_fields\">\n<!-- WPLP Unknown field: Custom_Fields -->\n<\/span><\/div><\/div><\/div><\/div><div class=\"swiper-slide\" style=\"\"><div class=\"insideframe\"><div id=\"wplp_box_top_1312_282\" class=\"wpcu-front-box top equalHeightImg\" ><div class=\"wplp-box-item\"><a href=\"https:\/\/popjazz.fi\/PJKits\/basso\/basso-oppimistavoitevideot\/instrumentin-hallinta\/oikean-ja-vasemman-kaden-koordinaatio\/\"  class=\"thumbnail\"><span class=\"img_cropper\" style=\"width:150px;height:150px;margin-right:4px;margin-bottom:4px;max-width:100%;\"><img decoding=\"async\" src=\"https:\/\/popjazz.fi\/PJKits\/basso\/wp-content\/uploads\/sites\/4\/2020\/02\/bs_ic_material_product_icon_192pxxxhdpi-150x150.png\" style=\"position: absolute;top: 50%;margin-top: -75px;aspect-ratio:4\/3;\" srcset=\"\" alt=\"Oikean ja vasemman k\u00e4den koordinaatio\" class=\"wplp_thumb\" \/><\/span><\/a><a href=\"https:\/\/popjazz.fi\/PJKits\/basso\/basso-oppimistavoitevideot\/instrumentin-hallinta\/oikean-ja-vasemman-kaden-koordinaatio\/\"  class=\"title\">Oikean ja vasemman k\u00e4den koordinaatio<\/a><\/div><\/div><div id=\"wplp_box_left_1312_282\" class=\"wpcu-front-box left wpcu-custom-position\" ><div class=\"wplp-box-item\"><\/div><\/div><div id=\"wplp_box_right_1312_282\" class=\"wpcu-front-box right wpcu-custom-position\" ><div class=\"wplp-box-item\"><\/div><\/div><div id=\"wplp_box_bottom_1312_282\" class=\"wpcu-front-box bottom \" ><div class=\"wplp-box-item\"><span class=\"date\">5.10.2019<\/span><span class=\"text\"><span style=\"max-height:2.8em\" class=\"line_limit\">Koordinaatio tarkoittaa sujuvaa ja tarkoituksenmukaista yhteistoimintaa. Bassonsoitossa t\u00e4m\u00e4 tarkoittaa vasemman ja oikean k\u00e4den yhteisty\u00f6t\u00e4.\n\n\n\nVideo\n\n\n\n\n\n\n\n\n\n\n\n\n\nKatso my\u00f6s:<\/span><span style=\"margin-left:3px; max-height:2.8em\" class=\"line_limit\"> [...]<\/span><\/span><span class=\"custom_fields\">\n<!-- WPLP Unknown field: Custom_Fields -->\n<\/span><\/div><\/div><\/div><\/div><div class=\"swiper-slide\" style=\"\"><div class=\"insideframe\"><div id=\"wplp_box_top_1312_278\" class=\"wpcu-front-box top equalHeightImg\" ><div class=\"wplp-box-item\"><a href=\"https:\/\/popjazz.fi\/PJKits\/basso\/basso-oppimistavoitevideot\/instrumentin-hallinta\/kielen-painaminen-sormenpaalla\/\"  class=\"thumbnail\"><span class=\"img_cropper\" style=\"width:150px;height:150px;margin-right:4px;margin-bottom:4px;max-width:100%;\"><img decoding=\"async\" src=\"https:\/\/popjazz.fi\/PJKits\/basso\/wp-content\/uploads\/sites\/4\/2020\/02\/bs_ic_material_product_icon_192pxxxhdpi-150x150.png\" style=\"position: absolute;top: 50%;margin-top: -75px;aspect-ratio:4\/3;\" srcset=\"\" alt=\"Kielen painaminen sormenp\u00e4\u00e4ll\u00e4\" class=\"wplp_thumb\" \/><\/span><\/a><a href=\"https:\/\/popjazz.fi\/PJKits\/basso\/basso-oppimistavoitevideot\/instrumentin-hallinta\/kielen-painaminen-sormenpaalla\/\"  class=\"title\">Kielen painaminen sormenp\u00e4\u00e4ll\u00e4<\/a><\/div><\/div><div id=\"wplp_box_left_1312_278\" class=\"wpcu-front-box left wpcu-custom-position\" ><div class=\"wplp-box-item\"><\/div><\/div><div id=\"wplp_box_right_1312_278\" class=\"wpcu-front-box right wpcu-custom-position\" ><div class=\"wplp-box-item\"><\/div><\/div><div id=\"wplp_box_bottom_1312_278\" class=\"wpcu-front-box bottom \" ><div class=\"wplp-box-item\"><span class=\"date\">5.10.2019<\/span><span class=\"text\"><span style=\"max-height:2.8em\" class=\"line_limit\">\u00c4\u00e4nen sointiin ja soiton ergonomisuuteen vaikuttavat monet asia, joista yksi on se, kuinka kieli painetaan otelautaa vasten.  Kun kieli painetaan otelautaan sormenp\u00e4\u00e4ll\u00e4, on k\u00e4den asento luonnollisesti auki, soundi kirkkaampi ja vire t\u00e4sm\u00e4llisempi. \n\n\n\nVideo\n\n\n\n\n\n\n\n\n\n\n\n\n\nKatso my\u00f6s:<\/span><span style=\"margin-left:3px; max-height:2.8em\" class=\"line_limit\"> [...]<\/span><\/span><span class=\"custom_fields\">\n<!-- WPLP Unknown field: Custom_Fields -->\n<\/span><\/div><\/div><\/div><\/div><div class=\"swiper-slide\" style=\"\"><div class=\"insideframe\"><div id=\"wplp_box_top_1312_265\" class=\"wpcu-front-box top equalHeightImg\" ><div class=\"wplp-box-item\"><a href=\"https:\/\/popjazz.fi\/PJKits\/basso\/basso-oppimistavoitevideot\/instrumentin-hallinta\/kielelta-toiselle-siirtyminen\/\"  class=\"thumbnail\"><span class=\"img_cropper\" style=\"width:150px;height:150px;margin-right:4px;margin-bottom:4px;max-width:100%;\"><img decoding=\"async\" src=\"https:\/\/popjazz.fi\/PJKits\/basso\/wp-content\/uploads\/sites\/4\/2020\/02\/bs_ic_material_product_icon_192pxxxhdpi-150x150.png\" style=\"position: absolute;top: 50%;margin-top: -75px;aspect-ratio:4\/3;\" srcset=\"\" alt=\"Kielelt\u00e4 toiselle siirtyminen\" class=\"wplp_thumb\" \/><\/span><\/a><a href=\"https:\/\/popjazz.fi\/PJKits\/basso\/basso-oppimistavoitevideot\/instrumentin-hallinta\/kielelta-toiselle-siirtyminen\/\"  class=\"title\">Kielelt\u00e4 toiselle siirtyminen<\/a><\/div><\/div><div id=\"wplp_box_left_1312_265\" class=\"wpcu-front-box left wpcu-custom-position\" ><div class=\"wplp-box-item\"><\/div><\/div><div id=\"wplp_box_right_1312_265\" class=\"wpcu-front-box right wpcu-custom-position\" ><div class=\"wplp-box-item\"><\/div><\/div><div id=\"wplp_box_bottom_1312_265\" class=\"wpcu-front-box bottom \" ><div class=\"wplp-box-item\"><span class=\"date\">5.10.2019<\/span><span class=\"text\"><span style=\"max-height:2.8em\" class=\"line_limit\">N\u00e4pp\u00e4\u00e4v\u00e4n k\u00e4den vuorosormitekniikalla soitettaessa kielelt\u00e4 toiselle siirtyminen vaatii hyv\u00e4\u00e4 molempien k\u00e4sien yhteisty\u00f6t\u00e4, eli koordinaatiota. N\u00e4pp\u00e4\u00e4v\u00e4n k\u00e4den asento tulisi s\u00e4ilytt\u00e4\u00e4 niin, ett\u00e4 sormen kosketus kieleen s\u00e4ilyisi mahdollisimman samana ja hallittuna riippumatta mit\u00e4 kielt\u00e4 n\u00e4pp\u00e4\u00e4 ja tarvittaessa koko k\u00e4sivarren liikkua mukana. K\u00e4den liikkeess\u00e4 tulee kuitekin s\u00e4ilytt\u00e4\u00e4 kontrolli basson bodyyn esim. tukemalla peukaloa koko ajan toisen mikrofonin p\u00e4\u00e4lle\n\n\n\nYksi hyv\u00e4 tapa harjoitella koordinaatiota ja kielelt\u00e4 toiselle siirtymist\u00e4 on tehd\u00e4 &#8221;vuorosormi -k\u00e4velyharjoituksia&#8221; kielelt\u00e4 toiselle. Harjoittelu on hyv\u00e4 tehd\u00e4 esim. metronomin avulla.\n\n\n\nVideo\n\n\n\n\n\n\n\n\n\n\n\n\n\nKatso my\u00f6s:<\/span><span style=\"margin-left:3px; max-height:2.8em\" class=\"line_limit\"> [...]<\/span><\/span><span class=\"custom_fields\">\n<!-- WPLP Unknown field: Custom_Fields -->\n<\/span><\/div><\/div><\/div><\/div><div class=\"swiper-slide\" style=\"\"><div class=\"insideframe\"><div id=\"wplp_box_top_1312_33\" class=\"wpcu-front-box top equalHeightImg\" ><div class=\"wplp-box-item\"><a href=\"https:\/\/popjazz.fi\/PJKits\/basso\/basso-oppimistavoitevideot\/instrumentin-hallinta\/soittoasento-seisten-istuen\/\"  class=\"thumbnail\"><span class=\"img_cropper\" style=\"width:150px;height:150px;margin-right:4px;margin-bottom:4px;max-width:100%;\"><img decoding=\"async\" src=\"https:\/\/popjazz.fi\/PJKits\/basso\/wp-content\/uploads\/sites\/4\/2020\/02\/bs_ic_material_product_icon_192pxxxhdpi-150x150.png\" style=\"position: absolute;top: 50%;margin-top: -75px;aspect-ratio:4\/3;\" srcset=\"\" alt=\"Soittoasento istuen\/seisten\" class=\"wplp_thumb\" \/><\/span><\/a><a href=\"https:\/\/popjazz.fi\/PJKits\/basso\/basso-oppimistavoitevideot\/instrumentin-hallinta\/soittoasento-seisten-istuen\/\"  class=\"title\">Soittoasento istuen\/seisten<\/a><\/div><\/div><div id=\"wplp_box_left_1312_33\" class=\"wpcu-front-box left wpcu-custom-position\" ><div class=\"wplp-box-item\"><\/div><\/div><div id=\"wplp_box_right_1312_33\" class=\"wpcu-front-box right wpcu-custom-position\" ><div class=\"wplp-box-item\"><\/div><\/div><div id=\"wplp_box_bottom_1312_33\" class=\"wpcu-front-box bottom \" ><div class=\"wplp-box-item\"><span class=\"date\">22.9.2019<\/span><span class=\"text\"><span style=\"max-height:2.8em\" class=\"line_limit\">Ergonominen soittoasento on t\u00e4rke\u00e4. Soittoasennon merkitys korostuu soiton mielekkyyden ja oppimisen helpottumisen lis\u00e4ksi my\u00f6s merkitt\u00e4v\u00e4sti pienemp\u00e4n\u00e4 riskin\u00e4 saada rasitusvammoja\n\n\n\nVideo\n\n\n\n\n\n\n\n\n\n\n\n\n\nKatso my\u00f6s:<\/span><span style=\"margin-left:3px; max-height:2.8em\" class=\"line_limit\"> [...]<\/span><\/span><span class=\"custom_fields\">\n<!-- WPLP Unknown field: Custom_Fields -->\n<\/span><\/div><\/div><\/div><\/div><\/div><div class=\"swiper-button-next\"><\/div><div class=\"swiper-button-prev\"><\/div><div class=\"swiper-pagination\"><\/div><\/div><\/div>\n\n\n<style><\/style><div class=\"wplp_outside wplp_widget_3370\" style=\"max-width:100%;\"><span class=\"wpcu_block_title\">Otekaden perussormitus OM<\/span><div id=\"wplp_widget_3370\" class=\"wplp_widget_default wplp_container vertical swiper wplp-swiper default cols3\" data-theme=\"default\" data-post=\"3370\" style=\"\" data-max-elts=\"2\" data-per-page=\"10\"><div class=\"wplp_listposts swiper-wrapper\" id=\"default_3370\" style=\"width: 100%;\" ><div class=\"swiper-slide\" style=\"\"><div class=\"insideframe\"><div id=\"wplp_box_top_3370_171\" class=\"wpcu-front-box top equalHeightImg\" ><div class=\"wplp-box-item\"><a href=\"https:\/\/popjazz.fi\/PJKits\/oppimateriaali-basso\/oppimateriaali\/e\/ensimmaisen-aseman-soitto\/\"  class=\"thumbnail\"><span class=\"img_cropper\" style=\"width:150px;height:150px;margin-right:4px;margin-bottom:4px;max-width:100%;\"><img decoding=\"async\" src=\"https:\/\/popjazz.fi\/PJKits\/basso\/wp-content\/uploads\/sites\/19\/2020\/05\/bs_ic_material_product_icon_192pxxxhdpi-150x150.png\" style=\"position: absolute;top: 50%;margin-top: -75px;aspect-ratio:4\/3;\" srcset=\"\" alt=\"Ensimm\u00e4isen aseman soitto\" class=\"wplp_thumb\" \/><\/span><\/a><a href=\"https:\/\/popjazz.fi\/PJKits\/oppimateriaali-basso\/oppimateriaali\/e\/ensimmaisen-aseman-soitto\/\"  class=\"title\">Ensimm\u00e4isen aseman soitto<\/a><\/div><\/div><div id=\"wplp_box_left_3370_171\" class=\"wpcu-front-box left wpcu-custom-position\" ><div class=\"wplp-box-item\"><\/div><\/div><div id=\"wplp_box_right_3370_171\" class=\"wpcu-front-box right wpcu-custom-position\" ><div class=\"wplp-box-item\"><\/div><\/div><div id=\"wplp_box_bottom_3370_171\" class=\"wpcu-front-box bottom \" ><div class=\"wplp-box-item\"><span class=\"date\">20.4.2021<\/span><span class=\"text\"><span style=\"max-height:2.8em\" class=\"line_limit\">Mik\u00e4li kappaleen tai esim. asteikon soittaminen tapahtuu k\u00e4ytt\u00e4en vain I &#8211; asemaa soitetaan \u00e4\u00e4ni\u00e4 ja \u00e4\u00e4nenkuljetuksia my\u00f6s vapaita kieli\u00e4 hyv\u00e4ksi k\u00e4ytt\u00e4en. T\u00e4ll\u00e4 on vaikutusta sormituksiin, sek\u00e4 my\u00f6s soundiin. Videolla esitell\u00e4\u00e4n I -aseman soitoa G -duuriasteikon kautta.\n\n\n\nVideo\n\n\n\n\n\n\n\n\n\nVideon esimerkki nuotein\n\n\n\nG  -duuri ensimm\u00e4isest\u00e4 asemasta\n\n\n\nKatso my\u00f6s:<\/span><span style=\"margin-left:3px; max-height:2.8em\" class=\"line_limit\"> [...]<\/span><\/span><span class=\"custom_fields\">\n<!-- WPLP Unknown field: Custom_Fields -->\n<\/span><\/div><\/div><\/div><\/div><div class=\"swiper-slide\" style=\"\"><div class=\"insideframe\"><div id=\"wplp_box_top_3370_190\" class=\"wpcu-front-box top equalHeightImg\" ><div class=\"wplp-box-item\"><a href=\"https:\/\/popjazz.fi\/PJKits\/oppimateriaali-basso\/oppimateriaali\/s\/soundi\/\"  class=\"thumbnail\"><span class=\"img_cropper\" style=\"width:150px;height:150px;margin-right:4px;margin-bottom:4px;max-width:100%;\"><img decoding=\"async\" src=\"https:\/\/popjazz.fi\/PJKits\/basso\/wp-content\/uploads\/sites\/19\/2020\/05\/bs_ic_material_product_icon_192pxxxhdpi-150x150.png\" style=\"position: absolute;top: 50%;margin-top: -75px;aspect-ratio:4\/3;\" srcset=\"\" alt=\"Soundi\" class=\"wplp_thumb\" \/><\/span><\/a><a href=\"https:\/\/popjazz.fi\/PJKits\/oppimateriaali-basso\/oppimateriaali\/s\/soundi\/\"  class=\"title\">Soundi<\/a><\/div><\/div><div id=\"wplp_box_left_3370_190\" class=\"wpcu-front-box left wpcu-custom-position\" ><div class=\"wplp-box-item\"><\/div><\/div><div id=\"wplp_box_right_3370_190\" class=\"wpcu-front-box right wpcu-custom-position\" ><div class=\"wplp-box-item\"><\/div><\/div><div id=\"wplp_box_bottom_3370_190\" class=\"wpcu-front-box bottom \" ><div class=\"wplp-box-item\"><span class=\"date\">20.4.2021<\/span><span class=\"text\"><span style=\"max-height:2.8em\" class=\"line_limit\">Mik\u00e4 on hyv\u00e4 soundi ja miten sellainen tehd\u00e4\u00e4n? Onko olemassa yht\u00e4 hyv\u00e4\u00e4 soundia vai puhutaanko vain makuasioista. \n\n\n\nVideolla tarkastellaan hyv\u00e4n soundin salaisuuksia ja tekniikoita sen ymp\u00e4rill\u00e4.\n\n\n\n\n\n\n\n\n\nKatso my\u00f6s:<\/span><span style=\"margin-left:3px; max-height:2.8em\" class=\"line_limit\"> [...]<\/span><\/span><span class=\"custom_fields\">\n<!-- WPLP Unknown field: Custom_Fields -->\n<\/span><\/div><\/div><\/div><\/div><\/div><div class=\"swiper-button-next\"><\/div><div class=\"swiper-button-prev\"><\/div><div class=\"swiper-pagination\"><\/div><\/div><\/div>\n","protected":false},"excerpt":{"rendered":"<p>S\u00e4hk\u00f6basson kaula on jaettu nauhoilla eri s\u00e4veliin. Haluttu s\u00e4vele soitetaan painamalla kielt\u00e4 otelautaa vasten n\u00e4iden nauhojen v\u00e4leist\u00e4. Kielen painamista voidaan helpottaa painamalla kielt\u00e4 mahdollisimman l\u00e4helt\u00e4 nauhaa. Lis\u00e4ksi otetta tuetaan painamalla peukalolla kaulan vastakkaiselta puolelta. Video Katso my\u00f6s:<\/p>\n","protected":false},"author":1,"featured_media":1282,"parent":29,"menu_order":4,"comment_status":"closed","ping_status":"closed","template":"","meta":{"footnotes":""},"tags":[9,10,19],"class_list":["post-31","page","type-page","status-publish","has-post-thumbnail","hentry","tag-ergonomia","tag-tekniikka","tag-aanenmuodostus"],"_links":{"self":[{"href":"https:\/\/popjazz.fi\/PJKits\/basso\/wp-json\/wp\/v2\/pages\/31","targetHints":{"allow":["GET"]}}],"collection":[{"href":"https:\/\/popjazz.fi\/PJKits\/basso\/wp-json\/wp\/v2\/pages"}],"about":[{"href":"https:\/\/popjazz.fi\/PJKits\/basso\/wp-json\/wp\/v2\/types\/page"}],"author":[{"embeddable":true,"href":"https:\/\/popjazz.fi\/PJKits\/basso\/wp-json\/wp\/v2\/users\/1"}],"replies":[{"embeddable":true,"href":"https:\/\/popjazz.fi\/PJKits\/basso\/wp-json\/wp\/v2\/comments?post=31"}],"version-history":[{"count":50,"href":"https:\/\/popjazz.fi\/PJKits\/basso\/wp-json\/wp\/v2\/pages\/31\/revisions"}],"predecessor-version":[{"id":3371,"href":"https:\/\/popjazz.fi\/PJKits\/basso\/wp-json\/wp\/v2\/pages\/31\/revisions\/3371"}],"up":[{"embeddable":true,"href":"https:\/\/popjazz.fi\/PJKits\/basso\/wp-json\/wp\/v2\/pages\/29"}],"wp:featuredmedia":[{"embeddable":true,"href":"https:\/\/popjazz.fi\/PJKits\/basso\/wp-json\/wp\/v2\/media\/1282"}],"wp:attachment":[{"href":"https:\/\/popjazz.fi\/PJKits\/basso\/wp-json\/wp\/v2\/media?parent=31"}],"wp:term":[{"taxonomy":"post_tag","embeddable":true,"href":"https:\/\/popjazz.fi\/PJKits\/basso\/wp-json\/wp\/v2\/tags?post=31"}],"curies":[{"name":"wp","href":"https:\/\/api.w.org\/{rel}","templated":true}]}}