{"id":313,"date":"2019-10-05T21:19:51","date_gmt":"2019-10-05T18:19:51","guid":{"rendered":"https:\/\/popjazz.fi\/PJKits\/basso\/?page_id=313"},"modified":"2021-04-14T10:07:12","modified_gmt":"2021-04-14T07:07:12","slug":"harmoninen-molli","status":"publish","type":"page","link":"https:\/\/popjazz.fi\/PJKits\/basso\/basso-oppimistavoitevideot\/harmonia\/harmoninen-molli\/","title":{"rendered":"Harmoninen molli"},"content":{"rendered":"\n<p>Harmoninen molli eroaa luonnollisesta mollista sen seitsem\u00e4nnen s\u00e4velen kohdalla, joka on korotettu suhteessa luonnolliseen molliin. <\/p>\n\n\n\n<p>Esimerkiksi A -harmonisen mollin s\u00e4velet ovat a, b, c, d, e, f ja g#<\/p>\n\n\n\n<figure class=\"wp-block-image size-large\"><img loading=\"lazy\" decoding=\"async\" width=\"1024\" height=\"122\" src=\"https:\/\/popjazz.fi\/PJKits\/basso\/wp-content\/uploads\/sites\/4\/2021\/03\/a-harmoninenmolli-1024x122.png\" alt=\"\" class=\"wp-image-2892\" srcset=\"https:\/\/popjazz.fi\/PJKits\/basso\/wp-content\/uploads\/sites\/4\/2021\/03\/a-harmoninenmolli-1024x122.png 1024w, https:\/\/popjazz.fi\/PJKits\/basso\/wp-content\/uploads\/sites\/4\/2021\/03\/a-harmoninenmolli-300x36.png 300w, https:\/\/popjazz.fi\/PJKits\/basso\/wp-content\/uploads\/sites\/4\/2021\/03\/a-harmoninenmolli-150x18.png 150w, https:\/\/popjazz.fi\/PJKits\/basso\/wp-content\/uploads\/sites\/4\/2021\/03\/a-harmoninenmolli-768x92.png 768w, https:\/\/popjazz.fi\/PJKits\/basso\/wp-content\/uploads\/sites\/4\/2021\/03\/a-harmoninenmolli-1536x183.png 1536w, https:\/\/popjazz.fi\/PJKits\/basso\/wp-content\/uploads\/sites\/4\/2021\/03\/a-harmoninenmolli-2048x244.png 2048w, https:\/\/popjazz.fi\/PJKits\/basso\/wp-content\/uploads\/sites\/4\/2021\/03\/a-harmoninenmolli-1200x143.png 1200w\" sizes=\"auto, (max-width: 709px) 85vw, (max-width: 909px) 67vw, (max-width: 1362px) 62vw, 840px\" \/><\/figure>\n\n\n\n<p><\/p>\n\n\n\n<p>Koska jokaisen harmonisen molliasteikon s\u00e4velten v\u00e4liset intervallit ovat identtiset, asteikoille kannattaa opetella yksi sormitus, joka toistuu kaikissa luonnollisissa molliasteikoissa samanlaisena. N\u00e4in asteikon voi toistaa k\u00e4ytt\u00e4m\u00e4ll\u00e4 samaa sormitusta vain vaihtamalla asemaa kaulalla. <\/p>\n\n\n\n<p>Jos A -harmoninen molliasteikko soitetaan 1. asemasta, t\u00e4ll\u00f6in etusormi on 1. nauhavalill\u00e4, keskisormi 2. nauhav\u00e4lill\u00e4 jne ja ensimm\u00e4inen a -s\u00e4vel soitetaan vapaalta a -kielelt\u00e4.<\/p>\n\n\n\n<h4 class=\"wp-block-heading\">Video<\/h4>\n\n\n\n<figure class=\"wp-block-embed-vimeo wp-block-embed is-type-video is-provider-vimeo wp-embed-aspect-16-9 wp-has-aspect-ratio\"><div class=\"wp-block-embed__wrapper\">\n<iframe loading=\"lazy\" src=\"https:\/\/player.vimeo.com\/video\/444851106?dnt=1&amp;app_id=122963\" width=\"840\" height=\"473\" frameborder=\"0\" allow=\"autoplay; fullscreen; picture-in-picture\" allowfullscreen><\/iframe>\n<\/div><\/figure>\n\n\n\n<hr class=\"wp-block-separator\"\/>\n\n\n\n<p class=\"has-medium-font-size\">Katso my\u00f6s:<\/p>\n\n\n<style><\/style><div class=\"wplp_outside wplp_widget_1355\" style=\"max-width:100%;\"><span class=\"wpcu_block_title\">Harmoninen molli<\/span><div id=\"wplp_widget_1355\" class=\"wplp_widget_default wplp_container vertical swiper wplp-swiper default cols3\" data-theme=\"default\" data-post=\"1355\" style=\"\" data-max-elts=\"6\" data-per-page=\"10\"><div class=\"wplp_listposts swiper-wrapper\" id=\"default_1355\" style=\"width: 100%;\" ><div class=\"swiper-slide\" style=\"\"><div class=\"insideframe\"><div id=\"wplp_box_top_1355_934\" class=\"wpcu-front-box top equalHeightImg\" ><div class=\"wplp-box-item\"><a href=\"https:\/\/popjazz.fi\/PJKits\/basso\/basso-oppimistavoitevideot\/harmonia\/harmoninen-duuri-ja-sen-v-ja-iii-moodi-vahintaan-kaksi-oktaavia\/\"  class=\"thumbnail\"><span class=\"img_cropper\" style=\"width:150px;height:150px;margin-right:4px;margin-bottom:4px;max-width:100%;\"><img decoding=\"async\" src=\"https:\/\/popjazz.fi\/PJKits\/basso\/wp-content\/uploads\/sites\/4\/2020\/02\/bs_ic_material_product_icon_192pxxxhdpi-150x150.png\" style=\"position: absolute;top: 50%;margin-top: -75px;aspect-ratio:4\/3;\" srcset=\"\" alt=\"Harmoninen duuri ja sen V- ja III-moodi v\u00e4hint\u00e4\u00e4n kaksi oktaavia\" class=\"wplp_thumb\" \/><\/span><\/a><a href=\"https:\/\/popjazz.fi\/PJKits\/basso\/basso-oppimistavoitevideot\/harmonia\/harmoninen-duuri-ja-sen-v-ja-iii-moodi-vahintaan-kaksi-oktaavia\/\"  class=\"title\">Harmoninen duuri ja sen V- ja III-moodi v\u00e4hint\u00e4\u00e4n kaksi oktaavia<\/a><\/div><\/div><div id=\"wplp_box_left_1355_934\" class=\"wpcu-front-box left wpcu-custom-position\" ><div class=\"wplp-box-item\"><\/div><\/div><div id=\"wplp_box_right_1355_934\" class=\"wpcu-front-box right wpcu-custom-position\" ><div class=\"wplp-box-item\"><\/div><\/div><div id=\"wplp_box_bottom_1355_934\" class=\"wpcu-front-box bottom \" ><div class=\"wplp-box-item\"><span class=\"date\">20.1.2020<\/span><span class=\"text\"><span style=\"max-height:2.8em\" class=\"line_limit\">Harmoninen duuri (engl. harmonic major) on intervallirakenteeltaan kuten duuri, jonka kuudes s\u00e4vel on alennettu.\n\n\n\nHarmonisen duurin intervallirakenne on siis 1, 2, 3, 4, 5, b6 ja 7.\n\n\n\nS\u00e4velest\u00e4 C alkava harmoninen duuri on nimelt\u00e4\u00e4n C-harmoninen duuri.\n\n\n\n\n\n\n\nHarmoniselle duurille l\u00e4heisin nelisointu on perusduurisointu Cmaj7.\n\n\n\nHarmoninen duuri sis\u00e4lt\u00e4\u00e4 maj7-soinnun lis\u00e4s\u00e4velen 9:n. Sointumerkki t\u00e4lle soinnulle lis\u00e4s\u00e4velineen on Cmaj9.\n\n\n\nHarmonisen duurin s\u00e4vel 4 ja b6 eiv\u00e4t ole perusduurisoinnun s\u00e4veli\u00e4 eiv\u00e4tk\u00e4&nbsp; sen lis\u00e4s\u00e4veli\u00e4. N\u00e4it\u00e4 s\u00e4veli\u00e4 kannattaa melodiankirjoituksessa ja improvisoinnissa v\u00e4ltt\u00e4\u00e4 pitkin\u00e4 iskullisina s\u00e4velin\u00e4.\n\n\n\n\n\n\n\nHarmonisen duurin III moodi on duuris\u00e4vyinen moodi.\n\n\n\nHarmonisen duurin III moodin intervallirakenne on 1, b2, #2 3, 5, b6 ja b7.\n\n\n\nS\u00e4velest\u00e4 C alkava harmonisen duurin kolmas moodi on nimelt\u00e4\u00e4n C-harmonisen duurin III moodi.\n\n\n\n\n\n\n\nC-harmonisen duurin kolmannelle moodille l\u00e4heisin nelisointu on dominanttiseptimisointu, C7.\n\n\n\nHarmonisen duurin kolmas moodi sis\u00e4lt\u00e4\u00e4 dominanttiseptimisoinnun lis\u00e4s\u00e4velet b9:n #9. Reaalisointumerkint\u00e4 t\u00e4lle soinnulle lis\u00e4s\u00e4velineen on C7b9 tai C7#9.\n\n\n\nHarmonisen duurin kolmannen moodin s\u00e4vel b6 ei ole nelisoinnun s\u00e4vel eik\u00e4 sen lis\u00e4s\u00e4vel. T\u00e4t\u00e4 s\u00e4velt\u00e4 kannattaa melodiankirjoituksessa ja improvisoinnissa v\u00e4ltt\u00e4\u00e4 pitk\u00e4n\u00e4 iskullisisena s\u00e4velen\u00e4.\n\n\n\n\n\n\n\nHarmonisen duurin 5.moodin intervallirakenne on 1, b2, 3, 4, 5, 6 ja b7.\n\n\n\nS\u00e4velest\u00e4 C alkava harmonisen duurin viides moodi on nimelt\u00e4\u00e4n C-harmonisen duurin 5.moodi.\n\n\n\n\n\n\n\n\n\n\n\nC-harmonisen duurin viidennelle moodille l\u00e4heisin nelisointu on dominanttiseptimisointu, C7.\n\n\n\nHarmonisen duurin viidennen moodin s\u00e4vel 4 ei ole nelisoinnun s\u00e4vel eik\u00e4 sen lis\u00e4s\u00e4vel. T\u00e4t\u00e4 s\u00e4velt\u00e4 kannattaa melodiankirjoituksessa ja improvisoinnissa v\u00e4ltt\u00e4\u00e4 pitk\u00e4n\u00e4 iskullisisena s\u00e4velen\u00e4.\n\n\n\n\n\n\n\nKatso my\u00f6s:<\/span><span style=\"margin-left:3px; max-height:2.8em\" class=\"line_limit\"> [...]<\/span><\/span><span class=\"custom_fields\">\n<!-- WPLP Unknown field: Custom_Fields -->\n<\/span><\/div><\/div><\/div><\/div><div class=\"swiper-slide\" style=\"\"><div class=\"insideframe\"><div id=\"wplp_box_top_1355_918\" class=\"wpcu-front-box top equalHeightImg\" ><div class=\"wplp-box-item\"><a href=\"https:\/\/popjazz.fi\/PJKits\/basso\/basso-oppimistavoitevideot\/harmonia\/harmonisen-mollin-v-asteen-moodi-vahintaan-kaksi-oktaavia\/\"  class=\"thumbnail\"><span class=\"img_cropper\" style=\"width:150px;height:150px;margin-right:4px;margin-bottom:4px;max-width:100%;\"><img decoding=\"async\" src=\"https:\/\/popjazz.fi\/PJKits\/basso\/wp-content\/uploads\/sites\/4\/2020\/02\/bs_ic_material_product_icon_192pxxxhdpi-150x150.png\" style=\"position: absolute;top: 50%;margin-top: -75px;aspect-ratio:4\/3;\" srcset=\"\" alt=\"Harmonisen mollin V-asteen moodi v\u00e4hint\u00e4\u00e4n kaksi oktaavia\" class=\"wplp_thumb\" \/><\/span><\/a><a href=\"https:\/\/popjazz.fi\/PJKits\/basso\/basso-oppimistavoitevideot\/harmonia\/harmonisen-mollin-v-asteen-moodi-vahintaan-kaksi-oktaavia\/\"  class=\"title\">Harmonisen mollin V-asteen moodi v\u00e4hint\u00e4\u00e4n kaksi oktaavia<\/a><\/div><\/div><div id=\"wplp_box_left_1355_918\" class=\"wpcu-front-box left wpcu-custom-position\" ><div class=\"wplp-box-item\"><\/div><\/div><div id=\"wplp_box_right_1355_918\" class=\"wpcu-front-box right wpcu-custom-position\" ><div class=\"wplp-box-item\"><\/div><\/div><div id=\"wplp_box_bottom_1355_918\" class=\"wpcu-front-box bottom \" ><div class=\"wplp-box-item\"><span class=\"date\">20.1.2020<\/span><span class=\"text\"><span style=\"max-height:2.8em\" class=\"line_limit\">Harmonisen mollin V-moodi on duuris\u00e4vyinen moodi ja intervallirakenteeltaan kuten duuri, jonka 2,6 ja 7 s\u00e4vel on alennettu. Harmonisen mollin V moodia kutsutaan my\u00f6s nimell\u00e4 mixb2b6, joka ilmaisee, miten asteikko poikkeaa duurin V asteen moodista miksolyydisest\u00e4, sek\u00e4 nimell\u00e4 phrygian dominant, joka ilmaisee, ett\u00e4 kyseess\u00e4 on dominanttiseptimisointua ilment\u00e4v\u00e4 asteikko, jonka karakteeris\u00e4velet ovat samat kuin fryygisess\u00e4 asteikossa, eli alennettu toinen ja alennettu kuudes s\u00e4vel.\n\n\n\nHarmonisen mollin V moodin intervallirakenne on 1,b2,3,4,5,b6 ja b7.\n\n\n\nS\u00e4velest\u00e4 G alkava harmonisen mollin V moodi on nimelt\u00e4\u00e4n G-harmonisen mollin V moodi.\n\n\n\n\n\n\n\nG-harmonisen mollin V-moodille l\u00e4heisin nelisointu on dominanttiseptimisointu, G7.\n\n\n\nHarmonisen mollin V-moodi sis\u00e4lt\u00e4\u00e4 dominanttiseptimisoinnun lis\u00e4s\u00e4velen b9. Reaalisointumerkint\u00e4 t\u00e4lle soinnulle lis\u00e4s\u00e4velineen on G7suluissa b9\n\n\n\nSoittamiseen yli oktaavin alueella on sorimituksellisesti monta vaihtoehtoa ja kulloiseenkin tilanteeseen soveltuva tapa riippuu mm. toivotusta soundista ja kappaleen temposta.\n\n\n\nYksi tapa harjoitella asteikoita on toistaa valittu sormitus okataavia ylemp\u00e4\u00e4. T\u00e4ll\u00f6in &#8221;toiseen oktaaviin&#8221; hyp\u00e4t\u00e4\u00e4n kun ensimm\u00e4isen oktaavin V, eli kvintti-\u00e4\u00e4ni on soitettu. T\u00e4ll\u00f6in kvinti\u00e4\u00e4ni soitetaan pikkusormella, jonka j\u00e4lkeen otelautak\u00e4si siirtyy samalla kielell\u00e4 ylemm\u00e4ksi, asteikon kuudes s\u00e4vel soitetaan etusormella ja seits\u00e4m\u00e4s nimett\u00f6m\u00e4ll\u00e4, jonka j\u00e4lkeen siirryt\u00e4\u00e4n oktaaviasemaan j\u00e4lleen etusormella ja ensimm\u00e4isen oktaavin sormitus toistetaan toisessa oktaavissa.\n\n\n\nVideo\n\n\n\n\n\nHarmonisen mollin V-moodi\n\n\n\n\n\n\n\nKatso my\u00f6s:<\/span><span style=\"margin-left:3px; max-height:2.8em\" class=\"line_limit\"> [...]<\/span><\/span><span class=\"custom_fields\">\n<!-- WPLP Unknown field: Custom_Fields -->\n<\/span><\/div><\/div><\/div><\/div><div class=\"swiper-slide\" style=\"\"><div class=\"insideframe\"><div id=\"wplp_box_top_1355_910\" class=\"wpcu-front-box top equalHeightImg\" ><div class=\"wplp-box-item\"><a href=\"https:\/\/popjazz.fi\/PJKits\/basso\/basso-oppimistavoitevideot\/harmonia\/harmonisen-molliasteikon-kaikki-sointuasteet-nelisoinnuin\/\"  class=\"thumbnail\"><span class=\"img_cropper\" style=\"width:150px;height:150px;margin-right:4px;margin-bottom:4px;max-width:100%;\"><img decoding=\"async\" src=\"https:\/\/popjazz.fi\/PJKits\/basso\/wp-content\/uploads\/sites\/4\/2020\/02\/bs_ic_material_product_icon_192pxxxhdpi-150x150.png\" style=\"position: absolute;top: 50%;margin-top: -75px;aspect-ratio:4\/3;\" srcset=\"\" alt=\"Harmonisen molliasteikon kaikki sointuasteet nelisoinnuin\" class=\"wplp_thumb\" \/><\/span><\/a><a href=\"https:\/\/popjazz.fi\/PJKits\/basso\/basso-oppimistavoitevideot\/harmonia\/harmonisen-molliasteikon-kaikki-sointuasteet-nelisoinnuin\/\"  class=\"title\">Harmonisen molliasteikon kaikki sointuasteet nelisoinnuin<\/a><\/div><\/div><div id=\"wplp_box_left_1355_910\" class=\"wpcu-front-box left wpcu-custom-position\" ><div class=\"wplp-box-item\"><\/div><\/div><div id=\"wplp_box_right_1355_910\" class=\"wpcu-front-box right wpcu-custom-position\" ><div class=\"wplp-box-item\"><\/div><\/div><div id=\"wplp_box_bottom_1355_910\" class=\"wpcu-front-box bottom \" ><div class=\"wplp-box-item\"><span class=\"date\">20.1.2020<\/span><span class=\"text\"><span style=\"max-height:2.8em\" class=\"line_limit\">Harmonisen molliasteikon sointuasteet tarkoittavat molliasteikon eri s\u00e4velilt\u00e4 soitettavia sointuja. Esimerkiss\u00e4 A-harmonisessa mollissa A s\u00e4vel on 1. aste, B s\u00e4vel on 2. aste, C s\u00e4vel on 3. aste jne.Nelisointu muodostuu samalla tavoin kuin kolmisointu, johon lis\u00e4t\u00e4\u00e4n my\u00f6s soinnun 4. s\u00e4vel, eli kyseisen asteikon 7. s\u00e4vel. Nelisoinnussa soivat siis asteikon 1. 3. 5. ja 7. s\u00e4vel. Soinnun laadun m\u00e4\u00e4rittelee soinnun 3. (duuri tai molli) sek\u00e4 7. (dominantti vai toonika). Harmonisessa mollissa 1. asteen laatu on mmaj7\n\n\n\nJokaiselta sointuasteelta voidaan my\u00f6s muodostaa oma asteikko k\u00e4ytt\u00e4en pohjana olevan harmonisen molliasteikon s\u00e4veli\u00e4 aloittaen ko. molliasteikon eri asteilta. Kun muodostuneista asteikoista soitetaan joka toinen s\u00e4vel, syntyy ko. sointuasteen sointu. Esimerkkin\u00e4 A -harmonisen molliasteikon sointuasteet.\n\n\n\n\n\n\n\nVideo\n\n\n\n\n\n\n\n\n\n\n\n\n\nKatso my\u00f6s:<\/span><span style=\"margin-left:3px; max-height:2.8em\" class=\"line_limit\"> [...]<\/span><\/span><span class=\"custom_fields\">\n<!-- WPLP Unknown field: Custom_Fields -->\n<\/span><\/div><\/div><\/div><\/div><div class=\"swiper-slide\" style=\"\"><div class=\"insideframe\"><div id=\"wplp_box_top_1355_329\" class=\"wpcu-front-box top equalHeightImg\" ><div class=\"wplp-box-item\"><a href=\"https:\/\/popjazz.fi\/PJKits\/basso\/basso-oppimistavoitevideot\/harmonia\/harmonisen-mollin-sointuasteet-kolmisoinnuin\/\"  class=\"thumbnail\"><span class=\"img_cropper\" style=\"width:150px;height:150px;margin-right:4px;margin-bottom:4px;max-width:100%;\"><img decoding=\"async\" src=\"https:\/\/popjazz.fi\/PJKits\/basso\/wp-content\/uploads\/sites\/4\/2020\/02\/bs_ic_material_product_icon_192pxxxhdpi-150x150.png\" style=\"position: absolute;top: 50%;margin-top: -75px;aspect-ratio:4\/3;\" srcset=\"\" alt=\"Harmonisen mollin sointuasteet kolmisoinnuin\" class=\"wplp_thumb\" \/><\/span><\/a><a href=\"https:\/\/popjazz.fi\/PJKits\/basso\/basso-oppimistavoitevideot\/harmonia\/harmonisen-mollin-sointuasteet-kolmisoinnuin\/\"  class=\"title\">Harmonisen mollin sointuasteet kolmisoinnuin<\/a><\/div><\/div><div id=\"wplp_box_left_1355_329\" class=\"wpcu-front-box left wpcu-custom-position\" ><div class=\"wplp-box-item\"><\/div><\/div><div id=\"wplp_box_right_1355_329\" class=\"wpcu-front-box right wpcu-custom-position\" ><div class=\"wplp-box-item\"><\/div><\/div><div id=\"wplp_box_bottom_1355_329\" class=\"wpcu-front-box bottom \" ><div class=\"wplp-box-item\"><span class=\"date\">5.10.2019<\/span><span class=\"text\"><span style=\"max-height:2.8em\" class=\"line_limit\">Kolmisoinnut muodostuvat soittamalla asteikosta kolme s\u00e4velt\u00e4 k\u00e4ytt\u00e4en asteikon joka toista s\u00e4velt\u00e4. Kolmisointu voidaan muodostaa my\u00f6s jokaiselle asteikon s\u00e4velasteelle erikseen. T\u00e4ll\u00f6in asteikon ensimm\u00e4inen, kolmas ja viides s\u00e4vel muodostavat asteikon toonikakolmisoinnun. Asteikon toiselle asteelle muodostuva kolmisointu sis\u00e4lt\u00e4\u00e4 taas kyseisen asteikon toisen, nelj\u00e4nnen ja kuudennen s\u00e4velen, ja niin edelleen. T\u00e4ll\u00e4 tavoin saadaan jokaiselle asteelle oma kolmisointunsa, jonka sointutyyppi m\u00e4\u00e4r\u00e4ytyy asteikon mukaan.\n\n\n\nHamonisen mollin sointuasteen A -kielelt\u00e4 sormitettuna\n\n\n\n\n\n\n\nHamonisen mollin sointuasteen A ja D -kielelt\u00e4 sormitettuna\n\n\n\n\n\n\n\nVideo\n\n\n\n\n\n\n\n\n\n\n\n\n\nKatso my\u00f6s:<\/span><span style=\"margin-left:3px; max-height:2.8em\" class=\"line_limit\"> [...]<\/span><\/span><span class=\"custom_fields\">\n<!-- WPLP Unknown field: Custom_Fields -->\n<\/span><\/div><\/div><\/div><\/div><div class=\"swiper-slide\" style=\"\"><div class=\"insideframe\"><div id=\"wplp_box_top_1355_319\" class=\"wpcu-front-box top equalHeightImg\" ><div class=\"wplp-box-item\"><a href=\"https:\/\/popjazz.fi\/PJKits\/basso\/basso-oppimistavoitevideot\/harmonia\/harmonisen-mollin-i-iv-v-asteiden-kolmisoinnut-perusmuodossaan\/\"  class=\"thumbnail\"><span class=\"img_cropper\" style=\"width:150px;height:150px;margin-right:4px;margin-bottom:4px;max-width:100%;\"><img decoding=\"async\" src=\"https:\/\/popjazz.fi\/PJKits\/basso\/wp-content\/uploads\/sites\/4\/2020\/02\/bs_ic_material_product_icon_192pxxxhdpi-150x150.png\" style=\"position: absolute;top: 50%;margin-top: -75px;aspect-ratio:4\/3;\" srcset=\"\" alt=\"Harmonisen mollin   I\u2013IV\u2013V asteiden kolmisoinnut perusmuodossaan\" class=\"wplp_thumb\" \/><\/span><\/a><a href=\"https:\/\/popjazz.fi\/PJKits\/basso\/basso-oppimistavoitevideot\/harmonia\/harmonisen-mollin-i-iv-v-asteiden-kolmisoinnut-perusmuodossaan\/\"  class=\"title\">Harmonisen mollin   I\u2013IV\u2013V asteiden kolmisoinnut perusmuodossaan<\/a><\/div><\/div><div id=\"wplp_box_left_1355_319\" class=\"wpcu-front-box left wpcu-custom-position\" ><div class=\"wplp-box-item\"><\/div><\/div><div id=\"wplp_box_right_1355_319\" class=\"wpcu-front-box right wpcu-custom-position\" ><div class=\"wplp-box-item\"><\/div><\/div><div id=\"wplp_box_bottom_1355_319\" class=\"wpcu-front-box bottom \" ><div class=\"wplp-box-item\"><span class=\"date\">5.10.2019<\/span><span class=\"text\"><span style=\"max-height:2.8em\" class=\"line_limit\">Harmoninen molli eroaa luonnollisesta mollista sen seitsem\u00e4nnell\u00e4 s\u00e4velell\u00e4, joka harmonisessa mollissa soitetaan korotettuna. Harmonisen mollin seitsem\u00e4s s\u00e4vel on johtos\u00e4vel, joka aiheuttaa vahvan j\u00e4nnitteen kohti s\u00e4vellajin peruss\u00e4velt\u00e4. \n\n\n\nSoittamalla harmonisesta mollista ensimm\u00e4inen, kolmas ja viides s\u00e4vel, muodostuu kyseisen asteikon ensimm\u00e4isen asteen mollikolmisointu, eli toonika. \n\n\n\nToistamalla sama kuvio molliasteikon nelj\u00e4nnest\u00e4 ja viidennest\u00e4 s\u00e4velest\u00e4 alkaen, saadaan kyseisen asteikon nelj\u00e4nnen ja viidennen asteen kolmisoinnut, eli subdominantti- ja dominanttikolmisoinnut, joista nelj\u00e4s aste on molli ja viides on duuri.\n\n\n\n\n\n\n\nVideo\n\n\n\n\n\t\n\n\n\n\n\n\n\n\nKatso my\u00f6s:<\/span><span style=\"margin-left:3px; max-height:2.8em\" class=\"line_limit\"> [...]<\/span><\/span><span class=\"custom_fields\">\n<!-- WPLP Unknown field: Custom_Fields -->\n<\/span><\/div><\/div><\/div><\/div><div class=\"swiper-slide\" style=\"\"><div class=\"insideframe\"><div id=\"wplp_box_top_1355_885\" class=\"wpcu-front-box top equalHeightImg\" ><div class=\"wplp-box-item\"><a href=\"https:\/\/popjazz.fi\/PJKits\/basso\/basso-oppimistavoitevideot\/harmonia\/harmonisen-mollin-v-asteen-moodi-1-oktaavi\/\"  class=\"thumbnail\"><span class=\"img_cropper\" style=\"width:150px;height:150px;margin-right:4px;margin-bottom:4px;max-width:100%;\"><img decoding=\"async\" src=\"https:\/\/popjazz.fi\/PJKits\/basso\/wp-content\/uploads\/sites\/4\/2020\/02\/bs_ic_material_product_icon_192pxxxhdpi-150x150.png\" style=\"position: absolute;top: 50%;margin-top: -75px;aspect-ratio:4\/3;\" srcset=\"\" alt=\"Harmonisen mollin V- asteen moodi, 1 oktaavi\" class=\"wplp_thumb\" \/><\/span><\/a><a href=\"https:\/\/popjazz.fi\/PJKits\/basso\/basso-oppimistavoitevideot\/harmonia\/harmonisen-mollin-v-asteen-moodi-1-oktaavi\/\"  class=\"title\">Harmonisen mollin V- asteen moodi, 1 oktaavi<\/a><\/div><\/div><div id=\"wplp_box_left_1355_885\" class=\"wpcu-front-box left wpcu-custom-position\" ><div class=\"wplp-box-item\"><\/div><\/div><div id=\"wplp_box_right_1355_885\" class=\"wpcu-front-box right wpcu-custom-position\" ><div class=\"wplp-box-item\"><\/div><\/div><div id=\"wplp_box_bottom_1355_885\" class=\"wpcu-front-box bottom \" ><div class=\"wplp-box-item\"><span class=\"date\">20.1.2020<\/span><span class=\"text\"><span style=\"max-height:2.8em\" class=\"line_limit\">Harmonisen mollin V-moodi on duuris\u00e4vyinen moodi ja intervallirakenteeltaan kuten duuri, jonka 2,6 ja 7 s\u00e4vel on alennettu.Harmonisen mollin V moodin intervallirakenne on siis 1,b2,3,4,5,b6 ja b7.&nbsp;Harmonisen mollin V moodia kutsutaan my\u00f6s nimell\u00e4 mixb2b6, joka ilmaisee, miten asteikko poikkeaa duurin V asteen moodista miksolyydisest\u00e4, sek\u00e4 nimell\u00e4 phrygian dominant, joka ilmaisee, ett\u00e4 kyseess\u00e4 on dominanttiseptimisointua ilment\u00e4v\u00e4 asteikko, jonka karakteeris\u00e4velet ovat samat kuin fryygisess\u00e4 asteikossa, eli alennettu toinen ja alennettu kuudes s\u00e4vel.\n\n\n\n\n\n\n\n\n\n\n\nS\u00e4velest\u00e4 G alkava harmonisen mollin V moodi on nimelt\u00e4\u00e4n G-harmonisen mollin V moodi.\n\n\n\nG-harmonisen mollin V-moodille l\u00e4heisin nelisointu on dominanttiseptimisointu, G7.Harmonisen mollin V-moodi sis\u00e4lt\u00e4\u00e4 dominanttiseptimisoinnun lis\u00e4s\u00e4velen b9. Reaalisointumerkint\u00e4 t\u00e4lle soinnulle lis\u00e4s\u00e4velineen on G7suluissa b9.\n\n\n\nVideo\n\n\n\n\n\n\n\n\n\n\n\n\n\nKatso my\u00f6s:<\/span><span style=\"margin-left:3px; max-height:2.8em\" class=\"line_limit\"> [...]<\/span><\/span><span class=\"custom_fields\">\n<!-- WPLP Unknown field: Custom_Fields -->\n<\/span><\/div><\/div><\/div><\/div><\/div><div class=\"swiper-button-next\"><\/div><div class=\"swiper-button-prev\"><\/div><div class=\"swiper-pagination\"><\/div><\/div><\/div>\n","protected":false},"excerpt":{"rendered":"<p>Harmoninen molli eroaa luonnollisesta mollista sen seitsem\u00e4nnen s\u00e4velen kohdalla, joka on korotettu suhteessa luonnolliseen molliin. Esimerkiksi A -harmonisen mollin s\u00e4velet ovat a, b, c, d, e, f ja g# Koska jokaisen harmonisen molliasteikon s\u00e4velten v\u00e4liset intervallit ovat identtiset, asteikoille kannattaa opetella yksi sormitus, joka toistuu kaikissa luonnollisissa molliasteikoissa samanlaisena. N\u00e4in asteikon voi toistaa k\u00e4ytt\u00e4m\u00e4ll\u00e4 samaa &hellip; <a href=\"https:\/\/popjazz.fi\/PJKits\/basso\/basso-oppimistavoitevideot\/harmonia\/harmonisen-mollin-v-asteen-moodi-1-oktaavi\/\" class=\"more-link\">Jatka lukemista<span class=\"screen-reader-text\"> &#8221;Harmonisen mollin V- asteen moodi, 1 oktaavi&#8221;<\/span><\/a><\/p>\n","protected":false},"author":1,"featured_media":1282,"parent":43,"menu_order":11,"comment_status":"closed","ping_status":"closed","template":"","meta":{"footnotes":""},"tags":[],"class_list":["post-313","page","type-page","status-publish","has-post-thumbnail","hentry"],"_links":{"self":[{"href":"https:\/\/popjazz.fi\/PJKits\/basso\/wp-json\/wp\/v2\/pages\/313","targetHints":{"allow":["GET"]}}],"collection":[{"href":"https:\/\/popjazz.fi\/PJKits\/basso\/wp-json\/wp\/v2\/pages"}],"about":[{"href":"https:\/\/popjazz.fi\/PJKits\/basso\/wp-json\/wp\/v2\/types\/page"}],"author":[{"embeddable":true,"href":"https:\/\/popjazz.fi\/PJKits\/basso\/wp-json\/wp\/v2\/users\/1"}],"replies":[{"embeddable":true,"href":"https:\/\/popjazz.fi\/PJKits\/basso\/wp-json\/wp\/v2\/comments?post=313"}],"version-history":[{"count":12,"href":"https:\/\/popjazz.fi\/PJKits\/basso\/wp-json\/wp\/v2\/pages\/313\/revisions"}],"predecessor-version":[{"id":3329,"href":"https:\/\/popjazz.fi\/PJKits\/basso\/wp-json\/wp\/v2\/pages\/313\/revisions\/3329"}],"up":[{"embeddable":true,"href":"https:\/\/popjazz.fi\/PJKits\/basso\/wp-json\/wp\/v2\/pages\/43"}],"wp:featuredmedia":[{"embeddable":true,"href":"https:\/\/popjazz.fi\/PJKits\/basso\/wp-json\/wp\/v2\/media\/1282"}],"wp:attachment":[{"href":"https:\/\/popjazz.fi\/PJKits\/basso\/wp-json\/wp\/v2\/media?parent=313"}],"wp:term":[{"taxonomy":"post_tag","embeddable":true,"href":"https:\/\/popjazz.fi\/PJKits\/basso\/wp-json\/wp\/v2\/tags?post=313"}],"curies":[{"name":"wp","href":"https:\/\/api.w.org\/{rel}","templated":true}]}}