{"id":325,"date":"2019-10-05T21:25:40","date_gmt":"2019-10-05T18:25:40","guid":{"rendered":"https:\/\/popjazz.fi\/PJKits\/basso\/?page_id=325"},"modified":"2021-03-16T13:14:04","modified_gmt":"2021-03-16T11:14:04","slug":"duurin-sointuasteet-kolmisoinnuin","status":"publish","type":"page","link":"https:\/\/popjazz.fi\/PJKits\/basso\/basso-oppimistavoitevideot\/harmonia\/duurin-sointuasteet-kolmisoinnuin\/","title":{"rendered":"Duurin sointuasteet kolmisoinnuin"},"content":{"rendered":"\n<p>Kolmisoinnut muodostuvat soittamalla asteikosta kolme s\u00e4velt\u00e4 k\u00e4ytt\u00e4en asteikon joka toista s\u00e4velt\u00e4. Kolmisointu voidaan muodostaa my\u00f6s jokaiselle asteikon s\u00e4velasteelle erikseen. T\u00e4ll\u00f6in asteikon ensimm\u00e4inen, kolmas ja viides s\u00e4vel muodostavat asteikon toonikakolmisoinnun. Asteikon toiselle asteelle muodostuva kolmisointu sis\u00e4lt\u00e4\u00e4 taas kyseisen asteikon toisen, nelj\u00e4nnen ja kuudennen s\u00e4velen, ja niin edelleen. T\u00e4ll\u00e4 tavoin saadaan jokaiselle asteelle oma kolmisointunsa, jonka sointutyyppi m\u00e4\u00e4r\u00e4ytyy asteikon mukaan.<\/p>\n\n\n\n<p><strong>C duurin sointuasteet A &#8211; kielelt\u00e4 sormitettuna<\/strong><\/p>\n\n\n\n<figure class=\"wp-block-image size-large\"><img loading=\"lazy\" decoding=\"async\" width=\"1024\" height=\"407\" src=\"https:\/\/popjazz.fi\/PJKits\/basso\/wp-content\/uploads\/sites\/4\/2021\/03\/duurin-sointuasteet-kolmisoinnuin-1024x407.png\" alt=\"\" class=\"wp-image-2942\" srcset=\"https:\/\/popjazz.fi\/PJKits\/basso\/wp-content\/uploads\/sites\/4\/2021\/03\/duurin-sointuasteet-kolmisoinnuin-1024x407.png 1024w, https:\/\/popjazz.fi\/PJKits\/basso\/wp-content\/uploads\/sites\/4\/2021\/03\/duurin-sointuasteet-kolmisoinnuin-300x119.png 300w, https:\/\/popjazz.fi\/PJKits\/basso\/wp-content\/uploads\/sites\/4\/2021\/03\/duurin-sointuasteet-kolmisoinnuin-150x60.png 150w, https:\/\/popjazz.fi\/PJKits\/basso\/wp-content\/uploads\/sites\/4\/2021\/03\/duurin-sointuasteet-kolmisoinnuin-768x305.png 768w, https:\/\/popjazz.fi\/PJKits\/basso\/wp-content\/uploads\/sites\/4\/2021\/03\/duurin-sointuasteet-kolmisoinnuin-1536x610.png 1536w, https:\/\/popjazz.fi\/PJKits\/basso\/wp-content\/uploads\/sites\/4\/2021\/03\/duurin-sointuasteet-kolmisoinnuin-2048x813.png 2048w, https:\/\/popjazz.fi\/PJKits\/basso\/wp-content\/uploads\/sites\/4\/2021\/03\/duurin-sointuasteet-kolmisoinnuin-1200x476.png 1200w\" sizes=\"auto, (max-width: 709px) 85vw, (max-width: 909px) 67vw, (max-width: 1362px) 62vw, 840px\" \/><\/figure>\n\n\n\n<p><strong>C duurin sointuasteet A ja D -kielelt\u00e4 sormitettuna<\/strong><\/p>\n\n\n\n<figure class=\"wp-block-image size-large\"><img loading=\"lazy\" decoding=\"async\" width=\"1024\" height=\"429\" src=\"https:\/\/popjazz.fi\/PJKits\/basso\/wp-content\/uploads\/sites\/4\/2021\/03\/duurin-sointuasteet-kolmisoinnuin2-1024x429.png\" alt=\"\" class=\"wp-image-2944\" srcset=\"https:\/\/popjazz.fi\/PJKits\/basso\/wp-content\/uploads\/sites\/4\/2021\/03\/duurin-sointuasteet-kolmisoinnuin2-1024x429.png 1024w, https:\/\/popjazz.fi\/PJKits\/basso\/wp-content\/uploads\/sites\/4\/2021\/03\/duurin-sointuasteet-kolmisoinnuin2-300x126.png 300w, https:\/\/popjazz.fi\/PJKits\/basso\/wp-content\/uploads\/sites\/4\/2021\/03\/duurin-sointuasteet-kolmisoinnuin2-150x63.png 150w, https:\/\/popjazz.fi\/PJKits\/basso\/wp-content\/uploads\/sites\/4\/2021\/03\/duurin-sointuasteet-kolmisoinnuin2-768x322.png 768w, https:\/\/popjazz.fi\/PJKits\/basso\/wp-content\/uploads\/sites\/4\/2021\/03\/duurin-sointuasteet-kolmisoinnuin2-1536x643.png 1536w, https:\/\/popjazz.fi\/PJKits\/basso\/wp-content\/uploads\/sites\/4\/2021\/03\/duurin-sointuasteet-kolmisoinnuin2-2048x858.png 2048w, https:\/\/popjazz.fi\/PJKits\/basso\/wp-content\/uploads\/sites\/4\/2021\/03\/duurin-sointuasteet-kolmisoinnuin2-1200x503.png 1200w\" sizes=\"auto, (max-width: 709px) 85vw, (max-width: 909px) 67vw, (max-width: 1362px) 62vw, 840px\" \/><\/figure>\n\n\n\n<h4 class=\"wp-block-heading\">Video<\/h4>\n\n\n\n<figure class=\"wp-block-embed-vimeo wp-block-embed is-type-video is-provider-vimeo wp-embed-aspect-16-9 wp-has-aspect-ratio\"><div class=\"wp-block-embed__wrapper\">\n<iframe loading=\"lazy\" src=\"https:\/\/player.vimeo.com\/video\/444851107?dnt=1&amp;app_id=122963\" width=\"840\" height=\"473\" frameborder=\"0\" allow=\"autoplay; fullscreen\" allowfullscreen><\/iframe>\n<\/div><\/figure>\n\n\n\n<hr class=\"wp-block-separator\"\/>\n\n\n\n<p class=\"has-medium-font-size\">Katso my\u00f6s:<\/p>\n\n\n<style><\/style><div class=\"wplp_outside wplp_widget_1373\" style=\"max-width:100%;\"><span class=\"wpcu_block_title\">Duurin sointuasteet kolmisoinnuin<\/span><div id=\"wplp_widget_1373\" class=\"wplp_widget_default wplp_container vertical swiper wplp-swiper default cols3\" data-theme=\"default\" data-post=\"1373\" style=\"\" data-max-elts=\"5\" data-per-page=\"10\"><div class=\"wplp_listposts swiper-wrapper\" id=\"default_1373\" style=\"width: 100%;\" ><div class=\"swiper-slide\" style=\"\"><div class=\"insideframe\"><div id=\"wplp_box_top_1373_906\" class=\"wpcu-front-box top equalHeightImg\" ><div class=\"wplp-box-item\"><a href=\"https:\/\/popjazz.fi\/PJKits\/basso\/basso-oppimistavoitevideot\/harmonia\/duuriasteikon-kaikki-sointuasteet-nelisoinnuin\/\"  class=\"thumbnail\"><span class=\"img_cropper\" style=\"width:150px;height:150px;margin-right:4px;margin-bottom:4px;max-width:100%;\"><img decoding=\"async\" src=\"https:\/\/popjazz.fi\/PJKits\/basso\/wp-content\/uploads\/sites\/4\/2020\/02\/bs_ic_material_product_icon_192pxxxhdpi-150x150.png\" style=\"position: absolute;top: 50%;margin-top: -75px;aspect-ratio:4\/3;\" srcset=\"\" alt=\"Duuriasteikon kaikki sointuasteet nelisoinnuin\" class=\"wplp_thumb\" \/><\/span><\/a><a href=\"https:\/\/popjazz.fi\/PJKits\/basso\/basso-oppimistavoitevideot\/harmonia\/duuriasteikon-kaikki-sointuasteet-nelisoinnuin\/\"  class=\"title\">Duuriasteikon kaikki sointuasteet nelisoinnuin<\/a><\/div><\/div><div id=\"wplp_box_left_1373_906\" class=\"wpcu-front-box left wpcu-custom-position\" ><div class=\"wplp-box-item\"><\/div><\/div><div id=\"wplp_box_right_1373_906\" class=\"wpcu-front-box right wpcu-custom-position\" ><div class=\"wplp-box-item\"><\/div><\/div><div id=\"wplp_box_bottom_1373_906\" class=\"wpcu-front-box bottom \" ><div class=\"wplp-box-item\"><span class=\"date\">20.1.2020<\/span><span class=\"text\"><span style=\"max-height:2.8em\" class=\"line_limit\">Duuriasteikon sointuasteet tarkoittavat duuriasteikon eri s\u00e4velilt\u00e4 soitettavia sointuja. Esimerkiss\u00e4 C- duurissa C s\u00e4vel on 1. aste, D s\u00e4vel on 2. aste, E s\u00e4vel on 3. aste jne.Nelisointu muodostuu samalla tavoin kuin kolmisointu, johon lis\u00e4t\u00e4\u00e4n my\u00f6s soinnun 4. s\u00e4vel, eli kyseisen asteikon 7. s\u00e4vel. Nelisoinnussa soivat siis asteikon 1. 3. 5. ja 7. s\u00e4vel. Soinnun laadun m\u00e4\u00e4rittelee soinnun 3. (duuri tai molli) sek\u00e4 7. (dominantti vai toonika)\n\n\n\nJokaiselta sointuasteelta voidaan my\u00f6s muodostaa oma asteikko k\u00e4ytt\u00e4en pohjana olevan duuriasteikon s\u00e4veli\u00e4 aloittaen ko. duuriasteikon eri asteilta. N\u00e4in muodostuvia asteikkoja kutsutaan moodeiksi. Kun muodostuneista asteikoista soitetaan joka toinen s\u00e4vel, syntyy ko. sointuasteen sointu. Esimerkkin\u00e4 C -duuriasteikon sointuasteet.\n\n\n\n\n\n\n\nVideo\n\n\n\n\n\nDuurin sointuasteet nelisoinnuin\n\n\n\n\n\n\n\nKatso my\u00f6s:<\/span><span style=\"margin-left:3px; max-height:2.8em\" class=\"line_limit\"> [...]<\/span><\/span><span class=\"custom_fields\">\n<!-- WPLP Unknown field: Custom_Fields -->\n<\/span><\/div><\/div><\/div><\/div><div class=\"swiper-slide\" style=\"\"><div class=\"insideframe\"><div id=\"wplp_box_top_1373_341\" class=\"wpcu-front-box top equalHeightImg\" ><div class=\"wplp-box-item\"><a href=\"https:\/\/popjazz.fi\/PJKits\/basso\/basso-oppimistavoitevideot\/harmonia\/jooninen\/\"  class=\"thumbnail\"><span class=\"img_cropper\" style=\"width:150px;height:150px;margin-right:4px;margin-bottom:4px;max-width:100%;\"><img decoding=\"async\" src=\"https:\/\/popjazz.fi\/PJKits\/basso\/wp-content\/uploads\/sites\/4\/2020\/02\/bs_ic_material_product_icon_192pxxxhdpi-150x150.png\" style=\"position: absolute;top: 50%;margin-top: -75px;aspect-ratio:4\/3;\" srcset=\"\" alt=\"Jooninen\" class=\"wplp_thumb\" \/><\/span><\/a><a href=\"https:\/\/popjazz.fi\/PJKits\/basso\/basso-oppimistavoitevideot\/harmonia\/jooninen\/\"  class=\"title\">Jooninen<\/a><\/div><\/div><div id=\"wplp_box_left_1373_341\" class=\"wpcu-front-box left wpcu-custom-position\" ><div class=\"wplp-box-item\"><\/div><\/div><div id=\"wplp_box_right_1373_341\" class=\"wpcu-front-box right wpcu-custom-position\" ><div class=\"wplp-box-item\"><\/div><\/div><div id=\"wplp_box_bottom_1373_341\" class=\"wpcu-front-box bottom \" ><div class=\"wplp-box-item\"><span class=\"date\">5.10.2019<\/span><span class=\"text\"><span style=\"max-height:2.8em\" class=\"line_limit\">Moodit, eli kirkkos\u00e4vellajit ovat duuriasteikon eri s\u00e4velilt\u00e4 alkavia itsen\u00e4isi\u00e4 seitsens\u00e4velisi\u00e4 asteikkoja. Ensimm\u00e4iselt\u00e4 s\u00e4velelt\u00e4 alkava moodi on nimelt\u00e4\u00e4n jooninen, eli duuriasteikko. \n\n\n\nJoonisen asteikon s\u00e4velet ovat 1, 2, 3, 4, 5, 6 ja 7. Jooniselle ominainen sointu on duuri maij seiska, esimerkiksi Cmaj7.\n\n\n\n\n\n\n\nVideo\n\n\n\n\n\n\n\n\n\n\n\n\n\nKatso my\u00f6s:<\/span><span style=\"margin-left:3px; max-height:2.8em\" class=\"line_limit\"> [...]<\/span><\/span><span class=\"custom_fields\">\n<!-- WPLP Unknown field: Custom_Fields -->\n<\/span><\/div><\/div><\/div><\/div><div class=\"swiper-slide\" style=\"\"><div class=\"insideframe\"><div id=\"wplp_box_top_1373_315\" class=\"wpcu-front-box top equalHeightImg\" ><div class=\"wplp-box-item\"><a href=\"https:\/\/popjazz.fi\/PJKits\/basso\/basso-oppimistavoitevideot\/harmonia\/duuriasteikon-i-iv-v-asteiden-kolmisoinnut-perusmuodossa\/\"  class=\"thumbnail\"><span class=\"img_cropper\" style=\"width:150px;height:150px;margin-right:4px;margin-bottom:4px;max-width:100%;\"><img decoding=\"async\" src=\"https:\/\/popjazz.fi\/PJKits\/basso\/wp-content\/uploads\/sites\/4\/2020\/02\/bs_ic_material_product_icon_192pxxxhdpi-150x150.png\" style=\"position: absolute;top: 50%;margin-top: -75px;aspect-ratio:4\/3;\" srcset=\"\" alt=\"Duuriasteikon I\u2013IV\u2013V -asteiden kolmisoinnut perusmuodossa\" class=\"wplp_thumb\" \/><\/span><\/a><a href=\"https:\/\/popjazz.fi\/PJKits\/basso\/basso-oppimistavoitevideot\/harmonia\/duuriasteikon-i-iv-v-asteiden-kolmisoinnut-perusmuodossa\/\"  class=\"title\">Duuriasteikon I\u2013IV\u2013V -asteiden kolmisoinnut perusmuodossa<\/a><\/div><\/div><div id=\"wplp_box_left_1373_315\" class=\"wpcu-front-box left wpcu-custom-position\" ><div class=\"wplp-box-item\"><\/div><\/div><div id=\"wplp_box_right_1373_315\" class=\"wpcu-front-box right wpcu-custom-position\" ><div class=\"wplp-box-item\"><\/div><\/div><div id=\"wplp_box_bottom_1373_315\" class=\"wpcu-front-box bottom \" ><div class=\"wplp-box-item\"><span class=\"date\">5.10.2019<\/span><span class=\"text\"><span style=\"max-height:2.8em\" class=\"line_limit\">Soittamalla duuriasteikosta ensimm\u00e4inen, kolmas ja viides s\u00e4vel, muodostuu kyseisen duuriasteikon ensimm\u00e4isen asteen kolmisointuarpeggio, eli toonika kolmisointu. Toistamalla sama kuvio duuriasteikon nelj\u00e4nnest\u00e4 ja viidennest\u00e4 s\u00e4velest\u00e4 alkaen, saadaan kyseisen duuriasteikon nelj\u00e4nnen ja viidennen asteen duurikolmisointuarpeggio, eli subdominantti ja dominantti kolmisoinnut.\n\n\n\n\n\n\n\nVideo\n\n\n\n\n\n\n\n\n\n\n\n\n\nKatso my\u00f6s:<\/span><span style=\"margin-left:3px; max-height:2.8em\" class=\"line_limit\"> [...]<\/span><\/span><span class=\"custom_fields\">\n<!-- WPLP Unknown field: Custom_Fields -->\n<\/span><\/div><\/div><\/div><\/div><div class=\"swiper-slide\" style=\"\"><div class=\"insideframe\"><div id=\"wplp_box_top_1373_307\" class=\"wpcu-front-box top equalHeightImg\" ><div class=\"wplp-box-item\"><a href=\"https:\/\/popjazz.fi\/PJKits\/basso\/basso-oppimistavoitevideot\/harmonia\/duuriasteikko\/\"  class=\"thumbnail\"><span class=\"img_cropper\" style=\"width:150px;height:150px;margin-right:4px;margin-bottom:4px;max-width:100%;\"><img decoding=\"async\" src=\"https:\/\/popjazz.fi\/PJKits\/basso\/wp-content\/uploads\/sites\/4\/2020\/02\/bs_ic_material_product_icon_192pxxxhdpi-150x150.png\" style=\"position: absolute;top: 50%;margin-top: -75px;aspect-ratio:4\/3;\" srcset=\"\" alt=\"Duuriasteikko\" class=\"wplp_thumb\" \/><\/span><\/a><a href=\"https:\/\/popjazz.fi\/PJKits\/basso\/basso-oppimistavoitevideot\/harmonia\/duuriasteikko\/\"  class=\"title\">Duuriasteikko<\/a><\/div><\/div><div id=\"wplp_box_left_1373_307\" class=\"wpcu-front-box left wpcu-custom-position\" ><div class=\"wplp-box-item\"><\/div><\/div><div id=\"wplp_box_right_1373_307\" class=\"wpcu-front-box right wpcu-custom-position\" ><div class=\"wplp-box-item\"><\/div><\/div><div id=\"wplp_box_bottom_1373_307\" class=\"wpcu-front-box bottom \" ><div class=\"wplp-box-item\"><span class=\"date\">5.10.2019<\/span><span class=\"text\"><span style=\"max-height:2.8em\" class=\"line_limit\">Duuriasteikko muodostuu kun asteikon s\u00e4velten v\u00e4liset intervallit ovat kokos\u00e4vel-, kokos\u00e4vel-, puolis\u00e4vel-, kokos\u00e4vel-, kokos\u00e4vel-, kokos\u00e4vel- ja puolis\u00e4velaskel. \n\n\n\nEsimerkiksi C-duuriasteikon s\u00e4velet ovat: c, d, e, f, g, a ja b.\n\n\n\n\n\n\n\n\n\n\n\nKoska jokaisen duuriasteikon s\u00e4velten v\u00e4liset intervallit ovat identtiset, asteikoille kannattaa opetella yksi sormitus, joka toistuu kaikissa duuriasteikoissa samanlaisena. N\u00e4in duuriasteikon voi toistaa samanlaisena vaihtamalla asemaa kaulalla. \n\n\n\nTyypillisesti c -duuriasteikko soitetaan 2. asemasta, jolloin etusormi on 2. nauhavalill\u00e4, keskisormi 3. nauhav\u00e4lill\u00e4 jne.\n\n\n\nVideo\n\n\n\n\n\n\n\n\n\n\n\n\n\nKatso my\u00f6s:<\/span><span style=\"margin-left:3px; max-height:2.8em\" class=\"line_limit\"> [...]<\/span><\/span><span class=\"custom_fields\">\n<!-- WPLP Unknown field: Custom_Fields -->\n<\/span><\/div><\/div><\/div><\/div><div class=\"swiper-slide\" style=\"\"><div class=\"insideframe\"><div id=\"wplp_box_top_1373_49\" class=\"wpcu-front-box top equalHeightImg\" ><div class=\"wplp-box-item\"><a href=\"https:\/\/popjazz.fi\/PJKits\/basso\/basso-oppimistavoitevideot\/harmonia\/duurin-i-asteen-kolmisointuarpeggio\/\"  class=\"thumbnail\"><span class=\"img_cropper\" style=\"width:150px;height:150px;margin-right:4px;margin-bottom:4px;max-width:100%;\"><img decoding=\"async\" src=\"https:\/\/popjazz.fi\/PJKits\/basso\/wp-content\/uploads\/sites\/4\/2020\/02\/bs_ic_material_product_icon_192pxxxhdpi-150x150.png\" style=\"position: absolute;top: 50%;margin-top: -75px;aspect-ratio:4\/3;\" srcset=\"\" alt=\"Duurin I-asteen kolmisointuarpeggio\" class=\"wplp_thumb\" \/><\/span><\/a><a href=\"https:\/\/popjazz.fi\/PJKits\/basso\/basso-oppimistavoitevideot\/harmonia\/duurin-i-asteen-kolmisointuarpeggio\/\"  class=\"title\">Duurin I-asteen kolmisointuarpeggio<\/a><\/div><\/div><div id=\"wplp_box_left_1373_49\" class=\"wpcu-front-box left wpcu-custom-position\" ><div class=\"wplp-box-item\"><\/div><\/div><div id=\"wplp_box_right_1373_49\" class=\"wpcu-front-box right wpcu-custom-position\" ><div class=\"wplp-box-item\"><\/div><\/div><div id=\"wplp_box_bottom_1373_49\" class=\"wpcu-front-box bottom \" ><div class=\"wplp-box-item\"><span class=\"date\">22.9.2019<\/span><span class=\"text\"><span style=\"max-height:2.8em\" class=\"line_limit\">Duurikolmisointu muodostuu soittamalla duuriasteikosta kolme \u00e4\u00e4nt\u00e4 k\u00e4ytt\u00e4en duuriasteikon joka toista s\u00e4velt\u00e4, alkaen peruss\u00e4velest\u00e4, eli peruss\u00e4vel, terssi ja kvintti. Mik\u00e4li n\u00e4m\u00e4 \u00e4\u00e4net soitetaan yht\u00e4 aikaa, muodostuu duurikolmisointu. Kun \u00e4\u00e4net soitetaan per\u00e4kk\u00e4in, muodostuu murtosointu eli arpeggio.\n\n\n\n\n\n\n\nVideo\n\n\n\n\n\n\n\n\n\n\n\n\n\nKatso my\u00f6s:<\/span><span style=\"margin-left:3px; max-height:2.8em\" class=\"line_limit\"> [...]<\/span><\/span><span class=\"custom_fields\">\n<!-- WPLP Unknown field: Custom_Fields -->\n<\/span><\/div><\/div><\/div><\/div><\/div><div class=\"swiper-button-next\"><\/div><div class=\"swiper-button-prev\"><\/div><div class=\"swiper-pagination\"><\/div><\/div><\/div>\n","protected":false},"excerpt":{"rendered":"<p>Kolmisoinnut muodostuvat soittamalla asteikosta kolme s\u00e4velt\u00e4 k\u00e4ytt\u00e4en asteikon joka toista s\u00e4velt\u00e4. Kolmisointu voidaan muodostaa my\u00f6s jokaiselle asteikon s\u00e4velasteelle erikseen. T\u00e4ll\u00f6in asteikon ensimm\u00e4inen, kolmas ja viides s\u00e4vel muodostavat asteikon toonikakolmisoinnun. Asteikon toiselle asteelle muodostuva kolmisointu sis\u00e4lt\u00e4\u00e4 taas kyseisen asteikon toisen, nelj\u00e4nnen ja kuudennen s\u00e4velen, ja niin edelleen. T\u00e4ll\u00e4 tavoin saadaan jokaiselle asteelle oma kolmisointunsa, jonka sointutyyppi &hellip; <a href=\"https:\/\/popjazz.fi\/PJKits\/basso\/basso-oppimistavoitevideot\/harmonia\/duurin-i-asteen-kolmisointuarpeggio\/\" class=\"more-link\">Jatka lukemista<span class=\"screen-reader-text\"> &#8221;Duurin I-asteen kolmisointuarpeggio&#8221;<\/span><\/a><\/p>\n","protected":false},"author":1,"featured_media":1282,"parent":43,"menu_order":22,"comment_status":"closed","ping_status":"closed","template":"","meta":{"footnotes":""},"tags":[],"class_list":["post-325","page","type-page","status-publish","has-post-thumbnail","hentry"],"_links":{"self":[{"href":"https:\/\/popjazz.fi\/PJKits\/basso\/wp-json\/wp\/v2\/pages\/325","targetHints":{"allow":["GET"]}}],"collection":[{"href":"https:\/\/popjazz.fi\/PJKits\/basso\/wp-json\/wp\/v2\/pages"}],"about":[{"href":"https:\/\/popjazz.fi\/PJKits\/basso\/wp-json\/wp\/v2\/types\/page"}],"author":[{"embeddable":true,"href":"https:\/\/popjazz.fi\/PJKits\/basso\/wp-json\/wp\/v2\/users\/1"}],"replies":[{"embeddable":true,"href":"https:\/\/popjazz.fi\/PJKits\/basso\/wp-json\/wp\/v2\/comments?post=325"}],"version-history":[{"count":17,"href":"https:\/\/popjazz.fi\/PJKits\/basso\/wp-json\/wp\/v2\/pages\/325\/revisions"}],"predecessor-version":[{"id":2949,"href":"https:\/\/popjazz.fi\/PJKits\/basso\/wp-json\/wp\/v2\/pages\/325\/revisions\/2949"}],"up":[{"embeddable":true,"href":"https:\/\/popjazz.fi\/PJKits\/basso\/wp-json\/wp\/v2\/pages\/43"}],"wp:featuredmedia":[{"embeddable":true,"href":"https:\/\/popjazz.fi\/PJKits\/basso\/wp-json\/wp\/v2\/media\/1282"}],"wp:attachment":[{"href":"https:\/\/popjazz.fi\/PJKits\/basso\/wp-json\/wp\/v2\/media?parent=325"}],"wp:term":[{"taxonomy":"post_tag","embeddable":true,"href":"https:\/\/popjazz.fi\/PJKits\/basso\/wp-json\/wp\/v2\/tags?post=325"}],"curies":[{"name":"wp","href":"https:\/\/api.w.org\/{rel}","templated":true}]}}