{"id":343,"date":"2019-10-05T21:36:19","date_gmt":"2019-10-05T18:36:19","guid":{"rendered":"https:\/\/popjazz.fi\/PJKits\/basso\/?page_id=343"},"modified":"2021-03-16T14:43:52","modified_gmt":"2021-03-16T12:43:52","slug":"doorinen","status":"publish","type":"page","link":"https:\/\/popjazz.fi\/PJKits\/basso\/basso-oppimistavoitevideot\/harmonia\/doorinen\/","title":{"rendered":"Doorinen"},"content":{"rendered":"\n<p>Moodit, eli kirkkos\u00e4vellajit ovat duuriasteikon eri s\u00e4velilt\u00e4 alkavia itsen\u00e4isi\u00e4 7 s\u00e4velisi\u00e4 asteikkoja. Toiselta s\u00e4velelt\u00e4 alkava moodi on nimelt\u00e4\u00e4n doorinen. Esimerkiksi D doorinen jakaa s\u00e4velet C-duuriasteikon kanssa. <br><br>Doorinen asteikko on mollis\u00e4vyinen, ja sen s\u00e4velet ovat 1, 2, alennettu 3, 4, 5, 6 ja alennettu 7. Doorisen moodin karakt\u00e4\u00e4ris\u00e4vel on suuri seksti, ja dooriselle ominainen sointu on molliseptimi, esimerkiksi D-molliseiska.<\/p>\n\n\n\n<figure class=\"wp-block-image size-large\"><img loading=\"lazy\" decoding=\"async\" width=\"1024\" height=\"203\" src=\"https:\/\/popjazz.fi\/PJKits\/basso\/wp-content\/uploads\/sites\/4\/2021\/03\/d-doorinen-1024x203.png\" alt=\"\" class=\"wp-image-2977\" srcset=\"https:\/\/popjazz.fi\/PJKits\/basso\/wp-content\/uploads\/sites\/4\/2021\/03\/d-doorinen-1024x203.png 1024w, https:\/\/popjazz.fi\/PJKits\/basso\/wp-content\/uploads\/sites\/4\/2021\/03\/d-doorinen-300x60.png 300w, https:\/\/popjazz.fi\/PJKits\/basso\/wp-content\/uploads\/sites\/4\/2021\/03\/d-doorinen-150x30.png 150w, https:\/\/popjazz.fi\/PJKits\/basso\/wp-content\/uploads\/sites\/4\/2021\/03\/d-doorinen-768x152.png 768w, https:\/\/popjazz.fi\/PJKits\/basso\/wp-content\/uploads\/sites\/4\/2021\/03\/d-doorinen-1536x305.png 1536w, https:\/\/popjazz.fi\/PJKits\/basso\/wp-content\/uploads\/sites\/4\/2021\/03\/d-doorinen-2048x406.png 2048w, https:\/\/popjazz.fi\/PJKits\/basso\/wp-content\/uploads\/sites\/4\/2021\/03\/d-doorinen-1200x238.png 1200w\" sizes=\"auto, (max-width: 709px) 85vw, (max-width: 909px) 67vw, (max-width: 1362px) 62vw, 840px\" \/><\/figure>\n\n\n\n<h4 class=\"wp-block-heading\">Video<\/h4>\n\n\n\n<figure class=\"wp-block-embed-vimeo wp-block-embed is-type-video is-provider-vimeo wp-embed-aspect-16-9 wp-has-aspect-ratio\"><div class=\"wp-block-embed__wrapper\">\n<iframe loading=\"lazy\" src=\"https:\/\/player.vimeo.com\/video\/444851102?dnt=1&amp;app_id=122963\" width=\"840\" height=\"473\" frameborder=\"0\" allow=\"autoplay; fullscreen\" allowfullscreen><\/iframe>\n<\/div><\/figure>\n\n\n\n<hr class=\"wp-block-separator\"\/>\n\n\n\n<p class=\"has-medium-font-size\">Katso my\u00f6s:<\/p>\n\n\n<style><\/style><div class=\"wplp_outside wplp_widget_1381\" style=\"max-width:100%;\"><span class=\"wpcu_block_title\">Doorinen<\/span><div id=\"wplp_widget_1381\" class=\"wplp_widget_default wplp_container vertical swiper wplp-swiper default cols3\" data-theme=\"default\" data-post=\"1381\" style=\"\" data-max-elts=\"8\" data-per-page=\"10\"><div class=\"wplp_listposts swiper-wrapper\" id=\"default_1381\" style=\"width: 100%;\" ><div class=\"swiper-slide\" style=\"\"><div class=\"insideframe\"><div id=\"wplp_box_top_1381_353\" class=\"wpcu-front-box top equalHeightImg\" ><div class=\"wplp-box-item\"><a href=\"https:\/\/popjazz.fi\/PJKits\/basso\/basso-oppimistavoitevideot\/harmonia\/lokrinen\/\"  class=\"thumbnail\"><span class=\"img_cropper\" style=\"width:150px;height:150px;margin-right:4px;margin-bottom:4px;max-width:100%;\"><img decoding=\"async\" src=\"https:\/\/popjazz.fi\/PJKits\/basso\/wp-content\/uploads\/sites\/4\/2020\/02\/bs_ic_material_product_icon_192pxxxhdpi-150x150.png\" style=\"position: absolute;top: 50%;margin-top: -75px;aspect-ratio:4\/3;\" srcset=\"\" alt=\"Lokrinen\" class=\"wplp_thumb\" \/><\/span><\/a><a href=\"https:\/\/popjazz.fi\/PJKits\/basso\/basso-oppimistavoitevideot\/harmonia\/lokrinen\/\"  class=\"title\">Lokrinen<\/a><\/div><\/div><div id=\"wplp_box_left_1381_353\" class=\"wpcu-front-box left wpcu-custom-position\" ><div class=\"wplp-box-item\"><\/div><\/div><div id=\"wplp_box_right_1381_353\" class=\"wpcu-front-box right wpcu-custom-position\" ><div class=\"wplp-box-item\"><\/div><\/div><div id=\"wplp_box_bottom_1381_353\" class=\"wpcu-front-box bottom \" ><div class=\"wplp-box-item\"><span class=\"date\">5.10.2019<\/span><span class=\"text\"><span style=\"max-height:2.8em\" class=\"line_limit\">Moodit, eli kirkkos\u00e4vellajit ovat duuriasteikon eri s\u00e4velilt\u00e4 alkavia itsen\u00e4isi\u00e4 7 s\u00e4velisi\u00e4 asteikkoja. Seits\u00e4m\u00e4nnelt\u00e4 s\u00e4velelt\u00e4 alkava asteikko on nimelt\u00e4\u00e4n lokrinen. Esimerkiksi B-lokrinen jakaa s\u00e4velet C-duuriasteikon kanssa. Lokrisen asteikon s\u00e4velet ovat 1, allennettu 2, alennettu 3, 4, alennettu 5, alennettu 6 ja alennettu 7. Lokrisen karakt\u00e4\u00e4ris\u00e4velet ovat pieni sekunti ja v\u00e4hennetty kvintti, ja sille ominainen sointu on molliseptimisointu jossa on v\u00e4hennetty kvintti, esimerkiksi Bm7b5.\n\n\n\n\n\n\n\nVideo\n\n\n\n\n\n\n\n\n\n\n\n\n\nKatso my\u00f6s:<\/span><span style=\"margin-left:3px; max-height:2.8em\" class=\"line_limit\"> [...]<\/span><\/span><span class=\"custom_fields\">\n<!-- WPLP Unknown field: Custom_Fields -->\n<\/span><\/div><\/div><\/div><\/div><div class=\"swiper-slide\" style=\"\"><div class=\"insideframe\"><div id=\"wplp_box_top_1381_351\" class=\"wpcu-front-box top equalHeightImg\" ><div class=\"wplp-box-item\"><a href=\"https:\/\/popjazz.fi\/PJKits\/basso\/basso-oppimistavoitevideot\/harmonia\/aiolinen\/\"  class=\"thumbnail\"><span class=\"img_cropper\" style=\"width:150px;height:150px;margin-right:4px;margin-bottom:4px;max-width:100%;\"><img decoding=\"async\" src=\"https:\/\/popjazz.fi\/PJKits\/basso\/wp-content\/uploads\/sites\/4\/2020\/02\/bs_ic_material_product_icon_192pxxxhdpi-150x150.png\" style=\"position: absolute;top: 50%;margin-top: -75px;aspect-ratio:4\/3;\" srcset=\"\" alt=\"Aiolinen\" class=\"wplp_thumb\" \/><\/span><\/a><a href=\"https:\/\/popjazz.fi\/PJKits\/basso\/basso-oppimistavoitevideot\/harmonia\/aiolinen\/\"  class=\"title\">Aiolinen<\/a><\/div><\/div><div id=\"wplp_box_left_1381_351\" class=\"wpcu-front-box left wpcu-custom-position\" ><div class=\"wplp-box-item\"><\/div><\/div><div id=\"wplp_box_right_1381_351\" class=\"wpcu-front-box right wpcu-custom-position\" ><div class=\"wplp-box-item\"><\/div><\/div><div id=\"wplp_box_bottom_1381_351\" class=\"wpcu-front-box bottom \" ><div class=\"wplp-box-item\"><span class=\"date\">5.10.2019<\/span><span class=\"text\"><span style=\"max-height:2.8em\" class=\"line_limit\">Moodit, eli kirkkos\u00e4vellajit ovat duuriasteikon eri s\u00e4velilt\u00e4 alkavia itsen\u00e4isi\u00e4 7 s\u00e4velisi\u00e4 asteikkoja. Kuudennelta s\u00e4velelt\u00e4 alkava asteikko on nimelt\u00e4\u00e4n aiolinen, joka on mollis\u00e4vytteinen. Esimerkiksi A aiolinen jakaa s\u00e4velet C duuriasteikon kanssa. Aiolisen asteikon s\u00e4velet ovat 1, 2, alennettu 3, 4, 5, alennettu 6 ja alennettu 7. Aiolisen karakt\u00e4\u00e4ris\u00e4vel on alennettu kolme ja seiska ja ominainen sointu on molliseits\u00e4m\u00e4n, esimerkiksi Am7\n\n\n\n\n\n\n\nVideo\n\n\n\n\n\n\n\n\n\n\n\n\n\nKatso my\u00f6s:<\/span><span style=\"margin-left:3px; max-height:2.8em\" class=\"line_limit\"> [...]<\/span><\/span><span class=\"custom_fields\">\n<!-- WPLP Unknown field: Custom_Fields -->\n<\/span><\/div><\/div><\/div><\/div><div class=\"swiper-slide\" style=\"\"><div class=\"insideframe\"><div id=\"wplp_box_top_1381_349\" class=\"wpcu-front-box top equalHeightImg\" ><div class=\"wplp-box-item\"><a href=\"https:\/\/popjazz.fi\/PJKits\/basso\/basso-oppimistavoitevideot\/harmonia\/miksolyydinen\/\"  class=\"thumbnail\"><span class=\"img_cropper\" style=\"width:150px;height:150px;margin-right:4px;margin-bottom:4px;max-width:100%;\"><img decoding=\"async\" src=\"https:\/\/popjazz.fi\/PJKits\/basso\/wp-content\/uploads\/sites\/4\/2020\/02\/bs_ic_material_product_icon_192pxxxhdpi-150x150.png\" style=\"position: absolute;top: 50%;margin-top: -75px;aspect-ratio:4\/3;\" srcset=\"\" alt=\"Miksolyydinen\" class=\"wplp_thumb\" \/><\/span><\/a><a href=\"https:\/\/popjazz.fi\/PJKits\/basso\/basso-oppimistavoitevideot\/harmonia\/miksolyydinen\/\"  class=\"title\">Miksolyydinen<\/a><\/div><\/div><div id=\"wplp_box_left_1381_349\" class=\"wpcu-front-box left wpcu-custom-position\" ><div class=\"wplp-box-item\"><\/div><\/div><div id=\"wplp_box_right_1381_349\" class=\"wpcu-front-box right wpcu-custom-position\" ><div class=\"wplp-box-item\"><\/div><\/div><div id=\"wplp_box_bottom_1381_349\" class=\"wpcu-front-box bottom \" ><div class=\"wplp-box-item\"><span class=\"date\">5.10.2019<\/span><span class=\"text\"><span style=\"max-height:2.8em\" class=\"line_limit\">Moodit, eli kirkkos\u00e4vellajit ovat duuriasteikon eri s\u00e4velilt\u00e4 alkavia itsen\u00e4isi\u00e4 7 s\u00e4velisi\u00e4 asteikkoja. Viidennelt\u00e4 s\u00e4velelt\u00e4 alkava asteikko on nimelt\u00e4\u00e4n miksolyydinen, joka on duuris\u00e4vyinen. Esimerkiksi Gmiksolyydinen jakaa s\u00e4velet C-duuriasteikon kanssa. Miksolyydisen asteikon s\u00e4velet ovat 1, 2, 3, 4, 5, 6 ja alennettu 7. Miksolyydisen karakt\u00e4\u00e4ris\u00e4vel on alennettu seiska ja ominainen sointu on duuri seiska, esimerkiksi G7\n\n\n\n\n\n\n\nVideo\n\n\n\n\n\n\n\n\n\n\n\n\n\nKatso my\u00f6s:<\/span><span style=\"margin-left:3px; max-height:2.8em\" class=\"line_limit\"> [...]<\/span><\/span><span class=\"custom_fields\">\n<!-- WPLP Unknown field: Custom_Fields -->\n<\/span><\/div><\/div><\/div><\/div><div class=\"swiper-slide\" style=\"\"><div class=\"insideframe\"><div id=\"wplp_box_top_1381_345\" class=\"wpcu-front-box top equalHeightImg\" ><div class=\"wplp-box-item\"><a href=\"https:\/\/popjazz.fi\/PJKits\/basso\/basso-oppimistavoitevideot\/harmonia\/fryyginen\/\"  class=\"thumbnail\"><span class=\"img_cropper\" style=\"width:150px;height:150px;margin-right:4px;margin-bottom:4px;max-width:100%;\"><img decoding=\"async\" src=\"https:\/\/popjazz.fi\/PJKits\/basso\/wp-content\/uploads\/sites\/4\/2020\/02\/bs_ic_material_product_icon_192pxxxhdpi-150x150.png\" style=\"position: absolute;top: 50%;margin-top: -75px;aspect-ratio:4\/3;\" srcset=\"\" alt=\"Fryyginen\" class=\"wplp_thumb\" \/><\/span><\/a><a href=\"https:\/\/popjazz.fi\/PJKits\/basso\/basso-oppimistavoitevideot\/harmonia\/fryyginen\/\"  class=\"title\">Fryyginen<\/a><\/div><\/div><div id=\"wplp_box_left_1381_345\" class=\"wpcu-front-box left wpcu-custom-position\" ><div class=\"wplp-box-item\"><\/div><\/div><div id=\"wplp_box_right_1381_345\" class=\"wpcu-front-box right wpcu-custom-position\" ><div class=\"wplp-box-item\"><\/div><\/div><div id=\"wplp_box_bottom_1381_345\" class=\"wpcu-front-box bottom \" ><div class=\"wplp-box-item\"><span class=\"date\">5.10.2019<\/span><span class=\"text\"><span style=\"max-height:2.8em\" class=\"line_limit\">Moodit, eli kirkkos\u00e4vellajit ovat duuriasteikon eri s\u00e4velilt\u00e4 alkavia itsen\u00e4isi\u00e4 7 s\u00e4velisi\u00e4 asteikkoja. Kolmannelta s\u00e4velelt\u00e4 alkava moodi on nimelt\u00e4\u00e4n fryyginen, joka on mollis\u00e4vyinen. Esimerkiksi E-fryyginen jakaa s\u00e4velet C duuriasteikon kanssa. Fryygisen asteikon s\u00e4velet ovat 1, alennettu 2, alennettu 3, 4, 5, alennettu 6 ja alennettu 7. Fryygisen moodin karakt\u00e4\u00e4ris\u00e4vel on alennettu 2, ja fryygiselle ominainen sointu on molliseptimi, esimerkiksi E-molliseiska.\n\n\n\n\n\n\n\nVideo\n\n\n\n\n\n\n\n\n\n\n\n\n\nKatso my\u00f6s:<\/span><span style=\"margin-left:3px; max-height:2.8em\" class=\"line_limit\"> [...]<\/span><\/span><span class=\"custom_fields\">\n<!-- WPLP Unknown field: Custom_Fields -->\n<\/span><\/div><\/div><\/div><\/div><div class=\"swiper-slide\" style=\"\"><div class=\"insideframe\"><div id=\"wplp_box_top_1381_347\" class=\"wpcu-front-box top equalHeightImg\" ><div class=\"wplp-box-item\"><a href=\"https:\/\/popjazz.fi\/PJKits\/basso\/basso-oppimistavoitevideot\/harmonia\/lyydinen\/\"  class=\"thumbnail\"><span class=\"img_cropper\" style=\"width:150px;height:150px;margin-right:4px;margin-bottom:4px;max-width:100%;\"><img decoding=\"async\" src=\"https:\/\/popjazz.fi\/PJKits\/basso\/wp-content\/uploads\/sites\/4\/2020\/02\/bs_ic_material_product_icon_192pxxxhdpi-150x150.png\" style=\"position: absolute;top: 50%;margin-top: -75px;aspect-ratio:4\/3;\" srcset=\"\" alt=\"Lyydinen\" class=\"wplp_thumb\" \/><\/span><\/a><a href=\"https:\/\/popjazz.fi\/PJKits\/basso\/basso-oppimistavoitevideot\/harmonia\/lyydinen\/\"  class=\"title\">Lyydinen<\/a><\/div><\/div><div id=\"wplp_box_left_1381_347\" class=\"wpcu-front-box left wpcu-custom-position\" ><div class=\"wplp-box-item\"><\/div><\/div><div id=\"wplp_box_right_1381_347\" class=\"wpcu-front-box right wpcu-custom-position\" ><div class=\"wplp-box-item\"><\/div><\/div><div id=\"wplp_box_bottom_1381_347\" class=\"wpcu-front-box bottom \" ><div class=\"wplp-box-item\"><span class=\"date\">5.10.2019<\/span><span class=\"text\"><span style=\"max-height:2.8em\" class=\"line_limit\">Moodit, eli kirkkos\u00e4vellajit ovat duuriasteikon eri s\u00e4velilt\u00e4 alkavia itsen\u00e4isi\u00e4 7 s\u00e4velisi\u00e4 asteikkoja. Nelj\u00e4nnelt\u00e4 s\u00e4velelt\u00e4 alkava moodi on nimelt\u00e4\u00e4n lyydinen, joka on duuris\u00e4vyinen moodi. Esimerkiksi F-lyydinen jakaa s\u00e4velet C duuriasteikon kanssa. Lyydisen asteikon s\u00e4velet ovat 1, 2, 3, ylennetty 4, 5, 6 ja 7. Lyydisen moodin karakt\u00e4\u00e4ris\u00e4vel on ylinouseva kvartti, ja lyydiselle ominainen sointu on duuri maij seiska, esimerkiksi Fmaj7.\n\n\n\n\n\n\n\nVideo\n\n\n\n\n\n\n\n\n\n\n\n\n\nKatso my\u00f6s:<\/span><span style=\"margin-left:3px; max-height:2.8em\" class=\"line_limit\"> [...]<\/span><\/span><span class=\"custom_fields\">\n<!-- WPLP Unknown field: Custom_Fields -->\n<\/span><\/div><\/div><\/div><\/div><div class=\"swiper-slide\" style=\"\"><div class=\"insideframe\"><div id=\"wplp_box_top_1381_341\" class=\"wpcu-front-box top equalHeightImg\" ><div class=\"wplp-box-item\"><a href=\"https:\/\/popjazz.fi\/PJKits\/basso\/basso-oppimistavoitevideot\/harmonia\/jooninen\/\"  class=\"thumbnail\"><span class=\"img_cropper\" style=\"width:150px;height:150px;margin-right:4px;margin-bottom:4px;max-width:100%;\"><img decoding=\"async\" src=\"https:\/\/popjazz.fi\/PJKits\/basso\/wp-content\/uploads\/sites\/4\/2020\/02\/bs_ic_material_product_icon_192pxxxhdpi-150x150.png\" style=\"position: absolute;top: 50%;margin-top: -75px;aspect-ratio:4\/3;\" srcset=\"\" alt=\"Jooninen\" class=\"wplp_thumb\" \/><\/span><\/a><a href=\"https:\/\/popjazz.fi\/PJKits\/basso\/basso-oppimistavoitevideot\/harmonia\/jooninen\/\"  class=\"title\">Jooninen<\/a><\/div><\/div><div id=\"wplp_box_left_1381_341\" class=\"wpcu-front-box left wpcu-custom-position\" ><div class=\"wplp-box-item\"><\/div><\/div><div id=\"wplp_box_right_1381_341\" class=\"wpcu-front-box right wpcu-custom-position\" ><div class=\"wplp-box-item\"><\/div><\/div><div id=\"wplp_box_bottom_1381_341\" class=\"wpcu-front-box bottom \" ><div class=\"wplp-box-item\"><span class=\"date\">5.10.2019<\/span><span class=\"text\"><span style=\"max-height:2.8em\" class=\"line_limit\">Moodit, eli kirkkos\u00e4vellajit ovat duuriasteikon eri s\u00e4velilt\u00e4 alkavia itsen\u00e4isi\u00e4 seitsens\u00e4velisi\u00e4 asteikkoja. Ensimm\u00e4iselt\u00e4 s\u00e4velelt\u00e4 alkava moodi on nimelt\u00e4\u00e4n jooninen, eli duuriasteikko. \n\n\n\nJoonisen asteikon s\u00e4velet ovat 1, 2, 3, 4, 5, 6 ja 7. Jooniselle ominainen sointu on duuri maij seiska, esimerkiksi Cmaj7.\n\n\n\n\n\n\n\nVideo\n\n\n\n\n\n\n\n\n\n\n\n\n\nKatso my\u00f6s:<\/span><span style=\"margin-left:3px; max-height:2.8em\" class=\"line_limit\"> [...]<\/span><\/span><span class=\"custom_fields\">\n<!-- WPLP Unknown field: Custom_Fields -->\n<\/span><\/div><\/div><\/div><\/div><div class=\"swiper-slide\" style=\"\"><div class=\"insideframe\"><div id=\"wplp_box_top_1381_333\" class=\"wpcu-front-box top equalHeightImg\" ><div class=\"wplp-box-item\"><a href=\"https:\/\/popjazz.fi\/PJKits\/basso\/basso-oppimistavoitevideot\/harmonia\/mollipentatoninen-vahintaan-kaksi-oktaavia\/\"  class=\"thumbnail\"><span class=\"img_cropper\" style=\"width:150px;height:150px;margin-right:4px;margin-bottom:4px;max-width:100%;\"><img decoding=\"async\" src=\"https:\/\/popjazz.fi\/PJKits\/basso\/wp-content\/uploads\/sites\/4\/2020\/02\/bs_ic_material_product_icon_192pxxxhdpi-150x150.png\" style=\"position: absolute;top: 50%;margin-top: -75px;aspect-ratio:4\/3;\" srcset=\"\" alt=\"Mollipentatoninen\" class=\"wplp_thumb\" \/><\/span><\/a><a href=\"https:\/\/popjazz.fi\/PJKits\/basso\/basso-oppimistavoitevideot\/harmonia\/mollipentatoninen-vahintaan-kaksi-oktaavia\/\"  class=\"title\">Mollipentatoninen<\/a><\/div><\/div><div id=\"wplp_box_left_1381_333\" class=\"wpcu-front-box left wpcu-custom-position\" ><div class=\"wplp-box-item\"><\/div><\/div><div id=\"wplp_box_right_1381_333\" class=\"wpcu-front-box right wpcu-custom-position\" ><div class=\"wplp-box-item\"><\/div><\/div><div id=\"wplp_box_bottom_1381_333\" class=\"wpcu-front-box bottom \" ><div class=\"wplp-box-item\"><span class=\"date\">5.10.2019<\/span><span class=\"text\"><span style=\"max-height:2.8em\" class=\"line_limit\">Pentatoninen asteikko on viisis\u00e4velinen asteikko. Mollipentatoninen asteikko muodostetaan luonnollisesta molliasteikosta j\u00e4tt\u00e4m\u00e4ll\u00e4 sen toinen ja kuudes s\u00e4vel pois. \n\n\n\nEsimerkiksi A-molliipentatonisen s\u00e4velet ovat a,c,d,e ja g.\n\n\n\n\n\n\n\nVideo\n\n\n\n\n\n\n\n\n\n\n\n\n\nKatso my\u00f6s:<\/span><span style=\"margin-left:3px; max-height:2.8em\" class=\"line_limit\"> [...]<\/span><\/span><span class=\"custom_fields\">\n<!-- WPLP Unknown field: Custom_Fields -->\n<\/span><\/div><\/div><\/div><\/div><div class=\"swiper-slide\" style=\"\"><div class=\"insideframe\"><div id=\"wplp_box_top_1381_1076\" class=\"wpcu-front-box top equalHeightImg\" ><div class=\"wplp-box-item\"><a href=\"https:\/\/popjazz.fi\/PJKits\/basso\/basso-oppimistavoitevideot\/melodia-ja-improvisointi\/improvisointia-mollipentatonisella-asteikolla-koko-kaulan-alueella\/\"  class=\"thumbnail\"><span class=\"img_cropper\" style=\"width:150px;height:150px;margin-right:4px;margin-bottom:4px;max-width:100%;\"><img decoding=\"async\" src=\"https:\/\/popjazz.fi\/PJKits\/basso\/wp-content\/uploads\/sites\/4\/2020\/02\/bs_ic_material_product_icon_192pxxxhdpi-150x150.png\" style=\"position: absolute;top: 50%;margin-top: -75px;aspect-ratio:4\/3;\" srcset=\"\" alt=\"Improvisointia mollipentatonisella asteikolla koko kaulan alueella\" class=\"wplp_thumb\" \/><\/span><\/a><a href=\"https:\/\/popjazz.fi\/PJKits\/basso\/basso-oppimistavoitevideot\/melodia-ja-improvisointi\/improvisointia-mollipentatonisella-asteikolla-koko-kaulan-alueella\/\"  class=\"title\">Improvisointia mollipentatonisella asteikolla koko kaulan alueella<\/a><\/div><\/div><div id=\"wplp_box_left_1381_1076\" class=\"wpcu-front-box left wpcu-custom-position\" ><div class=\"wplp-box-item\"><\/div><\/div><div id=\"wplp_box_right_1381_1076\" class=\"wpcu-front-box right wpcu-custom-position\" ><div class=\"wplp-box-item\"><\/div><\/div><div id=\"wplp_box_bottom_1381_1076\" class=\"wpcu-front-box bottom \" ><div class=\"wplp-box-item\"><span class=\"date\">21.1.2020<\/span><span class=\"text\"><span style=\"max-height:2.8em\" class=\"line_limit\">Improvisointi&nbsp;tarkoittaa esityksen luomista esitt\u00e4mishetkell\u00e4. Musiikissa improvisoinnin melodiat muodostuvat l\u00e4hestulkoon kokonaan melodisista fraaseista, eli s\u00e4keist\u00e4. Melodiafraasien muodostuminen taasen perustuu lukuisiin skaaloihin, eli asteikoihin. \n\n\n\nPentatoninen asteikko on s\u00e4velasteikko, jossa on viisi s\u00e4velt\u00e4 oktaavia kohden, toisin kuin diatonisissa duuri- ja molliasteikoissa, joissa s\u00e4veli\u00e4 on seitsem\u00e4n. Mollipentatoninen on yksi yleisimmist\u00e4 improvisoinnissa k\u00e4ytetyist\u00e4 asteikoista.  Mollipentatoninen asteikko muodostetaan j\u00e4tt\u00e4m\u00e4ll\u00e4 luonnollisesta molliasteikosta sen toinen ja kuudes s\u00e4vel pois.Esimerkiksi C- mollipentatonisen asteikon s\u00e4velet ovat C, Es, F, G ja Bb, eli 1, b3, 4, 5, ja b7.\n\n\n\n\n\n\n\nVideo\n\n\n\n\n\nImprovisointia mollipentatonisella asteikolla\n\n\n\n\n\n\n\nKatso my\u00f6s:<\/span><span style=\"margin-left:3px; max-height:2.8em\" class=\"line_limit\"> [...]<\/span><\/span><span class=\"custom_fields\">\n<!-- WPLP Unknown field: Custom_Fields -->\n<\/span><\/div><\/div><\/div><\/div><\/div><div class=\"swiper-button-next\"><\/div><div class=\"swiper-button-prev\"><\/div><div class=\"swiper-pagination\"><\/div><\/div><\/div>\n","protected":false},"excerpt":{"rendered":"<p>Moodit, eli kirkkos\u00e4vellajit ovat duuriasteikon eri s\u00e4velilt\u00e4 alkavia itsen\u00e4isi\u00e4 7 s\u00e4velisi\u00e4 asteikkoja. Toiselta s\u00e4velelt\u00e4 alkava moodi on nimelt\u00e4\u00e4n doorinen. Esimerkiksi D doorinen jakaa s\u00e4velet C-duuriasteikon kanssa. Doorinen asteikko on mollis\u00e4vyinen, ja sen s\u00e4velet ovat 1, 2, alennettu 3, 4, 5, 6 ja alennettu 7. Doorisen moodin karakt\u00e4\u00e4ris\u00e4vel on suuri seksti, ja dooriselle ominainen sointu on &hellip; <a href=\"https:\/\/popjazz.fi\/PJKits\/basso\/basso-oppimistavoitevideot\/melodia-ja-improvisointi\/improvisointia-mollipentatonisella-asteikolla-koko-kaulan-alueella\/\" class=\"more-link\">Jatka lukemista<span class=\"screen-reader-text\"> &#8221;Improvisointia mollipentatonisella asteikolla koko kaulan alueella&#8221;<\/span><\/a><\/p>\n","protected":false},"author":1,"featured_media":1282,"parent":43,"menu_order":31,"comment_status":"closed","ping_status":"closed","template":"","meta":{"footnotes":""},"tags":[],"class_list":["post-343","page","type-page","status-publish","has-post-thumbnail","hentry"],"_links":{"self":[{"href":"https:\/\/popjazz.fi\/PJKits\/basso\/wp-json\/wp\/v2\/pages\/343","targetHints":{"allow":["GET"]}}],"collection":[{"href":"https:\/\/popjazz.fi\/PJKits\/basso\/wp-json\/wp\/v2\/pages"}],"about":[{"href":"https:\/\/popjazz.fi\/PJKits\/basso\/wp-json\/wp\/v2\/types\/page"}],"author":[{"embeddable":true,"href":"https:\/\/popjazz.fi\/PJKits\/basso\/wp-json\/wp\/v2\/users\/1"}],"replies":[{"embeddable":true,"href":"https:\/\/popjazz.fi\/PJKits\/basso\/wp-json\/wp\/v2\/comments?post=343"}],"version-history":[{"count":12,"href":"https:\/\/popjazz.fi\/PJKits\/basso\/wp-json\/wp\/v2\/pages\/343\/revisions"}],"predecessor-version":[{"id":2978,"href":"https:\/\/popjazz.fi\/PJKits\/basso\/wp-json\/wp\/v2\/pages\/343\/revisions\/2978"}],"up":[{"embeddable":true,"href":"https:\/\/popjazz.fi\/PJKits\/basso\/wp-json\/wp\/v2\/pages\/43"}],"wp:featuredmedia":[{"embeddable":true,"href":"https:\/\/popjazz.fi\/PJKits\/basso\/wp-json\/wp\/v2\/media\/1282"}],"wp:attachment":[{"href":"https:\/\/popjazz.fi\/PJKits\/basso\/wp-json\/wp\/v2\/media?parent=343"}],"wp:term":[{"taxonomy":"post_tag","embeddable":true,"href":"https:\/\/popjazz.fi\/PJKits\/basso\/wp-json\/wp\/v2\/tags?post=343"}],"curies":[{"name":"wp","href":"https:\/\/api.w.org\/{rel}","templated":true}]}}