{"id":35,"date":"2019-09-22T08:13:32","date_gmt":"2019-09-22T05:13:32","guid":{"rendered":"https:\/\/popjazz.fi\/PJKits\/basso\/?page_id=35"},"modified":"2021-04-07T09:36:42","modified_gmt":"2021-04-07T06:36:42","slug":"vapaat-kielet","status":"publish","type":"page","link":"https:\/\/popjazz.fi\/PJKits\/basso\/basso-oppimistavoitevideot\/instrumentin-hallinta\/vapaat-kielet\/","title":{"rendered":"Vapaat kielet"},"content":{"rendered":"\n<p>Perinteinen s\u00e4hk\u00f6basso on nelj\u00e4kielinen. Basson ollessa normaalivireess\u00e4 vapaat kielet vastaavat kitaran nelj\u00e4\u00e4 alinta kielt\u00e4, mutta soivat oktaavia alemaa. <\/p>\n\n\n\n<p>Normaalivireisen<\/p>\n\n\n\n<ul class=\"wp-block-list\"><li>nelj\u00e4kielisen basson vapaat kielet ovat E, A, D  ja G<\/li><li>viisikielisin basson vapaat kielet ovat B, E, A, D ja G<\/li><li>kuusikielisen basson vapaat kielet ovat B, E, A, D, G ja C<\/li><\/ul>\n\n\n\n<h4 class=\"wp-block-heading\">Video<\/h4>\n\n\n\n<figure class=\"wp-block-embed-vimeo wp-block-embed is-type-video is-provider-vimeo wp-embed-aspect-16-9 wp-has-aspect-ratio\"><div class=\"wp-block-embed__wrapper\">\n<iframe loading=\"lazy\" src=\"https:\/\/player.vimeo.com\/video\/444851104?dnt=1&amp;app_id=122963\" width=\"840\" height=\"473\" frameborder=\"0\" allow=\"autoplay; fullscreen\" allowfullscreen><\/iframe>\n<\/div><\/figure>\n\n\n\n<hr class=\"wp-block-separator\"\/>\n\n\n\n<p class=\"has-medium-font-size\">Katso my\u00f6s:<\/p>\n\n\n<style><\/style><div class=\"wplp_outside wplp_widget_1310\" style=\"max-width:100%;\"><span class=\"wpcu_block_title\">Vapaat kielet<\/span><div id=\"wplp_widget_1310\" class=\"wplp_widget_default wplp_container vertical swiper wplp-swiper default cols3\" data-theme=\"default\" data-post=\"1310\" style=\"\" data-max-elts=\"5\" data-per-page=\"10\"><div class=\"wplp_listposts swiper-wrapper\" id=\"default_1310\" style=\"width: 100%;\" ><div class=\"swiper-slide\" style=\"\"><div class=\"insideframe\"><div id=\"wplp_box_top_1310_829\" class=\"wpcu-front-box top equalHeightImg\" ><div class=\"wplp-box-item\"><a href=\"https:\/\/popjazz.fi\/PJKits\/basso\/basso-oppimistavoitevideot\/instrumentin-hallinta\/artikulointi-legato-staccato-portato\/\"  class=\"thumbnail\"><span class=\"img_cropper\" style=\"width:150px;height:150px;margin-right:4px;margin-bottom:4px;max-width:100%;\"><img decoding=\"async\" src=\"https:\/\/popjazz.fi\/PJKits\/basso\/wp-content\/uploads\/sites\/4\/2020\/02\/bs_ic_material_product_icon_192pxxxhdpi-150x150.png\" style=\"position: absolute;top: 50%;margin-top: -75px;aspect-ratio:4\/3;\" srcset=\"\" alt=\"Artikulointi (Legato\/Staccato\/Portato)\" class=\"wplp_thumb\" \/><\/span><\/a><a href=\"https:\/\/popjazz.fi\/PJKits\/basso\/basso-oppimistavoitevideot\/instrumentin-hallinta\/artikulointi-legato-staccato-portato\/\"  class=\"title\">Artikulointi (Legato\/Staccato\/Portato)<\/a><\/div><\/div><div id=\"wplp_box_left_1310_829\" class=\"wpcu-front-box left wpcu-custom-position\" ><div class=\"wplp-box-item\"><\/div><\/div><div id=\"wplp_box_right_1310_829\" class=\"wpcu-front-box right wpcu-custom-position\" ><div class=\"wplp-box-item\"><\/div><\/div><div id=\"wplp_box_bottom_1310_829\" class=\"wpcu-front-box bottom \" ><div class=\"wplp-box-item\"><span class=\"date\">20.1.2020<\/span><span class=\"text\"><span style=\"max-height:2.8em\" class=\"line_limit\">Legato, eli suomeksi sitoen, on soittotapa, jossa s\u00e4velten v\u00e4liss\u00e4 ei ole taukoa, vaan ne liittyv\u00e4t saumattomasti yhteen.Staccato, eli suomeksi ter\u00e4v\u00e4sti, on soittotapa, jossa s\u00e4velet soitetaan lyhyesti ja ter\u00e4v\u00e4sti. \n\n\n\nPortato, on soittotapa joka on legaton ja staccaton v\u00e4limuoto. S\u00e4velet soitetaan pidemp\u00e4n\u00e4 kuin staccatossa, mutta ne eiv\u00e4t liity toisiinsa. Portato merkit\u00e4\u00e4n nuottikirjoituksessa staccatopisteen ja kaaren yhdistelm\u00e4ll\u00e4 tai staccatopisteen ja tenutoviivan yhdistelm\u00e4ll\u00e4N\u00e4pp\u00e4\u00e4v\u00e4ll\u00e4 k\u00e4dell\u00e4  n\u00e4it\u00e4 artikulaatiomuotoja hallitaan laskemalla soitettavan kielen p\u00e4\u00e4lle n\u00e4pp\u00e4\u00e4v\u00e4n k\u00e4den etu- tai keskisormi, jolloin se sammuttaa kielen soinnin halutun mittaiseksi. Pelk\u00e4st\u00e4\u00e4n vapailla kielill\u00e4 soitetun legato- ja staccato\u00e4\u00e4nen hallinta n\u00e4pp\u00e4\u00e4v\u00e4ll\u00e4 k\u00e4dell\u00e4 tapahtuu parhaiten vuorosormitekniikkaa hyv\u00e4ksi k\u00e4ytt\u00e4en, jolloin n\u00e4pp\u00e4yksen j\u00e4lkeen vapaana oleva sormi suorittaa \u00e4\u00e4nen sammuttamisen \n\n\n\nYlim\u00e4\u00e4r\u00e4isten \u00e4\u00e4nien ja muiden kielien vaimentaimista, eli demppaamista, voidaan auttaa esimerkikisi laskemalla n\u00e4pp\u00e4\u00e4v\u00e4n k\u00e4den peukalo E- kielen p\u00e4\u00e4lle kun kielt\u00e4 ei soiteta. Sama voidaan tehd\u00e4 my\u00f6s laskemalla ei soitettavien kielten p\u00e4\u00e4lle n\u00e4pp\u00e4\u00e4v\u00e4n k\u00e4den pikkusormi ja\/tai nimet\u00f6n. \n\n\n\nvideo\n\n\n\n\n\n\n\n\n\n\n\n\n\nKatso my\u00f6s:<\/span><span style=\"margin-left:3px; max-height:2.8em\" class=\"line_limit\"> [...]<\/span><\/span><span class=\"custom_fields\">\n<!-- WPLP Unknown field: Custom_Fields -->\n<\/span><\/div><\/div><\/div><\/div><div class=\"swiper-slide\" style=\"\"><div class=\"insideframe\"><div id=\"wplp_box_top_1310_274\" class=\"wpcu-front-box top equalHeightImg\" ><div class=\"wplp-box-item\"><a href=\"https:\/\/popjazz.fi\/PJKits\/basso\/basso-oppimistavoitevideot\/instrumentin-hallinta\/eri-aanenvarien-tuottaminen-nappaavalla-kadella-esim-otelaudan-paalta-tallan-vieresta\/\"  class=\"thumbnail\"><span class=\"img_cropper\" style=\"width:150px;height:150px;margin-right:4px;margin-bottom:4px;max-width:100%;\"><img decoding=\"async\" src=\"https:\/\/popjazz.fi\/PJKits\/basso\/wp-content\/uploads\/sites\/4\/2020\/02\/bs_ic_material_product_icon_192pxxxhdpi-150x150.png\" style=\"position: absolute;top: 50%;margin-top: -75px;aspect-ratio:4\/3;\" srcset=\"\" alt=\"Eri \u00e4\u00e4nenv\u00e4rien tuottaminen n\u00e4pp\u00e4\u00e4v\u00e4ll\u00e4 k\u00e4dell\u00e4 (esim. otelaudan p\u00e4\u00e4lt\u00e4\/tallan vierest\u00e4)\" class=\"wplp_thumb\" \/><\/span><\/a><a href=\"https:\/\/popjazz.fi\/PJKits\/basso\/basso-oppimistavoitevideot\/instrumentin-hallinta\/eri-aanenvarien-tuottaminen-nappaavalla-kadella-esim-otelaudan-paalta-tallan-vieresta\/\"  class=\"title\">Eri \u00e4\u00e4nenv\u00e4rien tuottaminen n\u00e4pp\u00e4\u00e4v\u00e4ll\u00e4 k\u00e4dell\u00e4 (esim. otelaudan p\u00e4\u00e4lt\u00e4\/tallan vierest\u00e4)<\/a><\/div><\/div><div id=\"wplp_box_left_1310_274\" class=\"wpcu-front-box left wpcu-custom-position\" ><div class=\"wplp-box-item\"><\/div><\/div><div id=\"wplp_box_right_1310_274\" class=\"wpcu-front-box right wpcu-custom-position\" ><div class=\"wplp-box-item\"><\/div><\/div><div id=\"wplp_box_bottom_1310_274\" class=\"wpcu-front-box bottom \" ><div class=\"wplp-box-item\"><span class=\"date\">5.10.2019<\/span><span class=\"text\"><span style=\"max-height:2.8em\" class=\"line_limit\">N\u00e4pp\u00e4ilyk\u00e4den kosketuksella kieleen on suuri merkitys basson \u00e4\u00e4nenv\u00e4rille, eli soundille. T\u00e4rkeimpi\u00e4 \u00e4\u00e4nenv\u00e4rin muodamisen tapoja ovat n\u00e4pp\u00e4\u00e4v\u00e4n sormen kohta kielell\u00e4, kosketuksen voimakkuus ja sormen kulma kieleen\n\n\n\nN\u00e4pp\u00e4\u00e4v\u00e4n sormen kohta kielell\u00e4 l\u00e4hem\u00e4p\u00e4n\u00e4 kaulaa\/tallaa\n\n\n\nL\u00e4hemp\u00e4n\u00e4 kaulaa kielen j\u00e4nnite on pehme\u00e4mpi. \u00c4\u00e4nen sointi muuttuu pehme\u00e4mm\u00e4ksi ja py\u00f6re\u00e4mm\u00e4ksi mit\u00e4 l\u00e4hemp\u00e4n\u00e4 kaulaa kielen n\u00e4pp\u00e4\u00e4minen tapahtuu. Vastaavasti \u00e4\u00e4nen ter\u00e4vyytt\u00e4 ja soinnin niin sanottua &#8221;atakkia&#8221; saa lis\u00e4\u00e4 n\u00e4pp\u00e4\u00e4m\u00e4ll\u00e4 kielt\u00e4 l\u00e4hemp\u00e4n\u00e4 tallaa, jossa kielen j\u00e4nnite on my\u00f6s kire\u00e4mpi. \n\n\n\nKosketuksen voimakkuus\n\n\n\nMit\u00e4 voimakkaampi n\u00e4pp\u00e4yksen voimakkuus kieleen on, sit\u00e4 kovempaa ja agressiivisemmi kieli soi. Soundin lis\u00e4ksi kosketuksen voimakkuus vaikuttaa siis my\u00f6s soinnin tehoon. Liian voimakas n\u00e4pp\u00e4ys saattaa jopa rikkoa soinnin ja \u00e4\u00e4ni muistuttaa slap &#8211; tekniikalla tuotettua \u00e4\u00e4nt\u00e4. T\u00e4m\u00e4kin toimii tehokeinona monessa tyylilajissa, mutta sen tarkoituksenmukainen k\u00e4ytt\u00f6 vaatii hyv\u00e4\u00e4 soittimen hallintaa. \n\n\n\nSormen kulma kieleen\n\n\n\nMit\u00e4 isommalta alalta sormen pinta kosketaa kieleen, sit\u00e4 paksumpi ja t\u00e4ytel\u00e4isempi soundi on. Vastaavasti soittamalla vain sormen k\u00e4rjell\u00e4 saadaa tarkempi ja ohuempi \u00e4\u00e4nikuva. \n\n\n\nVideo\n\n\n\n\n\n\n\n\n\n\n\n\n\nKatso my\u00f6s:<\/span><span style=\"margin-left:3px; max-height:2.8em\" class=\"line_limit\"> [...]<\/span><\/span><span class=\"custom_fields\">\n<!-- WPLP Unknown field: Custom_Fields -->\n<\/span><\/div><\/div><\/div><\/div><div class=\"swiper-slide\" style=\"\"><div class=\"insideframe\"><div id=\"wplp_box_top_1310_265\" class=\"wpcu-front-box top equalHeightImg\" ><div class=\"wplp-box-item\"><a href=\"https:\/\/popjazz.fi\/PJKits\/basso\/basso-oppimistavoitevideot\/instrumentin-hallinta\/kielelta-toiselle-siirtyminen\/\"  class=\"thumbnail\"><span class=\"img_cropper\" style=\"width:150px;height:150px;margin-right:4px;margin-bottom:4px;max-width:100%;\"><img decoding=\"async\" src=\"https:\/\/popjazz.fi\/PJKits\/basso\/wp-content\/uploads\/sites\/4\/2020\/02\/bs_ic_material_product_icon_192pxxxhdpi-150x150.png\" style=\"position: absolute;top: 50%;margin-top: -75px;aspect-ratio:4\/3;\" srcset=\"\" alt=\"Kielelt\u00e4 toiselle siirtyminen\" class=\"wplp_thumb\" \/><\/span><\/a><a href=\"https:\/\/popjazz.fi\/PJKits\/basso\/basso-oppimistavoitevideot\/instrumentin-hallinta\/kielelta-toiselle-siirtyminen\/\"  class=\"title\">Kielelt\u00e4 toiselle siirtyminen<\/a><\/div><\/div><div id=\"wplp_box_left_1310_265\" class=\"wpcu-front-box left wpcu-custom-position\" ><div class=\"wplp-box-item\"><\/div><\/div><div id=\"wplp_box_right_1310_265\" class=\"wpcu-front-box right wpcu-custom-position\" ><div class=\"wplp-box-item\"><\/div><\/div><div id=\"wplp_box_bottom_1310_265\" class=\"wpcu-front-box bottom \" ><div class=\"wplp-box-item\"><span class=\"date\">5.10.2019<\/span><span class=\"text\"><span style=\"max-height:2.8em\" class=\"line_limit\">N\u00e4pp\u00e4\u00e4v\u00e4n k\u00e4den vuorosormitekniikalla soitettaessa kielelt\u00e4 toiselle siirtyminen vaatii hyv\u00e4\u00e4 molempien k\u00e4sien yhteisty\u00f6t\u00e4, eli koordinaatiota. N\u00e4pp\u00e4\u00e4v\u00e4n k\u00e4den asento tulisi s\u00e4ilytt\u00e4\u00e4 niin, ett\u00e4 sormen kosketus kieleen s\u00e4ilyisi mahdollisimman samana ja hallittuna riippumatta mit\u00e4 kielt\u00e4 n\u00e4pp\u00e4\u00e4 ja tarvittaessa koko k\u00e4sivarren liikkua mukana. K\u00e4den liikkeess\u00e4 tulee kuitekin s\u00e4ilytt\u00e4\u00e4 kontrolli basson bodyyn esim. tukemalla peukaloa koko ajan toisen mikrofonin p\u00e4\u00e4lle\n\n\n\nYksi hyv\u00e4 tapa harjoitella koordinaatiota ja kielelt\u00e4 toiselle siirtymist\u00e4 on tehd\u00e4 &#8221;vuorosormi -k\u00e4velyharjoituksia&#8221; kielelt\u00e4 toiselle. Harjoittelu on hyv\u00e4 tehd\u00e4 esim. metronomin avulla.\n\n\n\nVideo\n\n\n\n\n\n\n\n\n\n\n\n\n\nKatso my\u00f6s:<\/span><span style=\"margin-left:3px; max-height:2.8em\" class=\"line_limit\"> [...]<\/span><\/span><span class=\"custom_fields\">\n<!-- WPLP Unknown field: Custom_Fields -->\n<\/span><\/div><\/div><\/div><\/div><div class=\"swiper-slide\" style=\"\"><div class=\"insideframe\"><div id=\"wplp_box_top_1310_41\" class=\"wpcu-front-box top equalHeightImg\" ><div class=\"wplp-box-item\"><a href=\"https:\/\/popjazz.fi\/PJKits\/basso\/basso-oppimistavoitevideot\/instrumentin-hallinta\/nappaavan-kaden-vuorosormitekniikka\/\"  class=\"thumbnail\"><span class=\"img_cropper\" style=\"width:150px;height:150px;margin-right:4px;margin-bottom:4px;max-width:100%;\"><img decoding=\"async\" src=\"https:\/\/popjazz.fi\/PJKits\/basso\/wp-content\/uploads\/sites\/4\/2020\/02\/bs_ic_material_product_icon_192pxxxhdpi-150x150.png\" style=\"position: absolute;top: 50%;margin-top: -75px;aspect-ratio:4\/3;\" srcset=\"\" alt=\"N\u00e4pp\u00e4\u00e4v\u00e4n k\u00e4den vuorosormitekniikka\" class=\"wplp_thumb\" \/><\/span><\/a><a href=\"https:\/\/popjazz.fi\/PJKits\/basso\/basso-oppimistavoitevideot\/instrumentin-hallinta\/nappaavan-kaden-vuorosormitekniikka\/\"  class=\"title\">N\u00e4pp\u00e4\u00e4v\u00e4n k\u00e4den vuorosormitekniikka<\/a><\/div><\/div><div id=\"wplp_box_left_1310_41\" class=\"wpcu-front-box left wpcu-custom-position\" ><div class=\"wplp-box-item\"><\/div><\/div><div id=\"wplp_box_right_1310_41\" class=\"wpcu-front-box right wpcu-custom-position\" ><div class=\"wplp-box-item\"><\/div><\/div><div id=\"wplp_box_bottom_1310_41\" class=\"wpcu-front-box bottom \" ><div class=\"wplp-box-item\"><span class=\"date\">22.9.2019<\/span><span class=\"text\"><span style=\"max-height:2.8em\" class=\"line_limit\">Perinteisin tapa soittaa s\u00e4hk\u00f6bassoa on k\u00e4ytt\u00e4\u00e4 kielen n\u00e4pp\u00e4\u00e4miseen etu- ja keskisormea, peukalon ollessa samaan aikaan tuettuna mikrofonin tai erillisen peukalotuen p\u00e4\u00e4lle.\n\n\n\nNs. vuorosormitekniikka tarkoittaa sit\u00e4, ett\u00e4 etu- ja keskisormi n\u00e4pp\u00e4\u00e4v\u00e4t kielt\u00e4 vuorotellen.\n\n\n\nVideo \n\n\n\n\n\n\n\n\n\n\n\n\n\nKatso my\u00f6s:<\/span><span style=\"margin-left:3px; max-height:2.8em\" class=\"line_limit\"> [...]<\/span><\/span><span class=\"custom_fields\">\n<!-- WPLP Unknown field: Custom_Fields -->\n<\/span><\/div><\/div><\/div><\/div><div class=\"swiper-slide\" style=\"\"><div class=\"insideframe\"><div id=\"wplp_box_top_1310_1066\" class=\"wpcu-front-box top equalHeightImg\" ><div class=\"wplp-box-item\"><a href=\"https:\/\/popjazz.fi\/PJKits\/basso\/basso-oppimistavoitevideot\/melodia-ja-improvisointi\/2-3-aanen-improvisointia-vapailla-kielilla-opettajan-kanssa-2-4-tahdin-muotorakenteen-mukaan\/\"  class=\"thumbnail\"><span class=\"img_cropper\" style=\"width:150px;height:150px;margin-right:4px;margin-bottom:4px;max-width:100%;\"><img decoding=\"async\" src=\"https:\/\/popjazz.fi\/PJKits\/basso\/wp-content\/uploads\/sites\/4\/2020\/02\/bs_ic_material_product_icon_192pxxxhdpi-150x150.png\" style=\"position: absolute;top: 50%;margin-top: -75px;aspect-ratio:4\/3;\" srcset=\"\" alt=\"2-3 \u00e4\u00e4nen improvisointia vapailla kielill\u00e4 opettajan kanssa 2-4 tahdin muotorakenteen mukaan\" class=\"wplp_thumb\" \/><\/span><\/a><a href=\"https:\/\/popjazz.fi\/PJKits\/basso\/basso-oppimistavoitevideot\/melodia-ja-improvisointi\/2-3-aanen-improvisointia-vapailla-kielilla-opettajan-kanssa-2-4-tahdin-muotorakenteen-mukaan\/\"  class=\"title\">2-3 \u00e4\u00e4nen improvisointia vapailla kielill\u00e4 opettajan kanssa 2-4 tahdin muotorakenteen mukaan<\/a><\/div><\/div><div id=\"wplp_box_left_1310_1066\" class=\"wpcu-front-box left wpcu-custom-position\" ><div class=\"wplp-box-item\"><\/div><\/div><div id=\"wplp_box_right_1310_1066\" class=\"wpcu-front-box right wpcu-custom-position\" ><div class=\"wplp-box-item\"><\/div><\/div><div id=\"wplp_box_bottom_1310_1066\" class=\"wpcu-front-box bottom \" ><div class=\"wplp-box-item\"><span class=\"date\">21.1.2020<\/span><span class=\"text\"><span style=\"max-height:2.8em\" class=\"line_limit\">Improvisointi&nbsp;tarkoittaa esityksen luomista esitt\u00e4mishetkell\u00e4. Kun monta muusikkoa improvisoi samanaikaisesti, he pyrkiv\u00e4t my\u00f6s tarkkailemaan toisiaan ja saamaan vihjeit\u00e4 siit\u00e4, mihin suuntaan esitys on etenem\u00e4ss\u00e4.\n\n\n\nOpettajan kanssa improvisoiminen harjoittaa kommunikointi- ja kuuntelutaitoja.\n\n\n\nImprovisoinnissa k\u00e4ytett\u00e4vien \u00e4\u00e4nien rajaaminen aluksi vain vapaisiin kieliin helpottaa keskittymist\u00e4 rytmisten fraasien, eli rytmisten s\u00e4keiden muodostamiseen. Fraasit ovat yleens\u00e4 2 \u2013 4 tahdin mittaisia, mutta taitojen kehittyess\u00e4 kaikki fraasimitat ovat mahdollisia\n\n\n\nVideo\n\n\n\n\n\n\n\n\n\n\n\nKatso my\u00f6s:<\/span><span style=\"margin-left:3px; max-height:2.8em\" class=\"line_limit\"> [...]<\/span><\/span><span class=\"custom_fields\">\n<!-- WPLP Unknown field: Custom_Fields -->\n<\/span><\/div><\/div><\/div><\/div><\/div><div class=\"swiper-button-next\"><\/div><div class=\"swiper-button-prev\"><\/div><div class=\"swiper-pagination\"><\/div><\/div><\/div>\n","protected":false},"excerpt":{"rendered":"<p>Perinteinen s\u00e4hk\u00f6basso on nelj\u00e4kielinen. Basson ollessa normaalivireess\u00e4 vapaat kielet vastaavat kitaran nelj\u00e4\u00e4 alinta kielt\u00e4, mutta soivat oktaavia alemaa. Normaalivireisen nelj\u00e4kielisen basson vapaat kielet ovat E, A, D ja G viisikielisin basson vapaat kielet ovat B, E, A, D ja G kuusikielisen basson vapaat kielet ovat B, E, A, D, G ja C Video Katso my\u00f6s:<\/p>\n","protected":false},"author":1,"featured_media":1282,"parent":29,"menu_order":1,"comment_status":"closed","ping_status":"closed","template":"","meta":{"footnotes":""},"tags":[],"class_list":["post-35","page","type-page","status-publish","has-post-thumbnail","hentry"],"_links":{"self":[{"href":"https:\/\/popjazz.fi\/PJKits\/basso\/wp-json\/wp\/v2\/pages\/35","targetHints":{"allow":["GET"]}}],"collection":[{"href":"https:\/\/popjazz.fi\/PJKits\/basso\/wp-json\/wp\/v2\/pages"}],"about":[{"href":"https:\/\/popjazz.fi\/PJKits\/basso\/wp-json\/wp\/v2\/types\/page"}],"author":[{"embeddable":true,"href":"https:\/\/popjazz.fi\/PJKits\/basso\/wp-json\/wp\/v2\/users\/1"}],"replies":[{"embeddable":true,"href":"https:\/\/popjazz.fi\/PJKits\/basso\/wp-json\/wp\/v2\/comments?post=35"}],"version-history":[{"count":17,"href":"https:\/\/popjazz.fi\/PJKits\/basso\/wp-json\/wp\/v2\/pages\/35\/revisions"}],"predecessor-version":[{"id":3242,"href":"https:\/\/popjazz.fi\/PJKits\/basso\/wp-json\/wp\/v2\/pages\/35\/revisions\/3242"}],"up":[{"embeddable":true,"href":"https:\/\/popjazz.fi\/PJKits\/basso\/wp-json\/wp\/v2\/pages\/29"}],"wp:featuredmedia":[{"embeddable":true,"href":"https:\/\/popjazz.fi\/PJKits\/basso\/wp-json\/wp\/v2\/media\/1282"}],"wp:attachment":[{"href":"https:\/\/popjazz.fi\/PJKits\/basso\/wp-json\/wp\/v2\/media?parent=35"}],"wp:term":[{"taxonomy":"post_tag","embeddable":true,"href":"https:\/\/popjazz.fi\/PJKits\/basso\/wp-json\/wp\/v2\/tags?post=35"}],"curies":[{"name":"wp","href":"https:\/\/api.w.org\/{rel}","templated":true}]}}