{"id":378,"date":"2019-10-06T08:11:32","date_gmt":"2019-10-06T05:11:32","guid":{"rendered":"https:\/\/popjazz.fi\/PJKits\/basso\/?page_id=378"},"modified":"2021-09-21T12:02:02","modified_gmt":"2021-09-21T09:02:02","slug":"four-beat-saestysrytmi","status":"publish","type":"page","link":"https:\/\/popjazz.fi\/PJKits\/basso\/basso-oppimistavoitevideot\/rytmi-ja-muotorakenteet\/four-beat-saestysrytmi\/","title":{"rendered":"Four\u00a0beat -s\u00e4estysrytmi"},"content":{"rendered":"\n<p>Four beat s\u00e4estysrytmiss\u00e4 soitetaan nelj\u00e4sosia kappaleen perussykkeen mukaan. Four beat kompin fraseeraus m\u00e4\u00e4rittyy soitettavan kappaleen tyylilajin, tempon ja sovituksen mukaisesti.<\/p>\n\n\n\n<h4 class=\"wp-block-heading\">Video<\/h4>\n\n\n\n<figure class=\"wp-block-embed-vimeo wp-block-embed is-type-video is-provider-vimeo wp-embed-aspect-16-9 wp-has-aspect-ratio\"><div class=\"wp-block-embed__wrapper\">\n<iframe loading=\"lazy\" src=\"https:\/\/player.vimeo.com\/video\/444851100?dnt=1&amp;app_id=122963\" width=\"840\" height=\"473\" frameborder=\"0\" allow=\"autoplay; fullscreen\" allowfullscreen><\/iframe>\n<\/div><\/figure>\n\n\n\n<p><strong>Four beat esimerkki 1<\/strong><\/p>\n\n\n\n<figure class=\"wp-block-image size-large\"><img loading=\"lazy\" decoding=\"async\" width=\"1024\" height=\"433\" src=\"https:\/\/popjazz.fi\/PJKits\/basso\/wp-content\/uploads\/sites\/4\/2021\/03\/fourbeat-esim1-1024x433.png\" alt=\"\" class=\"wp-image-3068\" srcset=\"https:\/\/popjazz.fi\/PJKits\/basso\/wp-content\/uploads\/sites\/4\/2021\/03\/fourbeat-esim1-1024x433.png 1024w, https:\/\/popjazz.fi\/PJKits\/basso\/wp-content\/uploads\/sites\/4\/2021\/03\/fourbeat-esim1-300x127.png 300w, https:\/\/popjazz.fi\/PJKits\/basso\/wp-content\/uploads\/sites\/4\/2021\/03\/fourbeat-esim1-150x63.png 150w, https:\/\/popjazz.fi\/PJKits\/basso\/wp-content\/uploads\/sites\/4\/2021\/03\/fourbeat-esim1-768x324.png 768w, https:\/\/popjazz.fi\/PJKits\/basso\/wp-content\/uploads\/sites\/4\/2021\/03\/fourbeat-esim1-1536x649.png 1536w, https:\/\/popjazz.fi\/PJKits\/basso\/wp-content\/uploads\/sites\/4\/2021\/03\/fourbeat-esim1-2048x865.png 2048w, https:\/\/popjazz.fi\/PJKits\/basso\/wp-content\/uploads\/sites\/4\/2021\/03\/fourbeat-esim1-1200x507.png 1200w\" sizes=\"auto, (max-width: 709px) 85vw, (max-width: 909px) 67vw, (max-width: 1362px) 62vw, 840px\" \/><\/figure>\n\n\n\n<p><strong>Four beat esimerkki 2<\/strong><\/p>\n\n\n\n<figure class=\"wp-block-image size-large\"><img loading=\"lazy\" decoding=\"async\" width=\"1024\" height=\"315\" src=\"https:\/\/popjazz.fi\/PJKits\/basso\/wp-content\/uploads\/sites\/4\/2021\/03\/fourbeat-esim2-1024x315.png\" alt=\"\" class=\"wp-image-3069\" srcset=\"https:\/\/popjazz.fi\/PJKits\/basso\/wp-content\/uploads\/sites\/4\/2021\/03\/fourbeat-esim2-1024x315.png 1024w, https:\/\/popjazz.fi\/PJKits\/basso\/wp-content\/uploads\/sites\/4\/2021\/03\/fourbeat-esim2-300x92.png 300w, https:\/\/popjazz.fi\/PJKits\/basso\/wp-content\/uploads\/sites\/4\/2021\/03\/fourbeat-esim2-150x46.png 150w, https:\/\/popjazz.fi\/PJKits\/basso\/wp-content\/uploads\/sites\/4\/2021\/03\/fourbeat-esim2-768x237.png 768w, https:\/\/popjazz.fi\/PJKits\/basso\/wp-content\/uploads\/sites\/4\/2021\/03\/fourbeat-esim2-1536x473.png 1536w, https:\/\/popjazz.fi\/PJKits\/basso\/wp-content\/uploads\/sites\/4\/2021\/03\/fourbeat-esim2-2048x631.png 2048w, https:\/\/popjazz.fi\/PJKits\/basso\/wp-content\/uploads\/sites\/4\/2021\/03\/fourbeat-esim2-1200x370.png 1200w\" sizes=\"auto, (max-width: 709px) 85vw, (max-width: 909px) 67vw, (max-width: 1362px) 62vw, 840px\" \/><\/figure>\n\n\n\n<hr class=\"wp-block-separator\" \/>\n\n\n\n<p class=\"has-medium-font-size\">Katso my\u00f6s:<\/p>\n\n\n<style><\/style><div class=\"wplp_outside wplp_widget_1395\" style=\"max-width:100%;\"><span class=\"wpcu_block_title\">Four beat -s\u00e4estysrytmi<\/span><div id=\"wplp_widget_1395\" class=\"wplp_widget_default wplp_container vertical swiper wplp-swiper default cols3\" data-theme=\"default\" data-post=\"1395\" style=\"\" data-max-elts=\"5\" data-per-page=\"10\"><div class=\"wplp_listposts swiper-wrapper\" id=\"default_1395\" style=\"width: 100%;\" ><div class=\"swiper-slide\" style=\"\"><div class=\"insideframe\"><div id=\"wplp_box_top_1395_1013\" class=\"wpcu-front-box top equalHeightImg\" ><div class=\"wplp-box-item\"><a href=\"https:\/\/popjazz.fi\/PJKits\/basso\/basso-oppimistavoitevideot\/rytmi-ja-muotorakenteet\/tahtilajit-4-4\/\"  class=\"thumbnail\"><span class=\"img_cropper\" style=\"width:150px;height:150px;margin-right:4px;margin-bottom:4px;max-width:100%;\"><img decoding=\"async\" src=\"https:\/\/popjazz.fi\/PJKits\/basso\/wp-content\/uploads\/sites\/4\/2020\/02\/bs_ic_material_product_icon_192pxxxhdpi-150x150.png\" style=\"position: absolute;top: 50%;margin-top: -75px;aspect-ratio:4\/3;\" srcset=\"\" alt=\"Tahtilajit 4\/4\" class=\"wplp_thumb\" \/><\/span><\/a><a href=\"https:\/\/popjazz.fi\/PJKits\/basso\/basso-oppimistavoitevideot\/rytmi-ja-muotorakenteet\/tahtilajit-4-4\/\"  class=\"title\">Tahtilajit 4\/4<\/a><\/div><\/div><div id=\"wplp_box_left_1395_1013\" class=\"wpcu-front-box left wpcu-custom-position\" ><div class=\"wplp-box-item\"><\/div><\/div><div id=\"wplp_box_right_1395_1013\" class=\"wpcu-front-box right wpcu-custom-position\" ><div class=\"wplp-box-item\"><\/div><\/div><div id=\"wplp_box_bottom_1395_1013\" class=\"wpcu-front-box bottom \" ><div class=\"wplp-box-item\"><span class=\"date\">21.1.2020<\/span><span class=\"text\"><span style=\"max-height:2.8em\" class=\"line_limit\">Tahti on jaettu tahtilajiosoituksen mukaiseen m\u00e4\u00e4r\u00e4\u00e4n iskuja \n\n\n\nNelj\u00e4sosanuotti on yhden iskun mittainen nuotti. Jokaiselle nuotille on olemassa my\u00f6s saman mittainen tauko, eli aika jolloin nuotin tilalla on saman mittainen hiljaisuus.  4\/4 osa tahtilajissa kulkevan kappaleen jokaisessa tahdissa l\u00f6ytyy siis 4 kappaletta iskuja. \n\n\n\nJokainen tahdin sis\u00e4ll\u00e4 oleva isku voidaan jakaa my\u00f6s pienempiin aika-arvoihin (8-osa, 16-osa jne.), tai iskuja voidaan liitt\u00e4\u00e4 yhteen (puolinuotti, kokonuotti jne.).\n\n\n\nVideo\n\n\n\n\n\n4\/4-tahtilaji\n\n\n\n\n\n\n\n\n\n\n\nKatso my\u00f6s:<\/span><span style=\"margin-left:3px; max-height:2.8em\" class=\"line_limit\"> [...]<\/span><\/span><span class=\"custom_fields\">\n<!-- WPLP Unknown field: Custom_Fields -->\n<\/span><\/div><\/div><\/div><\/div><div class=\"swiper-slide\" style=\"\"><div class=\"insideframe\"><div id=\"wplp_box_top_1395_65\" class=\"wpcu-front-box top equalHeightImg\" ><div class=\"wplp-box-item\"><a href=\"https:\/\/popjazz.fi\/PJKits\/basso\/basso-oppimistavoitevideot\/rytmi-ja-muotorakenteet\/beat-ja-two-beat-saestysrytmi\/\"  class=\"thumbnail\"><span class=\"img_cropper\" style=\"width:150px;height:150px;margin-right:4px;margin-bottom:4px;max-width:100%;\"><img decoding=\"async\" src=\"https:\/\/popjazz.fi\/PJKits\/basso\/wp-content\/uploads\/sites\/4\/2020\/02\/bs_ic_material_product_icon_192pxxxhdpi-150x150.png\" style=\"position: absolute;top: 50%;margin-top: -75px;aspect-ratio:4\/3;\" srcset=\"\" alt=\"Beat- ja two beat -s\u00e4estysrytmi\" class=\"wplp_thumb\" \/><\/span><\/a><a href=\"https:\/\/popjazz.fi\/PJKits\/basso\/basso-oppimistavoitevideot\/rytmi-ja-muotorakenteet\/beat-ja-two-beat-saestysrytmi\/\"  class=\"title\">Beat- ja two beat -s\u00e4estysrytmi<\/a><\/div><\/div><div id=\"wplp_box_left_1395_65\" class=\"wpcu-front-box left wpcu-custom-position\" ><div class=\"wplp-box-item\"><\/div><\/div><div id=\"wplp_box_right_1395_65\" class=\"wpcu-front-box right wpcu-custom-position\" ><div class=\"wplp-box-item\"><\/div><\/div><div id=\"wplp_box_bottom_1395_65\" class=\"wpcu-front-box bottom \" ><div class=\"wplp-box-item\"><span class=\"date\">22.9.2019<\/span><span class=\"text\"><span style=\"max-height:2.8em\" class=\"line_limit\">Basson s\u00e4estysrytmeist\u00e4 k\u00e4ytetyimpi\u00e4 ovat beat ja two beat. N\u00e4iden fraseeraus riippuu soitettavan kappaleen ja sovituksen tyylilajista. Tyypillinen beat s\u00e4estys koostuu pisteellisen nelj\u00e4sosan ja kahdeksasosan yhdistelm\u00e4st\u00e4.\n\n\n\nVideo\n\n\n\n\n\nrytmikka\n\n\n\nBeat rytmi\n\n\n\n\n\n\n\nTwo beat rytmi\n\n\n\n\n\n\n\n\n\n\n\nKatso my\u00f6s:<\/span><span style=\"margin-left:3px; max-height:2.8em\" class=\"line_limit\"> [...]<\/span><\/span><span class=\"custom_fields\">\n<!-- WPLP Unknown field: Custom_Fields -->\n<\/span><\/div><\/div><\/div><\/div><div class=\"swiper-slide\" style=\"\"><div class=\"insideframe\"><div id=\"wplp_box_top_1395_1005\" class=\"wpcu-front-box top equalHeightImg\" ><div class=\"wplp-box-item\"><a href=\"https:\/\/popjazz.fi\/PJKits\/basso\/basso-oppimistavoitevideot\/rytmi-ja-muotorakenteet\/2-4-tahdin-saestysrakenteita-vapailla-kielilla-koko-puoli-neljasosanuotein\/\"  class=\"thumbnail\"><span class=\"img_cropper\" style=\"width:150px;height:150px;margin-right:4px;margin-bottom:4px;max-width:100%;\"><img decoding=\"async\" src=\"https:\/\/popjazz.fi\/PJKits\/basso\/wp-content\/uploads\/sites\/4\/2020\/02\/bs_ic_material_product_icon_192pxxxhdpi-150x150.png\" style=\"position: absolute;top: 50%;margin-top: -75px;aspect-ratio:4\/3;\" srcset=\"\" alt=\"2-4 tahdin s\u00e4estysrakenteita vapailla kielill\u00e4 koko- puoli- &#038; nelj\u00e4sosanuotein\" class=\"wplp_thumb\" \/><\/span><\/a><a href=\"https:\/\/popjazz.fi\/PJKits\/basso\/basso-oppimistavoitevideot\/rytmi-ja-muotorakenteet\/2-4-tahdin-saestysrakenteita-vapailla-kielilla-koko-puoli-neljasosanuotein\/\"  class=\"title\">2-4 tahdin s\u00e4estysrakenteita vapailla kielill\u00e4 koko- puoli- &#038; nelj\u00e4sosanuotein<\/a><\/div><\/div><div id=\"wplp_box_left_1395_1005\" class=\"wpcu-front-box left wpcu-custom-position\" ><div class=\"wplp-box-item\"><\/div><\/div><div id=\"wplp_box_right_1395_1005\" class=\"wpcu-front-box right wpcu-custom-position\" ><div class=\"wplp-box-item\"><\/div><\/div><div id=\"wplp_box_bottom_1395_1005\" class=\"wpcu-front-box bottom \" ><div class=\"wplp-box-item\"><span class=\"date\">21.1.2020<\/span><span class=\"text\"><span style=\"max-height:2.8em\" class=\"line_limit\">Rytmimusiikin ja yhdess\u00e4 soittamisen t\u00e4rkein elementti on rytmi. My\u00f6s kappaleen muodon ja tahtien s\u00e4\u00e4nn\u00f6llisyys ovat taitoja jotka harjaantuvat l\u00e4hes automaattiseksi harjoittelun my\u00f6t\u00e4.\n\n\n\nHarjoittelun aloittaminen vapailla kielill\u00e4 ja perusrytmeill\u00e4 auttaa keskittym\u00e4\u00e4n rytmin ja muodon hallintaan, sek\u00e4 n\u00e4pp\u00e4\u00e4v\u00e4n k\u00e4den motoriikkaan. \n\n\n\n\n\n\n\nKatso my\u00f6s:<\/span><span style=\"margin-left:3px; max-height:2.8em\" class=\"line_limit\"> [...]<\/span><\/span><span class=\"custom_fields\">\n<!-- WPLP Unknown field: Custom_Fields -->\n<\/span><\/div><\/div><\/div><\/div><div class=\"swiper-slide\" style=\"\"><div class=\"insideframe\"><div id=\"wplp_box_top_1395_1003\" class=\"wpcu-front-box top equalHeightImg\" ><div class=\"wplp-box-item\"><a href=\"https:\/\/popjazz.fi\/PJKits\/basso\/basso-oppimistavoitevideot\/rytmi-ja-muotorakenteet\/koko-puoli-neljasosa-ja-kahdeksasosanuotit-seka-tauot\/\"  class=\"thumbnail\"><span class=\"img_cropper\" style=\"width:150px;height:150px;margin-right:4px;margin-bottom:4px;max-width:100%;\"><img decoding=\"async\" src=\"https:\/\/popjazz.fi\/PJKits\/basso\/wp-content\/uploads\/sites\/4\/2020\/02\/bs_ic_material_product_icon_192pxxxhdpi-150x150.png\" style=\"position: absolute;top: 50%;margin-top: -75px;aspect-ratio:4\/3;\" srcset=\"\" alt=\"Koko-, puoli-, nelj\u00e4sosa- ja kahdeksasosanuotit sek\u00e4 -tauot\" class=\"wplp_thumb\" \/><\/span><\/a><a href=\"https:\/\/popjazz.fi\/PJKits\/basso\/basso-oppimistavoitevideot\/rytmi-ja-muotorakenteet\/koko-puoli-neljasosa-ja-kahdeksasosanuotit-seka-tauot\/\"  class=\"title\">Koko-, puoli-, nelj\u00e4sosa- ja kahdeksasosanuotit sek\u00e4 -tauot<\/a><\/div><\/div><div id=\"wplp_box_left_1395_1003\" class=\"wpcu-front-box left wpcu-custom-position\" ><div class=\"wplp-box-item\"><\/div><\/div><div id=\"wplp_box_right_1395_1003\" class=\"wpcu-front-box right wpcu-custom-position\" ><div class=\"wplp-box-item\"><\/div><\/div><div id=\"wplp_box_bottom_1395_1003\" class=\"wpcu-front-box bottom \" ><div class=\"wplp-box-item\"><span class=\"date\">21.1.2020<\/span><span class=\"text\"><span style=\"max-height:2.8em\" class=\"line_limit\">Tahti on jaettu tahtilajiosoituksen mukaiseen m\u00e4\u00e4r\u00e4\u00e4n iskuja, joille puolestaan on m\u00e4\u00e4ritelty tempo, eli nopeus. Esimerkiksi 4\/4 tempoon 100 tarkoittaa, ett\u00e4 yhteen tahtiin mahtuu 4 kappaletta nelj\u00e4sosanuotteja tempoon 100 (100 iskua per minutti) \n\n\n\nJokaiselle nuotille on olemassa my\u00f6s saman mittainen tauko, eli aika jolloin  nuotin tilalla on saman mittainen hiljaisuus.\n\n\n\nKokonuottin ja tauon kesto on  nelj\u00e4 nelj\u00e4sosanuottia. Kokonuottissa soitetaan siis yksi \u00e4\u00e4ni, joka kest\u00e4\u00e4 yhteens\u00e4 nelj\u00e4 nelj\u00e4sosanuottia. Tahtilajin ollessa 4\/4  kokonuotin ja tauon kesto on yksi kokonainen tahti.\n\n\n\nPuolinuotin ja tauon kesto on kaksi nelj\u00e4sosanuottia. Puolinuotissa soitetaan siis yksi \u00e4\u00e4ni, joka kest\u00e4\u00e4 yhteens\u00e4 kaksi nelj\u00e4sosaiskua. Tahtilajin ollessa 4\/4 yhteen tahtiin mahtuu kaksi kappaletta puolinuotteja ja taukoja.\n\n\n\nNelj\u00e4sosanuotti ja tauko kest\u00e4\u00e4 siis yhden iskun tahtilajin ollessa 4\/4. Yhteen tahtiin mahtuu nelj\u00e4 kappaletta nelj\u00e4sosanuotteja ja taukoja, yksi per isku.\n\n\n\nKahdeksasosanuotin ja tauon kesto on puolet nelj\u00e4sosasta. Tahtilajin ollessa 4\/4 tahtiin mahtuu kahdeksan kappaletta kahdeksasosanuotteja ja taukoja, kaksi per isku. \n\n\n\nAika-arvot taukoineen\n\n\n\nVideo\n\n\n\n\n\nKoko-, puoli-, 1\/4- ja 1\/8-osanuotit taukoineen\n\n\n\n\n\n\n\nKatso my\u00f6s:<\/span><span style=\"margin-left:3px; max-height:2.8em\" class=\"line_limit\"> [...]<\/span><\/span><span class=\"custom_fields\">\n<!-- WPLP Unknown field: Custom_Fields -->\n<\/span><\/div><\/div><\/div><\/div><div class=\"swiper-slide\" style=\"\"><div class=\"insideframe\"><div id=\"wplp_box_top_1395_1001\" class=\"wpcu-front-box top equalHeightImg\" ><div class=\"wplp-box-item\"><a href=\"https:\/\/popjazz.fi\/PJKits\/basso\/basso-oppimistavoitevideot\/rytmi-ja-muotorakenteet\/neljasosanuottien-ja-taukojen-soittaminen-vapailla-kielilla\/\"  class=\"thumbnail\"><span class=\"img_cropper\" style=\"width:150px;height:150px;margin-right:4px;margin-bottom:4px;max-width:100%;\"><img decoding=\"async\" src=\"https:\/\/popjazz.fi\/PJKits\/basso\/wp-content\/uploads\/sites\/4\/2020\/02\/bs_ic_material_product_icon_192pxxxhdpi-150x150.png\" style=\"position: absolute;top: 50%;margin-top: -75px;aspect-ratio:4\/3;\" srcset=\"\" alt=\"Nelj\u00e4sosanuottien ja -taukojen soittaminen vapailla kielill\u00e4\" class=\"wplp_thumb\" \/><\/span><\/a><a href=\"https:\/\/popjazz.fi\/PJKits\/basso\/basso-oppimistavoitevideot\/rytmi-ja-muotorakenteet\/neljasosanuottien-ja-taukojen-soittaminen-vapailla-kielilla\/\"  class=\"title\">Nelj\u00e4sosanuottien ja -taukojen soittaminen vapailla kielill\u00e4<\/a><\/div><\/div><div id=\"wplp_box_left_1395_1001\" class=\"wpcu-front-box left wpcu-custom-position\" ><div class=\"wplp-box-item\"><\/div><\/div><div id=\"wplp_box_right_1395_1001\" class=\"wpcu-front-box right wpcu-custom-position\" ><div class=\"wplp-box-item\"><\/div><\/div><div id=\"wplp_box_bottom_1395_1001\" class=\"wpcu-front-box bottom \" ><div class=\"wplp-box-item\"><span class=\"date\">21.1.2020<\/span><span class=\"text\"><span style=\"max-height:2.8em\" class=\"line_limit\">Tahti on jaettu tahtilajiosoituksen mukaiseen m\u00e4\u00e4r\u00e4\u00e4n iskuja, joille puolestaan on m\u00e4\u00e4ritelty tempo, eli nopeus. Esimerkiksi 4\/4 tempoon 100 tarkoittaa, ett\u00e4 yhteen tahtiin mahtuu 4 kappaletta nelj\u00e4sosanuotteja tempoon 100 (100 iskua per minutti) \n\n\n\nNelj\u00e4sosanuotti on siis yhden iskun mittainen nuotti. Jokaiselle nuotille on olemassa my\u00f6s saman mittainen tauko, eli aika jolloin  nuotin tilalla on saman mittainen hiljaisuus. \n\n\n\nHarjoittelun aloittaminen vapailla kielill\u00e4 auttaa keskittym\u00e4\u00e4n rytmin hallintaan ja n\u00e4pp\u00e4\u00e4v\u00e4n k\u00e4den motoriikkaan.\n\n\n\n\n\n\n\n\n\n\n\nKatso my\u00f6s:<\/span><span style=\"margin-left:3px; max-height:2.8em\" class=\"line_limit\"> [...]<\/span><\/span><span class=\"custom_fields\">\n<!-- WPLP Unknown field: Custom_Fields -->\n<\/span><\/div><\/div><\/div><\/div><\/div><div class=\"swiper-button-next\"><\/div><div class=\"swiper-button-prev\"><\/div><div class=\"swiper-pagination\"><\/div><\/div><\/div>\n\n\n<style><\/style><div class=\"wplp_outside wplp_widget_3362\" style=\"max-width:100%;\"><span class=\"wpcu_block_title\">four beat OM<\/span><div id=\"wplp_widget_3362\" class=\"wplp_widget_default wplp_container vertical swiper wplp-swiper default cols3\" data-theme=\"default\" data-post=\"3362\" style=\"\" data-max-elts=\"1\" data-per-page=\"10\"><div class=\"wplp_listposts swiper-wrapper\" id=\"default_3362\" style=\"width: 100%;\" ><div class=\"swiper-slide\" style=\"\"><div class=\"insideframe\"><div id=\"wplp_box_top_3362_400\" class=\"wpcu-front-box top equalHeightImg\" ><div class=\"wplp-box-item\"><a href=\"https:\/\/popjazz.fi\/PJKits\/oppimateriaali-basso\/oppimateriaali\/f\/four-beat-ja-walking-bass-linjojen-luominen\/\"  class=\"thumbnail\"><span class=\"img_cropper\" style=\"width:150px;height:150px;margin-right:4px;margin-bottom:4px;max-width:100%;\"><img decoding=\"async\" src=\"https:\/\/popjazz.fi\/PJKits\/basso\/wp-content\/uploads\/sites\/19\/2020\/05\/bs_ic_material_product_icon_192pxxxhdpi-150x150.png\" style=\"position: absolute;top: 50%;margin-top: -75px;aspect-ratio:4\/3;\" srcset=\"\" alt=\"Four beat ja walking bass linjojen luominen\" class=\"wplp_thumb\" \/><\/span><\/a><a href=\"https:\/\/popjazz.fi\/PJKits\/oppimateriaali-basso\/oppimateriaali\/f\/four-beat-ja-walking-bass-linjojen-luominen\/\"  class=\"title\">Four beat ja walking bass linjojen luominen<\/a><\/div><\/div><div id=\"wplp_box_left_3362_400\" class=\"wpcu-front-box left wpcu-custom-position\" ><div class=\"wplp-box-item\"><\/div><\/div><div id=\"wplp_box_right_3362_400\" class=\"wpcu-front-box right wpcu-custom-position\" ><div class=\"wplp-box-item\"><\/div><\/div><div id=\"wplp_box_bottom_3362_400\" class=\"wpcu-front-box bottom \" ><div class=\"wplp-box-item\"><span class=\"date\">21.9.2021<\/span><span class=\"text\"><span style=\"max-height:2.8em\" class=\"line_limit\">T\u00e4ll\u00e4 Tiittasen Sampon oppitunnilla tarkastellaan pintaa syvemm\u00e4lt\u00e4 fourbeat- ja walking bass -bassolinjojen muodostamista, sek\u00e4 ratkaisuja jotka niiss\u00e4 parhaiten toimivat. Fourbeat ja walking bass ovat tyypillisi\u00e4 komppaustyylej\u00e4 useissa eri musiikkityyleiss\u00e4, kuten esimerkiksi blues ja rhythm&#8217;n&#8217;blues, rock&#8217;n&#8217;roll, swing, ja useat muut jazzvaikutteiset tyylisuunnat.\n\n\n\nVideo\n\n\n\n\n\n\n\n\n\nOheismateriaali\n\n\n\nNuotti-PDF: Fourbeat ja walking bass -bassolinjojen luominen\n\n\n\nKatso my\u00f6s:<\/span><span style=\"margin-left:3px; max-height:2.8em\" class=\"line_limit\"> [...]<\/span><\/span><span class=\"custom_fields\">\n<!-- WPLP Unknown field: Custom_Fields -->\n<\/span><\/div><\/div><\/div><\/div><\/div><div class=\"swiper-button-next\"><\/div><div class=\"swiper-button-prev\"><\/div><div class=\"swiper-pagination\"><\/div><\/div><\/div>\n","protected":false},"excerpt":{"rendered":"<p>Four beat s\u00e4estysrytmiss\u00e4 soitetaan nelj\u00e4sosia kappaleen perussykkeen mukaan. Four beat kompin fraseeraus m\u00e4\u00e4rittyy soitettavan kappaleen tyylilajin, tempon ja sovituksen mukaisesti. Video Four beat esimerkki 1 Four beat esimerkki 2 Katso my\u00f6s:<\/p>\n","protected":false},"author":1,"featured_media":1282,"parent":55,"menu_order":14,"comment_status":"closed","ping_status":"closed","template":"","meta":{"footnotes":""},"tags":[],"class_list":["post-378","page","type-page","status-publish","has-post-thumbnail","hentry"],"_links":{"self":[{"href":"https:\/\/popjazz.fi\/PJKits\/basso\/wp-json\/wp\/v2\/pages\/378","targetHints":{"allow":["GET"]}}],"collection":[{"href":"https:\/\/popjazz.fi\/PJKits\/basso\/wp-json\/wp\/v2\/pages"}],"about":[{"href":"https:\/\/popjazz.fi\/PJKits\/basso\/wp-json\/wp\/v2\/types\/page"}],"author":[{"embeddable":true,"href":"https:\/\/popjazz.fi\/PJKits\/basso\/wp-json\/wp\/v2\/users\/1"}],"replies":[{"embeddable":true,"href":"https:\/\/popjazz.fi\/PJKits\/basso\/wp-json\/wp\/v2\/comments?post=378"}],"version-history":[{"count":12,"href":"https:\/\/popjazz.fi\/PJKits\/basso\/wp-json\/wp\/v2\/pages\/378\/revisions"}],"predecessor-version":[{"id":3363,"href":"https:\/\/popjazz.fi\/PJKits\/basso\/wp-json\/wp\/v2\/pages\/378\/revisions\/3363"}],"up":[{"embeddable":true,"href":"https:\/\/popjazz.fi\/PJKits\/basso\/wp-json\/wp\/v2\/pages\/55"}],"wp:featuredmedia":[{"embeddable":true,"href":"https:\/\/popjazz.fi\/PJKits\/basso\/wp-json\/wp\/v2\/media\/1282"}],"wp:attachment":[{"href":"https:\/\/popjazz.fi\/PJKits\/basso\/wp-json\/wp\/v2\/media?parent=378"}],"wp:term":[{"taxonomy":"post_tag","embeddable":true,"href":"https:\/\/popjazz.fi\/PJKits\/basso\/wp-json\/wp\/v2\/tags?post=378"}],"curies":[{"name":"wp","href":"https:\/\/api.w.org\/{rel}","templated":true}]}}