{"id":384,"date":"2019-10-06T08:15:29","date_gmt":"2019-10-06T05:15:29","guid":{"rendered":"https:\/\/popjazz.fi\/PJKits\/basso\/?page_id=384"},"modified":"2021-03-30T11:53:09","modified_gmt":"2021-03-30T08:53:09","slug":"synkopointi","status":"publish","type":"page","link":"https:\/\/popjazz.fi\/PJKits\/basso\/basso-oppimistavoitevideot\/rytmi-ja-muotorakenteet\/synkopointi\/","title":{"rendered":"Synkopointi"},"content":{"rendered":"\n<p>Synkopointi tarkoittaa siirretty\u00e4 vahvaa tahdinosaa. Perinteisesti vahvin tahdinosa sijaitsee tahdin ykk\u00f6sell\u00e4, mutta se voidaan esimerkiksi aikaistaa edelt\u00e4v\u00e4n tahdin viimeiselle kahdeksasosalle, jolloin muodostuu synkooppi. Synkooppi ei ole tyylilajiin liittyv\u00e4 ilmi\u00f6, vaan mink\u00e4 tahansa tyylilajin, mik\u00e4 tahansa vahva tahdinosa voi siirty\u00e4 synkoopiksi<\/p>\n\n\n\n<h4 class=\"wp-block-heading\">Video<\/h4>\n\n\n\n<figure class=\"wp-block-embed-vimeo wp-block-embed is-type-video is-provider-vimeo wp-embed-aspect-16-9 wp-has-aspect-ratio\"><div class=\"wp-block-embed__wrapper\">\n<iframe loading=\"lazy\" src=\"https:\/\/player.vimeo.com\/video\/444851077?dnt=1&amp;app_id=122963\" width=\"840\" height=\"473\" frameborder=\"0\" allow=\"autoplay; fullscreen\" allowfullscreen><\/iframe>\n<\/div><\/figure>\n\n\n\n<p><strong>Synkopointi beat<\/strong><\/p>\n\n\n\n<figure class=\"wp-block-image size-large\"><img loading=\"lazy\" decoding=\"async\" width=\"1024\" height=\"272\" src=\"https:\/\/popjazz.fi\/PJKits\/basso\/wp-content\/uploads\/sites\/4\/2021\/03\/synkopointi-beat-1024x272.png\" alt=\"\" class=\"wp-image-3073\" srcset=\"https:\/\/popjazz.fi\/PJKits\/basso\/wp-content\/uploads\/sites\/4\/2021\/03\/synkopointi-beat-1024x272.png 1024w, https:\/\/popjazz.fi\/PJKits\/basso\/wp-content\/uploads\/sites\/4\/2021\/03\/synkopointi-beat-300x80.png 300w, https:\/\/popjazz.fi\/PJKits\/basso\/wp-content\/uploads\/sites\/4\/2021\/03\/synkopointi-beat-150x40.png 150w, https:\/\/popjazz.fi\/PJKits\/basso\/wp-content\/uploads\/sites\/4\/2021\/03\/synkopointi-beat-768x204.png 768w, https:\/\/popjazz.fi\/PJKits\/basso\/wp-content\/uploads\/sites\/4\/2021\/03\/synkopointi-beat-1536x408.png 1536w, https:\/\/popjazz.fi\/PJKits\/basso\/wp-content\/uploads\/sites\/4\/2021\/03\/synkopointi-beat-2048x545.png 2048w, https:\/\/popjazz.fi\/PJKits\/basso\/wp-content\/uploads\/sites\/4\/2021\/03\/synkopointi-beat-1200x319.png 1200w\" sizes=\"auto, (max-width: 709px) 85vw, (max-width: 909px) 67vw, (max-width: 1362px) 62vw, 840px\" \/><\/figure>\n\n\n\n<p><strong>Synkopointi Rock\u00b4n\u00b4roll<\/strong><\/p>\n\n\n\n<figure class=\"wp-block-image size-large\"><img loading=\"lazy\" decoding=\"async\" width=\"1024\" height=\"290\" src=\"https:\/\/popjazz.fi\/PJKits\/basso\/wp-content\/uploads\/sites\/4\/2021\/03\/synkopointi-r\u00b4n\u00b4r-1024x290.png\" alt=\"\" class=\"wp-image-3074\" srcset=\"https:\/\/popjazz.fi\/PJKits\/basso\/wp-content\/uploads\/sites\/4\/2021\/03\/synkopointi-r\u00b4n\u00b4r-1024x290.png 1024w, https:\/\/popjazz.fi\/PJKits\/basso\/wp-content\/uploads\/sites\/4\/2021\/03\/synkopointi-r\u00b4n\u00b4r-300x85.png 300w, https:\/\/popjazz.fi\/PJKits\/basso\/wp-content\/uploads\/sites\/4\/2021\/03\/synkopointi-r\u00b4n\u00b4r-150x43.png 150w, https:\/\/popjazz.fi\/PJKits\/basso\/wp-content\/uploads\/sites\/4\/2021\/03\/synkopointi-r\u00b4n\u00b4r-768x218.png 768w, https:\/\/popjazz.fi\/PJKits\/basso\/wp-content\/uploads\/sites\/4\/2021\/03\/synkopointi-r\u00b4n\u00b4r-1536x435.png 1536w, https:\/\/popjazz.fi\/PJKits\/basso\/wp-content\/uploads\/sites\/4\/2021\/03\/synkopointi-r\u00b4n\u00b4r-2048x581.png 2048w, https:\/\/popjazz.fi\/PJKits\/basso\/wp-content\/uploads\/sites\/4\/2021\/03\/synkopointi-r\u00b4n\u00b4r-1200x340.png 1200w\" sizes=\"auto, (max-width: 709px) 85vw, (max-width: 909px) 67vw, (max-width: 1362px) 62vw, 840px\" \/><\/figure>\n\n\n\n<hr class=\"wp-block-separator\"\/>\n\n\n\n<p class=\"has-medium-font-size\">Katso my\u00f6s:<\/p>\n\n\n<style><\/style><div class=\"wplp_outside wplp_widget_1399\" style=\"max-width:100%;\"><span class=\"wpcu_block_title\">Synkopointi<\/span><div id=\"wplp_widget_1399\" class=\"wplp_widget_default wplp_container vertical swiper wplp-swiper default cols3\" data-theme=\"default\" data-post=\"1399\" style=\"\" data-max-elts=\"6\" data-per-page=\"10\"><div class=\"wplp_listposts swiper-wrapper\" id=\"default_1399\" style=\"width: 100%;\" ><div class=\"swiper-slide\" style=\"\"><div class=\"insideframe\"><div id=\"wplp_box_top_1399_1033\" class=\"wpcu-front-box top equalHeightImg\" ><div class=\"wplp-box-item\"><a href=\"https:\/\/popjazz.fi\/PJKits\/basso\/basso-oppimistavoitevideot\/rytmi-ja-muotorakenteet\/polyrytmiikka\/\"  class=\"thumbnail\"><span class=\"img_cropper\" style=\"width:150px;height:150px;margin-right:4px;margin-bottom:4px;max-width:100%;\"><img decoding=\"async\" src=\"https:\/\/popjazz.fi\/PJKits\/basso\/wp-content\/uploads\/sites\/4\/2020\/02\/bs_ic_material_product_icon_192pxxxhdpi-150x150.png\" style=\"position: absolute;top: 50%;margin-top: -75px;aspect-ratio:4\/3;\" srcset=\"\" alt=\"Polyrytmiikka\" class=\"wplp_thumb\" \/><\/span><\/a><a href=\"https:\/\/popjazz.fi\/PJKits\/basso\/basso-oppimistavoitevideot\/rytmi-ja-muotorakenteet\/polyrytmiikka\/\"  class=\"title\">Polyrytmiikka<\/a><\/div><\/div><div id=\"wplp_box_left_1399_1033\" class=\"wpcu-front-box left wpcu-custom-position\" ><div class=\"wplp-box-item\"><\/div><\/div><div id=\"wplp_box_right_1399_1033\" class=\"wpcu-front-box right wpcu-custom-position\" ><div class=\"wplp-box-item\"><\/div><\/div><div id=\"wplp_box_bottom_1399_1033\" class=\"wpcu-front-box bottom \" ><div class=\"wplp-box-item\"><span class=\"date\">21.1.2020<\/span><span class=\"text\"><span style=\"max-height:2.8em\" class=\"line_limit\">Polyrytmill\u00e4 tarkoitetaan yhdistelm\u00e4\u00e4, jossa aikayksikk\u00f6 jaetaan eri \u00e4\u00e4niss\u00e4 (kahdessa tai useammassa) eri suuruisiin osiin, niin ett\u00e4 n\u00e4m\u00e4 osat eiv\u00e4t ole kesken\u00e4\u00e4n jaollisia, esimerkiksi niin ett\u00e4 tahti jaetaan yht\u00e4aikaa kolmen ja nelj\u00e4n mittaisiin osiin.\n\n\n\nVideo\n\n\n\n\n\nPolyrytmiikka\n\n\n\n\n\n\n\n\n\n\n\nKatso my\u00f6s:<\/span><span style=\"margin-left:3px; max-height:2.8em\" class=\"line_limit\"> [...]<\/span><\/span><span class=\"custom_fields\">\n<!-- WPLP Unknown field: Custom_Fields -->\n<\/span><\/div><\/div><\/div><\/div><div class=\"swiper-slide\" style=\"\"><div class=\"insideframe\"><div id=\"wplp_box_top_1399_380\" class=\"wpcu-front-box top equalHeightImg\" ><div class=\"wplp-box-item\"><a href=\"https:\/\/popjazz.fi\/PJKits\/basso\/basso-oppimistavoitevideot\/rytmi-ja-muotorakenteet\/kolmimuunteisuus\/\"  class=\"thumbnail\"><span class=\"img_cropper\" style=\"width:150px;height:150px;margin-right:4px;margin-bottom:4px;max-width:100%;\"><img decoding=\"async\" src=\"https:\/\/popjazz.fi\/PJKits\/basso\/wp-content\/uploads\/sites\/4\/2020\/02\/bs_ic_material_product_icon_192pxxxhdpi-150x150.png\" style=\"position: absolute;top: 50%;margin-top: -75px;aspect-ratio:4\/3;\" srcset=\"\" alt=\"Kolmimuunteisuus\" class=\"wplp_thumb\" \/><\/span><\/a><a href=\"https:\/\/popjazz.fi\/PJKits\/basso\/basso-oppimistavoitevideot\/rytmi-ja-muotorakenteet\/kolmimuunteisuus\/\"  class=\"title\">Kolmimuunteisuus<\/a><\/div><\/div><div id=\"wplp_box_left_1399_380\" class=\"wpcu-front-box left wpcu-custom-position\" ><div class=\"wplp-box-item\"><\/div><\/div><div id=\"wplp_box_right_1399_380\" class=\"wpcu-front-box right wpcu-custom-position\" ><div class=\"wplp-box-item\"><\/div><\/div><div id=\"wplp_box_bottom_1399_380\" class=\"wpcu-front-box bottom \" ><div class=\"wplp-box-item\"><span class=\"date\">6.10.2019<\/span><span class=\"text\"><span style=\"max-height:2.8em\" class=\"line_limit\">Kolmimuunteisuus on soittotapa, jossa iskuala, esimerkiksi nelj\u00e4sosa, jaetaan kolmeen yht\u00e4 suureen osaan, trioliin. Trioli jaetaan kolmimuunteisille kahdeksasosille suhteessa kahden suhde yhteen, eli iskullinen kahdeksasosa kest\u00e4\u00e4 kaksi triolin kahdeksasosaa ja iskuton yhden. Soitettaessa nelj\u00e4sosia kolmimuunteisesti triolin viimeinen kahdeksasosa on tyypillisesti taukoa.\n\n\n\nKolmimuunteisuuden m\u00e4\u00e4r\u00e4 ei kuitenkaan ole vakio vaan se vaihtelee esimerkiksi tyylilajin ja tempon mukaan. My\u00f6s soittajien kesken voi olla eri n\u00e4kemyksi\u00e4 kolmimuunteisuuden m\u00e4\u00e4r\u00e4st\u00e4, joten yhteisen swengin l\u00f6ytyminen vaatii tarkkaavaista kuuntelua.\n\n\n\nVideo\n\n\n\n\n\n\n\n\n\n\n\n\n\n\n\n\n\nKatso my\u00f6s:<\/span><span style=\"margin-left:3px; max-height:2.8em\" class=\"line_limit\"> [...]<\/span><\/span><span class=\"custom_fields\">\n<!-- WPLP Unknown field: Custom_Fields -->\n<\/span><\/div><\/div><\/div><\/div><div class=\"swiper-slide\" style=\"\"><div class=\"insideframe\"><div id=\"wplp_box_top_1399_1031\" class=\"wpcu-front-box top equalHeightImg\" ><div class=\"wplp-box-item\"><a href=\"https:\/\/popjazz.fi\/PJKits\/basso\/basso-oppimistavoitevideot\/rytmi-ja-muotorakenteet\/pisteelliset-aika-arvot-ja-yhdyskaaret\/\"  class=\"thumbnail\"><span class=\"img_cropper\" style=\"width:150px;height:150px;margin-right:4px;margin-bottom:4px;max-width:100%;\"><img decoding=\"async\" src=\"https:\/\/popjazz.fi\/PJKits\/basso\/wp-content\/uploads\/sites\/4\/2020\/02\/bs_ic_material_product_icon_192pxxxhdpi-150x150.png\" style=\"position: absolute;top: 50%;margin-top: -75px;aspect-ratio:4\/3;\" srcset=\"\" alt=\"Pisteelliset aika-arvot ja yhdyskaaret\" class=\"wplp_thumb\" \/><\/span><\/a><a href=\"https:\/\/popjazz.fi\/PJKits\/basso\/basso-oppimistavoitevideot\/rytmi-ja-muotorakenteet\/pisteelliset-aika-arvot-ja-yhdyskaaret\/\"  class=\"title\">Pisteelliset aika-arvot ja yhdyskaaret<\/a><\/div><\/div><div id=\"wplp_box_left_1399_1031\" class=\"wpcu-front-box left wpcu-custom-position\" ><div class=\"wplp-box-item\"><\/div><\/div><div id=\"wplp_box_right_1399_1031\" class=\"wpcu-front-box right wpcu-custom-position\" ><div class=\"wplp-box-item\"><\/div><\/div><div id=\"wplp_box_bottom_1399_1031\" class=\"wpcu-front-box bottom \" ><div class=\"wplp-box-item\"><span class=\"date\">21.1.2020<\/span><span class=\"text\"><span style=\"max-height:2.8em\" class=\"line_limit\">Nuotin yhteydess\u00e4 oleva piste jatkaa nuotin omaa aika-arvoa puolella sen omasta aika-arvosta. Esimerkiksi nelj\u00e4sosanuotin yhteydess\u00e4 oleva piste pident\u00e4\u00e4 ko. nelj\u00e4sosanuottia kahdeksasosan verran ja nuotin oikea aika-arvo on siis 1\/4 + 1\/8.\n\n\n\n= kokonuotti + puolinuotti\n\n\n\n= puolinuotti + nelj\u00e4sosanuotti\n\n\n\n= nelj\u00e4sosa + kahdeksasosanuotti\n\n\n\n= kahdeksasosanuotti + kuudestoistaosanuotti\n\n\n\n= kuudestoisaosanuotti + kolmaskymmeneskahdesosanuotti\n\n\n\nYhdyskaarta  k\u00e4ytet\u00e4\u00e4n, kun soivan \u00e4\u00e4nen kesto jatkuu&nbsp;\n\n\n\niskujen rajan yli\n\n\n\niskualojen rajan yli\n\n\n\ntai tahtiviivan yli.\n\n\n\nVideo\n\n\n\n\n\nPisteelliset aika-arvot ja yhdyskaaret\n\n\n\n\n\n\n\nKatso my\u00f6s:<\/span><span style=\"margin-left:3px; max-height:2.8em\" class=\"line_limit\"> [...]<\/span><\/span><span class=\"custom_fields\">\n<!-- WPLP Unknown field: Custom_Fields -->\n<\/span><\/div><\/div><\/div><\/div><div class=\"swiper-slide\" style=\"\"><div class=\"insideframe\"><div id=\"wplp_box_top_1399_399\" class=\"wpcu-front-box top equalHeightImg\" ><div class=\"wplp-box-item\"><a href=\"https:\/\/popjazz.fi\/PJKits\/basso\/basso-oppimistavoitevideot\/melodia-ja-improvisointi\/walking-bass-tekniikka\/\"  class=\"thumbnail\"><span class=\"img_cropper\" style=\"width:150px;height:150px;margin-right:4px;margin-bottom:4px;max-width:100%;\"><img decoding=\"async\" src=\"https:\/\/popjazz.fi\/PJKits\/basso\/wp-content\/uploads\/sites\/4\/2020\/02\/bs_ic_material_product_icon_192pxxxhdpi-150x150.png\" style=\"position: absolute;top: 50%;margin-top: -75px;aspect-ratio:4\/3;\" srcset=\"\" alt=\"Walking bass -tekniikka\" class=\"wplp_thumb\" \/><\/span><\/a><a href=\"https:\/\/popjazz.fi\/PJKits\/basso\/basso-oppimistavoitevideot\/melodia-ja-improvisointi\/walking-bass-tekniikka\/\"  class=\"title\">Walking bass -tekniikka<\/a><\/div><\/div><div id=\"wplp_box_left_1399_399\" class=\"wpcu-front-box left wpcu-custom-position\" ><div class=\"wplp-box-item\"><\/div><\/div><div id=\"wplp_box_right_1399_399\" class=\"wpcu-front-box right wpcu-custom-position\" ><div class=\"wplp-box-item\"><\/div><\/div><div id=\"wplp_box_bottom_1399_399\" class=\"wpcu-front-box bottom \" ><div class=\"wplp-box-item\"><span class=\"date\">6.10.2019<\/span><span class=\"text\"><span style=\"max-height:2.8em\" class=\"line_limit\">Walking bass on erityisesti jazzissa swing ja bebop tyyleiss\u00e4 tyypillinen s\u00e4estystapa, mutta sen juuret l\u00f6ytyv\u00e4t my\u00f6s monesta muusta musiikkityylist\u00e4, esimerkiksi Rock\u00b4n\u00b4Roll ja blues musiikista. Se ilmaisee samaan aikaan sek\u00e4 rytmi\u00e4, ett\u00e4 harmoniaa luoden samalla s\u00e4est\u00e4v\u00e4\u00e4 melodiaa kappaleen p\u00e4\u00e4melodian rinnalle. Walking bass on yleens\u00e4 per\u00e4tt\u00e4isist\u00e4 nelj\u00e4sosista koostuva linja, joka s\u00e4velill\u00e4\u00e4n ilment\u00e4\u00e4 sointuja ja niiden vaihdoksia. Siksi sointujen, sek\u00e4 niiden laajennusten tunteminen onkin olennainen taito walking bass-linjoja soitettaessa.\n\n\n\nSointujen tuntemisen lis\u00e4ksi bassolinjan muodostamiseen vaikuttavat my\u00f6s kappaleen s\u00e4vellaji ja sointuihin liittyv\u00e4t asteikot, sek\u00e4 kromaattiset ja tonaaliset liikkeet sointus\u00e4veliin. Walking bass -soiton voidaankin sanoa olevan jo itsess\u00e4\u00e4n pitk\u00e4lle viety\u00e4improvisointia.\n\n\n\nVideo\n\n\n\n\n\n\n\n\n\nVideon walking bass -esimerkki:\n\n\n\n\n\n\n\n\n\n\n\nKatso my\u00f6s:<\/span><span style=\"margin-left:3px; max-height:2.8em\" class=\"line_limit\"> [...]<\/span><\/span><span class=\"custom_fields\">\n<!-- WPLP Unknown field: Custom_Fields -->\n<\/span><\/div><\/div><\/div><\/div><div class=\"swiper-slide\" style=\"\"><div class=\"insideframe\"><div id=\"wplp_box_top_1399_397\" class=\"wpcu-front-box top equalHeightImg\" ><div class=\"wplp-box-item\"><a href=\"https:\/\/popjazz.fi\/PJKits\/basso\/basso-oppimistavoitevideot\/melodia-ja-improvisointi\/saestysrytmien-variointi\/\"  class=\"thumbnail\"><span class=\"img_cropper\" style=\"width:150px;height:150px;margin-right:4px;margin-bottom:4px;max-width:100%;\"><img decoding=\"async\" src=\"https:\/\/popjazz.fi\/PJKits\/basso\/wp-content\/uploads\/sites\/4\/2020\/02\/bs_ic_material_product_icon_192pxxxhdpi-150x150.png\" style=\"position: absolute;top: 50%;margin-top: -75px;aspect-ratio:4\/3;\" srcset=\"\" alt=\"S\u00e4estysrytmien variointi\" class=\"wplp_thumb\" \/><\/span><\/a><a href=\"https:\/\/popjazz.fi\/PJKits\/basso\/basso-oppimistavoitevideot\/melodia-ja-improvisointi\/saestysrytmien-variointi\/\"  class=\"title\">S\u00e4estysrytmien variointi<\/a><\/div><\/div><div id=\"wplp_box_left_1399_397\" class=\"wpcu-front-box left wpcu-custom-position\" ><div class=\"wplp-box-item\"><\/div><\/div><div id=\"wplp_box_right_1399_397\" class=\"wpcu-front-box right wpcu-custom-position\" ><div class=\"wplp-box-item\"><\/div><\/div><div id=\"wplp_box_bottom_1399_397\" class=\"wpcu-front-box bottom \" ><div class=\"wplp-box-item\"><span class=\"date\">6.10.2019<\/span><span class=\"text\"><span style=\"max-height:2.8em\" class=\"line_limit\">Yleisimpi\u00e4 improvisoinnin muotoja bassolla on s\u00e4estysrytmien variointi, eli vaihtoehtoisten rytmien luominen soittohetkell\u00e4. Rytmin varioinnin mukana voi olla my\u00f6s harmonista muuntelua sointus\u00e4velien mukaan. \n\n\n\nVideo\n\n\n\n\n\nVariointiesimerkkej\u00e4 beat-, four beat- ja cha-cha -s\u00e4estysrytmeill\u00e4\n\n\n\n\n\n\n\nKatso my\u00f6s:<\/span><span style=\"margin-left:3px; max-height:2.8em\" class=\"line_limit\"> [...]<\/span><\/span><span class=\"custom_fields\">\n<!-- WPLP Unknown field: Custom_Fields -->\n<\/span><\/div><\/div><\/div><\/div><div class=\"swiper-slide\" style=\"\"><div class=\"insideframe\"><div id=\"wplp_box_top_1399_1003\" class=\"wpcu-front-box top equalHeightImg\" ><div class=\"wplp-box-item\"><a href=\"https:\/\/popjazz.fi\/PJKits\/basso\/basso-oppimistavoitevideot\/rytmi-ja-muotorakenteet\/koko-puoli-neljasosa-ja-kahdeksasosanuotit-seka-tauot\/\"  class=\"thumbnail\"><span class=\"img_cropper\" style=\"width:150px;height:150px;margin-right:4px;margin-bottom:4px;max-width:100%;\"><img decoding=\"async\" src=\"https:\/\/popjazz.fi\/PJKits\/basso\/wp-content\/uploads\/sites\/4\/2020\/02\/bs_ic_material_product_icon_192pxxxhdpi-150x150.png\" style=\"position: absolute;top: 50%;margin-top: -75px;aspect-ratio:4\/3;\" srcset=\"\" alt=\"Koko-, puoli-, nelj\u00e4sosa- ja kahdeksasosanuotit sek\u00e4 -tauot\" class=\"wplp_thumb\" \/><\/span><\/a><a href=\"https:\/\/popjazz.fi\/PJKits\/basso\/basso-oppimistavoitevideot\/rytmi-ja-muotorakenteet\/koko-puoli-neljasosa-ja-kahdeksasosanuotit-seka-tauot\/\"  class=\"title\">Koko-, puoli-, nelj\u00e4sosa- ja kahdeksasosanuotit sek\u00e4 -tauot<\/a><\/div><\/div><div id=\"wplp_box_left_1399_1003\" class=\"wpcu-front-box left wpcu-custom-position\" ><div class=\"wplp-box-item\"><\/div><\/div><div id=\"wplp_box_right_1399_1003\" class=\"wpcu-front-box right wpcu-custom-position\" ><div class=\"wplp-box-item\"><\/div><\/div><div id=\"wplp_box_bottom_1399_1003\" class=\"wpcu-front-box bottom \" ><div class=\"wplp-box-item\"><span class=\"date\">21.1.2020<\/span><span class=\"text\"><span style=\"max-height:2.8em\" class=\"line_limit\">Tahti on jaettu tahtilajiosoituksen mukaiseen m\u00e4\u00e4r\u00e4\u00e4n iskuja, joille puolestaan on m\u00e4\u00e4ritelty tempo, eli nopeus. Esimerkiksi 4\/4 tempoon 100 tarkoittaa, ett\u00e4 yhteen tahtiin mahtuu 4 kappaletta nelj\u00e4sosanuotteja tempoon 100 (100 iskua per minutti) \n\n\n\nJokaiselle nuotille on olemassa my\u00f6s saman mittainen tauko, eli aika jolloin  nuotin tilalla on saman mittainen hiljaisuus.\n\n\n\nKokonuottin ja tauon kesto on  nelj\u00e4 nelj\u00e4sosanuottia. Kokonuottissa soitetaan siis yksi \u00e4\u00e4ni, joka kest\u00e4\u00e4 yhteens\u00e4 nelj\u00e4 nelj\u00e4sosanuottia. Tahtilajin ollessa 4\/4  kokonuotin ja tauon kesto on yksi kokonainen tahti.\n\n\n\nPuolinuotin ja tauon kesto on kaksi nelj\u00e4sosanuottia. Puolinuotissa soitetaan siis yksi \u00e4\u00e4ni, joka kest\u00e4\u00e4 yhteens\u00e4 kaksi nelj\u00e4sosaiskua. Tahtilajin ollessa 4\/4 yhteen tahtiin mahtuu kaksi kappaletta puolinuotteja ja taukoja.\n\n\n\nNelj\u00e4sosanuotti ja tauko kest\u00e4\u00e4 siis yhden iskun tahtilajin ollessa 4\/4. Yhteen tahtiin mahtuu nelj\u00e4 kappaletta nelj\u00e4sosanuotteja ja taukoja, yksi per isku.\n\n\n\nKahdeksasosanuotin ja tauon kesto on puolet nelj\u00e4sosasta. Tahtilajin ollessa 4\/4 tahtiin mahtuu kahdeksan kappaletta kahdeksasosanuotteja ja taukoja, kaksi per isku. \n\n\n\nAika-arvot taukoineen\n\n\n\nVideo\n\n\n\n\n\nKoko-, puoli-, 1\/4- ja 1\/8-osanuotit taukoineen\n\n\n\n\n\n\n\nKatso my\u00f6s:<\/span><span style=\"margin-left:3px; max-height:2.8em\" class=\"line_limit\"> [...]<\/span><\/span><span class=\"custom_fields\">\n<!-- WPLP Unknown field: Custom_Fields -->\n<\/span><\/div><\/div><\/div><\/div><\/div><div class=\"swiper-button-next\"><\/div><div class=\"swiper-button-prev\"><\/div><div class=\"swiper-pagination\"><\/div><\/div><\/div>\n","protected":false},"excerpt":{"rendered":"<p>Synkopointi tarkoittaa siirretty\u00e4 vahvaa tahdinosaa. Perinteisesti vahvin tahdinosa sijaitsee tahdin ykk\u00f6sell\u00e4, mutta se voidaan esimerkiksi aikaistaa edelt\u00e4v\u00e4n tahdin viimeiselle kahdeksasosalle, jolloin muodostuu synkooppi. Synkooppi ei ole tyylilajiin liittyv\u00e4 ilmi\u00f6, vaan mink\u00e4 tahansa tyylilajin, mik\u00e4 tahansa vahva tahdinosa voi siirty\u00e4 synkoopiksi Video Synkopointi beat Synkopointi Rock\u00b4n\u00b4roll Katso my\u00f6s:<\/p>\n","protected":false},"author":1,"featured_media":1282,"parent":55,"menu_order":17,"comment_status":"closed","ping_status":"closed","template":"","meta":{"footnotes":""},"tags":[],"class_list":["post-384","page","type-page","status-publish","has-post-thumbnail","hentry"],"_links":{"self":[{"href":"https:\/\/popjazz.fi\/PJKits\/basso\/wp-json\/wp\/v2\/pages\/384","targetHints":{"allow":["GET"]}}],"collection":[{"href":"https:\/\/popjazz.fi\/PJKits\/basso\/wp-json\/wp\/v2\/pages"}],"about":[{"href":"https:\/\/popjazz.fi\/PJKits\/basso\/wp-json\/wp\/v2\/types\/page"}],"author":[{"embeddable":true,"href":"https:\/\/popjazz.fi\/PJKits\/basso\/wp-json\/wp\/v2\/users\/1"}],"replies":[{"embeddable":true,"href":"https:\/\/popjazz.fi\/PJKits\/basso\/wp-json\/wp\/v2\/comments?post=384"}],"version-history":[{"count":9,"href":"https:\/\/popjazz.fi\/PJKits\/basso\/wp-json\/wp\/v2\/pages\/384\/revisions"}],"predecessor-version":[{"id":3075,"href":"https:\/\/popjazz.fi\/PJKits\/basso\/wp-json\/wp\/v2\/pages\/384\/revisions\/3075"}],"up":[{"embeddable":true,"href":"https:\/\/popjazz.fi\/PJKits\/basso\/wp-json\/wp\/v2\/pages\/55"}],"wp:featuredmedia":[{"embeddable":true,"href":"https:\/\/popjazz.fi\/PJKits\/basso\/wp-json\/wp\/v2\/media\/1282"}],"wp:attachment":[{"href":"https:\/\/popjazz.fi\/PJKits\/basso\/wp-json\/wp\/v2\/media?parent=384"}],"wp:term":[{"taxonomy":"post_tag","embeddable":true,"href":"https:\/\/popjazz.fi\/PJKits\/basso\/wp-json\/wp\/v2\/tags?post=384"}],"curies":[{"name":"wp","href":"https:\/\/api.w.org\/{rel}","templated":true}]}}