{"id":39,"date":"2019-09-22T08:14:37","date_gmt":"2019-09-22T05:14:37","guid":{"rendered":"https:\/\/popjazz.fi\/PJKits\/basso\/?page_id=39"},"modified":"2021-09-28T08:54:56","modified_gmt":"2021-09-28T05:54:56","slug":"i-asema","status":"publish","type":"page","link":"https:\/\/popjazz.fi\/PJKits\/basso\/basso-oppimistavoitevideot\/instrumentin-hallinta\/i-asema\/","title":{"rendered":"I-asema"},"content":{"rendered":"\n<p>Kun otek\u00e4si on asemoitu otelaudelle niin, ett\u00e4 jokainen sormi soittaa \u00e4\u00e4nen aina yhden nauhav\u00e4lin kohdalta, otek\u00e4den asema ilmoitetaan sen mukaan monennenko nauhan kohdalla otek\u00e4den etusormi on.<\/p>\n\n\n\n<p>I -asemassa otek\u00e4den etusormi on ensimm\u00e4isell\u00e4 nauhav\u00e4lin kohdalla, keskisormi toisen, nimet\u00f6n kolmannen ja pikkusormi nelj\u00e4nnen.<\/p>\n\n\n\n<h4 class=\"wp-block-heading\">Video<\/h4>\n\n\n\n<figure class=\"wp-block-embed-vimeo wp-block-embed is-type-video is-provider-vimeo wp-embed-aspect-16-9 wp-has-aspect-ratio\"><div class=\"wp-block-embed__wrapper\">\n<iframe loading=\"lazy\" src=\"https:\/\/player.vimeo.com\/video\/504776891?dnt=1&amp;app_id=122963\" width=\"840\" height=\"473\" frameborder=\"0\" allow=\"autoplay; fullscreen; picture-in-picture\" allowfullscreen><\/iframe>\n<\/div><figcaption>I-asemasta soittaminen<\/figcaption><\/figure>\n\n\n\n<hr class=\"wp-block-separator\"\/>\n\n\n\n<p class=\"has-medium-font-size\">Katso my\u00f6s:<\/p>\n\n\n<style><\/style><div class=\"wplp_outside wplp_widget_1579\" style=\"max-width:100%;\"><span class=\"wpcu_block_title\">I-asema<\/span><div id=\"wplp_widget_1579\" class=\"wplp_widget_default wplp_container vertical swiper wplp-swiper default cols3\" data-theme=\"default\" data-post=\"1579\" style=\"\" data-max-elts=\"5\" data-per-page=\"10\"><div class=\"wplp_listposts swiper-wrapper\" id=\"default_1579\" style=\"width: 100%;\" ><div class=\"swiper-slide\" style=\"\"><div class=\"insideframe\"><div id=\"wplp_box_top_1579_303\" class=\"wpcu-front-box top equalHeightImg\" ><div class=\"wplp-box-item\"><a href=\"https:\/\/popjazz.fi\/PJKits\/basso\/basso-oppimistavoitevideot\/harmonia\/mollipentatoninen-i-asemasta\/\"  class=\"thumbnail\"><span class=\"img_cropper\" style=\"width:150px;height:150px;margin-right:4px;margin-bottom:4px;max-width:100%;\"><img decoding=\"async\" src=\"https:\/\/popjazz.fi\/PJKits\/basso\/wp-content\/uploads\/sites\/4\/2020\/02\/bs_ic_material_product_icon_192pxxxhdpi-150x150.png\" style=\"position: absolute;top: 50%;margin-top: -75px;aspect-ratio:4\/3;\" srcset=\"\" alt=\"Mollipentatoninen  I-asemasta\" class=\"wplp_thumb\" \/><\/span><\/a><a href=\"https:\/\/popjazz.fi\/PJKits\/basso\/basso-oppimistavoitevideot\/harmonia\/mollipentatoninen-i-asemasta\/\"  class=\"title\">Mollipentatoninen  I-asemasta<\/a><\/div><\/div><div id=\"wplp_box_left_1579_303\" class=\"wpcu-front-box left wpcu-custom-position\" ><div class=\"wplp-box-item\"><\/div><\/div><div id=\"wplp_box_right_1579_303\" class=\"wpcu-front-box right wpcu-custom-position\" ><div class=\"wplp-box-item\"><\/div><\/div><div id=\"wplp_box_bottom_1579_303\" class=\"wpcu-front-box bottom \" ><div class=\"wplp-box-item\"><span class=\"date\">5.10.2019<\/span><span class=\"text\"><span style=\"max-height:2.8em\" class=\"line_limit\">Pentatoninen asteikko on s\u00e4velasteikko, jossa on viisi s\u00e4velt\u00e4 oktaavia kohden, toisin kuin diatonisissa duuri- ja molliasteikoissa, joissa s\u00e4veli\u00e4 on seitsem\u00e4n.Mollipentatoninen asteikko muodostetaan j\u00e4tt\u00e4m\u00e4ll\u00e4 luonnollisesta molliasteikosta sen toinen ja kuudes s\u00e4vel pois.Esimerkiksi C- mollipentatonisen asteikon s\u00e4velet ovat C, Es, F, G ja Bb, eli 1, b3, 4, 5, ja b7.\n\n\n\n\n\n\n\n\n\n\n\nI- asemasta soittaessa otelautak\u00e4den etusormi on 1. nauhavaliss\u00e4, keskisormi 2. nauhav\u00e4liss\u00e4 jne. N\u00e4in ollen osa asteikon \u00e4\u00e4nist\u00e4 tulee soitettavaksi vapailta kielilt\u00e4.\n\n\n\nVideo\n\n\n\n\n\n\n\n\n\n\n\n\n\nKatso my\u00f6s:<\/span><span style=\"margin-left:3px; max-height:2.8em\" class=\"line_limit\"> [...]<\/span><\/span><span class=\"custom_fields\">\n<!-- WPLP Unknown field: Custom_Fields -->\n<\/span><\/div><\/div><\/div><\/div><div class=\"swiper-slide\" style=\"\"><div class=\"insideframe\"><div id=\"wplp_box_top_1579_900\" class=\"wpcu-front-box top equalHeightImg\" ><div class=\"wplp-box-item\"><a href=\"https:\/\/popjazz.fi\/PJKits\/basso\/basso-oppimistavoitevideot\/harmonia\/kaikki-duuri-ja-molliasteikot-luonn-harm-melod-jazz-i-asemasta\/\"  class=\"thumbnail\"><span class=\"img_cropper\" style=\"width:150px;height:150px;margin-right:4px;margin-bottom:4px;max-width:100%;\"><img decoding=\"async\" src=\"https:\/\/popjazz.fi\/PJKits\/basso\/wp-content\/uploads\/sites\/4\/2020\/02\/bs_ic_material_product_icon_192pxxxhdpi-150x150.png\" style=\"position: absolute;top: 50%;margin-top: -75px;aspect-ratio:4\/3;\" srcset=\"\" alt=\"Kaikki duuri- ja molliasteikot (luonn. harm. melod. jazz- molli)  I- asemasta\" class=\"wplp_thumb\" \/><\/span><\/a><a href=\"https:\/\/popjazz.fi\/PJKits\/basso\/basso-oppimistavoitevideot\/harmonia\/kaikki-duuri-ja-molliasteikot-luonn-harm-melod-jazz-i-asemasta\/\"  class=\"title\">Kaikki duuri- ja molliasteikot (luonn. harm. melod. jazz- molli)  I- asemasta<\/a><\/div><\/div><div id=\"wplp_box_left_1579_900\" class=\"wpcu-front-box left wpcu-custom-position\" ><div class=\"wplp-box-item\"><\/div><\/div><div id=\"wplp_box_right_1579_900\" class=\"wpcu-front-box right wpcu-custom-position\" ><div class=\"wplp-box-item\"><\/div><\/div><div id=\"wplp_box_bottom_1579_900\" class=\"wpcu-front-box bottom \" ><div class=\"wplp-box-item\"><span class=\"date\">20.1.2020<\/span><span class=\"text\"><span style=\"max-height:2.8em\" class=\"line_limit\">Asteikkosoitossa oppii sormij\u00e4rjestyksen perusteet, jotka auttavat melodiasoitossa sek\u00e4 improvisoinnissa. Asteikoita harjoitellessa oppii siis \u201dreitit\u201d s\u00e4velist\u00e4 toisiin.\n\n\n\nL\u00f6yd\u00e4t alla olevasta karusellista linkit ja oppaat jokaiseen asteikkoon.\n\n\n\nVideo\n\n\n\n\n\n\n\n\n\n\n\n\n\nKatso my\u00f6s:<\/span><span style=\"margin-left:3px; max-height:2.8em\" class=\"line_limit\"> [...]<\/span><\/span><span class=\"custom_fields\">\n<!-- WPLP Unknown field: Custom_Fields -->\n<\/span><\/div><\/div><\/div><\/div><div class=\"swiper-slide\" style=\"\"><div class=\"insideframe\"><div id=\"wplp_box_top_1579_817\" class=\"wpcu-front-box top equalHeightImg\" ><div class=\"wplp-box-item\"><a href=\"https:\/\/popjazz.fi\/PJKits\/basso\/basso-oppimistavoitevideot\/instrumentin-hallinta\/i-v-asemien-aanet-ja-soitto\/\"  class=\"thumbnail\"><span class=\"img_cropper\" style=\"width:150px;height:150px;margin-right:4px;margin-bottom:4px;max-width:100%;\"><img decoding=\"async\" src=\"https:\/\/popjazz.fi\/PJKits\/basso\/wp-content\/uploads\/sites\/4\/2020\/02\/bs_ic_material_product_icon_192pxxxhdpi-150x150.png\" style=\"position: absolute;top: 50%;margin-top: -75px;aspect-ratio:4\/3;\" srcset=\"\" alt=\"I-V asemien \u00e4\u00e4net ja soitto\" class=\"wplp_thumb\" \/><\/span><\/a><a href=\"https:\/\/popjazz.fi\/PJKits\/basso\/basso-oppimistavoitevideot\/instrumentin-hallinta\/i-v-asemien-aanet-ja-soitto\/\"  class=\"title\">I-V asemien \u00e4\u00e4net ja soitto<\/a><\/div><\/div><div id=\"wplp_box_left_1579_817\" class=\"wpcu-front-box left wpcu-custom-position\" ><div class=\"wplp-box-item\"><\/div><\/div><div id=\"wplp_box_right_1579_817\" class=\"wpcu-front-box right wpcu-custom-position\" ><div class=\"wplp-box-item\"><\/div><\/div><div id=\"wplp_box_bottom_1579_817\" class=\"wpcu-front-box bottom \" ><div class=\"wplp-box-item\"><span class=\"date\">20.1.2020<\/span><span class=\"text\"><span style=\"max-height:2.8em\" class=\"line_limit\">Asemat\n\n\n\nKun otek\u00e4si on asemoitu otelaudelle niin, ett\u00e4 jokainen sormi soittaa \u00e4\u00e4nen aina yhden nauhav\u00e4lin kohdalta, otek\u00e4den asema ilmoitetaan sen mukaan monennenko nauhan kohdalla otek\u00e4den etusormi on.\n\n\n\nI -asemassa otek\u00e4den etusormi on ensimm\u00e4isell\u00e4 nauhav\u00e4lin kohdalla, keskisormi toisen, nimet\u00f6n kolmannen ja pikkusormi nelj\u00e4nnen.\n\n\n\nII -asemassa otelautak\u00e4si siirty yhden nauhav\u00e4lin verran tallaan p\u00e4in, jolloin etusormi on toisen nauhav\u00e4lin kohdalla, keskisormi kolmannen, nimet\u00f6n nelj\u00e4nnen ja pikkusormi on viidenen, ja niin edelleen.\n\n\n\nSoitto\n\n\n\nEri asemista soittoa yhdistell\u00e4\u00e4n liikuttamalla otelautak\u00e4tt\u00e4 asemasta toiseen riippuen kappaleessa soitettavista \u00e4\u00e4nist\u00e4 ja niiden sijainnista otelaudalla. L\u00e4ht\u00f6kohtaisesti pyrit\u00e4\u00e4n pieniin ja ergonomisesti hyviin liikeratoihin, mutta  aina l\u00e4hin \u00e4\u00e4ni ei v\u00e4ltt\u00e4m\u00e4tt\u00e4 ole kappaleen luonteen ja halutun soundin kannalta paras. T\u00e4ll\u00f6in voidaan joutua liikkumaan kaulalla usean aseman v\u00e4lill\u00e4, ett\u00e4 soundi ja fraseeraus on halutun kaltainen. \n\n\n\nVideo\n\n\n\n\n\nSama riffi I ja V -asemasta\n\n\n\n\n\n\n\n\n\n\n\nKatso my\u00f6s:<\/span><span style=\"margin-left:3px; max-height:2.8em\" class=\"line_limit\"> [...]<\/span><\/span><span class=\"custom_fields\">\n<!-- WPLP Unknown field: Custom_Fields -->\n<\/span><\/div><\/div><\/div><\/div><div class=\"swiper-slide\" style=\"\"><div class=\"insideframe\"><div id=\"wplp_box_top_1579_53\" class=\"wpcu-front-box top equalHeightImg\" ><div class=\"wplp-box-item\"><a href=\"https:\/\/popjazz.fi\/PJKits\/basso\/basso-oppimistavoitevideot\/harmonia\/c-duuriasteikko-i-asemasta\/\"  class=\"thumbnail\"><span class=\"img_cropper\" style=\"width:150px;height:150px;margin-right:4px;margin-bottom:4px;max-width:100%;\"><img decoding=\"async\" src=\"https:\/\/popjazz.fi\/PJKits\/basso\/wp-content\/uploads\/sites\/4\/2020\/02\/bs_ic_material_product_icon_192pxxxhdpi-150x150.png\" style=\"position: absolute;top: 50%;margin-top: -75px;aspect-ratio:4\/3;\" srcset=\"\" alt=\"C-duuriasteikko I-asemasta\" class=\"wplp_thumb\" \/><\/span><\/a><a href=\"https:\/\/popjazz.fi\/PJKits\/basso\/basso-oppimistavoitevideot\/harmonia\/c-duuriasteikko-i-asemasta\/\"  class=\"title\">C-duuriasteikko I-asemasta<\/a><\/div><\/div><div id=\"wplp_box_left_1579_53\" class=\"wpcu-front-box left wpcu-custom-position\" ><div class=\"wplp-box-item\"><\/div><\/div><div id=\"wplp_box_right_1579_53\" class=\"wpcu-front-box right wpcu-custom-position\" ><div class=\"wplp-box-item\"><\/div><\/div><div id=\"wplp_box_bottom_1579_53\" class=\"wpcu-front-box bottom \" ><div class=\"wplp-box-item\"><span class=\"date\">22.9.2019<\/span><span class=\"text\"><span style=\"max-height:2.8em\" class=\"line_limit\">C-duuri asteikon s\u00e4velet ovat C, D, E, F, G, A ja B\n\n\n\n\n\n\n\nI- asemasta soittaessa otelautak\u00e4den etusormi on 1. nauhavaliss\u00e4, keskisormi 2. nauhav\u00e4liss\u00e4 jne. N\u00e4in ollen osa asteikon \u00e4\u00e4nist\u00e4 tulee soitettavaksi vapailta kielilt\u00e4.\n\n\n\nVideo\n\n\n\n\n\n\n\n\n\n\n\n\n\nKatso my\u00f6s:<\/span><span style=\"margin-left:3px; max-height:2.8em\" class=\"line_limit\"> [...]<\/span><\/span><span class=\"custom_fields\">\n<!-- WPLP Unknown field: Custom_Fields -->\n<\/span><\/div><\/div><\/div><\/div><div class=\"swiper-slide\" style=\"\"><div class=\"insideframe\"><div id=\"wplp_box_top_1579_51\" class=\"wpcu-front-box top equalHeightImg\" ><div class=\"wplp-box-item\"><a href=\"https:\/\/popjazz.fi\/PJKits\/basso\/basso-oppimistavoitevideot\/harmonia\/mollin-i-asteen-kolmisointu\/\"  class=\"thumbnail\"><span class=\"img_cropper\" style=\"width:150px;height:150px;margin-right:4px;margin-bottom:4px;max-width:100%;\"><img decoding=\"async\" src=\"https:\/\/popjazz.fi\/PJKits\/basso\/wp-content\/uploads\/sites\/4\/2020\/02\/bs_ic_material_product_icon_192pxxxhdpi-150x150.png\" style=\"position: absolute;top: 50%;margin-top: -75px;aspect-ratio:4\/3;\" srcset=\"\" alt=\"Mollin I-asteen kolmisointuarpeggio\" class=\"wplp_thumb\" \/><\/span><\/a><a href=\"https:\/\/popjazz.fi\/PJKits\/basso\/basso-oppimistavoitevideot\/harmonia\/mollin-i-asteen-kolmisointu\/\"  class=\"title\">Mollin I-asteen kolmisointuarpeggio<\/a><\/div><\/div><div id=\"wplp_box_left_1579_51\" class=\"wpcu-front-box left wpcu-custom-position\" ><div class=\"wplp-box-item\"><\/div><\/div><div id=\"wplp_box_right_1579_51\" class=\"wpcu-front-box right wpcu-custom-position\" ><div class=\"wplp-box-item\"><\/div><\/div><div id=\"wplp_box_bottom_1579_51\" class=\"wpcu-front-box bottom \" ><div class=\"wplp-box-item\"><span class=\"date\">22.9.2019<\/span><span class=\"text\"><span style=\"max-height:2.8em\" class=\"line_limit\">Mollikolmisointu muodostuu kun molliasteikosta soitetaan kolme \u00e4\u00e4nt\u00e4 k\u00e4ytt\u00e4en kyseisen asteikon joka toista s\u00e4velt\u00e4; perus\u00e4\u00e4nt\u00e4, terssi\u00e4 ja kvintti\u00e4. Esimerkiksi a- molliasteikosta s\u00e4velet A, C ja E. Mik\u00e4li n\u00e4m\u00e4 \u00e4\u00e4net soitetaan yht\u00e4aikaa, ilmi\u00f6t\u00e4 kutsutaan mollikolmisoinnuksi. Mik\u00e4li \u00e4\u00e4net soitetaan per\u00e4kk\u00e4in, kutsutaan ilmi\u00f6t\u00e4 murtosoinnuksi, eli arpeggioksi.\n\n\n\n\n\n\n\nVideo\n\n\n\n\n\n\n\n\n\n\n\n\n\nKatso my\u00f6s:<\/span><span style=\"margin-left:3px; max-height:2.8em\" class=\"line_limit\"> [...]<\/span><\/span><span class=\"custom_fields\">\n<!-- WPLP Unknown field: Custom_Fields -->\n<\/span><\/div><\/div><\/div><\/div><\/div><div class=\"swiper-button-next\"><\/div><div class=\"swiper-button-prev\"><\/div><div class=\"swiper-pagination\"><\/div><\/div><\/div>\n\n\n<style><\/style><div class=\"wplp_outside wplp_widget_3368\" style=\"max-width:100%;\"><span class=\"wpcu_block_title\">I-asema OM<\/span><div id=\"wplp_widget_3368\" class=\"wplp_widget_default wplp_container vertical swiper wplp-swiper default cols3\" data-theme=\"default\" data-post=\"3368\" style=\"\" data-max-elts=\"2\" data-per-page=\"10\"><div class=\"wplp_listposts swiper-wrapper\" id=\"default_3368\" style=\"width: 100%;\" ><div class=\"swiper-slide\" style=\"\"><div class=\"insideframe\"><div id=\"wplp_box_top_3368_171\" class=\"wpcu-front-box top equalHeightImg\" ><div class=\"wplp-box-item\"><a href=\"https:\/\/popjazz.fi\/PJKits\/oppimateriaali-basso\/oppimateriaali\/e\/ensimmaisen-aseman-soitto\/\"  class=\"thumbnail\"><span class=\"img_cropper\" style=\"width:150px;height:150px;margin-right:4px;margin-bottom:4px;max-width:100%;\"><img decoding=\"async\" src=\"https:\/\/popjazz.fi\/PJKits\/basso\/wp-content\/uploads\/sites\/19\/2020\/05\/bs_ic_material_product_icon_192pxxxhdpi-150x150.png\" style=\"position: absolute;top: 50%;margin-top: -75px;aspect-ratio:4\/3;\" srcset=\"\" alt=\"Ensimm\u00e4isen aseman soitto\" class=\"wplp_thumb\" \/><\/span><\/a><a href=\"https:\/\/popjazz.fi\/PJKits\/oppimateriaali-basso\/oppimateriaali\/e\/ensimmaisen-aseman-soitto\/\"  class=\"title\">Ensimm\u00e4isen aseman soitto<\/a><\/div><\/div><div id=\"wplp_box_left_3368_171\" class=\"wpcu-front-box left wpcu-custom-position\" ><div class=\"wplp-box-item\"><\/div><\/div><div id=\"wplp_box_right_3368_171\" class=\"wpcu-front-box right wpcu-custom-position\" ><div class=\"wplp-box-item\"><\/div><\/div><div id=\"wplp_box_bottom_3368_171\" class=\"wpcu-front-box bottom \" ><div class=\"wplp-box-item\"><span class=\"date\">20.4.2021<\/span><span class=\"text\"><span style=\"max-height:2.8em\" class=\"line_limit\">Mik\u00e4li kappaleen tai esim. asteikon soittaminen tapahtuu k\u00e4ytt\u00e4en vain I &#8211; asemaa soitetaan \u00e4\u00e4ni\u00e4 ja \u00e4\u00e4nenkuljetuksia my\u00f6s vapaita kieli\u00e4 hyv\u00e4ksi k\u00e4ytt\u00e4en. T\u00e4ll\u00e4 on vaikutusta sormituksiin, sek\u00e4 my\u00f6s soundiin. Videolla esitell\u00e4\u00e4n I -aseman soitoa G -duuriasteikon kautta.\n\n\n\nVideo\n\n\n\n\n\n\n\n\n\nVideon esimerkki nuotein\n\n\n\nG  -duuri ensimm\u00e4isest\u00e4 asemasta\n\n\n\nKatso my\u00f6s:<\/span><span style=\"margin-left:3px; max-height:2.8em\" class=\"line_limit\"> [...]<\/span><\/span><span class=\"custom_fields\">\n<!-- WPLP Unknown field: Custom_Fields -->\n<\/span><\/div><\/div><\/div><\/div><div class=\"swiper-slide\" style=\"\"><div class=\"insideframe\"><div id=\"wplp_box_top_3368_190\" class=\"wpcu-front-box top equalHeightImg\" ><div class=\"wplp-box-item\"><a href=\"https:\/\/popjazz.fi\/PJKits\/oppimateriaali-basso\/oppimateriaali\/s\/soundi\/\"  class=\"thumbnail\"><span class=\"img_cropper\" style=\"width:150px;height:150px;margin-right:4px;margin-bottom:4px;max-width:100%;\"><img decoding=\"async\" src=\"https:\/\/popjazz.fi\/PJKits\/basso\/wp-content\/uploads\/sites\/19\/2020\/05\/bs_ic_material_product_icon_192pxxxhdpi-150x150.png\" style=\"position: absolute;top: 50%;margin-top: -75px;aspect-ratio:4\/3;\" srcset=\"\" alt=\"Soundi\" class=\"wplp_thumb\" \/><\/span><\/a><a href=\"https:\/\/popjazz.fi\/PJKits\/oppimateriaali-basso\/oppimateriaali\/s\/soundi\/\"  class=\"title\">Soundi<\/a><\/div><\/div><div id=\"wplp_box_left_3368_190\" class=\"wpcu-front-box left wpcu-custom-position\" ><div class=\"wplp-box-item\"><\/div><\/div><div id=\"wplp_box_right_3368_190\" class=\"wpcu-front-box right wpcu-custom-position\" ><div class=\"wplp-box-item\"><\/div><\/div><div id=\"wplp_box_bottom_3368_190\" class=\"wpcu-front-box bottom \" ><div class=\"wplp-box-item\"><span class=\"date\">20.4.2021<\/span><span class=\"text\"><span style=\"max-height:2.8em\" class=\"line_limit\">Mik\u00e4 on hyv\u00e4 soundi ja miten sellainen tehd\u00e4\u00e4n? Onko olemassa yht\u00e4 hyv\u00e4\u00e4 soundia vai puhutaanko vain makuasioista. \n\n\n\nVideolla tarkastellaan hyv\u00e4n soundin salaisuuksia ja tekniikoita sen ymp\u00e4rill\u00e4.\n\n\n\n\n\n\n\n\n\nKatso my\u00f6s:<\/span><span style=\"margin-left:3px; max-height:2.8em\" class=\"line_limit\"> [...]<\/span><\/span><span class=\"custom_fields\">\n<!-- WPLP Unknown field: Custom_Fields -->\n<\/span><\/div><\/div><\/div><\/div><\/div><div class=\"swiper-button-next\"><\/div><div class=\"swiper-button-prev\"><\/div><div class=\"swiper-pagination\"><\/div><\/div><\/div>\n","protected":false},"excerpt":{"rendered":"<p>Kun otek\u00e4si on asemoitu otelaudelle niin, ett\u00e4 jokainen sormi soittaa \u00e4\u00e4nen aina yhden nauhav\u00e4lin kohdalta, otek\u00e4den asema ilmoitetaan sen mukaan monennenko nauhan kohdalla otek\u00e4den etusormi on. I -asemassa otek\u00e4den etusormi on ensimm\u00e4isell\u00e4 nauhav\u00e4lin kohdalla, keskisormi toisen, nimet\u00f6n kolmannen ja pikkusormi nelj\u00e4nnen. Video Katso my\u00f6s:<\/p>\n","protected":false},"author":1,"featured_media":1282,"parent":29,"menu_order":3,"comment_status":"closed","ping_status":"closed","template":"","meta":{"footnotes":""},"tags":[],"class_list":["post-39","page","type-page","status-publish","has-post-thumbnail","hentry"],"_links":{"self":[{"href":"https:\/\/popjazz.fi\/PJKits\/basso\/wp-json\/wp\/v2\/pages\/39","targetHints":{"allow":["GET"]}}],"collection":[{"href":"https:\/\/popjazz.fi\/PJKits\/basso\/wp-json\/wp\/v2\/pages"}],"about":[{"href":"https:\/\/popjazz.fi\/PJKits\/basso\/wp-json\/wp\/v2\/types\/page"}],"author":[{"embeddable":true,"href":"https:\/\/popjazz.fi\/PJKits\/basso\/wp-json\/wp\/v2\/users\/1"}],"replies":[{"embeddable":true,"href":"https:\/\/popjazz.fi\/PJKits\/basso\/wp-json\/wp\/v2\/comments?post=39"}],"version-history":[{"count":11,"href":"https:\/\/popjazz.fi\/PJKits\/basso\/wp-json\/wp\/v2\/pages\/39\/revisions"}],"predecessor-version":[{"id":3369,"href":"https:\/\/popjazz.fi\/PJKits\/basso\/wp-json\/wp\/v2\/pages\/39\/revisions\/3369"}],"up":[{"embeddable":true,"href":"https:\/\/popjazz.fi\/PJKits\/basso\/wp-json\/wp\/v2\/pages\/29"}],"wp:featuredmedia":[{"embeddable":true,"href":"https:\/\/popjazz.fi\/PJKits\/basso\/wp-json\/wp\/v2\/media\/1282"}],"wp:attachment":[{"href":"https:\/\/popjazz.fi\/PJKits\/basso\/wp-json\/wp\/v2\/media?parent=39"}],"wp:term":[{"taxonomy":"post_tag","embeddable":true,"href":"https:\/\/popjazz.fi\/PJKits\/basso\/wp-json\/wp\/v2\/tags?post=39"}],"curies":[{"name":"wp","href":"https:\/\/api.w.org\/{rel}","templated":true}]}}