{"id":397,"date":"2019-10-06T09:12:45","date_gmt":"2019-10-06T06:12:45","guid":{"rendered":"https:\/\/popjazz.fi\/PJKits\/basso\/?page_id=397"},"modified":"2021-03-30T17:52:36","modified_gmt":"2021-03-30T14:52:36","slug":"saestysrytmien-variointi","status":"publish","type":"page","link":"https:\/\/popjazz.fi\/PJKits\/basso\/basso-oppimistavoitevideot\/melodia-ja-improvisointi\/saestysrytmien-variointi\/","title":{"rendered":"S\u00e4estysrytmien variointi"},"content":{"rendered":"\n<p>Yleisimpi\u00e4 improvisoinnin muotoja bassolla on s\u00e4estysrytmien variointi, eli vaihtoehtoisten rytmien luominen soittohetkell\u00e4. Rytmin varioinnin mukana voi olla my\u00f6s harmonista muuntelua sointus\u00e4velien mukaan. <\/p>\n\n\n\n<h4 class=\"wp-block-heading\">Video<\/h4>\n\n\n\n<figure class=\"wp-block-embed-vimeo wp-block-embed is-type-video is-provider-vimeo wp-embed-aspect-16-9 wp-has-aspect-ratio\"><div class=\"wp-block-embed__wrapper\">\n<iframe loading=\"lazy\" src=\"https:\/\/player.vimeo.com\/video\/444851075?dnt=1&amp;app_id=122963\" width=\"840\" height=\"473\" frameborder=\"0\" allow=\"autoplay; fullscreen; picture-in-picture\" allowfullscreen><\/iframe>\n<\/div><figcaption><em>Variointiesimerkkej\u00e4 beat-, four beat- ja cha-cha -s\u00e4estysrytmeill\u00e4<\/em><\/figcaption><\/figure>\n\n\n\n<hr class=\"wp-block-separator\"\/>\n\n\n\n<p class=\"has-medium-font-size\">Katso my\u00f6s:<\/p>\n\n\n<style><\/style><div class=\"wplp_outside wplp_widget_1433\" style=\"max-width:100%;\"><span class=\"wpcu_block_title\">S\u00e4estysrytmien variointi<\/span><div id=\"wplp_widget_1433\" class=\"wplp_widget_default wplp_container vertical swiper wplp-swiper default cols3\" data-theme=\"default\" data-post=\"1433\" style=\"\" data-max-elts=\"8\" data-per-page=\"10\"><div class=\"wplp_listposts swiper-wrapper\" id=\"default_1433\" style=\"width: 100%;\" ><div class=\"swiper-slide\" style=\"\"><div class=\"insideframe\"><div id=\"wplp_box_top_1433_208\" class=\"wpcu-front-box top equalHeightImg\" ><div class=\"wplp-box-item\"><a href=\"https:\/\/popjazz.fi\/PJKits\/basso\/basso-oppimistavoitevideot\/rytmi-ja-muotorakenteet\/12-tahdin-blues-muotorakenne\/\"  class=\"thumbnail\"><span class=\"img_cropper\" style=\"width:150px;height:150px;margin-right:4px;margin-bottom:4px;max-width:100%;\"><img decoding=\"async\" src=\"https:\/\/popjazz.fi\/PJKits\/basso\/wp-content\/uploads\/sites\/4\/2020\/02\/bs_ic_material_product_icon_192pxxxhdpi-150x150.png\" style=\"position: absolute;top: 50%;margin-top: -75px;aspect-ratio:4\/3;\" srcset=\"\" alt=\"12 tahdin blues muotorakenne\" class=\"wplp_thumb\" \/><\/span><\/a><a href=\"https:\/\/popjazz.fi\/PJKits\/basso\/basso-oppimistavoitevideot\/rytmi-ja-muotorakenteet\/12-tahdin-blues-muotorakenne\/\"  class=\"title\">12 tahdin blues muotorakenne<\/a><\/div><\/div><div id=\"wplp_box_left_1433_208\" class=\"wpcu-front-box left wpcu-custom-position\" ><div class=\"wplp-box-item\"><\/div><\/div><div id=\"wplp_box_right_1433_208\" class=\"wpcu-front-box right wpcu-custom-position\" ><div class=\"wplp-box-item\"><\/div><\/div><div id=\"wplp_box_bottom_1433_208\" class=\"wpcu-front-box bottom \" ><div class=\"wplp-box-item\"><span class=\"date\">4.10.2019<\/span><span class=\"text\"><span style=\"max-height:2.8em\" class=\"line_limit\">Yleinen muotorakenne rytmimusiikissa on 12 tahdin blues. Perinteisess\u00e4 muodossaan bluesin harmonia muodostuu s\u00e4vellajin ensimm\u00e4isen, nelj\u00e4nnen ja viidennen asteen dominanttiseptimisoinnuista.\n\n\n\nVideo\n\n\n\n\n\n\n\n\n\nBluesrakenne, two beat\n\n\n\n\n\n\n\nBluesrakenne, four beat\n\n\n\n\n\n\n\nBluesrakenne, blues suffle<\/span><span style=\"margin-left:3px; max-height:2.8em\" class=\"line_limit\"> [...]<\/span><\/span><span class=\"custom_fields\">\n<!-- WPLP Unknown field: Custom_Fields -->\n<\/span><\/div><\/div><\/div><\/div><div class=\"swiper-slide\" style=\"\"><div class=\"insideframe\"><div id=\"wplp_box_top_1433_384\" class=\"wpcu-front-box top equalHeightImg\" ><div class=\"wplp-box-item\"><a href=\"https:\/\/popjazz.fi\/PJKits\/basso\/basso-oppimistavoitevideot\/rytmi-ja-muotorakenteet\/synkopointi\/\"  class=\"thumbnail\"><span class=\"img_cropper\" style=\"width:150px;height:150px;margin-right:4px;margin-bottom:4px;max-width:100%;\"><img decoding=\"async\" src=\"https:\/\/popjazz.fi\/PJKits\/basso\/wp-content\/uploads\/sites\/4\/2020\/02\/bs_ic_material_product_icon_192pxxxhdpi-150x150.png\" style=\"position: absolute;top: 50%;margin-top: -75px;aspect-ratio:4\/3;\" srcset=\"\" alt=\"Synkopointi\" class=\"wplp_thumb\" \/><\/span><\/a><a href=\"https:\/\/popjazz.fi\/PJKits\/basso\/basso-oppimistavoitevideot\/rytmi-ja-muotorakenteet\/synkopointi\/\"  class=\"title\">Synkopointi<\/a><\/div><\/div><div id=\"wplp_box_left_1433_384\" class=\"wpcu-front-box left wpcu-custom-position\" ><div class=\"wplp-box-item\"><\/div><\/div><div id=\"wplp_box_right_1433_384\" class=\"wpcu-front-box right wpcu-custom-position\" ><div class=\"wplp-box-item\"><\/div><\/div><div id=\"wplp_box_bottom_1433_384\" class=\"wpcu-front-box bottom \" ><div class=\"wplp-box-item\"><span class=\"date\">6.10.2019<\/span><span class=\"text\"><span style=\"max-height:2.8em\" class=\"line_limit\">Synkopointi tarkoittaa siirretty\u00e4 vahvaa tahdinosaa. Perinteisesti vahvin tahdinosa sijaitsee tahdin ykk\u00f6sell\u00e4, mutta se voidaan esimerkiksi aikaistaa edelt\u00e4v\u00e4n tahdin viimeiselle kahdeksasosalle, jolloin muodostuu synkooppi. Synkooppi ei ole tyylilajiin liittyv\u00e4 ilmi\u00f6, vaan mink\u00e4 tahansa tyylilajin, mik\u00e4 tahansa vahva tahdinosa voi siirty\u00e4 synkoopiksi\n\n\n\nVideo\n\n\n\n\n\n\n\n\n\nSynkopointi beat\n\n\n\n\n\n\n\nSynkopointi Rock\u00b4n\u00b4roll\n\n\n\n\n\n\n\n\n\n\n\nKatso my\u00f6s:<\/span><span style=\"margin-left:3px; max-height:2.8em\" class=\"line_limit\"> [...]<\/span><\/span><span class=\"custom_fields\">\n<!-- WPLP Unknown field: Custom_Fields -->\n<\/span><\/div><\/div><\/div><\/div><div class=\"swiper-slide\" style=\"\"><div class=\"insideframe\"><div id=\"wplp_box_top_1433_380\" class=\"wpcu-front-box top equalHeightImg\" ><div class=\"wplp-box-item\"><a href=\"https:\/\/popjazz.fi\/PJKits\/basso\/basso-oppimistavoitevideot\/rytmi-ja-muotorakenteet\/kolmimuunteisuus\/\"  class=\"thumbnail\"><span class=\"img_cropper\" style=\"width:150px;height:150px;margin-right:4px;margin-bottom:4px;max-width:100%;\"><img decoding=\"async\" src=\"https:\/\/popjazz.fi\/PJKits\/basso\/wp-content\/uploads\/sites\/4\/2020\/02\/bs_ic_material_product_icon_192pxxxhdpi-150x150.png\" style=\"position: absolute;top: 50%;margin-top: -75px;aspect-ratio:4\/3;\" srcset=\"\" alt=\"Kolmimuunteisuus\" class=\"wplp_thumb\" \/><\/span><\/a><a href=\"https:\/\/popjazz.fi\/PJKits\/basso\/basso-oppimistavoitevideot\/rytmi-ja-muotorakenteet\/kolmimuunteisuus\/\"  class=\"title\">Kolmimuunteisuus<\/a><\/div><\/div><div id=\"wplp_box_left_1433_380\" class=\"wpcu-front-box left wpcu-custom-position\" ><div class=\"wplp-box-item\"><\/div><\/div><div id=\"wplp_box_right_1433_380\" class=\"wpcu-front-box right wpcu-custom-position\" ><div class=\"wplp-box-item\"><\/div><\/div><div id=\"wplp_box_bottom_1433_380\" class=\"wpcu-front-box bottom \" ><div class=\"wplp-box-item\"><span class=\"date\">6.10.2019<\/span><span class=\"text\"><span style=\"max-height:2.8em\" class=\"line_limit\">Kolmimuunteisuus on soittotapa, jossa iskuala, esimerkiksi nelj\u00e4sosa, jaetaan kolmeen yht\u00e4 suureen osaan, trioliin. Trioli jaetaan kolmimuunteisille kahdeksasosille suhteessa kahden suhde yhteen, eli iskullinen kahdeksasosa kest\u00e4\u00e4 kaksi triolin kahdeksasosaa ja iskuton yhden. Soitettaessa nelj\u00e4sosia kolmimuunteisesti triolin viimeinen kahdeksasosa on tyypillisesti taukoa.\n\n\n\nKolmimuunteisuuden m\u00e4\u00e4r\u00e4 ei kuitenkaan ole vakio vaan se vaihtelee esimerkiksi tyylilajin ja tempon mukaan. My\u00f6s soittajien kesken voi olla eri n\u00e4kemyksi\u00e4 kolmimuunteisuuden m\u00e4\u00e4r\u00e4st\u00e4, joten yhteisen swengin l\u00f6ytyminen vaatii tarkkaavaista kuuntelua.\n\n\n\nVideo\n\n\n\n\n\n\n\n\n\n\n\n\n\n\n\n\n\nKatso my\u00f6s:<\/span><span style=\"margin-left:3px; max-height:2.8em\" class=\"line_limit\"> [...]<\/span><\/span><span class=\"custom_fields\">\n<!-- WPLP Unknown field: Custom_Fields -->\n<\/span><\/div><\/div><\/div><\/div><div class=\"swiper-slide\" style=\"\"><div class=\"insideframe\"><div id=\"wplp_box_top_1433_1031\" class=\"wpcu-front-box top equalHeightImg\" ><div class=\"wplp-box-item\"><a href=\"https:\/\/popjazz.fi\/PJKits\/basso\/basso-oppimistavoitevideot\/rytmi-ja-muotorakenteet\/pisteelliset-aika-arvot-ja-yhdyskaaret\/\"  class=\"thumbnail\"><span class=\"img_cropper\" style=\"width:150px;height:150px;margin-right:4px;margin-bottom:4px;max-width:100%;\"><img decoding=\"async\" src=\"https:\/\/popjazz.fi\/PJKits\/basso\/wp-content\/uploads\/sites\/4\/2020\/02\/bs_ic_material_product_icon_192pxxxhdpi-150x150.png\" style=\"position: absolute;top: 50%;margin-top: -75px;aspect-ratio:4\/3;\" srcset=\"\" alt=\"Pisteelliset aika-arvot ja yhdyskaaret\" class=\"wplp_thumb\" \/><\/span><\/a><a href=\"https:\/\/popjazz.fi\/PJKits\/basso\/basso-oppimistavoitevideot\/rytmi-ja-muotorakenteet\/pisteelliset-aika-arvot-ja-yhdyskaaret\/\"  class=\"title\">Pisteelliset aika-arvot ja yhdyskaaret<\/a><\/div><\/div><div id=\"wplp_box_left_1433_1031\" class=\"wpcu-front-box left wpcu-custom-position\" ><div class=\"wplp-box-item\"><\/div><\/div><div id=\"wplp_box_right_1433_1031\" class=\"wpcu-front-box right wpcu-custom-position\" ><div class=\"wplp-box-item\"><\/div><\/div><div id=\"wplp_box_bottom_1433_1031\" class=\"wpcu-front-box bottom \" ><div class=\"wplp-box-item\"><span class=\"date\">21.1.2020<\/span><span class=\"text\"><span style=\"max-height:2.8em\" class=\"line_limit\">Nuotin yhteydess\u00e4 oleva piste jatkaa nuotin omaa aika-arvoa puolella sen omasta aika-arvosta. Esimerkiksi nelj\u00e4sosanuotin yhteydess\u00e4 oleva piste pident\u00e4\u00e4 ko. nelj\u00e4sosanuottia kahdeksasosan verran ja nuotin oikea aika-arvo on siis 1\/4 + 1\/8.\n\n\n\n= kokonuotti + puolinuotti\n\n\n\n= puolinuotti + nelj\u00e4sosanuotti\n\n\n\n= nelj\u00e4sosa + kahdeksasosanuotti\n\n\n\n= kahdeksasosanuotti + kuudestoistaosanuotti\n\n\n\n= kuudestoisaosanuotti + kolmaskymmeneskahdesosanuotti\n\n\n\nYhdyskaarta  k\u00e4ytet\u00e4\u00e4n, kun soivan \u00e4\u00e4nen kesto jatkuu&nbsp;\n\n\n\niskujen rajan yli\n\n\n\niskualojen rajan yli\n\n\n\ntai tahtiviivan yli.\n\n\n\nVideo\n\n\n\n\n\nPisteelliset aika-arvot ja yhdyskaaret\n\n\n\n\n\n\n\nKatso my\u00f6s:<\/span><span style=\"margin-left:3px; max-height:2.8em\" class=\"line_limit\"> [...]<\/span><\/span><span class=\"custom_fields\">\n<!-- WPLP Unknown field: Custom_Fields -->\n<\/span><\/div><\/div><\/div><\/div><div class=\"swiper-slide\" style=\"\"><div class=\"insideframe\"><div id=\"wplp_box_top_1433_378\" class=\"wpcu-front-box top equalHeightImg\" ><div class=\"wplp-box-item\"><a href=\"https:\/\/popjazz.fi\/PJKits\/basso\/basso-oppimistavoitevideot\/rytmi-ja-muotorakenteet\/four-beat-saestysrytmi\/\"  class=\"thumbnail\"><span class=\"img_cropper\" style=\"width:150px;height:150px;margin-right:4px;margin-bottom:4px;max-width:100%;\"><img decoding=\"async\" src=\"https:\/\/popjazz.fi\/PJKits\/basso\/wp-content\/uploads\/sites\/4\/2020\/02\/bs_ic_material_product_icon_192pxxxhdpi-150x150.png\" style=\"position: absolute;top: 50%;margin-top: -75px;aspect-ratio:4\/3;\" srcset=\"\" alt=\"Four\u00a0beat -s\u00e4estysrytmi\" class=\"wplp_thumb\" \/><\/span><\/a><a href=\"https:\/\/popjazz.fi\/PJKits\/basso\/basso-oppimistavoitevideot\/rytmi-ja-muotorakenteet\/four-beat-saestysrytmi\/\"  class=\"title\">Four\u00a0beat -s\u00e4estysrytmi<\/a><\/div><\/div><div id=\"wplp_box_left_1433_378\" class=\"wpcu-front-box left wpcu-custom-position\" ><div class=\"wplp-box-item\"><\/div><\/div><div id=\"wplp_box_right_1433_378\" class=\"wpcu-front-box right wpcu-custom-position\" ><div class=\"wplp-box-item\"><\/div><\/div><div id=\"wplp_box_bottom_1433_378\" class=\"wpcu-front-box bottom \" ><div class=\"wplp-box-item\"><span class=\"date\">6.10.2019<\/span><span class=\"text\"><span style=\"max-height:2.8em\" class=\"line_limit\">Four beat s\u00e4estysrytmiss\u00e4 soitetaan nelj\u00e4sosia kappaleen perussykkeen mukaan. Four beat kompin fraseeraus m\u00e4\u00e4rittyy soitettavan kappaleen tyylilajin, tempon ja sovituksen mukaisesti.\n\n\n\nVideo\n\n\n\n\n\n\n\n\n\nFour beat esimerkki 1\n\n\n\n\n\n\n\nFour beat esimerkki 2\n\n\n\n\n\n\n\n\n\n\n\nKatso my\u00f6s:<\/span><span style=\"margin-left:3px; max-height:2.8em\" class=\"line_limit\"> [...]<\/span><\/span><span class=\"custom_fields\">\n<!-- WPLP Unknown field: Custom_Fields -->\n<\/span><\/div><\/div><\/div><\/div><div class=\"swiper-slide\" style=\"\"><div class=\"insideframe\"><div id=\"wplp_box_top_1433_65\" class=\"wpcu-front-box top equalHeightImg\" ><div class=\"wplp-box-item\"><a href=\"https:\/\/popjazz.fi\/PJKits\/basso\/basso-oppimistavoitevideot\/rytmi-ja-muotorakenteet\/beat-ja-two-beat-saestysrytmi\/\"  class=\"thumbnail\"><span class=\"img_cropper\" style=\"width:150px;height:150px;margin-right:4px;margin-bottom:4px;max-width:100%;\"><img decoding=\"async\" src=\"https:\/\/popjazz.fi\/PJKits\/basso\/wp-content\/uploads\/sites\/4\/2020\/02\/bs_ic_material_product_icon_192pxxxhdpi-150x150.png\" style=\"position: absolute;top: 50%;margin-top: -75px;aspect-ratio:4\/3;\" srcset=\"\" alt=\"Beat- ja two beat -s\u00e4estysrytmi\" class=\"wplp_thumb\" \/><\/span><\/a><a href=\"https:\/\/popjazz.fi\/PJKits\/basso\/basso-oppimistavoitevideot\/rytmi-ja-muotorakenteet\/beat-ja-two-beat-saestysrytmi\/\"  class=\"title\">Beat- ja two beat -s\u00e4estysrytmi<\/a><\/div><\/div><div id=\"wplp_box_left_1433_65\" class=\"wpcu-front-box left wpcu-custom-position\" ><div class=\"wplp-box-item\"><\/div><\/div><div id=\"wplp_box_right_1433_65\" class=\"wpcu-front-box right wpcu-custom-position\" ><div class=\"wplp-box-item\"><\/div><\/div><div id=\"wplp_box_bottom_1433_65\" class=\"wpcu-front-box bottom \" ><div class=\"wplp-box-item\"><span class=\"date\">22.9.2019<\/span><span class=\"text\"><span style=\"max-height:2.8em\" class=\"line_limit\">Basson s\u00e4estysrytmeist\u00e4 k\u00e4ytetyimpi\u00e4 ovat beat ja two beat. N\u00e4iden fraseeraus riippuu soitettavan kappaleen ja sovituksen tyylilajista. Tyypillinen beat s\u00e4estys koostuu pisteellisen nelj\u00e4sosan ja kahdeksasosan yhdistelm\u00e4st\u00e4.\n\n\n\nVideo\n\n\n\n\n\nrytmikka\n\n\n\nBeat rytmi\n\n\n\n\n\n\n\nTwo beat rytmi\n\n\n\n\n\n\n\n\n\n\n\nKatso my\u00f6s:<\/span><span style=\"margin-left:3px; max-height:2.8em\" class=\"line_limit\"> [...]<\/span><\/span><span class=\"custom_fields\">\n<!-- WPLP Unknown field: Custom_Fields -->\n<\/span><\/div><\/div><\/div><\/div><div class=\"swiper-slide\" style=\"\"><div class=\"insideframe\"><div id=\"wplp_box_top_1433_1005\" class=\"wpcu-front-box top equalHeightImg\" ><div class=\"wplp-box-item\"><a href=\"https:\/\/popjazz.fi\/PJKits\/basso\/basso-oppimistavoitevideot\/rytmi-ja-muotorakenteet\/2-4-tahdin-saestysrakenteita-vapailla-kielilla-koko-puoli-neljasosanuotein\/\"  class=\"thumbnail\"><span class=\"img_cropper\" style=\"width:150px;height:150px;margin-right:4px;margin-bottom:4px;max-width:100%;\"><img decoding=\"async\" src=\"https:\/\/popjazz.fi\/PJKits\/basso\/wp-content\/uploads\/sites\/4\/2020\/02\/bs_ic_material_product_icon_192pxxxhdpi-150x150.png\" style=\"position: absolute;top: 50%;margin-top: -75px;aspect-ratio:4\/3;\" srcset=\"\" alt=\"2-4 tahdin s\u00e4estysrakenteita vapailla kielill\u00e4 koko- puoli- &#038; nelj\u00e4sosanuotein\" class=\"wplp_thumb\" \/><\/span><\/a><a href=\"https:\/\/popjazz.fi\/PJKits\/basso\/basso-oppimistavoitevideot\/rytmi-ja-muotorakenteet\/2-4-tahdin-saestysrakenteita-vapailla-kielilla-koko-puoli-neljasosanuotein\/\"  class=\"title\">2-4 tahdin s\u00e4estysrakenteita vapailla kielill\u00e4 koko- puoli- &#038; nelj\u00e4sosanuotein<\/a><\/div><\/div><div id=\"wplp_box_left_1433_1005\" class=\"wpcu-front-box left wpcu-custom-position\" ><div class=\"wplp-box-item\"><\/div><\/div><div id=\"wplp_box_right_1433_1005\" class=\"wpcu-front-box right wpcu-custom-position\" ><div class=\"wplp-box-item\"><\/div><\/div><div id=\"wplp_box_bottom_1433_1005\" class=\"wpcu-front-box bottom \" ><div class=\"wplp-box-item\"><span class=\"date\">21.1.2020<\/span><span class=\"text\"><span style=\"max-height:2.8em\" class=\"line_limit\">Rytmimusiikin ja yhdess\u00e4 soittamisen t\u00e4rkein elementti on rytmi. My\u00f6s kappaleen muodon ja tahtien s\u00e4\u00e4nn\u00f6llisyys ovat taitoja jotka harjaantuvat l\u00e4hes automaattiseksi harjoittelun my\u00f6t\u00e4.\n\n\n\nHarjoittelun aloittaminen vapailla kielill\u00e4 ja perusrytmeill\u00e4 auttaa keskittym\u00e4\u00e4n rytmin ja muodon hallintaan, sek\u00e4 n\u00e4pp\u00e4\u00e4v\u00e4n k\u00e4den motoriikkaan. \n\n\n\n\n\n\n\nKatso my\u00f6s:<\/span><span style=\"margin-left:3px; max-height:2.8em\" class=\"line_limit\"> [...]<\/span><\/span><span class=\"custom_fields\">\n<!-- WPLP Unknown field: Custom_Fields -->\n<\/span><\/div><\/div><\/div><\/div><div class=\"swiper-slide\" style=\"\"><div class=\"insideframe\"><div id=\"wplp_box_top_1433_1003\" class=\"wpcu-front-box top equalHeightImg\" ><div class=\"wplp-box-item\"><a href=\"https:\/\/popjazz.fi\/PJKits\/basso\/basso-oppimistavoitevideot\/rytmi-ja-muotorakenteet\/koko-puoli-neljasosa-ja-kahdeksasosanuotit-seka-tauot\/\"  class=\"thumbnail\"><span class=\"img_cropper\" style=\"width:150px;height:150px;margin-right:4px;margin-bottom:4px;max-width:100%;\"><img decoding=\"async\" src=\"https:\/\/popjazz.fi\/PJKits\/basso\/wp-content\/uploads\/sites\/4\/2020\/02\/bs_ic_material_product_icon_192pxxxhdpi-150x150.png\" style=\"position: absolute;top: 50%;margin-top: -75px;aspect-ratio:4\/3;\" srcset=\"\" alt=\"Koko-, puoli-, nelj\u00e4sosa- ja kahdeksasosanuotit sek\u00e4 -tauot\" class=\"wplp_thumb\" \/><\/span><\/a><a href=\"https:\/\/popjazz.fi\/PJKits\/basso\/basso-oppimistavoitevideot\/rytmi-ja-muotorakenteet\/koko-puoli-neljasosa-ja-kahdeksasosanuotit-seka-tauot\/\"  class=\"title\">Koko-, puoli-, nelj\u00e4sosa- ja kahdeksasosanuotit sek\u00e4 -tauot<\/a><\/div><\/div><div id=\"wplp_box_left_1433_1003\" class=\"wpcu-front-box left wpcu-custom-position\" ><div class=\"wplp-box-item\"><\/div><\/div><div id=\"wplp_box_right_1433_1003\" class=\"wpcu-front-box right wpcu-custom-position\" ><div class=\"wplp-box-item\"><\/div><\/div><div id=\"wplp_box_bottom_1433_1003\" class=\"wpcu-front-box bottom \" ><div class=\"wplp-box-item\"><span class=\"date\">21.1.2020<\/span><span class=\"text\"><span style=\"max-height:2.8em\" class=\"line_limit\">Tahti on jaettu tahtilajiosoituksen mukaiseen m\u00e4\u00e4r\u00e4\u00e4n iskuja, joille puolestaan on m\u00e4\u00e4ritelty tempo, eli nopeus. Esimerkiksi 4\/4 tempoon 100 tarkoittaa, ett\u00e4 yhteen tahtiin mahtuu 4 kappaletta nelj\u00e4sosanuotteja tempoon 100 (100 iskua per minutti) \n\n\n\nJokaiselle nuotille on olemassa my\u00f6s saman mittainen tauko, eli aika jolloin  nuotin tilalla on saman mittainen hiljaisuus.\n\n\n\nKokonuottin ja tauon kesto on  nelj\u00e4 nelj\u00e4sosanuottia. Kokonuottissa soitetaan siis yksi \u00e4\u00e4ni, joka kest\u00e4\u00e4 yhteens\u00e4 nelj\u00e4 nelj\u00e4sosanuottia. Tahtilajin ollessa 4\/4  kokonuotin ja tauon kesto on yksi kokonainen tahti.\n\n\n\nPuolinuotin ja tauon kesto on kaksi nelj\u00e4sosanuottia. Puolinuotissa soitetaan siis yksi \u00e4\u00e4ni, joka kest\u00e4\u00e4 yhteens\u00e4 kaksi nelj\u00e4sosaiskua. Tahtilajin ollessa 4\/4 yhteen tahtiin mahtuu kaksi kappaletta puolinuotteja ja taukoja.\n\n\n\nNelj\u00e4sosanuotti ja tauko kest\u00e4\u00e4 siis yhden iskun tahtilajin ollessa 4\/4. Yhteen tahtiin mahtuu nelj\u00e4 kappaletta nelj\u00e4sosanuotteja ja taukoja, yksi per isku.\n\n\n\nKahdeksasosanuotin ja tauon kesto on puolet nelj\u00e4sosasta. Tahtilajin ollessa 4\/4 tahtiin mahtuu kahdeksan kappaletta kahdeksasosanuotteja ja taukoja, kaksi per isku. \n\n\n\nAika-arvot taukoineen\n\n\n\nVideo\n\n\n\n\n\nKoko-, puoli-, 1\/4- ja 1\/8-osanuotit taukoineen\n\n\n\n\n\n\n\nKatso my\u00f6s:<\/span><span style=\"margin-left:3px; max-height:2.8em\" class=\"line_limit\"> [...]<\/span><\/span><span class=\"custom_fields\">\n<!-- WPLP Unknown field: Custom_Fields -->\n<\/span><\/div><\/div><\/div><\/div><\/div><div class=\"swiper-button-next\"><\/div><div class=\"swiper-button-prev\"><\/div><div class=\"swiper-pagination\"><\/div><\/div><\/div>\n","protected":false},"excerpt":{"rendered":"<p>Yleisimpi\u00e4 improvisoinnin muotoja bassolla on s\u00e4estysrytmien variointi, eli vaihtoehtoisten rytmien luominen soittohetkell\u00e4. Rytmin varioinnin mukana voi olla my\u00f6s harmonista muuntelua sointus\u00e4velien mukaan. Video Katso my\u00f6s:<\/p>\n","protected":false},"author":1,"featured_media":1282,"parent":67,"menu_order":9,"comment_status":"closed","ping_status":"closed","template":"","meta":{"footnotes":""},"tags":[],"class_list":["post-397","page","type-page","status-publish","has-post-thumbnail","hentry"],"_links":{"self":[{"href":"https:\/\/popjazz.fi\/PJKits\/basso\/wp-json\/wp\/v2\/pages\/397","targetHints":{"allow":["GET"]}}],"collection":[{"href":"https:\/\/popjazz.fi\/PJKits\/basso\/wp-json\/wp\/v2\/pages"}],"about":[{"href":"https:\/\/popjazz.fi\/PJKits\/basso\/wp-json\/wp\/v2\/types\/page"}],"author":[{"embeddable":true,"href":"https:\/\/popjazz.fi\/PJKits\/basso\/wp-json\/wp\/v2\/users\/1"}],"replies":[{"embeddable":true,"href":"https:\/\/popjazz.fi\/PJKits\/basso\/wp-json\/wp\/v2\/comments?post=397"}],"version-history":[{"count":10,"href":"https:\/\/popjazz.fi\/PJKits\/basso\/wp-json\/wp\/v2\/pages\/397\/revisions"}],"predecessor-version":[{"id":3109,"href":"https:\/\/popjazz.fi\/PJKits\/basso\/wp-json\/wp\/v2\/pages\/397\/revisions\/3109"}],"up":[{"embeddable":true,"href":"https:\/\/popjazz.fi\/PJKits\/basso\/wp-json\/wp\/v2\/pages\/67"}],"wp:featuredmedia":[{"embeddable":true,"href":"https:\/\/popjazz.fi\/PJKits\/basso\/wp-json\/wp\/v2\/media\/1282"}],"wp:attachment":[{"href":"https:\/\/popjazz.fi\/PJKits\/basso\/wp-json\/wp\/v2\/media?parent=397"}],"wp:term":[{"taxonomy":"post_tag","embeddable":true,"href":"https:\/\/popjazz.fi\/PJKits\/basso\/wp-json\/wp\/v2\/tags?post=397"}],"curies":[{"name":"wp","href":"https:\/\/api.w.org\/{rel}","templated":true}]}}