{"id":410,"date":"2019-10-06T09:29:10","date_gmt":"2019-10-06T06:29:10","guid":{"rendered":"https:\/\/popjazz.fi\/PJKits\/basso\/?page_id=410"},"modified":"2021-10-13T11:11:01","modified_gmt":"2021-10-13T08:11:01","slug":"basso-oppimistavoitevideot","status":"publish","type":"page","link":"https:\/\/popjazz.fi\/PJKits\/basso\/basso-oppimistavoitevideot\/","title":{"rendered":"Basson oppimistavoitteet"},"content":{"rendered":"\n<p class=\"has-dark-gray-color has-text-color has-background\" style=\"font-size:22px;background-color:#e1a2c6\"><strong>OPPIMISTAVOITTEET<\/strong><\/p>\n\n\n\n<p class=\"has-dark-gray-color has-text-color has-background\" style=\"background-color:#e1a2c6\"><em> <\/em>Oppimistavoitteet ovat sek\u00e4 instrumentin hallintaan liittyvi\u00e4 asioita, ett\u00e4 rytmimusiikin tyypillisi\u00e4 ilmi\u00f6it\u00e4, jotka ovat hyvin samankaltaisia instrumentista riippumatta. <br><br>Oppimistavoitteet toimivat Pop &amp; Jazz Konservatorion opinnoissa my\u00f6s arvioinnin kohteena.<br><\/p>\n\n\n\n<h2 class=\"wp-block-heading\"><br><br><\/h2>\n\n\n","protected":false},"excerpt":{"rendered":"<p>OPPIMISTAVOITTEET Oppimistavoitteet ovat sek\u00e4 instrumentin hallintaan liittyvi\u00e4 asioita, ett\u00e4 rytmimusiikin tyypillisi\u00e4 ilmi\u00f6it\u00e4, jotka ovat hyvin samankaltaisia instrumentista riippumatta. Oppimistavoitteet toimivat Pop &amp; Jazz Konservatorion opinnoissa my\u00f6s arvioinnin kohteena.<\/p>\n","protected":false},"author":1,"featured_media":1282,"parent":0,"menu_order":2,"comment_status":"closed","ping_status":"closed","template":"","meta":{"footnotes":""},"tags":[],"class_list":["post-410","page","type-page","status-publish","has-post-thumbnail","hentry"],"_links":{"self":[{"href":"https:\/\/popjazz.fi\/PJKits\/basso\/wp-json\/wp\/v2\/pages\/410","targetHints":{"allow":["GET"]}}],"collection":[{"href":"https:\/\/popjazz.fi\/PJKits\/basso\/wp-json\/wp\/v2\/pages"}],"about":[{"href":"https:\/\/popjazz.fi\/PJKits\/basso\/wp-json\/wp\/v2\/types\/page"}],"author":[{"embeddable":true,"href":"https:\/\/popjazz.fi\/PJKits\/basso\/wp-json\/wp\/v2\/users\/1"}],"replies":[{"embeddable":true,"href":"https:\/\/popjazz.fi\/PJKits\/basso\/wp-json\/wp\/v2\/comments?post=410"}],"version-history":[{"count":16,"href":"https:\/\/popjazz.fi\/PJKits\/basso\/wp-json\/wp\/v2\/pages\/410\/revisions"}],"predecessor-version":[{"id":3437,"href":"https:\/\/popjazz.fi\/PJKits\/basso\/wp-json\/wp\/v2\/pages\/410\/revisions\/3437"}],"wp:featuredmedia":[{"embeddable":true,"href":"https:\/\/popjazz.fi\/PJKits\/basso\/wp-json\/wp\/v2\/media\/1282"}],"wp:attachment":[{"href":"https:\/\/popjazz.fi\/PJKits\/basso\/wp-json\/wp\/v2\/media?parent=410"}],"wp:term":[{"taxonomy":"post_tag","embeddable":true,"href":"https:\/\/popjazz.fi\/PJKits\/basso\/wp-json\/wp\/v2\/tags?post=410"}],"curies":[{"name":"wp","href":"https:\/\/api.w.org\/{rel}","templated":true}]}}