{"id":43,"date":"2019-09-22T08:15:54","date_gmt":"2019-09-22T05:15:54","guid":{"rendered":"https:\/\/popjazz.fi\/PJKits\/basso\/?page_id=43"},"modified":"2020-04-01T09:58:42","modified_gmt":"2020-04-01T06:58:42","slug":"harmonia","status":"publish","type":"page","link":"https:\/\/popjazz.fi\/PJKits\/basso\/basso-oppimistavoitevideot\/harmonia\/","title":{"rendered":"Harmonia"},"content":{"rendered":"\n<blockquote class=\"wp-block-quote is-layout-flow wp-block-quote-is-layout-flow\"><p><strong>Harmonia muodostuu soinnuista ja asteikoista. Sointujen ja asteikoiden tunteminen on t\u00e4rke\u00e4\u00e4 taito jonka avulla opit s\u00e4est\u00e4m\u00e4\u00e4n melodioita sek\u00e4 muodostamaan omia melodioita.  Kappaleen harmonian tunteminen on my\u00f6s olennainen osa improvisointia.<\/strong><\/p><\/blockquote>\n","protected":false},"excerpt":{"rendered":"<p>Harmonia muodostuu soinnuista ja asteikoista. Sointujen ja asteikoiden tunteminen on t\u00e4rke\u00e4\u00e4 taito jonka avulla opit s\u00e4est\u00e4m\u00e4\u00e4n melodioita sek\u00e4 muodostamaan omia melodioita. Kappaleen harmonian tunteminen on my\u00f6s olennainen osa improvisointia.<\/p>\n","protected":false},"author":1,"featured_media":1282,"parent":410,"menu_order":2,"comment_status":"closed","ping_status":"closed","template":"","meta":{"footnotes":""},"tags":[],"class_list":["post-43","page","type-page","status-publish","has-post-thumbnail","hentry"],"_links":{"self":[{"href":"https:\/\/popjazz.fi\/PJKits\/basso\/wp-json\/wp\/v2\/pages\/43","targetHints":{"allow":["GET"]}}],"collection":[{"href":"https:\/\/popjazz.fi\/PJKits\/basso\/wp-json\/wp\/v2\/pages"}],"about":[{"href":"https:\/\/popjazz.fi\/PJKits\/basso\/wp-json\/wp\/v2\/types\/page"}],"author":[{"embeddable":true,"href":"https:\/\/popjazz.fi\/PJKits\/basso\/wp-json\/wp\/v2\/users\/1"}],"replies":[{"embeddable":true,"href":"https:\/\/popjazz.fi\/PJKits\/basso\/wp-json\/wp\/v2\/comments?post=43"}],"version-history":[{"count":5,"href":"https:\/\/popjazz.fi\/PJKits\/basso\/wp-json\/wp\/v2\/pages\/43\/revisions"}],"predecessor-version":[{"id":1478,"href":"https:\/\/popjazz.fi\/PJKits\/basso\/wp-json\/wp\/v2\/pages\/43\/revisions\/1478"}],"up":[{"embeddable":true,"href":"https:\/\/popjazz.fi\/PJKits\/basso\/wp-json\/wp\/v2\/pages\/410"}],"wp:featuredmedia":[{"embeddable":true,"href":"https:\/\/popjazz.fi\/PJKits\/basso\/wp-json\/wp\/v2\/media\/1282"}],"wp:attachment":[{"href":"https:\/\/popjazz.fi\/PJKits\/basso\/wp-json\/wp\/v2\/media?parent=43"}],"wp:term":[{"taxonomy":"post_tag","embeddable":true,"href":"https:\/\/popjazz.fi\/PJKits\/basso\/wp-json\/wp\/v2\/tags?post=43"}],"curies":[{"name":"wp","href":"https:\/\/api.w.org\/{rel}","templated":true}]}}