{"id":65,"date":"2019-09-22T08:24:57","date_gmt":"2019-09-22T05:24:57","guid":{"rendered":"https:\/\/popjazz.fi\/PJKits\/basso\/?page_id=65"},"modified":"2021-03-30T08:50:34","modified_gmt":"2021-03-30T05:50:34","slug":"beat-ja-two-beat-saestysrytmi","status":"publish","type":"page","link":"https:\/\/popjazz.fi\/PJKits\/basso\/basso-oppimistavoitevideot\/rytmi-ja-muotorakenteet\/beat-ja-two-beat-saestysrytmi\/","title":{"rendered":"Beat- ja two beat -s\u00e4estysrytmi"},"content":{"rendered":"\n<p>Basson s\u00e4estysrytmeist\u00e4 k\u00e4ytetyimpi\u00e4 ovat beat ja two beat. N\u00e4iden fraseeraus riippuu soitettavan kappaleen ja sovituksen tyylilajista. Tyypillinen beat s\u00e4estys koostuu pisteellisen nelj\u00e4sosan ja kahdeksasosan yhdistelm\u00e4st\u00e4.<\/p>\n\n\n\n<h4 class=\"wp-block-heading\">Video<\/h4>\n\n\n\n<figure class=\"wp-block-embed-vimeo wp-block-embed is-type-video is-provider-vimeo wp-embed-aspect-16-9 wp-has-aspect-ratio\"><div class=\"wp-block-embed__wrapper\">\n<iframe loading=\"lazy\" src=\"https:\/\/player.vimeo.com\/video\/444851086?dnt=1&amp;app_id=122963\" width=\"840\" height=\"473\" frameborder=\"0\" allow=\"autoplay; fullscreen; picture-in-picture\" allowfullscreen><\/iframe>\n<\/div><figcaption>rytmikka<\/figcaption><\/figure>\n\n\n\n<p><strong>Beat rytmi<\/strong><\/p>\n\n\n\n<figure class=\"wp-block-image size-large\"><img loading=\"lazy\" decoding=\"async\" width=\"1024\" height=\"390\" src=\"https:\/\/popjazz.fi\/PJKits\/basso\/wp-content\/uploads\/sites\/4\/2021\/03\/beat-rytmi-1024x390.png\" alt=\"\" class=\"wp-image-3032\" srcset=\"https:\/\/popjazz.fi\/PJKits\/basso\/wp-content\/uploads\/sites\/4\/2021\/03\/beat-rytmi-1024x390.png 1024w, https:\/\/popjazz.fi\/PJKits\/basso\/wp-content\/uploads\/sites\/4\/2021\/03\/beat-rytmi-300x114.png 300w, https:\/\/popjazz.fi\/PJKits\/basso\/wp-content\/uploads\/sites\/4\/2021\/03\/beat-rytmi-150x57.png 150w, https:\/\/popjazz.fi\/PJKits\/basso\/wp-content\/uploads\/sites\/4\/2021\/03\/beat-rytmi-768x293.png 768w, https:\/\/popjazz.fi\/PJKits\/basso\/wp-content\/uploads\/sites\/4\/2021\/03\/beat-rytmi-1536x585.png 1536w, https:\/\/popjazz.fi\/PJKits\/basso\/wp-content\/uploads\/sites\/4\/2021\/03\/beat-rytmi-2048x780.png 2048w, https:\/\/popjazz.fi\/PJKits\/basso\/wp-content\/uploads\/sites\/4\/2021\/03\/beat-rytmi-1200x457.png 1200w\" sizes=\"auto, (max-width: 709px) 85vw, (max-width: 909px) 67vw, (max-width: 1362px) 62vw, 840px\" \/><\/figure>\n\n\n\n<p><strong>Two beat rytmi<\/strong><\/p>\n\n\n\n<figure class=\"wp-block-image size-large\"><img loading=\"lazy\" decoding=\"async\" width=\"1024\" height=\"349\" src=\"https:\/\/popjazz.fi\/PJKits\/basso\/wp-content\/uploads\/sites\/4\/2021\/03\/twobeat-rytmi-1024x349.png\" alt=\"\" class=\"wp-image-3033\" srcset=\"https:\/\/popjazz.fi\/PJKits\/basso\/wp-content\/uploads\/sites\/4\/2021\/03\/twobeat-rytmi-1024x349.png 1024w, https:\/\/popjazz.fi\/PJKits\/basso\/wp-content\/uploads\/sites\/4\/2021\/03\/twobeat-rytmi-300x102.png 300w, https:\/\/popjazz.fi\/PJKits\/basso\/wp-content\/uploads\/sites\/4\/2021\/03\/twobeat-rytmi-150x51.png 150w, https:\/\/popjazz.fi\/PJKits\/basso\/wp-content\/uploads\/sites\/4\/2021\/03\/twobeat-rytmi-768x262.png 768w, https:\/\/popjazz.fi\/PJKits\/basso\/wp-content\/uploads\/sites\/4\/2021\/03\/twobeat-rytmi-1536x524.png 1536w, https:\/\/popjazz.fi\/PJKits\/basso\/wp-content\/uploads\/sites\/4\/2021\/03\/twobeat-rytmi-2048x698.png 2048w, https:\/\/popjazz.fi\/PJKits\/basso\/wp-content\/uploads\/sites\/4\/2021\/03\/twobeat-rytmi-1200x409.png 1200w\" sizes=\"auto, (max-width: 709px) 85vw, (max-width: 909px) 67vw, (max-width: 1362px) 62vw, 840px\" \/><\/figure>\n\n\n\n<hr class=\"wp-block-separator\"\/>\n\n\n\n<p class=\"has-medium-font-size\">Katso my\u00f6s:<\/p>\n\n\n<style><\/style><div class=\"wplp_outside wplp_widget_1393\" style=\"max-width:100%;\"><span class=\"wpcu_block_title\">Beat- ja two beat -s\u00e4estysrytmi<\/span><div id=\"wplp_widget_1393\" class=\"wplp_widget_default wplp_container vertical swiper wplp-swiper default cols3\" data-theme=\"default\" data-post=\"1393\" style=\"\" data-max-elts=\"2\" data-per-page=\"10\"><div class=\"wplp_listposts swiper-wrapper\" id=\"default_1393\" style=\"width: 100%;\" ><div class=\"swiper-slide\" style=\"\"><div class=\"insideframe\"><div id=\"wplp_box_top_1393_378\" class=\"wpcu-front-box top equalHeightImg\" ><div class=\"wplp-box-item\"><a href=\"https:\/\/popjazz.fi\/PJKits\/basso\/basso-oppimistavoitevideot\/rytmi-ja-muotorakenteet\/four-beat-saestysrytmi\/\"  class=\"thumbnail\"><span class=\"img_cropper\" style=\"width:150px;height:150px;margin-right:4px;margin-bottom:4px;max-width:100%;\"><img decoding=\"async\" src=\"https:\/\/popjazz.fi\/PJKits\/basso\/wp-content\/uploads\/sites\/4\/2020\/02\/bs_ic_material_product_icon_192pxxxhdpi-150x150.png\" style=\"position: absolute;top: 50%;margin-top: -75px;aspect-ratio:4\/3;\" srcset=\"\" alt=\"Four\u00a0beat -s\u00e4estysrytmi\" class=\"wplp_thumb\" \/><\/span><\/a><a href=\"https:\/\/popjazz.fi\/PJKits\/basso\/basso-oppimistavoitevideot\/rytmi-ja-muotorakenteet\/four-beat-saestysrytmi\/\"  class=\"title\">Four\u00a0beat -s\u00e4estysrytmi<\/a><\/div><\/div><div id=\"wplp_box_left_1393_378\" class=\"wpcu-front-box left wpcu-custom-position\" ><div class=\"wplp-box-item\"><\/div><\/div><div id=\"wplp_box_right_1393_378\" class=\"wpcu-front-box right wpcu-custom-position\" ><div class=\"wplp-box-item\"><\/div><\/div><div id=\"wplp_box_bottom_1393_378\" class=\"wpcu-front-box bottom \" ><div class=\"wplp-box-item\"><span class=\"date\">6.10.2019<\/span><span class=\"text\"><span style=\"max-height:2.8em\" class=\"line_limit\">Four beat s\u00e4estysrytmiss\u00e4 soitetaan nelj\u00e4sosia kappaleen perussykkeen mukaan. Four beat kompin fraseeraus m\u00e4\u00e4rittyy soitettavan kappaleen tyylilajin, tempon ja sovituksen mukaisesti.\n\n\n\nVideo\n\n\n\n\n\n\n\n\n\nFour beat esimerkki 1\n\n\n\n\n\n\n\nFour beat esimerkki 2\n\n\n\n\n\n\n\n\n\n\n\nKatso my\u00f6s:<\/span><span style=\"margin-left:3px; max-height:2.8em\" class=\"line_limit\"> [...]<\/span><\/span><span class=\"custom_fields\">\n<!-- WPLP Unknown field: Custom_Fields -->\n<\/span><\/div><\/div><\/div><\/div><div class=\"swiper-slide\" style=\"\"><div class=\"insideframe\"><div id=\"wplp_box_top_1393_1013\" class=\"wpcu-front-box top equalHeightImg\" ><div class=\"wplp-box-item\"><a href=\"https:\/\/popjazz.fi\/PJKits\/basso\/basso-oppimistavoitevideot\/rytmi-ja-muotorakenteet\/tahtilajit-4-4\/\"  class=\"thumbnail\"><span class=\"img_cropper\" style=\"width:150px;height:150px;margin-right:4px;margin-bottom:4px;max-width:100%;\"><img decoding=\"async\" src=\"https:\/\/popjazz.fi\/PJKits\/basso\/wp-content\/uploads\/sites\/4\/2020\/02\/bs_ic_material_product_icon_192pxxxhdpi-150x150.png\" style=\"position: absolute;top: 50%;margin-top: -75px;aspect-ratio:4\/3;\" srcset=\"\" alt=\"Tahtilajit 4\/4\" class=\"wplp_thumb\" \/><\/span><\/a><a href=\"https:\/\/popjazz.fi\/PJKits\/basso\/basso-oppimistavoitevideot\/rytmi-ja-muotorakenteet\/tahtilajit-4-4\/\"  class=\"title\">Tahtilajit 4\/4<\/a><\/div><\/div><div id=\"wplp_box_left_1393_1013\" class=\"wpcu-front-box left wpcu-custom-position\" ><div class=\"wplp-box-item\"><\/div><\/div><div id=\"wplp_box_right_1393_1013\" class=\"wpcu-front-box right wpcu-custom-position\" ><div class=\"wplp-box-item\"><\/div><\/div><div id=\"wplp_box_bottom_1393_1013\" class=\"wpcu-front-box bottom \" ><div class=\"wplp-box-item\"><span class=\"date\">21.1.2020<\/span><span class=\"text\"><span style=\"max-height:2.8em\" class=\"line_limit\">Tahti on jaettu tahtilajiosoituksen mukaiseen m\u00e4\u00e4r\u00e4\u00e4n iskuja \n\n\n\nNelj\u00e4sosanuotti on yhden iskun mittainen nuotti. Jokaiselle nuotille on olemassa my\u00f6s saman mittainen tauko, eli aika jolloin nuotin tilalla on saman mittainen hiljaisuus.  4\/4 osa tahtilajissa kulkevan kappaleen jokaisessa tahdissa l\u00f6ytyy siis 4 kappaletta iskuja. \n\n\n\nJokainen tahdin sis\u00e4ll\u00e4 oleva isku voidaan jakaa my\u00f6s pienempiin aika-arvoihin (8-osa, 16-osa jne.), tai iskuja voidaan liitt\u00e4\u00e4 yhteen (puolinuotti, kokonuotti jne.).\n\n\n\nVideo\n\n\n\n\n\n4\/4-tahtilaji\n\n\n\n\n\n\n\n\n\n\n\nKatso my\u00f6s:<\/span><span style=\"margin-left:3px; max-height:2.8em\" class=\"line_limit\"> [...]<\/span><\/span><span class=\"custom_fields\">\n<!-- WPLP Unknown field: Custom_Fields -->\n<\/span><\/div><\/div><\/div><\/div><\/div><div class=\"swiper-button-next\"><\/div><div class=\"swiper-button-prev\"><\/div><div class=\"swiper-pagination\"><\/div><\/div><\/div>\n","protected":false},"excerpt":{"rendered":"<p>Basson s\u00e4estysrytmeist\u00e4 k\u00e4ytetyimpi\u00e4 ovat beat ja two beat. N\u00e4iden fraseeraus riippuu soitettavan kappaleen ja sovituksen tyylilajista. Tyypillinen beat s\u00e4estys koostuu pisteellisen nelj\u00e4sosan ja kahdeksasosan yhdistelm\u00e4st\u00e4. Video Beat rytmi Two beat rytmi Katso my\u00f6s:<\/p>\n","protected":false},"author":1,"featured_media":1282,"parent":55,"menu_order":4,"comment_status":"closed","ping_status":"closed","template":"","meta":{"footnotes":""},"tags":[],"class_list":["post-65","page","type-page","status-publish","has-post-thumbnail","hentry"],"_links":{"self":[{"href":"https:\/\/popjazz.fi\/PJKits\/basso\/wp-json\/wp\/v2\/pages\/65","targetHints":{"allow":["GET"]}}],"collection":[{"href":"https:\/\/popjazz.fi\/PJKits\/basso\/wp-json\/wp\/v2\/pages"}],"about":[{"href":"https:\/\/popjazz.fi\/PJKits\/basso\/wp-json\/wp\/v2\/types\/page"}],"author":[{"embeddable":true,"href":"https:\/\/popjazz.fi\/PJKits\/basso\/wp-json\/wp\/v2\/users\/1"}],"replies":[{"embeddable":true,"href":"https:\/\/popjazz.fi\/PJKits\/basso\/wp-json\/wp\/v2\/comments?post=65"}],"version-history":[{"count":16,"href":"https:\/\/popjazz.fi\/PJKits\/basso\/wp-json\/wp\/v2\/pages\/65\/revisions"}],"predecessor-version":[{"id":3036,"href":"https:\/\/popjazz.fi\/PJKits\/basso\/wp-json\/wp\/v2\/pages\/65\/revisions\/3036"}],"up":[{"embeddable":true,"href":"https:\/\/popjazz.fi\/PJKits\/basso\/wp-json\/wp\/v2\/pages\/55"}],"wp:featuredmedia":[{"embeddable":true,"href":"https:\/\/popjazz.fi\/PJKits\/basso\/wp-json\/wp\/v2\/media\/1282"}],"wp:attachment":[{"href":"https:\/\/popjazz.fi\/PJKits\/basso\/wp-json\/wp\/v2\/media?parent=65"}],"wp:term":[{"taxonomy":"post_tag","embeddable":true,"href":"https:\/\/popjazz.fi\/PJKits\/basso\/wp-json\/wp\/v2\/tags?post=65"}],"curies":[{"name":"wp","href":"https:\/\/api.w.org\/{rel}","templated":true}]}}