{"id":79,"date":"2019-09-22T08:30:42","date_gmt":"2019-09-22T05:30:42","guid":{"rendered":"https:\/\/popjazz.fi\/PJKits\/basso\/?page_id=79"},"modified":"2020-04-01T13:20:48","modified_gmt":"2020-04-01T10:20:48","slug":"nuotinluku","status":"publish","type":"page","link":"https:\/\/popjazz.fi\/PJKits\/basso\/basso-oppimistavoitevideot\/nuotinluku\/","title":{"rendered":"Nuotinluku"},"content":{"rendered":"\n<blockquote class=\"wp-block-quote is-layout-flow wp-block-quote-is-layout-flow\"><p><strong>Nuotinlukutaito on t\u00e4rke\u00e4 taito ja tehokas tapa oppia musiikkia ja musiikin eri ilm\u00f6it\u00e4. Nuotit ovat musiikin aakkosia ja niiden avulla luetaan musiikkia kuten s\u00e4velt\u00e4j\u00e4 ja sovittaja on ne tarkoittanut esitett\u00e4v\u00e4ksi. <\/strong><\/p><p><strong>Nuotinlukutaitoon kuuluu s\u00e4velkorkeuksien (<em>nuotit, nuottiavaimet, etumerkit<\/em>), rytmien (<em>tempot, tahtilajit, aika-arvot, tauot<\/em>), sek\u00e4 kappaleen rakenteiden ja dynamiikan (<em>muut esitysmerkit<\/em>) lukeminen. <\/strong><\/p><p><strong>Perinteisten nuottien lis\u00e4ksi  my\u00f6s esim. tabulatuurit ja kuvionuotit ovat vastaavia tapoja oppia ja lukea muusiikkia ilman soivaa \u00e4\u00e4nikuvaa.<\/strong><\/p><\/blockquote>\n\n\n\n<p> <\/p>\n","protected":false},"excerpt":{"rendered":"<p>Nuotinlukutaito on t\u00e4rke\u00e4 taito ja tehokas tapa oppia musiikkia ja musiikin eri ilm\u00f6it\u00e4. Nuotit ovat musiikin aakkosia ja niiden avulla luetaan musiikkia kuten s\u00e4velt\u00e4j\u00e4 ja sovittaja on ne tarkoittanut esitett\u00e4v\u00e4ksi. Nuotinlukutaitoon kuuluu s\u00e4velkorkeuksien (nuotit, nuottiavaimet, etumerkit), rytmien (tempot, tahtilajit, aika-arvot, tauot), sek\u00e4 kappaleen rakenteiden ja dynamiikan (muut esitysmerkit) lukeminen. Perinteisten nuottien lis\u00e4ksi my\u00f6s esim. tabulatuurit &hellip; <a href=\"https:\/\/popjazz.fi\/PJKits\/basso\/basso-oppimistavoitevideot\/nuotinluku\/\" class=\"more-link\">Jatka lukemista<span class=\"screen-reader-text\"> &#8221;Nuotinluku&#8221;<\/span><\/a><\/p>\n","protected":false},"author":1,"featured_media":1282,"parent":410,"menu_order":5,"comment_status":"closed","ping_status":"closed","template":"","meta":{"footnotes":""},"tags":[],"class_list":["post-79","page","type-page","status-publish","has-post-thumbnail","hentry"],"_links":{"self":[{"href":"https:\/\/popjazz.fi\/PJKits\/basso\/wp-json\/wp\/v2\/pages\/79","targetHints":{"allow":["GET"]}}],"collection":[{"href":"https:\/\/popjazz.fi\/PJKits\/basso\/wp-json\/wp\/v2\/pages"}],"about":[{"href":"https:\/\/popjazz.fi\/PJKits\/basso\/wp-json\/wp\/v2\/types\/page"}],"author":[{"embeddable":true,"href":"https:\/\/popjazz.fi\/PJKits\/basso\/wp-json\/wp\/v2\/users\/1"}],"replies":[{"embeddable":true,"href":"https:\/\/popjazz.fi\/PJKits\/basso\/wp-json\/wp\/v2\/comments?post=79"}],"version-history":[{"count":7,"href":"https:\/\/popjazz.fi\/PJKits\/basso\/wp-json\/wp\/v2\/pages\/79\/revisions"}],"predecessor-version":[{"id":1532,"href":"https:\/\/popjazz.fi\/PJKits\/basso\/wp-json\/wp\/v2\/pages\/79\/revisions\/1532"}],"up":[{"embeddable":true,"href":"https:\/\/popjazz.fi\/PJKits\/basso\/wp-json\/wp\/v2\/pages\/410"}],"wp:featuredmedia":[{"embeddable":true,"href":"https:\/\/popjazz.fi\/PJKits\/basso\/wp-json\/wp\/v2\/media\/1282"}],"wp:attachment":[{"href":"https:\/\/popjazz.fi\/PJKits\/basso\/wp-json\/wp\/v2\/media?parent=79"}],"wp:term":[{"taxonomy":"post_tag","embeddable":true,"href":"https:\/\/popjazz.fi\/PJKits\/basso\/wp-json\/wp\/v2\/tags?post=79"}],"curies":[{"name":"wp","href":"https:\/\/api.w.org\/{rel}","templated":true}]}}