{"id":813,"date":"2020-01-20T07:18:52","date_gmt":"2020-01-20T05:18:52","guid":{"rendered":"https:\/\/popjazz.fi\/PJKits\/basso\/?page_id=813"},"modified":"2021-09-28T09:04:48","modified_gmt":"2021-09-28T06:04:48","slug":"suuret-intervallihypyt-koko-kaulan-alueella","status":"publish","type":"page","link":"https:\/\/popjazz.fi\/PJKits\/basso\/basso-oppimistavoitevideot\/instrumentin-hallinta\/suuret-intervallihypyt-koko-kaulan-alueella\/","title":{"rendered":"Suuret intervallihypyt koko kaulan alueella"},"content":{"rendered":"\n<p>Suuret intervallihypyt, eli otelautak\u00e4den usean aseman ylitt\u00e4v\u00e4t hypyt soittamisen aikana vaativat basson kaulan hyv\u00e4\u00e4 hallintaa, sek\u00e4 hyv\u00e4\u00e4 molempien k\u00e4sien yhteisty\u00f6t\u00e4, eli koordinaatiota. Molempien k\u00e4sien on s\u00e4ilytett\u00e4v\u00e4 kontrolli bassoon ja k\u00e4den liike on suoritettava noudatellen kappaleen tempoa ja yleist\u00e4 rytmiikkaa.<\/p>\n\n\n\n<p>Useasti \u00e4\u00e4nest\u00e4 toiseen liikeen on tapahduttava nelj\u00e4sosan, tai jopa kahdeksasosan aikana, jolloin liikkeen on sis\u00e4llett\u00e4v\u00e4 sek\u00e4 soitettava \u00e4\u00e4ni ett\u00e4 intervallihyppyyn sis\u00e4ltyv\u00e4 aika. Soitettavan \u00e4\u00e4nen pituus on siksi suhteutettava kappaleen muuhun rytmiikkaan ja tempoon<\/p>\n\n\n\n<h4 class=\"wp-block-heading\">Video<\/h4>\n\n\n\n<figure class=\"wp-block-embed-vimeo wp-block-embed is-type-video is-provider-vimeo wp-embed-aspect-16-9 wp-has-aspect-ratio\"><div class=\"wp-block-embed__wrapper\">\n<iframe loading=\"lazy\" src=\"https:\/\/player.vimeo.com\/video\/504776684?dnt=1&amp;app_id=122963\" width=\"840\" height=\"473\" frameborder=\"0\" allow=\"autoplay; fullscreen; picture-in-picture\" allowfullscreen><\/iframe>\n<\/div><figcaption>Suuret intervallihypyt<\/figcaption><\/figure>\n\n\n\n<p>Soittoesimerkki nuotein<\/p>\n\n\n\n<figure class=\"wp-block-image size-large\"><img loading=\"lazy\" decoding=\"async\" width=\"1024\" height=\"266\" src=\"https:\/\/popjazz.fi\/PJKits\/basso\/wp-content\/uploads\/sites\/4\/2021\/04\/suuret-intervallihypyt-1024x266.png\" alt=\"\" class=\"wp-image-3264\" srcset=\"https:\/\/popjazz.fi\/PJKits\/basso\/wp-content\/uploads\/sites\/4\/2021\/04\/suuret-intervallihypyt-1024x266.png 1024w, https:\/\/popjazz.fi\/PJKits\/basso\/wp-content\/uploads\/sites\/4\/2021\/04\/suuret-intervallihypyt-300x78.png 300w, https:\/\/popjazz.fi\/PJKits\/basso\/wp-content\/uploads\/sites\/4\/2021\/04\/suuret-intervallihypyt-150x39.png 150w, https:\/\/popjazz.fi\/PJKits\/basso\/wp-content\/uploads\/sites\/4\/2021\/04\/suuret-intervallihypyt-768x199.png 768w, https:\/\/popjazz.fi\/PJKits\/basso\/wp-content\/uploads\/sites\/4\/2021\/04\/suuret-intervallihypyt-1536x398.png 1536w, https:\/\/popjazz.fi\/PJKits\/basso\/wp-content\/uploads\/sites\/4\/2021\/04\/suuret-intervallihypyt-2048x531.png 2048w, https:\/\/popjazz.fi\/PJKits\/basso\/wp-content\/uploads\/sites\/4\/2021\/04\/suuret-intervallihypyt-1200x311.png 1200w\" sizes=\"auto, (max-width: 709px) 85vw, (max-width: 909px) 67vw, (max-width: 1362px) 62vw, 840px\" \/><\/figure>\n\n\n\n<hr class=\"wp-block-separator\"\/>\n\n\n\n<p class=\"has-medium-font-size\">Katso my\u00f6s:<\/p>\n\n\n<style><\/style><div class=\"wplp_outside wplp_widget_1585\" style=\"max-width:100%;\"><span class=\"wpcu_block_title\">Suuret intervallihypyt koko kaulan alueella<\/span><div id=\"wplp_widget_1585\" class=\"wplp_widget_default wplp_container vertical swiper wplp-swiper default cols3\" data-theme=\"default\" data-post=\"1585\" style=\"\" data-max-elts=\"5\" data-per-page=\"10\"><div class=\"wplp_listposts swiper-wrapper\" id=\"default_1585\" style=\"width: 100%;\" ><div class=\"swiper-slide\" style=\"\"><div class=\"insideframe\"><div id=\"wplp_box_top_1585_282\" class=\"wpcu-front-box top equalHeightImg\" ><div class=\"wplp-box-item\"><a href=\"https:\/\/popjazz.fi\/PJKits\/basso\/basso-oppimistavoitevideot\/instrumentin-hallinta\/oikean-ja-vasemman-kaden-koordinaatio\/\"  class=\"thumbnail\"><span class=\"img_cropper\" style=\"width:150px;height:150px;margin-right:4px;margin-bottom:4px;max-width:100%;\"><img decoding=\"async\" src=\"https:\/\/popjazz.fi\/PJKits\/basso\/wp-content\/uploads\/sites\/4\/2020\/02\/bs_ic_material_product_icon_192pxxxhdpi-150x150.png\" style=\"position: absolute;top: 50%;margin-top: -75px;aspect-ratio:4\/3;\" srcset=\"\" alt=\"Oikean ja vasemman k\u00e4den koordinaatio\" class=\"wplp_thumb\" \/><\/span><\/a><a href=\"https:\/\/popjazz.fi\/PJKits\/basso\/basso-oppimistavoitevideot\/instrumentin-hallinta\/oikean-ja-vasemman-kaden-koordinaatio\/\"  class=\"title\">Oikean ja vasemman k\u00e4den koordinaatio<\/a><\/div><\/div><div id=\"wplp_box_left_1585_282\" class=\"wpcu-front-box left wpcu-custom-position\" ><div class=\"wplp-box-item\"><\/div><\/div><div id=\"wplp_box_right_1585_282\" class=\"wpcu-front-box right wpcu-custom-position\" ><div class=\"wplp-box-item\"><\/div><\/div><div id=\"wplp_box_bottom_1585_282\" class=\"wpcu-front-box bottom \" ><div class=\"wplp-box-item\"><span class=\"date\">5.10.2019<\/span><span class=\"text\"><span style=\"max-height:2.8em\" class=\"line_limit\">Koordinaatio tarkoittaa sujuvaa ja tarkoituksenmukaista yhteistoimintaa. Bassonsoitossa t\u00e4m\u00e4 tarkoittaa vasemman ja oikean k\u00e4den yhteisty\u00f6t\u00e4.\n\n\n\nVideo\n\n\n\n\n\n\n\n\n\n\n\n\n\nKatso my\u00f6s:<\/span><span style=\"margin-left:3px; max-height:2.8em\" class=\"line_limit\"> [...]<\/span><\/span><span class=\"custom_fields\">\n<!-- WPLP Unknown field: Custom_Fields -->\n<\/span><\/div><\/div><\/div><\/div><div class=\"swiper-slide\" style=\"\"><div class=\"insideframe\"><div id=\"wplp_box_top_1585_825\" class=\"wpcu-front-box top equalHeightImg\" ><div class=\"wplp-box-item\"><a href=\"https:\/\/popjazz.fi\/PJKits\/basso\/basso-oppimistavoitevideot\/instrumentin-hallinta\/koko-kaulan-hallinta\/\"  class=\"thumbnail\"><span class=\"img_cropper\" style=\"width:150px;height:150px;margin-right:4px;margin-bottom:4px;max-width:100%;\"><img decoding=\"async\" src=\"https:\/\/popjazz.fi\/PJKits\/basso\/wp-content\/uploads\/sites\/4\/2020\/02\/bs_ic_material_product_icon_192pxxxhdpi-150x150.png\" style=\"position: absolute;top: 50%;margin-top: -75px;aspect-ratio:4\/3;\" srcset=\"\" alt=\"Koko kaulan hallinta\" class=\"wplp_thumb\" \/><\/span><\/a><a href=\"https:\/\/popjazz.fi\/PJKits\/basso\/basso-oppimistavoitevideot\/instrumentin-hallinta\/koko-kaulan-hallinta\/\"  class=\"title\">Koko kaulan hallinta<\/a><\/div><\/div><div id=\"wplp_box_left_1585_825\" class=\"wpcu-front-box left wpcu-custom-position\" ><div class=\"wplp-box-item\"><\/div><\/div><div id=\"wplp_box_right_1585_825\" class=\"wpcu-front-box right wpcu-custom-position\" ><div class=\"wplp-box-item\"><\/div><\/div><div id=\"wplp_box_bottom_1585_825\" class=\"wpcu-front-box bottom \" ><div class=\"wplp-box-item\"><span class=\"date\">20.1.2020<\/span><span class=\"text\"><span style=\"max-height:2.8em\" class=\"line_limit\">Koko kaulan hallinta vaatii otelaudan \u00e4\u00e4nten tuntemisen lis\u00e4ksi my\u00f6s molempien k\u00e4sien hyv\u00e4\u00e4 yhteisty\u00f6t\u00e4, eli koordinaatiota. \n\n\n\nKoko kaulan hallintaan kuuluu n\u00e4iden lis\u00e4ksi my\u00f6s kappaleen ja sen rytmiikkaan sopivien \u00e4\u00e4nten ja sormitusten valitseminen niin, ett\u00e4 ne palvelevat kappaleen tyylillisi\u00e4 seikkoja. N\u00e4it\u00e4 ovat mm. soundi ja rytmiikka. \n\n\n\nVideo\n\n\n\n\n\n\n\n\n\n\n\n\n\nKatso my\u00f6s:<\/span><span style=\"margin-left:3px; max-height:2.8em\" class=\"line_limit\"> [...]<\/span><\/span><span class=\"custom_fields\">\n<!-- WPLP Unknown field: Custom_Fields -->\n<\/span><\/div><\/div><\/div><\/div><div class=\"swiper-slide\" style=\"\"><div class=\"insideframe\"><div id=\"wplp_box_top_1585_815\" class=\"wpcu-front-box top equalHeightImg\" ><div class=\"wplp-box-item\"><a href=\"https:\/\/popjazz.fi\/PJKits\/basso\/basso-oppimistavoitevideot\/instrumentin-hallinta\/rytmin-hallinta-asemanvaihdoissa\/\"  class=\"thumbnail\"><span class=\"img_cropper\" style=\"width:150px;height:150px;margin-right:4px;margin-bottom:4px;max-width:100%;\"><img decoding=\"async\" src=\"https:\/\/popjazz.fi\/PJKits\/basso\/wp-content\/uploads\/sites\/4\/2020\/02\/bs_ic_material_product_icon_192pxxxhdpi-150x150.png\" style=\"position: absolute;top: 50%;margin-top: -75px;aspect-ratio:4\/3;\" srcset=\"\" alt=\"Rytmin hallinta asemanvaihdoissa\" class=\"wplp_thumb\" \/><\/span><\/a><a href=\"https:\/\/popjazz.fi\/PJKits\/basso\/basso-oppimistavoitevideot\/instrumentin-hallinta\/rytmin-hallinta-asemanvaihdoissa\/\"  class=\"title\">Rytmin hallinta asemanvaihdoissa<\/a><\/div><\/div><div id=\"wplp_box_left_1585_815\" class=\"wpcu-front-box left wpcu-custom-position\" ><div class=\"wplp-box-item\"><\/div><\/div><div id=\"wplp_box_right_1585_815\" class=\"wpcu-front-box right wpcu-custom-position\" ><div class=\"wplp-box-item\"><\/div><\/div><div id=\"wplp_box_bottom_1585_815\" class=\"wpcu-front-box bottom \" ><div class=\"wplp-box-item\"><span class=\"date\">20.1.2020<\/span><span class=\"text\"><span style=\"max-height:2.8em\" class=\"line_limit\">Rytmin hallinta asemanvaihdossa vaatii hyv\u00e4\u00e4 instrumentin hallintaa, sek\u00e4 molempien k\u00e4sien yhteisty\u00f6t\u00e4, eli koordinaatiota. Varsinkin otelautak\u00e4den tulee noudattaa asemanvaihdossa kappaleen tempoa ja yleist\u00e4 rytmiikkaa. \n\n\n\nMonesti asemanvaihto tulee suorittaa nelj\u00e4sosan tai pienemm\u00e4n aika-arvon aikana, jolloin soitettavien \u00e4\u00e4nien tulee noudattaa vaihdon aikana kappalen yleist\u00e4 tempoa ja rytmiikkaa. T\u00e4m\u00e4 on hyv\u00e4 huomioida esim. sormituksia miettiess\u00e4.\n\n\n\nVideo\n\n\n\n\n\n\n\n\n\nSoittoesimerkki nuotein. Huomaa, ett\u00e4 asemanvaihdot ovat vain esimerkkin\u00e4. J\u00e4rkeviin asemanvaihtoihin vaikuttaa aina my\u00f6s mm. muu soittotilanne ja haluttu soundi \n\n\n\n\n\n\n\n\n\n\n\nKatso my\u00f6s:<\/span><span style=\"margin-left:3px; max-height:2.8em\" class=\"line_limit\"> [...]<\/span><\/span><span class=\"custom_fields\">\n<!-- WPLP Unknown field: Custom_Fields -->\n<\/span><\/div><\/div><\/div><\/div><div class=\"swiper-slide\" style=\"\"><div class=\"insideframe\"><div id=\"wplp_box_top_1585_265\" class=\"wpcu-front-box top equalHeightImg\" ><div class=\"wplp-box-item\"><a href=\"https:\/\/popjazz.fi\/PJKits\/basso\/basso-oppimistavoitevideot\/instrumentin-hallinta\/kielelta-toiselle-siirtyminen\/\"  class=\"thumbnail\"><span class=\"img_cropper\" style=\"width:150px;height:150px;margin-right:4px;margin-bottom:4px;max-width:100%;\"><img decoding=\"async\" src=\"https:\/\/popjazz.fi\/PJKits\/basso\/wp-content\/uploads\/sites\/4\/2020\/02\/bs_ic_material_product_icon_192pxxxhdpi-150x150.png\" style=\"position: absolute;top: 50%;margin-top: -75px;aspect-ratio:4\/3;\" srcset=\"\" alt=\"Kielelt\u00e4 toiselle siirtyminen\" class=\"wplp_thumb\" \/><\/span><\/a><a href=\"https:\/\/popjazz.fi\/PJKits\/basso\/basso-oppimistavoitevideot\/instrumentin-hallinta\/kielelta-toiselle-siirtyminen\/\"  class=\"title\">Kielelt\u00e4 toiselle siirtyminen<\/a><\/div><\/div><div id=\"wplp_box_left_1585_265\" class=\"wpcu-front-box left wpcu-custom-position\" ><div class=\"wplp-box-item\"><\/div><\/div><div id=\"wplp_box_right_1585_265\" class=\"wpcu-front-box right wpcu-custom-position\" ><div class=\"wplp-box-item\"><\/div><\/div><div id=\"wplp_box_bottom_1585_265\" class=\"wpcu-front-box bottom \" ><div class=\"wplp-box-item\"><span class=\"date\">5.10.2019<\/span><span class=\"text\"><span style=\"max-height:2.8em\" class=\"line_limit\">N\u00e4pp\u00e4\u00e4v\u00e4n k\u00e4den vuorosormitekniikalla soitettaessa kielelt\u00e4 toiselle siirtyminen vaatii hyv\u00e4\u00e4 molempien k\u00e4sien yhteisty\u00f6t\u00e4, eli koordinaatiota. N\u00e4pp\u00e4\u00e4v\u00e4n k\u00e4den asento tulisi s\u00e4ilytt\u00e4\u00e4 niin, ett\u00e4 sormen kosketus kieleen s\u00e4ilyisi mahdollisimman samana ja hallittuna riippumatta mit\u00e4 kielt\u00e4 n\u00e4pp\u00e4\u00e4 ja tarvittaessa koko k\u00e4sivarren liikkua mukana. K\u00e4den liikkeess\u00e4 tulee kuitekin s\u00e4ilytt\u00e4\u00e4 kontrolli basson bodyyn esim. tukemalla peukaloa koko ajan toisen mikrofonin p\u00e4\u00e4lle\n\n\n\nYksi hyv\u00e4 tapa harjoitella koordinaatiota ja kielelt\u00e4 toiselle siirtymist\u00e4 on tehd\u00e4 &#8221;vuorosormi -k\u00e4velyharjoituksia&#8221; kielelt\u00e4 toiselle. Harjoittelu on hyv\u00e4 tehd\u00e4 esim. metronomin avulla.\n\n\n\nVideo\n\n\n\n\n\n\n\n\n\n\n\n\n\nKatso my\u00f6s:<\/span><span style=\"margin-left:3px; max-height:2.8em\" class=\"line_limit\"> [...]<\/span><\/span><span class=\"custom_fields\">\n<!-- WPLP Unknown field: Custom_Fields -->\n<\/span><\/div><\/div><\/div><\/div><div class=\"swiper-slide\" style=\"\"><div class=\"insideframe\"><div id=\"wplp_box_top_1585_29\" class=\"wpcu-front-box top equalHeightImg\" ><div class=\"wplp-box-item\"><a href=\"https:\/\/popjazz.fi\/PJKits\/basso\/basso-oppimistavoitevideot\/instrumentin-hallinta\/\"  class=\"thumbnail\"><span class=\"img_cropper\" style=\"width:150px;height:150px;margin-right:4px;margin-bottom:4px;max-width:100%;\"><img decoding=\"async\" src=\"https:\/\/popjazz.fi\/PJKits\/basso\/wp-content\/uploads\/sites\/4\/2020\/02\/bs_ic_material_product_icon_192pxxxhdpi-150x150.png\" style=\"position: absolute;top: 50%;margin-top: -75px;aspect-ratio:4\/3;\" srcset=\"\" alt=\"Instrumentin hallinta\" class=\"wplp_thumb\" \/><\/span><\/a><a href=\"https:\/\/popjazz.fi\/PJKits\/basso\/basso-oppimistavoitevideot\/instrumentin-hallinta\/\"  class=\"title\">Instrumentin hallinta<\/a><\/div><\/div><div id=\"wplp_box_left_1585_29\" class=\"wpcu-front-box left wpcu-custom-position\" ><div class=\"wplp-box-item\"><\/div><\/div><div id=\"wplp_box_right_1585_29\" class=\"wpcu-front-box right wpcu-custom-position\" ><div class=\"wplp-box-item\"><\/div><\/div><div id=\"wplp_box_bottom_1585_29\" class=\"wpcu-front-box bottom \" ><div class=\"wplp-box-item\"><span class=\"date\">22.9.2019<\/span><span class=\"text\"><span style=\"max-height:2.8em\" class=\"line_limit\">Hyv\u00e4 instrumentin hallinta on olennainen osa ilmaisua. Sill\u00e4 on suora vaikutus mm. rytmien hallintaan soitettaessa sek\u00e4 instrumentin soundiin.<\/span><span style=\"margin-left:3px; max-height:2.8em\" class=\"line_limit\"> [...]<\/span><\/span><span class=\"custom_fields\">\n<!-- WPLP Unknown field: Custom_Fields -->\n<\/span><\/div><\/div><\/div><\/div><\/div><div class=\"swiper-button-next\"><\/div><div class=\"swiper-button-prev\"><\/div><div class=\"swiper-pagination\"><\/div><\/div><\/div>\n\n\n<style><\/style><div class=\"wplp_outside wplp_widget_3376\" style=\"max-width:100%;\"><span class=\"wpcu_block_title\">Suuret intervallihypyt koko kaulan alueella OM<\/span><div id=\"wplp_widget_3376\" class=\"wplp_widget_default wplp_container vertical swiper wplp-swiper default cols3\" data-theme=\"default\" data-post=\"3376\" style=\"\" data-max-elts=\"3\" data-per-page=\"10\"><div class=\"wplp_listposts swiper-wrapper\" id=\"default_3376\" style=\"width: 100%;\" ><div class=\"swiper-slide\" style=\"\"><div class=\"insideframe\"><div id=\"wplp_box_top_3376_167\" class=\"wpcu-front-box top equalHeightImg\" ><div class=\"wplp-box-item\"><a href=\"https:\/\/popjazz.fi\/PJKits\/oppimateriaali-basso\/oppimateriaali\/g\/groove-svengi-time-soitto-ja-aanten-pituus\/\"  class=\"thumbnail\"><span class=\"img_cropper\" style=\"width:150px;height:150px;margin-right:4px;margin-bottom:4px;max-width:100%;\"><img decoding=\"async\" src=\"https:\/\/popjazz.fi\/PJKits\/basso\/wp-content\/uploads\/sites\/19\/2020\/05\/bs_ic_material_product_icon_192pxxxhdpi-150x150.png\" style=\"position: absolute;top: 50%;margin-top: -75px;aspect-ratio:4\/3;\" srcset=\"\" alt=\"Groove\/svengi osa 1: Time soitto ja \u00e4\u00e4nten pituus\" class=\"wplp_thumb\" \/><\/span><\/a><a href=\"https:\/\/popjazz.fi\/PJKits\/oppimateriaali-basso\/oppimateriaali\/g\/groove-svengi-time-soitto-ja-aanten-pituus\/\"  class=\"title\">Groove\/svengi osa 1: Time soitto ja \u00e4\u00e4nten pituus<\/a><\/div><\/div><div id=\"wplp_box_left_3376_167\" class=\"wpcu-front-box left wpcu-custom-position\" ><div class=\"wplp-box-item\"><\/div><\/div><div id=\"wplp_box_right_3376_167\" class=\"wpcu-front-box right wpcu-custom-position\" ><div class=\"wplp-box-item\"><\/div><\/div><div id=\"wplp_box_bottom_3376_167\" class=\"wpcu-front-box bottom \" ><div class=\"wplp-box-item\"><span class=\"date\">20.4.2021<\/span><span class=\"text\"><span style=\"max-height:2.8em\" class=\"line_limit\">Groove ja svengi ovat termej\u00e4, jotka puhekieless\u00e4 k\u00e4yt\u00e4nn\u00f6ss\u00e4 tarkoittavat samaa asiaa, varsinaisen merkityksen kuitenkin muuttuessa riippuen mm. soitettavasta tyylijaljista. Yleinen k\u00e4sitys groovesta\/svengist\u00e4 on &#8221;tunne vahvasta ja menev\u00e4st\u00e4 rytmist\u00e4&#8221;. Poikkeuksia t\u00e4ss\u00e4kin on, esim. eri metallimusiikin groovet saattavat olla tarkoituksellisesti raskaita ja &#8221;j\u00e4ykki\u00e4&#8221;, jolla alleviivataan musiikin muuta sis\u00e4lt\u00f6\u00e4. \n\n\n\nTyylinmukainen groove\/svengi vaatii aina my\u00f6s itse tyyliin tutustumista ja omaksumista. Monet tyylisidonnaiset goovek\u00e4sitykset omaksuukin vasta pitk\u00e4llisen soittokokemuksen kautta.\n\n\n\nTime ja \u00e4\u00e4nten pituus\n\n\n\nVideolla esitell\u00e4\u00e4n k\u00e4sitteet Time ja \u00e4\u00e4nten pituus, joilla bassolla voidaan vaikuttaa kappaleen grooven &#8221;tunteeseen&#8221;. Time kertoo \u00e4\u00e4nen syttymispisteest\u00e4 ja \u00e4\u00e4nen pituus kuinka pitk\u00e4\u00e4n \u00e4\u00e4nen annetaan soida.\n\n\n\nVideo\n\n\n\n\n\n\n\n\n\nVideoesimerkill\u00e4 k\u00e4ytetyn harjoituksen \u00e4\u00e4net nuotein\n\n\n\n\n\n\n\n\n\n\n\nKatso my\u00f6s:<\/span><span style=\"margin-left:3px; max-height:2.8em\" class=\"line_limit\"> [...]<\/span><\/span><span class=\"custom_fields\">\n<!-- WPLP Unknown field: Custom_Fields -->\n<\/span><\/div><\/div><\/div><\/div><div class=\"swiper-slide\" style=\"\"><div class=\"insideframe\"><div id=\"wplp_box_top_3376_185\" class=\"wpcu-front-box top equalHeightImg\" ><div class=\"wplp-box-item\"><a href=\"https:\/\/popjazz.fi\/PJKits\/oppimateriaali-basso\/oppimateriaali\/o\/oktaavisoitto\/\"  class=\"thumbnail\"><span class=\"img_cropper\" style=\"width:150px;height:150px;margin-right:4px;margin-bottom:4px;max-width:100%;\"><img decoding=\"async\" src=\"https:\/\/popjazz.fi\/PJKits\/basso\/wp-content\/uploads\/sites\/19\/2020\/05\/bs_ic_material_product_icon_192pxxxhdpi-150x150.png\" style=\"position: absolute;top: 50%;margin-top: -75px;aspect-ratio:4\/3;\" srcset=\"\" alt=\"Oktaavisoitto\" class=\"wplp_thumb\" \/><\/span><\/a><a href=\"https:\/\/popjazz.fi\/PJKits\/oppimateriaali-basso\/oppimateriaali\/o\/oktaavisoitto\/\"  class=\"title\">Oktaavisoitto<\/a><\/div><\/div><div id=\"wplp_box_left_3376_185\" class=\"wpcu-front-box left wpcu-custom-position\" ><div class=\"wplp-box-item\"><\/div><\/div><div id=\"wplp_box_right_3376_185\" class=\"wpcu-front-box right wpcu-custom-position\" ><div class=\"wplp-box-item\"><\/div><\/div><div id=\"wplp_box_bottom_3376_185\" class=\"wpcu-front-box bottom \" ><div class=\"wplp-box-item\"><span class=\"date\">20.4.2021<\/span><span class=\"text\"><span style=\"max-height:2.8em\" class=\"line_limit\">Oktaavi on yksi tunnistettavimmista ja  samalla yksi raskaimmista intervalleista soittaa. Esimerkiksi &#8221;70ish diskon&#8221; tunnusomaisimmista soundeista oli  oktaavi\u00e4\u00e4nill\u00e4 soitettu kahdeksasosa bassolinja. \n\n\n\nVideolla k\u00e4yd\u00e4\u00e4n l\u00e4pi oktaavisoittoon liittyvi\u00e4 huomioita otek\u00e4den asennoista, sek\u00e4 tehd\u00e4\u00e4n oktaavisoittoharjoitus G -duuri asteikolla ja rytmipyramidilla.\n\n\n\nVideo \n\n\n\n\n\n\n\n\n\nVideoesimerkin pohjana k\u00e4ytett\u00e4v\u00e4 G -duuriasteikko nuotein\n\n\n\n\n\n\n\n\n\n\n\nKatso my\u00f6s:<\/span><span style=\"margin-left:3px; max-height:2.8em\" class=\"line_limit\"> [...]<\/span><\/span><span class=\"custom_fields\">\n<!-- WPLP Unknown field: Custom_Fields -->\n<\/span><\/div><\/div><\/div><\/div><div class=\"swiper-slide\" style=\"\"><div class=\"insideframe\"><div id=\"wplp_box_top_3376_190\" class=\"wpcu-front-box top equalHeightImg\" ><div class=\"wplp-box-item\"><a href=\"https:\/\/popjazz.fi\/PJKits\/oppimateriaali-basso\/oppimateriaali\/s\/soundi\/\"  class=\"thumbnail\"><span class=\"img_cropper\" style=\"width:150px;height:150px;margin-right:4px;margin-bottom:4px;max-width:100%;\"><img decoding=\"async\" src=\"https:\/\/popjazz.fi\/PJKits\/basso\/wp-content\/uploads\/sites\/19\/2020\/05\/bs_ic_material_product_icon_192pxxxhdpi-150x150.png\" style=\"position: absolute;top: 50%;margin-top: -75px;aspect-ratio:4\/3;\" srcset=\"\" alt=\"Soundi\" class=\"wplp_thumb\" \/><\/span><\/a><a href=\"https:\/\/popjazz.fi\/PJKits\/oppimateriaali-basso\/oppimateriaali\/s\/soundi\/\"  class=\"title\">Soundi<\/a><\/div><\/div><div id=\"wplp_box_left_3376_190\" class=\"wpcu-front-box left wpcu-custom-position\" ><div class=\"wplp-box-item\"><\/div><\/div><div id=\"wplp_box_right_3376_190\" class=\"wpcu-front-box right wpcu-custom-position\" ><div class=\"wplp-box-item\"><\/div><\/div><div id=\"wplp_box_bottom_3376_190\" class=\"wpcu-front-box bottom \" ><div class=\"wplp-box-item\"><span class=\"date\">20.4.2021<\/span><span class=\"text\"><span style=\"max-height:2.8em\" class=\"line_limit\">Mik\u00e4 on hyv\u00e4 soundi ja miten sellainen tehd\u00e4\u00e4n? Onko olemassa yht\u00e4 hyv\u00e4\u00e4 soundia vai puhutaanko vain makuasioista. \n\n\n\nVideolla tarkastellaan hyv\u00e4n soundin salaisuuksia ja tekniikoita sen ymp\u00e4rill\u00e4.\n\n\n\n\n\n\n\n\n\nKatso my\u00f6s:<\/span><span style=\"margin-left:3px; max-height:2.8em\" class=\"line_limit\"> [...]<\/span><\/span><span class=\"custom_fields\">\n<!-- WPLP Unknown field: Custom_Fields -->\n<\/span><\/div><\/div><\/div><\/div><\/div><div class=\"swiper-button-next\"><\/div><div class=\"swiper-button-prev\"><\/div><div class=\"swiper-pagination\"><\/div><\/div><\/div>\n","protected":false},"excerpt":{"rendered":"<p>Suuret intervallihypyt, eli otelautak\u00e4den usean aseman ylitt\u00e4v\u00e4t hypyt soittamisen aikana vaativat basson kaulan hyv\u00e4\u00e4 hallintaa, sek\u00e4 hyv\u00e4\u00e4 molempien k\u00e4sien yhteisty\u00f6t\u00e4, eli koordinaatiota. Molempien k\u00e4sien on s\u00e4ilytett\u00e4v\u00e4 kontrolli bassoon ja k\u00e4den liike on suoritettava noudatellen kappaleen tempoa ja yleist\u00e4 rytmiikkaa. Useasti \u00e4\u00e4nest\u00e4 toiseen liikeen on tapahduttava nelj\u00e4sosan, tai jopa kahdeksasosan aikana, jolloin liikkeen on sis\u00e4llett\u00e4v\u00e4 sek\u00e4 &hellip; <a href=\"https:\/\/popjazz.fi\/PJKits\/basso\/?p=190\" class=\"more-link\">Jatka lukemista<span class=\"screen-reader-text\"> &#8221;Otek\u00e4den perussormitus&#8221;<\/span><\/a><\/p>\n","protected":false},"author":1,"featured_media":1282,"parent":29,"menu_order":7,"comment_status":"closed","ping_status":"closed","template":"","meta":{"footnotes":""},"tags":[],"class_list":["post-813","page","type-page","status-publish","has-post-thumbnail","hentry"],"_links":{"self":[{"href":"https:\/\/popjazz.fi\/PJKits\/basso\/wp-json\/wp\/v2\/pages\/813","targetHints":{"allow":["GET"]}}],"collection":[{"href":"https:\/\/popjazz.fi\/PJKits\/basso\/wp-json\/wp\/v2\/pages"}],"about":[{"href":"https:\/\/popjazz.fi\/PJKits\/basso\/wp-json\/wp\/v2\/types\/page"}],"author":[{"embeddable":true,"href":"https:\/\/popjazz.fi\/PJKits\/basso\/wp-json\/wp\/v2\/users\/1"}],"replies":[{"embeddable":true,"href":"https:\/\/popjazz.fi\/PJKits\/basso\/wp-json\/wp\/v2\/comments?post=813"}],"version-history":[{"count":10,"href":"https:\/\/popjazz.fi\/PJKits\/basso\/wp-json\/wp\/v2\/pages\/813\/revisions"}],"predecessor-version":[{"id":3377,"href":"https:\/\/popjazz.fi\/PJKits\/basso\/wp-json\/wp\/v2\/pages\/813\/revisions\/3377"}],"up":[{"embeddable":true,"href":"https:\/\/popjazz.fi\/PJKits\/basso\/wp-json\/wp\/v2\/pages\/29"}],"wp:featuredmedia":[{"embeddable":true,"href":"https:\/\/popjazz.fi\/PJKits\/basso\/wp-json\/wp\/v2\/media\/1282"}],"wp:attachment":[{"href":"https:\/\/popjazz.fi\/PJKits\/basso\/wp-json\/wp\/v2\/media?parent=813"}],"wp:term":[{"taxonomy":"post_tag","embeddable":true,"href":"https:\/\/popjazz.fi\/PJKits\/basso\/wp-json\/wp\/v2\/tags?post=813"}],"curies":[{"name":"wp","href":"https:\/\/api.w.org\/{rel}","templated":true}]}}