{"id":817,"date":"2020-01-20T07:21:19","date_gmt":"2020-01-20T05:21:19","guid":{"rendered":"https:\/\/popjazz.fi\/PJKits\/basso\/?page_id=817"},"modified":"2021-04-07T09:39:02","modified_gmt":"2021-04-07T06:39:02","slug":"i-v-asemien-aanet-ja-soitto","status":"publish","type":"page","link":"https:\/\/popjazz.fi\/PJKits\/basso\/basso-oppimistavoitevideot\/instrumentin-hallinta\/i-v-asemien-aanet-ja-soitto\/","title":{"rendered":"I-V asemien \u00e4\u00e4net ja soitto"},"content":{"rendered":"\n<h3 class=\"wp-block-heading\">Asemat<\/h3>\n\n\n\n<p>Kun otek\u00e4si on asemoitu otelaudelle niin, ett\u00e4 jokainen sormi soittaa \u00e4\u00e4nen aina yhden nauhav\u00e4lin kohdalta, otek\u00e4den asema ilmoitetaan sen mukaan monennenko nauhan kohdalla otek\u00e4den etusormi on.<\/p>\n\n\n\n<p><strong>I -asemassa otek\u00e4den etusormi<\/strong> on ensimm\u00e4isell\u00e4 nauhav\u00e4lin kohdalla, keskisormi toisen, nimet\u00f6n kolmannen ja pikkusormi nelj\u00e4nnen.<\/p>\n\n\n\n<p><strong>II -asemassa<\/strong> otelautak\u00e4si siirty yhden nauhav\u00e4lin verran tallaan p\u00e4in, jolloin <strong>etusormi on toisen nauhav\u00e4lin kohdalla<\/strong>, keskisormi kolmannen, nimet\u00f6n nelj\u00e4nnen ja pikkusormi on viidenen, ja niin edelleen.<\/p>\n\n\n\n<h3 class=\"wp-block-heading\">Soitto<\/h3>\n\n\n\n<p>Eri asemista soittoa yhdistell\u00e4\u00e4n liikuttamalla otelautak\u00e4tt\u00e4 asemasta toiseen riippuen kappaleessa soitettavista \u00e4\u00e4nist\u00e4 ja niiden sijainnista otelaudalla. L\u00e4ht\u00f6kohtaisesti pyrit\u00e4\u00e4n pieniin ja ergonomisesti hyviin liikeratoihin, mutta  aina l\u00e4hin \u00e4\u00e4ni ei v\u00e4ltt\u00e4m\u00e4tt\u00e4 ole kappaleen luonteen ja halutun soundin kannalta paras. T\u00e4ll\u00f6in voidaan joutua liikkumaan kaulalla usean aseman v\u00e4lill\u00e4, ett\u00e4 soundi ja fraseeraus on halutun kaltainen. <\/p>\n\n\n\n<h4 class=\"wp-block-heading\">Video<\/h4>\n\n\n\n<figure class=\"wp-block-embed-vimeo wp-block-embed is-type-video is-provider-vimeo wp-embed-aspect-16-9 wp-has-aspect-ratio\"><div class=\"wp-block-embed__wrapper\">\n<iframe loading=\"lazy\" src=\"https:\/\/player.vimeo.com\/video\/502797481?dnt=1&amp;app_id=122963\" width=\"840\" height=\"473\" frameborder=\"0\" allow=\"autoplay; fullscreen; picture-in-picture\" allowfullscreen><\/iframe>\n<\/div><figcaption>Sama riffi I ja V -asemasta<\/figcaption><\/figure>\n\n\n\n<figure class=\"wp-block-image size-large\"><img loading=\"lazy\" decoding=\"async\" width=\"1024\" height=\"229\" src=\"https:\/\/popjazz.fi\/PJKits\/basso\/wp-content\/uploads\/sites\/4\/2021\/03\/Sama-riffi-I-ja-V-asemista-2-1024x229.png\" alt=\"\" class=\"wp-image-2605\" srcset=\"https:\/\/popjazz.fi\/PJKits\/basso\/wp-content\/uploads\/sites\/4\/2021\/03\/Sama-riffi-I-ja-V-asemista-2-1024x229.png 1024w, https:\/\/popjazz.fi\/PJKits\/basso\/wp-content\/uploads\/sites\/4\/2021\/03\/Sama-riffi-I-ja-V-asemista-2-300x67.png 300w, https:\/\/popjazz.fi\/PJKits\/basso\/wp-content\/uploads\/sites\/4\/2021\/03\/Sama-riffi-I-ja-V-asemista-2-150x34.png 150w, https:\/\/popjazz.fi\/PJKits\/basso\/wp-content\/uploads\/sites\/4\/2021\/03\/Sama-riffi-I-ja-V-asemista-2-768x172.png 768w, https:\/\/popjazz.fi\/PJKits\/basso\/wp-content\/uploads\/sites\/4\/2021\/03\/Sama-riffi-I-ja-V-asemista-2-1536x344.png 1536w, https:\/\/popjazz.fi\/PJKits\/basso\/wp-content\/uploads\/sites\/4\/2021\/03\/Sama-riffi-I-ja-V-asemista-2-2048x459.png 2048w, https:\/\/popjazz.fi\/PJKits\/basso\/wp-content\/uploads\/sites\/4\/2021\/03\/Sama-riffi-I-ja-V-asemista-2-1200x269.png 1200w\" sizes=\"auto, (max-width: 709px) 85vw, (max-width: 909px) 67vw, (max-width: 1362px) 62vw, 840px\" \/><\/figure>\n\n\n\n<hr class=\"wp-block-separator\"\/>\n\n\n\n<p class=\"has-medium-font-size\">Katso my\u00f6s:<\/p>\n\n\n<style><\/style><div class=\"wplp_outside wplp_widget_1591\" style=\"max-width:100%;\"><span class=\"wpcu_block_title\">I-V asemien \u00e4\u00e4net ja soitto<\/span><div id=\"wplp_widget_1591\" class=\"wplp_widget_default wplp_container vertical swiper wplp-swiper default cols3\" data-theme=\"default\" data-post=\"1591\" style=\"\" data-max-elts=\"8\" data-per-page=\"10\"><div class=\"wplp_listposts swiper-wrapper\" id=\"default_1591\" style=\"width: 100%;\" ><div class=\"swiper-slide\" style=\"\"><div class=\"insideframe\"><div id=\"wplp_box_top_1591_282\" class=\"wpcu-front-box top equalHeightImg\" ><div class=\"wplp-box-item\"><a href=\"https:\/\/popjazz.fi\/PJKits\/basso\/basso-oppimistavoitevideot\/instrumentin-hallinta\/oikean-ja-vasemman-kaden-koordinaatio\/\"  class=\"thumbnail\"><span class=\"img_cropper\" style=\"width:150px;height:150px;margin-right:4px;margin-bottom:4px;max-width:100%;\"><img decoding=\"async\" src=\"https:\/\/popjazz.fi\/PJKits\/basso\/wp-content\/uploads\/sites\/4\/2020\/02\/bs_ic_material_product_icon_192pxxxhdpi-150x150.png\" style=\"position: absolute;top: 50%;margin-top: -75px;aspect-ratio:4\/3;\" srcset=\"\" alt=\"Oikean ja vasemman k\u00e4den koordinaatio\" class=\"wplp_thumb\" \/><\/span><\/a><a href=\"https:\/\/popjazz.fi\/PJKits\/basso\/basso-oppimistavoitevideot\/instrumentin-hallinta\/oikean-ja-vasemman-kaden-koordinaatio\/\"  class=\"title\">Oikean ja vasemman k\u00e4den koordinaatio<\/a><\/div><\/div><div id=\"wplp_box_left_1591_282\" class=\"wpcu-front-box left wpcu-custom-position\" ><div class=\"wplp-box-item\"><\/div><\/div><div id=\"wplp_box_right_1591_282\" class=\"wpcu-front-box right wpcu-custom-position\" ><div class=\"wplp-box-item\"><\/div><\/div><div id=\"wplp_box_bottom_1591_282\" class=\"wpcu-front-box bottom \" ><div class=\"wplp-box-item\"><span class=\"date\">5.10.2019<\/span><span class=\"text\"><span style=\"max-height:2.8em\" class=\"line_limit\">Koordinaatio tarkoittaa sujuvaa ja tarkoituksenmukaista yhteistoimintaa. Bassonsoitossa t\u00e4m\u00e4 tarkoittaa vasemman ja oikean k\u00e4den yhteisty\u00f6t\u00e4.\n\n\n\nVideo\n\n\n\n\n\n\n\n\n\n\n\n\n\nKatso my\u00f6s:<\/span><span style=\"margin-left:3px; max-height:2.8em\" class=\"line_limit\"> [...]<\/span><\/span><span class=\"custom_fields\">\n<!-- WPLP Unknown field: Custom_Fields -->\n<\/span><\/div><\/div><\/div><\/div><div class=\"swiper-slide\" style=\"\"><div class=\"insideframe\"><div id=\"wplp_box_top_1591_825\" class=\"wpcu-front-box top equalHeightImg\" ><div class=\"wplp-box-item\"><a href=\"https:\/\/popjazz.fi\/PJKits\/basso\/basso-oppimistavoitevideot\/instrumentin-hallinta\/koko-kaulan-hallinta\/\"  class=\"thumbnail\"><span class=\"img_cropper\" style=\"width:150px;height:150px;margin-right:4px;margin-bottom:4px;max-width:100%;\"><img decoding=\"async\" src=\"https:\/\/popjazz.fi\/PJKits\/basso\/wp-content\/uploads\/sites\/4\/2020\/02\/bs_ic_material_product_icon_192pxxxhdpi-150x150.png\" style=\"position: absolute;top: 50%;margin-top: -75px;aspect-ratio:4\/3;\" srcset=\"\" alt=\"Koko kaulan hallinta\" class=\"wplp_thumb\" \/><\/span><\/a><a href=\"https:\/\/popjazz.fi\/PJKits\/basso\/basso-oppimistavoitevideot\/instrumentin-hallinta\/koko-kaulan-hallinta\/\"  class=\"title\">Koko kaulan hallinta<\/a><\/div><\/div><div id=\"wplp_box_left_1591_825\" class=\"wpcu-front-box left wpcu-custom-position\" ><div class=\"wplp-box-item\"><\/div><\/div><div id=\"wplp_box_right_1591_825\" class=\"wpcu-front-box right wpcu-custom-position\" ><div class=\"wplp-box-item\"><\/div><\/div><div id=\"wplp_box_bottom_1591_825\" class=\"wpcu-front-box bottom \" ><div class=\"wplp-box-item\"><span class=\"date\">20.1.2020<\/span><span class=\"text\"><span style=\"max-height:2.8em\" class=\"line_limit\">Koko kaulan hallinta vaatii otelaudan \u00e4\u00e4nten tuntemisen lis\u00e4ksi my\u00f6s molempien k\u00e4sien hyv\u00e4\u00e4 yhteisty\u00f6t\u00e4, eli koordinaatiota. \n\n\n\nKoko kaulan hallintaan kuuluu n\u00e4iden lis\u00e4ksi my\u00f6s kappaleen ja sen rytmiikkaan sopivien \u00e4\u00e4nten ja sormitusten valitseminen niin, ett\u00e4 ne palvelevat kappaleen tyylillisi\u00e4 seikkoja. N\u00e4it\u00e4 ovat mm. soundi ja rytmiikka. \n\n\n\nVideo\n\n\n\n\n\n\n\n\n\n\n\n\n\nKatso my\u00f6s:<\/span><span style=\"margin-left:3px; max-height:2.8em\" class=\"line_limit\"> [...]<\/span><\/span><span class=\"custom_fields\">\n<!-- WPLP Unknown field: Custom_Fields -->\n<\/span><\/div><\/div><\/div><\/div><div class=\"swiper-slide\" style=\"\"><div class=\"insideframe\"><div id=\"wplp_box_top_1591_822\" class=\"wpcu-front-box top equalHeightImg\" ><div class=\"wplp-box-item\"><a href=\"https:\/\/popjazz.fi\/PJKits\/basso\/basso-oppimistavoitevideot\/instrumentin-hallinta\/v-xii-asemien-aanet\/\"  class=\"thumbnail\"><span class=\"img_cropper\" style=\"width:150px;height:150px;margin-right:4px;margin-bottom:4px;max-width:100%;\"><img decoding=\"async\" src=\"https:\/\/popjazz.fi\/PJKits\/basso\/wp-content\/uploads\/sites\/4\/2020\/02\/bs_ic_material_product_icon_192pxxxhdpi-150x150.png\" style=\"position: absolute;top: 50%;margin-top: -75px;aspect-ratio:4\/3;\" srcset=\"\" alt=\"V-XII asemien \u00e4\u00e4net\" class=\"wplp_thumb\" \/><\/span><\/a><a href=\"https:\/\/popjazz.fi\/PJKits\/basso\/basso-oppimistavoitevideot\/instrumentin-hallinta\/v-xii-asemien-aanet\/\"  class=\"title\">V-XII asemien \u00e4\u00e4net<\/a><\/div><\/div><div id=\"wplp_box_left_1591_822\" class=\"wpcu-front-box left wpcu-custom-position\" ><div class=\"wplp-box-item\"><\/div><\/div><div id=\"wplp_box_right_1591_822\" class=\"wpcu-front-box right wpcu-custom-position\" ><div class=\"wplp-box-item\"><\/div><\/div><div id=\"wplp_box_bottom_1591_822\" class=\"wpcu-front-box bottom \" ><div class=\"wplp-box-item\"><span class=\"date\">20.1.2020<\/span><span class=\"text\"><span style=\"max-height:2.8em\" class=\"line_limit\">Kun otek\u00e4si on asemoitu otelaudelle niin, ett\u00e4 jokainen sormi soittaa \u00e4\u00e4nen aina yhden nauhav\u00e4lin kohdalta, otek\u00e4den asema ilmoitetaan sen mukaan monennenko nauhan kohdalla otek\u00e4den etusormi on.I -asemassa otek\u00e4den etusormi on ensimm\u00e4isell\u00e4 nauhav\u00e4lin kohdalla, keskisormi toisen, nimet\u00f6n kolmannen ja pikkusormi nelj\u00e4nnen.II -asemassa otelautak\u00e4si siirty yhden nauhav\u00e4lin verran tallaan p\u00e4in, jolloin etusormi on toisen nauhav\u00e4lin kohdalla, keskisormi kolmannen nimet\u00f6n nelj\u00e4nnen ja pikkusormi on viidenen, ja niin edelleen.V-XII asemien \u00e4\u00e4net ovat \u00e4\u00e4ni\u00e4, jotka sis\u00e4ltyv\u00e4t ko. asemien kohtaan basson kaulalla\n\n\n\nVideo\n\n\n\n\n\n\n\n\n\n\n\nKatso my\u00f6s:<\/span><span style=\"margin-left:3px; max-height:2.8em\" class=\"line_limit\"> [...]<\/span><\/span><span class=\"custom_fields\">\n<!-- WPLP Unknown field: Custom_Fields -->\n<\/span><\/div><\/div><\/div><\/div><div class=\"swiper-slide\" style=\"\"><div class=\"insideframe\"><div id=\"wplp_box_top_1591_813\" class=\"wpcu-front-box top equalHeightImg\" ><div class=\"wplp-box-item\"><a href=\"https:\/\/popjazz.fi\/PJKits\/basso\/basso-oppimistavoitevideot\/instrumentin-hallinta\/suuret-intervallihypyt-koko-kaulan-alueella\/\"  class=\"thumbnail\"><span class=\"img_cropper\" style=\"width:150px;height:150px;margin-right:4px;margin-bottom:4px;max-width:100%;\"><img decoding=\"async\" src=\"https:\/\/popjazz.fi\/PJKits\/basso\/wp-content\/uploads\/sites\/4\/2020\/02\/bs_ic_material_product_icon_192pxxxhdpi-150x150.png\" style=\"position: absolute;top: 50%;margin-top: -75px;aspect-ratio:4\/3;\" srcset=\"\" alt=\"Suuret intervallihypyt koko kaulan alueella\" class=\"wplp_thumb\" \/><\/span><\/a><a href=\"https:\/\/popjazz.fi\/PJKits\/basso\/basso-oppimistavoitevideot\/instrumentin-hallinta\/suuret-intervallihypyt-koko-kaulan-alueella\/\"  class=\"title\">Suuret intervallihypyt koko kaulan alueella<\/a><\/div><\/div><div id=\"wplp_box_left_1591_813\" class=\"wpcu-front-box left wpcu-custom-position\" ><div class=\"wplp-box-item\"><\/div><\/div><div id=\"wplp_box_right_1591_813\" class=\"wpcu-front-box right wpcu-custom-position\" ><div class=\"wplp-box-item\"><\/div><\/div><div id=\"wplp_box_bottom_1591_813\" class=\"wpcu-front-box bottom \" ><div class=\"wplp-box-item\"><span class=\"date\">20.1.2020<\/span><span class=\"text\"><span style=\"max-height:2.8em\" class=\"line_limit\">Suuret intervallihypyt, eli otelautak\u00e4den usean aseman ylitt\u00e4v\u00e4t hypyt soittamisen aikana vaativat basson kaulan hyv\u00e4\u00e4 hallintaa, sek\u00e4 hyv\u00e4\u00e4 molempien k\u00e4sien yhteisty\u00f6t\u00e4, eli koordinaatiota. Molempien k\u00e4sien on s\u00e4ilytett\u00e4v\u00e4 kontrolli bassoon ja k\u00e4den liike on suoritettava noudatellen kappaleen tempoa ja yleist\u00e4 rytmiikkaa.\n\n\n\nUseasti \u00e4\u00e4nest\u00e4 toiseen liikeen on tapahduttava nelj\u00e4sosan, tai jopa kahdeksasosan aikana, jolloin liikkeen on sis\u00e4llett\u00e4v\u00e4 sek\u00e4 soitettava \u00e4\u00e4ni ett\u00e4 intervallihyppyyn sis\u00e4ltyv\u00e4 aika. Soitettavan \u00e4\u00e4nen pituus on siksi suhteutettava kappaleen muuhun rytmiikkaan ja tempoon\n\n\n\nVideo\n\n\n\n\n\nSuuret intervallihypyt\n\n\n\nSoittoesimerkki nuotein\n\n\n\n\n\n\n\n\n\n\n\nKatso my\u00f6s:<\/span><span style=\"margin-left:3px; max-height:2.8em\" class=\"line_limit\"> [...]<\/span><\/span><span class=\"custom_fields\">\n<!-- WPLP Unknown field: Custom_Fields -->\n<\/span><\/div><\/div><\/div><\/div><div class=\"swiper-slide\" style=\"\"><div class=\"insideframe\"><div id=\"wplp_box_top_1591_815\" class=\"wpcu-front-box top equalHeightImg\" ><div class=\"wplp-box-item\"><a href=\"https:\/\/popjazz.fi\/PJKits\/basso\/basso-oppimistavoitevideot\/instrumentin-hallinta\/rytmin-hallinta-asemanvaihdoissa\/\"  class=\"thumbnail\"><span class=\"img_cropper\" style=\"width:150px;height:150px;margin-right:4px;margin-bottom:4px;max-width:100%;\"><img decoding=\"async\" src=\"https:\/\/popjazz.fi\/PJKits\/basso\/wp-content\/uploads\/sites\/4\/2020\/02\/bs_ic_material_product_icon_192pxxxhdpi-150x150.png\" style=\"position: absolute;top: 50%;margin-top: -75px;aspect-ratio:4\/3;\" srcset=\"\" alt=\"Rytmin hallinta asemanvaihdoissa\" class=\"wplp_thumb\" \/><\/span><\/a><a href=\"https:\/\/popjazz.fi\/PJKits\/basso\/basso-oppimistavoitevideot\/instrumentin-hallinta\/rytmin-hallinta-asemanvaihdoissa\/\"  class=\"title\">Rytmin hallinta asemanvaihdoissa<\/a><\/div><\/div><div id=\"wplp_box_left_1591_815\" class=\"wpcu-front-box left wpcu-custom-position\" ><div class=\"wplp-box-item\"><\/div><\/div><div id=\"wplp_box_right_1591_815\" class=\"wpcu-front-box right wpcu-custom-position\" ><div class=\"wplp-box-item\"><\/div><\/div><div id=\"wplp_box_bottom_1591_815\" class=\"wpcu-front-box bottom \" ><div class=\"wplp-box-item\"><span class=\"date\">20.1.2020<\/span><span class=\"text\"><span style=\"max-height:2.8em\" class=\"line_limit\">Rytmin hallinta asemanvaihdossa vaatii hyv\u00e4\u00e4 instrumentin hallintaa, sek\u00e4 molempien k\u00e4sien yhteisty\u00f6t\u00e4, eli koordinaatiota. Varsinkin otelautak\u00e4den tulee noudattaa asemanvaihdossa kappaleen tempoa ja yleist\u00e4 rytmiikkaa. \n\n\n\nMonesti asemanvaihto tulee suorittaa nelj\u00e4sosan tai pienemm\u00e4n aika-arvon aikana, jolloin soitettavien \u00e4\u00e4nien tulee noudattaa vaihdon aikana kappalen yleist\u00e4 tempoa ja rytmiikkaa. T\u00e4m\u00e4 on hyv\u00e4 huomioida esim. sormituksia miettiess\u00e4.\n\n\n\nVideo\n\n\n\n\n\n\n\n\n\nSoittoesimerkki nuotein. Huomaa, ett\u00e4 asemanvaihdot ovat vain esimerkkin\u00e4. J\u00e4rkeviin asemanvaihtoihin vaikuttaa aina my\u00f6s mm. muu soittotilanne ja haluttu soundi \n\n\n\n\n\n\n\n\n\n\n\nKatso my\u00f6s:<\/span><span style=\"margin-left:3px; max-height:2.8em\" class=\"line_limit\"> [...]<\/span><\/span><span class=\"custom_fields\">\n<!-- WPLP Unknown field: Custom_Fields -->\n<\/span><\/div><\/div><\/div><\/div><div class=\"swiper-slide\" style=\"\"><div class=\"insideframe\"><div id=\"wplp_box_top_1591_265\" class=\"wpcu-front-box top equalHeightImg\" ><div class=\"wplp-box-item\"><a href=\"https:\/\/popjazz.fi\/PJKits\/basso\/basso-oppimistavoitevideot\/instrumentin-hallinta\/kielelta-toiselle-siirtyminen\/\"  class=\"thumbnail\"><span class=\"img_cropper\" style=\"width:150px;height:150px;margin-right:4px;margin-bottom:4px;max-width:100%;\"><img decoding=\"async\" src=\"https:\/\/popjazz.fi\/PJKits\/basso\/wp-content\/uploads\/sites\/4\/2020\/02\/bs_ic_material_product_icon_192pxxxhdpi-150x150.png\" style=\"position: absolute;top: 50%;margin-top: -75px;aspect-ratio:4\/3;\" srcset=\"\" alt=\"Kielelt\u00e4 toiselle siirtyminen\" class=\"wplp_thumb\" \/><\/span><\/a><a href=\"https:\/\/popjazz.fi\/PJKits\/basso\/basso-oppimistavoitevideot\/instrumentin-hallinta\/kielelta-toiselle-siirtyminen\/\"  class=\"title\">Kielelt\u00e4 toiselle siirtyminen<\/a><\/div><\/div><div id=\"wplp_box_left_1591_265\" class=\"wpcu-front-box left wpcu-custom-position\" ><div class=\"wplp-box-item\"><\/div><\/div><div id=\"wplp_box_right_1591_265\" class=\"wpcu-front-box right wpcu-custom-position\" ><div class=\"wplp-box-item\"><\/div><\/div><div id=\"wplp_box_bottom_1591_265\" class=\"wpcu-front-box bottom \" ><div class=\"wplp-box-item\"><span class=\"date\">5.10.2019<\/span><span class=\"text\"><span style=\"max-height:2.8em\" class=\"line_limit\">N\u00e4pp\u00e4\u00e4v\u00e4n k\u00e4den vuorosormitekniikalla soitettaessa kielelt\u00e4 toiselle siirtyminen vaatii hyv\u00e4\u00e4 molempien k\u00e4sien yhteisty\u00f6t\u00e4, eli koordinaatiota. N\u00e4pp\u00e4\u00e4v\u00e4n k\u00e4den asento tulisi s\u00e4ilytt\u00e4\u00e4 niin, ett\u00e4 sormen kosketus kieleen s\u00e4ilyisi mahdollisimman samana ja hallittuna riippumatta mit\u00e4 kielt\u00e4 n\u00e4pp\u00e4\u00e4 ja tarvittaessa koko k\u00e4sivarren liikkua mukana. K\u00e4den liikkeess\u00e4 tulee kuitekin s\u00e4ilytt\u00e4\u00e4 kontrolli basson bodyyn esim. tukemalla peukaloa koko ajan toisen mikrofonin p\u00e4\u00e4lle\n\n\n\nYksi hyv\u00e4 tapa harjoitella koordinaatiota ja kielelt\u00e4 toiselle siirtymist\u00e4 on tehd\u00e4 &#8221;vuorosormi -k\u00e4velyharjoituksia&#8221; kielelt\u00e4 toiselle. Harjoittelu on hyv\u00e4 tehd\u00e4 esim. metronomin avulla.\n\n\n\nVideo\n\n\n\n\n\n\n\n\n\n\n\n\n\nKatso my\u00f6s:<\/span><span style=\"margin-left:3px; max-height:2.8em\" class=\"line_limit\"> [...]<\/span><\/span><span class=\"custom_fields\">\n<!-- WPLP Unknown field: Custom_Fields -->\n<\/span><\/div><\/div><\/div><\/div><div class=\"swiper-slide\" style=\"\"><div class=\"insideframe\"><div id=\"wplp_box_top_1591_39\" class=\"wpcu-front-box top equalHeightImg\" ><div class=\"wplp-box-item\"><a href=\"https:\/\/popjazz.fi\/PJKits\/basso\/basso-oppimistavoitevideot\/instrumentin-hallinta\/i-asema\/\"  class=\"thumbnail\"><span class=\"img_cropper\" style=\"width:150px;height:150px;margin-right:4px;margin-bottom:4px;max-width:100%;\"><img decoding=\"async\" src=\"https:\/\/popjazz.fi\/PJKits\/basso\/wp-content\/uploads\/sites\/4\/2020\/02\/bs_ic_material_product_icon_192pxxxhdpi-150x150.png\" style=\"position: absolute;top: 50%;margin-top: -75px;aspect-ratio:4\/3;\" srcset=\"\" alt=\"I-asema\" class=\"wplp_thumb\" \/><\/span><\/a><a href=\"https:\/\/popjazz.fi\/PJKits\/basso\/basso-oppimistavoitevideot\/instrumentin-hallinta\/i-asema\/\"  class=\"title\">I-asema<\/a><\/div><\/div><div id=\"wplp_box_left_1591_39\" class=\"wpcu-front-box left wpcu-custom-position\" ><div class=\"wplp-box-item\"><\/div><\/div><div id=\"wplp_box_right_1591_39\" class=\"wpcu-front-box right wpcu-custom-position\" ><div class=\"wplp-box-item\"><\/div><\/div><div id=\"wplp_box_bottom_1591_39\" class=\"wpcu-front-box bottom \" ><div class=\"wplp-box-item\"><span class=\"date\">22.9.2019<\/span><span class=\"text\"><span style=\"max-height:2.8em\" class=\"line_limit\">Kun otek\u00e4si on asemoitu otelaudelle niin, ett\u00e4 jokainen sormi soittaa \u00e4\u00e4nen aina yhden nauhav\u00e4lin kohdalta, otek\u00e4den asema ilmoitetaan sen mukaan monennenko nauhan kohdalla otek\u00e4den etusormi on.\n\n\n\nI -asemassa otek\u00e4den etusormi on ensimm\u00e4isell\u00e4 nauhav\u00e4lin kohdalla, keskisormi toisen, nimet\u00f6n kolmannen ja pikkusormi nelj\u00e4nnen.\n\n\n\nVideo\n\n\n\n\n\nI-asemasta soittaminen\n\n\n\n\n\n\n\nKatso my\u00f6s:<\/span><span style=\"margin-left:3px; max-height:2.8em\" class=\"line_limit\"> [...]<\/span><\/span><span class=\"custom_fields\">\n<!-- WPLP Unknown field: Custom_Fields -->\n<\/span><\/div><\/div><\/div><\/div><div class=\"swiper-slide\" style=\"\"><div class=\"insideframe\"><div id=\"wplp_box_top_1591_29\" class=\"wpcu-front-box top equalHeightImg\" ><div class=\"wplp-box-item\"><a href=\"https:\/\/popjazz.fi\/PJKits\/basso\/basso-oppimistavoitevideot\/instrumentin-hallinta\/\"  class=\"thumbnail\"><span class=\"img_cropper\" style=\"width:150px;height:150px;margin-right:4px;margin-bottom:4px;max-width:100%;\"><img decoding=\"async\" src=\"https:\/\/popjazz.fi\/PJKits\/basso\/wp-content\/uploads\/sites\/4\/2020\/02\/bs_ic_material_product_icon_192pxxxhdpi-150x150.png\" style=\"position: absolute;top: 50%;margin-top: -75px;aspect-ratio:4\/3;\" srcset=\"\" alt=\"Instrumentin hallinta\" class=\"wplp_thumb\" \/><\/span><\/a><a href=\"https:\/\/popjazz.fi\/PJKits\/basso\/basso-oppimistavoitevideot\/instrumentin-hallinta\/\"  class=\"title\">Instrumentin hallinta<\/a><\/div><\/div><div id=\"wplp_box_left_1591_29\" class=\"wpcu-front-box left wpcu-custom-position\" ><div class=\"wplp-box-item\"><\/div><\/div><div id=\"wplp_box_right_1591_29\" class=\"wpcu-front-box right wpcu-custom-position\" ><div class=\"wplp-box-item\"><\/div><\/div><div id=\"wplp_box_bottom_1591_29\" class=\"wpcu-front-box bottom \" ><div class=\"wplp-box-item\"><span class=\"date\">22.9.2019<\/span><span class=\"text\"><span style=\"max-height:2.8em\" class=\"line_limit\">Hyv\u00e4 instrumentin hallinta on olennainen osa ilmaisua. Sill\u00e4 on suora vaikutus mm. rytmien hallintaan soitettaessa sek\u00e4 instrumentin soundiin.<\/span><span style=\"margin-left:3px; max-height:2.8em\" class=\"line_limit\"> [...]<\/span><\/span><span class=\"custom_fields\">\n<!-- WPLP Unknown field: Custom_Fields -->\n<\/span><\/div><\/div><\/div><\/div><\/div><div class=\"swiper-button-next\"><\/div><div class=\"swiper-button-prev\"><\/div><div class=\"swiper-pagination\"><\/div><\/div><\/div>\n","protected":false},"excerpt":{"rendered":"<p>Asemat Kun otek\u00e4si on asemoitu otelaudelle niin, ett\u00e4 jokainen sormi soittaa \u00e4\u00e4nen aina yhden nauhav\u00e4lin kohdalta, otek\u00e4den asema ilmoitetaan sen mukaan monennenko nauhan kohdalla otek\u00e4den etusormi on. I -asemassa otek\u00e4den etusormi on ensimm\u00e4isell\u00e4 nauhav\u00e4lin kohdalla, keskisormi toisen, nimet\u00f6n kolmannen ja pikkusormi nelj\u00e4nnen. II -asemassa otelautak\u00e4si siirty yhden nauhav\u00e4lin verran tallaan p\u00e4in, jolloin etusormi on toisen &hellip; <a href=\"https:\/\/popjazz.fi\/PJKits\/basso\/basso-oppimistavoitevideot\/instrumentin-hallinta\/\" class=\"more-link\">Jatka lukemista<span class=\"screen-reader-text\"> &#8221;Instrumentin hallinta&#8221;<\/span><\/a><\/p>\n","protected":false},"author":1,"featured_media":1282,"parent":29,"menu_order":8,"comment_status":"closed","ping_status":"closed","template":"","meta":{"footnotes":""},"tags":[],"class_list":["post-817","page","type-page","status-publish","has-post-thumbnail","hentry"],"_links":{"self":[{"href":"https:\/\/popjazz.fi\/PJKits\/basso\/wp-json\/wp\/v2\/pages\/817","targetHints":{"allow":["GET"]}}],"collection":[{"href":"https:\/\/popjazz.fi\/PJKits\/basso\/wp-json\/wp\/v2\/pages"}],"about":[{"href":"https:\/\/popjazz.fi\/PJKits\/basso\/wp-json\/wp\/v2\/types\/page"}],"author":[{"embeddable":true,"href":"https:\/\/popjazz.fi\/PJKits\/basso\/wp-json\/wp\/v2\/users\/1"}],"replies":[{"embeddable":true,"href":"https:\/\/popjazz.fi\/PJKits\/basso\/wp-json\/wp\/v2\/comments?post=817"}],"version-history":[{"count":26,"href":"https:\/\/popjazz.fi\/PJKits\/basso\/wp-json\/wp\/v2\/pages\/817\/revisions"}],"predecessor-version":[{"id":3245,"href":"https:\/\/popjazz.fi\/PJKits\/basso\/wp-json\/wp\/v2\/pages\/817\/revisions\/3245"}],"up":[{"embeddable":true,"href":"https:\/\/popjazz.fi\/PJKits\/basso\/wp-json\/wp\/v2\/pages\/29"}],"wp:featuredmedia":[{"embeddable":true,"href":"https:\/\/popjazz.fi\/PJKits\/basso\/wp-json\/wp\/v2\/media\/1282"}],"wp:attachment":[{"href":"https:\/\/popjazz.fi\/PJKits\/basso\/wp-json\/wp\/v2\/media?parent=817"}],"wp:term":[{"taxonomy":"post_tag","embeddable":true,"href":"https:\/\/popjazz.fi\/PJKits\/basso\/wp-json\/wp\/v2\/tags?post=817"}],"curies":[{"name":"wp","href":"https:\/\/api.w.org\/{rel}","templated":true}]}}