{"id":835,"date":"2020-01-20T07:32:32","date_gmt":"2020-01-20T05:32:32","guid":{"rendered":"https:\/\/popjazz.fi\/PJKits\/basso\/?page_id=835"},"modified":"2021-03-02T18:18:18","modified_gmt":"2021-03-02T16:18:18","slug":"vahvistimen-toimintaperiaatteet","status":"publish","type":"page","link":"https:\/\/popjazz.fi\/PJKits\/basso\/basso-oppimistavoitevideot\/instrumentin-hallinta\/vahvistimen-toimintaperiaatteet\/","title":{"rendered":"Vahvistimen toimintaperiaatteet"},"content":{"rendered":"\n<p>Koska s\u00e4hk\u00f6bassossa ei ole tyypillisen akustisen instrumentin kaikukoppaa se tarvitsee seurakseen vahvistimen, ett\u00e4 soittimen \u00e4\u00e4nen saa kuuluville. <br><br>\u00c4\u00e4nisignaali johdetaan bassosta vahvistimeen niiden v\u00e4lill\u00e4 olevalla instrumenttikaapelilla. Vahvistimessa signaalin amplitudi vahvistetaan s\u00e4hk\u00f6isesti niin, ett\u00e4 singnaali on riitt\u00e4v\u00e4n voimakas kaiuttimella toistettavaksi. <br><br>\u00c4\u00e4nen vahvistamisen lis\u00e4ksi vahvistimessa voidaan muokata my\u00f6s \u00e4\u00e4nen taajuuksia taajuuskorjaimella eli equalisaattorilla (EQ), joilla vaikutetaan \u00e4\u00e4nen v\u00e4riin korostamalla tai vaimentamalla \u00e4\u00e4nen taajuusvasteita. Tyypillisi\u00e4 eq s\u00e4\u00e4timi\u00e4 ovat bass (matalat taajuudet), middle (keskitaajuudet) ja treble (korkeat, eli diskanttitaajuudet). <br><br>Muita vahvistimesta mahdollisesti l\u00f6ytyv\u00e4 toimitoja ovat esim. Direct out (balansoitu xlr- ulostulo \u00e4\u00e4nentoistolaitteistoon) ja erillaiset integroidut efektit (s\u00e4r\u00f6, flanger, chorus jne.) sek\u00e4 viritin.<\/p>\n\n\n\n<p class=\"has-large-font-size\">Video<\/p>\n\n\n\n<figure class=\"wp-block-image size-large is-resized\"><img loading=\"lazy\" decoding=\"async\" src=\"https:\/\/popjazz.fi\/PJKits\/basso\/wp-content\/uploads\/sites\/4\/2020\/09\/tulossa5-908x1024.png\" alt=\"\" class=\"wp-image-2524\" width=\"200\" height=\"225\" srcset=\"https:\/\/popjazz.fi\/PJKits\/basso\/wp-content\/uploads\/sites\/4\/2020\/09\/tulossa5-908x1024.png 908w, https:\/\/popjazz.fi\/PJKits\/basso\/wp-content\/uploads\/sites\/4\/2020\/09\/tulossa5-266x300.png 266w, https:\/\/popjazz.fi\/PJKits\/basso\/wp-content\/uploads\/sites\/4\/2020\/09\/tulossa5-133x150.png 133w, https:\/\/popjazz.fi\/PJKits\/basso\/wp-content\/uploads\/sites\/4\/2020\/09\/tulossa5-768x866.png 768w, https:\/\/popjazz.fi\/PJKits\/basso\/wp-content\/uploads\/sites\/4\/2020\/09\/tulossa5.png 1000w\" sizes=\"auto, (max-width: 200px) 85vw, 200px\" \/><\/figure>\n\n\n\n<hr class=\"wp-block-separator\"\/>\n\n\n\n<p class=\"has-medium-font-size\">Katso my\u00f6s:<\/p>\n\n\n<style><\/style><div class=\"wplp_outside wplp_widget_1632\" style=\"max-width:100%;\"><span class=\"wpcu_block_title\">Vahvistimen toimintaperiaatteet<\/span><div id=\"wplp_widget_1632\" class=\"wplp_widget_default wplp_container vertical swiper wplp-swiper default cols3\" data-theme=\"default\" data-post=\"1632\" style=\"\" data-max-elts=\"1\" data-per-page=\"10\"><div class=\"wplp_listposts swiper-wrapper\" id=\"default_1632\" style=\"width: 100%;\" ><div class=\"swiper-slide\" style=\"\"><div class=\"insideframe\"><div id=\"wplp_box_top_1632_833\" class=\"wpcu-front-box top equalHeightImg\" ><div class=\"wplp-box-item\"><a href=\"https:\/\/popjazz.fi\/PJKits\/basso\/basso-oppimistavoitevideot\/instrumentin-hallinta\/soittimen-toimintaperiaatteet\/\"  class=\"thumbnail\"><span class=\"img_cropper\" style=\"width:150px;height:150px;margin-right:4px;margin-bottom:4px;max-width:100%;\"><img decoding=\"async\" src=\"https:\/\/popjazz.fi\/PJKits\/basso\/wp-content\/uploads\/sites\/4\/2020\/02\/bs_ic_material_product_icon_192pxxxhdpi-150x150.png\" style=\"position: absolute;top: 50%;margin-top: -75px;aspect-ratio:4\/3;\" srcset=\"\" alt=\"Soittimen toimintaperiaatteet\" class=\"wplp_thumb\" \/><\/span><\/a><a href=\"https:\/\/popjazz.fi\/PJKits\/basso\/basso-oppimistavoitevideot\/instrumentin-hallinta\/soittimen-toimintaperiaatteet\/\"  class=\"title\">Soittimen toimintaperiaatteet<\/a><\/div><\/div><div id=\"wplp_box_left_1632_833\" class=\"wpcu-front-box left wpcu-custom-position\" ><div class=\"wplp-box-item\"><\/div><\/div><div id=\"wplp_box_right_1632_833\" class=\"wpcu-front-box right wpcu-custom-position\" ><div class=\"wplp-box-item\"><\/div><\/div><div id=\"wplp_box_bottom_1632_833\" class=\"wpcu-front-box bottom \" ><div class=\"wplp-box-item\"><span class=\"date\">20.1.2020<\/span><span class=\"text\"><span style=\"max-height:2.8em\" class=\"line_limit\">S\u00e4hk\u00f6basson osat\n\n\n\nS\u00e4hk\u00f6basson t\u00e4rkeimm\u00e4t osat koostuvat bodyst\u00e4 (basson &#8221;vartalo&#8221;), kaulasta sek\u00e4 yleens\u00e4 kaulaan liitetyst\u00e4 eri puumateriaalista (yleisimm\u00e4t vaahtera ja ruusupuu) valmistetusta otelaudasta, kieli\u00e4 kannattelevasta satulasta, virityskoneistosta, \u00e4\u00e4net tuottavista kielist\u00e4, kielet bodyyn kiinnitt\u00e4v\u00e4st\u00e4 tallasta, sek\u00e4 tarvittavasta \u00e4\u00e4nenvahvistamiseen tarvittavasta elektroniikasta (mikrofonit ja niiden hallintalaitteet). \n\n\n\n\n\n\n\nPerinteisiss\u00e4 s\u00e4hk\u00f6bassoissa on otelaudassa my\u00f6s nk. nauhat, jotka m\u00e4\u00e4rittelev\u00e4t \u00e4\u00e4nen korkeuden soiton aikana. Nauhat vaikuttavat my\u00f6s basson soundiin. S\u00e4hk\u00f6basso voi olla my\u00f6s nk. nauhaton, jolloin \u00e4\u00e4nen korkeuden m\u00e4\u00e4rittely soiton aikana j\u00e4\u00e4 pelk\u00e4st\u00e4\u00e4n otelautak\u00e4den vastuulle.\n\n\n\nYleisimmin s\u00e4hk\u00f6bassossa on  nelj\u00e4 kielt\u00e4 joiden \u00e4\u00e4net ovat paksuimmasta ohuimpaan E, A, D, G.  a -kielen vireen ollessa 440hz tai 442hz. Kitaraan verrattuna \u00e4\u00e4net soivat oktaavia alempaa. \n\n\n\nToimintaperiaatte\n\n\n\nS\u00e4hk\u00f6basson p\u00e4\u00e4toimintaperiaateena on n\u00e4p\u00e4t\u00e4 kieli soimaan sormella tai plektralla samalla kun otelautak\u00e4den sormilla valitaan haluttu \u00e4\u00e4nen korkeus painamalla soivaa kielt\u00e4 otelautaa vasten valitulta korkeudelta. \u00c4\u00e4nen korkeus riippuu mink\u00e4 nauhan v\u00e4lin kohdalta kielt\u00e4 painetaan ja \u00e4\u00e4ni nousee mit\u00e4 lyhyemp\u00e4n\u00e4 kieli soi ja laskee mit\u00e4 pidemp\u00e4n\u00e4 kieli soi. Soivan kielen \u00e4\u00e4ni vahvistuu mikrofonissa joka on yhdistetty instrumettikaapelilla bassovahvistimeen.\n\n\n\nKontrabasso\n\n\n\nKontrabasso kuuluu puolestaan jousisoitinperheen suuri kokoisin j\u00e4sen ja sen toimitaperiaatteet vastaavat viulun ja sellon toimintaperiaatteita. Kontrabassoa voi soittaa my\u00f6s jousella.\n\n\n\n\n\n\n\nKatso my\u00f6s:<\/span><span style=\"margin-left:3px; max-height:2.8em\" class=\"line_limit\"> [...]<\/span><\/span><span class=\"custom_fields\">\n<!-- WPLP Unknown field: Custom_Fields -->\n<\/span><\/div><\/div><\/div><\/div><\/div><div class=\"swiper-button-next\"><\/div><div class=\"swiper-button-prev\"><\/div><div class=\"swiper-pagination\"><\/div><\/div><\/div>\n","protected":false},"excerpt":{"rendered":"<p>Koska s\u00e4hk\u00f6bassossa ei ole tyypillisen akustisen instrumentin kaikukoppaa se tarvitsee seurakseen vahvistimen, ett\u00e4 soittimen \u00e4\u00e4nen saa kuuluville. \u00c4\u00e4nisignaali johdetaan bassosta vahvistimeen niiden v\u00e4lill\u00e4 olevalla instrumenttikaapelilla. Vahvistimessa signaalin amplitudi vahvistetaan s\u00e4hk\u00f6isesti niin, ett\u00e4 singnaali on riitt\u00e4v\u00e4n voimakas kaiuttimella toistettavaksi. \u00c4\u00e4nen vahvistamisen lis\u00e4ksi vahvistimessa voidaan muokata my\u00f6s \u00e4\u00e4nen taajuuksia taajuuskorjaimella eli equalisaattorilla (EQ), joilla vaikutetaan \u00e4\u00e4nen v\u00e4riin &hellip; <a href=\"https:\/\/popjazz.fi\/PJKits\/basso\/basso-oppimistavoitevideot\/instrumentin-hallinta\/soittimen-toimintaperiaatteet\/\" class=\"more-link\">Jatka lukemista<span class=\"screen-reader-text\"> &#8221;Soittimen toimintaperiaatteet&#8221;<\/span><\/a><\/p>\n","protected":false},"author":1,"featured_media":1282,"parent":29,"menu_order":32,"comment_status":"closed","ping_status":"closed","template":"","meta":{"footnotes":""},"tags":[],"class_list":["post-835","page","type-page","status-publish","has-post-thumbnail","hentry"],"_links":{"self":[{"href":"https:\/\/popjazz.fi\/PJKits\/basso\/wp-json\/wp\/v2\/pages\/835","targetHints":{"allow":["GET"]}}],"collection":[{"href":"https:\/\/popjazz.fi\/PJKits\/basso\/wp-json\/wp\/v2\/pages"}],"about":[{"href":"https:\/\/popjazz.fi\/PJKits\/basso\/wp-json\/wp\/v2\/types\/page"}],"author":[{"embeddable":true,"href":"https:\/\/popjazz.fi\/PJKits\/basso\/wp-json\/wp\/v2\/users\/1"}],"replies":[{"embeddable":true,"href":"https:\/\/popjazz.fi\/PJKits\/basso\/wp-json\/wp\/v2\/comments?post=835"}],"version-history":[{"count":5,"href":"https:\/\/popjazz.fi\/PJKits\/basso\/wp-json\/wp\/v2\/pages\/835\/revisions"}],"predecessor-version":[{"id":2667,"href":"https:\/\/popjazz.fi\/PJKits\/basso\/wp-json\/wp\/v2\/pages\/835\/revisions\/2667"}],"up":[{"embeddable":true,"href":"https:\/\/popjazz.fi\/PJKits\/basso\/wp-json\/wp\/v2\/pages\/29"}],"wp:featuredmedia":[{"embeddable":true,"href":"https:\/\/popjazz.fi\/PJKits\/basso\/wp-json\/wp\/v2\/media\/1282"}],"wp:attachment":[{"href":"https:\/\/popjazz.fi\/PJKits\/basso\/wp-json\/wp\/v2\/media?parent=835"}],"wp:term":[{"taxonomy":"post_tag","embeddable":true,"href":"https:\/\/popjazz.fi\/PJKits\/basso\/wp-json\/wp\/v2\/tags?post=835"}],"curies":[{"name":"wp","href":"https:\/\/api.w.org\/{rel}","templated":true}]}}