{"id":85,"date":"2019-09-22T08:32:34","date_gmt":"2019-09-22T05:32:34","guid":{"rendered":"https:\/\/popjazz.fi\/PJKits\/basso\/?page_id=85"},"modified":"2021-04-06T11:28:31","modified_gmt":"2021-04-06T08:28:31","slug":"neljasosa-ja-kahdeksasosanuotteja-seka-taukoja-vapailla-kielilla","status":"publish","type":"page","link":"https:\/\/popjazz.fi\/PJKits\/basso\/basso-oppimistavoitevideot\/nuotinluku\/neljasosa-ja-kahdeksasosanuotteja-seka-taukoja-vapailla-kielilla\/","title":{"rendered":"Nelj\u00e4sosa- ja kahdeksasosanuotteja sek\u00e4 taukoja vapailla kielill\u00e4"},"content":{"rendered":"\n<p>Tahti on jaettu tahtilajiosoituksen mukaiseen m\u00e4\u00e4r\u00e4\u00e4n iskuja, joille puolestaan on m\u00e4\u00e4ritelty tempo, eli nopeus. Esimerkiksi 4\/4 tempoon 100 tarkoittaa, ett\u00e4 yhteen tahtiin mahtuu 4 kappaletta nelj\u00e4sosanuotteja tempoon 100 (100 iskua per minutti) <\/p>\n\n\n\n<p>Jokaiselle nuotille on olemassa my\u00f6s saman mittainen tauko, eli aika jolloin  nuotin tilalla on saman mittainen hiljaisuus. <\/p>\n\n\n\n<p><strong>Nelj\u00e4sosanuotti ja tauko<\/strong> kest\u00e4\u00e4 yhden iskun tahtilajin ollessa 4\/4. Yhteen tahtiin mahtuu <em>yhteens\u00e4<\/em> nelj\u00e4 kappaletta nelj\u00e4sosanuotteja ja\/tai taukoja, yksi per isku.<\/p>\n\n\n\n<figure class=\"wp-block-image size-large\"><img loading=\"lazy\" decoding=\"async\" width=\"1024\" height=\"147\" src=\"https:\/\/popjazz.fi\/PJKits\/basso\/wp-content\/uploads\/sites\/4\/2021\/04\/neljasosantauko-1024x147.png\" alt=\"\" class=\"wp-image-3152\" srcset=\"https:\/\/popjazz.fi\/PJKits\/basso\/wp-content\/uploads\/sites\/4\/2021\/04\/neljasosantauko-1024x147.png 1024w, https:\/\/popjazz.fi\/PJKits\/basso\/wp-content\/uploads\/sites\/4\/2021\/04\/neljasosantauko-300x43.png 300w, https:\/\/popjazz.fi\/PJKits\/basso\/wp-content\/uploads\/sites\/4\/2021\/04\/neljasosantauko-150x22.png 150w, https:\/\/popjazz.fi\/PJKits\/basso\/wp-content\/uploads\/sites\/4\/2021\/04\/neljasosantauko-768x110.png 768w, https:\/\/popjazz.fi\/PJKits\/basso\/wp-content\/uploads\/sites\/4\/2021\/04\/neljasosantauko-1536x221.png 1536w, https:\/\/popjazz.fi\/PJKits\/basso\/wp-content\/uploads\/sites\/4\/2021\/04\/neljasosantauko-2048x295.png 2048w, https:\/\/popjazz.fi\/PJKits\/basso\/wp-content\/uploads\/sites\/4\/2021\/04\/neljasosantauko-1200x173.png 1200w\" sizes=\"auto, (max-width: 709px) 85vw, (max-width: 909px) 67vw, (max-width: 1362px) 62vw, 840px\" \/><\/figure>\n\n\n\n<hr class=\"wp-block-separator\"\/>\n\n\n\n<p><strong>Kahdeksasosanuotin ja tauon<\/strong> kesto on puolet nelj\u00e4sosasta. Tahtilajin ollessa 4\/4 tahtiin mahtuu <em>yhteens\u00e4<\/em> kahdeksan kappaletta kahdeksasosanuotteja ja\/tai taukoja, eli kaksi per isku.<\/p>\n\n\n\n<figure class=\"wp-block-image size-large\"><img loading=\"lazy\" decoding=\"async\" width=\"1024\" height=\"158\" src=\"https:\/\/popjazz.fi\/PJKits\/basso\/wp-content\/uploads\/sites\/4\/2021\/04\/kahdeksasosantauko-1024x158.png\" alt=\"\" class=\"wp-image-3153\" srcset=\"https:\/\/popjazz.fi\/PJKits\/basso\/wp-content\/uploads\/sites\/4\/2021\/04\/kahdeksasosantauko-1024x158.png 1024w, https:\/\/popjazz.fi\/PJKits\/basso\/wp-content\/uploads\/sites\/4\/2021\/04\/kahdeksasosantauko-300x46.png 300w, https:\/\/popjazz.fi\/PJKits\/basso\/wp-content\/uploads\/sites\/4\/2021\/04\/kahdeksasosantauko-150x23.png 150w, https:\/\/popjazz.fi\/PJKits\/basso\/wp-content\/uploads\/sites\/4\/2021\/04\/kahdeksasosantauko-768x119.png 768w, https:\/\/popjazz.fi\/PJKits\/basso\/wp-content\/uploads\/sites\/4\/2021\/04\/kahdeksasosantauko-1536x238.png 1536w, https:\/\/popjazz.fi\/PJKits\/basso\/wp-content\/uploads\/sites\/4\/2021\/04\/kahdeksasosantauko-2048x317.png 2048w, https:\/\/popjazz.fi\/PJKits\/basso\/wp-content\/uploads\/sites\/4\/2021\/04\/kahdeksasosantauko-1200x186.png 1200w\" sizes=\"auto, (max-width: 709px) 85vw, (max-width: 909px) 67vw, (max-width: 1362px) 62vw, 840px\" \/><\/figure>\n\n\n\n<hr class=\"wp-block-separator\"\/>\n\n\n\n<p>Harjoittelun aloittaminen vapailla kielill\u00e4 auttaa keskittym\u00e4\u00e4n rytmin hallintaan ja n\u00e4pp\u00e4\u00e4v\u00e4n k\u00e4den motoriikkaan.<\/p>\n\n\n<p>\u00a0<\/p>\n<p><!--StartFragment--><\/p>\n<p><!--StartFragment--><\/p>\n<p><!--StartFragment--><\/p>\n\n\n<hr class=\"wp-block-separator\"\/>\n\n\n\n<p class=\"has-medium-font-size\">Katso my\u00f6s:<\/p>\n\n\n<style><\/style><div class=\"wplp_outside wplp_widget_2023\" style=\"max-width:100%;\"><span class=\"wpcu_block_title\">Nelj\u00e4sosa- ja kahdeksasosanuotteja sek\u00e4 taukoja vapailla kielill\u00e4<\/span><div id=\"wplp_widget_2023\" class=\"wplp_widget_default wplp_container vertical swiper wplp-swiper default cols3\" data-theme=\"default\" data-post=\"2023\" style=\"\" data-max-elts=\"5\" data-per-page=\"10\"><div class=\"wplp_listposts swiper-wrapper\" id=\"default_2023\" style=\"width: 100%;\" ><div class=\"swiper-slide\" style=\"\"><div class=\"insideframe\"><div id=\"wplp_box_top_2023_1146\" class=\"wpcu-front-box top equalHeightImg\" ><div class=\"wplp-box-item\"><a href=\"https:\/\/popjazz.fi\/PJKits\/basso\/basso-oppimistavoitevideot\/nuotinluku\/nuotit-ja-tauot-kaikilla-aika-arvoilla-c-duuri-ja-a-molliasteikon-savelilla-1-oktaavi\/\"  class=\"thumbnail\"><span class=\"img_cropper\" style=\"width:150px;height:150px;margin-right:4px;margin-bottom:4px;max-width:100%;\"><img decoding=\"async\" src=\"https:\/\/popjazz.fi\/PJKits\/basso\/wp-content\/uploads\/sites\/4\/2020\/02\/bs_ic_material_product_icon_192pxxxhdpi-150x150.png\" style=\"position: absolute;top: 50%;margin-top: -75px;aspect-ratio:4\/3;\" srcset=\"\" alt=\"Nuotit ja tauot kaikilla aika-arvoilla, C-duuri- ja A-molliasteikon s\u00e4velill\u00e4 (1 oktaavi)\" class=\"wplp_thumb\" \/><\/span><\/a><a href=\"https:\/\/popjazz.fi\/PJKits\/basso\/basso-oppimistavoitevideot\/nuotinluku\/nuotit-ja-tauot-kaikilla-aika-arvoilla-c-duuri-ja-a-molliasteikon-savelilla-1-oktaavi\/\"  class=\"title\">Nuotit ja tauot kaikilla aika-arvoilla, C-duuri- ja A-molliasteikon s\u00e4velill\u00e4 (1 oktaavi)<\/a><\/div><\/div><div id=\"wplp_box_left_2023_1146\" class=\"wpcu-front-box left wpcu-custom-position\" ><div class=\"wplp-box-item\"><\/div><\/div><div id=\"wplp_box_right_2023_1146\" class=\"wpcu-front-box right wpcu-custom-position\" ><div class=\"wplp-box-item\"><\/div><\/div><div id=\"wplp_box_bottom_2023_1146\" class=\"wpcu-front-box bottom \" ><div class=\"wplp-box-item\"><span class=\"date\">21.1.2020<\/span><span class=\"text\"><span style=\"max-height:2.8em\" class=\"line_limit\">Tonaalisessa musiikissa duuri &#8211; ja molliasteiko muodostuu 7 s\u00e4velest\u00e4, jotka ovat ovat helppoja hahmottaa &#8221;aakkosina&#8221; A:sta G:hen, eli a,b,c,d,e,f ja g. \n\n\n\nC -duuriasteikon s\u00e4velet ovat per\u00e4kk\u00e4ikkain matalimmasta korkeimpaan soitetut &#8221;aakkoset&#8221; C:st\u00e4 G:hen ja j\u00e4lleen A:st\u00e4 C:hen, eli  c, d, e, f, g, a ja b. Astekon \u00e4\u00e4net  l\u00f6ytyv\u00e4t per\u00e4kk\u00e4in f -avaimelle kirjoitetun nuottiviivaston toisesta toiseksi alimmalta v\u00e4lilt\u00e4 yl\u00f6sp\u00e4in..\n\n\n\nA- molliasteikon s\u00e4velet ovat per\u00e4kk\u00e4in matalimmasta korkeimpaan soitetu &#8221;aakkoset&#8221; A:st\u00e4 G:hen, eli a, b, c, e, f ja g. Asteikon \u00e4\u00e4net l\u00f6ytyvt\u00e4 per\u00e4kk\u00e4in f -avaimelle kirjoitetun nuottiviivaston alimmasta v\u00e4list\u00e4 yl\u00f6sp\u00e4in\n\n\n\nNuotien pituuksia ilmaistaan aika-arvoina.\n\n\n\nKokonuotti tai -tauko kest\u00e4\u00e4 nelj\u00e4 iskua. Tahtilajin ollessa 4\/4 yhteen tahtiin mahtuu yksi kokonuotti tai &#8211; tauko\n\n\n\nPuolinuotti tai -tauko kest\u00e4\u00e4 kaksi iskua. Tahtilajin ollessa 4\/4 yhteen tahtiin mahtuu kaksi puolinuottia ja\/tai &#8211; taukoa\n\n\n\nNelj\u00e4sosanuotti tai -tauko kest\u00e4\u00e4 yhden iskun. Tahtilajin ollessa 4\/4 yhteen tahtiin mahtuu nelj\u00e4 kappaletta nelj\u00e4sosanuotteja ja\/tai -taukoja.\n\n\n\nKahdeksasosanuotin tai -tauon kesto on puolet nelj\u00e4sosasta. Tahtilajin ollessa 4\/4 tahtiin mahtuu kahdeksan kappaletta kahdeksasosanuotteja ja\/tai -taukoja.\n\n\n\n\n\n\n\n\n\n\n\n\u00c4\u00e4nien, rytmien ja taukojen harjoittelun aloittaminen ilman etumerkkej\u00e4 yhden oktaavin alueella keskittym\u00e4\u00e4n rytmin hallintaan ja n\u00e4pp\u00e4\u00e4v\u00e4n k\u00e4den motoriikkaan.\n\n\n\n\n\n\n\nKatso my\u00f6s:<\/span><span style=\"margin-left:3px; max-height:2.8em\" class=\"line_limit\"> [...]<\/span><\/span><span class=\"custom_fields\">\n<!-- WPLP Unknown field: Custom_Fields -->\n<\/span><\/div><\/div><\/div><\/div><div class=\"swiper-slide\" style=\"\"><div class=\"insideframe\"><div id=\"wplp_box_top_2023_89\" class=\"wpcu-front-box top equalHeightImg\" ><div class=\"wplp-box-item\"><a href=\"https:\/\/popjazz.fi\/PJKits\/basso\/basso-oppimistavoitevideot\/nuotinluku\/koko-puoli-neljasosa-seka-kahdeksasosanuotein-c-duuriasteikon-1-5-savelet\/\"  class=\"thumbnail\"><span class=\"img_cropper\" style=\"width:150px;height:150px;margin-right:4px;margin-bottom:4px;max-width:100%;\"><img decoding=\"async\" src=\"https:\/\/popjazz.fi\/PJKits\/basso\/wp-content\/uploads\/sites\/4\/2020\/02\/bs_ic_material_product_icon_192pxxxhdpi-150x150.png\" style=\"position: absolute;top: 50%;margin-top: -75px;aspect-ratio:4\/3;\" srcset=\"\" alt=\"Koko-, puoli-, nelj\u00e4sosa- sek\u00e4 kahdeksasosanuotein C-duuriasteikon 1-5 s\u00e4velet\" class=\"wplp_thumb\" \/><\/span><\/a><a href=\"https:\/\/popjazz.fi\/PJKits\/basso\/basso-oppimistavoitevideot\/nuotinluku\/koko-puoli-neljasosa-seka-kahdeksasosanuotein-c-duuriasteikon-1-5-savelet\/\"  class=\"title\">Koko-, puoli-, nelj\u00e4sosa- sek\u00e4 kahdeksasosanuotein C-duuriasteikon 1-5 s\u00e4velet<\/a><\/div><\/div><div id=\"wplp_box_left_2023_89\" class=\"wpcu-front-box left wpcu-custom-position\" ><div class=\"wplp-box-item\"><\/div><\/div><div id=\"wplp_box_right_2023_89\" class=\"wpcu-front-box right wpcu-custom-position\" ><div class=\"wplp-box-item\"><\/div><\/div><div id=\"wplp_box_bottom_2023_89\" class=\"wpcu-front-box bottom \" ><div class=\"wplp-box-item\"><span class=\"date\">22.9.2019<\/span><span class=\"text\"><span style=\"max-height:2.8em\" class=\"line_limit\">Nuottien \u00e4\u00e4net ovat helppoja hahmottaa &#8221;aakkosina&#8221; A:sta G:hen, eli a,b,c,d,e,f ja g. Per\u00e4kk\u00e4in matalimmasta korkeimpaan \u00e4\u00e4neen soitettuna ne muodostovat samalla A -luonnollisen molliasteikon.\n\n\n\nC -duuriasteikon viisi ensimm\u00e4ist\u00e4 s\u00e4velt\u00e4 ovat &#8221;aakkoset&#8221; C:st\u00e4 G:hen, eli  c, d, e, f ja g ja ne  l\u00f6ytyv\u00e4t per\u00e4kk\u00e4in f -avaimelle kirjoitetun nuottiviivaston toisesta toiseksi alimmalta v\u00e4lilt\u00e4 yl\u00f6sp\u00e4in\n\n\n\nNuotien pituuksia ilmaistaan aika-arvoina.\n\n\n\nKokonuotti tai -tauko kest\u00e4\u00e4 nelj\u00e4 iskua. Tahtilajin ollessa 4\/4 yhteen tahtiin mahtuu yksi kokonuotti tai &#8211; tauko\n\n\n\nPuolinuotti tai -tauko kest\u00e4\u00e4 kaksi iskua. Tahtilajin ollessa 4\/4 yhteen tahtiin mahtuu kaksi puolinuottia tai &#8211; taukoa\n\n\n\nNelj\u00e4sosanuotti tai -tauko kest\u00e4\u00e4 yhden iskun. Tahtilajin ollessa 4\/4 yhteen tahtiin mahtuu nelj\u00e4 kappaletta nelj\u00e4sosanuotteja tai -taukoja.\n\n\n\nKahdeksasosanuotin tai -tauon kesto on puolet nelj\u00e4sosasta. Tahtilajin ollessa 4\/4 tahtiin mahtuu kahdeksan kappaletta kahdeksasosanuotteja tai -taukoja.\n\n\n\n\n\n\n\n\n\n\n\n\u00c4\u00e4nien ja rytmien harjoittelun aloittaminen c- duuriasteikon \u00e4\u00e4nill\u00e4 1-5 auttaa keskittym\u00e4\u00e4n rytmin hallintaan ja n\u00e4pp\u00e4\u00e4v\u00e4n k\u00e4den motoriikkaan.\n\n\n\n\n\n\n\nKatso my\u00f6s:<\/span><span style=\"margin-left:3px; max-height:2.8em\" class=\"line_limit\"> [...]<\/span><\/span><span class=\"custom_fields\">\n<!-- WPLP Unknown field: Custom_Fields -->\n<\/span><\/div><\/div><\/div><\/div><div class=\"swiper-slide\" style=\"\"><div class=\"insideframe\"><div id=\"wplp_box_top_2023_87\" class=\"wpcu-front-box top equalHeightImg\" ><div class=\"wplp-box-item\"><a href=\"https:\/\/popjazz.fi\/PJKits\/basso\/basso-oppimistavoitevideot\/nuotinluku\/soittaminen-yksinkertaisesta-saestysnuotista-sointumerkein\/\"  class=\"thumbnail\"><span class=\"img_cropper\" style=\"width:150px;height:150px;margin-right:4px;margin-bottom:4px;max-width:100%;\"><img decoding=\"async\" src=\"https:\/\/popjazz.fi\/PJKits\/basso\/wp-content\/uploads\/sites\/4\/2020\/02\/bs_ic_material_product_icon_192pxxxhdpi-150x150.png\" style=\"position: absolute;top: 50%;margin-top: -75px;aspect-ratio:4\/3;\" srcset=\"\" alt=\"Soittaminen yksinkertaisesta s\u00e4estysnuotista sointumerkein\" class=\"wplp_thumb\" \/><\/span><\/a><a href=\"https:\/\/popjazz.fi\/PJKits\/basso\/basso-oppimistavoitevideot\/nuotinluku\/soittaminen-yksinkertaisesta-saestysnuotista-sointumerkein\/\"  class=\"title\">Soittaminen yksinkertaisesta s\u00e4estysnuotista sointumerkein<\/a><\/div><\/div><div id=\"wplp_box_left_2023_87\" class=\"wpcu-front-box left wpcu-custom-position\" ><div class=\"wplp-box-item\"><\/div><\/div><div id=\"wplp_box_right_2023_87\" class=\"wpcu-front-box right wpcu-custom-position\" ><div class=\"wplp-box-item\"><\/div><\/div><div id=\"wplp_box_bottom_2023_87\" class=\"wpcu-front-box bottom \" ><div class=\"wplp-box-item\"><span class=\"date\">22.9.2019<\/span><span class=\"text\"><span style=\"max-height:2.8em\" class=\"line_limit\">Yksinkertainen s\u00e4estysnuotti, eli ns. komppilappu, sis\u00e4lt\u00e4\u00e4 tarvittavan informaation kappaleen soittamiseen alusta loppuun, mutta j\u00e4tt\u00e4\u00e4 yksityiskohdat soittajan itsens\u00e4 harkittavaksi tai opeteltavaksi erikseen. Komppilapusta tulee kuitenkin k\u00e4yd\u00e4 ilmi v\u00e4hint\u00e4\u00e4n kappaleen rakenne ja sointumerkit.\n\n\n\nEsimerkki yksinkertaisesta s\u00e4estysnuotista\n\n\n\n\n\n\n\n\n\n\n\nKatso my\u00f6s:<\/span><span style=\"margin-left:3px; max-height:2.8em\" class=\"line_limit\"> [...]<\/span><\/span><span class=\"custom_fields\">\n<!-- WPLP Unknown field: Custom_Fields -->\n<\/span><\/div><\/div><\/div><\/div><div class=\"swiper-slide\" style=\"\"><div class=\"insideframe\"><div id=\"wplp_box_top_2023_83\" class=\"wpcu-front-box top equalHeightImg\" ><div class=\"wplp-box-item\"><a href=\"https:\/\/popjazz.fi\/PJKits\/basso\/basso-oppimistavoitevideot\/nuotinluku\/koko-ja-puolinuotteja-vapailla-kielilla\/\"  class=\"thumbnail\"><span class=\"img_cropper\" style=\"width:150px;height:150px;margin-right:4px;margin-bottom:4px;max-width:100%;\"><img decoding=\"async\" src=\"https:\/\/popjazz.fi\/PJKits\/basso\/wp-content\/uploads\/sites\/4\/2020\/02\/bs_ic_material_product_icon_192pxxxhdpi-150x150.png\" style=\"position: absolute;top: 50%;margin-top: -75px;aspect-ratio:4\/3;\" srcset=\"\" alt=\"Koko- ja puolinuotteja vapailla kielill\u00e4\" class=\"wplp_thumb\" \/><\/span><\/a><a href=\"https:\/\/popjazz.fi\/PJKits\/basso\/basso-oppimistavoitevideot\/nuotinluku\/koko-ja-puolinuotteja-vapailla-kielilla\/\"  class=\"title\">Koko- ja puolinuotteja vapailla kielill\u00e4<\/a><\/div><\/div><div id=\"wplp_box_left_2023_83\" class=\"wpcu-front-box left wpcu-custom-position\" ><div class=\"wplp-box-item\"><\/div><\/div><div id=\"wplp_box_right_2023_83\" class=\"wpcu-front-box right wpcu-custom-position\" ><div class=\"wplp-box-item\"><\/div><\/div><div id=\"wplp_box_bottom_2023_83\" class=\"wpcu-front-box bottom \" ><div class=\"wplp-box-item\"><span class=\"date\">22.9.2019<\/span><span class=\"text\"><span style=\"max-height:2.8em\" class=\"line_limit\">Tahti on jaettu tahtilajiosoituksen mukaiseen m\u00e4\u00e4r\u00e4\u00e4n iskuja, joille puolestaan on m\u00e4\u00e4ritelty tempo, eli nopeus. Esimerkiksi 4\/4 tempoon 100 tarkoittaa, ett\u00e4 yhteen tahtiin mahtuu 4 kappaletta nelj\u00e4sosanuotteja tempoon 100 (100 iskua per minutti)\n\n\n\nJokaiselle nuotille on olemassa my\u00f6s saman mittainen tauko, eli aika jolloin nuotin tilalla on saman mittainen hiljaisuus.\n\n\n\nKokonuottin ja tauon kesto on nelj\u00e4ko nelj\u00e4sosanuottia. Kokonuottissa soitetaan siis yksi \u00e4\u00e4ni, joka kest\u00e4\u00e4 yhteens\u00e4 nelj\u00e4 nelj\u00e4sosanuottia. Tahtilajin ollessa 4\/4 kokonuotin ja tauon kesto on yksi kokonainen tahti.\n\n\n\n\n\n\n\n\n\n\n\nPuolinuotin ja tauon kesto on kaksi nelj\u00e4sosanuottia. Puolinuotissa soitetaan siis yksi \u00e4\u00e4ni, joka kest\u00e4\u00e4 yhteens\u00e4 kaksi nelj\u00e4sosaiskua. Tahtilajin ollessa 4\/4 yhteen tahtiin mahtuu kaksi kappaletta puolinuotteja ja taukoja.\n\n\n\n\n\n\n\n\n\n\n\nNuotinluvun harjoittelun aloittaminen vapailla kielill\u00e4, E, A, D, G&nbsp; auttaa keskittym\u00e4\u00e4n rytmin, sek\u00e4 n\u00e4pp\u00e4\u00e4v\u00e4n k\u00e4den motoriikkaan.\n\n\n\n\n\n\n\nKatso my\u00f6s:<\/span><span style=\"margin-left:3px; max-height:2.8em\" class=\"line_limit\"> [...]<\/span><\/span><span class=\"custom_fields\">\n<!-- WPLP Unknown field: Custom_Fields -->\n<\/span><\/div><\/div><\/div><\/div><div class=\"swiper-slide\" style=\"\"><div class=\"insideframe\"><div id=\"wplp_box_top_2023_81\" class=\"wpcu-front-box top equalHeightImg\" ><div class=\"wplp-box-item\"><a href=\"https:\/\/popjazz.fi\/PJKits\/basso\/basso-oppimistavoitevideot\/nuotinluku\/tahdin-perussykkeen-hahmottaminen-nuottikuvasta\/\"  class=\"thumbnail\"><span class=\"img_cropper\" style=\"width:150px;height:150px;margin-right:4px;margin-bottom:4px;max-width:100%;\"><img decoding=\"async\" src=\"https:\/\/popjazz.fi\/PJKits\/basso\/wp-content\/uploads\/sites\/4\/2020\/02\/bs_ic_material_product_icon_192pxxxhdpi-150x150.png\" style=\"position: absolute;top: 50%;margin-top: -75px;aspect-ratio:4\/3;\" srcset=\"\" alt=\"Tahdin perussykkeen hahmottaminen nuottikuvasta\" class=\"wplp_thumb\" \/><\/span><\/a><a href=\"https:\/\/popjazz.fi\/PJKits\/basso\/basso-oppimistavoitevideot\/nuotinluku\/tahdin-perussykkeen-hahmottaminen-nuottikuvasta\/\"  class=\"title\">Tahdin perussykkeen hahmottaminen nuottikuvasta<\/a><\/div><\/div><div id=\"wplp_box_left_2023_81\" class=\"wpcu-front-box left wpcu-custom-position\" ><div class=\"wplp-box-item\"><\/div><\/div><div id=\"wplp_box_right_2023_81\" class=\"wpcu-front-box right wpcu-custom-position\" ><div class=\"wplp-box-item\"><\/div><\/div><div id=\"wplp_box_bottom_2023_81\" class=\"wpcu-front-box bottom \" ><div class=\"wplp-box-item\"><span class=\"date\">22.9.2019<\/span><span class=\"text\"><span style=\"max-height:2.8em\" class=\"line_limit\">Tahdin perussykkeen hahmottaminen tarkoittaa tahtilajimerkinn\u00e4n ja kappaleen yleiseen sykkeeseen liittyvien asioiden, kuten tempomerkint\u00e4\u00e4n liittyvien merkint\u00f6jen hahmottamiseen nuottikuvasta.\n\n\n\n\n\n\n\n\n\n\n\nKatso my\u00f6s:<\/span><span style=\"margin-left:3px; max-height:2.8em\" class=\"line_limit\"> [...]<\/span><\/span><span class=\"custom_fields\">\n<!-- WPLP Unknown field: Custom_Fields -->\n<\/span><\/div><\/div><\/div><\/div><\/div><div class=\"swiper-button-next\"><\/div><div class=\"swiper-button-prev\"><\/div><div class=\"swiper-pagination\"><\/div><\/div><\/div>\n","protected":false},"excerpt":{"rendered":"<p>Tahti on jaettu tahtilajiosoituksen mukaiseen m\u00e4\u00e4r\u00e4\u00e4n iskuja, joille puolestaan on m\u00e4\u00e4ritelty tempo, eli nopeus. Esimerkiksi 4\/4 tempoon 100 tarkoittaa, ett\u00e4 yhteen tahtiin mahtuu 4 kappaletta nelj\u00e4sosanuotteja tempoon 100 (100 iskua per minutti) Jokaiselle nuotille on olemassa my\u00f6s saman mittainen tauko, eli aika jolloin nuotin tilalla on saman mittainen hiljaisuus. Nelj\u00e4sosanuotti ja tauko kest\u00e4\u00e4 yhden iskun &hellip; <a href=\"https:\/\/popjazz.fi\/PJKits\/basso\/basso-oppimistavoitevideot\/nuotinluku\/tahdin-perussykkeen-hahmottaminen-nuottikuvasta\/\" class=\"more-link\">Jatka lukemista<span class=\"screen-reader-text\"> &#8221;Tahdin perussykkeen hahmottaminen nuottikuvasta&#8221;<\/span><\/a><\/p>\n","protected":false},"author":1,"featured_media":1282,"parent":79,"menu_order":3,"comment_status":"closed","ping_status":"closed","template":"","meta":{"footnotes":""},"tags":[],"class_list":["post-85","page","type-page","status-publish","has-post-thumbnail","hentry"],"_links":{"self":[{"href":"https:\/\/popjazz.fi\/PJKits\/basso\/wp-json\/wp\/v2\/pages\/85","targetHints":{"allow":["GET"]}}],"collection":[{"href":"https:\/\/popjazz.fi\/PJKits\/basso\/wp-json\/wp\/v2\/pages"}],"about":[{"href":"https:\/\/popjazz.fi\/PJKits\/basso\/wp-json\/wp\/v2\/types\/page"}],"author":[{"embeddable":true,"href":"https:\/\/popjazz.fi\/PJKits\/basso\/wp-json\/wp\/v2\/users\/1"}],"replies":[{"embeddable":true,"href":"https:\/\/popjazz.fi\/PJKits\/basso\/wp-json\/wp\/v2\/comments?post=85"}],"version-history":[{"count":5,"href":"https:\/\/popjazz.fi\/PJKits\/basso\/wp-json\/wp\/v2\/pages\/85\/revisions"}],"predecessor-version":[{"id":3154,"href":"https:\/\/popjazz.fi\/PJKits\/basso\/wp-json\/wp\/v2\/pages\/85\/revisions\/3154"}],"up":[{"embeddable":true,"href":"https:\/\/popjazz.fi\/PJKits\/basso\/wp-json\/wp\/v2\/pages\/79"}],"wp:featuredmedia":[{"embeddable":true,"href":"https:\/\/popjazz.fi\/PJKits\/basso\/wp-json\/wp\/v2\/media\/1282"}],"wp:attachment":[{"href":"https:\/\/popjazz.fi\/PJKits\/basso\/wp-json\/wp\/v2\/media?parent=85"}],"wp:term":[{"taxonomy":"post_tag","embeddable":true,"href":"https:\/\/popjazz.fi\/PJKits\/basso\/wp-json\/wp\/v2\/tags?post=85"}],"curies":[{"name":"wp","href":"https:\/\/api.w.org\/{rel}","templated":true}]}}