{"id":858,"date":"2020-01-20T08:34:17","date_gmt":"2020-01-20T06:34:17","guid":{"rendered":"https:\/\/popjazz.fi\/PJKits\/basso\/?page_id=858"},"modified":"2021-09-28T09:35:15","modified_gmt":"2021-09-28T06:35:15","slug":"a-b-c-d-e-f-g","status":"publish","type":"page","link":"https:\/\/popjazz.fi\/PJKits\/basso\/basso-oppimistavoitevideot\/harmonia\/a-b-c-d-e-f-g\/","title":{"rendered":"a, b, c, d, e, f, g"},"content":{"rendered":"\n<p>Nuottiaakkoset ovat  musiikissa k\u00e4ytett\u00e4v\u00e4t aakkoset joilla kirjoitetaan musiikki \u00e4\u00e4net luettavaan muotoon. Jokaiselle nuotille on oma kirjaimensa, jotka ilmaisevat s\u00e4velkorkeuden. S\u00e4velkorkeudet voivat olla my\u00f6s ylennettyj\u00e4 tai alennettuja. Normaalivireisen basson kaulalla kaikki kaikki muut nuottiaakkoset l\u00f6ytyv\u00e4t vapailta kielilt\u00e4, paitsi B,C ja F<\/p>\n\n\n\n<figure class=\"wp-block-image size-large\"><img loading=\"lazy\" decoding=\"async\" width=\"1000\" height=\"563\" src=\"https:\/\/popjazz.fi\/PJKits\/basso\/wp-content\/uploads\/sites\/4\/2021\/03\/nuottiaakkoset-1.png\" alt=\"\" class=\"wp-image-2697\" srcset=\"https:\/\/popjazz.fi\/PJKits\/basso\/wp-content\/uploads\/sites\/4\/2021\/03\/nuottiaakkoset-1.png 1000w, https:\/\/popjazz.fi\/PJKits\/basso\/wp-content\/uploads\/sites\/4\/2021\/03\/nuottiaakkoset-1-300x169.png 300w, https:\/\/popjazz.fi\/PJKits\/basso\/wp-content\/uploads\/sites\/4\/2021\/03\/nuottiaakkoset-1-150x84.png 150w, https:\/\/popjazz.fi\/PJKits\/basso\/wp-content\/uploads\/sites\/4\/2021\/03\/nuottiaakkoset-1-768x432.png 768w\" sizes=\"auto, (max-width: 709px) 85vw, (max-width: 909px) 67vw, (max-width: 1362px) 62vw, 840px\" \/><\/figure>\n\n\n\n<p><br><strong>Alennetut nuottiaakkoset<\/strong><br>Alennetun nuottiaakkosen per\u00e4\u00e4n lis\u00e4t\u00e4\u00e4n alennusmerkki b, esim Ab (alennettu A) tai Gb (alennettu G).  <\/p>\n\n\n\n<p>Alennettua nuottia voidaan kuvata my\u00f6s lis\u00e4\u00e4m\u00e4ll\u00e4 per\u00e4\u00e4n &#8221;es&#8221; tai pelkk\u00e4 &#8221;s&#8221;,  esim As (alennettu A) tai Ges (alennettu G). <\/p>\n\n\n\n<p>Poikkeuksen  B, joka alennettuna on Bb. B voi olla my\u00f6s monesti korvattu kirjaimella H alennetun H:n ollessa kuitenkin edelleen Bb. <\/p>\n\n\n\n<figure class=\"wp-block-image size-large\"><img decoding=\"async\" src=\"https:\/\/popjazz.fi\/PJKits\/basso\/wp-content\/uploads\/sites\/4\/2021\/03\/alennetut-nuottiaakkoset.png\" alt=\"\" class=\"wp-image-2690\"\/><\/figure>\n\n\n\n<p><br><br><strong>Ylennetyt nuottiaakset<\/strong><br>Ylennetyn nuottiaakkosen per\u00e4\u00e4n lis\u00e4t\u00e4\u00e4n ylennysmerkki #, esim. A# (ylennetty A) tai G# ( ylennetty G). <\/p>\n\n\n\n<p>Ylennetty\u00e4 nuottia voidaan kuvata my\u00f6s lis\u00e4\u00e4m\u00e4ss\u00e4 per\u00e4\u00e4n &#8221;is&#8221; esim. Cis (ylennetty C) tai Fis (ylennetty F)<\/p>\n\n\n\n<figure class=\"wp-block-image size-large\"><img decoding=\"async\" src=\"https:\/\/popjazz.fi\/PJKits\/basso\/wp-content\/uploads\/sites\/4\/2021\/03\/ylennetyt-nuottiaakkoset.png\" alt=\"\" class=\"wp-image-2691\"\/><\/figure>\n\n\n\n<h4 class=\"wp-block-heading\">Video<\/h4>\n\n\n\n<figure class=\"wp-block-embed-vimeo wp-block-embed is-type-video is-provider-vimeo wp-embed-aspect-16-9 wp-has-aspect-ratio\"><div class=\"wp-block-embed__wrapper\">\n<iframe loading=\"lazy\" src=\"https:\/\/player.vimeo.com\/video\/521919787?dnt=1&amp;app_id=122963\" width=\"840\" height=\"473\" frameborder=\"0\" allow=\"autoplay; fullscreen; picture-in-picture\" allowfullscreen><\/iframe>\n<\/div><figcaption>Nuottiaakkoset<\/figcaption><\/figure>\n\n\n\n<hr class=\"wp-block-separator\"\/>\n\n\n\n<p class=\"has-medium-font-size\">Katso my\u00f6s:<\/p>\n\n\n<style><\/style><div class=\"wplp_outside wplp_widget_1641\" style=\"max-width:100%;\"><span class=\"wpcu_block_title\">a, b, c, d, e, f, g<\/span><div id=\"wplp_widget_1641\" class=\"wplp_widget_default wplp_container vertical swiper wplp-swiper default cols3\" data-theme=\"default\" data-post=\"1641\" style=\"\" data-max-elts=\"4\" data-per-page=\"10\"><div class=\"wplp_listposts swiper-wrapper\" id=\"default_1641\" style=\"width: 100%;\" ><div class=\"swiper-slide\" style=\"\"><div class=\"insideframe\"><div id=\"wplp_box_top_1641_286\" class=\"wpcu-front-box top equalHeightImg\" ><div class=\"wplp-box-item\"><a href=\"https:\/\/popjazz.fi\/PJKits\/basso\/basso-oppimistavoitevideot\/instrumentin-hallinta\/virittaminen\/\"  class=\"thumbnail\"><span class=\"img_cropper\" style=\"width:150px;height:150px;margin-right:4px;margin-bottom:4px;max-width:100%;\"><img decoding=\"async\" src=\"https:\/\/popjazz.fi\/PJKits\/basso\/wp-content\/uploads\/sites\/4\/2020\/02\/bs_ic_material_product_icon_192pxxxhdpi-150x150.png\" style=\"position: absolute;top: 50%;margin-top: -75px;aspect-ratio:4\/3;\" srcset=\"\" alt=\"Viritt\u00e4minen\" class=\"wplp_thumb\" \/><\/span><\/a><a href=\"https:\/\/popjazz.fi\/PJKits\/basso\/basso-oppimistavoitevideot\/instrumentin-hallinta\/virittaminen\/\"  class=\"title\">Viritt\u00e4minen<\/a><\/div><\/div><div id=\"wplp_box_left_1641_286\" class=\"wpcu-front-box left wpcu-custom-position\" ><div class=\"wplp-box-item\"><\/div><\/div><div id=\"wplp_box_right_1641_286\" class=\"wpcu-front-box right wpcu-custom-position\" ><div class=\"wplp-box-item\"><\/div><\/div><div id=\"wplp_box_bottom_1641_286\" class=\"wpcu-front-box bottom \" ><div class=\"wplp-box-item\"><span class=\"date\">5.10.2019<\/span><span class=\"text\"><span style=\"max-height:2.8em\" class=\"line_limit\">Perinteinen nelikielisen basson vire paksuimmasta kielest\u00e4 ohuimpaan on E, A, D, G. Se vastaa normaalia kitaran nelj\u00e4n alimman kielen virett\u00e4 sill\u00e4 poikkeuksella, ett\u00e4 kielet soivat oktaavia alempaa. \n\n\n\nViritysmittari\n\n\n\nTarkin ja nopein tapa viritt\u00e4\u00e4 on viritysmittari. Varsinkin esiintymistilanteissa se on my\u00f6s yleis\u00f6yst\u00e4v\u00e4llisin ja huomaamattomin tapa. Viritysmittareita on usean mallisia, mutta toimintaperiaatteelta ne ovat samanlaisia. Soiva \u00e4\u00e4ni napataan mittariin joko mittarin omalla ulkoisella mikrofonilla tai instrumenttikaapelia pitkin. Mittari n\u00e4ytt\u00e4\u00e4 joko valoilla, viisarilla tai molemmilla mihin suuntaan kielt\u00e4 tulee viritt\u00e4\u00e4 ja milloin se on vireess\u00e4. \n\n\n\nHuilu\u00e4\u00e4niviritys\n\n\n\nMik\u00e4li viritysmittaria ei ole k\u00e4yt\u00f6ss\u00e4, yksi k\u00e4ytt\u00f6kelpoisimmista tavoista on viritt\u00e4\u00e4 k\u00e4ytt\u00e4en huilu\u00e4\u00e4ni\u00e4.\n\n\n\nHuilu\u00e4\u00e4nill\u00e4 viritt\u00e4misess\u00e4 ajatuksena on verrata vierekk\u00e4isilt\u00e4 kielilt\u00e4 soitettavia huilu\u00e4\u00e4ni\u00e4. S\u00e4\u00e4nt\u00f6 on, ett\u00e4 ohuemman kielen 7. nauhan kohdalta soitettu huilu\u00e4\u00e4ni t\u00e4ytyisi soida samassa vireess\u00e4 kuin paksumman kielen 5. nauhan kohdalta soitettu huilu\u00e4\u00e4ni\n\n\n\nVirit\u00e4 ensin esimerkiksi kahdennentoista nauhan huilu\u00e4\u00e4nell\u00e4 G-kieli oikeaan vireeseen k\u00e4ytt\u00e4en apuna jotakin tasavireist\u00e4 soitinta, esim. Pianoa, \u00e4\u00e4nirautaa, tuttua \u00e4\u00e4nitett\u00e4 tai soitinta, jonka tied\u00e4t olevan vireess\u00e4.\n\n\n\nG Kielen ollessa halutussa vireess\u00e4, soita huilu\u00e4\u00e4ni kyseisen kielen 7. nauhan kohdalta, sek\u00e4 viereisen paksumman kielen 5. nauhav\u00e4lin kohdalta. Jos yhdess\u00e4 soivat huilu\u00e4\u00e4net \u201dhuojuvat\u201d, virit\u00e4 paksumpaa kielt\u00e4 niin pitk\u00e4\u00e4n kunnes kuulet vain yhden tasaisen \u00e4\u00e4nen. \n\n\n\nToista sama juuri viritetyn kielen ja viereisen paksumman kielen kanssa soittamalla huilu\u00e4\u00e4ni juuri viritetyn kielen 7. nauhan ja paksumman kielen 5. nauhan kohdalta. \n\n\n\nToista sama kaikkien kielien kohdalla kunnes kaikki kielet ovat vireess\u00e4\n\n\n\nHuilu\u00e4\u00e4nten &#8221;huojunta&#8221; johtuu \u00e4\u00e4nen yl\u00e4s\u00e4velharmonioiden soidessa eri taajuuksilla. Jos viritt\u00e4ess\u00e4 huojunta tihenee, tapahtuu viritys v\u00e4\u00e4r\u00e4\u00e4n suuntaan. Jos huojunta harvenee, virityssuunta on oikea. Kun huojunta lakkaa kokonaan, on kieli vireess\u00e4.\n\n\n\n5. nauhav\u00e4lin \u00e4\u00e4nen vertaaminen.\n\n\n\nViritt\u00e4minen voidaan tehd\u00e4 my\u00f6s vertaamalla ohuempaa vapaata kielt\u00e4 ja paksumman kielen 5. nauhav\u00e4lin \u00e4\u00e4nt\u00e4\n\n\n\nVirit\u00e4 ainakin yksi kieli vireeseen k\u00e4ytt\u00e4en  apuna jotakin tasavireist\u00e4 soitinta, esim. Pianoa, \u00e4\u00e4nirautaa, tuttua \u00e4\u00e4nitett\u00e4 tai soitinta, jonka tied\u00e4t olevan vireess\u00e4. Esimerkiksi G.- kieli\n\n\n\nVertaile sen j\u00e4lkeen vireess\u00e4 olevaa G- kielt\u00e4 ja D- kielen 5. nauhav\u00e4lilt\u00e4 painettua \u00e4\u00e4nt\u00e4 kesken\u00e4\u00e4n soittamalla kielet yht\u00e4aikaa. Virit\u00e4 D -kielt\u00e4 niin pitk\u00e4\u00e4n kunnes \u00e4\u00e4nnet soivat yhdess\u00e4 samassa vireess\u00e4. \n\n\n\nToista sama kaikkien kielien kohdalla kunnes kaikki kielet ovat vireess\u00e4\n\n\n\nVideo\n\n\n\n\n\n\n\n\n\nVideon viritys huilu\u00e4\u00e4nill\u00e4 -esimerkki nuotein\n\n\n\n\n\n\n\n\n\n\n\nKatso my\u00f6s:<\/span><span style=\"margin-left:3px; max-height:2.8em\" class=\"line_limit\"> [...]<\/span><\/span><span class=\"custom_fields\">\n<!-- WPLP Unknown field: Custom_Fields -->\n<\/span><\/div><\/div><\/div><\/div><div class=\"swiper-slide\" style=\"\"><div class=\"insideframe\"><div id=\"wplp_box_top_1641_817\" class=\"wpcu-front-box top equalHeightImg\" ><div class=\"wplp-box-item\"><a href=\"https:\/\/popjazz.fi\/PJKits\/basso\/basso-oppimistavoitevideot\/instrumentin-hallinta\/i-v-asemien-aanet-ja-soitto\/\"  class=\"thumbnail\"><span class=\"img_cropper\" style=\"width:150px;height:150px;margin-right:4px;margin-bottom:4px;max-width:100%;\"><img decoding=\"async\" src=\"https:\/\/popjazz.fi\/PJKits\/basso\/wp-content\/uploads\/sites\/4\/2020\/02\/bs_ic_material_product_icon_192pxxxhdpi-150x150.png\" style=\"position: absolute;top: 50%;margin-top: -75px;aspect-ratio:4\/3;\" srcset=\"\" alt=\"I-V asemien \u00e4\u00e4net ja soitto\" class=\"wplp_thumb\" \/><\/span><\/a><a href=\"https:\/\/popjazz.fi\/PJKits\/basso\/basso-oppimistavoitevideot\/instrumentin-hallinta\/i-v-asemien-aanet-ja-soitto\/\"  class=\"title\">I-V asemien \u00e4\u00e4net ja soitto<\/a><\/div><\/div><div id=\"wplp_box_left_1641_817\" class=\"wpcu-front-box left wpcu-custom-position\" ><div class=\"wplp-box-item\"><\/div><\/div><div id=\"wplp_box_right_1641_817\" class=\"wpcu-front-box right wpcu-custom-position\" ><div class=\"wplp-box-item\"><\/div><\/div><div id=\"wplp_box_bottom_1641_817\" class=\"wpcu-front-box bottom \" ><div class=\"wplp-box-item\"><span class=\"date\">20.1.2020<\/span><span class=\"text\"><span style=\"max-height:2.8em\" class=\"line_limit\">Asemat\n\n\n\nKun otek\u00e4si on asemoitu otelaudelle niin, ett\u00e4 jokainen sormi soittaa \u00e4\u00e4nen aina yhden nauhav\u00e4lin kohdalta, otek\u00e4den asema ilmoitetaan sen mukaan monennenko nauhan kohdalla otek\u00e4den etusormi on.\n\n\n\nI -asemassa otek\u00e4den etusormi on ensimm\u00e4isell\u00e4 nauhav\u00e4lin kohdalla, keskisormi toisen, nimet\u00f6n kolmannen ja pikkusormi nelj\u00e4nnen.\n\n\n\nII -asemassa otelautak\u00e4si siirty yhden nauhav\u00e4lin verran tallaan p\u00e4in, jolloin etusormi on toisen nauhav\u00e4lin kohdalla, keskisormi kolmannen, nimet\u00f6n nelj\u00e4nnen ja pikkusormi on viidenen, ja niin edelleen.\n\n\n\nSoitto\n\n\n\nEri asemista soittoa yhdistell\u00e4\u00e4n liikuttamalla otelautak\u00e4tt\u00e4 asemasta toiseen riippuen kappaleessa soitettavista \u00e4\u00e4nist\u00e4 ja niiden sijainnista otelaudalla. L\u00e4ht\u00f6kohtaisesti pyrit\u00e4\u00e4n pieniin ja ergonomisesti hyviin liikeratoihin, mutta  aina l\u00e4hin \u00e4\u00e4ni ei v\u00e4ltt\u00e4m\u00e4tt\u00e4 ole kappaleen luonteen ja halutun soundin kannalta paras. T\u00e4ll\u00f6in voidaan joutua liikkumaan kaulalla usean aseman v\u00e4lill\u00e4, ett\u00e4 soundi ja fraseeraus on halutun kaltainen. \n\n\n\nVideo\n\n\n\n\n\nSama riffi I ja V -asemasta\n\n\n\n\n\n\n\n\n\n\n\nKatso my\u00f6s:<\/span><span style=\"margin-left:3px; max-height:2.8em\" class=\"line_limit\"> [...]<\/span><\/span><span class=\"custom_fields\">\n<!-- WPLP Unknown field: Custom_Fields -->\n<\/span><\/div><\/div><\/div><\/div><div class=\"swiper-slide\" style=\"\"><div class=\"insideframe\"><div id=\"wplp_box_top_1641_39\" class=\"wpcu-front-box top equalHeightImg\" ><div class=\"wplp-box-item\"><a href=\"https:\/\/popjazz.fi\/PJKits\/basso\/basso-oppimistavoitevideot\/instrumentin-hallinta\/i-asema\/\"  class=\"thumbnail\"><span class=\"img_cropper\" style=\"width:150px;height:150px;margin-right:4px;margin-bottom:4px;max-width:100%;\"><img decoding=\"async\" src=\"https:\/\/popjazz.fi\/PJKits\/basso\/wp-content\/uploads\/sites\/4\/2020\/02\/bs_ic_material_product_icon_192pxxxhdpi-150x150.png\" style=\"position: absolute;top: 50%;margin-top: -75px;aspect-ratio:4\/3;\" srcset=\"\" alt=\"I-asema\" class=\"wplp_thumb\" \/><\/span><\/a><a href=\"https:\/\/popjazz.fi\/PJKits\/basso\/basso-oppimistavoitevideot\/instrumentin-hallinta\/i-asema\/\"  class=\"title\">I-asema<\/a><\/div><\/div><div id=\"wplp_box_left_1641_39\" class=\"wpcu-front-box left wpcu-custom-position\" ><div class=\"wplp-box-item\"><\/div><\/div><div id=\"wplp_box_right_1641_39\" class=\"wpcu-front-box right wpcu-custom-position\" ><div class=\"wplp-box-item\"><\/div><\/div><div id=\"wplp_box_bottom_1641_39\" class=\"wpcu-front-box bottom \" ><div class=\"wplp-box-item\"><span class=\"date\">22.9.2019<\/span><span class=\"text\"><span style=\"max-height:2.8em\" class=\"line_limit\">Kun otek\u00e4si on asemoitu otelaudelle niin, ett\u00e4 jokainen sormi soittaa \u00e4\u00e4nen aina yhden nauhav\u00e4lin kohdalta, otek\u00e4den asema ilmoitetaan sen mukaan monennenko nauhan kohdalla otek\u00e4den etusormi on.\n\n\n\nI -asemassa otek\u00e4den etusormi on ensimm\u00e4isell\u00e4 nauhav\u00e4lin kohdalla, keskisormi toisen, nimet\u00f6n kolmannen ja pikkusormi nelj\u00e4nnen.\n\n\n\nVideo\n\n\n\n\n\nI-asemasta soittaminen\n\n\n\n\n\n\n\nKatso my\u00f6s:<\/span><span style=\"margin-left:3px; max-height:2.8em\" class=\"line_limit\"> [...]<\/span><\/span><span class=\"custom_fields\">\n<!-- WPLP Unknown field: Custom_Fields -->\n<\/span><\/div><\/div><\/div><\/div><div class=\"swiper-slide\" style=\"\"><div class=\"insideframe\"><div id=\"wplp_box_top_1641_35\" class=\"wpcu-front-box top equalHeightImg\" ><div class=\"wplp-box-item\"><a href=\"https:\/\/popjazz.fi\/PJKits\/basso\/basso-oppimistavoitevideot\/instrumentin-hallinta\/vapaat-kielet\/\"  class=\"thumbnail\"><span class=\"img_cropper\" style=\"width:150px;height:150px;margin-right:4px;margin-bottom:4px;max-width:100%;\"><img decoding=\"async\" src=\"https:\/\/popjazz.fi\/PJKits\/basso\/wp-content\/uploads\/sites\/4\/2020\/02\/bs_ic_material_product_icon_192pxxxhdpi-150x150.png\" style=\"position: absolute;top: 50%;margin-top: -75px;aspect-ratio:4\/3;\" srcset=\"\" alt=\"Vapaat kielet\" class=\"wplp_thumb\" \/><\/span><\/a><a href=\"https:\/\/popjazz.fi\/PJKits\/basso\/basso-oppimistavoitevideot\/instrumentin-hallinta\/vapaat-kielet\/\"  class=\"title\">Vapaat kielet<\/a><\/div><\/div><div id=\"wplp_box_left_1641_35\" class=\"wpcu-front-box left wpcu-custom-position\" ><div class=\"wplp-box-item\"><\/div><\/div><div id=\"wplp_box_right_1641_35\" class=\"wpcu-front-box right wpcu-custom-position\" ><div class=\"wplp-box-item\"><\/div><\/div><div id=\"wplp_box_bottom_1641_35\" class=\"wpcu-front-box bottom \" ><div class=\"wplp-box-item\"><span class=\"date\">22.9.2019<\/span><span class=\"text\"><span style=\"max-height:2.8em\" class=\"line_limit\">Perinteinen s\u00e4hk\u00f6basso on nelj\u00e4kielinen. Basson ollessa normaalivireess\u00e4 vapaat kielet vastaavat kitaran nelj\u00e4\u00e4 alinta kielt\u00e4, mutta soivat oktaavia alemaa. \n\n\n\nNormaalivireisen\n\n\n\nnelj\u00e4kielisen basson vapaat kielet ovat E, A, D  ja Gviisikielisin basson vapaat kielet ovat B, E, A, D ja Gkuusikielisen basson vapaat kielet ovat B, E, A, D, G ja C\n\n\n\nVideo\n\n\n\n\n\n\n\n\n\n\n\n\n\nKatso my\u00f6s:<\/span><span style=\"margin-left:3px; max-height:2.8em\" class=\"line_limit\"> [...]<\/span><\/span><span class=\"custom_fields\">\n<!-- WPLP Unknown field: Custom_Fields -->\n<\/span><\/div><\/div><\/div><\/div><\/div><div class=\"swiper-button-next\"><\/div><div class=\"swiper-button-prev\"><\/div><div class=\"swiper-pagination\"><\/div><\/div><\/div>\n\n\n<style><\/style><div class=\"wplp_outside wplp_widget_3400\" style=\"max-width:100%;\"><span class=\"wpcu_block_title\">abcdefg OM<\/span><div id=\"wplp_widget_3400\" class=\"wplp_widget_default wplp_container vertical swiper wplp-swiper default cols3\" data-theme=\"default\" data-post=\"3400\" style=\"\" data-max-elts=\"2\" data-per-page=\"10\"><div class=\"wplp_listposts swiper-wrapper\" id=\"default_3400\" style=\"width: 100%;\" ><div class=\"swiper-slide\" style=\"\"><div class=\"insideframe\"><div id=\"wplp_box_top_3400_158\" class=\"wpcu-front-box top equalHeightImg\" ><div class=\"wplp-box-item\"><a href=\"https:\/\/popjazz.fi\/PJKits\/oppimateriaali-basso\/oppimateriaali\/t\/tyylinmukaiset-bassolinjat\/\"  class=\"thumbnail\"><span class=\"img_cropper\" style=\"width:150px;height:150px;margin-right:4px;margin-bottom:4px;max-width:100%;\"><img decoding=\"async\" src=\"https:\/\/popjazz.fi\/PJKits\/basso\/wp-content\/uploads\/sites\/19\/2020\/05\/bs_ic_material_product_icon_192pxxxhdpi-150x150.png\" style=\"position: absolute;top: 50%;margin-top: -75px;aspect-ratio:4\/3;\" srcset=\"\" alt=\"Tyylinmukaisten bassolinjojen luominen osa 1: S\u00e4estys sointujen p\u00e4\u00e4s\u00e4velten ymp\u00e4rille\" class=\"wplp_thumb\" \/><\/span><\/a><a href=\"https:\/\/popjazz.fi\/PJKits\/oppimateriaali-basso\/oppimateriaali\/t\/tyylinmukaiset-bassolinjat\/\"  class=\"title\">Tyylinmukaisten bassolinjojen luominen osa 1: S\u00e4estys sointujen p\u00e4\u00e4s\u00e4velten ymp\u00e4rille<\/a><\/div><\/div><div id=\"wplp_box_left_3400_158\" class=\"wpcu-front-box left wpcu-custom-position\" ><div class=\"wplp-box-item\"><\/div><\/div><div id=\"wplp_box_right_3400_158\" class=\"wpcu-front-box right wpcu-custom-position\" ><div class=\"wplp-box-item\"><\/div><\/div><div id=\"wplp_box_bottom_3400_158\" class=\"wpcu-front-box bottom \" ><div class=\"wplp-box-item\"><span class=\"date\">20.4.2021<\/span><span class=\"text\"><span style=\"max-height:2.8em\" class=\"line_limit\">Tyylinmukainen s\u00e4estys sointujen p\u00e4\u00e4s\u00e4velten ymp\u00e4rille\n\n\n\nEnsimm\u00e4isell\u00e4 videolla esitell\u00e4\u00e4n kolmen eri tyylilajin rytmisi\u00e4 ja \u00e4\u00e4nenkuljetuksellisia variaatioita sointujen p\u00e4\u00e4s\u00e4velten ymp\u00e4rille. \n\n\n\nTyylijajeina ovat beat, ns. suora 8-osa rock, sek\u00e4 latinalaisamerikkalainen bossanova\/hidas samba. Esimerkkien pohjana toimii 12 tahdin rakenne ja sointukiertona F -duurin I, IV ja V aseteet, eli F, Bb ja C. \n\n\n\nVideo\n\n\n\n\n\n\n\n\n\n\n\n\n\n\n\n\n\nKatso my\u00f6s:<\/span><span style=\"margin-left:3px; max-height:2.8em\" class=\"line_limit\"> [...]<\/span><\/span><span class=\"custom_fields\">\n<!-- WPLP Unknown field: Custom_Fields -->\n<\/span><\/div><\/div><\/div><\/div><div class=\"swiper-slide\" style=\"\"><div class=\"insideframe\"><div id=\"wplp_box_top_3400_171\" class=\"wpcu-front-box top equalHeightImg\" ><div class=\"wplp-box-item\"><a href=\"https:\/\/popjazz.fi\/PJKits\/oppimateriaali-basso\/oppimateriaali\/e\/ensimmaisen-aseman-soitto\/\"  class=\"thumbnail\"><span class=\"img_cropper\" style=\"width:150px;height:150px;margin-right:4px;margin-bottom:4px;max-width:100%;\"><img decoding=\"async\" src=\"https:\/\/popjazz.fi\/PJKits\/basso\/wp-content\/uploads\/sites\/19\/2020\/05\/bs_ic_material_product_icon_192pxxxhdpi-150x150.png\" style=\"position: absolute;top: 50%;margin-top: -75px;aspect-ratio:4\/3;\" srcset=\"\" alt=\"Ensimm\u00e4isen aseman soitto\" class=\"wplp_thumb\" \/><\/span><\/a><a href=\"https:\/\/popjazz.fi\/PJKits\/oppimateriaali-basso\/oppimateriaali\/e\/ensimmaisen-aseman-soitto\/\"  class=\"title\">Ensimm\u00e4isen aseman soitto<\/a><\/div><\/div><div id=\"wplp_box_left_3400_171\" class=\"wpcu-front-box left wpcu-custom-position\" ><div class=\"wplp-box-item\"><\/div><\/div><div id=\"wplp_box_right_3400_171\" class=\"wpcu-front-box right wpcu-custom-position\" ><div class=\"wplp-box-item\"><\/div><\/div><div id=\"wplp_box_bottom_3400_171\" class=\"wpcu-front-box bottom \" ><div class=\"wplp-box-item\"><span class=\"date\">20.4.2021<\/span><span class=\"text\"><span style=\"max-height:2.8em\" class=\"line_limit\">Mik\u00e4li kappaleen tai esim. asteikon soittaminen tapahtuu k\u00e4ytt\u00e4en vain I &#8211; asemaa soitetaan \u00e4\u00e4ni\u00e4 ja \u00e4\u00e4nenkuljetuksia my\u00f6s vapaita kieli\u00e4 hyv\u00e4ksi k\u00e4ytt\u00e4en. T\u00e4ll\u00e4 on vaikutusta sormituksiin, sek\u00e4 my\u00f6s soundiin. Videolla esitell\u00e4\u00e4n I -aseman soitoa G -duuriasteikon kautta.\n\n\n\nVideo\n\n\n\n\n\n\n\n\n\nVideon esimerkki nuotein\n\n\n\nG  -duuri ensimm\u00e4isest\u00e4 asemasta\n\n\n\nKatso my\u00f6s:<\/span><span style=\"margin-left:3px; max-height:2.8em\" class=\"line_limit\"> [...]<\/span><\/span><span class=\"custom_fields\">\n<!-- WPLP Unknown field: Custom_Fields -->\n<\/span><\/div><\/div><\/div><\/div><\/div><div class=\"swiper-button-next\"><\/div><div class=\"swiper-button-prev\"><\/div><div class=\"swiper-pagination\"><\/div><\/div><\/div>\n","protected":false},"excerpt":{"rendered":"<p>Nuottiaakkoset ovat musiikissa k\u00e4ytett\u00e4v\u00e4t aakkoset joilla kirjoitetaan musiikki \u00e4\u00e4net luettavaan muotoon. Jokaiselle nuotille on oma kirjaimensa, jotka ilmaisevat s\u00e4velkorkeuden. S\u00e4velkorkeudet voivat olla my\u00f6s ylennettyj\u00e4 tai alennettuja. Normaalivireisen basson kaulalla kaikki kaikki muut nuottiaakkoset l\u00f6ytyv\u00e4t vapailta kielilt\u00e4, paitsi B,C ja F Alennetut nuottiaakkosetAlennetun nuottiaakkosen per\u00e4\u00e4n lis\u00e4t\u00e4\u00e4n alennusmerkki b, esim Ab (alennettu A) tai Gb (alennettu G). &hellip; <a href=\"\" class=\"more-link\">Jatka lukemista<span class=\"screen-reader-text\"> &#8221;&#8221;<\/span><\/a><\/p>\n","protected":false},"author":1,"featured_media":1282,"parent":43,"menu_order":0,"comment_status":"closed","ping_status":"closed","template":"","meta":{"footnotes":""},"tags":[],"class_list":["post-858","page","type-page","status-publish","has-post-thumbnail","hentry"],"_links":{"self":[{"href":"https:\/\/popjazz.fi\/PJKits\/basso\/wp-json\/wp\/v2\/pages\/858","targetHints":{"allow":["GET"]}}],"collection":[{"href":"https:\/\/popjazz.fi\/PJKits\/basso\/wp-json\/wp\/v2\/pages"}],"about":[{"href":"https:\/\/popjazz.fi\/PJKits\/basso\/wp-json\/wp\/v2\/types\/page"}],"author":[{"embeddable":true,"href":"https:\/\/popjazz.fi\/PJKits\/basso\/wp-json\/wp\/v2\/users\/1"}],"replies":[{"embeddable":true,"href":"https:\/\/popjazz.fi\/PJKits\/basso\/wp-json\/wp\/v2\/comments?post=858"}],"version-history":[{"count":15,"href":"https:\/\/popjazz.fi\/PJKits\/basso\/wp-json\/wp\/v2\/pages\/858\/revisions"}],"predecessor-version":[{"id":3401,"href":"https:\/\/popjazz.fi\/PJKits\/basso\/wp-json\/wp\/v2\/pages\/858\/revisions\/3401"}],"up":[{"embeddable":true,"href":"https:\/\/popjazz.fi\/PJKits\/basso\/wp-json\/wp\/v2\/pages\/43"}],"wp:featuredmedia":[{"embeddable":true,"href":"https:\/\/popjazz.fi\/PJKits\/basso\/wp-json\/wp\/v2\/media\/1282"}],"wp:attachment":[{"href":"https:\/\/popjazz.fi\/PJKits\/basso\/wp-json\/wp\/v2\/media?parent=858"}],"wp:term":[{"taxonomy":"post_tag","embeddable":true,"href":"https:\/\/popjazz.fi\/PJKits\/basso\/wp-json\/wp\/v2\/tags?post=858"}],"curies":[{"name":"wp","href":"https:\/\/api.w.org\/{rel}","templated":true}]}}