{"id":87,"date":"2019-09-22T08:33:19","date_gmt":"2019-09-22T05:33:19","guid":{"rendered":"https:\/\/popjazz.fi\/PJKits\/basso\/?page_id=87"},"modified":"2021-04-06T11:29:07","modified_gmt":"2021-04-06T08:29:07","slug":"soittaminen-yksinkertaisesta-saestysnuotista-sointumerkein","status":"publish","type":"page","link":"https:\/\/popjazz.fi\/PJKits\/basso\/basso-oppimistavoitevideot\/nuotinluku\/soittaminen-yksinkertaisesta-saestysnuotista-sointumerkein\/","title":{"rendered":"Soittaminen yksinkertaisesta s\u00e4estysnuotista sointumerkein"},"content":{"rendered":"\n<p>Yksinkertainen s\u00e4estysnuotti, eli ns. komppilappu, sis\u00e4lt\u00e4\u00e4 tarvittavan informaation kappaleen soittamiseen alusta loppuun, mutta j\u00e4tt\u00e4\u00e4 yksityiskohdat soittajan itsens\u00e4 harkittavaksi tai opeteltavaksi erikseen. Komppilapusta tulee kuitenkin k\u00e4yd\u00e4 ilmi v\u00e4hint\u00e4\u00e4n kappaleen rakenne ja sointumerkit.<\/p>\n\n\n\n<p>Esimerkki yksinkertaisesta s\u00e4estysnuotista<\/p>\n\n\n\n<figure class=\"wp-block-image size-large\"><img loading=\"lazy\" decoding=\"async\" width=\"1024\" height=\"1003\" src=\"https:\/\/popjazz.fi\/PJKits\/basso\/wp-content\/uploads\/sites\/4\/2020\/04\/komppilappudemo-1024x1003.png\" alt=\"\" class=\"wp-image-2034\" srcset=\"https:\/\/popjazz.fi\/PJKits\/basso\/wp-content\/uploads\/sites\/4\/2020\/04\/komppilappudemo-1024x1003.png 1024w, https:\/\/popjazz.fi\/PJKits\/basso\/wp-content\/uploads\/sites\/4\/2020\/04\/komppilappudemo-300x294.png 300w, https:\/\/popjazz.fi\/PJKits\/basso\/wp-content\/uploads\/sites\/4\/2020\/04\/komppilappudemo-150x147.png 150w, https:\/\/popjazz.fi\/PJKits\/basso\/wp-content\/uploads\/sites\/4\/2020\/04\/komppilappudemo-768x752.png 768w, https:\/\/popjazz.fi\/PJKits\/basso\/wp-content\/uploads\/sites\/4\/2020\/04\/komppilappudemo-1536x1504.png 1536w, https:\/\/popjazz.fi\/PJKits\/basso\/wp-content\/uploads\/sites\/4\/2020\/04\/komppilappudemo-2048x2006.png 2048w, https:\/\/popjazz.fi\/PJKits\/basso\/wp-content\/uploads\/sites\/4\/2020\/04\/komppilappudemo-1200x1175.png 1200w\" sizes=\"auto, (max-width: 709px) 85vw, (max-width: 909px) 67vw, (max-width: 1362px) 62vw, 840px\" \/><\/figure>\n\n\n\n<hr class=\"wp-block-separator\"\/>\n\n\n\n<p class=\"has-medium-font-size\">Katso my\u00f6s:<\/p>\n\n\n<style><\/style><div class=\"wplp_outside wplp_widget_2028\" style=\"max-width:100%;\"><span class=\"wpcu_block_title\">Soittaminen yksinkertaisesta s\u00e4estysnuotista sointumerkein<\/span><div id=\"wplp_widget_2028\" class=\"wplp_widget_default wplp_container vertical swiper wplp-swiper default cols3\" data-theme=\"default\" data-post=\"2028\" style=\"\" data-max-elts=\"5\" data-per-page=\"10\"><div class=\"wplp_listposts swiper-wrapper\" id=\"default_2028\" style=\"width: 100%;\" ><div class=\"swiper-slide\" style=\"\"><div class=\"insideframe\"><div id=\"wplp_box_top_2028_1172\" class=\"wpcu-front-box top equalHeightImg\" ><div class=\"wplp-box-item\"><a href=\"https:\/\/popjazz.fi\/PJKits\/basso\/basso-oppimistavoitevideot\/nuotinluku\/nuotinlukua-sointumerkeista-ja-nuoteista-kaikista-savellajeista-annetuin-ohjein-ja-esitysmerkein\/\"  class=\"thumbnail\"><span class=\"img_cropper\" style=\"width:150px;height:150px;margin-right:4px;margin-bottom:4px;max-width:100%;\"><img decoding=\"async\" src=\"https:\/\/popjazz.fi\/PJKits\/basso\/wp-content\/uploads\/sites\/4\/2020\/02\/bs_ic_material_product_icon_192pxxxhdpi-150x150.png\" style=\"position: absolute;top: 50%;margin-top: -75px;aspect-ratio:4\/3;\" srcset=\"\" alt=\"Nuotinlukua sointumerkeist\u00e4 ja nuoteista kaikista s\u00e4vellajeista annetuin ohjein ja esitysmerkein\" class=\"wplp_thumb\" \/><\/span><\/a><a href=\"https:\/\/popjazz.fi\/PJKits\/basso\/basso-oppimistavoitevideot\/nuotinluku\/nuotinlukua-sointumerkeista-ja-nuoteista-kaikista-savellajeista-annetuin-ohjein-ja-esitysmerkein\/\"  class=\"title\">Nuotinlukua sointumerkeist\u00e4 ja nuoteista kaikista s\u00e4vellajeista annetuin ohjein ja esitysmerkein<\/a><\/div><\/div><div id=\"wplp_box_left_2028_1172\" class=\"wpcu-front-box left wpcu-custom-position\" ><div class=\"wplp-box-item\"><\/div><\/div><div id=\"wplp_box_right_2028_1172\" class=\"wpcu-front-box right wpcu-custom-position\" ><div class=\"wplp-box-item\"><\/div><\/div><div id=\"wplp_box_bottom_2028_1172\" class=\"wpcu-front-box bottom \" ><div class=\"wplp-box-item\"><span class=\"date\">21.1.2020<\/span><span class=\"text\"><span style=\"max-height:2.8em\" class=\"line_limit\">Tyypillinen nuottikuva popularimusiikissa sis\u00e4lt\u00e4\u00e4 rakenteen ja sointujen lis\u00e4ksi my\u00f6s muuta informaatiota, jotka auttavat soittajaa tulkitsemaan kappaletta s\u00e4velt\u00e4j\u00e4n ja\/tai sovittajan haluamalla tavalla. N\u00e4it\u00e4 lis\u00e4merkint\u00f6j\u00e4 ovat esimerkiksi riffien, unisonojen yms. s\u00e4vellykseen kuuluvien \u00e4\u00e4nien nuotintaminen, tempo ja tyylijalimerkinn\u00e4t, sek\u00e4 dynamiikkaan liittyv\u00e4t merkinn\u00e4t. \n\n\n\n Esimerkki nuotinluvusta sointumerkeist\u00e4 annetuin ohjein ja esitysmerkein \n\n\n\n\n\n\n\n\n\n\n\nKatso my\u00f6s:<\/span><span style=\"margin-left:3px; max-height:2.8em\" class=\"line_limit\"> [...]<\/span><\/span><span class=\"custom_fields\">\n<!-- WPLP Unknown field: Custom_Fields -->\n<\/span><\/div><\/div><\/div><\/div><div class=\"swiper-slide\" style=\"\"><div class=\"insideframe\"><div id=\"wplp_box_top_2028_1152\" class=\"wpcu-front-box top equalHeightImg\" ><div class=\"wplp-box-item\"><a href=\"https:\/\/popjazz.fi\/PJKits\/basso\/basso-oppimistavoitevideot\/nuotinluku\/con-senza-rep-fermaatti-accel-rit-dynamiikkamerkinnat\/\"  class=\"thumbnail\"><span class=\"img_cropper\" style=\"width:150px;height:150px;margin-right:4px;margin-bottom:4px;max-width:100%;\"><img decoding=\"async\" src=\"https:\/\/popjazz.fi\/PJKits\/basso\/wp-content\/uploads\/sites\/4\/2020\/02\/bs_ic_material_product_icon_192pxxxhdpi-150x150.png\" style=\"position: absolute;top: 50%;margin-top: -75px;aspect-ratio:4\/3;\" srcset=\"\" alt=\"con\/senza rep., fermaatti, accel.\/rit., dynamiikkamerkinn\u00e4t\" class=\"wplp_thumb\" \/><\/span><\/a><a href=\"https:\/\/popjazz.fi\/PJKits\/basso\/basso-oppimistavoitevideot\/nuotinluku\/con-senza-rep-fermaatti-accel-rit-dynamiikkamerkinnat\/\"  class=\"title\">con\/senza rep., fermaatti, accel.\/rit., dynamiikkamerkinn\u00e4t<\/a><\/div><\/div><div id=\"wplp_box_left_2028_1152\" class=\"wpcu-front-box left wpcu-custom-position\" ><div class=\"wplp-box-item\"><\/div><\/div><div id=\"wplp_box_right_2028_1152\" class=\"wpcu-front-box right wpcu-custom-position\" ><div class=\"wplp-box-item\"><\/div><\/div><div id=\"wplp_box_bottom_2028_1152\" class=\"wpcu-front-box bottom \" ><div class=\"wplp-box-item\"><span class=\"date\">21.1.2020<\/span><span class=\"text\"><span style=\"max-height:2.8em\" class=\"line_limit\">Perinteisten nuottien, sointumerkkien ja rakenteen lis\u00e4ksi kirjoitetut nuotit sis\u00e4lt\u00e4v\u00e4t my\u00f6s muota esitysmerkkej\u00e4 joilla s\u00e4velt\u00e4j\u00e4 ja\/tai sovittaja ovat ilmaiseet kuinka haluavat kappaleen esitett\u00e4v\u00e4t.\n\n\n\nCon repeat \/ Senza repeat\n\n\n\nCon rep.  = kerraten Senza rep. = kertaamatta\n\n\n\nMerkint\u00f6j\u00e4 k\u00e4ytet\u00e4\u00e4n yleisesti segnon yhteydess\u00e4 kun halutaan ilmoittaa menn\u00e4\u00e4nk\u00f6 kappaleessa eteenp\u00e4in normaalisti kertausmerkkien mukaisesti vai ilman kertauksia. Merkint\u00e4 on yleinen segnon yhteydess\u00e4 (Dal Segno al Coda. Senza rep. = palaa edelt\u00e4v\u00e4\u00e4n segno -merkkiin ja etene ilman kertauksia) \n\n\n\n\n\n\n\nFermaatti\n\n\n\n\n\n\n\neli \u00e4\u00e4nen pid\u00e4tys. Fermaatissa \u00e4\u00e4ni pidenet\u00e4\u00e4n nuotin aika-arvoa pidemm\u00e4ksi ajaksi. Pident\u00e4misen mitta riippu muusta kappaleen soivasta ymp\u00e4rist\u00f6st\u00e4 ja on osa soittajan tai kapelimestarin tulkintaa.\n\n\n\n\n\n\n\nAccelerando \/ ritardando\n\n\n\nAccelerando (accel.) = kiihdytt\u00e4en Ritardando ( rit.)  = hidastaen\n\n\n\nMerkint\u00f6j\u00e4 k\u00e4ytet\u00e4\u00e4n yleisesti esim. modulaatiossa (s\u00e4vellajin muutos) tai vastaavassa yhteydess\u00e4,  jossa halutaan korostaa muutoksen vaikutusta kappaleen tunnelmaan.\n\n\n\n\n\n\n\nDynamiikkamerkinn\u00e4t\n\n\n\nMusiikissa dynamiikalla tarkoitetaan \u00e4\u00e4nenvoimakkuuden vaihtelua.\n\n\n\n\n\n\n\nCresendo (cres..) = voimistuen, merkit\u00e4\u00e4n yleisesti kahdella avautuvalla viivallaDiminuendo (dim..) = hiljentyen, merkit\u00e4\u00e4n yleisesti kahdella sulkeutuvalla viivalla\n\n\n\n\n\n\n\nKatso my\u00f6s:<\/span><span style=\"margin-left:3px; max-height:2.8em\" class=\"line_limit\"> [...]<\/span><\/span><span class=\"custom_fields\">\n<!-- WPLP Unknown field: Custom_Fields -->\n<\/span><\/div><\/div><\/div><\/div><div class=\"swiper-slide\" style=\"\"><div class=\"insideframe\"><div id=\"wplp_box_top_2028_1150\" class=\"wpcu-front-box top equalHeightImg\" ><div class=\"wplp-box-item\"><a href=\"https:\/\/popjazz.fi\/PJKits\/basso\/basso-oppimistavoitevideot\/nuotinluku\/maalit-ja-kertaukset-segno-coda-intro-valike\/\"  class=\"thumbnail\"><span class=\"img_cropper\" style=\"width:150px;height:150px;margin-right:4px;margin-bottom:4px;max-width:100%;\"><img decoding=\"async\" src=\"https:\/\/popjazz.fi\/PJKits\/basso\/wp-content\/uploads\/sites\/4\/2020\/02\/bs_ic_material_product_icon_192pxxxhdpi-150x150.png\" style=\"position: absolute;top: 50%;margin-top: -75px;aspect-ratio:4\/3;\" srcset=\"\" alt=\"maalit ja kertaukset, segno, coda, intro, v\u00e4like\" class=\"wplp_thumb\" \/><\/span><\/a><a href=\"https:\/\/popjazz.fi\/PJKits\/basso\/basso-oppimistavoitevideot\/nuotinluku\/maalit-ja-kertaukset-segno-coda-intro-valike\/\"  class=\"title\">maalit ja kertaukset, segno, coda, intro, v\u00e4like<\/a><\/div><\/div><div id=\"wplp_box_left_2028_1150\" class=\"wpcu-front-box left wpcu-custom-position\" ><div class=\"wplp-box-item\"><\/div><\/div><div id=\"wplp_box_right_2028_1150\" class=\"wpcu-front-box right wpcu-custom-position\" ><div class=\"wplp-box-item\"><\/div><\/div><div id=\"wplp_box_bottom_2028_1150\" class=\"wpcu-front-box bottom \" ><div class=\"wplp-box-item\"><span class=\"date\">21.1.2020<\/span><span class=\"text\"><span style=\"max-height:2.8em\" class=\"line_limit\">Perinteisten nuottien, sointumerkkien ja rakenteen lis\u00e4ksi kirjoitetut nuotit sis\u00e4lt\u00e4v\u00e4t my\u00f6s muota esitysmerkkej\u00e4 joilla s\u00e4velt\u00e4j\u00e4 ja\/tai sovittaja ovat ilmaiseet kuinka haluavat kappaleen esitett\u00e4v\u00e4t. \n\n\n\nMaalit ja kertaukset\n\n\n\n\n\n\n\nKertausmerkit  ilmoittavat kerrattavan tahtim\u00e4\u00e4r\u00e4n.Maalit ilmoittavat kertauksessa mit\u00e4 kertauksen eri kerroilla soitetaan. Ensimm\u00e4isell\u00e4 kerralla 1. maaliin, kertauksen j\u00e4lkeen 2. maaliin, joka korvaa ensimm\u00e4isen maalin.\n\n\n\n\n\n\n\nSegno\n\n\n\n\n\n\n\nDal segno: &#8211;merkki on my\u00f6s er\u00e4\u00e4nlainen kertausmerkki, jossa j\u00e4lkimm\u00e4isest\u00e4 segnosta hyp\u00e4t\u00e4\u00e4n ensimm\u00e4iseen.  Segnoja voi olla kappaleessa useita jolloin niiden j\u00e4rjestys ilmoitetaan numerolla segno -merkin yhteydess\u00e4. Jos segnojen j\u00e4rjestyst\u00e4 ja\/tai lukum\u00e4\u00e4r\u00e4\u00e4 ei ole ilmoitettu segnon yhteydess\u00e4 segno soitetaan j\u00e4lkimm\u00e4isest\u00e4 ensimm\u00e4iseen ja toisetetaan vain yhden kerran.\n\n\n\nDal segnosta on kaksi yleist\u00e4 variaatiota:\n\n\n\nDal segno al fine (D.S. al fine) = toistetaan segno-merkist\u00e4\u00a0fine-merkkiin astiDal segno al coda (D.S. al Coda) = toistetaan segno-merkist\u00e4 \u201dpomppa\u201d-merkkiin asti, josta siirryt\u00e4\u00e4n\u00a0koodaan\u00a0eli loppusoittoon.\n\n\n\n\n\n\n\nCoda\n\n\n\n \n\n\n\nCoda: on yleisesti lopuke\/loppusoitto, jonne kappale ohjautuu aivan lopuksi. Coda voi kuitenkin joissakin tapauksissa olla segnon kaltainen rakenteen merkitsemistapa jossa siirryt\u00e4\u00e4n paikasta a paikkaa b. T\u00e4ll\u00f6in kuten segnoja, my\u00f6s coda -merkkej\u00e4 voi olla kappaleessa useita ja niiden j\u00e4rjestys ilmoitetaan numerolla coda -merkin yhteydess\u00e4. \n\n\n\nLukemisj\u00e4rjestyksess\u00e4 segnot tulevat ensin ja codat viimeisen\u00e4.\n\n\n\n\n\n\n\nIntro\n\n\n\n\n\n\n\nIntro on kappaleen aloitus\/alkusoitto. Introon voidaan my\u00f6s palata kappaleen aikana jolloin yleisin merkint\u00e4tapa on D.C. (Da Capo, suomeksi alusta). \n\n\n\n\n\n\n\nV\u00e4like (v\u00e4liosa)\n\n\n\n\n\n\n\nV\u00e4like: on tyypillisesti merkitty kirjaimella (C -osa tms) tai Bridge -sanalla. V\u00e4like poikkeaa s\u00e4keist\u00f6st\u00e4 ja kertos\u00e4keest\u00e4.\n\n\n\n\n\n\n\nKatso my\u00f6s:<\/span><span style=\"margin-left:3px; max-height:2.8em\" class=\"line_limit\"> [...]<\/span><\/span><span class=\"custom_fields\">\n<!-- WPLP Unknown field: Custom_Fields -->\n<\/span><\/div><\/div><\/div><\/div><div class=\"swiper-slide\" style=\"\"><div class=\"insideframe\"><div id=\"wplp_box_top_2028_1144\" class=\"wpcu-front-box top equalHeightImg\" ><div class=\"wplp-box-item\"><a href=\"https:\/\/popjazz.fi\/PJKits\/basso\/basso-oppimistavoitevideot\/nuotinluku\/savellajietumerkit\/\"  class=\"thumbnail\"><span class=\"img_cropper\" style=\"width:150px;height:150px;margin-right:4px;margin-bottom:4px;max-width:100%;\"><img decoding=\"async\" src=\"https:\/\/popjazz.fi\/PJKits\/basso\/wp-content\/uploads\/sites\/4\/2020\/02\/bs_ic_material_product_icon_192pxxxhdpi-150x150.png\" style=\"position: absolute;top: 50%;margin-top: -75px;aspect-ratio:4\/3;\" srcset=\"\" alt=\"S\u00e4vellajietumerkit\" class=\"wplp_thumb\" \/><\/span><\/a><a href=\"https:\/\/popjazz.fi\/PJKits\/basso\/basso-oppimistavoitevideot\/nuotinluku\/savellajietumerkit\/\"  class=\"title\">S\u00e4vellajietumerkit<\/a><\/div><\/div><div id=\"wplp_box_left_2028_1144\" class=\"wpcu-front-box left wpcu-custom-position\" ><div class=\"wplp-box-item\"><\/div><\/div><div id=\"wplp_box_right_2028_1144\" class=\"wpcu-front-box right wpcu-custom-position\" ><div class=\"wplp-box-item\"><\/div><\/div><div id=\"wplp_box_bottom_2028_1144\" class=\"wpcu-front-box bottom \" ><div class=\"wplp-box-item\"><span class=\"date\">21.1.2020<\/span><span class=\"text\"><span style=\"max-height:2.8em\" class=\"line_limit\">Etumerkit m\u00e4\u00e4rittelev\u00e4t kappaleen s\u00e4vellajin sek\u00e4 yksitt\u00e4isen s\u00e4velen s\u00e4velkorkeuden.\n\n\n\nKoko kappaleen s\u00e4vellajin m\u00e4\u00e4rittelev\u00e4t kiinte\u00e4t etumerkit kirjoitetaan kappaleen alkuun heti nuottiavaimen j\u00e4lkeen ja ne voivat olla n\u00e4kyvill\u00e4 samalla tavoin my\u00f6s jokaisen nuottirivin alussa. N\u00e4ist\u00e4 kiinteist\u00e4 etumerkeist\u00e4 k\u00e4ytet\u00e4\u00e4n yleisesti nimityst\u00e4\u00a0s\u00e4vellajietumerkki.\n\n\n\nKiinteill\u00e4 etumerkeill\u00e4 saadaan k\u00e4ytett\u00e4v\u00e4t \u00e4\u00e4net soimaan &#8221;automaattisesti&#8221; halutussa s\u00e4velajissa ilman, ett\u00e4 niit\u00e4 t\u00e4ytyy jokaisen tahdin kohdalla erikseen ylent\u00e4\u00e4 tai tai alentaa. Ts. Jos A- duurin etumerkit (kolme kiinte\u00e4\u00e4 ylennysmerkki\u00e4) omavalle nuottiviivastolle kirjoittaa A- duuri asteikon, \u00e4\u00e4net soivat A- duurissa ilman erillisi\u00e4 tilap\u00e4isi\u00e4 etumerkkej\u00e4. \n\n\n\nRinnakkaiss\u00e4vellajeiksi&nbsp;sanotaan&nbsp;musiikissa&nbsp;duuri- ja&nbsp;mollis\u00e4vellajeja, joilla on sama&nbsp;etumerkint\u00e4&nbsp;ja joissa esiintyv\u00e4t samat s\u00e4velet (kun molliasteikkona k\u00e4ytet\u00e4\u00e4n ns. luonnollista mollia, jossa asteikon seitsem\u00e4tt\u00e4 s\u00e4velt\u00e4 ei ole korotettu). Duurin rinnakkaiss\u00e4vellaji on molli, jonka&nbsp;peruss\u00e4velen\u00e4&nbsp;on duuriasteikon kuudes s\u00e4vel, ja mollin rinnakkaiss\u00e4vellaji on duuri, jonka peruss\u00e4velen\u00e4 on molliasteikon kolmas s\u00e4vel. Esimerkiksi G-duuri ja e-molli ovat toistensa rinnakkaiss\u00e4vellajeja, samoin C-duuri ja a-molli\n\n\n\nYlennysmerkiset s\u00e4vellajit (duuri \/ rinnakkaismolli)\n\n\n\n\n\n\n\nAlennusmerkkiset s\u00e4vellajit  (duuri \/ rinnakkaismolli)\n\n\n\n\n\n\n\nHuomaa, ett\u00e4 7 ylennyst\u00e4 ja alennusta omaavat s\u00e4vellajit ovat k\u00e4yt\u00e4nn\u00f6ss\u00e4  sama s\u00e4vellaji\n\n\n\nKiinte\u00e4t etumerkit ovat yleens\u00e4 voimassa koko s\u00e4vellyksen ajan ja koskevat kaikkia saman nimisi\u00e4 s\u00e4veli\u00e4 kaikissa\u00a0oktaavialoissa, ellei niiden vaikutusta kumota tilap\u00e4isell\u00e4 etumerkill\u00e4, esimerkiksi palautusmerkill\u00e4, tai kappaleen p\u00e4\u00e4s\u00e4vellaji muutu (moduloi) kappaleen aikana. Modulaatio ilmoitetaan  nuotissa selke\u00e4sti uusilla kiinteill\u00e4 etumerkeill\u00e4 ja uusi p\u00e4\u00e4s\u00e4vellaji korvaa vanhan s\u00e4vellajin s\u00e4\u00e4nn\u00f6t kaikilta osin. \n\n\n\n\n\n\n\nKatso my\u00f6s:<\/span><span style=\"margin-left:3px; max-height:2.8em\" class=\"line_limit\"> [...]<\/span><\/span><span class=\"custom_fields\">\n<!-- WPLP Unknown field: Custom_Fields -->\n<\/span><\/div><\/div><\/div><\/div><div class=\"swiper-slide\" style=\"\"><div class=\"insideframe\"><div id=\"wplp_box_top_2028_81\" class=\"wpcu-front-box top equalHeightImg\" ><div class=\"wplp-box-item\"><a href=\"https:\/\/popjazz.fi\/PJKits\/basso\/basso-oppimistavoitevideot\/nuotinluku\/tahdin-perussykkeen-hahmottaminen-nuottikuvasta\/\"  class=\"thumbnail\"><span class=\"img_cropper\" style=\"width:150px;height:150px;margin-right:4px;margin-bottom:4px;max-width:100%;\"><img decoding=\"async\" src=\"https:\/\/popjazz.fi\/PJKits\/basso\/wp-content\/uploads\/sites\/4\/2020\/02\/bs_ic_material_product_icon_192pxxxhdpi-150x150.png\" style=\"position: absolute;top: 50%;margin-top: -75px;aspect-ratio:4\/3;\" srcset=\"\" alt=\"Tahdin perussykkeen hahmottaminen nuottikuvasta\" class=\"wplp_thumb\" \/><\/span><\/a><a href=\"https:\/\/popjazz.fi\/PJKits\/basso\/basso-oppimistavoitevideot\/nuotinluku\/tahdin-perussykkeen-hahmottaminen-nuottikuvasta\/\"  class=\"title\">Tahdin perussykkeen hahmottaminen nuottikuvasta<\/a><\/div><\/div><div id=\"wplp_box_left_2028_81\" class=\"wpcu-front-box left wpcu-custom-position\" ><div class=\"wplp-box-item\"><\/div><\/div><div id=\"wplp_box_right_2028_81\" class=\"wpcu-front-box right wpcu-custom-position\" ><div class=\"wplp-box-item\"><\/div><\/div><div id=\"wplp_box_bottom_2028_81\" class=\"wpcu-front-box bottom \" ><div class=\"wplp-box-item\"><span class=\"date\">22.9.2019<\/span><span class=\"text\"><span style=\"max-height:2.8em\" class=\"line_limit\">Tahdin perussykkeen hahmottaminen tarkoittaa tahtilajimerkinn\u00e4n ja kappaleen yleiseen sykkeeseen liittyvien asioiden, kuten tempomerkint\u00e4\u00e4n liittyvien merkint\u00f6jen hahmottamiseen nuottikuvasta.\n\n\n\n\n\n\n\n\n\n\n\nKatso my\u00f6s:<\/span><span style=\"margin-left:3px; max-height:2.8em\" class=\"line_limit\"> [...]<\/span><\/span><span class=\"custom_fields\">\n<!-- WPLP Unknown field: Custom_Fields -->\n<\/span><\/div><\/div><\/div><\/div><\/div><div class=\"swiper-button-next\"><\/div><div class=\"swiper-button-prev\"><\/div><div class=\"swiper-pagination\"><\/div><\/div><\/div>\n","protected":false},"excerpt":{"rendered":"<p>Yksinkertainen s\u00e4estysnuotti, eli ns. komppilappu, sis\u00e4lt\u00e4\u00e4 tarvittavan informaation kappaleen soittamiseen alusta loppuun, mutta j\u00e4tt\u00e4\u00e4 yksityiskohdat soittajan itsens\u00e4 harkittavaksi tai opeteltavaksi erikseen. Komppilapusta tulee kuitenkin k\u00e4yd\u00e4 ilmi v\u00e4hint\u00e4\u00e4n kappaleen rakenne ja sointumerkit. Esimerkki yksinkertaisesta s\u00e4estysnuotista Katso my\u00f6s:<\/p>\n","protected":false},"author":1,"featured_media":1282,"parent":79,"menu_order":4,"comment_status":"closed","ping_status":"closed","template":"","meta":{"footnotes":""},"tags":[],"class_list":["post-87","page","type-page","status-publish","has-post-thumbnail","hentry"],"_links":{"self":[{"href":"https:\/\/popjazz.fi\/PJKits\/basso\/wp-json\/wp\/v2\/pages\/87","targetHints":{"allow":["GET"]}}],"collection":[{"href":"https:\/\/popjazz.fi\/PJKits\/basso\/wp-json\/wp\/v2\/pages"}],"about":[{"href":"https:\/\/popjazz.fi\/PJKits\/basso\/wp-json\/wp\/v2\/types\/page"}],"author":[{"embeddable":true,"href":"https:\/\/popjazz.fi\/PJKits\/basso\/wp-json\/wp\/v2\/users\/1"}],"replies":[{"embeddable":true,"href":"https:\/\/popjazz.fi\/PJKits\/basso\/wp-json\/wp\/v2\/comments?post=87"}],"version-history":[{"count":7,"href":"https:\/\/popjazz.fi\/PJKits\/basso\/wp-json\/wp\/v2\/pages\/87\/revisions"}],"predecessor-version":[{"id":3155,"href":"https:\/\/popjazz.fi\/PJKits\/basso\/wp-json\/wp\/v2\/pages\/87\/revisions\/3155"}],"up":[{"embeddable":true,"href":"https:\/\/popjazz.fi\/PJKits\/basso\/wp-json\/wp\/v2\/pages\/79"}],"wp:featuredmedia":[{"embeddable":true,"href":"https:\/\/popjazz.fi\/PJKits\/basso\/wp-json\/wp\/v2\/media\/1282"}],"wp:attachment":[{"href":"https:\/\/popjazz.fi\/PJKits\/basso\/wp-json\/wp\/v2\/media?parent=87"}],"wp:term":[{"taxonomy":"post_tag","embeddable":true,"href":"https:\/\/popjazz.fi\/PJKits\/basso\/wp-json\/wp\/v2\/tags?post=87"}],"curies":[{"name":"wp","href":"https:\/\/api.w.org\/{rel}","templated":true}]}}