{"id":89,"date":"2019-09-22T08:34:17","date_gmt":"2019-09-22T05:34:17","guid":{"rendered":"https:\/\/popjazz.fi\/PJKits\/basso\/?page_id=89"},"modified":"2021-04-06T11:54:51","modified_gmt":"2021-04-06T08:54:51","slug":"koko-puoli-neljasosa-seka-kahdeksasosanuotein-c-duuriasteikon-1-5-savelet","status":"publish","type":"page","link":"https:\/\/popjazz.fi\/PJKits\/basso\/basso-oppimistavoitevideot\/nuotinluku\/koko-puoli-neljasosa-seka-kahdeksasosanuotein-c-duuriasteikon-1-5-savelet\/","title":{"rendered":"Koko-, puoli-, nelj\u00e4sosa- sek\u00e4 kahdeksasosanuotein C-duuriasteikon 1-5 s\u00e4velet"},"content":{"rendered":"\n<p>Nuottien \u00e4\u00e4net ovat helppoja hahmottaa &#8221;aakkosina&#8221; A:sta G:hen, eli a,b,c,d,e,f ja g. Per\u00e4kk\u00e4in matalimmasta korkeimpaan \u00e4\u00e4neen soitettuna ne muodostovat samalla A -luonnollisen molliasteikon.<\/p>\n\n\n\n<p><strong>C -duuriasteikon viisi ensimm\u00e4ist\u00e4 s\u00e4velt\u00e4 ovat<\/strong> &#8221;aakkoset&#8221; C:st\u00e4 G:hen, eli  c, d, e, f ja g ja ne  l\u00f6ytyv\u00e4t per\u00e4kk\u00e4in f -avaimelle kirjoitetun nuottiviivaston toisesta toiseksi alimmalta v\u00e4lilt\u00e4 yl\u00f6sp\u00e4in<\/p>\n\n\n\n<p><strong>Nuotien pituuksia ilmaistaan aika-arvoina.<\/strong><\/p>\n\n\n\n<p>Kokonuotti tai -tauko kest\u00e4\u00e4 nelj\u00e4 iskua. Tahtilajin ollessa 4\/4 yhteen tahtiin mahtuu yksi kokonuotti tai &#8211; tauko<\/p>\n\n\n\n<p>Puolinuotti tai -tauko kest\u00e4\u00e4 kaksi iskua. Tahtilajin ollessa 4\/4 yhteen tahtiin mahtuu kaksi puolinuottia tai &#8211; taukoa<\/p>\n\n\n\n<p>Nelj\u00e4sosanuotti tai -tauko kest\u00e4\u00e4 yhden iskun. Tahtilajin ollessa 4\/4 yhteen tahtiin mahtuu nelj\u00e4 kappaletta nelj\u00e4sosanuotteja tai -taukoja.<\/p>\n\n\n\n<p>Kahdeksasosanuotin tai -tauon kesto on puolet nelj\u00e4sosasta. Tahtilajin ollessa 4\/4 tahtiin mahtuu kahdeksan kappaletta kahdeksasosanuotteja tai -taukoja.<\/p>\n\n\n\n<figure class=\"wp-block-image size-large\"><img loading=\"lazy\" decoding=\"async\" width=\"1024\" height=\"521\" src=\"https:\/\/popjazz.fi\/PJKits\/basso\/wp-content\/uploads\/sites\/4\/2021\/04\/c-duurin-1-5-savelet-1024x521.png\" alt=\"\" class=\"wp-image-3158\" srcset=\"https:\/\/popjazz.fi\/PJKits\/basso\/wp-content\/uploads\/sites\/4\/2021\/04\/c-duurin-1-5-savelet-1024x521.png 1024w, https:\/\/popjazz.fi\/PJKits\/basso\/wp-content\/uploads\/sites\/4\/2021\/04\/c-duurin-1-5-savelet-300x153.png 300w, https:\/\/popjazz.fi\/PJKits\/basso\/wp-content\/uploads\/sites\/4\/2021\/04\/c-duurin-1-5-savelet-150x76.png 150w, https:\/\/popjazz.fi\/PJKits\/basso\/wp-content\/uploads\/sites\/4\/2021\/04\/c-duurin-1-5-savelet-768x391.png 768w, https:\/\/popjazz.fi\/PJKits\/basso\/wp-content\/uploads\/sites\/4\/2021\/04\/c-duurin-1-5-savelet-1536x782.png 1536w, https:\/\/popjazz.fi\/PJKits\/basso\/wp-content\/uploads\/sites\/4\/2021\/04\/c-duurin-1-5-savelet-2048x1043.png 2048w, https:\/\/popjazz.fi\/PJKits\/basso\/wp-content\/uploads\/sites\/4\/2021\/04\/c-duurin-1-5-savelet-1200x611.png 1200w\" sizes=\"auto, (max-width: 709px) 85vw, (max-width: 909px) 67vw, (max-width: 1362px) 62vw, 840px\" \/><\/figure>\n\n\n\n<hr class=\"wp-block-separator\"\/>\n\n\n\n<p>\u00c4\u00e4nien ja rytmien harjoittelun aloittaminen c- duuriasteikon \u00e4\u00e4nill\u00e4 1-5 auttaa keskittym\u00e4\u00e4n rytmin hallintaan ja n\u00e4pp\u00e4\u00e4v\u00e4n k\u00e4den motoriikkaan.<\/p>\n\n\n\n<hr class=\"wp-block-separator\"\/>\n\n\n\n<p class=\"has-medium-font-size\">Katso my\u00f6s:<\/p>\n\n\n<style><\/style><div class=\"wplp_outside wplp_widget_2032\" style=\"max-width:100%;\"><span class=\"wpcu_block_title\">Koko-, puoli-, nelj\u00e4sosa- sek\u00e4 kahdeksasosanuotein C-duuriasteikon 1-5 s\u00e4velet<\/span><div id=\"wplp_widget_2032\" class=\"wplp_widget_default wplp_container vertical swiper wplp-swiper default cols3\" data-theme=\"default\" data-post=\"2032\" style=\"\" data-max-elts=\"6\" data-per-page=\"10\"><div class=\"wplp_listposts swiper-wrapper\" id=\"default_2032\" style=\"width: 100%;\" ><div class=\"swiper-slide\" style=\"\"><div class=\"insideframe\"><div id=\"wplp_box_top_2032_341\" class=\"wpcu-front-box top equalHeightImg\" ><div class=\"wplp-box-item\"><a href=\"https:\/\/popjazz.fi\/PJKits\/basso\/basso-oppimistavoitevideot\/harmonia\/jooninen\/\"  class=\"thumbnail\"><span class=\"img_cropper\" style=\"width:150px;height:150px;margin-right:4px;margin-bottom:4px;max-width:100%;\"><img decoding=\"async\" src=\"https:\/\/popjazz.fi\/PJKits\/basso\/wp-content\/uploads\/sites\/4\/2020\/02\/bs_ic_material_product_icon_192pxxxhdpi-150x150.png\" style=\"position: absolute;top: 50%;margin-top: -75px;aspect-ratio:4\/3;\" srcset=\"\" alt=\"Jooninen\" class=\"wplp_thumb\" \/><\/span><\/a><a href=\"https:\/\/popjazz.fi\/PJKits\/basso\/basso-oppimistavoitevideot\/harmonia\/jooninen\/\"  class=\"title\">Jooninen<\/a><\/div><\/div><div id=\"wplp_box_left_2032_341\" class=\"wpcu-front-box left wpcu-custom-position\" ><div class=\"wplp-box-item\"><\/div><\/div><div id=\"wplp_box_right_2032_341\" class=\"wpcu-front-box right wpcu-custom-position\" ><div class=\"wplp-box-item\"><\/div><\/div><div id=\"wplp_box_bottom_2032_341\" class=\"wpcu-front-box bottom \" ><div class=\"wplp-box-item\"><span class=\"date\">5.10.2019<\/span><span class=\"text\"><span style=\"max-height:2.8em\" class=\"line_limit\">Moodit, eli kirkkos\u00e4vellajit ovat duuriasteikon eri s\u00e4velilt\u00e4 alkavia itsen\u00e4isi\u00e4 seitsens\u00e4velisi\u00e4 asteikkoja. Ensimm\u00e4iselt\u00e4 s\u00e4velelt\u00e4 alkava moodi on nimelt\u00e4\u00e4n jooninen, eli duuriasteikko. \n\n\n\nJoonisen asteikon s\u00e4velet ovat 1, 2, 3, 4, 5, 6 ja 7. Jooniselle ominainen sointu on duuri maij seiska, esimerkiksi Cmaj7.\n\n\n\n\n\n\n\nVideo\n\n\n\n\n\n\n\n\n\n\n\n\n\nKatso my\u00f6s:<\/span><span style=\"margin-left:3px; max-height:2.8em\" class=\"line_limit\"> [...]<\/span><\/span><span class=\"custom_fields\">\n<!-- WPLP Unknown field: Custom_Fields -->\n<\/span><\/div><\/div><\/div><\/div><div class=\"swiper-slide\" style=\"\"><div class=\"insideframe\"><div id=\"wplp_box_top_2032_1146\" class=\"wpcu-front-box top equalHeightImg\" ><div class=\"wplp-box-item\"><a href=\"https:\/\/popjazz.fi\/PJKits\/basso\/basso-oppimistavoitevideot\/nuotinluku\/nuotit-ja-tauot-kaikilla-aika-arvoilla-c-duuri-ja-a-molliasteikon-savelilla-1-oktaavi\/\"  class=\"thumbnail\"><span class=\"img_cropper\" style=\"width:150px;height:150px;margin-right:4px;margin-bottom:4px;max-width:100%;\"><img decoding=\"async\" src=\"https:\/\/popjazz.fi\/PJKits\/basso\/wp-content\/uploads\/sites\/4\/2020\/02\/bs_ic_material_product_icon_192pxxxhdpi-150x150.png\" style=\"position: absolute;top: 50%;margin-top: -75px;aspect-ratio:4\/3;\" srcset=\"\" alt=\"Nuotit ja tauot kaikilla aika-arvoilla, C-duuri- ja A-molliasteikon s\u00e4velill\u00e4 (1 oktaavi)\" class=\"wplp_thumb\" \/><\/span><\/a><a href=\"https:\/\/popjazz.fi\/PJKits\/basso\/basso-oppimistavoitevideot\/nuotinluku\/nuotit-ja-tauot-kaikilla-aika-arvoilla-c-duuri-ja-a-molliasteikon-savelilla-1-oktaavi\/\"  class=\"title\">Nuotit ja tauot kaikilla aika-arvoilla, C-duuri- ja A-molliasteikon s\u00e4velill\u00e4 (1 oktaavi)<\/a><\/div><\/div><div id=\"wplp_box_left_2032_1146\" class=\"wpcu-front-box left wpcu-custom-position\" ><div class=\"wplp-box-item\"><\/div><\/div><div id=\"wplp_box_right_2032_1146\" class=\"wpcu-front-box right wpcu-custom-position\" ><div class=\"wplp-box-item\"><\/div><\/div><div id=\"wplp_box_bottom_2032_1146\" class=\"wpcu-front-box bottom \" ><div class=\"wplp-box-item\"><span class=\"date\">21.1.2020<\/span><span class=\"text\"><span style=\"max-height:2.8em\" class=\"line_limit\">Tonaalisessa musiikissa duuri &#8211; ja molliasteiko muodostuu 7 s\u00e4velest\u00e4, jotka ovat ovat helppoja hahmottaa &#8221;aakkosina&#8221; A:sta G:hen, eli a,b,c,d,e,f ja g. \n\n\n\nC -duuriasteikon s\u00e4velet ovat per\u00e4kk\u00e4ikkain matalimmasta korkeimpaan soitetut &#8221;aakkoset&#8221; C:st\u00e4 G:hen ja j\u00e4lleen A:st\u00e4 C:hen, eli  c, d, e, f, g, a ja b. Astekon \u00e4\u00e4net  l\u00f6ytyv\u00e4t per\u00e4kk\u00e4in f -avaimelle kirjoitetun nuottiviivaston toisesta toiseksi alimmalta v\u00e4lilt\u00e4 yl\u00f6sp\u00e4in..\n\n\n\nA- molliasteikon s\u00e4velet ovat per\u00e4kk\u00e4in matalimmasta korkeimpaan soitetu &#8221;aakkoset&#8221; A:st\u00e4 G:hen, eli a, b, c, e, f ja g. Asteikon \u00e4\u00e4net l\u00f6ytyvt\u00e4 per\u00e4kk\u00e4in f -avaimelle kirjoitetun nuottiviivaston alimmasta v\u00e4list\u00e4 yl\u00f6sp\u00e4in\n\n\n\nNuotien pituuksia ilmaistaan aika-arvoina.\n\n\n\nKokonuotti tai -tauko kest\u00e4\u00e4 nelj\u00e4 iskua. Tahtilajin ollessa 4\/4 yhteen tahtiin mahtuu yksi kokonuotti tai &#8211; tauko\n\n\n\nPuolinuotti tai -tauko kest\u00e4\u00e4 kaksi iskua. Tahtilajin ollessa 4\/4 yhteen tahtiin mahtuu kaksi puolinuottia ja\/tai &#8211; taukoa\n\n\n\nNelj\u00e4sosanuotti tai -tauko kest\u00e4\u00e4 yhden iskun. Tahtilajin ollessa 4\/4 yhteen tahtiin mahtuu nelj\u00e4 kappaletta nelj\u00e4sosanuotteja ja\/tai -taukoja.\n\n\n\nKahdeksasosanuotin tai -tauon kesto on puolet nelj\u00e4sosasta. Tahtilajin ollessa 4\/4 tahtiin mahtuu kahdeksan kappaletta kahdeksasosanuotteja ja\/tai -taukoja.\n\n\n\n\n\n\n\n\n\n\n\n\u00c4\u00e4nien, rytmien ja taukojen harjoittelun aloittaminen ilman etumerkkej\u00e4 yhden oktaavin alueella keskittym\u00e4\u00e4n rytmin hallintaan ja n\u00e4pp\u00e4\u00e4v\u00e4n k\u00e4den motoriikkaan.\n\n\n\n\n\n\n\nKatso my\u00f6s:<\/span><span style=\"margin-left:3px; max-height:2.8em\" class=\"line_limit\"> [...]<\/span><\/span><span class=\"custom_fields\">\n<!-- WPLP Unknown field: Custom_Fields -->\n<\/span><\/div><\/div><\/div><\/div><div class=\"swiper-slide\" style=\"\"><div class=\"insideframe\"><div id=\"wplp_box_top_2032_871\" class=\"wpcu-front-box top equalHeightImg\" ><div class=\"wplp-box-item\"><a href=\"https:\/\/popjazz.fi\/PJKits\/basso\/basso-oppimistavoitevideot\/harmonia\/a-luonnollinen-molli-i-asemasta\/\"  class=\"thumbnail\"><span class=\"img_cropper\" style=\"width:150px;height:150px;margin-right:4px;margin-bottom:4px;max-width:100%;\"><img decoding=\"async\" src=\"https:\/\/popjazz.fi\/PJKits\/basso\/wp-content\/uploads\/sites\/4\/2020\/02\/bs_ic_material_product_icon_192pxxxhdpi-150x150.png\" style=\"position: absolute;top: 50%;margin-top: -75px;aspect-ratio:4\/3;\" srcset=\"\" alt=\"A-luonnollinen molli I-asemasta\" class=\"wplp_thumb\" \/><\/span><\/a><a href=\"https:\/\/popjazz.fi\/PJKits\/basso\/basso-oppimistavoitevideot\/harmonia\/a-luonnollinen-molli-i-asemasta\/\"  class=\"title\">A-luonnollinen molli I-asemasta<\/a><\/div><\/div><div id=\"wplp_box_left_2032_871\" class=\"wpcu-front-box left wpcu-custom-position\" ><div class=\"wplp-box-item\"><\/div><\/div><div id=\"wplp_box_right_2032_871\" class=\"wpcu-front-box right wpcu-custom-position\" ><div class=\"wplp-box-item\"><\/div><\/div><div id=\"wplp_box_bottom_2032_871\" class=\"wpcu-front-box bottom \" ><div class=\"wplp-box-item\"><span class=\"date\">20.1.2020<\/span><span class=\"text\"><span style=\"max-height:2.8em\" class=\"line_limit\">A- luonnollisen molliasteikon s\u00e4velet ovat A, B, C, D, E, F ja G\n\n\n\n\n\n\n\nI- asemasta soittaessa otelautak\u00e4den etusormi on 1. nauhavaliss\u00e4, keskisormi 2. nauhav\u00e4liss\u00e4 jne. N\u00e4in ollen osa asteikon \u00e4\u00e4nist\u00e4 tulee soitettavaksi vapailta kielilt\u00e4.\n\n\n\nVideo\n\n\n\n\n\nLuonnollinen A-molli\n\n\n\n\n\n\n\nKatso my\u00f6s:<\/span><span style=\"margin-left:3px; max-height:2.8em\" class=\"line_limit\"> [...]<\/span><\/span><span class=\"custom_fields\">\n<!-- WPLP Unknown field: Custom_Fields -->\n<\/span><\/div><\/div><\/div><\/div><div class=\"swiper-slide\" style=\"\"><div class=\"insideframe\"><div id=\"wplp_box_top_2032_53\" class=\"wpcu-front-box top equalHeightImg\" ><div class=\"wplp-box-item\"><a href=\"https:\/\/popjazz.fi\/PJKits\/basso\/basso-oppimistavoitevideot\/harmonia\/c-duuriasteikko-i-asemasta\/\"  class=\"thumbnail\"><span class=\"img_cropper\" style=\"width:150px;height:150px;margin-right:4px;margin-bottom:4px;max-width:100%;\"><img decoding=\"async\" src=\"https:\/\/popjazz.fi\/PJKits\/basso\/wp-content\/uploads\/sites\/4\/2020\/02\/bs_ic_material_product_icon_192pxxxhdpi-150x150.png\" style=\"position: absolute;top: 50%;margin-top: -75px;aspect-ratio:4\/3;\" srcset=\"\" alt=\"C-duuriasteikko I-asemasta\" class=\"wplp_thumb\" \/><\/span><\/a><a href=\"https:\/\/popjazz.fi\/PJKits\/basso\/basso-oppimistavoitevideot\/harmonia\/c-duuriasteikko-i-asemasta\/\"  class=\"title\">C-duuriasteikko I-asemasta<\/a><\/div><\/div><div id=\"wplp_box_left_2032_53\" class=\"wpcu-front-box left wpcu-custom-position\" ><div class=\"wplp-box-item\"><\/div><\/div><div id=\"wplp_box_right_2032_53\" class=\"wpcu-front-box right wpcu-custom-position\" ><div class=\"wplp-box-item\"><\/div><\/div><div id=\"wplp_box_bottom_2032_53\" class=\"wpcu-front-box bottom \" ><div class=\"wplp-box-item\"><span class=\"date\">22.9.2019<\/span><span class=\"text\"><span style=\"max-height:2.8em\" class=\"line_limit\">C-duuri asteikon s\u00e4velet ovat C, D, E, F, G, A ja B\n\n\n\n\n\n\n\nI- asemasta soittaessa otelautak\u00e4den etusormi on 1. nauhavaliss\u00e4, keskisormi 2. nauhav\u00e4liss\u00e4 jne. N\u00e4in ollen osa asteikon \u00e4\u00e4nist\u00e4 tulee soitettavaksi vapailta kielilt\u00e4.\n\n\n\nVideo\n\n\n\n\n\n\n\n\n\n\n\n\n\nKatso my\u00f6s:<\/span><span style=\"margin-left:3px; max-height:2.8em\" class=\"line_limit\"> [...]<\/span><\/span><span class=\"custom_fields\">\n<!-- WPLP Unknown field: Custom_Fields -->\n<\/span><\/div><\/div><\/div><\/div><div class=\"swiper-slide\" style=\"\"><div class=\"insideframe\"><div id=\"wplp_box_top_2032_83\" class=\"wpcu-front-box top equalHeightImg\" ><div class=\"wplp-box-item\"><a href=\"https:\/\/popjazz.fi\/PJKits\/basso\/basso-oppimistavoitevideot\/nuotinluku\/koko-ja-puolinuotteja-vapailla-kielilla\/\"  class=\"thumbnail\"><span class=\"img_cropper\" style=\"width:150px;height:150px;margin-right:4px;margin-bottom:4px;max-width:100%;\"><img decoding=\"async\" src=\"https:\/\/popjazz.fi\/PJKits\/basso\/wp-content\/uploads\/sites\/4\/2020\/02\/bs_ic_material_product_icon_192pxxxhdpi-150x150.png\" style=\"position: absolute;top: 50%;margin-top: -75px;aspect-ratio:4\/3;\" srcset=\"\" alt=\"Koko- ja puolinuotteja vapailla kielill\u00e4\" class=\"wplp_thumb\" \/><\/span><\/a><a href=\"https:\/\/popjazz.fi\/PJKits\/basso\/basso-oppimistavoitevideot\/nuotinluku\/koko-ja-puolinuotteja-vapailla-kielilla\/\"  class=\"title\">Koko- ja puolinuotteja vapailla kielill\u00e4<\/a><\/div><\/div><div id=\"wplp_box_left_2032_83\" class=\"wpcu-front-box left wpcu-custom-position\" ><div class=\"wplp-box-item\"><\/div><\/div><div id=\"wplp_box_right_2032_83\" class=\"wpcu-front-box right wpcu-custom-position\" ><div class=\"wplp-box-item\"><\/div><\/div><div id=\"wplp_box_bottom_2032_83\" class=\"wpcu-front-box bottom \" ><div class=\"wplp-box-item\"><span class=\"date\">22.9.2019<\/span><span class=\"text\"><span style=\"max-height:2.8em\" class=\"line_limit\">Tahti on jaettu tahtilajiosoituksen mukaiseen m\u00e4\u00e4r\u00e4\u00e4n iskuja, joille puolestaan on m\u00e4\u00e4ritelty tempo, eli nopeus. Esimerkiksi 4\/4 tempoon 100 tarkoittaa, ett\u00e4 yhteen tahtiin mahtuu 4 kappaletta nelj\u00e4sosanuotteja tempoon 100 (100 iskua per minutti)\n\n\n\nJokaiselle nuotille on olemassa my\u00f6s saman mittainen tauko, eli aika jolloin nuotin tilalla on saman mittainen hiljaisuus.\n\n\n\nKokonuottin ja tauon kesto on nelj\u00e4ko nelj\u00e4sosanuottia. Kokonuottissa soitetaan siis yksi \u00e4\u00e4ni, joka kest\u00e4\u00e4 yhteens\u00e4 nelj\u00e4 nelj\u00e4sosanuottia. Tahtilajin ollessa 4\/4 kokonuotin ja tauon kesto on yksi kokonainen tahti.\n\n\n\n\n\n\n\n\n\n\n\nPuolinuotin ja tauon kesto on kaksi nelj\u00e4sosanuottia. Puolinuotissa soitetaan siis yksi \u00e4\u00e4ni, joka kest\u00e4\u00e4 yhteens\u00e4 kaksi nelj\u00e4sosaiskua. Tahtilajin ollessa 4\/4 yhteen tahtiin mahtuu kaksi kappaletta puolinuotteja ja taukoja.\n\n\n\n\n\n\n\n\n\n\n\nNuotinluvun harjoittelun aloittaminen vapailla kielill\u00e4, E, A, D, G&nbsp; auttaa keskittym\u00e4\u00e4n rytmin, sek\u00e4 n\u00e4pp\u00e4\u00e4v\u00e4n k\u00e4den motoriikkaan.\n\n\n\n\n\n\n\nKatso my\u00f6s:<\/span><span style=\"margin-left:3px; max-height:2.8em\" class=\"line_limit\"> [...]<\/span><\/span><span class=\"custom_fields\">\n<!-- WPLP Unknown field: Custom_Fields -->\n<\/span><\/div><\/div><\/div><\/div><div class=\"swiper-slide\" style=\"\"><div class=\"insideframe\"><div id=\"wplp_box_top_2032_858\" class=\"wpcu-front-box top equalHeightImg\" ><div class=\"wplp-box-item\"><a href=\"https:\/\/popjazz.fi\/PJKits\/basso\/basso-oppimistavoitevideot\/harmonia\/a-b-c-d-e-f-g\/\"  class=\"thumbnail\"><span class=\"img_cropper\" style=\"width:150px;height:150px;margin-right:4px;margin-bottom:4px;max-width:100%;\"><img decoding=\"async\" src=\"https:\/\/popjazz.fi\/PJKits\/basso\/wp-content\/uploads\/sites\/4\/2020\/02\/bs_ic_material_product_icon_192pxxxhdpi-150x150.png\" style=\"position: absolute;top: 50%;margin-top: -75px;aspect-ratio:4\/3;\" srcset=\"\" alt=\"a, b, c, d, e, f, g\" class=\"wplp_thumb\" \/><\/span><\/a><a href=\"https:\/\/popjazz.fi\/PJKits\/basso\/basso-oppimistavoitevideot\/harmonia\/a-b-c-d-e-f-g\/\"  class=\"title\">a, b, c, d, e, f, g<\/a><\/div><\/div><div id=\"wplp_box_left_2032_858\" class=\"wpcu-front-box left wpcu-custom-position\" ><div class=\"wplp-box-item\"><\/div><\/div><div id=\"wplp_box_right_2032_858\" class=\"wpcu-front-box right wpcu-custom-position\" ><div class=\"wplp-box-item\"><\/div><\/div><div id=\"wplp_box_bottom_2032_858\" class=\"wpcu-front-box bottom \" ><div class=\"wplp-box-item\"><span class=\"date\">20.1.2020<\/span><span class=\"text\"><span style=\"max-height:2.8em\" class=\"line_limit\">Nuottiaakkoset ovat  musiikissa k\u00e4ytett\u00e4v\u00e4t aakkoset joilla kirjoitetaan musiikki \u00e4\u00e4net luettavaan muotoon. Jokaiselle nuotille on oma kirjaimensa, jotka ilmaisevat s\u00e4velkorkeuden. S\u00e4velkorkeudet voivat olla my\u00f6s ylennettyj\u00e4 tai alennettuja. Normaalivireisen basson kaulalla kaikki kaikki muut nuottiaakkoset l\u00f6ytyv\u00e4t vapailta kielilt\u00e4, paitsi B,C ja F\n\n\n\n\n\n\n\nAlennetut nuottiaakkosetAlennetun nuottiaakkosen per\u00e4\u00e4n lis\u00e4t\u00e4\u00e4n alennusmerkki b, esim Ab (alennettu A) tai Gb (alennettu G).  \n\n\n\nAlennettua nuottia voidaan kuvata my\u00f6s lis\u00e4\u00e4m\u00e4ll\u00e4 per\u00e4\u00e4n &#8221;es&#8221; tai pelkk\u00e4 &#8221;s&#8221;,  esim As (alennettu A) tai Ges (alennettu G). \n\n\n\nPoikkeuksen  B, joka alennettuna on Bb. B voi olla my\u00f6s monesti korvattu kirjaimella H alennetun H:n ollessa kuitenkin edelleen Bb. \n\n\n\n\n\n\n\nYlennetyt nuottiaaksetYlennetyn nuottiaakkosen per\u00e4\u00e4n lis\u00e4t\u00e4\u00e4n ylennysmerkki #, esim. A# (ylennetty A) tai G# ( ylennetty G). \n\n\n\nYlennetty\u00e4 nuottia voidaan kuvata my\u00f6s lis\u00e4\u00e4m\u00e4ss\u00e4 per\u00e4\u00e4n &#8221;is&#8221; esim. Cis (ylennetty C) tai Fis (ylennetty F)\n\n\n\n\n\n\n\nVideo\n\n\n\n\n\nNuottiaakkoset\n\n\n\n\n\n\n\nKatso my\u00f6s:<\/span><span style=\"margin-left:3px; max-height:2.8em\" class=\"line_limit\"> [...]<\/span><\/span><span class=\"custom_fields\">\n<!-- WPLP Unknown field: Custom_Fields -->\n<\/span><\/div><\/div><\/div><\/div><\/div><div class=\"swiper-button-next\"><\/div><div class=\"swiper-button-prev\"><\/div><div class=\"swiper-pagination\"><\/div><\/div><\/div>\n","protected":false},"excerpt":{"rendered":"<p>Nuottien \u00e4\u00e4net ovat helppoja hahmottaa &#8221;aakkosina&#8221; A:sta G:hen, eli a,b,c,d,e,f ja g. Per\u00e4kk\u00e4in matalimmasta korkeimpaan \u00e4\u00e4neen soitettuna ne muodostovat samalla A -luonnollisen molliasteikon. C -duuriasteikon viisi ensimm\u00e4ist\u00e4 s\u00e4velt\u00e4 ovat &#8221;aakkoset&#8221; C:st\u00e4 G:hen, eli c, d, e, f ja g ja ne l\u00f6ytyv\u00e4t per\u00e4kk\u00e4in f -avaimelle kirjoitetun nuottiviivaston toisesta toiseksi alimmalta v\u00e4lilt\u00e4 yl\u00f6sp\u00e4in Nuotien pituuksia ilmaistaan &hellip; <a href=\"https:\/\/popjazz.fi\/PJKits\/basso\/basso-oppimistavoitevideot\/harmonia\/a-b-c-d-e-f-g\/\" class=\"more-link\">Jatka lukemista<span class=\"screen-reader-text\"> &#8221;a, b, c, d, e, f, g&#8221;<\/span><\/a><\/p>\n","protected":false},"author":1,"featured_media":1282,"parent":79,"menu_order":5,"comment_status":"closed","ping_status":"closed","template":"","meta":{"footnotes":""},"tags":[],"class_list":["post-89","page","type-page","status-publish","has-post-thumbnail","hentry"],"_links":{"self":[{"href":"https:\/\/popjazz.fi\/PJKits\/basso\/wp-json\/wp\/v2\/pages\/89","targetHints":{"allow":["GET"]}}],"collection":[{"href":"https:\/\/popjazz.fi\/PJKits\/basso\/wp-json\/wp\/v2\/pages"}],"about":[{"href":"https:\/\/popjazz.fi\/PJKits\/basso\/wp-json\/wp\/v2\/types\/page"}],"author":[{"embeddable":true,"href":"https:\/\/popjazz.fi\/PJKits\/basso\/wp-json\/wp\/v2\/users\/1"}],"replies":[{"embeddable":true,"href":"https:\/\/popjazz.fi\/PJKits\/basso\/wp-json\/wp\/v2\/comments?post=89"}],"version-history":[{"count":9,"href":"https:\/\/popjazz.fi\/PJKits\/basso\/wp-json\/wp\/v2\/pages\/89\/revisions"}],"predecessor-version":[{"id":3162,"href":"https:\/\/popjazz.fi\/PJKits\/basso\/wp-json\/wp\/v2\/pages\/89\/revisions\/3162"}],"up":[{"embeddable":true,"href":"https:\/\/popjazz.fi\/PJKits\/basso\/wp-json\/wp\/v2\/pages\/79"}],"wp:featuredmedia":[{"embeddable":true,"href":"https:\/\/popjazz.fi\/PJKits\/basso\/wp-json\/wp\/v2\/media\/1282"}],"wp:attachment":[{"href":"https:\/\/popjazz.fi\/PJKits\/basso\/wp-json\/wp\/v2\/media?parent=89"}],"wp:term":[{"taxonomy":"post_tag","embeddable":true,"href":"https:\/\/popjazz.fi\/PJKits\/basso\/wp-json\/wp\/v2\/tags?post=89"}],"curies":[{"name":"wp","href":"https:\/\/api.w.org\/{rel}","templated":true}]}}