{"id":904,"date":"2020-01-20T10:07:16","date_gmt":"2020-01-20T08:07:16","guid":{"rendered":"https:\/\/popjazz.fi\/PJKits\/basso\/?page_id=904"},"modified":"2021-03-10T10:56:26","modified_gmt":"2021-03-10T08:56:26","slug":"kaikki-duuri-ja-molliasteikot-luonn-harm-melod-jazz-molli-vah-kaksi-oktaavia","status":"publish","type":"page","link":"https:\/\/popjazz.fi\/PJKits\/basso\/basso-oppimistavoitevideot\/harmonia\/kaikki-duuri-ja-molliasteikot-luonn-harm-melod-jazz-molli-vah-kaksi-oktaavia\/","title":{"rendered":"Kaikki duuri- ja molliasteikot (luonn., harm. melod. jazz- molli) v\u00e4h. kaksi oktaavia"},"content":{"rendered":"<p><!--StartFragment--><\/p>\n<p><!--StartFragment--><\/p>\n<p><!--StartFragment--><\/p>\n\n\n<p>Asteikkosoitossa oppii sormij\u00e4rjestyksen perusteet, jotka auttavat melodiasoitossa sek\u00e4 improvisoinnissa. Asteikoita harjoitellessa oppii siis \u201dreitit\u201d s\u00e4velist\u00e4 toisiin.<\/p>\n\n\n\n<p>L\u00f6yd\u00e4t alla olevasta karusellista linkit ja oppaat jokaiseen asteikkoon.<\/p>\n\n\n\n<h4 class=\"wp-block-heading\">Video<\/h4>\n\n\n\n<figure class=\"wp-block-embed-vimeo wp-block-embed is-type-video is-provider-vimeo wp-embed-aspect-16-9 wp-has-aspect-ratio\"><div class=\"wp-block-embed__wrapper\">\n<iframe loading=\"lazy\" src=\"https:\/\/player.vimeo.com\/video\/521773123?dnt=1&amp;app_id=122963\" width=\"840\" height=\"473\" frameborder=\"0\" allow=\"autoplay; fullscreen; picture-in-picture\" allowfullscreen><\/iframe>\n<\/div><figcaption>Kaikki duuri- ja molliasteikot<\/figcaption><\/figure>\n\n\n\n<hr class=\"wp-block-separator\" \/>\n\n\n\n<p class=\"has-medium-font-size\">Katso my\u00f6s:<\/p>\n\n\n<style><\/style><div class=\"wplp_outside wplp_widget_1756\" style=\"max-width:100%;\"><span class=\"wpcu_block_title\">Kaikki duuri- ja molliasteikot (luonn., harm. melod. jazz- molli)<\/span><div id=\"wplp_widget_1756\" class=\"wplp_widget_default wplp_container vertical swiper wplp-swiper default cols3\" data-theme=\"default\" data-post=\"1756\" style=\"\" data-max-elts=\"5\" data-per-page=\"10\"><div class=\"wplp_listposts swiper-wrapper\" id=\"default_1756\" style=\"width: 100%;\" ><div class=\"swiper-slide\" style=\"\"><div class=\"insideframe\"><div id=\"wplp_box_top_1756_891\" class=\"wpcu-front-box top equalHeightImg\" ><div class=\"wplp-box-item\"><a href=\"https:\/\/popjazz.fi\/PJKits\/basso\/basso-oppimistavoitevideot\/harmonia\/melodinen-molli\/\"  class=\"thumbnail\"><span class=\"img_cropper\" style=\"width:150px;height:150px;margin-right:4px;margin-bottom:4px;max-width:100%;\"><img decoding=\"async\" src=\"https:\/\/popjazz.fi\/PJKits\/basso\/wp-content\/uploads\/sites\/4\/2020\/02\/bs_ic_material_product_icon_192pxxxhdpi-150x150.png\" style=\"position: absolute;top: 50%;margin-top: -75px;aspect-ratio:4\/3;\" srcset=\"\" alt=\"Melodinen molli\" class=\"wplp_thumb\" \/><\/span><\/a><a href=\"https:\/\/popjazz.fi\/PJKits\/basso\/basso-oppimistavoitevideot\/harmonia\/melodinen-molli\/\"  class=\"title\">Melodinen molli<\/a><\/div><\/div><div id=\"wplp_box_left_1756_891\" class=\"wpcu-front-box left wpcu-custom-position\" ><div class=\"wplp-box-item\"><\/div><\/div><div id=\"wplp_box_right_1756_891\" class=\"wpcu-front-box right wpcu-custom-position\" ><div class=\"wplp-box-item\"><\/div><\/div><div id=\"wplp_box_bottom_1756_891\" class=\"wpcu-front-box bottom \" ><div class=\"wplp-box-item\"><span class=\"date\">20.1.2020<\/span><span class=\"text\"><span style=\"max-height:2.8em\" class=\"line_limit\">Melodinen molli eroaa luonnollisesta mollista sen kuudennen ja seitsem\u00e4nnen s\u00e4velen kohdalla, jotka ovat asteikkoa alhaalta yl\u00f6s menness\u00e4 korotettuja suhteessa luonnolliseen molliin (1, 2, b3, 4, 5, 6, ja 7), mutta palaavat ylh\u00e4\u00e4t\u00e4 alasp\u00e4in luonnollisen mollin s\u00e4velill\u00e4 (b7, c6, 5, 4, c3, 2 ja 1) . Alhaalta yl\u00f6s menness\u00e4 asteikkos\u00e4velet noudattavat siis jazzmollin rakennetta ja palaavat ylh\u00e4\u00e4lt\u00e4 alasp\u00e4in luonnollisen mollin rakenteellaEsimerkiksi melodisen C-mollin s\u00e4velet yl\u00f6sp\u00e4in ovat C, D , Eb, F, G, A, ja B ja aslasp\u00e4in Bb, Ab, G, F, Eb, D ja C.\n\n\n\n\n\n\n\n\n\n\n\nVideo\n\n\n\n\n\nMelodinen molliasteikko\n\n\n\n\n\n\n\nKatso my\u00f6s:<\/span><span style=\"margin-left:3px; max-height:2.8em\" class=\"line_limit\"> [...]<\/span><\/span><span class=\"custom_fields\">\n<!-- WPLP Unknown field: Custom_Fields -->\n<\/span><\/div><\/div><\/div><\/div><div class=\"swiper-slide\" style=\"\"><div class=\"insideframe\"><div id=\"wplp_box_top_1756_311\" class=\"wpcu-front-box top equalHeightImg\" ><div class=\"wplp-box-item\"><a href=\"https:\/\/popjazz.fi\/PJKits\/basso\/basso-oppimistavoitevideot\/harmonia\/jazzmolli\/\"  class=\"thumbnail\"><span class=\"img_cropper\" style=\"width:150px;height:150px;margin-right:4px;margin-bottom:4px;max-width:100%;\"><img decoding=\"async\" src=\"https:\/\/popjazz.fi\/PJKits\/basso\/wp-content\/uploads\/sites\/4\/2020\/02\/bs_ic_material_product_icon_192pxxxhdpi-150x150.png\" style=\"position: absolute;top: 50%;margin-top: -75px;aspect-ratio:4\/3;\" srcset=\"\" alt=\"Jazzmolli\" class=\"wplp_thumb\" \/><\/span><\/a><a href=\"https:\/\/popjazz.fi\/PJKits\/basso\/basso-oppimistavoitevideot\/harmonia\/jazzmolli\/\"  class=\"title\">Jazzmolli<\/a><\/div><\/div><div id=\"wplp_box_left_1756_311\" class=\"wpcu-front-box left wpcu-custom-position\" ><div class=\"wplp-box-item\"><\/div><\/div><div id=\"wplp_box_right_1756_311\" class=\"wpcu-front-box right wpcu-custom-position\" ><div class=\"wplp-box-item\"><\/div><\/div><div id=\"wplp_box_bottom_1756_311\" class=\"wpcu-front-box bottom \" ><div class=\"wplp-box-item\"><span class=\"date\">5.10.2019<\/span><span class=\"text\"><span style=\"max-height:2.8em\" class=\"line_limit\">Jazzmolli eroaa luonnollisesta mollista sen kuudennen ja seitsem\u00e4nnen s\u00e4velen kohdalla, jotka ovat korotettuja suhteessa luonnolliseen molliin. Se on siis intervallirakenteeltaan kuten yl\u00f6sp\u00e4inen melodinen molli. \n\n\n\nEsimerkiksi A-jazzmollin s\u00e4velet ovat a, b, c, d, e, fis ja gis, eli 1, 2, b3, 4, 5, 6, ja 7. \n\n\n\n\n\n\n\n\n\n\n\nTonaalisessa harmoniassa jazzmolli on l\u00e4heisin asteikko mollin ensimm\u00e4isen asteen perusmollisoinnulle eli mmaj7 tai m6 soinnulle.\n\n\n\nVideo\n\n\n\n\n\n\n\n\n\n\n\n\n\nKatso my\u00f6s:<\/span><span style=\"margin-left:3px; max-height:2.8em\" class=\"line_limit\"> [...]<\/span><\/span><span class=\"custom_fields\">\n<!-- WPLP Unknown field: Custom_Fields -->\n<\/span><\/div><\/div><\/div><\/div><div class=\"swiper-slide\" style=\"\"><div class=\"insideframe\"><div id=\"wplp_box_top_1756_313\" class=\"wpcu-front-box top equalHeightImg\" ><div class=\"wplp-box-item\"><a href=\"https:\/\/popjazz.fi\/PJKits\/basso\/basso-oppimistavoitevideot\/harmonia\/harmoninen-molli\/\"  class=\"thumbnail\"><span class=\"img_cropper\" style=\"width:150px;height:150px;margin-right:4px;margin-bottom:4px;max-width:100%;\"><img decoding=\"async\" src=\"https:\/\/popjazz.fi\/PJKits\/basso\/wp-content\/uploads\/sites\/4\/2020\/02\/bs_ic_material_product_icon_192pxxxhdpi-150x150.png\" style=\"position: absolute;top: 50%;margin-top: -75px;aspect-ratio:4\/3;\" srcset=\"\" alt=\"Harmoninen molli\" class=\"wplp_thumb\" \/><\/span><\/a><a href=\"https:\/\/popjazz.fi\/PJKits\/basso\/basso-oppimistavoitevideot\/harmonia\/harmoninen-molli\/\"  class=\"title\">Harmoninen molli<\/a><\/div><\/div><div id=\"wplp_box_left_1756_313\" class=\"wpcu-front-box left wpcu-custom-position\" ><div class=\"wplp-box-item\"><\/div><\/div><div id=\"wplp_box_right_1756_313\" class=\"wpcu-front-box right wpcu-custom-position\" ><div class=\"wplp-box-item\"><\/div><\/div><div id=\"wplp_box_bottom_1756_313\" class=\"wpcu-front-box bottom \" ><div class=\"wplp-box-item\"><span class=\"date\">5.10.2019<\/span><span class=\"text\"><span style=\"max-height:2.8em\" class=\"line_limit\">Harmoninen molli eroaa luonnollisesta mollista sen seitsem\u00e4nnen s\u00e4velen kohdalla, joka on korotettu suhteessa luonnolliseen molliin. \n\n\n\nEsimerkiksi A -harmonisen mollin s\u00e4velet ovat a, b, c, d, e, f ja g#\n\n\n\n\n\n\n\n\n\n\n\nKoska jokaisen harmonisen molliasteikon s\u00e4velten v\u00e4liset intervallit ovat identtiset, asteikoille kannattaa opetella yksi sormitus, joka toistuu kaikissa luonnollisissa molliasteikoissa samanlaisena. N\u00e4in asteikon voi toistaa k\u00e4ytt\u00e4m\u00e4ll\u00e4 samaa sormitusta vain vaihtamalla asemaa kaulalla. \n\n\n\nJos A -harmoninen molliasteikko soitetaan 1. asemasta, t\u00e4ll\u00f6in etusormi on 1. nauhavalill\u00e4, keskisormi 2. nauhav\u00e4lill\u00e4 jne ja ensimm\u00e4inen a -s\u00e4vel soitetaan vapaalta a -kielelt\u00e4.\n\n\n\nVideo\n\n\n\n\n\n\n\n\n\n\n\n\n\nKatso my\u00f6s:<\/span><span style=\"margin-left:3px; max-height:2.8em\" class=\"line_limit\"> [...]<\/span><\/span><span class=\"custom_fields\">\n<!-- WPLP Unknown field: Custom_Fields -->\n<\/span><\/div><\/div><\/div><\/div><div class=\"swiper-slide\" style=\"\"><div class=\"insideframe\"><div id=\"wplp_box_top_1756_309\" class=\"wpcu-front-box top equalHeightImg\" ><div class=\"wplp-box-item\"><a href=\"https:\/\/popjazz.fi\/PJKits\/basso\/basso-oppimistavoitevideot\/harmonia\/luonnollinen-molliasteikko\/\"  class=\"thumbnail\"><span class=\"img_cropper\" style=\"width:150px;height:150px;margin-right:4px;margin-bottom:4px;max-width:100%;\"><img decoding=\"async\" src=\"https:\/\/popjazz.fi\/PJKits\/basso\/wp-content\/uploads\/sites\/4\/2020\/02\/bs_ic_material_product_icon_192pxxxhdpi-150x150.png\" style=\"position: absolute;top: 50%;margin-top: -75px;aspect-ratio:4\/3;\" srcset=\"\" alt=\"Luonnollinen molliasteikko\" class=\"wplp_thumb\" \/><\/span><\/a><a href=\"https:\/\/popjazz.fi\/PJKits\/basso\/basso-oppimistavoitevideot\/harmonia\/luonnollinen-molliasteikko\/\"  class=\"title\">Luonnollinen molliasteikko<\/a><\/div><\/div><div id=\"wplp_box_left_1756_309\" class=\"wpcu-front-box left wpcu-custom-position\" ><div class=\"wplp-box-item\"><\/div><\/div><div id=\"wplp_box_right_1756_309\" class=\"wpcu-front-box right wpcu-custom-position\" ><div class=\"wplp-box-item\"><\/div><\/div><div id=\"wplp_box_bottom_1756_309\" class=\"wpcu-front-box bottom \" ><div class=\"wplp-box-item\"><span class=\"date\">5.10.2019<\/span><span class=\"text\"><span style=\"max-height:2.8em\" class=\"line_limit\">Jokaisella duurilla on my\u00f6s oma rinnakkaismollinsa. T\u00e4m\u00e4 tarkoittaa sit\u00e4, ett\u00e4 kyseiset asteikot jakavat samat s\u00e4velet. Duurin rinnakkaismollin ensimm\u00e4inen s\u00e4vel on sama kuin duuriasteikon kuudes s\u00e4vel. Vastaavasti molliasteikon kolmannen s\u00e4velen kohdalta l\u00f6ytyy rinnakkaisduurin peruss\u00e4vel. \n\n\n\nEsimerkiksi luonnollisen A-molliasteikon s\u00e4velet ovat: a, b, c, d, e, f ja g.\n\n\n\n\n\n\n\n\n\n\n\nKoska jokaisen luonnollisen molliasteikon s\u00e4velten v\u00e4liset intervallit ovat identtiset, asteikoille kannattaa opetella yksi sormitus, joka toistuu kaikissa luonnollisissa molliasteikoissa samanlaisena. N\u00e4in asteikon voi toistaa k\u00e4ytt\u00e4m\u00e4ll\u00e4 samaa sormitusta vain vaihtamalla asemaa kaulalla. \n\n\n\nJos A -luonnollinen molliasteikko soitetaan 1. asemasta, t\u00e4ll\u00f6in etusormi on 1. nauhavalill\u00e4, keskisormi 2. nauhav\u00e4lill\u00e4 jne ja ensimm\u00e4inen a -s\u00e4vel soitetaan vapaalta a -kielelt\u00e4.\n\n\n\nVideo\n\n\n\n\n\n\n\n\n\n\n\n\n\nKatso my\u00f6s:<\/span><span style=\"margin-left:3px; max-height:2.8em\" class=\"line_limit\"> [...]<\/span><\/span><span class=\"custom_fields\">\n<!-- WPLP Unknown field: Custom_Fields -->\n<\/span><\/div><\/div><\/div><\/div><div class=\"swiper-slide\" style=\"\"><div class=\"insideframe\"><div id=\"wplp_box_top_1756_307\" class=\"wpcu-front-box top equalHeightImg\" ><div class=\"wplp-box-item\"><a href=\"https:\/\/popjazz.fi\/PJKits\/basso\/basso-oppimistavoitevideot\/harmonia\/duuriasteikko\/\"  class=\"thumbnail\"><span class=\"img_cropper\" style=\"width:150px;height:150px;margin-right:4px;margin-bottom:4px;max-width:100%;\"><img decoding=\"async\" src=\"https:\/\/popjazz.fi\/PJKits\/basso\/wp-content\/uploads\/sites\/4\/2020\/02\/bs_ic_material_product_icon_192pxxxhdpi-150x150.png\" style=\"position: absolute;top: 50%;margin-top: -75px;aspect-ratio:4\/3;\" srcset=\"\" alt=\"Duuriasteikko\" class=\"wplp_thumb\" \/><\/span><\/a><a href=\"https:\/\/popjazz.fi\/PJKits\/basso\/basso-oppimistavoitevideot\/harmonia\/duuriasteikko\/\"  class=\"title\">Duuriasteikko<\/a><\/div><\/div><div id=\"wplp_box_left_1756_307\" class=\"wpcu-front-box left wpcu-custom-position\" ><div class=\"wplp-box-item\"><\/div><\/div><div id=\"wplp_box_right_1756_307\" class=\"wpcu-front-box right wpcu-custom-position\" ><div class=\"wplp-box-item\"><\/div><\/div><div id=\"wplp_box_bottom_1756_307\" class=\"wpcu-front-box bottom \" ><div class=\"wplp-box-item\"><span class=\"date\">5.10.2019<\/span><span class=\"text\"><span style=\"max-height:2.8em\" class=\"line_limit\">Duuriasteikko muodostuu kun asteikon s\u00e4velten v\u00e4liset intervallit ovat kokos\u00e4vel-, kokos\u00e4vel-, puolis\u00e4vel-, kokos\u00e4vel-, kokos\u00e4vel-, kokos\u00e4vel- ja puolis\u00e4velaskel. \n\n\n\nEsimerkiksi C-duuriasteikon s\u00e4velet ovat: c, d, e, f, g, a ja b.\n\n\n\n\n\n\n\n\n\n\n\nKoska jokaisen duuriasteikon s\u00e4velten v\u00e4liset intervallit ovat identtiset, asteikoille kannattaa opetella yksi sormitus, joka toistuu kaikissa duuriasteikoissa samanlaisena. N\u00e4in duuriasteikon voi toistaa samanlaisena vaihtamalla asemaa kaulalla. \n\n\n\nTyypillisesti c -duuriasteikko soitetaan 2. asemasta, jolloin etusormi on 2. nauhavalill\u00e4, keskisormi 3. nauhav\u00e4lill\u00e4 jne.\n\n\n\nVideo\n\n\n\n\n\n\n\n\n\n\n\n\n\nKatso my\u00f6s:<\/span><span style=\"margin-left:3px; max-height:2.8em\" class=\"line_limit\"> [...]<\/span><\/span><span class=\"custom_fields\">\n<!-- WPLP Unknown field: Custom_Fields -->\n<\/span><\/div><\/div><\/div><\/div><\/div><div class=\"swiper-button-next\"><\/div><div class=\"swiper-button-prev\"><\/div><div class=\"swiper-pagination\"><\/div><\/div><\/div>\n","protected":false},"excerpt":{"rendered":"<p>Asteikkosoitossa oppii sormij\u00e4rjestyksen perusteet, jotka auttavat melodiasoitossa sek\u00e4 improvisoinnissa. Asteikoita harjoitellessa oppii siis \u201dreitit\u201d s\u00e4velist\u00e4 toisiin. L\u00f6yd\u00e4t alla olevasta karusellista linkit ja oppaat jokaiseen asteikkoon. Video Katso my\u00f6s:<\/p>\n","protected":false},"author":1,"featured_media":1282,"parent":43,"menu_order":25,"comment_status":"closed","ping_status":"closed","template":"","meta":{"footnotes":""},"tags":[],"class_list":["post-904","page","type-page","status-publish","has-post-thumbnail","hentry"],"_links":{"self":[{"href":"https:\/\/popjazz.fi\/PJKits\/basso\/wp-json\/wp\/v2\/pages\/904","targetHints":{"allow":["GET"]}}],"collection":[{"href":"https:\/\/popjazz.fi\/PJKits\/basso\/wp-json\/wp\/v2\/pages"}],"about":[{"href":"https:\/\/popjazz.fi\/PJKits\/basso\/wp-json\/wp\/v2\/types\/page"}],"author":[{"embeddable":true,"href":"https:\/\/popjazz.fi\/PJKits\/basso\/wp-json\/wp\/v2\/users\/1"}],"replies":[{"embeddable":true,"href":"https:\/\/popjazz.fi\/PJKits\/basso\/wp-json\/wp\/v2\/comments?post=904"}],"version-history":[{"count":3,"href":"https:\/\/popjazz.fi\/PJKits\/basso\/wp-json\/wp\/v2\/pages\/904\/revisions"}],"predecessor-version":[{"id":2779,"href":"https:\/\/popjazz.fi\/PJKits\/basso\/wp-json\/wp\/v2\/pages\/904\/revisions\/2779"}],"up":[{"embeddable":true,"href":"https:\/\/popjazz.fi\/PJKits\/basso\/wp-json\/wp\/v2\/pages\/43"}],"wp:featuredmedia":[{"embeddable":true,"href":"https:\/\/popjazz.fi\/PJKits\/basso\/wp-json\/wp\/v2\/media\/1282"}],"wp:attachment":[{"href":"https:\/\/popjazz.fi\/PJKits\/basso\/wp-json\/wp\/v2\/media?parent=904"}],"wp:term":[{"taxonomy":"post_tag","embeddable":true,"href":"https:\/\/popjazz.fi\/PJKits\/basso\/wp-json\/wp\/v2\/tags?post=904"}],"curies":[{"name":"wp","href":"https:\/\/api.w.org\/{rel}","templated":true}]}}