{"id":912,"date":"2020-01-20T10:13:26","date_gmt":"2020-01-20T08:13:26","guid":{"rendered":"https:\/\/popjazz.fi\/PJKits\/basso\/?page_id=912"},"modified":"2021-09-28T09:45:46","modified_gmt":"2021-09-28T06:45:46","slug":"jazzmolliasteikon-kaikki-sointuasteet-nelisoinnuin","status":"publish","type":"page","link":"https:\/\/popjazz.fi\/PJKits\/basso\/basso-oppimistavoitevideot\/harmonia\/jazzmolliasteikon-kaikki-sointuasteet-nelisoinnuin\/","title":{"rendered":"Jazzmolliasteikon kaikki sointuasteet nelisoinnuin"},"content":{"rendered":"<p><!--StartFragment--><\/p>\n<p><!--StartFragment--><\/p>\n<p><!--StartFragment--><\/p>\n\n\n<p>Jazzmolliasteikon sointuasteet tarkoittavat molliasteikon eri s\u00e4velilt\u00e4 soitettavia sointuja. Esimerkiss\u00e4 A-harmonisessa mollissa A s\u00e4vel on 1. aste, B s\u00e4vel on 2. aste, C s\u00e4vel on 3. aste jne.<br><br>Nelisointu muodostuu samalla tavoin kuin <a href=\"https:\/\/popjazz.fi\/PJKits\/basso\/basso-oppimistavoitevideot\/harmonia\/mollin-i-asteen-kolmisointu\/\">kolmisointu<\/a>, johon lis\u00e4t\u00e4\u00e4n my\u00f6s soinnun 4. s\u00e4vel, eli kyseisen asteikon 7. s\u00e4vel. Nelisoinnussa soivat siis asteikon 1. 3. 5. ja 7. s\u00e4vel. Soinnun laadun m\u00e4\u00e4rittelee soinnun 3. (duuri tai molli) sek\u00e4 7. (dominantti vai toonika). Jazzmollissa 1. asteen laatu on mmaj7<\/p>\n\n\n\n<p>Jokaiselta sointuasteelta voidaan my\u00f6s muodostaa oma asteikko k\u00e4ytt\u00e4en pohjana olevan harmonisen molliasteikon s\u00e4veli\u00e4 aloittaen ko. molliasteikon eri asteilta. Kun muodostuneista asteikoista soitetaan joka toinen s\u00e4vel, syntyy ko. sointuasteen sointu. Esimerkkin\u00e4 A -jazzmolliasteikon sointuasteet.<\/p>\n\n\n\n<figure class=\"wp-block-image size-large\"><img loading=\"lazy\" decoding=\"async\" width=\"1024\" height=\"315\" src=\"https:\/\/popjazz.fi\/PJKits\/basso\/wp-content\/uploads\/sites\/4\/2020\/04\/jazzmol-sointuasteet-1024x315.png\" alt=\"\" class=\"wp-image-1782\" srcset=\"https:\/\/popjazz.fi\/PJKits\/basso\/wp-content\/uploads\/sites\/4\/2020\/04\/jazzmol-sointuasteet-1024x315.png 1024w, https:\/\/popjazz.fi\/PJKits\/basso\/wp-content\/uploads\/sites\/4\/2020\/04\/jazzmol-sointuasteet-300x92.png 300w, https:\/\/popjazz.fi\/PJKits\/basso\/wp-content\/uploads\/sites\/4\/2020\/04\/jazzmol-sointuasteet-150x46.png 150w, https:\/\/popjazz.fi\/PJKits\/basso\/wp-content\/uploads\/sites\/4\/2020\/04\/jazzmol-sointuasteet-768x237.png 768w, https:\/\/popjazz.fi\/PJKits\/basso\/wp-content\/uploads\/sites\/4\/2020\/04\/jazzmol-sointuasteet-1536x473.png 1536w, https:\/\/popjazz.fi\/PJKits\/basso\/wp-content\/uploads\/sites\/4\/2020\/04\/jazzmol-sointuasteet-2048x631.png 2048w, https:\/\/popjazz.fi\/PJKits\/basso\/wp-content\/uploads\/sites\/4\/2020\/04\/jazzmol-sointuasteet-1200x370.png 1200w\" sizes=\"auto, (max-width: 709px) 85vw, (max-width: 909px) 67vw, (max-width: 1362px) 62vw, 840px\" \/><\/figure>\n\n\n\n<h4 class=\"wp-block-heading\">Video<\/h4>\n\n\n\n<figure class=\"wp-block-embed-vimeo wp-block-embed is-type-video is-provider-vimeo wp-embed-aspect-16-9 wp-has-aspect-ratio\"><div class=\"wp-block-embed__wrapper\">\n<iframe loading=\"lazy\" src=\"https:\/\/player.vimeo.com\/video\/504776429?dnt=1&amp;app_id=122963\" width=\"840\" height=\"473\" frameborder=\"0\" allow=\"autoplay; fullscreen; picture-in-picture\" allowfullscreen><\/iframe>\n<\/div><figcaption>Jazzmollin sointuasteet nelisoinnuin<\/figcaption><\/figure>\n\n\n\n<hr class=\"wp-block-separator\"\/>\n\n\n\n<p class=\"has-medium-font-size\">Katso my\u00f6s:<\/p>\n\n\n<style><\/style><div class=\"wplp_outside wplp_widget_1783\" style=\"max-width:100%;\"><span class=\"wpcu_block_title\">Jazzmolliasteikon kaikki sointuasteet nelisoinnuin<\/span><div id=\"wplp_widget_1783\" class=\"wplp_widget_default wplp_container vertical swiper wplp-swiper default cols3\" data-theme=\"default\" data-post=\"1783\" style=\"\" data-max-elts=\"2\" data-per-page=\"10\"><div class=\"wplp_listposts swiper-wrapper\" id=\"default_1783\" style=\"width: 100%;\" ><div class=\"swiper-slide\" style=\"\"><div class=\"insideframe\"><div id=\"wplp_box_top_1783_321\" class=\"wpcu-front-box top equalHeightImg\" ><div class=\"wplp-box-item\"><a href=\"https:\/\/popjazz.fi\/PJKits\/basso\/basso-oppimistavoitevideot\/harmonia\/jazzmollin-i-iv-v-kolmisoinnut-perusmuodossaan\/\"  class=\"thumbnail\"><span class=\"img_cropper\" style=\"width:150px;height:150px;margin-right:4px;margin-bottom:4px;max-width:100%;\"><img decoding=\"async\" src=\"https:\/\/popjazz.fi\/PJKits\/basso\/wp-content\/uploads\/sites\/4\/2020\/02\/bs_ic_material_product_icon_192pxxxhdpi-150x150.png\" style=\"position: absolute;top: 50%;margin-top: -75px;aspect-ratio:4\/3;\" srcset=\"\" alt=\"Jazzmollin I-IV-V kolmisoinnut perusmuodossaan\" class=\"wplp_thumb\" \/><\/span><\/a><a href=\"https:\/\/popjazz.fi\/PJKits\/basso\/basso-oppimistavoitevideot\/harmonia\/jazzmollin-i-iv-v-kolmisoinnut-perusmuodossaan\/\"  class=\"title\">Jazzmollin I-IV-V kolmisoinnut perusmuodossaan<\/a><\/div><\/div><div id=\"wplp_box_left_1783_321\" class=\"wpcu-front-box left wpcu-custom-position\" ><div class=\"wplp-box-item\"><\/div><\/div><div id=\"wplp_box_right_1783_321\" class=\"wpcu-front-box right wpcu-custom-position\" ><div class=\"wplp-box-item\"><\/div><\/div><div id=\"wplp_box_bottom_1783_321\" class=\"wpcu-front-box bottom \" ><div class=\"wplp-box-item\"><span class=\"date\">5.10.2019<\/span><span class=\"text\"><span style=\"max-height:2.8em\" class=\"line_limit\">Jazzmolli eroaa luonnollisesta mollista sen kuudennella seitsem\u00e4nnell\u00e4 s\u00e4velell\u00e4, joka jazzmollissa soitetaan korotettuna. .\n\n\n\nSoittamalla Jazzmollista ensimm\u00e4inen, kolmas ja viides s\u00e4vel, muodostuu kyseisen asteikon ensimm\u00e4isen asteen mollikolmisointu, eli toonika.\n\n\n\nToistamalla sama kuvio molliasteikon nelj\u00e4nnest\u00e4 ja viidennest\u00e4 s\u00e4velest\u00e4 alkaen, saadaan kyseisen asteikon nelj\u00e4nnen ja viidennen asteen kolmisoinnut, eli subdominantti- ja dominanttikolmisoinnut, joista sek\u00e4 nelj\u00e4s ett\u00e4 viides  aste ovat duurikolmisointuja\n\n\n\nVideo\n\n\n\n\n\n\n\n\n\nSoittoesimerkki nuotein\n\n\n\n\n\n\n\n\n\n\n\nKatso my\u00f6s:<\/span><span style=\"margin-left:3px; max-height:2.8em\" class=\"line_limit\"> [...]<\/span><\/span><span class=\"custom_fields\">\n<!-- WPLP Unknown field: Custom_Fields -->\n<\/span><\/div><\/div><\/div><\/div><div class=\"swiper-slide\" style=\"\"><div class=\"insideframe\"><div id=\"wplp_box_top_1783_311\" class=\"wpcu-front-box top equalHeightImg\" ><div class=\"wplp-box-item\"><a href=\"https:\/\/popjazz.fi\/PJKits\/basso\/basso-oppimistavoitevideot\/harmonia\/jazzmolli\/\"  class=\"thumbnail\"><span class=\"img_cropper\" style=\"width:150px;height:150px;margin-right:4px;margin-bottom:4px;max-width:100%;\"><img decoding=\"async\" src=\"https:\/\/popjazz.fi\/PJKits\/basso\/wp-content\/uploads\/sites\/4\/2020\/02\/bs_ic_material_product_icon_192pxxxhdpi-150x150.png\" style=\"position: absolute;top: 50%;margin-top: -75px;aspect-ratio:4\/3;\" srcset=\"\" alt=\"Jazzmolli\" class=\"wplp_thumb\" \/><\/span><\/a><a href=\"https:\/\/popjazz.fi\/PJKits\/basso\/basso-oppimistavoitevideot\/harmonia\/jazzmolli\/\"  class=\"title\">Jazzmolli<\/a><\/div><\/div><div id=\"wplp_box_left_1783_311\" class=\"wpcu-front-box left wpcu-custom-position\" ><div class=\"wplp-box-item\"><\/div><\/div><div id=\"wplp_box_right_1783_311\" class=\"wpcu-front-box right wpcu-custom-position\" ><div class=\"wplp-box-item\"><\/div><\/div><div id=\"wplp_box_bottom_1783_311\" class=\"wpcu-front-box bottom \" ><div class=\"wplp-box-item\"><span class=\"date\">5.10.2019<\/span><span class=\"text\"><span style=\"max-height:2.8em\" class=\"line_limit\">Jazzmolli eroaa luonnollisesta mollista sen kuudennen ja seitsem\u00e4nnen s\u00e4velen kohdalla, jotka ovat korotettuja suhteessa luonnolliseen molliin. Se on siis intervallirakenteeltaan kuten yl\u00f6sp\u00e4inen melodinen molli. \n\n\n\nEsimerkiksi A-jazzmollin s\u00e4velet ovat a, b, c, d, e, fis ja gis, eli 1, 2, b3, 4, 5, 6, ja 7. \n\n\n\n\n\n\n\n\n\n\n\nTonaalisessa harmoniassa jazzmolli on l\u00e4heisin asteikko mollin ensimm\u00e4isen asteen perusmollisoinnulle eli mmaj7 tai m6 soinnulle.\n\n\n\nVideo\n\n\n\n\n\n\n\n\n\n\n\n\n\nKatso my\u00f6s:<\/span><span style=\"margin-left:3px; max-height:2.8em\" class=\"line_limit\"> [...]<\/span><\/span><span class=\"custom_fields\">\n<!-- WPLP Unknown field: Custom_Fields -->\n<\/span><\/div><\/div><\/div><\/div><\/div><div class=\"swiper-button-next\"><\/div><div class=\"swiper-button-prev\"><\/div><div class=\"swiper-pagination\"><\/div><\/div><\/div>\n\n\n<style><\/style><div class=\"wplp_outside wplp_widget_3404\" style=\"max-width:100%;\"><span class=\"wpcu_block_title\">aanenkuljetus sointuaanilla OM<\/span><div id=\"wplp_widget_3404\" class=\"wplp_widget_default wplp_container vertical swiper wplp-swiper default cols3\" data-theme=\"default\" data-post=\"3404\" style=\"\" data-max-elts=\"3\" data-per-page=\"10\"><div class=\"wplp_listposts swiper-wrapper\" id=\"default_3404\" style=\"width: 100%;\" ><div class=\"swiper-slide\" style=\"\"><div class=\"insideframe\"><div id=\"wplp_box_top_3404_175\" class=\"wpcu-front-box top equalHeightImg\" ><div class=\"wplp-box-item\"><a href=\"https:\/\/popjazz.fi\/PJKits\/oppimateriaali-basso\/oppimateriaali\/t\/tyylinmukaisten-bassolinjojen-luominen-fourbeat-ja-walking-bass\/\"  class=\"thumbnail\"><span class=\"img_cropper\" style=\"width:150px;height:150px;margin-right:4px;margin-bottom:4px;max-width:100%;\"><img decoding=\"async\" src=\"https:\/\/popjazz.fi\/PJKits\/basso\/wp-content\/uploads\/sites\/19\/2020\/05\/bs_ic_material_product_icon_192pxxxhdpi-150x150.png\" style=\"position: absolute;top: 50%;margin-top: -75px;aspect-ratio:4\/3;\" srcset=\"\" alt=\"Tyylinmukaisten bassolinjojen luominen osa 2: Fourbeat ja Walking bass\" class=\"wplp_thumb\" \/><\/span><\/a><a href=\"https:\/\/popjazz.fi\/PJKits\/oppimateriaali-basso\/oppimateriaali\/t\/tyylinmukaisten-bassolinjojen-luominen-fourbeat-ja-walking-bass\/\"  class=\"title\">Tyylinmukaisten bassolinjojen luominen osa 2: Fourbeat ja Walking bass<\/a><\/div><\/div><div id=\"wplp_box_left_3404_175\" class=\"wpcu-front-box left wpcu-custom-position\" ><div class=\"wplp-box-item\"><\/div><\/div><div id=\"wplp_box_right_3404_175\" class=\"wpcu-front-box right wpcu-custom-position\" ><div class=\"wplp-box-item\"><\/div><\/div><div id=\"wplp_box_bottom_3404_175\" class=\"wpcu-front-box bottom \" ><div class=\"wplp-box-item\"><span class=\"date\">20.4.2021<\/span><span class=\"text\"><span style=\"max-height:2.8em\" class=\"line_limit\">Fourbeat ja walking bass\n\n\n\nToisella videolla tutustaan pidemm\u00e4lle meneviin \u00e4\u00e4nenkuljetuksiin fourbeat (esim. suffle, blues, old time rock\u00b4n\u00b4n roll) ja walking bass (esim. jazz) tyylien kautta. \n\n\n\nEsimerkkien pohjana toimii ensimm\u00e4isen videon tavoin 12 tahdin rakenne ja sointukiertona G -duurin I, IV ja V aseteet, eli G, C ja D.\n\n\n\nVideo\n\n\n\n\n\n\n\n\n\nVideoesimerkiss\u00e4 k\u00e4ytetty sointukierto\n\n\n\n\n\n\n\n\n\n\n\nKatso my\u00f6s:<\/span><span style=\"margin-left:3px; max-height:2.8em\" class=\"line_limit\"> [...]<\/span><\/span><span class=\"custom_fields\">\n<!-- WPLP Unknown field: Custom_Fields -->\n<\/span><\/div><\/div><\/div><\/div><div class=\"swiper-slide\" style=\"\"><div class=\"insideframe\"><div id=\"wplp_box_top_3404_177\" class=\"wpcu-front-box top equalHeightImg\" ><div class=\"wplp-box-item\"><a href=\"https:\/\/popjazz.fi\/PJKits\/oppimateriaali-basso\/oppimateriaali\/t\/tyylinmukaisten-bassolinjojen-luominen-aanenkuljetuksena-kolmisoinnut-ja-johtavat-savelet\/\"  class=\"thumbnail\"><span class=\"img_cropper\" style=\"width:150px;height:150px;margin-right:4px;margin-bottom:4px;max-width:100%;\"><img decoding=\"async\" src=\"https:\/\/popjazz.fi\/PJKits\/basso\/wp-content\/uploads\/sites\/19\/2020\/05\/bs_ic_material_product_icon_192pxxxhdpi-150x150.png\" style=\"position: absolute;top: 50%;margin-top: -75px;aspect-ratio:4\/3;\" srcset=\"\" alt=\"Tyylinmukaisten bassolinjojen luominen osa 3: \u00c4\u00e4nenkuljetuksena kolmisoinnut ja johtavat s\u00e4velet\" class=\"wplp_thumb\" \/><\/span><\/a><a href=\"https:\/\/popjazz.fi\/PJKits\/oppimateriaali-basso\/oppimateriaali\/t\/tyylinmukaisten-bassolinjojen-luominen-aanenkuljetuksena-kolmisoinnut-ja-johtavat-savelet\/\"  class=\"title\">Tyylinmukaisten bassolinjojen luominen osa 3: \u00c4\u00e4nenkuljetuksena kolmisoinnut ja johtavat s\u00e4velet<\/a><\/div><\/div><div id=\"wplp_box_left_3404_177\" class=\"wpcu-front-box left wpcu-custom-position\" ><div class=\"wplp-box-item\"><\/div><\/div><div id=\"wplp_box_right_3404_177\" class=\"wpcu-front-box right wpcu-custom-position\" ><div class=\"wplp-box-item\"><\/div><\/div><div id=\"wplp_box_bottom_3404_177\" class=\"wpcu-front-box bottom \" ><div class=\"wplp-box-item\"><span class=\"date\">20.4.2021<\/span><span class=\"text\"><span style=\"max-height:2.8em\" class=\"line_limit\">Itsen\u00e4isten bassolinjojen luomiseen tarvitaan hyv\u00e4\u00e4 soittimen hallintaa ja sointujen tuntemista. Videolla k\u00e4yd\u00e4\u00e4n l\u00e4pi duuri- ja mollikolmisointujen p\u00e4\u00e4s\u00e4velille  johtavien s\u00e4veltelten harjoitus. Harjoituksessa k\u00e4ytetty s\u00e4vellaji on G\n\n\n\nVideo\n\n\n\n\n\n\n\n\n\nVideoesimerkin harjoitus nuotinnettuna\n\n\n\n\n\n\n\nKatso my\u00f6s:<\/span><span style=\"margin-left:3px; max-height:2.8em\" class=\"line_limit\"> [...]<\/span><\/span><span class=\"custom_fields\">\n<!-- WPLP Unknown field: Custom_Fields -->\n<\/span><\/div><\/div><\/div><\/div><div class=\"swiper-slide\" style=\"\"><div class=\"insideframe\"><div id=\"wplp_box_top_3404_400\" class=\"wpcu-front-box top equalHeightImg\" ><div class=\"wplp-box-item\"><a href=\"https:\/\/popjazz.fi\/PJKits\/oppimateriaali-basso\/oppimateriaali\/f\/four-beat-ja-walking-bass-linjojen-luominen\/\"  class=\"thumbnail\"><span class=\"img_cropper\" style=\"width:150px;height:150px;margin-right:4px;margin-bottom:4px;max-width:100%;\"><img decoding=\"async\" src=\"https:\/\/popjazz.fi\/PJKits\/basso\/wp-content\/uploads\/sites\/19\/2020\/05\/bs_ic_material_product_icon_192pxxxhdpi-150x150.png\" style=\"position: absolute;top: 50%;margin-top: -75px;aspect-ratio:4\/3;\" srcset=\"\" alt=\"Four beat ja walking bass linjojen luominen\" class=\"wplp_thumb\" \/><\/span><\/a><a href=\"https:\/\/popjazz.fi\/PJKits\/oppimateriaali-basso\/oppimateriaali\/f\/four-beat-ja-walking-bass-linjojen-luominen\/\"  class=\"title\">Four beat ja walking bass linjojen luominen<\/a><\/div><\/div><div id=\"wplp_box_left_3404_400\" class=\"wpcu-front-box left wpcu-custom-position\" ><div class=\"wplp-box-item\"><\/div><\/div><div id=\"wplp_box_right_3404_400\" class=\"wpcu-front-box right wpcu-custom-position\" ><div class=\"wplp-box-item\"><\/div><\/div><div id=\"wplp_box_bottom_3404_400\" class=\"wpcu-front-box bottom \" ><div class=\"wplp-box-item\"><span class=\"date\">21.9.2021<\/span><span class=\"text\"><span style=\"max-height:2.8em\" class=\"line_limit\">T\u00e4ll\u00e4 Tiittasen Sampon oppitunnilla tarkastellaan pintaa syvemm\u00e4lt\u00e4 fourbeat- ja walking bass -bassolinjojen muodostamista, sek\u00e4 ratkaisuja jotka niiss\u00e4 parhaiten toimivat. Fourbeat ja walking bass ovat tyypillisi\u00e4 komppaustyylej\u00e4 useissa eri musiikkityyleiss\u00e4, kuten esimerkiksi blues ja rhythm&#8217;n&#8217;blues, rock&#8217;n&#8217;roll, swing, ja useat muut jazzvaikutteiset tyylisuunnat.\n\n\n\nVideo\n\n\n\n\n\n\n\n\n\nOheismateriaali\n\n\n\nNuotti-PDF: Fourbeat ja walking bass -bassolinjojen luominen\n\n\n\nKatso my\u00f6s:<\/span><span style=\"margin-left:3px; max-height:2.8em\" class=\"line_limit\"> [...]<\/span><\/span><span class=\"custom_fields\">\n<!-- WPLP Unknown field: Custom_Fields -->\n<\/span><\/div><\/div><\/div><\/div><\/div><div class=\"swiper-button-next\"><\/div><div class=\"swiper-button-prev\"><\/div><div class=\"swiper-pagination\"><\/div><\/div><\/div>\n","protected":false},"excerpt":{"rendered":"<p>Jazzmolliasteikon sointuasteet tarkoittavat molliasteikon eri s\u00e4velilt\u00e4 soitettavia sointuja. Esimerkiss\u00e4 A-harmonisessa mollissa A s\u00e4vel on 1. aste, B s\u00e4vel on 2. aste, C s\u00e4vel on 3. aste jne. Nelisointu muodostuu samalla tavoin kuin kolmisointu, johon lis\u00e4t\u00e4\u00e4n my\u00f6s soinnun 4. s\u00e4vel, eli kyseisen asteikon 7. s\u00e4vel. Nelisoinnussa soivat siis asteikon 1. 3. 5. ja 7. s\u00e4vel. Soinnun &hellip; <a href=\"https:\/\/popjazz.fi\/PJKits\/basso\/?p=400\" class=\"more-link\">Jatka lukemista<span class=\"screen-reader-text\"> &#8221;Walking bass -tekniikka&#8221;<\/span><\/a><\/p>\n","protected":false},"author":1,"featured_media":1282,"parent":43,"menu_order":39,"comment_status":"closed","ping_status":"closed","template":"","meta":{"footnotes":""},"tags":[],"class_list":["post-912","page","type-page","status-publish","has-post-thumbnail","hentry"],"_links":{"self":[{"href":"https:\/\/popjazz.fi\/PJKits\/basso\/wp-json\/wp\/v2\/pages\/912","targetHints":{"allow":["GET"]}}],"collection":[{"href":"https:\/\/popjazz.fi\/PJKits\/basso\/wp-json\/wp\/v2\/pages"}],"about":[{"href":"https:\/\/popjazz.fi\/PJKits\/basso\/wp-json\/wp\/v2\/types\/page"}],"author":[{"embeddable":true,"href":"https:\/\/popjazz.fi\/PJKits\/basso\/wp-json\/wp\/v2\/users\/1"}],"replies":[{"embeddable":true,"href":"https:\/\/popjazz.fi\/PJKits\/basso\/wp-json\/wp\/v2\/comments?post=912"}],"version-history":[{"count":4,"href":"https:\/\/popjazz.fi\/PJKits\/basso\/wp-json\/wp\/v2\/pages\/912\/revisions"}],"predecessor-version":[{"id":3421,"href":"https:\/\/popjazz.fi\/PJKits\/basso\/wp-json\/wp\/v2\/pages\/912\/revisions\/3421"}],"up":[{"embeddable":true,"href":"https:\/\/popjazz.fi\/PJKits\/basso\/wp-json\/wp\/v2\/pages\/43"}],"wp:featuredmedia":[{"embeddable":true,"href":"https:\/\/popjazz.fi\/PJKits\/basso\/wp-json\/wp\/v2\/media\/1282"}],"wp:attachment":[{"href":"https:\/\/popjazz.fi\/PJKits\/basso\/wp-json\/wp\/v2\/media?parent=912"}],"wp:term":[{"taxonomy":"post_tag","embeddable":true,"href":"https:\/\/popjazz.fi\/PJKits\/basso\/wp-json\/wp\/v2\/tags?post=912"}],"curies":[{"name":"wp","href":"https:\/\/api.w.org\/{rel}","templated":true}]}}