{"id":918,"date":"2020-01-20T10:14:36","date_gmt":"2020-01-20T08:14:36","guid":{"rendered":"https:\/\/popjazz.fi\/PJKits\/basso\/?page_id=918"},"modified":"2021-03-16T15:22:10","modified_gmt":"2021-03-16T13:22:10","slug":"harmonisen-mollin-v-asteen-moodi-vahintaan-kaksi-oktaavia","status":"publish","type":"page","link":"https:\/\/popjazz.fi\/PJKits\/basso\/basso-oppimistavoitevideot\/harmonia\/harmonisen-mollin-v-asteen-moodi-vahintaan-kaksi-oktaavia\/","title":{"rendered":"Harmonisen mollin V-asteen moodi v\u00e4hint\u00e4\u00e4n kaksi oktaavia"},"content":{"rendered":"<p><!--StartFragment--><\/p>\n<p><!--StartFragment--><\/p>\n<p><!--StartFragment--><\/p>\n\n\n<p>Harmonisen mollin V-moodi on duuris\u00e4vyinen moodi ja intervallirakenteeltaan kuten duuri, jonka 2,6 ja 7 s\u00e4vel on alennettu. Harmonisen mollin V moodia kutsutaan my\u00f6s nimell\u00e4 mixb2b6, joka ilmaisee, miten asteikko poikkeaa duurin V asteen moodista miksolyydisest\u00e4, sek\u00e4 nimell\u00e4 phrygian dominant, joka ilmaisee, ett\u00e4 kyseess\u00e4 on dominanttiseptimisointua ilment\u00e4v\u00e4 asteikko, jonka karakteeris\u00e4velet ovat samat kuin fryygisess\u00e4 asteikossa, eli alennettu toinen ja alennettu kuudes s\u00e4vel.<\/p>\n\n\n\n<p>Harmonisen mollin V moodin intervallirakenne on 1,b2,3,4,5,b6 ja b7.<\/p>\n\n\n\n<p>S\u00e4velest\u00e4 G alkava harmonisen mollin V moodi on nimelt\u00e4\u00e4n G-harmonisen mollin V moodi.<\/p>\n\n\n\n<figure class=\"wp-block-image size-large\"><img loading=\"lazy\" decoding=\"async\" width=\"1024\" height=\"133\" src=\"https:\/\/popjazz.fi\/PJKits\/basso\/wp-content\/uploads\/sites\/4\/2021\/03\/harm.mol_.V-moodi-2okt-1024x133.png\" alt=\"\" class=\"wp-image-2994\" srcset=\"https:\/\/popjazz.fi\/PJKits\/basso\/wp-content\/uploads\/sites\/4\/2021\/03\/harm.mol_.V-moodi-2okt-1024x133.png 1024w, https:\/\/popjazz.fi\/PJKits\/basso\/wp-content\/uploads\/sites\/4\/2021\/03\/harm.mol_.V-moodi-2okt-300x39.png 300w, https:\/\/popjazz.fi\/PJKits\/basso\/wp-content\/uploads\/sites\/4\/2021\/03\/harm.mol_.V-moodi-2okt-150x19.png 150w, https:\/\/popjazz.fi\/PJKits\/basso\/wp-content\/uploads\/sites\/4\/2021\/03\/harm.mol_.V-moodi-2okt-768x100.png 768w, https:\/\/popjazz.fi\/PJKits\/basso\/wp-content\/uploads\/sites\/4\/2021\/03\/harm.mol_.V-moodi-2okt-1536x199.png 1536w, https:\/\/popjazz.fi\/PJKits\/basso\/wp-content\/uploads\/sites\/4\/2021\/03\/harm.mol_.V-moodi-2okt-2048x266.png 2048w, https:\/\/popjazz.fi\/PJKits\/basso\/wp-content\/uploads\/sites\/4\/2021\/03\/harm.mol_.V-moodi-2okt-1200x156.png 1200w\" sizes=\"auto, (max-width: 709px) 85vw, (max-width: 909px) 67vw, (max-width: 1362px) 62vw, 840px\" \/><\/figure>\n\n\n\n<p>G-harmonisen mollin V-moodille l\u00e4heisin nelisointu on dominanttiseptimisointu, G7.<\/p>\n\n\n\n<p>Harmonisen mollin V-moodi sis\u00e4lt\u00e4\u00e4 dominanttiseptimisoinnun lis\u00e4s\u00e4velen b9. Reaalisointumerkint\u00e4 t\u00e4lle soinnulle lis\u00e4s\u00e4velineen on G7suluissa b9<\/p>\n\n\n\n<p><strong>Soittamiseen yli oktaavin <\/strong>alueella on sorimituksellisesti monta vaihtoehtoa ja kulloiseenkin tilanteeseen soveltuva tapa riippuu mm. toivotusta soundista ja kappaleen temposta.<\/p>\n\n\n\n<p>Yksi tapa harjoitella asteikoita on toistaa valittu sormitus okataavia ylemp\u00e4\u00e4. T\u00e4ll\u00f6in &#8221;toiseen oktaaviin&#8221; hyp\u00e4t\u00e4\u00e4n kun ensimm\u00e4isen oktaavin V, eli kvintti-\u00e4\u00e4ni on soitettu. T\u00e4ll\u00f6in kvinti\u00e4\u00e4ni soitetaan pikkusormella, jonka j\u00e4lkeen otelautak\u00e4si siirtyy samalla kielell\u00e4 ylemm\u00e4ksi, asteikon kuudes s\u00e4vel soitetaan etusormella ja seits\u00e4m\u00e4s nimett\u00f6m\u00e4ll\u00e4, jonka j\u00e4lkeen siirryt\u00e4\u00e4n oktaaviasemaan j\u00e4lleen etusormella ja ensimm\u00e4isen oktaavin sormitus toistetaan toisessa oktaavissa.<\/p>\n\n\n\n<h4 class=\"wp-block-heading\">Video<\/h4>\n\n\n\n<figure class=\"wp-block-embed-vimeo wp-block-embed is-type-video is-provider-vimeo wp-embed-aspect-16-9 wp-has-aspect-ratio\"><div class=\"wp-block-embed__wrapper\">\n<iframe loading=\"lazy\" src=\"https:\/\/player.vimeo.com\/video\/521786574?dnt=1&amp;app_id=122963\" width=\"840\" height=\"473\" frameborder=\"0\" allow=\"autoplay; fullscreen; picture-in-picture\" allowfullscreen><\/iframe>\n<\/div><figcaption>Harmonisen mollin V-moodi<\/figcaption><\/figure>\n\n\n\n<hr class=\"wp-block-separator\"\/>\n\n\n\n<p class=\"has-medium-font-size\">Katso my\u00f6s:<\/p>\n\n\n<style><\/style><div class=\"wplp_outside wplp_widget_1711\" style=\"max-width:100%;\"><span class=\"wpcu_block_title\">Harmonisen mollin V- asteen moodi, 1 oktaavi<\/span><div id=\"wplp_widget_1711\" class=\"wplp_widget_default wplp_container vertical swiper wplp-swiper default cols3\" data-theme=\"default\" data-post=\"1711\" style=\"\" data-max-elts=\"2\" data-per-page=\"10\"><div class=\"wplp_listposts swiper-wrapper\" id=\"default_1711\" style=\"width: 100%;\" ><div class=\"swiper-slide\" style=\"\"><div class=\"insideframe\"><div id=\"wplp_box_top_1711_329\" class=\"wpcu-front-box top equalHeightImg\" ><div class=\"wplp-box-item\"><a href=\"https:\/\/popjazz.fi\/PJKits\/basso\/basso-oppimistavoitevideot\/harmonia\/harmonisen-mollin-sointuasteet-kolmisoinnuin\/\"  class=\"thumbnail\"><span class=\"img_cropper\" style=\"width:150px;height:150px;margin-right:4px;margin-bottom:4px;max-width:100%;\"><img decoding=\"async\" src=\"https:\/\/popjazz.fi\/PJKits\/basso\/wp-content\/uploads\/sites\/4\/2020\/02\/bs_ic_material_product_icon_192pxxxhdpi-150x150.png\" style=\"position: absolute;top: 50%;margin-top: -75px;aspect-ratio:4\/3;\" srcset=\"\" alt=\"Harmonisen mollin sointuasteet kolmisoinnuin\" class=\"wplp_thumb\" \/><\/span><\/a><a href=\"https:\/\/popjazz.fi\/PJKits\/basso\/basso-oppimistavoitevideot\/harmonia\/harmonisen-mollin-sointuasteet-kolmisoinnuin\/\"  class=\"title\">Harmonisen mollin sointuasteet kolmisoinnuin<\/a><\/div><\/div><div id=\"wplp_box_left_1711_329\" class=\"wpcu-front-box left wpcu-custom-position\" ><div class=\"wplp-box-item\"><\/div><\/div><div id=\"wplp_box_right_1711_329\" class=\"wpcu-front-box right wpcu-custom-position\" ><div class=\"wplp-box-item\"><\/div><\/div><div id=\"wplp_box_bottom_1711_329\" class=\"wpcu-front-box bottom \" ><div class=\"wplp-box-item\"><span class=\"date\">5.10.2019<\/span><span class=\"text\"><span style=\"max-height:2.8em\" class=\"line_limit\">Kolmisoinnut muodostuvat soittamalla asteikosta kolme s\u00e4velt\u00e4 k\u00e4ytt\u00e4en asteikon joka toista s\u00e4velt\u00e4. Kolmisointu voidaan muodostaa my\u00f6s jokaiselle asteikon s\u00e4velasteelle erikseen. T\u00e4ll\u00f6in asteikon ensimm\u00e4inen, kolmas ja viides s\u00e4vel muodostavat asteikon toonikakolmisoinnun. Asteikon toiselle asteelle muodostuva kolmisointu sis\u00e4lt\u00e4\u00e4 taas kyseisen asteikon toisen, nelj\u00e4nnen ja kuudennen s\u00e4velen, ja niin edelleen. T\u00e4ll\u00e4 tavoin saadaan jokaiselle asteelle oma kolmisointunsa, jonka sointutyyppi m\u00e4\u00e4r\u00e4ytyy asteikon mukaan.\n\n\n\nHamonisen mollin sointuasteen A -kielelt\u00e4 sormitettuna\n\n\n\n\n\n\n\nHamonisen mollin sointuasteen A ja D -kielelt\u00e4 sormitettuna\n\n\n\n\n\n\n\nVideo\n\n\n\n\n\n\n\n\n\n\n\n\n\nKatso my\u00f6s:<\/span><span style=\"margin-left:3px; max-height:2.8em\" class=\"line_limit\"> [...]<\/span><\/span><span class=\"custom_fields\">\n<!-- WPLP Unknown field: Custom_Fields -->\n<\/span><\/div><\/div><\/div><\/div><div class=\"swiper-slide\" style=\"\"><div class=\"insideframe\"><div id=\"wplp_box_top_1711_313\" class=\"wpcu-front-box top equalHeightImg\" ><div class=\"wplp-box-item\"><a href=\"https:\/\/popjazz.fi\/PJKits\/basso\/basso-oppimistavoitevideot\/harmonia\/harmoninen-molli\/\"  class=\"thumbnail\"><span class=\"img_cropper\" style=\"width:150px;height:150px;margin-right:4px;margin-bottom:4px;max-width:100%;\"><img decoding=\"async\" src=\"https:\/\/popjazz.fi\/PJKits\/basso\/wp-content\/uploads\/sites\/4\/2020\/02\/bs_ic_material_product_icon_192pxxxhdpi-150x150.png\" style=\"position: absolute;top: 50%;margin-top: -75px;aspect-ratio:4\/3;\" srcset=\"\" alt=\"Harmoninen molli\" class=\"wplp_thumb\" \/><\/span><\/a><a href=\"https:\/\/popjazz.fi\/PJKits\/basso\/basso-oppimistavoitevideot\/harmonia\/harmoninen-molli\/\"  class=\"title\">Harmoninen molli<\/a><\/div><\/div><div id=\"wplp_box_left_1711_313\" class=\"wpcu-front-box left wpcu-custom-position\" ><div class=\"wplp-box-item\"><\/div><\/div><div id=\"wplp_box_right_1711_313\" class=\"wpcu-front-box right wpcu-custom-position\" ><div class=\"wplp-box-item\"><\/div><\/div><div id=\"wplp_box_bottom_1711_313\" class=\"wpcu-front-box bottom \" ><div class=\"wplp-box-item\"><span class=\"date\">5.10.2019<\/span><span class=\"text\"><span style=\"max-height:2.8em\" class=\"line_limit\">Harmoninen molli eroaa luonnollisesta mollista sen seitsem\u00e4nnen s\u00e4velen kohdalla, joka on korotettu suhteessa luonnolliseen molliin. \n\n\n\nEsimerkiksi A -harmonisen mollin s\u00e4velet ovat a, b, c, d, e, f ja g#\n\n\n\n\n\n\n\n\n\n\n\nKoska jokaisen harmonisen molliasteikon s\u00e4velten v\u00e4liset intervallit ovat identtiset, asteikoille kannattaa opetella yksi sormitus, joka toistuu kaikissa luonnollisissa molliasteikoissa samanlaisena. N\u00e4in asteikon voi toistaa k\u00e4ytt\u00e4m\u00e4ll\u00e4 samaa sormitusta vain vaihtamalla asemaa kaulalla. \n\n\n\nJos A -harmoninen molliasteikko soitetaan 1. asemasta, t\u00e4ll\u00f6in etusormi on 1. nauhavalill\u00e4, keskisormi 2. nauhav\u00e4lill\u00e4 jne ja ensimm\u00e4inen a -s\u00e4vel soitetaan vapaalta a -kielelt\u00e4.\n\n\n\nVideo\n\n\n\n\n\n\n\n\n\n\n\n\n\nKatso my\u00f6s:<\/span><span style=\"margin-left:3px; max-height:2.8em\" class=\"line_limit\"> [...]<\/span><\/span><span class=\"custom_fields\">\n<!-- WPLP Unknown field: Custom_Fields -->\n<\/span><\/div><\/div><\/div><\/div><\/div><div class=\"swiper-button-next\"><\/div><div class=\"swiper-button-prev\"><\/div><div class=\"swiper-pagination\"><\/div><\/div><\/div>\n","protected":false},"excerpt":{"rendered":"<p>Harmonisen mollin V-moodi on duuris\u00e4vyinen moodi ja intervallirakenteeltaan kuten duuri, jonka 2,6 ja 7 s\u00e4vel on alennettu. Harmonisen mollin V moodia kutsutaan my\u00f6s nimell\u00e4 mixb2b6, joka ilmaisee, miten asteikko poikkeaa duurin V asteen moodista miksolyydisest\u00e4, sek\u00e4 nimell\u00e4 phrygian dominant, joka ilmaisee, ett\u00e4 kyseess\u00e4 on dominanttiseptimisointua ilment\u00e4v\u00e4 asteikko, jonka karakteeris\u00e4velet ovat samat kuin fryygisess\u00e4 asteikossa, eli &hellip; <a href=\"https:\/\/popjazz.fi\/PJKits\/basso\/basso-oppimistavoitevideot\/harmonia\/harmoninen-molli\/\" class=\"more-link\">Jatka lukemista<span class=\"screen-reader-text\"> &#8221;Harmoninen molli&#8221;<\/span><\/a><\/p>\n","protected":false},"author":1,"featured_media":1282,"parent":43,"menu_order":42,"comment_status":"closed","ping_status":"closed","template":"","meta":{"footnotes":""},"tags":[],"class_list":["post-918","page","type-page","status-publish","has-post-thumbnail","hentry"],"_links":{"self":[{"href":"https:\/\/popjazz.fi\/PJKits\/basso\/wp-json\/wp\/v2\/pages\/918","targetHints":{"allow":["GET"]}}],"collection":[{"href":"https:\/\/popjazz.fi\/PJKits\/basso\/wp-json\/wp\/v2\/pages"}],"about":[{"href":"https:\/\/popjazz.fi\/PJKits\/basso\/wp-json\/wp\/v2\/types\/page"}],"author":[{"embeddable":true,"href":"https:\/\/popjazz.fi\/PJKits\/basso\/wp-json\/wp\/v2\/users\/1"}],"replies":[{"embeddable":true,"href":"https:\/\/popjazz.fi\/PJKits\/basso\/wp-json\/wp\/v2\/comments?post=918"}],"version-history":[{"count":6,"href":"https:\/\/popjazz.fi\/PJKits\/basso\/wp-json\/wp\/v2\/pages\/918\/revisions"}],"predecessor-version":[{"id":2995,"href":"https:\/\/popjazz.fi\/PJKits\/basso\/wp-json\/wp\/v2\/pages\/918\/revisions\/2995"}],"up":[{"embeddable":true,"href":"https:\/\/popjazz.fi\/PJKits\/basso\/wp-json\/wp\/v2\/pages\/43"}],"wp:featuredmedia":[{"embeddable":true,"href":"https:\/\/popjazz.fi\/PJKits\/basso\/wp-json\/wp\/v2\/media\/1282"}],"wp:attachment":[{"href":"https:\/\/popjazz.fi\/PJKits\/basso\/wp-json\/wp\/v2\/media?parent=918"}],"wp:term":[{"taxonomy":"post_tag","embeddable":true,"href":"https:\/\/popjazz.fi\/PJKits\/basso\/wp-json\/wp\/v2\/tags?post=918"}],"curies":[{"name":"wp","href":"https:\/\/api.w.org\/{rel}","templated":true}]}}