{"id":926,"date":"2020-01-20T10:25:47","date_gmt":"2020-01-20T08:25:47","guid":{"rendered":"https:\/\/popjazz.fi\/PJKits\/basso\/?page_id=926"},"modified":"2021-03-16T15:53:20","modified_gmt":"2021-03-16T13:53:20","slug":"kokosavelalasteikko-vahintaan-kaksi-oktaavia","status":"publish","type":"page","link":"https:\/\/popjazz.fi\/PJKits\/basso\/basso-oppimistavoitevideot\/harmonia\/kokosavelalasteikko-vahintaan-kaksi-oktaavia\/","title":{"rendered":"Kokos\u00e4velalasteikko v\u00e4hint\u00e4\u00e4n kaksi oktaavia"},"content":{"rendered":"\n<hr class=\"wp-block-separator\"\/>\n\n\n\n<p>Kokos\u00e4velasteikko on yksi ns. symmetrisi\u00e4 asteikoita, eli se muodostuu symmetrisist\u00e4 intervallipareista.<\/p>\n\n\n\n<p>Kokos\u00e4velasteikko, englanniksi whole tone scale, perustuu oktaavin jakoon<br>kuuteen yht\u00e4 suureen osaan. Kokos\u00e4velasteikko on siis symmetrinen asteikko ja nimens\u00e4 mukaisesti se muodostuu kuudesta per\u00e4kk\u00e4isest\u00e4 kokos\u00e4velaskeleesta. <br><br>Kokos\u00e4velasteikon intervallirakenne on 1, 2, 3, #4, #5 ja b7.<\/p>\n\n\n\n<figure class=\"wp-block-image size-large\"><img loading=\"lazy\" decoding=\"async\" width=\"1024\" height=\"157\" src=\"https:\/\/popjazz.fi\/PJKits\/basso\/wp-content\/uploads\/sites\/4\/2021\/03\/kokosavast-1024x157.png\" alt=\"\" class=\"wp-image-3004\" srcset=\"https:\/\/popjazz.fi\/PJKits\/basso\/wp-content\/uploads\/sites\/4\/2021\/03\/kokosavast-1024x157.png 1024w, https:\/\/popjazz.fi\/PJKits\/basso\/wp-content\/uploads\/sites\/4\/2021\/03\/kokosavast-300x46.png 300w, https:\/\/popjazz.fi\/PJKits\/basso\/wp-content\/uploads\/sites\/4\/2021\/03\/kokosavast-150x23.png 150w, https:\/\/popjazz.fi\/PJKits\/basso\/wp-content\/uploads\/sites\/4\/2021\/03\/kokosavast-768x117.png 768w, https:\/\/popjazz.fi\/PJKits\/basso\/wp-content\/uploads\/sites\/4\/2021\/03\/kokosavast-1536x235.png 1536w, https:\/\/popjazz.fi\/PJKits\/basso\/wp-content\/uploads\/sites\/4\/2021\/03\/kokosavast-2048x313.png 2048w, https:\/\/popjazz.fi\/PJKits\/basso\/wp-content\/uploads\/sites\/4\/2021\/03\/kokosavast-1200x184.png 1200w\" sizes=\"auto, (max-width: 709px) 85vw, (max-width: 909px) 67vw, (max-width: 1362px) 62vw, 840px\" \/><\/figure>\n\n\n\n<p>C-kokos\u00e4velasteikolle l\u00e4heisin nelisointu on dominanttiseptimisointu,<br>jossa on muunnettu kvintti, esimerkiksi C7#5.<\/p>\n\n\n\n<h4 class=\"wp-block-heading\">Video<\/h4>\n\n\n\n<figure class=\"wp-block-embed-vimeo wp-block-embed is-type-video is-provider-vimeo wp-embed-aspect-16-9 wp-has-aspect-ratio\"><div class=\"wp-block-embed__wrapper\">\n<iframe loading=\"lazy\" src=\"https:\/\/player.vimeo.com\/video\/521787728?dnt=1&amp;app_id=122963\" width=\"840\" height=\"473\" frameborder=\"0\" allow=\"autoplay; fullscreen; picture-in-picture\" allowfullscreen><\/iframe>\n<\/div><figcaption>Kokos\u00e4velasteikko<\/figcaption><\/figure>\n\n\n\n<hr class=\"wp-block-separator\"\/>\n\n\n\n<p class=\"has-medium-font-size\">Katso my\u00f6s:<\/p>\n\n\n<style><\/style><div class=\"wplp_outside wplp_widget_1823\" style=\"max-width:100%;\"><span class=\"wpcu_block_title\">Kokos\u00e4velalasteikko<\/span><div id=\"wplp_widget_1823\" class=\"wplp_widget_default wplp_container vertical swiper wplp-swiper default cols3\" data-theme=\"default\" data-post=\"1823\" style=\"\" data-max-elts=\"3\" data-per-page=\"10\"><div class=\"wplp_listposts swiper-wrapper\" id=\"default_1823\" style=\"width: 100%;\" ><div class=\"swiper-slide\" style=\"\"><div class=\"insideframe\"><div id=\"wplp_box_top_1823_928\" class=\"wpcu-front-box top equalHeightImg\" ><div class=\"wplp-box-item\"><a href=\"https:\/\/popjazz.fi\/PJKits\/basso\/basso-oppimistavoitevideot\/harmonia\/muunnesavelasteikko-alt-asteikko-vahintaan-kaksi-oktaavia\/\"  class=\"thumbnail\"><span class=\"img_cropper\" style=\"width:150px;height:150px;margin-right:4px;margin-bottom:4px;max-width:100%;\"><img decoding=\"async\" src=\"https:\/\/popjazz.fi\/PJKits\/basso\/wp-content\/uploads\/sites\/4\/2020\/02\/bs_ic_material_product_icon_192pxxxhdpi-150x150.png\" style=\"position: absolute;top: 50%;margin-top: -75px;aspect-ratio:4\/3;\" srcset=\"\" alt=\"Muunnes\u00e4velasteikko (alt- asteikko) v\u00e4hint\u00e4\u00e4n kaksi oktaavia\" class=\"wplp_thumb\" \/><\/span><\/a><a href=\"https:\/\/popjazz.fi\/PJKits\/basso\/basso-oppimistavoitevideot\/harmonia\/muunnesavelasteikko-alt-asteikko-vahintaan-kaksi-oktaavia\/\"  class=\"title\">Muunnes\u00e4velasteikko (alt- asteikko) v\u00e4hint\u00e4\u00e4n kaksi oktaavia<\/a><\/div><\/div><div id=\"wplp_box_left_1823_928\" class=\"wpcu-front-box left wpcu-custom-position\" ><div class=\"wplp-box-item\"><\/div><\/div><div id=\"wplp_box_right_1823_928\" class=\"wpcu-front-box right wpcu-custom-position\" ><div class=\"wplp-box-item\"><\/div><\/div><div id=\"wplp_box_bottom_1823_928\" class=\"wpcu-front-box bottom \" ><div class=\"wplp-box-item\"><span class=\"date\">20.1.2020<\/span><span class=\"text\"><span style=\"max-height:2.8em\" class=\"line_limit\">Muunnes\u00e4vel- eli alt-asteikko (engl. altered scale) on jazzmollin Vll moodi. Alt-asteikko sis\u00e4lt\u00e4\u00e4 dominanttiseptimisoinnun karakt\u00e4\u00e4ris\u00e4velten 3 ja b7 lis\u00e4ksi dominanttiseptimisoinnun noonin (9) ja kvintin (5) muunnokset. T\u00e4st\u00e4 johtuu my\u00f6s asteikon nimi alt = lyhennys sanasta altered eli muunnettu\n\n\n\nAlt-asteikon intervallirakenne on siis 1,b2,b3,b4,b5,b6,b7,\n\n\n\nS\u00e4velest\u00e4 C-alkava alt-asteikko on nimelt\u00e4\u00e4n C-alt-asteikko.\n\n\n\n\n\n\n\n\n\n\n\nC-alt-asteikolle l\u00e4heisin nelisointu on dominanttiseptimisointu, jossa on muunnettu kvintti, C7b5 tai C7#5.\n\n\n\nC-alt-asteikko sis\u00e4lt\u00e4\u00e4 C7b5 tai C7#5 -soinnun kaikki mahdolliset lis\u00e4s\u00e4velet: pienen tai ylinousevan noonin, #11 ja\/tai b13. Mahdollisia reaalisointumerkint\u00f6j\u00e4 n\u00e4ille soinnuille lis\u00e4s\u00e4velineen on useita, esim. C7(#11#9#5) tai C7(b13b9b5).&nbsp;\n\n\n\nYksinkertaisin sointumerkint\u00e4tapa muunnetun kvintin ja muunnetun noonin sis\u00e4lt\u00e4v\u00e4lle dominanttisoinnulle on yksinkertaisesti C7alt.\n\n\n\nVideo\n\n\n\n\n\nAlt-asteikko\n\n\n\n\n\n\n\nKatso my\u00f6s:<\/span><span style=\"margin-left:3px; max-height:2.8em\" class=\"line_limit\"> [...]<\/span><\/span><span class=\"custom_fields\">\n<!-- WPLP Unknown field: Custom_Fields -->\n<\/span><\/div><\/div><\/div><\/div><div class=\"swiper-slide\" style=\"\"><div class=\"insideframe\"><div id=\"wplp_box_top_1823_924\" class=\"wpcu-front-box top equalHeightImg\" ><div class=\"wplp-box-item\"><a href=\"https:\/\/popjazz.fi\/PJKits\/basso\/basso-oppimistavoitevideot\/harmonia\/vahennetty-ja-dominanttidim-asteikko-vahintaan-kaksi-oktaavia\/\"  class=\"thumbnail\"><span class=\"img_cropper\" style=\"width:150px;height:150px;margin-right:4px;margin-bottom:4px;max-width:100%;\"><img decoding=\"async\" src=\"https:\/\/popjazz.fi\/PJKits\/basso\/wp-content\/uploads\/sites\/4\/2020\/02\/bs_ic_material_product_icon_192pxxxhdpi-150x150.png\" style=\"position: absolute;top: 50%;margin-top: -75px;aspect-ratio:4\/3;\" srcset=\"\" alt=\"V\u00e4hennetty- ja dominanttidim-asteikko v\u00e4hint\u00e4\u00e4n kaksi oktaavia\" class=\"wplp_thumb\" \/><\/span><\/a><a href=\"https:\/\/popjazz.fi\/PJKits\/basso\/basso-oppimistavoitevideot\/harmonia\/vahennetty-ja-dominanttidim-asteikko-vahintaan-kaksi-oktaavia\/\"  class=\"title\">V\u00e4hennetty- ja dominanttidim-asteikko v\u00e4hint\u00e4\u00e4n kaksi oktaavia<\/a><\/div><\/div><div id=\"wplp_box_left_1823_924\" class=\"wpcu-front-box left wpcu-custom-position\" ><div class=\"wplp-box-item\"><\/div><\/div><div id=\"wplp_box_right_1823_924\" class=\"wpcu-front-box right wpcu-custom-position\" ><div class=\"wplp-box-item\"><\/div><\/div><div id=\"wplp_box_bottom_1823_924\" class=\"wpcu-front-box bottom \" ><div class=\"wplp-box-item\"><span class=\"date\">20.1.2020<\/span><span class=\"text\"><span style=\"max-height:2.8em\" class=\"line_limit\">V\u00e4hennetty ja dominanttidimi asteikot ovat ns. symmetrisi\u00e4 asteikoita, eli ne muodostuvat symmetrisist\u00e4 toistuvista intervallipareista.\n\n\n\nV\u00e4hennetty asteikko\n\n\n\nV\u00e4hennetty asteikko, eli dimiasteikko on kahdeksans\u00e4velinen symmetrinen asteikko, joka muodostuu vuorottelevista koko- ja puolis\u00e4velaskelista. Dimiasteikko on l\u00e4heisin asteikko v\u00e4hennetylle nelisoinnulle. Esimerkiksi c-dimiasteikon s\u00e4velet ovat C, D, Eb, F, Gb, Ab, A ja B\n\n\n\n\n\n\n\n\n\nV\u00e4hennetty asteikko (diminished scale)\n\n\n\nDominanttidimiasteikko\n\n\n\nPuolis\u00e4velaskelella alkava dimiasteikko, eli niin sanottu dominanttidimiasteikko koostuu vuorottelevista puoli- ja kokos\u00e4velist\u00e4. Se on l\u00e4heisin asteikko dominanttiseptimisoinnulle, joka sis\u00e4lt\u00e4\u00e4 muunnetun noonin, muuntamattoman kvintin, ylinousevan undesimin #11 ja suuren tredesimin eli 13. Dominanttidimi\u00e4 voidaan k\u00e4ytt\u00e4\u00e4 my\u00f6s muuntamattoman dominanttiseptimisoinnun yhteydess\u00e4 j\u00e4nnitteisemp\u00e4n\u00e4 asteikkovaihtoehtona.\n\n\n\n Esimerkiksi c-dimiasteikon s\u00e4velet ovat C, Db, Eb, Fb, Gb, G, A ja Bb\n\n\n\n\n\n\n\n\n\nDominanttidimiasteikko (dominant diminished scale)\n\n\n\n\n\n\n\nKatso my\u00f6s:<\/span><span style=\"margin-left:3px; max-height:2.8em\" class=\"line_limit\"> [...]<\/span><\/span><span class=\"custom_fields\">\n<!-- WPLP Unknown field: Custom_Fields -->\n<\/span><\/div><\/div><\/div><\/div><div class=\"swiper-slide\" style=\"\"><div class=\"insideframe\"><div id=\"wplp_box_top_1823_922\" class=\"wpcu-front-box top equalHeightImg\" ><div class=\"wplp-box-item\"><a href=\"https:\/\/popjazz.fi\/PJKits\/basso\/basso-oppimistavoitevideot\/harmonia\/ylasavelasteikko-vahintaan-kaksi-oktaavia\/\"  class=\"thumbnail\"><span class=\"img_cropper\" style=\"width:150px;height:150px;margin-right:4px;margin-bottom:4px;max-width:100%;\"><img decoding=\"async\" src=\"https:\/\/popjazz.fi\/PJKits\/basso\/wp-content\/uploads\/sites\/4\/2020\/02\/bs_ic_material_product_icon_192pxxxhdpi-150x150.png\" style=\"position: absolute;top: 50%;margin-top: -75px;aspect-ratio:4\/3;\" srcset=\"\" alt=\"Yl\u00e4s\u00e4velasteikko v\u00e4hint\u00e4\u00e4n kaksi oktaavia\" class=\"wplp_thumb\" \/><\/span><\/a><a href=\"https:\/\/popjazz.fi\/PJKits\/basso\/basso-oppimistavoitevideot\/harmonia\/ylasavelasteikko-vahintaan-kaksi-oktaavia\/\"  class=\"title\">Yl\u00e4s\u00e4velasteikko v\u00e4hint\u00e4\u00e4n kaksi oktaavia<\/a><\/div><\/div><div id=\"wplp_box_left_1823_922\" class=\"wpcu-front-box left wpcu-custom-position\" ><div class=\"wplp-box-item\"><\/div><\/div><div id=\"wplp_box_right_1823_922\" class=\"wpcu-front-box right wpcu-custom-position\" ><div class=\"wplp-box-item\"><\/div><\/div><div id=\"wplp_box_bottom_1823_922\" class=\"wpcu-front-box bottom \" ><div class=\"wplp-box-item\"><span class=\"date\">20.1.2020<\/span><span class=\"text\"><span style=\"max-height:2.8em\" class=\"line_limit\">Yl\u00e4s\u00e4velasteikko, eli overtone scale on jazzmollin 4.moodi. Se on duuris\u00e4vyinen moodi ja intervallirakenteeltaan kuten miksolyydinen, jonka 4. s\u00e4vel on ylennetty. Yl\u00e4s\u00e4velasteikkoa kutsutaan my\u00f6s nimell\u00e4 lydian dominant. Overtone on l\u00e4heisin asteikko dominanttiseptimisoinnulle, jossa on suuri nooni, suuri 13 sek\u00e4 #11\n\n\n\nC-yl\u00e4s\u00e4velasteikko\n\n\n\nVideo\n\n\n\n\n\nYl\u00e4s\u00e4velasteikko (overtone scale)\n\n\n\n\n\n\n\nKatso my\u00f6s:<\/span><span style=\"margin-left:3px; max-height:2.8em\" class=\"line_limit\"> [...]<\/span><\/span><span class=\"custom_fields\">\n<!-- WPLP Unknown field: Custom_Fields -->\n<\/span><\/div><\/div><\/div><\/div><\/div><div class=\"swiper-button-next\"><\/div><div class=\"swiper-button-prev\"><\/div><div class=\"swiper-pagination\"><\/div><\/div><\/div>\n","protected":false},"excerpt":{"rendered":"<p>Kokos\u00e4velasteikko on yksi ns. symmetrisi\u00e4 asteikoita, eli se muodostuu symmetrisist\u00e4 intervallipareista. Kokos\u00e4velasteikko, englanniksi whole tone scale, perustuu oktaavin jakoonkuuteen yht\u00e4 suureen osaan. Kokos\u00e4velasteikko on siis symmetrinen asteikko ja nimens\u00e4 mukaisesti se muodostuu kuudesta per\u00e4kk\u00e4isest\u00e4 kokos\u00e4velaskeleesta. Kokos\u00e4velasteikon intervallirakenne on 1, 2, 3, #4, #5 ja b7. C-kokos\u00e4velasteikolle l\u00e4heisin nelisointu on dominanttiseptimisointu,jossa on muunnettu kvintti, esimerkiksi C7#5. &hellip; <a href=\"https:\/\/popjazz.fi\/PJKits\/basso\/basso-oppimistavoitevideot\/harmonia\/ylasavelasteikko-vahintaan-kaksi-oktaavia\/\" class=\"more-link\">Jatka lukemista<span class=\"screen-reader-text\"> &#8221;Yl\u00e4s\u00e4velasteikko v\u00e4hint\u00e4\u00e4n kaksi oktaavia&#8221;<\/span><\/a><\/p>\n","protected":false},"author":1,"featured_media":1282,"parent":43,"menu_order":46,"comment_status":"closed","ping_status":"closed","template":"","meta":{"footnotes":""},"tags":[],"class_list":["post-926","page","type-page","status-publish","has-post-thumbnail","hentry"],"_links":{"self":[{"href":"https:\/\/popjazz.fi\/PJKits\/basso\/wp-json\/wp\/v2\/pages\/926","targetHints":{"allow":["GET"]}}],"collection":[{"href":"https:\/\/popjazz.fi\/PJKits\/basso\/wp-json\/wp\/v2\/pages"}],"about":[{"href":"https:\/\/popjazz.fi\/PJKits\/basso\/wp-json\/wp\/v2\/types\/page"}],"author":[{"embeddable":true,"href":"https:\/\/popjazz.fi\/PJKits\/basso\/wp-json\/wp\/v2\/users\/1"}],"replies":[{"embeddable":true,"href":"https:\/\/popjazz.fi\/PJKits\/basso\/wp-json\/wp\/v2\/comments?post=926"}],"version-history":[{"count":5,"href":"https:\/\/popjazz.fi\/PJKits\/basso\/wp-json\/wp\/v2\/pages\/926\/revisions"}],"predecessor-version":[{"id":3005,"href":"https:\/\/popjazz.fi\/PJKits\/basso\/wp-json\/wp\/v2\/pages\/926\/revisions\/3005"}],"up":[{"embeddable":true,"href":"https:\/\/popjazz.fi\/PJKits\/basso\/wp-json\/wp\/v2\/pages\/43"}],"wp:featuredmedia":[{"embeddable":true,"href":"https:\/\/popjazz.fi\/PJKits\/basso\/wp-json\/wp\/v2\/media\/1282"}],"wp:attachment":[{"href":"https:\/\/popjazz.fi\/PJKits\/basso\/wp-json\/wp\/v2\/media?parent=926"}],"wp:term":[{"taxonomy":"post_tag","embeddable":true,"href":"https:\/\/popjazz.fi\/PJKits\/basso\/wp-json\/wp\/v2\/tags?post=926"}],"curies":[{"name":"wp","href":"https:\/\/api.w.org\/{rel}","templated":true}]}}