{"id":930,"date":"2020-01-20T10:26:31","date_gmt":"2020-01-20T08:26:31","guid":{"rendered":"https:\/\/popjazz.fi\/PJKits\/basso\/?page_id=930"},"modified":"2021-11-29T14:28:57","modified_gmt":"2021-11-29T12:28:57","slug":"lydian-augmented","status":"publish","type":"page","link":"https:\/\/popjazz.fi\/PJKits\/basso\/basso-oppimistavoitevideot\/harmonia\/lydian-augmented\/","title":{"rendered":"Lydian augmented"},"content":{"rendered":"\n<p>Lydian augmented (suomeksi lyydinen ylinouseva) on jazzmollin lll-moodi. Se on duuris\u00e4vyinen moodi ja intervallirakenteeltaan kuten duuri, jonka 4. ja 5. s\u00e4vel on ylennetty. Asteikon nimi lydian augmented viittaa siihen, ett\u00e4 se on kuten lyydinen moodi, jonka V-s\u00e4vel on korotettu (augmented).<\/p>\n\n\n\n<p>Lydian augmented-asteikon intervallirakenne on siis 1,2,3,#4,#5,6,7<\/p>\n\n\n\n<p>S\u00e4velest\u00e4 C alkava lydian augmented-moodi on nimelt\u00e4\u00e4n C-lydian augmented.<\/p>\n\n\n\n<figure class=\"wp-block-image size-large\"><img loading=\"lazy\" decoding=\"async\" width=\"1024\" height=\"124\" src=\"https:\/\/popjazz.fi\/PJKits\/basso\/wp-content\/uploads\/sites\/4\/2021\/03\/lydianaug-1024x124.png\" alt=\"\" class=\"wp-image-3008\" srcset=\"https:\/\/popjazz.fi\/PJKits\/basso\/wp-content\/uploads\/sites\/4\/2021\/03\/lydianaug-1024x124.png 1024w, https:\/\/popjazz.fi\/PJKits\/basso\/wp-content\/uploads\/sites\/4\/2021\/03\/lydianaug-300x36.png 300w, https:\/\/popjazz.fi\/PJKits\/basso\/wp-content\/uploads\/sites\/4\/2021\/03\/lydianaug-150x18.png 150w, https:\/\/popjazz.fi\/PJKits\/basso\/wp-content\/uploads\/sites\/4\/2021\/03\/lydianaug-768x93.png 768w, https:\/\/popjazz.fi\/PJKits\/basso\/wp-content\/uploads\/sites\/4\/2021\/03\/lydianaug-1536x186.png 1536w, https:\/\/popjazz.fi\/PJKits\/basso\/wp-content\/uploads\/sites\/4\/2021\/03\/lydianaug-2048x248.png 2048w, https:\/\/popjazz.fi\/PJKits\/basso\/wp-content\/uploads\/sites\/4\/2021\/03\/lydianaug-1200x145.png 1200w\" sizes=\"auto, (max-width: 709px) 85vw, (max-width: 909px) 67vw, (max-width: 1362px) 62vw, 840px\" \/><\/figure>\n\n\n\n<p>Lydian augmented asteikolle l\u00e4heisin nelisointu on perusduurisointu, jossa on ylinouseva kvintti, Cmaj7#5.<\/p>\n\n\n\n<p>Lydian augmented sis\u00e4lt\u00e4\u00e4 maj7#5-soinnun lis\u00e4s\u00e4velet 9:n ja #11:n. Reaalisointumerkint\u00e4 t\u00e4lle nelisoinnulle lis\u00e4s\u00e4velineen on Cbmaj9#5(#11)<\/p>\n\n\n\n<p>Lydian augmented -asteikon s\u00e4vel 6 ei ole nelisoinnun s\u00e4vel eik\u00e4 sen lis\u00e4s\u00e4vel.<\/p>\n\n\n\n<h4 class=\"wp-block-heading\">Video<\/h4>\n\n\n\n<figure class=\"wp-block-embed-vimeo wp-block-embed is-type-video is-provider-vimeo wp-embed-aspect-16-9 wp-has-aspect-ratio\"><div class=\"wp-block-embed__wrapper\">\n<iframe loading=\"lazy\" src=\"https:\/\/player.vimeo.com\/video\/521788053?dnt=1&amp;app_id=122963\" width=\"840\" height=\"473\" frameborder=\"0\" allow=\"autoplay; fullscreen; picture-in-picture\" allowfullscreen><\/iframe>\n<\/div><figcaption>Lydian augmented<\/figcaption><\/figure>\n\n\n\n<hr class=\"wp-block-separator\"\/>\n\n\n\n<p><strong>Lydian augmented III ja V -moodit<\/strong> muodostuvat k\u00e4ytt\u00e4en samoja s\u00e4veli\u00e4 kuin pohja-aseteikkonsa (Lydian augmented), mutta alkaen sen kolmanesta tai viidennest\u00e4 s\u00e4velest\u00e4. Samalla ne ovat my\u00f6s jazzmolliasteikon moodeja:<\/p>\n\n\n\n<p>Lydian augmented III moodi = <a href=\"https:\/\/popjazz.fi\/PJKits\/basso\/basso-oppimistavoitevideot\/harmonia\/jazzmollin-v-asteen-moodi-vahintaan-kaksi-oktaavia\/\" data-type=\"page\" data-id=\"920\">jazzmollin V moodi<\/a><br>Lydian audmented V moodi = <a href=\"https:\/\/popjazz.fi\/PJKits\/basso\/basso-oppimistavoitevideot\/harmonia\/muunnesavelasteikko-alt-asteikko-vahintaan-kaksi-oktaavia\/\" data-type=\"page\" data-id=\"928\">jazzmollin VII moodi (alt, eli muunneasteikko)<\/a><\/p>\n\n\n\n<p>Joissain yhteyksiss\u00e4 n\u00e4ist\u00e4 asteikoissa on kuitenkin k\u00e4ytetty itsen\u00e4isi\u00e4 nimityksi\u00e4 Lydian augmented asteikon mukaan.<\/p>\n\n\n\n<hr class=\"wp-block-separator\"\/>\n\n\n\n<p class=\"has-medium-font-size\">Katso my\u00f6s:<\/p>\n\n\n<style><\/style><div class=\"wplp_outside wplp_widget_1833\" style=\"max-width:100%;\"><span class=\"wpcu_block_title\">Lydian augmented ja sen V- ja III-moodi<\/span><div id=\"wplp_widget_1833\" class=\"wplp_widget_default wplp_container vertical swiper wplp-swiper default cols3\" data-theme=\"default\" data-post=\"1833\" style=\"\" data-max-elts=\"6\" data-per-page=\"10\"><div class=\"wplp_listposts swiper-wrapper\" id=\"default_1833\" style=\"width: 100%;\" ><div class=\"swiper-slide\" style=\"\"><div class=\"insideframe\"><div id=\"wplp_box_top_1833_928\" class=\"wpcu-front-box top equalHeightImg\" ><div class=\"wplp-box-item\"><a href=\"https:\/\/popjazz.fi\/PJKits\/basso\/basso-oppimistavoitevideot\/harmonia\/muunnesavelasteikko-alt-asteikko-vahintaan-kaksi-oktaavia\/\"  class=\"thumbnail\"><span class=\"img_cropper\" style=\"width:150px;height:150px;margin-right:4px;margin-bottom:4px;max-width:100%;\"><img decoding=\"async\" src=\"https:\/\/popjazz.fi\/PJKits\/basso\/wp-content\/uploads\/sites\/4\/2020\/02\/bs_ic_material_product_icon_192pxxxhdpi-150x150.png\" style=\"position: absolute;top: 50%;margin-top: -75px;aspect-ratio:4\/3;\" srcset=\"\" alt=\"Muunnes\u00e4velasteikko (alt- asteikko) v\u00e4hint\u00e4\u00e4n kaksi oktaavia\" class=\"wplp_thumb\" \/><\/span><\/a><a href=\"https:\/\/popjazz.fi\/PJKits\/basso\/basso-oppimistavoitevideot\/harmonia\/muunnesavelasteikko-alt-asteikko-vahintaan-kaksi-oktaavia\/\"  class=\"title\">Muunnes\u00e4velasteikko (alt- asteikko) v\u00e4hint\u00e4\u00e4n kaksi oktaavia<\/a><\/div><\/div><div id=\"wplp_box_left_1833_928\" class=\"wpcu-front-box left wpcu-custom-position\" ><div class=\"wplp-box-item\"><\/div><\/div><div id=\"wplp_box_right_1833_928\" class=\"wpcu-front-box right wpcu-custom-position\" ><div class=\"wplp-box-item\"><\/div><\/div><div id=\"wplp_box_bottom_1833_928\" class=\"wpcu-front-box bottom \" ><div class=\"wplp-box-item\"><span class=\"date\">20.1.2020<\/span><span class=\"text\"><span style=\"max-height:2.8em\" class=\"line_limit\">Muunnes\u00e4vel- eli alt-asteikko (engl. altered scale) on jazzmollin Vll moodi. Alt-asteikko sis\u00e4lt\u00e4\u00e4 dominanttiseptimisoinnun karakt\u00e4\u00e4ris\u00e4velten 3 ja b7 lis\u00e4ksi dominanttiseptimisoinnun noonin (9) ja kvintin (5) muunnokset. T\u00e4st\u00e4 johtuu my\u00f6s asteikon nimi alt = lyhennys sanasta altered eli muunnettu\n\n\n\nAlt-asteikon intervallirakenne on siis 1,b2,b3,b4,b5,b6,b7,\n\n\n\nS\u00e4velest\u00e4 C-alkava alt-asteikko on nimelt\u00e4\u00e4n C-alt-asteikko.\n\n\n\n\n\n\n\n\n\n\n\nC-alt-asteikolle l\u00e4heisin nelisointu on dominanttiseptimisointu, jossa on muunnettu kvintti, C7b5 tai C7#5.\n\n\n\nC-alt-asteikko sis\u00e4lt\u00e4\u00e4 C7b5 tai C7#5 -soinnun kaikki mahdolliset lis\u00e4s\u00e4velet: pienen tai ylinousevan noonin, #11 ja\/tai b13. Mahdollisia reaalisointumerkint\u00f6j\u00e4 n\u00e4ille soinnuille lis\u00e4s\u00e4velineen on useita, esim. C7(#11#9#5) tai C7(b13b9b5).&nbsp;\n\n\n\nYksinkertaisin sointumerkint\u00e4tapa muunnetun kvintin ja muunnetun noonin sis\u00e4lt\u00e4v\u00e4lle dominanttisoinnulle on yksinkertaisesti C7alt.\n\n\n\nVideo\n\n\n\n\n\nAlt-asteikko\n\n\n\n\n\n\n\nKatso my\u00f6s:<\/span><span style=\"margin-left:3px; max-height:2.8em\" class=\"line_limit\"> [...]<\/span><\/span><span class=\"custom_fields\">\n<!-- WPLP Unknown field: Custom_Fields -->\n<\/span><\/div><\/div><\/div><\/div><div class=\"swiper-slide\" style=\"\"><div class=\"insideframe\"><div id=\"wplp_box_top_1833_924\" class=\"wpcu-front-box top equalHeightImg\" ><div class=\"wplp-box-item\"><a href=\"https:\/\/popjazz.fi\/PJKits\/basso\/basso-oppimistavoitevideot\/harmonia\/vahennetty-ja-dominanttidim-asteikko-vahintaan-kaksi-oktaavia\/\"  class=\"thumbnail\"><span class=\"img_cropper\" style=\"width:150px;height:150px;margin-right:4px;margin-bottom:4px;max-width:100%;\"><img decoding=\"async\" src=\"https:\/\/popjazz.fi\/PJKits\/basso\/wp-content\/uploads\/sites\/4\/2020\/02\/bs_ic_material_product_icon_192pxxxhdpi-150x150.png\" style=\"position: absolute;top: 50%;margin-top: -75px;aspect-ratio:4\/3;\" srcset=\"\" alt=\"V\u00e4hennetty- ja dominanttidim-asteikko v\u00e4hint\u00e4\u00e4n kaksi oktaavia\" class=\"wplp_thumb\" \/><\/span><\/a><a href=\"https:\/\/popjazz.fi\/PJKits\/basso\/basso-oppimistavoitevideot\/harmonia\/vahennetty-ja-dominanttidim-asteikko-vahintaan-kaksi-oktaavia\/\"  class=\"title\">V\u00e4hennetty- ja dominanttidim-asteikko v\u00e4hint\u00e4\u00e4n kaksi oktaavia<\/a><\/div><\/div><div id=\"wplp_box_left_1833_924\" class=\"wpcu-front-box left wpcu-custom-position\" ><div class=\"wplp-box-item\"><\/div><\/div><div id=\"wplp_box_right_1833_924\" class=\"wpcu-front-box right wpcu-custom-position\" ><div class=\"wplp-box-item\"><\/div><\/div><div id=\"wplp_box_bottom_1833_924\" class=\"wpcu-front-box bottom \" ><div class=\"wplp-box-item\"><span class=\"date\">20.1.2020<\/span><span class=\"text\"><span style=\"max-height:2.8em\" class=\"line_limit\">V\u00e4hennetty ja dominanttidimi asteikot ovat ns. symmetrisi\u00e4 asteikoita, eli ne muodostuvat symmetrisist\u00e4 toistuvista intervallipareista.\n\n\n\nV\u00e4hennetty asteikko\n\n\n\nV\u00e4hennetty asteikko, eli dimiasteikko on kahdeksans\u00e4velinen symmetrinen asteikko, joka muodostuu vuorottelevista koko- ja puolis\u00e4velaskelista. Dimiasteikko on l\u00e4heisin asteikko v\u00e4hennetylle nelisoinnulle. Esimerkiksi c-dimiasteikon s\u00e4velet ovat C, D, Eb, F, Gb, Ab, A ja B\n\n\n\n\n\n\n\n\n\nV\u00e4hennetty asteikko (diminished scale)\n\n\n\nDominanttidimiasteikko\n\n\n\nPuolis\u00e4velaskelella alkava dimiasteikko, eli niin sanottu dominanttidimiasteikko koostuu vuorottelevista puoli- ja kokos\u00e4velist\u00e4. Se on l\u00e4heisin asteikko dominanttiseptimisoinnulle, joka sis\u00e4lt\u00e4\u00e4 muunnetun noonin, muuntamattoman kvintin, ylinousevan undesimin #11 ja suuren tredesimin eli 13. Dominanttidimi\u00e4 voidaan k\u00e4ytt\u00e4\u00e4 my\u00f6s muuntamattoman dominanttiseptimisoinnun yhteydess\u00e4 j\u00e4nnitteisemp\u00e4n\u00e4 asteikkovaihtoehtona.\n\n\n\n Esimerkiksi c-dimiasteikon s\u00e4velet ovat C, Db, Eb, Fb, Gb, G, A ja Bb\n\n\n\n\n\n\n\n\n\nDominanttidimiasteikko (dominant diminished scale)\n\n\n\n\n\n\n\nKatso my\u00f6s:<\/span><span style=\"margin-left:3px; max-height:2.8em\" class=\"line_limit\"> [...]<\/span><\/span><span class=\"custom_fields\">\n<!-- WPLP Unknown field: Custom_Fields -->\n<\/span><\/div><\/div><\/div><\/div><div class=\"swiper-slide\" style=\"\"><div class=\"insideframe\"><div id=\"wplp_box_top_1833_922\" class=\"wpcu-front-box top equalHeightImg\" ><div class=\"wplp-box-item\"><a href=\"https:\/\/popjazz.fi\/PJKits\/basso\/basso-oppimistavoitevideot\/harmonia\/ylasavelasteikko-vahintaan-kaksi-oktaavia\/\"  class=\"thumbnail\"><span class=\"img_cropper\" style=\"width:150px;height:150px;margin-right:4px;margin-bottom:4px;max-width:100%;\"><img decoding=\"async\" src=\"https:\/\/popjazz.fi\/PJKits\/basso\/wp-content\/uploads\/sites\/4\/2020\/02\/bs_ic_material_product_icon_192pxxxhdpi-150x150.png\" style=\"position: absolute;top: 50%;margin-top: -75px;aspect-ratio:4\/3;\" srcset=\"\" alt=\"Yl\u00e4s\u00e4velasteikko v\u00e4hint\u00e4\u00e4n kaksi oktaavia\" class=\"wplp_thumb\" \/><\/span><\/a><a href=\"https:\/\/popjazz.fi\/PJKits\/basso\/basso-oppimistavoitevideot\/harmonia\/ylasavelasteikko-vahintaan-kaksi-oktaavia\/\"  class=\"title\">Yl\u00e4s\u00e4velasteikko v\u00e4hint\u00e4\u00e4n kaksi oktaavia<\/a><\/div><\/div><div id=\"wplp_box_left_1833_922\" class=\"wpcu-front-box left wpcu-custom-position\" ><div class=\"wplp-box-item\"><\/div><\/div><div id=\"wplp_box_right_1833_922\" class=\"wpcu-front-box right wpcu-custom-position\" ><div class=\"wplp-box-item\"><\/div><\/div><div id=\"wplp_box_bottom_1833_922\" class=\"wpcu-front-box bottom \" ><div class=\"wplp-box-item\"><span class=\"date\">20.1.2020<\/span><span class=\"text\"><span style=\"max-height:2.8em\" class=\"line_limit\">Yl\u00e4s\u00e4velasteikko, eli overtone scale on jazzmollin 4.moodi. Se on duuris\u00e4vyinen moodi ja intervallirakenteeltaan kuten miksolyydinen, jonka 4. s\u00e4vel on ylennetty. Yl\u00e4s\u00e4velasteikkoa kutsutaan my\u00f6s nimell\u00e4 lydian dominant. Overtone on l\u00e4heisin asteikko dominanttiseptimisoinnulle, jossa on suuri nooni, suuri 13 sek\u00e4 #11\n\n\n\nC-yl\u00e4s\u00e4velasteikko\n\n\n\nVideo\n\n\n\n\n\nYl\u00e4s\u00e4velasteikko (overtone scale)\n\n\n\n\n\n\n\nKatso my\u00f6s:<\/span><span style=\"margin-left:3px; max-height:2.8em\" class=\"line_limit\"> [...]<\/span><\/span><span class=\"custom_fields\">\n<!-- WPLP Unknown field: Custom_Fields -->\n<\/span><\/div><\/div><\/div><\/div><div class=\"swiper-slide\" style=\"\"><div class=\"insideframe\"><div id=\"wplp_box_top_1833_912\" class=\"wpcu-front-box top equalHeightImg\" ><div class=\"wplp-box-item\"><a href=\"https:\/\/popjazz.fi\/PJKits\/basso\/basso-oppimistavoitevideot\/harmonia\/jazzmolliasteikon-kaikki-sointuasteet-nelisoinnuin\/\"  class=\"thumbnail\"><span class=\"img_cropper\" style=\"width:150px;height:150px;margin-right:4px;margin-bottom:4px;max-width:100%;\"><img decoding=\"async\" src=\"https:\/\/popjazz.fi\/PJKits\/basso\/wp-content\/uploads\/sites\/4\/2020\/02\/bs_ic_material_product_icon_192pxxxhdpi-150x150.png\" style=\"position: absolute;top: 50%;margin-top: -75px;aspect-ratio:4\/3;\" srcset=\"\" alt=\"Jazzmolliasteikon kaikki sointuasteet nelisoinnuin\" class=\"wplp_thumb\" \/><\/span><\/a><a href=\"https:\/\/popjazz.fi\/PJKits\/basso\/basso-oppimistavoitevideot\/harmonia\/jazzmolliasteikon-kaikki-sointuasteet-nelisoinnuin\/\"  class=\"title\">Jazzmolliasteikon kaikki sointuasteet nelisoinnuin<\/a><\/div><\/div><div id=\"wplp_box_left_1833_912\" class=\"wpcu-front-box left wpcu-custom-position\" ><div class=\"wplp-box-item\"><\/div><\/div><div id=\"wplp_box_right_1833_912\" class=\"wpcu-front-box right wpcu-custom-position\" ><div class=\"wplp-box-item\"><\/div><\/div><div id=\"wplp_box_bottom_1833_912\" class=\"wpcu-front-box bottom \" ><div class=\"wplp-box-item\"><span class=\"date\">20.1.2020<\/span><span class=\"text\"><span style=\"max-height:2.8em\" class=\"line_limit\">Jazzmolliasteikon sointuasteet tarkoittavat molliasteikon eri s\u00e4velilt\u00e4 soitettavia sointuja. Esimerkiss\u00e4 A-harmonisessa mollissa A s\u00e4vel on 1. aste, B s\u00e4vel on 2. aste, C s\u00e4vel on 3. aste jne.Nelisointu muodostuu samalla tavoin kuin kolmisointu, johon lis\u00e4t\u00e4\u00e4n my\u00f6s soinnun 4. s\u00e4vel, eli kyseisen asteikon 7. s\u00e4vel. Nelisoinnussa soivat siis asteikon 1. 3. 5. ja 7. s\u00e4vel. Soinnun laadun m\u00e4\u00e4rittelee soinnun 3. (duuri tai molli) sek\u00e4 7. (dominantti vai toonika). Jazzmollissa 1. asteen laatu on mmaj7\n\n\n\nJokaiselta sointuasteelta voidaan my\u00f6s muodostaa oma asteikko k\u00e4ytt\u00e4en pohjana olevan harmonisen molliasteikon s\u00e4veli\u00e4 aloittaen ko. molliasteikon eri asteilta. Kun muodostuneista asteikoista soitetaan joka toinen s\u00e4vel, syntyy ko. sointuasteen sointu. Esimerkkin\u00e4 A -jazzmolliasteikon sointuasteet.\n\n\n\n\n\n\n\nVideo\n\n\n\n\n\nJazzmollin sointuasteet nelisoinnuin\n\n\n\n\n\n\n\nKatso my\u00f6s:<\/span><span style=\"margin-left:3px; max-height:2.8em\" class=\"line_limit\"> [...]<\/span><\/span><span class=\"custom_fields\">\n<!-- WPLP Unknown field: Custom_Fields -->\n<\/span><\/div><\/div><\/div><\/div><div class=\"swiper-slide\" style=\"\"><div class=\"insideframe\"><div id=\"wplp_box_top_1833_347\" class=\"wpcu-front-box top equalHeightImg\" ><div class=\"wplp-box-item\"><a href=\"https:\/\/popjazz.fi\/PJKits\/basso\/basso-oppimistavoitevideot\/harmonia\/lyydinen\/\"  class=\"thumbnail\"><span class=\"img_cropper\" style=\"width:150px;height:150px;margin-right:4px;margin-bottom:4px;max-width:100%;\"><img decoding=\"async\" src=\"https:\/\/popjazz.fi\/PJKits\/basso\/wp-content\/uploads\/sites\/4\/2020\/02\/bs_ic_material_product_icon_192pxxxhdpi-150x150.png\" style=\"position: absolute;top: 50%;margin-top: -75px;aspect-ratio:4\/3;\" srcset=\"\" alt=\"Lyydinen\" class=\"wplp_thumb\" \/><\/span><\/a><a href=\"https:\/\/popjazz.fi\/PJKits\/basso\/basso-oppimistavoitevideot\/harmonia\/lyydinen\/\"  class=\"title\">Lyydinen<\/a><\/div><\/div><div id=\"wplp_box_left_1833_347\" class=\"wpcu-front-box left wpcu-custom-position\" ><div class=\"wplp-box-item\"><\/div><\/div><div id=\"wplp_box_right_1833_347\" class=\"wpcu-front-box right wpcu-custom-position\" ><div class=\"wplp-box-item\"><\/div><\/div><div id=\"wplp_box_bottom_1833_347\" class=\"wpcu-front-box bottom \" ><div class=\"wplp-box-item\"><span class=\"date\">5.10.2019<\/span><span class=\"text\"><span style=\"max-height:2.8em\" class=\"line_limit\">Moodit, eli kirkkos\u00e4vellajit ovat duuriasteikon eri s\u00e4velilt\u00e4 alkavia itsen\u00e4isi\u00e4 7 s\u00e4velisi\u00e4 asteikkoja. Nelj\u00e4nnelt\u00e4 s\u00e4velelt\u00e4 alkava moodi on nimelt\u00e4\u00e4n lyydinen, joka on duuris\u00e4vyinen moodi. Esimerkiksi F-lyydinen jakaa s\u00e4velet C duuriasteikon kanssa. Lyydisen asteikon s\u00e4velet ovat 1, 2, 3, ylennetty 4, 5, 6 ja 7. Lyydisen moodin karakt\u00e4\u00e4ris\u00e4vel on ylinouseva kvartti, ja lyydiselle ominainen sointu on duuri maij seiska, esimerkiksi Fmaj7.\n\n\n\n\n\n\n\nVideo\n\n\n\n\n\n\n\n\n\n\n\n\n\nKatso my\u00f6s:<\/span><span style=\"margin-left:3px; max-height:2.8em\" class=\"line_limit\"> [...]<\/span><\/span><span class=\"custom_fields\">\n<!-- WPLP Unknown field: Custom_Fields -->\n<\/span><\/div><\/div><\/div><\/div><div class=\"swiper-slide\" style=\"\"><div class=\"insideframe\"><div id=\"wplp_box_top_1833_311\" class=\"wpcu-front-box top equalHeightImg\" ><div class=\"wplp-box-item\"><a href=\"https:\/\/popjazz.fi\/PJKits\/basso\/basso-oppimistavoitevideot\/harmonia\/jazzmolli\/\"  class=\"thumbnail\"><span class=\"img_cropper\" style=\"width:150px;height:150px;margin-right:4px;margin-bottom:4px;max-width:100%;\"><img decoding=\"async\" src=\"https:\/\/popjazz.fi\/PJKits\/basso\/wp-content\/uploads\/sites\/4\/2020\/02\/bs_ic_material_product_icon_192pxxxhdpi-150x150.png\" style=\"position: absolute;top: 50%;margin-top: -75px;aspect-ratio:4\/3;\" srcset=\"\" alt=\"Jazzmolli\" class=\"wplp_thumb\" \/><\/span><\/a><a href=\"https:\/\/popjazz.fi\/PJKits\/basso\/basso-oppimistavoitevideot\/harmonia\/jazzmolli\/\"  class=\"title\">Jazzmolli<\/a><\/div><\/div><div id=\"wplp_box_left_1833_311\" class=\"wpcu-front-box left wpcu-custom-position\" ><div class=\"wplp-box-item\"><\/div><\/div><div id=\"wplp_box_right_1833_311\" class=\"wpcu-front-box right wpcu-custom-position\" ><div class=\"wplp-box-item\"><\/div><\/div><div id=\"wplp_box_bottom_1833_311\" class=\"wpcu-front-box bottom \" ><div class=\"wplp-box-item\"><span class=\"date\">5.10.2019<\/span><span class=\"text\"><span style=\"max-height:2.8em\" class=\"line_limit\">Jazzmolli eroaa luonnollisesta mollista sen kuudennen ja seitsem\u00e4nnen s\u00e4velen kohdalla, jotka ovat korotettuja suhteessa luonnolliseen molliin. Se on siis intervallirakenteeltaan kuten yl\u00f6sp\u00e4inen melodinen molli. \n\n\n\nEsimerkiksi A-jazzmollin s\u00e4velet ovat a, b, c, d, e, fis ja gis, eli 1, 2, b3, 4, 5, 6, ja 7. \n\n\n\n\n\n\n\n\n\n\n\nTonaalisessa harmoniassa jazzmolli on l\u00e4heisin asteikko mollin ensimm\u00e4isen asteen perusmollisoinnulle eli mmaj7 tai m6 soinnulle.\n\n\n\nVideo\n\n\n\n\n\n\n\n\n\n\n\n\n\nKatso my\u00f6s:<\/span><span style=\"margin-left:3px; max-height:2.8em\" class=\"line_limit\"> [...]<\/span><\/span><span class=\"custom_fields\">\n<!-- WPLP Unknown field: Custom_Fields -->\n<\/span><\/div><\/div><\/div><\/div><\/div><div class=\"swiper-button-next\"><\/div><div class=\"swiper-button-prev\"><\/div><div class=\"swiper-pagination\"><\/div><\/div><\/div>\n","protected":false},"excerpt":{"rendered":"<p>Lydian augmented (suomeksi lyydinen ylinouseva) on jazzmollin lll-moodi. Se on duuris\u00e4vyinen moodi ja intervallirakenteeltaan kuten duuri, jonka 4. ja 5. s\u00e4vel on ylennetty. Asteikon nimi lydian augmented viittaa siihen, ett\u00e4 se on kuten lyydinen moodi, jonka V-s\u00e4vel on korotettu (augmented). Lydian augmented-asteikon intervallirakenne on siis 1,2,3,#4,#5,6,7 S\u00e4velest\u00e4 C alkava lydian augmented-moodi on nimelt\u00e4\u00e4n C-lydian augmented. &hellip; <a href=\"https:\/\/popjazz.fi\/PJKits\/basso\/basso-oppimistavoitevideot\/harmonia\/jazzmolli\/\" class=\"more-link\">Jatka lukemista<span class=\"screen-reader-text\"> &#8221;Jazzmolli&#8221;<\/span><\/a><\/p>\n","protected":false},"author":1,"featured_media":1282,"parent":43,"menu_order":48,"comment_status":"closed","ping_status":"closed","template":"","meta":{"footnotes":""},"tags":[],"class_list":["post-930","page","type-page","status-publish","has-post-thumbnail","hentry"],"_links":{"self":[{"href":"https:\/\/popjazz.fi\/PJKits\/basso\/wp-json\/wp\/v2\/pages\/930","targetHints":{"allow":["GET"]}}],"collection":[{"href":"https:\/\/popjazz.fi\/PJKits\/basso\/wp-json\/wp\/v2\/pages"}],"about":[{"href":"https:\/\/popjazz.fi\/PJKits\/basso\/wp-json\/wp\/v2\/types\/page"}],"author":[{"embeddable":true,"href":"https:\/\/popjazz.fi\/PJKits\/basso\/wp-json\/wp\/v2\/users\/1"}],"replies":[{"embeddable":true,"href":"https:\/\/popjazz.fi\/PJKits\/basso\/wp-json\/wp\/v2\/comments?post=930"}],"version-history":[{"count":7,"href":"https:\/\/popjazz.fi\/PJKits\/basso\/wp-json\/wp\/v2\/pages\/930\/revisions"}],"predecessor-version":[{"id":3459,"href":"https:\/\/popjazz.fi\/PJKits\/basso\/wp-json\/wp\/v2\/pages\/930\/revisions\/3459"}],"up":[{"embeddable":true,"href":"https:\/\/popjazz.fi\/PJKits\/basso\/wp-json\/wp\/v2\/pages\/43"}],"wp:featuredmedia":[{"embeddable":true,"href":"https:\/\/popjazz.fi\/PJKits\/basso\/wp-json\/wp\/v2\/media\/1282"}],"wp:attachment":[{"href":"https:\/\/popjazz.fi\/PJKits\/basso\/wp-json\/wp\/v2\/media?parent=930"}],"wp:term":[{"taxonomy":"post_tag","embeddable":true,"href":"https:\/\/popjazz.fi\/PJKits\/basso\/wp-json\/wp\/v2\/tags?post=930"}],"curies":[{"name":"wp","href":"https:\/\/api.w.org\/{rel}","templated":true}]}}