{"id":937,"date":"2020-01-20T10:37:50","date_gmt":"2020-01-20T08:37:50","guid":{"rendered":"https:\/\/popjazz.fi\/PJKits\/basso\/?page_id=937"},"modified":"2021-04-14T10:08:29","modified_gmt":"2021-04-14T07:08:29","slug":"jazzmollin-v-asteen-moodi-1-oktaavi","status":"publish","type":"page","link":"https:\/\/popjazz.fi\/PJKits\/basso\/basso-oppimistavoitevideot\/harmonia\/jazzmollin-v-asteen-moodi-1-oktaavi\/","title":{"rendered":"Jazzmollin V- asteen moodi, 1 oktaavi"},"content":{"rendered":"\n<p>Jazzmollin V-moodi, eli toiselta nimlt\u00e4\u00e4n miksolyydinen b6 (engl. mixolydian flat6)  on dominanttis\u00e4vyinen moodi ja intervallirakenteeltaan kuten duuri, jonka 6. ja 7. s\u00e4vel on alennettu. Nimi miksolyydinen b6 ilmaisee, miten asteikko poikkeaa duurin V asteen moodista miksolyydisest\u00e4,<br><br>Jazzmollin V- moodin\/ miksolyydinen b6 -asteikon intervallirakenne on siis 1,2,3,4,5,b6,b7<\/p>\n\n\n\n<p>Esimerkiksi C jazzmollin V-moodin \u00e4\u00e4net ovat C, D, E, F, G, As ja Bb<\/p>\n\n\n\n<figure class=\"wp-block-image size-large\"><img loading=\"lazy\" decoding=\"async\" width=\"1024\" height=\"121\" src=\"https:\/\/popjazz.fi\/PJKits\/basso\/wp-content\/uploads\/sites\/4\/2021\/03\/jazz-mollin-V-moodi-1024x121.png\" alt=\"\" class=\"wp-image-2912\" srcset=\"https:\/\/popjazz.fi\/PJKits\/basso\/wp-content\/uploads\/sites\/4\/2021\/03\/jazz-mollin-V-moodi-1024x121.png 1024w, https:\/\/popjazz.fi\/PJKits\/basso\/wp-content\/uploads\/sites\/4\/2021\/03\/jazz-mollin-V-moodi-300x35.png 300w, https:\/\/popjazz.fi\/PJKits\/basso\/wp-content\/uploads\/sites\/4\/2021\/03\/jazz-mollin-V-moodi-150x18.png 150w, https:\/\/popjazz.fi\/PJKits\/basso\/wp-content\/uploads\/sites\/4\/2021\/03\/jazz-mollin-V-moodi-768x91.png 768w, https:\/\/popjazz.fi\/PJKits\/basso\/wp-content\/uploads\/sites\/4\/2021\/03\/jazz-mollin-V-moodi-1536x182.png 1536w, https:\/\/popjazz.fi\/PJKits\/basso\/wp-content\/uploads\/sites\/4\/2021\/03\/jazz-mollin-V-moodi-2048x242.png 2048w, https:\/\/popjazz.fi\/PJKits\/basso\/wp-content\/uploads\/sites\/4\/2021\/03\/jazz-mollin-V-moodi-1200x142.png 1200w\" sizes=\"auto, (max-width: 709px) 85vw, (max-width: 909px) 67vw, (max-width: 1362px) 62vw, 840px\" \/><\/figure>\n\n\n\n<p><\/p>\n\n\n\n<p>Asteikolle l\u00e4heisin nelisointu on dominanttiseptimisointu, G7. Asteikko sis\u00e4lt\u00e4\u00e4 dominanttiseptimisoinnun lis\u00e4s\u00e4velen 9. Reaalisointumerkint\u00e4 t\u00e4lle soinnulle lis\u00e4s\u00e4velineen on G9.<br><br><strong>I- asemasta soittaessa<\/strong> otelautak\u00e4den etusormi on 1. nauhavaliss\u00e4, keskisormi 2. nauhav\u00e4liss\u00e4 jne. N\u00e4in ollen osa asteikon \u00e4\u00e4nist\u00e4 tulee soitettavaksi vapailta kielilt\u00e4.<\/p>\n\n\n\n<h4 class=\"wp-block-heading\">Video<\/h4>\n\n\n\n<figure class=\"wp-block-embed-vimeo wp-block-embed is-type-video is-provider-vimeo wp-embed-aspect-16-9 wp-has-aspect-ratio\"><div class=\"wp-block-embed__wrapper\">\n<iframe loading=\"lazy\" src=\"https:\/\/player.vimeo.com\/video\/521771800?dnt=1&amp;app_id=122963\" width=\"840\" height=\"473\" frameborder=\"0\" allow=\"autoplay; fullscreen; picture-in-picture\" allowfullscreen><\/iframe>\n<\/div><figcaption>Jazzmollin V-aste<\/figcaption><\/figure>\n\n\n\n<hr class=\"wp-block-separator\"\/>\n\n\n\n<p class=\"has-medium-font-size\">Katso my\u00f6s:<\/p>\n\n\n<style><\/style><div class=\"wplp_outside wplp_widget_1736\" style=\"max-width:100%;\"><span class=\"wpcu_block_title\">Jazzmollin V- asteen moodi, 1 oktaavi<\/span><div id=\"wplp_widget_1736\" class=\"wplp_widget_default wplp_container vertical swiper wplp-swiper default cols3\" data-theme=\"default\" data-post=\"1736\" style=\"\" data-max-elts=\"3\" data-per-page=\"10\"><div class=\"wplp_listposts swiper-wrapper\" id=\"default_1736\" style=\"width: 100%;\" ><div class=\"swiper-slide\" style=\"\"><div class=\"insideframe\"><div id=\"wplp_box_top_1736_912\" class=\"wpcu-front-box top equalHeightImg\" ><div class=\"wplp-box-item\"><a href=\"https:\/\/popjazz.fi\/PJKits\/basso\/basso-oppimistavoitevideot\/harmonia\/jazzmolliasteikon-kaikki-sointuasteet-nelisoinnuin\/\"  class=\"thumbnail\"><span class=\"img_cropper\" style=\"width:150px;height:150px;margin-right:4px;margin-bottom:4px;max-width:100%;\"><img decoding=\"async\" src=\"https:\/\/popjazz.fi\/PJKits\/basso\/wp-content\/uploads\/sites\/4\/2020\/02\/bs_ic_material_product_icon_192pxxxhdpi-150x150.png\" style=\"position: absolute;top: 50%;margin-top: -75px;aspect-ratio:4\/3;\" srcset=\"\" alt=\"Jazzmolliasteikon kaikki sointuasteet nelisoinnuin\" class=\"wplp_thumb\" \/><\/span><\/a><a href=\"https:\/\/popjazz.fi\/PJKits\/basso\/basso-oppimistavoitevideot\/harmonia\/jazzmolliasteikon-kaikki-sointuasteet-nelisoinnuin\/\"  class=\"title\">Jazzmolliasteikon kaikki sointuasteet nelisoinnuin<\/a><\/div><\/div><div id=\"wplp_box_left_1736_912\" class=\"wpcu-front-box left wpcu-custom-position\" ><div class=\"wplp-box-item\"><\/div><\/div><div id=\"wplp_box_right_1736_912\" class=\"wpcu-front-box right wpcu-custom-position\" ><div class=\"wplp-box-item\"><\/div><\/div><div id=\"wplp_box_bottom_1736_912\" class=\"wpcu-front-box bottom \" ><div class=\"wplp-box-item\"><span class=\"date\">20.1.2020<\/span><span class=\"text\"><span style=\"max-height:2.8em\" class=\"line_limit\">Jazzmolliasteikon sointuasteet tarkoittavat molliasteikon eri s\u00e4velilt\u00e4 soitettavia sointuja. Esimerkiss\u00e4 A-harmonisessa mollissa A s\u00e4vel on 1. aste, B s\u00e4vel on 2. aste, C s\u00e4vel on 3. aste jne.Nelisointu muodostuu samalla tavoin kuin kolmisointu, johon lis\u00e4t\u00e4\u00e4n my\u00f6s soinnun 4. s\u00e4vel, eli kyseisen asteikon 7. s\u00e4vel. Nelisoinnussa soivat siis asteikon 1. 3. 5. ja 7. s\u00e4vel. Soinnun laadun m\u00e4\u00e4rittelee soinnun 3. (duuri tai molli) sek\u00e4 7. (dominantti vai toonika). Jazzmollissa 1. asteen laatu on mmaj7\n\n\n\nJokaiselta sointuasteelta voidaan my\u00f6s muodostaa oma asteikko k\u00e4ytt\u00e4en pohjana olevan harmonisen molliasteikon s\u00e4veli\u00e4 aloittaen ko. molliasteikon eri asteilta. Kun muodostuneista asteikoista soitetaan joka toinen s\u00e4vel, syntyy ko. sointuasteen sointu. Esimerkkin\u00e4 A -jazzmolliasteikon sointuasteet.\n\n\n\n\n\n\n\nVideo\n\n\n\n\n\nJazzmollin sointuasteet nelisoinnuin\n\n\n\n\n\n\n\nKatso my\u00f6s:<\/span><span style=\"margin-left:3px; max-height:2.8em\" class=\"line_limit\"> [...]<\/span><\/span><span class=\"custom_fields\">\n<!-- WPLP Unknown field: Custom_Fields -->\n<\/span><\/div><\/div><\/div><\/div><div class=\"swiper-slide\" style=\"\"><div class=\"insideframe\"><div id=\"wplp_box_top_1736_321\" class=\"wpcu-front-box top equalHeightImg\" ><div class=\"wplp-box-item\"><a href=\"https:\/\/popjazz.fi\/PJKits\/basso\/basso-oppimistavoitevideot\/harmonia\/jazzmollin-i-iv-v-kolmisoinnut-perusmuodossaan\/\"  class=\"thumbnail\"><span class=\"img_cropper\" style=\"width:150px;height:150px;margin-right:4px;margin-bottom:4px;max-width:100%;\"><img decoding=\"async\" src=\"https:\/\/popjazz.fi\/PJKits\/basso\/wp-content\/uploads\/sites\/4\/2020\/02\/bs_ic_material_product_icon_192pxxxhdpi-150x150.png\" style=\"position: absolute;top: 50%;margin-top: -75px;aspect-ratio:4\/3;\" srcset=\"\" alt=\"Jazzmollin I-IV-V kolmisoinnut perusmuodossaan\" class=\"wplp_thumb\" \/><\/span><\/a><a href=\"https:\/\/popjazz.fi\/PJKits\/basso\/basso-oppimistavoitevideot\/harmonia\/jazzmollin-i-iv-v-kolmisoinnut-perusmuodossaan\/\"  class=\"title\">Jazzmollin I-IV-V kolmisoinnut perusmuodossaan<\/a><\/div><\/div><div id=\"wplp_box_left_1736_321\" class=\"wpcu-front-box left wpcu-custom-position\" ><div class=\"wplp-box-item\"><\/div><\/div><div id=\"wplp_box_right_1736_321\" class=\"wpcu-front-box right wpcu-custom-position\" ><div class=\"wplp-box-item\"><\/div><\/div><div id=\"wplp_box_bottom_1736_321\" class=\"wpcu-front-box bottom \" ><div class=\"wplp-box-item\"><span class=\"date\">5.10.2019<\/span><span class=\"text\"><span style=\"max-height:2.8em\" class=\"line_limit\">Jazzmolli eroaa luonnollisesta mollista sen kuudennella seitsem\u00e4nnell\u00e4 s\u00e4velell\u00e4, joka jazzmollissa soitetaan korotettuna. .\n\n\n\nSoittamalla Jazzmollista ensimm\u00e4inen, kolmas ja viides s\u00e4vel, muodostuu kyseisen asteikon ensimm\u00e4isen asteen mollikolmisointu, eli toonika.\n\n\n\nToistamalla sama kuvio molliasteikon nelj\u00e4nnest\u00e4 ja viidennest\u00e4 s\u00e4velest\u00e4 alkaen, saadaan kyseisen asteikon nelj\u00e4nnen ja viidennen asteen kolmisoinnut, eli subdominantti- ja dominanttikolmisoinnut, joista sek\u00e4 nelj\u00e4s ett\u00e4 viides  aste ovat duurikolmisointuja\n\n\n\nVideo\n\n\n\n\n\n\n\n\n\nSoittoesimerkki nuotein\n\n\n\n\n\n\n\n\n\n\n\nKatso my\u00f6s:<\/span><span style=\"margin-left:3px; max-height:2.8em\" class=\"line_limit\"> [...]<\/span><\/span><span class=\"custom_fields\">\n<!-- WPLP Unknown field: Custom_Fields -->\n<\/span><\/div><\/div><\/div><\/div><div class=\"swiper-slide\" style=\"\"><div class=\"insideframe\"><div id=\"wplp_box_top_1736_311\" class=\"wpcu-front-box top equalHeightImg\" ><div class=\"wplp-box-item\"><a href=\"https:\/\/popjazz.fi\/PJKits\/basso\/basso-oppimistavoitevideot\/harmonia\/jazzmolli\/\"  class=\"thumbnail\"><span class=\"img_cropper\" style=\"width:150px;height:150px;margin-right:4px;margin-bottom:4px;max-width:100%;\"><img decoding=\"async\" src=\"https:\/\/popjazz.fi\/PJKits\/basso\/wp-content\/uploads\/sites\/4\/2020\/02\/bs_ic_material_product_icon_192pxxxhdpi-150x150.png\" style=\"position: absolute;top: 50%;margin-top: -75px;aspect-ratio:4\/3;\" srcset=\"\" alt=\"Jazzmolli\" class=\"wplp_thumb\" \/><\/span><\/a><a href=\"https:\/\/popjazz.fi\/PJKits\/basso\/basso-oppimistavoitevideot\/harmonia\/jazzmolli\/\"  class=\"title\">Jazzmolli<\/a><\/div><\/div><div id=\"wplp_box_left_1736_311\" class=\"wpcu-front-box left wpcu-custom-position\" ><div class=\"wplp-box-item\"><\/div><\/div><div id=\"wplp_box_right_1736_311\" class=\"wpcu-front-box right wpcu-custom-position\" ><div class=\"wplp-box-item\"><\/div><\/div><div id=\"wplp_box_bottom_1736_311\" class=\"wpcu-front-box bottom \" ><div class=\"wplp-box-item\"><span class=\"date\">5.10.2019<\/span><span class=\"text\"><span style=\"max-height:2.8em\" class=\"line_limit\">Jazzmolli eroaa luonnollisesta mollista sen kuudennen ja seitsem\u00e4nnen s\u00e4velen kohdalla, jotka ovat korotettuja suhteessa luonnolliseen molliin. Se on siis intervallirakenteeltaan kuten yl\u00f6sp\u00e4inen melodinen molli. \n\n\n\nEsimerkiksi A-jazzmollin s\u00e4velet ovat a, b, c, d, e, fis ja gis, eli 1, 2, b3, 4, 5, 6, ja 7. \n\n\n\n\n\n\n\n\n\n\n\nTonaalisessa harmoniassa jazzmolli on l\u00e4heisin asteikko mollin ensimm\u00e4isen asteen perusmollisoinnulle eli mmaj7 tai m6 soinnulle.\n\n\n\nVideo\n\n\n\n\n\n\n\n\n\n\n\n\n\nKatso my\u00f6s:<\/span><span style=\"margin-left:3px; max-height:2.8em\" class=\"line_limit\"> [...]<\/span><\/span><span class=\"custom_fields\">\n<!-- WPLP Unknown field: Custom_Fields -->\n<\/span><\/div><\/div><\/div><\/div><\/div><div class=\"swiper-button-next\"><\/div><div class=\"swiper-button-prev\"><\/div><div class=\"swiper-pagination\"><\/div><\/div><\/div>\n","protected":false},"excerpt":{"rendered":"<p>Jazzmollin V-moodi, eli toiselta nimlt\u00e4\u00e4n miksolyydinen b6 (engl. mixolydian flat6) on dominanttis\u00e4vyinen moodi ja intervallirakenteeltaan kuten duuri, jonka 6. ja 7. s\u00e4vel on alennettu. Nimi miksolyydinen b6 ilmaisee, miten asteikko poikkeaa duurin V asteen moodista miksolyydisest\u00e4, Jazzmollin V- moodin\/ miksolyydinen b6 -asteikon intervallirakenne on siis 1,2,3,4,5,b6,b7 Esimerkiksi C jazzmollin V-moodin \u00e4\u00e4net ovat C, D, E, &hellip; <a href=\"https:\/\/popjazz.fi\/PJKits\/basso\/basso-oppimistavoitevideot\/harmonia\/jazzmolli\/\" class=\"more-link\">Jatka lukemista<span class=\"screen-reader-text\"> &#8221;Jazzmolli&#8221;<\/span><\/a><\/p>\n","protected":false},"author":1,"featured_media":1282,"parent":43,"menu_order":14,"comment_status":"closed","ping_status":"closed","template":"","meta":{"footnotes":""},"tags":[],"class_list":["post-937","page","type-page","status-publish","has-post-thumbnail","hentry"],"_links":{"self":[{"href":"https:\/\/popjazz.fi\/PJKits\/basso\/wp-json\/wp\/v2\/pages\/937","targetHints":{"allow":["GET"]}}],"collection":[{"href":"https:\/\/popjazz.fi\/PJKits\/basso\/wp-json\/wp\/v2\/pages"}],"about":[{"href":"https:\/\/popjazz.fi\/PJKits\/basso\/wp-json\/wp\/v2\/types\/page"}],"author":[{"embeddable":true,"href":"https:\/\/popjazz.fi\/PJKits\/basso\/wp-json\/wp\/v2\/users\/1"}],"replies":[{"embeddable":true,"href":"https:\/\/popjazz.fi\/PJKits\/basso\/wp-json\/wp\/v2\/comments?post=937"}],"version-history":[{"count":10,"href":"https:\/\/popjazz.fi\/PJKits\/basso\/wp-json\/wp\/v2\/pages\/937\/revisions"}],"predecessor-version":[{"id":3332,"href":"https:\/\/popjazz.fi\/PJKits\/basso\/wp-json\/wp\/v2\/pages\/937\/revisions\/3332"}],"up":[{"embeddable":true,"href":"https:\/\/popjazz.fi\/PJKits\/basso\/wp-json\/wp\/v2\/pages\/43"}],"wp:featuredmedia":[{"embeddable":true,"href":"https:\/\/popjazz.fi\/PJKits\/basso\/wp-json\/wp\/v2\/media\/1282"}],"wp:attachment":[{"href":"https:\/\/popjazz.fi\/PJKits\/basso\/wp-json\/wp\/v2\/media?parent=937"}],"wp:term":[{"taxonomy":"post_tag","embeddable":true,"href":"https:\/\/popjazz.fi\/PJKits\/basso\/wp-json\/wp\/v2\/tags?post=937"}],"curies":[{"name":"wp","href":"https:\/\/api.w.org\/{rel}","templated":true}]}}