{"id":165,"date":"2021-04-20T13:59:12","date_gmt":"2021-04-20T10:59:12","guid":{"rendered":"https:\/\/popjazz.fi\/PJKits\/oppimateriaali-basso\/?page_id=165"},"modified":"2021-04-27T10:56:10","modified_gmt":"2021-04-27T07:56:10","slug":"alkulammittely","status":"publish","type":"page","link":"https:\/\/popjazz.fi\/PJKits\/oppimateriaali-basso\/oppimateriaali\/a\/alkulammittely\/","title":{"rendered":"Alkul\u00e4mmittely"},"content":{"rendered":"\n<p>Hyv\u00e4 alkul\u00e4mmittely ennen varsinaista treenaamista tai esiintymist\u00e4 helpottaa varsinaista soittamista ja ehk\u00e4isee my\u00f6s fyysisten vammojen syntymist\u00e4. <\/p>\n\n\n\n<p>Videolla esitell\u00e4\u00e4n yksi tehokas alkul\u00e4mmittely, joka toimii samalla my\u00f6s hyv\u00e4n\u00e4 sormiharjoituksena. Videon alta l\u00f6yd\u00e4t sormitetun esimerkin my\u00f6s nuotteina, sek\u00e4 tabulatuureina. <\/p>\n\n\n\n<h4 class=\"wp-block-heading\">Video<\/h4>\n\n\n\n<figure class=\"wp-block-embed-vimeo wp-block-embed is-type-video is-provider-vimeo wp-embed-aspect-16-9 wp-has-aspect-ratio\"><div class=\"wp-block-embed__wrapper\">\n<iframe loading=\"lazy\" src=\"https:\/\/player.vimeo.com\/video\/528234632?dnt=1&amp;app_id=122963\" width=\"840\" height=\"473\" frameborder=\"0\" allow=\"autoplay; fullscreen; picture-in-picture\" allowfullscreen><\/iframe>\n<\/div><\/figure>\n\n\n\n<p><strong>Alkul\u00e4mmittely<\/strong><\/p>\n\n\n\n<figure class=\"wp-block-image size-large\"><img loading=\"lazy\" decoding=\"async\" width=\"892\" height=\"1024\" src=\"https:\/\/popjazz.fi\/PJKits\/oppimateriaali-basso\/wp-content\/uploads\/sites\/19\/2021\/04\/alkulammittely-892x1024.png\" alt=\"\" class=\"wp-image-333\" srcset=\"https:\/\/popjazz.fi\/PJKits\/oppimateriaali-basso\/wp-content\/uploads\/sites\/19\/2021\/04\/alkulammittely-892x1024.png 892w, https:\/\/popjazz.fi\/PJKits\/oppimateriaali-basso\/wp-content\/uploads\/sites\/19\/2021\/04\/alkulammittely-261x300.png 261w, https:\/\/popjazz.fi\/PJKits\/oppimateriaali-basso\/wp-content\/uploads\/sites\/19\/2021\/04\/alkulammittely-768x882.png 768w, https:\/\/popjazz.fi\/PJKits\/oppimateriaali-basso\/wp-content\/uploads\/sites\/19\/2021\/04\/alkulammittely-1338x1536.png 1338w, https:\/\/popjazz.fi\/PJKits\/oppimateriaali-basso\/wp-content\/uploads\/sites\/19\/2021\/04\/alkulammittely-1784x2048.png 1784w, https:\/\/popjazz.fi\/PJKits\/oppimateriaali-basso\/wp-content\/uploads\/sites\/19\/2021\/04\/alkulammittely-1200x1378.png 1200w\" sizes=\"auto, (max-width: 709px) 85vw, (max-width: 909px) 67vw, (max-width: 1362px) 62vw, 840px\" \/><\/figure>\n\n\n\n<p><\/p>\n\n\n\n<p class=\"has-medium-font-size\">Katso my\u00f6s:<\/p>\n\n\n<style><\/style><div class=\"wplp_outside wplp_widget_273\" style=\"max-width:100%;\"><span class=\"wpcu_block_title\">Alkul\u00e4mmittely OT<\/span><div id=\"wplp_widget_273\" class=\"wplp_widget_default wplp_container vertical swiper wplp-swiper default cols3\" data-theme=\"default\" data-post=\"273\" style=\"\" data-max-elts=\"5\" data-per-page=\"10\"><div class=\"wplp_listposts swiper-wrapper\" id=\"default_273\" style=\"width: 100%;\" ><div class=\"swiper-slide\" style=\"\"><div class=\"insideframe\"><div id=\"wplp_box_top_273_822\" class=\"wpcu-front-box top equalHeightImg\" ><div class=\"wplp-box-item\"><a href=\"https:\/\/popjazz.fi\/PJKits\/basso\/basso-oppimistavoitevideot\/instrumentin-hallinta\/v-xii-asemien-aanet\/\"  class=\"thumbnail\"><span class=\"img_cropper\" style=\"width:150px;height:150px;margin-right:4px;margin-bottom:4px;max-width:100%;\"><img decoding=\"async\" src=\"https:\/\/popjazz.fi\/PJKits\/oppimateriaali-basso\/wp-content\/uploads\/sites\/4\/2020\/02\/bs_ic_material_product_icon_192pxxxhdpi-150x150.png\" style=\"position: absolute;top: 50%;margin-top: -75px;aspect-ratio:4\/3;\" srcset=\"\" alt=\"V-XII asemien \u00e4\u00e4net\" class=\"wplp_thumb\" \/><\/span><\/a><a href=\"https:\/\/popjazz.fi\/PJKits\/basso\/basso-oppimistavoitevideot\/instrumentin-hallinta\/v-xii-asemien-aanet\/\"  class=\"title\">V-XII asemien \u00e4\u00e4net<\/a><\/div><\/div><div id=\"wplp_box_left_273_822\" class=\"wpcu-front-box left wpcu-custom-position\" ><div class=\"wplp-box-item\"><\/div><\/div><div id=\"wplp_box_right_273_822\" class=\"wpcu-front-box right wpcu-custom-position\" ><div class=\"wplp-box-item\"><\/div><\/div><div id=\"wplp_box_bottom_273_822\" class=\"wpcu-front-box bottom \" ><div class=\"wplp-box-item\"><span class=\"date\">20.1.2020<\/span><span class=\"text\"><span style=\"max-height:2.8em\" class=\"line_limit\">Kun otek\u00e4si on asemoitu otelaudelle niin, ett\u00e4 jokainen sormi soittaa \u00e4\u00e4nen aina yhden nauhav\u00e4lin kohdalta, otek\u00e4den asema ilmoitetaan sen mukaan monennenko nauhan kohdalla otek\u00e4den etusormi on.I -asemassa otek\u00e4den etusormi on ensimm\u00e4isell\u00e4 nauhav\u00e4lin kohdalla, keskisormi toisen, nimet\u00f6n kolmannen ja pikkusormi nelj\u00e4nnen.II -asemassa otelautak\u00e4si siirty yhden nauhav\u00e4lin verran tallaan p\u00e4in, jolloin etusormi on toisen nauhav\u00e4lin kohdalla, keskisormi kolmannen nimet\u00f6n nelj\u00e4nnen ja pikkusormi on viidenen, ja niin edelleen.V-XII asemien \u00e4\u00e4net ovat \u00e4\u00e4ni\u00e4, jotka sis\u00e4ltyv\u00e4t ko. asemien kohtaan basson kaulalla\n\n\n\nVideo\n\n\n\n\n\n\n\n\n\n\n\nKatso my\u00f6s:<\/span><span style=\"margin-left:3px; max-height:2.8em\" class=\"line_limit\"> [...]<\/span><\/span><span class=\"custom_fields\">\n<!-- WPLP Unknown field: Custom_Fields -->\n<\/span><\/div><\/div><\/div><\/div><div class=\"swiper-slide\" style=\"\"><div class=\"insideframe\"><div id=\"wplp_box_top_273_817\" class=\"wpcu-front-box top equalHeightImg\" ><div class=\"wplp-box-item\"><a href=\"https:\/\/popjazz.fi\/PJKits\/basso\/basso-oppimistavoitevideot\/instrumentin-hallinta\/i-v-asemien-aanet-ja-soitto\/\"  class=\"thumbnail\"><span class=\"img_cropper\" style=\"width:150px;height:150px;margin-right:4px;margin-bottom:4px;max-width:100%;\"><img decoding=\"async\" src=\"https:\/\/popjazz.fi\/PJKits\/oppimateriaali-basso\/wp-content\/uploads\/sites\/4\/2020\/02\/bs_ic_material_product_icon_192pxxxhdpi-150x150.png\" style=\"position: absolute;top: 50%;margin-top: -75px;aspect-ratio:4\/3;\" srcset=\"\" alt=\"I-V asemien \u00e4\u00e4net ja soitto\" class=\"wplp_thumb\" \/><\/span><\/a><a href=\"https:\/\/popjazz.fi\/PJKits\/basso\/basso-oppimistavoitevideot\/instrumentin-hallinta\/i-v-asemien-aanet-ja-soitto\/\"  class=\"title\">I-V asemien \u00e4\u00e4net ja soitto<\/a><\/div><\/div><div id=\"wplp_box_left_273_817\" class=\"wpcu-front-box left wpcu-custom-position\" ><div class=\"wplp-box-item\"><\/div><\/div><div id=\"wplp_box_right_273_817\" class=\"wpcu-front-box right wpcu-custom-position\" ><div class=\"wplp-box-item\"><\/div><\/div><div id=\"wplp_box_bottom_273_817\" class=\"wpcu-front-box bottom \" ><div class=\"wplp-box-item\"><span class=\"date\">20.1.2020<\/span><span class=\"text\"><span style=\"max-height:2.8em\" class=\"line_limit\">Asemat\n\n\n\nKun otek\u00e4si on asemoitu otelaudelle niin, ett\u00e4 jokainen sormi soittaa \u00e4\u00e4nen aina yhden nauhav\u00e4lin kohdalta, otek\u00e4den asema ilmoitetaan sen mukaan monennenko nauhan kohdalla otek\u00e4den etusormi on.\n\n\n\nI -asemassa otek\u00e4den etusormi on ensimm\u00e4isell\u00e4 nauhav\u00e4lin kohdalla, keskisormi toisen, nimet\u00f6n kolmannen ja pikkusormi nelj\u00e4nnen.\n\n\n\nII -asemassa otelautak\u00e4si siirty yhden nauhav\u00e4lin verran tallaan p\u00e4in, jolloin etusormi on toisen nauhav\u00e4lin kohdalla, keskisormi kolmannen, nimet\u00f6n nelj\u00e4nnen ja pikkusormi on viidenen, ja niin edelleen.\n\n\n\nSoitto\n\n\n\nEri asemista soittoa yhdistell\u00e4\u00e4n liikuttamalla otelautak\u00e4tt\u00e4 asemasta toiseen riippuen kappaleessa soitettavista \u00e4\u00e4nist\u00e4 ja niiden sijainnista otelaudalla. L\u00e4ht\u00f6kohtaisesti pyrit\u00e4\u00e4n pieniin ja ergonomisesti hyviin liikeratoihin, mutta  aina l\u00e4hin \u00e4\u00e4ni ei v\u00e4ltt\u00e4m\u00e4tt\u00e4 ole kappaleen luonteen ja halutun soundin kannalta paras. T\u00e4ll\u00f6in voidaan joutua liikkumaan kaulalla usean aseman v\u00e4lill\u00e4, ett\u00e4 soundi ja fraseeraus on halutun kaltainen. \n\n\n\nVideo\n\n\n\n\n\nSama riffi I ja V -asemasta\n\n\n\n\n\n\n\n\n\n\n\nKatso my\u00f6s:<\/span><span style=\"margin-left:3px; max-height:2.8em\" class=\"line_limit\"> [...]<\/span><\/span><span class=\"custom_fields\">\n<!-- WPLP Unknown field: Custom_Fields -->\n<\/span><\/div><\/div><\/div><\/div><div class=\"swiper-slide\" style=\"\"><div class=\"insideframe\"><div id=\"wplp_box_top_273_41\" class=\"wpcu-front-box top equalHeightImg\" ><div class=\"wplp-box-item\"><a href=\"https:\/\/popjazz.fi\/PJKits\/basso\/basso-oppimistavoitevideot\/instrumentin-hallinta\/nappaavan-kaden-vuorosormitekniikka\/\"  class=\"thumbnail\"><span class=\"img_cropper\" style=\"width:150px;height:150px;margin-right:4px;margin-bottom:4px;max-width:100%;\"><img decoding=\"async\" src=\"https:\/\/popjazz.fi\/PJKits\/oppimateriaali-basso\/wp-content\/uploads\/sites\/4\/2020\/02\/bs_ic_material_product_icon_192pxxxhdpi-150x150.png\" style=\"position: absolute;top: 50%;margin-top: -75px;aspect-ratio:4\/3;\" srcset=\"\" alt=\"N\u00e4pp\u00e4\u00e4v\u00e4n k\u00e4den vuorosormitekniikka\" class=\"wplp_thumb\" \/><\/span><\/a><a href=\"https:\/\/popjazz.fi\/PJKits\/basso\/basso-oppimistavoitevideot\/instrumentin-hallinta\/nappaavan-kaden-vuorosormitekniikka\/\"  class=\"title\">N\u00e4pp\u00e4\u00e4v\u00e4n k\u00e4den vuorosormitekniikka<\/a><\/div><\/div><div id=\"wplp_box_left_273_41\" class=\"wpcu-front-box left wpcu-custom-position\" ><div class=\"wplp-box-item\"><\/div><\/div><div id=\"wplp_box_right_273_41\" class=\"wpcu-front-box right wpcu-custom-position\" ><div class=\"wplp-box-item\"><\/div><\/div><div id=\"wplp_box_bottom_273_41\" class=\"wpcu-front-box bottom \" ><div class=\"wplp-box-item\"><span class=\"date\">22.9.2019<\/span><span class=\"text\"><span style=\"max-height:2.8em\" class=\"line_limit\">Perinteisin tapa soittaa s\u00e4hk\u00f6bassoa on k\u00e4ytt\u00e4\u00e4 kielen n\u00e4pp\u00e4\u00e4miseen etu- ja keskisormea, peukalon ollessa samaan aikaan tuettuna mikrofonin tai erillisen peukalotuen p\u00e4\u00e4lle.\n\n\n\nNs. vuorosormitekniikka tarkoittaa sit\u00e4, ett\u00e4 etu- ja keskisormi n\u00e4pp\u00e4\u00e4v\u00e4t kielt\u00e4 vuorotellen.\n\n\n\nVideo \n\n\n\n\n\n\n\n\n\n\n\n\n\nKatso my\u00f6s:<\/span><span style=\"margin-left:3px; max-height:2.8em\" class=\"line_limit\"> [...]<\/span><\/span><span class=\"custom_fields\">\n<!-- WPLP Unknown field: Custom_Fields -->\n<\/span><\/div><\/div><\/div><\/div><div class=\"swiper-slide\" style=\"\"><div class=\"insideframe\"><div id=\"wplp_box_top_273_31\" class=\"wpcu-front-box top equalHeightImg\" ><div class=\"wplp-box-item\"><a href=\"https:\/\/popjazz.fi\/PJKits\/basso\/basso-oppimistavoitevideot\/instrumentin-hallinta\/otekaden-perussormitus\/\"  class=\"thumbnail\"><span class=\"img_cropper\" style=\"width:150px;height:150px;margin-right:4px;margin-bottom:4px;max-width:100%;\"><img decoding=\"async\" src=\"https:\/\/popjazz.fi\/PJKits\/oppimateriaali-basso\/wp-content\/uploads\/sites\/4\/2020\/02\/bs_ic_material_product_icon_192pxxxhdpi-150x150.png\" style=\"position: absolute;top: 50%;margin-top: -75px;aspect-ratio:4\/3;\" srcset=\"\" alt=\"Otek\u00e4den perussormitus\" class=\"wplp_thumb\" \/><\/span><\/a><a href=\"https:\/\/popjazz.fi\/PJKits\/basso\/basso-oppimistavoitevideot\/instrumentin-hallinta\/otekaden-perussormitus\/\"  class=\"title\">Otek\u00e4den perussormitus<\/a><\/div><\/div><div id=\"wplp_box_left_273_31\" class=\"wpcu-front-box left wpcu-custom-position\" ><div class=\"wplp-box-item\"><\/div><\/div><div id=\"wplp_box_right_273_31\" class=\"wpcu-front-box right wpcu-custom-position\" ><div class=\"wplp-box-item\"><\/div><\/div><div id=\"wplp_box_bottom_273_31\" class=\"wpcu-front-box bottom \" ><div class=\"wplp-box-item\"><span class=\"date\">22.9.2019<\/span><span class=\"text\"><span style=\"max-height:2.8em\" class=\"line_limit\">S\u00e4hk\u00f6basson kaula on jaettu nauhoilla eri s\u00e4veliin. Haluttu s\u00e4vele soitetaan painamalla kielt\u00e4 otelautaa vasten n\u00e4iden nauhojen v\u00e4leist\u00e4. Kielen painamista voidaan helpottaa painamalla kielt\u00e4 mahdollisimman l\u00e4helt\u00e4 nauhaa. Lis\u00e4ksi otetta tuetaan painamalla peukalolla kaulan vastakkaiselta puolelta. \n\n\n\nVideo\n\n\n\n\n\n\n\n\n\n\n\n\n\nKatso my\u00f6s:<\/span><span style=\"margin-left:3px; max-height:2.8em\" class=\"line_limit\"> [...]<\/span><\/span><span class=\"custom_fields\">\n<!-- WPLP Unknown field: Custom_Fields -->\n<\/span><\/div><\/div><\/div><\/div><div class=\"swiper-slide\" style=\"\"><div class=\"insideframe\"><div id=\"wplp_box_top_273_33\" class=\"wpcu-front-box top equalHeightImg\" ><div class=\"wplp-box-item\"><a href=\"https:\/\/popjazz.fi\/PJKits\/basso\/basso-oppimistavoitevideot\/instrumentin-hallinta\/soittoasento-seisten-istuen\/\"  class=\"thumbnail\"><span class=\"img_cropper\" style=\"width:150px;height:150px;margin-right:4px;margin-bottom:4px;max-width:100%;\"><img decoding=\"async\" src=\"https:\/\/popjazz.fi\/PJKits\/oppimateriaali-basso\/wp-content\/uploads\/sites\/4\/2020\/02\/bs_ic_material_product_icon_192pxxxhdpi-150x150.png\" style=\"position: absolute;top: 50%;margin-top: -75px;aspect-ratio:4\/3;\" srcset=\"\" alt=\"Soittoasento istuen\/seisten\" class=\"wplp_thumb\" \/><\/span><\/a><a href=\"https:\/\/popjazz.fi\/PJKits\/basso\/basso-oppimistavoitevideot\/instrumentin-hallinta\/soittoasento-seisten-istuen\/\"  class=\"title\">Soittoasento istuen\/seisten<\/a><\/div><\/div><div id=\"wplp_box_left_273_33\" class=\"wpcu-front-box left wpcu-custom-position\" ><div class=\"wplp-box-item\"><\/div><\/div><div id=\"wplp_box_right_273_33\" class=\"wpcu-front-box right wpcu-custom-position\" ><div class=\"wplp-box-item\"><\/div><\/div><div id=\"wplp_box_bottom_273_33\" class=\"wpcu-front-box bottom \" ><div class=\"wplp-box-item\"><span class=\"date\">22.9.2019<\/span><span class=\"text\"><span style=\"max-height:2.8em\" class=\"line_limit\">Ergonominen soittoasento on t\u00e4rke\u00e4. Soittoasennon merkitys korostuu soiton mielekkyyden ja oppimisen helpottumisen lis\u00e4ksi my\u00f6s merkitt\u00e4v\u00e4sti pienemp\u00e4n\u00e4 riskin\u00e4 saada rasitusvammoja\n\n\n\nVideo\n\n\n\n\n\n\n\n\n\n\n\n\n\nKatso my\u00f6s:<\/span><span style=\"margin-left:3px; max-height:2.8em\" class=\"line_limit\"> [...]<\/span><\/span><span class=\"custom_fields\">\n<!-- WPLP Unknown field: Custom_Fields -->\n<\/span><\/div><\/div><\/div><\/div><\/div><div class=\"swiper-button-next\"><\/div><div class=\"swiper-button-prev\"><\/div><div class=\"swiper-pagination\"><\/div><\/div><\/div>\n\n\n<style><\/style><div class=\"wplp_outside wplp_widget_275\" style=\"max-width:100%;\"><span class=\"wpcu_block_title\">Alkul\u00e4mmittely OM<\/span><div id=\"wplp_widget_275\" class=\"wplp_widget_default wplp_container vertical swiper wplp-swiper default cols3\" data-theme=\"default\" data-post=\"275\" style=\"\" data-max-elts=\"4\" data-per-page=\"10\"><div class=\"wplp_listposts swiper-wrapper\" id=\"default_275\" style=\"width: 100%;\" ><div class=\"swiper-slide\" style=\"\"><div class=\"insideframe\"><div id=\"wplp_box_top_275_171\" class=\"wpcu-front-box top equalHeightImg\" ><div class=\"wplp-box-item\"><a href=\"https:\/\/popjazz.fi\/PJKits\/oppimateriaali-basso\/oppimateriaali\/e\/ensimmaisen-aseman-soitto\/\"  class=\"thumbnail\"><span class=\"img_cropper\" style=\"width:150px;height:150px;margin-right:4px;margin-bottom:4px;max-width:100%;\"><img decoding=\"async\" src=\"https:\/\/popjazz.fi\/PJKits\/oppimateriaali-basso\/wp-content\/uploads\/sites\/19\/2020\/05\/bs_ic_material_product_icon_192pxxxhdpi-150x150.png\" style=\"position: absolute;top: 50%;margin-top: -75px;aspect-ratio:4\/3;\" srcset=\"\" alt=\"Ensimm\u00e4isen aseman soitto\" class=\"wplp_thumb\" \/><\/span><\/a><a href=\"https:\/\/popjazz.fi\/PJKits\/oppimateriaali-basso\/oppimateriaali\/e\/ensimmaisen-aseman-soitto\/\"  class=\"title\">Ensimm\u00e4isen aseman soitto<\/a><\/div><\/div><div id=\"wplp_box_left_275_171\" class=\"wpcu-front-box left wpcu-custom-position\" ><div class=\"wplp-box-item\"><\/div><\/div><div id=\"wplp_box_right_275_171\" class=\"wpcu-front-box right wpcu-custom-position\" ><div class=\"wplp-box-item\"><\/div><\/div><div id=\"wplp_box_bottom_275_171\" class=\"wpcu-front-box bottom \" ><div class=\"wplp-box-item\"><span class=\"date\">20.4.2021<\/span><span class=\"text\"><span style=\"max-height:2.8em\" class=\"line_limit\">Mik\u00e4li kappaleen tai esim. asteikon soittaminen tapahtuu k\u00e4ytt\u00e4en vain I &#8211; asemaa soitetaan \u00e4\u00e4ni\u00e4 ja \u00e4\u00e4nenkuljetuksia my\u00f6s vapaita kieli\u00e4 hyv\u00e4ksi k\u00e4ytt\u00e4en. T\u00e4ll\u00e4 on vaikutusta sormituksiin, sek\u00e4 my\u00f6s soundiin. Videolla esitell\u00e4\u00e4n I -aseman soitoa G -duuriasteikon kautta.\n\n\n\nVideo\n\n\n\n\n\n\n\n\n\nVideon esimerkki nuotein\n\n\n\nG  -duuri ensimm\u00e4isest\u00e4 asemasta\n\n\n\nKatso my\u00f6s:<\/span><span style=\"margin-left:3px; max-height:2.8em\" class=\"line_limit\"> [...]<\/span><\/span><span class=\"custom_fields\">\n<!-- WPLP Unknown field: Custom_Fields -->\n<\/span><\/div><\/div><\/div><\/div><div class=\"swiper-slide\" style=\"\"><div class=\"insideframe\"><div id=\"wplp_box_top_275_185\" class=\"wpcu-front-box top equalHeightImg\" ><div class=\"wplp-box-item\"><a href=\"https:\/\/popjazz.fi\/PJKits\/oppimateriaali-basso\/oppimateriaali\/o\/oktaavisoitto\/\"  class=\"thumbnail\"><span class=\"img_cropper\" style=\"width:150px;height:150px;margin-right:4px;margin-bottom:4px;max-width:100%;\"><img decoding=\"async\" src=\"https:\/\/popjazz.fi\/PJKits\/oppimateriaali-basso\/wp-content\/uploads\/sites\/19\/2020\/05\/bs_ic_material_product_icon_192pxxxhdpi-150x150.png\" style=\"position: absolute;top: 50%;margin-top: -75px;aspect-ratio:4\/3;\" srcset=\"\" alt=\"Oktaavisoitto\" class=\"wplp_thumb\" \/><\/span><\/a><a href=\"https:\/\/popjazz.fi\/PJKits\/oppimateriaali-basso\/oppimateriaali\/o\/oktaavisoitto\/\"  class=\"title\">Oktaavisoitto<\/a><\/div><\/div><div id=\"wplp_box_left_275_185\" class=\"wpcu-front-box left wpcu-custom-position\" ><div class=\"wplp-box-item\"><\/div><\/div><div id=\"wplp_box_right_275_185\" class=\"wpcu-front-box right wpcu-custom-position\" ><div class=\"wplp-box-item\"><\/div><\/div><div id=\"wplp_box_bottom_275_185\" class=\"wpcu-front-box bottom \" ><div class=\"wplp-box-item\"><span class=\"date\">20.4.2021<\/span><span class=\"text\"><span style=\"max-height:2.8em\" class=\"line_limit\">Oktaavi on yksi tunnistettavimmista ja  samalla yksi raskaimmista intervalleista soittaa. Esimerkiksi &#8221;70ish diskon&#8221; tunnusomaisimmista soundeista oli  oktaavi\u00e4\u00e4nill\u00e4 soitettu kahdeksasosa bassolinja. \n\n\n\nVideolla k\u00e4yd\u00e4\u00e4n l\u00e4pi oktaavisoittoon liittyvi\u00e4 huomioita otek\u00e4den asennoista, sek\u00e4 tehd\u00e4\u00e4n oktaavisoittoharjoitus G -duuri asteikolla ja rytmipyramidilla.\n\n\n\nVideo \n\n\n\n\n\n\n\n\n\nVideoesimerkin pohjana k\u00e4ytett\u00e4v\u00e4 G -duuriasteikko nuotein\n\n\n\n\n\n\n\n\n\n\n\nKatso my\u00f6s:<\/span><span style=\"margin-left:3px; max-height:2.8em\" class=\"line_limit\"> [...]<\/span><\/span><span class=\"custom_fields\">\n<!-- WPLP Unknown field: Custom_Fields -->\n<\/span><\/div><\/div><\/div><\/div><div class=\"swiper-slide\" style=\"\"><div class=\"insideframe\"><div id=\"wplp_box_top_275_187\" class=\"wpcu-front-box top equalHeightImg\" ><div class=\"wplp-box-item\"><a href=\"https:\/\/popjazz.fi\/PJKits\/oppimateriaali-basso\/oppimateriaali\/r\/rytmipyramidi\/\"  class=\"thumbnail\"><span class=\"img_cropper\" style=\"width:150px;height:150px;margin-right:4px;margin-bottom:4px;max-width:100%;\"><img decoding=\"async\" src=\"https:\/\/popjazz.fi\/PJKits\/oppimateriaali-basso\/wp-content\/uploads\/sites\/19\/2020\/05\/bs_ic_material_product_icon_192pxxxhdpi-150x150.png\" style=\"position: absolute;top: 50%;margin-top: -75px;aspect-ratio:4\/3;\" srcset=\"\" alt=\"Rytmipyramidi\" class=\"wplp_thumb\" \/><\/span><\/a><a href=\"https:\/\/popjazz.fi\/PJKits\/oppimateriaali-basso\/oppimateriaali\/r\/rytmipyramidi\/\"  class=\"title\">Rytmipyramidi<\/a><\/div><\/div><div id=\"wplp_box_left_275_187\" class=\"wpcu-front-box left wpcu-custom-position\" ><div class=\"wplp-box-item\"><\/div><\/div><div id=\"wplp_box_right_275_187\" class=\"wpcu-front-box right wpcu-custom-position\" ><div class=\"wplp-box-item\"><\/div><\/div><div id=\"wplp_box_bottom_275_187\" class=\"wpcu-front-box bottom \" ><div class=\"wplp-box-item\"><span class=\"date\">20.4.2021<\/span><span class=\"text\"><span style=\"max-height:2.8em\" class=\"line_limit\">Rytmipyramidi on harjoitus jossa \u00e4\u00e4neten aika-arvoja tihennet\u00e4\u00e4n tempon pysyess\u00e4 samana. Videolla tehd\u00e4\u00e4n molempien k\u00e4sien rytmipyramidiharjoitus D luonnollisella mollilla.\n\n\n\nVideon harjoitus l\u00f6ytyy nuotinnettuna videon alapuolelta\n\n\n\nVideo\n\n\n\n\n\n\n\n\n\nRytmipyramidiharjoitus n\u00e4pp\u00e4\u00e4v\u00e4ll\u00e4 k\u00e4dell\u00e4\n\n\n\n\n\n\n\nRytmipyramidiharjoitus molemmilla k\u00e4sill\u00e4\n\n\n\n\n\n\n\nKatso my\u00f6s:<\/span><span style=\"margin-left:3px; max-height:2.8em\" class=\"line_limit\"> [...]<\/span><\/span><span class=\"custom_fields\">\n<!-- WPLP Unknown field: Custom_Fields -->\n<\/span><\/div><\/div><\/div><\/div><div class=\"swiper-slide\" style=\"\"><div class=\"insideframe\"><div id=\"wplp_box_top_275_192\" class=\"wpcu-front-box top equalHeightImg\" ><div class=\"wplp-box-item\"><a href=\"https:\/\/popjazz.fi\/PJKits\/oppimateriaali-basso\/oppimateriaali\/v-w\/vuorosormitus-ja-sen-poikkeukset-1-aanenkuljetus-ohuelta-kielelta-paksummalle\/\"  class=\"thumbnail\"><span class=\"img_cropper\" style=\"width:150px;height:150px;margin-right:4px;margin-bottom:4px;max-width:100%;\"><img decoding=\"async\" src=\"https:\/\/popjazz.fi\/PJKits\/oppimateriaali-basso\/wp-content\/uploads\/sites\/19\/2020\/05\/bs_ic_material_product_icon_192pxxxhdpi-150x150.png\" style=\"position: absolute;top: 50%;margin-top: -75px;aspect-ratio:4\/3;\" srcset=\"\" alt=\"Vuorosormitus ja sen poikkeukset 1: \u00e4\u00e4nenkuljetus ohuelta kielelt\u00e4 paksummalle\" class=\"wplp_thumb\" \/><\/span><\/a><a href=\"https:\/\/popjazz.fi\/PJKits\/oppimateriaali-basso\/oppimateriaali\/v-w\/vuorosormitus-ja-sen-poikkeukset-1-aanenkuljetus-ohuelta-kielelta-paksummalle\/\"  class=\"title\">Vuorosormitus ja sen poikkeukset 1: \u00e4\u00e4nenkuljetus ohuelta kielelt\u00e4 paksummalle<\/a><\/div><\/div><div id=\"wplp_box_left_275_192\" class=\"wpcu-front-box left wpcu-custom-position\" ><div class=\"wplp-box-item\"><\/div><\/div><div id=\"wplp_box_right_275_192\" class=\"wpcu-front-box right wpcu-custom-position\" ><div class=\"wplp-box-item\"><\/div><\/div><div id=\"wplp_box_bottom_275_192\" class=\"wpcu-front-box bottom \" ><div class=\"wplp-box-item\"><span class=\"date\">20.4.2021<\/span><span class=\"text\"><span style=\"max-height:2.8em\" class=\"line_limit\">Vuorosormitus on (n\u00e4pp\u00e4\u00e4v\u00e4n k\u00e4den etu- ja keskisormella) on yleisimpi\u00e4 tapoja n\u00e4p\u00e4t\u00e4 kieli soimaan. Sujuva vuorosormitus on my\u00f6s ergonomisesti hyv\u00e4  ja tehokas tapa soittaa. Joskus vuorosormitus ei v\u00e4ltt\u00e4m\u00e4tt\u00e4 ole kuitenkaan se paras tapa.\n\n\n\nVideolla k\u00e4yd\u00e4\u00e4n l\u00e4pi tilannen jossa \u00e4\u00e4nenkuljetus ohuemmalta kielelt\u00e4 paksummalle samalla kielt\u00e4 n\u00e4pp\u00e4\u00e4v\u00e4ll\u00e4 sormella saattaa joskus olla parempi vaihtoehto kuin j\u00e4rjestelm\u00e4llinen vuorosomitus.\n\n\n\nMit\u00e4\u00e4n t\u00e4ydellist\u00e4 &#8221;oikeaa ja v\u00e4\u00e4r\u00e4\u00e4&#8221; ei ole, vaan sormitusvaihtoehtoihin vaikuttavat aina mm. kappaleen nopeus ja haluttu soundi. Videolla olevat esimerkit ovat vain suuntaa antavia vaihtoehtoja joita voi pohdiskella, mik\u00e4li kyseisen kaltaisissa tapauksissa kohtaa teknisi\u00e4 haasteita omassa soitossaan. My\u00f6s videolla olevat sormitukset vaihtelevat kappaleen tempon mukaan ja videon alla oleva n\u00e4pp\u00e4\u00e4v\u00e4n k\u00e4den sormitusesimerkki on vain yksi vaihtoehto. Jokaisen soittajan yksil\u00f6lliset taipumukset ja kappaleen asettamat vaatimukset muodostavat kokonaisuuden joiden mukaan soittaja tekee tilanteeseen sopivat valinnat itsen\u00e4isesti.\n\n\n\n\n\n\n\n\n\nSormitusesimerkki\n\n\n\n\n\n\n\nKatso my\u00f6s:<\/span><span style=\"margin-left:3px; max-height:2.8em\" class=\"line_limit\"> [...]<\/span><\/span><span class=\"custom_fields\">\n<!-- WPLP Unknown field: Custom_Fields -->\n<\/span><\/div><\/div><\/div><\/div><\/div><div class=\"swiper-button-next\"><\/div><div class=\"swiper-button-prev\"><\/div><div class=\"swiper-pagination\"><\/div><\/div><\/div>\n","protected":false},"excerpt":{"rendered":"<p>Hyv\u00e4 alkul\u00e4mmittely ennen varsinaista treenaamista tai esiintymist\u00e4 helpottaa varsinaista soittamista ja ehk\u00e4isee my\u00f6s fyysisten vammojen syntymist\u00e4. Videolla esitell\u00e4\u00e4n yksi tehokas alkul\u00e4mmittely, joka toimii samalla my\u00f6s hyv\u00e4n\u00e4 sormiharjoituksena. Videon alta l\u00f6yd\u00e4t sormitetun esimerkin my\u00f6s nuotteina, sek\u00e4 tabulatuureina. Video Alkul\u00e4mmittely Katso my\u00f6s:<\/p>\n","protected":false},"author":1,"featured_media":134,"parent":13,"menu_order":0,"comment_status":"closed","ping_status":"closed","template":"","meta":{"footnotes":""},"tags":[],"class_list":["post-165","page","type-page","status-publish","has-post-thumbnail","hentry"],"_links":{"self":[{"href":"https:\/\/popjazz.fi\/PJKits\/oppimateriaali-basso\/wp-json\/wp\/v2\/pages\/165","targetHints":{"allow":["GET"]}}],"collection":[{"href":"https:\/\/popjazz.fi\/PJKits\/oppimateriaali-basso\/wp-json\/wp\/v2\/pages"}],"about":[{"href":"https:\/\/popjazz.fi\/PJKits\/oppimateriaali-basso\/wp-json\/wp\/v2\/types\/page"}],"author":[{"embeddable":true,"href":"https:\/\/popjazz.fi\/PJKits\/oppimateriaali-basso\/wp-json\/wp\/v2\/users\/1"}],"replies":[{"embeddable":true,"href":"https:\/\/popjazz.fi\/PJKits\/oppimateriaali-basso\/wp-json\/wp\/v2\/comments?post=165"}],"version-history":[{"count":4,"href":"https:\/\/popjazz.fi\/PJKits\/oppimateriaali-basso\/wp-json\/wp\/v2\/pages\/165\/revisions"}],"predecessor-version":[{"id":334,"href":"https:\/\/popjazz.fi\/PJKits\/oppimateriaali-basso\/wp-json\/wp\/v2\/pages\/165\/revisions\/334"}],"up":[{"embeddable":true,"href":"https:\/\/popjazz.fi\/PJKits\/oppimateriaali-basso\/wp-json\/wp\/v2\/pages\/13"}],"wp:featuredmedia":[{"embeddable":true,"href":"https:\/\/popjazz.fi\/PJKits\/oppimateriaali-basso\/wp-json\/wp\/v2\/media\/134"}],"wp:attachment":[{"href":"https:\/\/popjazz.fi\/PJKits\/oppimateriaali-basso\/wp-json\/wp\/v2\/media?parent=165"}],"wp:term":[{"taxonomy":"post_tag","embeddable":true,"href":"https:\/\/popjazz.fi\/PJKits\/oppimateriaali-basso\/wp-json\/wp\/v2\/tags?post=165"}],"curies":[{"name":"wp","href":"https:\/\/api.w.org\/{rel}","templated":true}]}}