{"id":175,"date":"2021-04-20T14:49:25","date_gmt":"2021-04-20T11:49:25","guid":{"rendered":"https:\/\/popjazz.fi\/PJKits\/oppimateriaali-basso\/?page_id=175"},"modified":"2021-04-28T10:50:23","modified_gmt":"2021-04-28T07:50:23","slug":"tyylinmukaisten-bassolinjojen-luominen-fourbeat-ja-walking-bass","status":"publish","type":"page","link":"https:\/\/popjazz.fi\/PJKits\/oppimateriaali-basso\/oppimateriaali\/t\/tyylinmukaisten-bassolinjojen-luominen-fourbeat-ja-walking-bass\/","title":{"rendered":"Tyylinmukaisten bassolinjojen luominen osa 2: Fourbeat ja Walking bass"},"content":{"rendered":"\n<h4 class=\"wp-block-heading\">Fourbeat ja walking bass<\/h4>\n\n\n\n<p>Toisella videolla tutustaan pidemm\u00e4lle meneviin \u00e4\u00e4nenkuljetuksiin fourbeat (esim. suffle, blues, old time rock\u00b4n\u00b4n roll) ja walking bass (esim. jazz) tyylien kautta. <\/p>\n\n\n\n<p>Esimerkkien pohjana toimii ensimm\u00e4isen videon tavoin 12 tahdin rakenne ja sointukiertona G -duurin I, IV ja V aseteet, eli G, C ja D.<\/p>\n\n\n\n<h4 class=\"wp-block-heading\">Video<\/h4>\n\n\n\n<figure class=\"wp-block-embed-vimeo wp-block-embed is-type-video is-provider-vimeo wp-embed-aspect-16-9 wp-has-aspect-ratio\"><div class=\"wp-block-embed__wrapper\">\n<iframe loading=\"lazy\" src=\"https:\/\/player.vimeo.com\/video\/528237125?dnt=1&amp;app_id=122963\" width=\"840\" height=\"473\" frameborder=\"0\" allow=\"autoplay; fullscreen; picture-in-picture\" allowfullscreen><\/iframe>\n<\/div><\/figure>\n\n\n\n<p><strong>Videoesimerkiss\u00e4 k\u00e4ytetty sointukierto<\/strong><\/p>\n\n\n\n<figure class=\"wp-block-image size-large\"><img loading=\"lazy\" decoding=\"async\" width=\"1024\" height=\"295\" src=\"https:\/\/popjazz.fi\/PJKits\/oppimateriaali-basso\/wp-content\/uploads\/sites\/19\/2021\/04\/four-walk-sointupohja_0002-1024x295.png\" alt=\"\" class=\"wp-image-370\" srcset=\"https:\/\/popjazz.fi\/PJKits\/oppimateriaali-basso\/wp-content\/uploads\/sites\/19\/2021\/04\/four-walk-sointupohja_0002-1024x295.png 1024w, https:\/\/popjazz.fi\/PJKits\/oppimateriaali-basso\/wp-content\/uploads\/sites\/19\/2021\/04\/four-walk-sointupohja_0002-300x87.png 300w, https:\/\/popjazz.fi\/PJKits\/oppimateriaali-basso\/wp-content\/uploads\/sites\/19\/2021\/04\/four-walk-sointupohja_0002-768x222.png 768w, https:\/\/popjazz.fi\/PJKits\/oppimateriaali-basso\/wp-content\/uploads\/sites\/19\/2021\/04\/four-walk-sointupohja_0002-1536x443.png 1536w, https:\/\/popjazz.fi\/PJKits\/oppimateriaali-basso\/wp-content\/uploads\/sites\/19\/2021\/04\/four-walk-sointupohja_0002-2048x591.png 2048w, https:\/\/popjazz.fi\/PJKits\/oppimateriaali-basso\/wp-content\/uploads\/sites\/19\/2021\/04\/four-walk-sointupohja_0002-1200x346.png 1200w\" sizes=\"auto, (max-width: 709px) 85vw, (max-width: 909px) 67vw, (max-width: 1362px) 62vw, 840px\" \/><\/figure>\n\n\n\n<p><\/p>\n\n\n\n<p class=\"has-medium-font-size\">Katso my\u00f6s: <\/p>\n\n\n<style><\/style><div class=\"wplp_outside wplp_widget_313\" style=\"max-width:100%;\"><span class=\"wpcu_block_title\">Tyylinmukaisten bassolinjojen luominen: Fourbeat ja Walking bass OT<\/span><div id=\"wplp_widget_313\" class=\"wplp_widget_default wplp_container vertical swiper wplp-swiper default cols3\" data-theme=\"default\" data-post=\"313\" style=\"\" data-max-elts=\"3\" data-per-page=\"10\"><div class=\"wplp_listposts swiper-wrapper\" id=\"default_313\" style=\"width: 100%;\" ><div class=\"swiper-slide\" style=\"\"><div class=\"insideframe\"><div id=\"wplp_box_top_313_378\" class=\"wpcu-front-box top equalHeightImg\" ><div class=\"wplp-box-item\"><a href=\"https:\/\/popjazz.fi\/PJKits\/basso\/basso-oppimistavoitevideot\/rytmi-ja-muotorakenteet\/four-beat-saestysrytmi\/\"  class=\"thumbnail\"><span class=\"img_cropper\" style=\"width:150px;height:150px;margin-right:4px;margin-bottom:4px;max-width:100%;\"><img decoding=\"async\" src=\"https:\/\/popjazz.fi\/PJKits\/oppimateriaali-basso\/wp-content\/uploads\/sites\/4\/2020\/02\/bs_ic_material_product_icon_192pxxxhdpi-150x150.png\" style=\"position: absolute;top: 50%;margin-top: -75px;aspect-ratio:4\/3;\" srcset=\"\" alt=\"Four\u00a0beat -s\u00e4estysrytmi\" class=\"wplp_thumb\" \/><\/span><\/a><a href=\"https:\/\/popjazz.fi\/PJKits\/basso\/basso-oppimistavoitevideot\/rytmi-ja-muotorakenteet\/four-beat-saestysrytmi\/\"  class=\"title\">Four\u00a0beat -s\u00e4estysrytmi<\/a><\/div><\/div><div id=\"wplp_box_left_313_378\" class=\"wpcu-front-box left wpcu-custom-position\" ><div class=\"wplp-box-item\"><\/div><\/div><div id=\"wplp_box_right_313_378\" class=\"wpcu-front-box right wpcu-custom-position\" ><div class=\"wplp-box-item\"><\/div><\/div><div id=\"wplp_box_bottom_313_378\" class=\"wpcu-front-box bottom \" ><div class=\"wplp-box-item\"><span class=\"date\">6.10.2019<\/span><span class=\"text\"><span style=\"max-height:2.8em\" class=\"line_limit\">Four beat s\u00e4estysrytmiss\u00e4 soitetaan nelj\u00e4sosia kappaleen perussykkeen mukaan. Four beat kompin fraseeraus m\u00e4\u00e4rittyy soitettavan kappaleen tyylilajin, tempon ja sovituksen mukaisesti.\n\n\n\nVideo\n\n\n\n\n\n\n\n\n\nFour beat esimerkki 1\n\n\n\n\n\n\n\nFour beat esimerkki 2\n\n\n\n\n\n\n\n\n\n\n\nKatso my\u00f6s:<\/span><span style=\"margin-left:3px; max-height:2.8em\" class=\"line_limit\"> [...]<\/span><\/span><span class=\"custom_fields\">\n<!-- WPLP Unknown field: Custom_Fields -->\n<\/span><\/div><\/div><\/div><\/div><div class=\"swiper-slide\" style=\"\"><div class=\"insideframe\"><div id=\"wplp_box_top_313_399\" class=\"wpcu-front-box top equalHeightImg\" ><div class=\"wplp-box-item\"><a href=\"https:\/\/popjazz.fi\/PJKits\/basso\/basso-oppimistavoitevideot\/melodia-ja-improvisointi\/walking-bass-tekniikka\/\"  class=\"thumbnail\"><span class=\"img_cropper\" style=\"width:150px;height:150px;margin-right:4px;margin-bottom:4px;max-width:100%;\"><img decoding=\"async\" src=\"https:\/\/popjazz.fi\/PJKits\/oppimateriaali-basso\/wp-content\/uploads\/sites\/4\/2020\/02\/bs_ic_material_product_icon_192pxxxhdpi-150x150.png\" style=\"position: absolute;top: 50%;margin-top: -75px;aspect-ratio:4\/3;\" srcset=\"\" alt=\"Walking bass -tekniikka\" class=\"wplp_thumb\" \/><\/span><\/a><a href=\"https:\/\/popjazz.fi\/PJKits\/basso\/basso-oppimistavoitevideot\/melodia-ja-improvisointi\/walking-bass-tekniikka\/\"  class=\"title\">Walking bass -tekniikka<\/a><\/div><\/div><div id=\"wplp_box_left_313_399\" class=\"wpcu-front-box left wpcu-custom-position\" ><div class=\"wplp-box-item\"><\/div><\/div><div id=\"wplp_box_right_313_399\" class=\"wpcu-front-box right wpcu-custom-position\" ><div class=\"wplp-box-item\"><\/div><\/div><div id=\"wplp_box_bottom_313_399\" class=\"wpcu-front-box bottom \" ><div class=\"wplp-box-item\"><span class=\"date\">6.10.2019<\/span><span class=\"text\"><span style=\"max-height:2.8em\" class=\"line_limit\">Walking bass on erityisesti jazzissa swing ja bebop tyyleiss\u00e4 tyypillinen s\u00e4estystapa, mutta sen juuret l\u00f6ytyv\u00e4t my\u00f6s monesta muusta musiikkityylist\u00e4, esimerkiksi Rock\u00b4n\u00b4Roll ja blues musiikista. Se ilmaisee samaan aikaan sek\u00e4 rytmi\u00e4, ett\u00e4 harmoniaa luoden samalla s\u00e4est\u00e4v\u00e4\u00e4 melodiaa kappaleen p\u00e4\u00e4melodian rinnalle. Walking bass on yleens\u00e4 per\u00e4tt\u00e4isist\u00e4 nelj\u00e4sosista koostuva linja, joka s\u00e4velill\u00e4\u00e4n ilment\u00e4\u00e4 sointuja ja niiden vaihdoksia. Siksi sointujen, sek\u00e4 niiden laajennusten tunteminen onkin olennainen taito walking bass-linjoja soitettaessa.\n\n\n\nSointujen tuntemisen lis\u00e4ksi bassolinjan muodostamiseen vaikuttavat my\u00f6s kappaleen s\u00e4vellaji ja sointuihin liittyv\u00e4t asteikot, sek\u00e4 kromaattiset ja tonaaliset liikkeet sointus\u00e4veliin. Walking bass -soiton voidaankin sanoa olevan jo itsess\u00e4\u00e4n pitk\u00e4lle viety\u00e4improvisointia.\n\n\n\nVideo\n\n\n\n\n\n\n\n\n\nVideon walking bass -esimerkki:\n\n\n\n\n\n\n\n\n\n\n\nKatso my\u00f6s:<\/span><span style=\"margin-left:3px; max-height:2.8em\" class=\"line_limit\"> [...]<\/span><\/span><span class=\"custom_fields\">\n<!-- WPLP Unknown field: Custom_Fields -->\n<\/span><\/div><\/div><\/div><\/div><div class=\"swiper-slide\" style=\"\"><div class=\"insideframe\"><div id=\"wplp_box_top_313_1072\" class=\"wpcu-front-box top equalHeightImg\" ><div class=\"wplp-box-item\"><a href=\"https:\/\/popjazz.fi\/PJKits\/basso\/basso-oppimistavoitevideot\/melodia-ja-improvisointi\/two-four-beat-saestys\/\"  class=\"thumbnail\"><span class=\"img_cropper\" style=\"width:150px;height:150px;margin-right:4px;margin-bottom:4px;max-width:100%;\"><img decoding=\"async\" src=\"https:\/\/popjazz.fi\/PJKits\/oppimateriaali-basso\/wp-content\/uploads\/sites\/4\/2020\/02\/bs_ic_material_product_icon_192pxxxhdpi-150x150.png\" style=\"position: absolute;top: 50%;margin-top: -75px;aspect-ratio:4\/3;\" srcset=\"\" alt=\"Two\/four beat -s\u00e4estys\" class=\"wplp_thumb\" \/><\/span><\/a><a href=\"https:\/\/popjazz.fi\/PJKits\/basso\/basso-oppimistavoitevideot\/melodia-ja-improvisointi\/two-four-beat-saestys\/\"  class=\"title\">Two\/four beat -s\u00e4estys<\/a><\/div><\/div><div id=\"wplp_box_left_313_1072\" class=\"wpcu-front-box left wpcu-custom-position\" ><div class=\"wplp-box-item\"><\/div><\/div><div id=\"wplp_box_right_313_1072\" class=\"wpcu-front-box right wpcu-custom-position\" ><div class=\"wplp-box-item\"><\/div><\/div><div id=\"wplp_box_bottom_313_1072\" class=\"wpcu-front-box bottom \" ><div class=\"wplp-box-item\"><span class=\"date\">21.1.2020<\/span><span class=\"text\"><span style=\"max-height:2.8em\" class=\"line_limit\">Two beat, eli kahteen ja four beat, eli nelj\u00e4\u00e4n ovat erityisesti jazz musiikissa tyypillisi\u00e4 s\u00e4estysrytmej\u00e4. Molemmissa s\u00e4estysrytmeiss\u00e4 s\u00e4velet perustuvat sointus\u00e4veliin, sek\u00e4 niiden l\u00e4himpiin asteikoihin. \n\n\n\nS\u00e4estysrymien ja harmonian lis\u00e4ksi  improvisoinnissa noudatetaan yleens\u00e4 my\u00f6s kappaleen muotorakennetta. T\u00e4st\u00e4 poikkeuksena esimerkiksi free-jazz, jossa saatetaan jopa tarkoituksellisesti rikkoa muotorakennetta.  \n\n\n\nVideo\n\n\n\n\n\n\n\n\n\nKatso my\u00f6s:<\/span><span style=\"margin-left:3px; max-height:2.8em\" class=\"line_limit\"> [...]<\/span><\/span><span class=\"custom_fields\">\n<!-- WPLP Unknown field: Custom_Fields -->\n<\/span><\/div><\/div><\/div><\/div><\/div><div class=\"swiper-button-next\"><\/div><div class=\"swiper-button-prev\"><\/div><div class=\"swiper-pagination\"><\/div><\/div><\/div>\n\n\n<style><\/style><div class=\"wplp_outside wplp_widget_314\" style=\"max-width:100%;\"><span class=\"wpcu_block_title\">Tyylinmukaisten bassolinjojen luominen: Fourbeat ja Walking bass OM<\/span><div id=\"wplp_widget_314\" class=\"wplp_widget_default wplp_container vertical swiper wplp-swiper default cols3\" data-theme=\"default\" data-post=\"314\" style=\"\" data-max-elts=\"4\" data-per-page=\"10\"><div class=\"wplp_listposts swiper-wrapper\" id=\"default_314\" style=\"width: 100%;\" ><div class=\"swiper-slide\" style=\"\"><div class=\"insideframe\"><div id=\"wplp_box_top_314_158\" class=\"wpcu-front-box top equalHeightImg\" ><div class=\"wplp-box-item\"><a href=\"https:\/\/popjazz.fi\/PJKits\/oppimateriaali-basso\/oppimateriaali\/t\/tyylinmukaiset-bassolinjat\/\"  class=\"thumbnail\"><span class=\"img_cropper\" style=\"width:150px;height:150px;margin-right:4px;margin-bottom:4px;max-width:100%;\"><img decoding=\"async\" src=\"https:\/\/popjazz.fi\/PJKits\/oppimateriaali-basso\/wp-content\/uploads\/sites\/19\/2020\/05\/bs_ic_material_product_icon_192pxxxhdpi-150x150.png\" style=\"position: absolute;top: 50%;margin-top: -75px;aspect-ratio:4\/3;\" srcset=\"\" alt=\"Tyylinmukaisten bassolinjojen luominen osa 1: S\u00e4estys sointujen p\u00e4\u00e4s\u00e4velten ymp\u00e4rille\" class=\"wplp_thumb\" \/><\/span><\/a><a href=\"https:\/\/popjazz.fi\/PJKits\/oppimateriaali-basso\/oppimateriaali\/t\/tyylinmukaiset-bassolinjat\/\"  class=\"title\">Tyylinmukaisten bassolinjojen luominen osa 1: S\u00e4estys sointujen p\u00e4\u00e4s\u00e4velten ymp\u00e4rille<\/a><\/div><\/div><div id=\"wplp_box_left_314_158\" class=\"wpcu-front-box left wpcu-custom-position\" ><div class=\"wplp-box-item\"><\/div><\/div><div id=\"wplp_box_right_314_158\" class=\"wpcu-front-box right wpcu-custom-position\" ><div class=\"wplp-box-item\"><\/div><\/div><div id=\"wplp_box_bottom_314_158\" class=\"wpcu-front-box bottom \" ><div class=\"wplp-box-item\"><span class=\"date\">20.4.2021<\/span><span class=\"text\"><span style=\"max-height:2.8em\" class=\"line_limit\">Tyylinmukainen s\u00e4estys sointujen p\u00e4\u00e4s\u00e4velten ymp\u00e4rille\n\n\n\nEnsimm\u00e4isell\u00e4 videolla esitell\u00e4\u00e4n kolmen eri tyylilajin rytmisi\u00e4 ja \u00e4\u00e4nenkuljetuksellisia variaatioita sointujen p\u00e4\u00e4s\u00e4velten ymp\u00e4rille. \n\n\n\nTyylijajeina ovat beat, ns. suora 8-osa rock, sek\u00e4 latinalaisamerikkalainen bossanova\/hidas samba. Esimerkkien pohjana toimii 12 tahdin rakenne ja sointukiertona F -duurin I, IV ja V aseteet, eli F, Bb ja C. \n\n\n\nVideo\n\n\n\n\n\n\n\n\n\n\n\n\n\n\n\n\n\nKatso my\u00f6s:<\/span><span style=\"margin-left:3px; max-height:2.8em\" class=\"line_limit\"> [...]<\/span><\/span><span class=\"custom_fields\">\n<!-- WPLP Unknown field: Custom_Fields -->\n<\/span><\/div><\/div><\/div><\/div><div class=\"swiper-slide\" style=\"\"><div class=\"insideframe\"><div id=\"wplp_box_top_314_169\" class=\"wpcu-front-box top equalHeightImg\" ><div class=\"wplp-box-item\"><a href=\"https:\/\/popjazz.fi\/PJKits\/oppimateriaali-basso\/oppimateriaali\/g\/goove-svengi-kolmimuunteisuuden-maara\/\"  class=\"thumbnail\"><span class=\"img_cropper\" style=\"width:150px;height:150px;margin-right:4px;margin-bottom:4px;max-width:100%;\"><img decoding=\"async\" src=\"https:\/\/popjazz.fi\/PJKits\/oppimateriaali-basso\/wp-content\/uploads\/sites\/19\/2020\/05\/bs_ic_material_product_icon_192pxxxhdpi-150x150.png\" style=\"position: absolute;top: 50%;margin-top: -75px;aspect-ratio:4\/3;\" srcset=\"\" alt=\"Groove\/svengi osa 2: kolmimuunteisuuden m\u00e4\u00e4r\u00e4\" class=\"wplp_thumb\" \/><\/span><\/a><a href=\"https:\/\/popjazz.fi\/PJKits\/oppimateriaali-basso\/oppimateriaali\/g\/goove-svengi-kolmimuunteisuuden-maara\/\"  class=\"title\">Groove\/svengi osa 2: kolmimuunteisuuden m\u00e4\u00e4r\u00e4<\/a><\/div><\/div><div id=\"wplp_box_left_314_169\" class=\"wpcu-front-box left wpcu-custom-position\" ><div class=\"wplp-box-item\"><\/div><\/div><div id=\"wplp_box_right_314_169\" class=\"wpcu-front-box right wpcu-custom-position\" ><div class=\"wplp-box-item\"><\/div><\/div><div id=\"wplp_box_bottom_314_169\" class=\"wpcu-front-box bottom \" ><div class=\"wplp-box-item\"><span class=\"date\">20.4.2021<\/span><span class=\"text\"><span style=\"max-height:2.8em\" class=\"line_limit\">Groove ja svengi ovat termej\u00e4, jotka puhekieless\u00e4 k\u00e4yt\u00e4nn\u00f6ss\u00e4 tarkoittavat samaa asiaa, varsinaisen merkityksen kuitenkin muuttuessa riippuen mm. soitettavasta tyylijaljista. Yleinen k\u00e4sitys groovesta\/svengist\u00e4 on &#8221;tunne vahvasta ja menev\u00e4st\u00e4 rytmist\u00e4&#8221;. Poikkeuksia t\u00e4ss\u00e4kin on, esim. eri metallimusiikin groovet saattavat olla tarkoituksellisesti raskaita ja &#8221;j\u00e4ykki\u00e4&#8221;, jolla alleviivataan musiikin muuta sis\u00e4lt\u00f6\u00e4. \n\n\n\nTyylinmukainen groove\/svengi vaatii aina my\u00f6s itse tyyliin tutustumista ja omaksumista. Monet tyylisidonnaiset goovek\u00e4sitykset omaksuukin vasta pitk\u00e4llisen soittokokemuksen kautta.\n\n\n\nKOLMIMUUNTEISUUS\n\n\n\nGroove\/svengi -osion toisessa videossa harjoitellaan hallitsemaan rytmien kolmimuunteisuuden m\u00e4\u00e4r\u00e4\u00e4. Esimerkkin\u00e4 swing ja even 8ths rytmiikoiden eroista k\u00e4yd\u00e4\u00e4n l\u00e4pi reaggae -tyylin avulla.\n\n\n\nVideo\n\n\n\n\n\n\n\n\n\nVideon harjoitus nuotein\n\n\n\n\n\n\n\nKatso my\u00f6s:<\/span><span style=\"margin-left:3px; max-height:2.8em\" class=\"line_limit\"> [...]<\/span><\/span><span class=\"custom_fields\">\n<!-- WPLP Unknown field: Custom_Fields -->\n<\/span><\/div><\/div><\/div><\/div><div class=\"swiper-slide\" style=\"\"><div class=\"insideframe\"><div id=\"wplp_box_top_314_177\" class=\"wpcu-front-box top equalHeightImg\" ><div class=\"wplp-box-item\"><a href=\"https:\/\/popjazz.fi\/PJKits\/oppimateriaali-basso\/oppimateriaali\/t\/tyylinmukaisten-bassolinjojen-luominen-aanenkuljetuksena-kolmisoinnut-ja-johtavat-savelet\/\"  class=\"thumbnail\"><span class=\"img_cropper\" style=\"width:150px;height:150px;margin-right:4px;margin-bottom:4px;max-width:100%;\"><img decoding=\"async\" src=\"https:\/\/popjazz.fi\/PJKits\/oppimateriaali-basso\/wp-content\/uploads\/sites\/19\/2020\/05\/bs_ic_material_product_icon_192pxxxhdpi-150x150.png\" style=\"position: absolute;top: 50%;margin-top: -75px;aspect-ratio:4\/3;\" srcset=\"\" alt=\"Tyylinmukaisten bassolinjojen luominen osa 3: \u00c4\u00e4nenkuljetuksena kolmisoinnut ja johtavat s\u00e4velet\" class=\"wplp_thumb\" \/><\/span><\/a><a href=\"https:\/\/popjazz.fi\/PJKits\/oppimateriaali-basso\/oppimateriaali\/t\/tyylinmukaisten-bassolinjojen-luominen-aanenkuljetuksena-kolmisoinnut-ja-johtavat-savelet\/\"  class=\"title\">Tyylinmukaisten bassolinjojen luominen osa 3: \u00c4\u00e4nenkuljetuksena kolmisoinnut ja johtavat s\u00e4velet<\/a><\/div><\/div><div id=\"wplp_box_left_314_177\" class=\"wpcu-front-box left wpcu-custom-position\" ><div class=\"wplp-box-item\"><\/div><\/div><div id=\"wplp_box_right_314_177\" class=\"wpcu-front-box right wpcu-custom-position\" ><div class=\"wplp-box-item\"><\/div><\/div><div id=\"wplp_box_bottom_314_177\" class=\"wpcu-front-box bottom \" ><div class=\"wplp-box-item\"><span class=\"date\">20.4.2021<\/span><span class=\"text\"><span style=\"max-height:2.8em\" class=\"line_limit\">Itsen\u00e4isten bassolinjojen luomiseen tarvitaan hyv\u00e4\u00e4 soittimen hallintaa ja sointujen tuntemista. Videolla k\u00e4yd\u00e4\u00e4n l\u00e4pi duuri- ja mollikolmisointujen p\u00e4\u00e4s\u00e4velille  johtavien s\u00e4veltelten harjoitus. Harjoituksessa k\u00e4ytetty s\u00e4vellaji on G\n\n\n\nVideo\n\n\n\n\n\n\n\n\n\nVideoesimerkin harjoitus nuotinnettuna\n\n\n\n\n\n\n\nKatso my\u00f6s:<\/span><span style=\"margin-left:3px; max-height:2.8em\" class=\"line_limit\"> [...]<\/span><\/span><span class=\"custom_fields\">\n<!-- WPLP Unknown field: Custom_Fields -->\n<\/span><\/div><\/div><\/div><\/div><div class=\"swiper-slide\" style=\"\"><div class=\"insideframe\"><div id=\"wplp_box_top_314_179\" class=\"wpcu-front-box top equalHeightImg\" ><div class=\"wplp-box-item\"><a href=\"https:\/\/popjazz.fi\/PJKits\/oppimateriaali-basso\/oppimateriaali\/k\/kappaleen-sisainen-dynamiikka-ja-osien-taitteet\/\"  class=\"thumbnail\"><span class=\"img_cropper\" style=\"width:150px;height:150px;margin-right:4px;margin-bottom:4px;max-width:100%;\"><img decoding=\"async\" src=\"https:\/\/popjazz.fi\/PJKits\/oppimateriaali-basso\/wp-content\/uploads\/sites\/19\/2020\/05\/bs_ic_material_product_icon_192pxxxhdpi-150x150.png\" style=\"position: absolute;top: 50%;margin-top: -75px;aspect-ratio:4\/3;\" srcset=\"\" alt=\"Kappaleen sis\u00e4inen dynamiikka ja osien v\u00e4liset taitteet\" class=\"wplp_thumb\" \/><\/span><\/a><a href=\"https:\/\/popjazz.fi\/PJKits\/oppimateriaali-basso\/oppimateriaali\/k\/kappaleen-sisainen-dynamiikka-ja-osien-taitteet\/\"  class=\"title\">Kappaleen sis\u00e4inen dynamiikka ja osien v\u00e4liset taitteet<\/a><\/div><\/div><div id=\"wplp_box_left_314_179\" class=\"wpcu-front-box left wpcu-custom-position\" ><div class=\"wplp-box-item\"><\/div><\/div><div id=\"wplp_box_right_314_179\" class=\"wpcu-front-box right wpcu-custom-position\" ><div class=\"wplp-box-item\"><\/div><\/div><div id=\"wplp_box_bottom_314_179\" class=\"wpcu-front-box bottom \" ><div class=\"wplp-box-item\"><span class=\"date\">20.4.2021<\/span><span class=\"text\"><span style=\"max-height:2.8em\" class=\"line_limit\">Videolla k\u00e4yd\u00e4\u00e4n l\u00e4pi \u00e4\u00e4nen pituuksien ja \u00e4\u00e4nenkuljetuksen merkityst\u00e4 kappaleen dynamiikkaan ja eri osien v\u00e4lisiin taitteisiin. \n\n\n\nVideo\n\n\n\n\n\n\n\n\n\nVideon esimerkki nuotein\n\n\n\n\n\n\n\nKatso my\u00f6s:<\/span><span style=\"margin-left:3px; max-height:2.8em\" class=\"line_limit\"> [...]<\/span><\/span><span class=\"custom_fields\">\n<!-- WPLP Unknown field: Custom_Fields -->\n<\/span><\/div><\/div><\/div><\/div><\/div><div class=\"swiper-button-next\"><\/div><div class=\"swiper-button-prev\"><\/div><div class=\"swiper-pagination\"><\/div><\/div><\/div>\n","protected":false},"excerpt":{"rendered":"<p>Fourbeat ja walking bass Toisella videolla tutustaan pidemm\u00e4lle meneviin \u00e4\u00e4nenkuljetuksiin fourbeat (esim. suffle, blues, old time rock\u00b4n\u00b4n roll) ja walking bass (esim. jazz) tyylien kautta. Esimerkkien pohjana toimii ensimm\u00e4isen videon tavoin 12 tahdin rakenne ja sointukiertona G -duurin I, IV ja V aseteet, eli G, C ja D. Video Videoesimerkiss\u00e4 k\u00e4ytetty sointukierto Katso my\u00f6s:<\/p>\n","protected":false},"author":1,"featured_media":134,"parent":51,"menu_order":0,"comment_status":"closed","ping_status":"closed","template":"","meta":{"footnotes":""},"tags":[],"class_list":["post-175","page","type-page","status-publish","has-post-thumbnail","hentry"],"_links":{"self":[{"href":"https:\/\/popjazz.fi\/PJKits\/oppimateriaali-basso\/wp-json\/wp\/v2\/pages\/175","targetHints":{"allow":["GET"]}}],"collection":[{"href":"https:\/\/popjazz.fi\/PJKits\/oppimateriaali-basso\/wp-json\/wp\/v2\/pages"}],"about":[{"href":"https:\/\/popjazz.fi\/PJKits\/oppimateriaali-basso\/wp-json\/wp\/v2\/types\/page"}],"author":[{"embeddable":true,"href":"https:\/\/popjazz.fi\/PJKits\/oppimateriaali-basso\/wp-json\/wp\/v2\/users\/1"}],"replies":[{"embeddable":true,"href":"https:\/\/popjazz.fi\/PJKits\/oppimateriaali-basso\/wp-json\/wp\/v2\/comments?post=175"}],"version-history":[{"count":6,"href":"https:\/\/popjazz.fi\/PJKits\/oppimateriaali-basso\/wp-json\/wp\/v2\/pages\/175\/revisions"}],"predecessor-version":[{"id":397,"href":"https:\/\/popjazz.fi\/PJKits\/oppimateriaali-basso\/wp-json\/wp\/v2\/pages\/175\/revisions\/397"}],"up":[{"embeddable":true,"href":"https:\/\/popjazz.fi\/PJKits\/oppimateriaali-basso\/wp-json\/wp\/v2\/pages\/51"}],"wp:featuredmedia":[{"embeddable":true,"href":"https:\/\/popjazz.fi\/PJKits\/oppimateriaali-basso\/wp-json\/wp\/v2\/media\/134"}],"wp:attachment":[{"href":"https:\/\/popjazz.fi\/PJKits\/oppimateriaali-basso\/wp-json\/wp\/v2\/media?parent=175"}],"wp:term":[{"taxonomy":"post_tag","embeddable":true,"href":"https:\/\/popjazz.fi\/PJKits\/oppimateriaali-basso\/wp-json\/wp\/v2\/tags?post=175"}],"curies":[{"name":"wp","href":"https:\/\/api.w.org\/{rel}","templated":true}]}}