{"id":177,"date":"2021-04-20T14:54:15","date_gmt":"2021-04-20T11:54:15","guid":{"rendered":"https:\/\/popjazz.fi\/PJKits\/oppimateriaali-basso\/?page_id=177"},"modified":"2021-04-28T10:50:38","modified_gmt":"2021-04-28T07:50:38","slug":"tyylinmukaisten-bassolinjojen-luominen-aanenkuljetuksena-kolmisoinnut-ja-johtavat-savelet","status":"publish","type":"page","link":"https:\/\/popjazz.fi\/PJKits\/oppimateriaali-basso\/oppimateriaali\/t\/tyylinmukaisten-bassolinjojen-luominen-aanenkuljetuksena-kolmisoinnut-ja-johtavat-savelet\/","title":{"rendered":"Tyylinmukaisten bassolinjojen luominen osa 3: \u00c4\u00e4nenkuljetuksena kolmisoinnut ja johtavat s\u00e4velet"},"content":{"rendered":"\n<p>Itsen\u00e4isten bassolinjojen luomiseen tarvitaan hyv\u00e4\u00e4 soittimen hallintaa ja sointujen tuntemista. Videolla k\u00e4yd\u00e4\u00e4n l\u00e4pi duuri- ja mollikolmisointujen p\u00e4\u00e4s\u00e4velille  johtavien s\u00e4veltelten harjoitus. Harjoituksessa k\u00e4ytetty s\u00e4vellaji on G<\/p>\n\n\n\n<h4 class=\"wp-block-heading\">Video<\/h4>\n\n\n\n<figure class=\"wp-block-embed-vimeo wp-block-embed is-type-video is-provider-vimeo wp-embed-aspect-16-9 wp-has-aspect-ratio\"><div class=\"wp-block-embed__wrapper\">\n<iframe loading=\"lazy\" src=\"https:\/\/player.vimeo.com\/video\/528233607?dnt=1&amp;app_id=122963\" width=\"840\" height=\"473\" frameborder=\"0\" allow=\"autoplay; fullscreen; picture-in-picture\" allowfullscreen><\/iframe>\n<\/div><\/figure>\n\n\n\n<p><strong>Videoesimerkin harjoitus nuotinnettuna<\/strong><\/p>\n\n\n\n<figure class=\"wp-block-image size-large\"><img loading=\"lazy\" decoding=\"async\" width=\"871\" height=\"1024\" src=\"https:\/\/popjazz.fi\/PJKits\/oppimateriaali-basso\/wp-content\/uploads\/sites\/19\/2021\/04\/johtavatsavelet-871x1024.png\" alt=\"\" class=\"wp-image-376\" srcset=\"https:\/\/popjazz.fi\/PJKits\/oppimateriaali-basso\/wp-content\/uploads\/sites\/19\/2021\/04\/johtavatsavelet-871x1024.png 871w, https:\/\/popjazz.fi\/PJKits\/oppimateriaali-basso\/wp-content\/uploads\/sites\/19\/2021\/04\/johtavatsavelet-255x300.png 255w, https:\/\/popjazz.fi\/PJKits\/oppimateriaali-basso\/wp-content\/uploads\/sites\/19\/2021\/04\/johtavatsavelet-768x903.png 768w, https:\/\/popjazz.fi\/PJKits\/oppimateriaali-basso\/wp-content\/uploads\/sites\/19\/2021\/04\/johtavatsavelet-1306x1536.png 1306w, https:\/\/popjazz.fi\/PJKits\/oppimateriaali-basso\/wp-content\/uploads\/sites\/19\/2021\/04\/johtavatsavelet-1741x2048.png 1741w, https:\/\/popjazz.fi\/PJKits\/oppimateriaali-basso\/wp-content\/uploads\/sites\/19\/2021\/04\/johtavatsavelet-1200x1412.png 1200w\" sizes=\"auto, (max-width: 709px) 85vw, (max-width: 909px) 67vw, (max-width: 1362px) 62vw, 840px\" \/><\/figure>\n\n\n\n<p class=\"has-medium-font-size\">Katso my\u00f6s:<\/p>\n\n\n<style><\/style><div class=\"wplp_outside wplp_widget_321\" style=\"max-width:100%;\"><span class=\"wpcu_block_title\">Tyylinmukaisten bassolinjojen luominen: \u00c4\u00e4nenkuljetuksena kolmisoinnut ja johtavat s\u00e4velet OT<\/span><div id=\"wplp_widget_321\" class=\"wplp_widget_default wplp_container vertical swiper wplp-swiper default cols3\" data-theme=\"default\" data-post=\"321\" style=\"\" data-max-elts=\"4\" data-per-page=\"10\"><div class=\"wplp_listposts swiper-wrapper\" id=\"default_321\" style=\"width: 100%;\" ><div class=\"swiper-slide\" style=\"\"><div class=\"insideframe\"><div id=\"wplp_box_top_321_912\" class=\"wpcu-front-box top equalHeightImg\" ><div class=\"wplp-box-item\"><a href=\"https:\/\/popjazz.fi\/PJKits\/basso\/basso-oppimistavoitevideot\/harmonia\/jazzmolliasteikon-kaikki-sointuasteet-nelisoinnuin\/\"  class=\"thumbnail\"><span class=\"img_cropper\" style=\"width:150px;height:150px;margin-right:4px;margin-bottom:4px;max-width:100%;\"><img decoding=\"async\" src=\"https:\/\/popjazz.fi\/PJKits\/oppimateriaali-basso\/wp-content\/uploads\/sites\/4\/2020\/02\/bs_ic_material_product_icon_192pxxxhdpi-150x150.png\" style=\"position: absolute;top: 50%;margin-top: -75px;aspect-ratio:4\/3;\" srcset=\"\" alt=\"Jazzmolliasteikon kaikki sointuasteet nelisoinnuin\" class=\"wplp_thumb\" \/><\/span><\/a><a href=\"https:\/\/popjazz.fi\/PJKits\/basso\/basso-oppimistavoitevideot\/harmonia\/jazzmolliasteikon-kaikki-sointuasteet-nelisoinnuin\/\"  class=\"title\">Jazzmolliasteikon kaikki sointuasteet nelisoinnuin<\/a><\/div><\/div><div id=\"wplp_box_left_321_912\" class=\"wpcu-front-box left wpcu-custom-position\" ><div class=\"wplp-box-item\"><\/div><\/div><div id=\"wplp_box_right_321_912\" class=\"wpcu-front-box right wpcu-custom-position\" ><div class=\"wplp-box-item\"><\/div><\/div><div id=\"wplp_box_bottom_321_912\" class=\"wpcu-front-box bottom \" ><div class=\"wplp-box-item\"><span class=\"date\">20.1.2020<\/span><span class=\"text\"><span style=\"max-height:2.8em\" class=\"line_limit\">Jazzmolliasteikon sointuasteet tarkoittavat molliasteikon eri s\u00e4velilt\u00e4 soitettavia sointuja. Esimerkiss\u00e4 A-harmonisessa mollissa A s\u00e4vel on 1. aste, B s\u00e4vel on 2. aste, C s\u00e4vel on 3. aste jne.Nelisointu muodostuu samalla tavoin kuin kolmisointu, johon lis\u00e4t\u00e4\u00e4n my\u00f6s soinnun 4. s\u00e4vel, eli kyseisen asteikon 7. s\u00e4vel. Nelisoinnussa soivat siis asteikon 1. 3. 5. ja 7. s\u00e4vel. Soinnun laadun m\u00e4\u00e4rittelee soinnun 3. (duuri tai molli) sek\u00e4 7. (dominantti vai toonika). Jazzmollissa 1. asteen laatu on mmaj7\n\n\n\nJokaiselta sointuasteelta voidaan my\u00f6s muodostaa oma asteikko k\u00e4ytt\u00e4en pohjana olevan harmonisen molliasteikon s\u00e4veli\u00e4 aloittaen ko. molliasteikon eri asteilta. Kun muodostuneista asteikoista soitetaan joka toinen s\u00e4vel, syntyy ko. sointuasteen sointu. Esimerkkin\u00e4 A -jazzmolliasteikon sointuasteet.\n\n\n\n\n\n\n\nVideo\n\n\n\n\n\nJazzmollin sointuasteet nelisoinnuin\n\n\n\n\n\n\n\nKatso my\u00f6s:<\/span><span style=\"margin-left:3px; max-height:2.8em\" class=\"line_limit\"> [...]<\/span><\/span><span class=\"custom_fields\">\n<!-- WPLP Unknown field: Custom_Fields -->\n<\/span><\/div><\/div><\/div><\/div><div class=\"swiper-slide\" style=\"\"><div class=\"insideframe\"><div id=\"wplp_box_top_321_329\" class=\"wpcu-front-box top equalHeightImg\" ><div class=\"wplp-box-item\"><a href=\"https:\/\/popjazz.fi\/PJKits\/basso\/basso-oppimistavoitevideot\/harmonia\/harmonisen-mollin-sointuasteet-kolmisoinnuin\/\"  class=\"thumbnail\"><span class=\"img_cropper\" style=\"width:150px;height:150px;margin-right:4px;margin-bottom:4px;max-width:100%;\"><img decoding=\"async\" src=\"https:\/\/popjazz.fi\/PJKits\/oppimateriaali-basso\/wp-content\/uploads\/sites\/4\/2020\/02\/bs_ic_material_product_icon_192pxxxhdpi-150x150.png\" style=\"position: absolute;top: 50%;margin-top: -75px;aspect-ratio:4\/3;\" srcset=\"\" alt=\"Harmonisen mollin sointuasteet kolmisoinnuin\" class=\"wplp_thumb\" \/><\/span><\/a><a href=\"https:\/\/popjazz.fi\/PJKits\/basso\/basso-oppimistavoitevideot\/harmonia\/harmonisen-mollin-sointuasteet-kolmisoinnuin\/\"  class=\"title\">Harmonisen mollin sointuasteet kolmisoinnuin<\/a><\/div><\/div><div id=\"wplp_box_left_321_329\" class=\"wpcu-front-box left wpcu-custom-position\" ><div class=\"wplp-box-item\"><\/div><\/div><div id=\"wplp_box_right_321_329\" class=\"wpcu-front-box right wpcu-custom-position\" ><div class=\"wplp-box-item\"><\/div><\/div><div id=\"wplp_box_bottom_321_329\" class=\"wpcu-front-box bottom \" ><div class=\"wplp-box-item\"><span class=\"date\">5.10.2019<\/span><span class=\"text\"><span style=\"max-height:2.8em\" class=\"line_limit\">Kolmisoinnut muodostuvat soittamalla asteikosta kolme s\u00e4velt\u00e4 k\u00e4ytt\u00e4en asteikon joka toista s\u00e4velt\u00e4. Kolmisointu voidaan muodostaa my\u00f6s jokaiselle asteikon s\u00e4velasteelle erikseen. T\u00e4ll\u00f6in asteikon ensimm\u00e4inen, kolmas ja viides s\u00e4vel muodostavat asteikon toonikakolmisoinnun. Asteikon toiselle asteelle muodostuva kolmisointu sis\u00e4lt\u00e4\u00e4 taas kyseisen asteikon toisen, nelj\u00e4nnen ja kuudennen s\u00e4velen, ja niin edelleen. T\u00e4ll\u00e4 tavoin saadaan jokaiselle asteelle oma kolmisointunsa, jonka sointutyyppi m\u00e4\u00e4r\u00e4ytyy asteikon mukaan.\n\n\n\nHamonisen mollin sointuasteen A -kielelt\u00e4 sormitettuna\n\n\n\n\n\n\n\nHamonisen mollin sointuasteen A ja D -kielelt\u00e4 sormitettuna\n\n\n\n\n\n\n\nVideo\n\n\n\n\n\n\n\n\n\n\n\n\n\nKatso my\u00f6s:<\/span><span style=\"margin-left:3px; max-height:2.8em\" class=\"line_limit\"> [...]<\/span><\/span><span class=\"custom_fields\">\n<!-- WPLP Unknown field: Custom_Fields -->\n<\/span><\/div><\/div><\/div><\/div><div class=\"swiper-slide\" style=\"\"><div class=\"insideframe\"><div id=\"wplp_box_top_321_327\" class=\"wpcu-front-box top equalHeightImg\" ><div class=\"wplp-box-item\"><a href=\"https:\/\/popjazz.fi\/PJKits\/basso\/basso-oppimistavoitevideot\/harmonia\/luonnollisen-mollin-sointuasteet-kolmisoinnuin\/\"  class=\"thumbnail\"><span class=\"img_cropper\" style=\"width:150px;height:150px;margin-right:4px;margin-bottom:4px;max-width:100%;\"><img decoding=\"async\" src=\"https:\/\/popjazz.fi\/PJKits\/oppimateriaali-basso\/wp-content\/uploads\/sites\/4\/2020\/02\/bs_ic_material_product_icon_192pxxxhdpi-150x150.png\" style=\"position: absolute;top: 50%;margin-top: -75px;aspect-ratio:4\/3;\" srcset=\"\" alt=\"Luonnollisen mollin sointuasteet kolmisoinnuin\" class=\"wplp_thumb\" \/><\/span><\/a><a href=\"https:\/\/popjazz.fi\/PJKits\/basso\/basso-oppimistavoitevideot\/harmonia\/luonnollisen-mollin-sointuasteet-kolmisoinnuin\/\"  class=\"title\">Luonnollisen mollin sointuasteet kolmisoinnuin<\/a><\/div><\/div><div id=\"wplp_box_left_321_327\" class=\"wpcu-front-box left wpcu-custom-position\" ><div class=\"wplp-box-item\"><\/div><\/div><div id=\"wplp_box_right_321_327\" class=\"wpcu-front-box right wpcu-custom-position\" ><div class=\"wplp-box-item\"><\/div><\/div><div id=\"wplp_box_bottom_321_327\" class=\"wpcu-front-box bottom \" ><div class=\"wplp-box-item\"><span class=\"date\">5.10.2019<\/span><span class=\"text\"><span style=\"max-height:2.8em\" class=\"line_limit\">Kolmisoinnut muodostuvat soittamalla asteikosta kolme s\u00e4velt\u00e4 k\u00e4ytt\u00e4en asteikon joka toista s\u00e4velt\u00e4. Kolmisointu voidaan muodostaa my\u00f6s jokaiselle asteikon s\u00e4velasteelle erikseen. T\u00e4ll\u00f6in asteikon ensimm\u00e4inen, kolmas ja viides s\u00e4vel muodostavat asteikon toonikakolmisoinnun. Asteikon toiselle asteelle muodostuva kolmisointu sis\u00e4lt\u00e4\u00e4 taas kyseisen asteikon toisen, nelj\u00e4nnen ja kuudennen s\u00e4velen, ja niin edelleen. T\u00e4ll\u00e4 tavoin saadaan jokaiselle asteelle oma kolmisointunsa, jonka sointutyyppi m\u00e4\u00e4r\u00e4ytyy asteikon mukaan.\n\n\n\nA luonnollisen mollin sointuasteet A -kielelt\u00e4 sormitettuna\n\n\n\n\n\n\n\nA luonnollisen mollin sointuasteet A  ja D -kielilt\u00e4 sormitettuna\n\n\n\n\n\n\n\nVideo\n\n\n\n\n\n\n\n\n\n\n\n\n\nKatso my\u00f6s:<\/span><span style=\"margin-left:3px; max-height:2.8em\" class=\"line_limit\"> [...]<\/span><\/span><span class=\"custom_fields\">\n<!-- WPLP Unknown field: Custom_Fields -->\n<\/span><\/div><\/div><\/div><\/div><div class=\"swiper-slide\" style=\"\"><div class=\"insideframe\"><div id=\"wplp_box_top_321_325\" class=\"wpcu-front-box top equalHeightImg\" ><div class=\"wplp-box-item\"><a href=\"https:\/\/popjazz.fi\/PJKits\/basso\/basso-oppimistavoitevideot\/harmonia\/duurin-sointuasteet-kolmisoinnuin\/\"  class=\"thumbnail\"><span class=\"img_cropper\" style=\"width:150px;height:150px;margin-right:4px;margin-bottom:4px;max-width:100%;\"><img decoding=\"async\" src=\"https:\/\/popjazz.fi\/PJKits\/oppimateriaali-basso\/wp-content\/uploads\/sites\/4\/2020\/02\/bs_ic_material_product_icon_192pxxxhdpi-150x150.png\" style=\"position: absolute;top: 50%;margin-top: -75px;aspect-ratio:4\/3;\" srcset=\"\" alt=\"Duurin sointuasteet kolmisoinnuin\" class=\"wplp_thumb\" \/><\/span><\/a><a href=\"https:\/\/popjazz.fi\/PJKits\/basso\/basso-oppimistavoitevideot\/harmonia\/duurin-sointuasteet-kolmisoinnuin\/\"  class=\"title\">Duurin sointuasteet kolmisoinnuin<\/a><\/div><\/div><div id=\"wplp_box_left_321_325\" class=\"wpcu-front-box left wpcu-custom-position\" ><div class=\"wplp-box-item\"><\/div><\/div><div id=\"wplp_box_right_321_325\" class=\"wpcu-front-box right wpcu-custom-position\" ><div class=\"wplp-box-item\"><\/div><\/div><div id=\"wplp_box_bottom_321_325\" class=\"wpcu-front-box bottom \" ><div class=\"wplp-box-item\"><span class=\"date\">5.10.2019<\/span><span class=\"text\"><span style=\"max-height:2.8em\" class=\"line_limit\">Kolmisoinnut muodostuvat soittamalla asteikosta kolme s\u00e4velt\u00e4 k\u00e4ytt\u00e4en asteikon joka toista s\u00e4velt\u00e4. Kolmisointu voidaan muodostaa my\u00f6s jokaiselle asteikon s\u00e4velasteelle erikseen. T\u00e4ll\u00f6in asteikon ensimm\u00e4inen, kolmas ja viides s\u00e4vel muodostavat asteikon toonikakolmisoinnun. Asteikon toiselle asteelle muodostuva kolmisointu sis\u00e4lt\u00e4\u00e4 taas kyseisen asteikon toisen, nelj\u00e4nnen ja kuudennen s\u00e4velen, ja niin edelleen. T\u00e4ll\u00e4 tavoin saadaan jokaiselle asteelle oma kolmisointunsa, jonka sointutyyppi m\u00e4\u00e4r\u00e4ytyy asteikon mukaan.\n\n\n\nC duurin sointuasteet A &#8211; kielelt\u00e4 sormitettuna\n\n\n\n\n\n\n\nC duurin sointuasteet A ja D -kielelt\u00e4 sormitettuna\n\n\n\n\n\n\n\nVideo\n\n\n\n\n\n\n\n\n\n\n\n\n\nKatso my\u00f6s:<\/span><span style=\"margin-left:3px; max-height:2.8em\" class=\"line_limit\"> [...]<\/span><\/span><span class=\"custom_fields\">\n<!-- WPLP Unknown field: Custom_Fields -->\n<\/span><\/div><\/div><\/div><\/div><\/div><div class=\"swiper-button-next\"><\/div><div class=\"swiper-button-prev\"><\/div><div class=\"swiper-pagination\"><\/div><\/div><\/div>\n\n\n<style><\/style><div class=\"wplp_outside wplp_widget_322\" style=\"max-width:100%;\"><span class=\"wpcu_block_title\">Tyylinmukaisten bassolinjojen luominen: \u00c4\u00e4nenkuljetuksena kolmisoinnut ja johtavat s\u00e4velet OM<\/span><div id=\"wplp_widget_322\" class=\"wplp_widget_default wplp_container vertical swiper wplp-swiper default cols3\" data-theme=\"default\" data-post=\"322\" style=\"\" data-max-elts=\"3\" data-per-page=\"10\"><div class=\"wplp_listposts swiper-wrapper\" id=\"default_322\" style=\"width: 100%;\" ><div class=\"swiper-slide\" style=\"\"><div class=\"insideframe\"><div id=\"wplp_box_top_322_158\" class=\"wpcu-front-box top equalHeightImg\" ><div class=\"wplp-box-item\"><a href=\"https:\/\/popjazz.fi\/PJKits\/oppimateriaali-basso\/oppimateriaali\/t\/tyylinmukaiset-bassolinjat\/\"  class=\"thumbnail\"><span class=\"img_cropper\" style=\"width:150px;height:150px;margin-right:4px;margin-bottom:4px;max-width:100%;\"><img decoding=\"async\" src=\"https:\/\/popjazz.fi\/PJKits\/oppimateriaali-basso\/wp-content\/uploads\/sites\/19\/2020\/05\/bs_ic_material_product_icon_192pxxxhdpi-150x150.png\" style=\"position: absolute;top: 50%;margin-top: -75px;aspect-ratio:4\/3;\" srcset=\"\" alt=\"Tyylinmukaisten bassolinjojen luominen osa 1: S\u00e4estys sointujen p\u00e4\u00e4s\u00e4velten ymp\u00e4rille\" class=\"wplp_thumb\" \/><\/span><\/a><a href=\"https:\/\/popjazz.fi\/PJKits\/oppimateriaali-basso\/oppimateriaali\/t\/tyylinmukaiset-bassolinjat\/\"  class=\"title\">Tyylinmukaisten bassolinjojen luominen osa 1: S\u00e4estys sointujen p\u00e4\u00e4s\u00e4velten ymp\u00e4rille<\/a><\/div><\/div><div id=\"wplp_box_left_322_158\" class=\"wpcu-front-box left wpcu-custom-position\" ><div class=\"wplp-box-item\"><\/div><\/div><div id=\"wplp_box_right_322_158\" class=\"wpcu-front-box right wpcu-custom-position\" ><div class=\"wplp-box-item\"><\/div><\/div><div id=\"wplp_box_bottom_322_158\" class=\"wpcu-front-box bottom \" ><div class=\"wplp-box-item\"><span class=\"date\">20.4.2021<\/span><span class=\"text\"><span style=\"max-height:2.8em\" class=\"line_limit\">Tyylinmukainen s\u00e4estys sointujen p\u00e4\u00e4s\u00e4velten ymp\u00e4rille\n\n\n\nEnsimm\u00e4isell\u00e4 videolla esitell\u00e4\u00e4n kolmen eri tyylilajin rytmisi\u00e4 ja \u00e4\u00e4nenkuljetuksellisia variaatioita sointujen p\u00e4\u00e4s\u00e4velten ymp\u00e4rille. \n\n\n\nTyylijajeina ovat beat, ns. suora 8-osa rock, sek\u00e4 latinalaisamerikkalainen bossanova\/hidas samba. Esimerkkien pohjana toimii 12 tahdin rakenne ja sointukiertona F -duurin I, IV ja V aseteet, eli F, Bb ja C. \n\n\n\nVideo\n\n\n\n\n\n\n\n\n\n\n\n\n\n\n\n\n\nKatso my\u00f6s:<\/span><span style=\"margin-left:3px; max-height:2.8em\" class=\"line_limit\"> [...]<\/span><\/span><span class=\"custom_fields\">\n<!-- WPLP Unknown field: Custom_Fields -->\n<\/span><\/div><\/div><\/div><\/div><div class=\"swiper-slide\" style=\"\"><div class=\"insideframe\"><div id=\"wplp_box_top_322_167\" class=\"wpcu-front-box top equalHeightImg\" ><div class=\"wplp-box-item\"><a href=\"https:\/\/popjazz.fi\/PJKits\/oppimateriaali-basso\/oppimateriaali\/g\/groove-svengi-time-soitto-ja-aanten-pituus\/\"  class=\"thumbnail\"><span class=\"img_cropper\" style=\"width:150px;height:150px;margin-right:4px;margin-bottom:4px;max-width:100%;\"><img decoding=\"async\" src=\"https:\/\/popjazz.fi\/PJKits\/oppimateriaali-basso\/wp-content\/uploads\/sites\/19\/2020\/05\/bs_ic_material_product_icon_192pxxxhdpi-150x150.png\" style=\"position: absolute;top: 50%;margin-top: -75px;aspect-ratio:4\/3;\" srcset=\"\" alt=\"Groove\/svengi osa 1: Time soitto ja \u00e4\u00e4nten pituus\" class=\"wplp_thumb\" \/><\/span><\/a><a href=\"https:\/\/popjazz.fi\/PJKits\/oppimateriaali-basso\/oppimateriaali\/g\/groove-svengi-time-soitto-ja-aanten-pituus\/\"  class=\"title\">Groove\/svengi osa 1: Time soitto ja \u00e4\u00e4nten pituus<\/a><\/div><\/div><div id=\"wplp_box_left_322_167\" class=\"wpcu-front-box left wpcu-custom-position\" ><div class=\"wplp-box-item\"><\/div><\/div><div id=\"wplp_box_right_322_167\" class=\"wpcu-front-box right wpcu-custom-position\" ><div class=\"wplp-box-item\"><\/div><\/div><div id=\"wplp_box_bottom_322_167\" class=\"wpcu-front-box bottom \" ><div class=\"wplp-box-item\"><span class=\"date\">20.4.2021<\/span><span class=\"text\"><span style=\"max-height:2.8em\" class=\"line_limit\">Groove ja svengi ovat termej\u00e4, jotka puhekieless\u00e4 k\u00e4yt\u00e4nn\u00f6ss\u00e4 tarkoittavat samaa asiaa, varsinaisen merkityksen kuitenkin muuttuessa riippuen mm. soitettavasta tyylijaljista. Yleinen k\u00e4sitys groovesta\/svengist\u00e4 on &#8221;tunne vahvasta ja menev\u00e4st\u00e4 rytmist\u00e4&#8221;. Poikkeuksia t\u00e4ss\u00e4kin on, esim. eri metallimusiikin groovet saattavat olla tarkoituksellisesti raskaita ja &#8221;j\u00e4ykki\u00e4&#8221;, jolla alleviivataan musiikin muuta sis\u00e4lt\u00f6\u00e4. \n\n\n\nTyylinmukainen groove\/svengi vaatii aina my\u00f6s itse tyyliin tutustumista ja omaksumista. Monet tyylisidonnaiset goovek\u00e4sitykset omaksuukin vasta pitk\u00e4llisen soittokokemuksen kautta.\n\n\n\nTime ja \u00e4\u00e4nten pituus\n\n\n\nVideolla esitell\u00e4\u00e4n k\u00e4sitteet Time ja \u00e4\u00e4nten pituus, joilla bassolla voidaan vaikuttaa kappaleen grooven &#8221;tunteeseen&#8221;. Time kertoo \u00e4\u00e4nen syttymispisteest\u00e4 ja \u00e4\u00e4nen pituus kuinka pitk\u00e4\u00e4n \u00e4\u00e4nen annetaan soida.\n\n\n\nVideo\n\n\n\n\n\n\n\n\n\nVideoesimerkill\u00e4 k\u00e4ytetyn harjoituksen \u00e4\u00e4net nuotein\n\n\n\n\n\n\n\n\n\n\n\nKatso my\u00f6s:<\/span><span style=\"margin-left:3px; max-height:2.8em\" class=\"line_limit\"> [...]<\/span><\/span><span class=\"custom_fields\">\n<!-- WPLP Unknown field: Custom_Fields -->\n<\/span><\/div><\/div><\/div><\/div><div class=\"swiper-slide\" style=\"\"><div class=\"insideframe\"><div id=\"wplp_box_top_322_175\" class=\"wpcu-front-box top equalHeightImg\" ><div class=\"wplp-box-item\"><a href=\"https:\/\/popjazz.fi\/PJKits\/oppimateriaali-basso\/oppimateriaali\/t\/tyylinmukaisten-bassolinjojen-luominen-fourbeat-ja-walking-bass\/\"  class=\"thumbnail\"><span class=\"img_cropper\" style=\"width:150px;height:150px;margin-right:4px;margin-bottom:4px;max-width:100%;\"><img decoding=\"async\" src=\"https:\/\/popjazz.fi\/PJKits\/oppimateriaali-basso\/wp-content\/uploads\/sites\/19\/2020\/05\/bs_ic_material_product_icon_192pxxxhdpi-150x150.png\" style=\"position: absolute;top: 50%;margin-top: -75px;aspect-ratio:4\/3;\" srcset=\"\" alt=\"Tyylinmukaisten bassolinjojen luominen osa 2: Fourbeat ja Walking bass\" class=\"wplp_thumb\" \/><\/span><\/a><a href=\"https:\/\/popjazz.fi\/PJKits\/oppimateriaali-basso\/oppimateriaali\/t\/tyylinmukaisten-bassolinjojen-luominen-fourbeat-ja-walking-bass\/\"  class=\"title\">Tyylinmukaisten bassolinjojen luominen osa 2: Fourbeat ja Walking bass<\/a><\/div><\/div><div id=\"wplp_box_left_322_175\" class=\"wpcu-front-box left wpcu-custom-position\" ><div class=\"wplp-box-item\"><\/div><\/div><div id=\"wplp_box_right_322_175\" class=\"wpcu-front-box right wpcu-custom-position\" ><div class=\"wplp-box-item\"><\/div><\/div><div id=\"wplp_box_bottom_322_175\" class=\"wpcu-front-box bottom \" ><div class=\"wplp-box-item\"><span class=\"date\">20.4.2021<\/span><span class=\"text\"><span style=\"max-height:2.8em\" class=\"line_limit\">Fourbeat ja walking bass\n\n\n\nToisella videolla tutustaan pidemm\u00e4lle meneviin \u00e4\u00e4nenkuljetuksiin fourbeat (esim. suffle, blues, old time rock\u00b4n\u00b4n roll) ja walking bass (esim. jazz) tyylien kautta. \n\n\n\nEsimerkkien pohjana toimii ensimm\u00e4isen videon tavoin 12 tahdin rakenne ja sointukiertona G -duurin I, IV ja V aseteet, eli G, C ja D.\n\n\n\nVideo\n\n\n\n\n\n\n\n\n\nVideoesimerkiss\u00e4 k\u00e4ytetty sointukierto\n\n\n\n\n\n\n\n\n\n\n\nKatso my\u00f6s:<\/span><span style=\"margin-left:3px; max-height:2.8em\" class=\"line_limit\"> [...]<\/span><\/span><span class=\"custom_fields\">\n<!-- WPLP Unknown field: Custom_Fields -->\n<\/span><\/div><\/div><\/div><\/div><\/div><div class=\"swiper-button-next\"><\/div><div class=\"swiper-button-prev\"><\/div><div class=\"swiper-pagination\"><\/div><\/div><\/div>\n","protected":false},"excerpt":{"rendered":"<p>Itsen\u00e4isten bassolinjojen luomiseen tarvitaan hyv\u00e4\u00e4 soittimen hallintaa ja sointujen tuntemista. Videolla k\u00e4yd\u00e4\u00e4n l\u00e4pi duuri- ja mollikolmisointujen p\u00e4\u00e4s\u00e4velille johtavien s\u00e4veltelten harjoitus. Harjoituksessa k\u00e4ytetty s\u00e4vellaji on G Video Videoesimerkin harjoitus nuotinnettuna Katso my\u00f6s:<\/p>\n","protected":false},"author":1,"featured_media":134,"parent":51,"menu_order":0,"comment_status":"closed","ping_status":"closed","template":"","meta":{"footnotes":""},"tags":[],"class_list":["post-177","page","type-page","status-publish","has-post-thumbnail","hentry"],"_links":{"self":[{"href":"https:\/\/popjazz.fi\/PJKits\/oppimateriaali-basso\/wp-json\/wp\/v2\/pages\/177","targetHints":{"allow":["GET"]}}],"collection":[{"href":"https:\/\/popjazz.fi\/PJKits\/oppimateriaali-basso\/wp-json\/wp\/v2\/pages"}],"about":[{"href":"https:\/\/popjazz.fi\/PJKits\/oppimateriaali-basso\/wp-json\/wp\/v2\/types\/page"}],"author":[{"embeddable":true,"href":"https:\/\/popjazz.fi\/PJKits\/oppimateriaali-basso\/wp-json\/wp\/v2\/users\/1"}],"replies":[{"embeddable":true,"href":"https:\/\/popjazz.fi\/PJKits\/oppimateriaali-basso\/wp-json\/wp\/v2\/comments?post=177"}],"version-history":[{"count":8,"href":"https:\/\/popjazz.fi\/PJKits\/oppimateriaali-basso\/wp-json\/wp\/v2\/pages\/177\/revisions"}],"predecessor-version":[{"id":398,"href":"https:\/\/popjazz.fi\/PJKits\/oppimateriaali-basso\/wp-json\/wp\/v2\/pages\/177\/revisions\/398"}],"up":[{"embeddable":true,"href":"https:\/\/popjazz.fi\/PJKits\/oppimateriaali-basso\/wp-json\/wp\/v2\/pages\/51"}],"wp:featuredmedia":[{"embeddable":true,"href":"https:\/\/popjazz.fi\/PJKits\/oppimateriaali-basso\/wp-json\/wp\/v2\/media\/134"}],"wp:attachment":[{"href":"https:\/\/popjazz.fi\/PJKits\/oppimateriaali-basso\/wp-json\/wp\/v2\/media?parent=177"}],"wp:term":[{"taxonomy":"post_tag","embeddable":true,"href":"https:\/\/popjazz.fi\/PJKits\/oppimateriaali-basso\/wp-json\/wp\/v2\/tags?post=177"}],"curies":[{"name":"wp","href":"https:\/\/api.w.org\/{rel}","templated":true}]}}